{"id":9808,"date":"2025-02-26T14:45:07","date_gmt":"2025-02-26T12:45:07","guid":{"rendered":"https:\/\/gymfactory.eu\/product\/z20-slopintuvo-ginklai\/"},"modified":"2025-12-08T14:41:26","modified_gmt":"2025-12-08T12:41:26","slug":"z20-slopintuvo-ginklai","status":"publish","type":"product","link":"https:\/\/gymfactory.eu\/lt\/produktas\/z20-slopintuvo-ginklai\/","title":{"rendered":"Z20 Traukos ir st\u016bmimo rankenos"},"content":{"rendered":"<p>Z20 traukos ir st\u016bmimo rankenos \u2013 tvirti priedai, skirti tvirtinti prie suderinam\u0173 j\u0117gos r\u0117m\u0173 ir daugiafunkcin\u0117s sporto \u012frangos, \u012fskaitant <a href=\"https:\/\/gymfactory.eu\/lt\/produktas\/b8-treniruociu-stovas\/\" target=\"_blank\" rel=\"noopener\">B8 treniruo\u010di\u0173 r\u0117m\u0105<\/a>. \u0160ios rankenos leid\u017eia atlikti sprogstamuosius st\u016bmimo ir traukimo judesius fiksuotu jud\u0117jimo keliu, tod\u0117l puikiai tinka spaudimams, traukoms ir atletinio paj\u0117gumo lavinimui.<\/p>\n<p>Traukos ir st\u016bmimo rankenos praple\u010dia treniruo\u010di\u0173 galimybes ir yra nepakei\u010diamos tiek j\u0117gos, tiek sportin\u0117s formos lavinimui bet kurioje sporto sal\u0117je.<\/p>\n\n    <div class=\"xs_social_share_widget xs_share_url after_content \t\tmain_content  wslu-style-1 wslu-share-box-shaped wslu-fill-colored wslu-none wslu-share-horizontal wslu-theme-font-no wslu-main_content\">\n\n\t\t\n        <ul>\n\t\t\t        <\/ul>\n    <\/div> \n","protected":false},"excerpt":{"rendered":"<p>Z20 traukos ir st\u016bmimo rankenos \u2013 tvirti priedai, skirti tvirtinti prie suderinam\u0173 j\u0117gos r\u0117m\u0173 ir daugiafunkcin\u0117s sporto \u012frangos, \u012fskaitant B8 treniruo\u010di\u0173 r\u0117m\u0105. \u0160ios rankenos leid\u017eia atlikti sprogstamuosius st\u016bmimo ir traukimo judesius fiksuotu jud\u0117jimo keliu, tod\u0117l puikiai tinka spaudimams, traukoms ir atletinio paj\u0117gumo lavinimui. Traukos ir st\u016bmimo rankenos praple\u010dia treniruo\u010di\u0173 galimybes ir yra nepakei\u010diamos tiek j\u0117gos, [&hellip;]<\/p>\n","protected":false},"featured_media":8990,"template":"","meta":{"_acf_changed":false},"product_brand":[817],"product_cat":[418],"product_tag":[393],"class_list":{"0":"post-9808","1":"product","2":"type-product","3":"status-publish","4":"has-post-thumbnail","6":"product_brand-gym-factory-lt","7":"product_cat-treniruokliu-priedai","8":"product_tag-spalva-nera-spalvu","10":"first","11":"onbackorder","12":"taxable","13":"shipping-taxable","14":"purchasable","15":"product-type-variable"},"acf":[],"yoast_head":"<!-- This site is optimized with the Yoast SEO plugin v25.2 - https:\/\/yoast.com\/wordpress\/plugins\/seo\/ -->\n<title>&quot;Z20 Jammer Arms&quot; - universali treniruokli\u0173 sal\u0117s \u012franga j\u0117gos treniruot\u0117ms<\/title>\n<meta name=\"description\" content=\"Patobulinkite treniruotes naudodami Z20 Jammer Arms - patvari\u0105 ir reguliuojam\u0105 treniruokli\u0173 \u012frang\u0105, skirt\u0105 kontroliuojamiems ir galingiems judesiams atlikti.\" \/>\n<meta name=\"robots\" content=\"index, follow, max-snippet:-1, max-image-preview:large, max-video-preview:-1\" \/>\n<link rel=\"canonical\" href=\"https:\/\/gymfactory.eu\/lt\/produktas\/z20-slopintuvo-ginklai\/\" \/>\n<meta property=\"og:locale\" content=\"lt_LT\" \/>\n<meta property=\"og:type\" content=\"article\" \/>\n<meta property=\"og:title\" content=\"&quot;Z20 Jammer Arms&quot; - universali treniruokli\u0173 sal\u0117s \u012franga j\u0117gos treniruot\u0117ms\" \/>\n<meta property=\"og:description\" content=\"Patobulinkite treniruotes naudodami Z20 Jammer Arms - patvari\u0105 ir reguliuojam\u0105 treniruokli\u0173 \u012frang\u0105, skirt\u0105 kontroliuojamiems ir galingiems judesiams atlikti.\" \/>\n<meta property=\"og:url\" content=\"https:\/\/gymfactory.eu\/lt\/produktas\/z20-slopintuvo-ginklai\/\" \/>\n<meta property=\"og:site_name\" content=\"Gym Factory\" \/>\n<meta property=\"article:modified_time\" content=\"2025-12-08T12:41:26+00:00\" \/>\n<meta property=\"og:image\" content=\"https:\/\/gymfactory.eu\/wp-content\/uploads\/2025\/02\/gym-equipment-jammer-arms-1.webp\" \/>\n\t<meta property=\"og:image:width\" content=\"1500\" \/>\n\t<meta property=\"og:image:height\" content=\"1500\" \/>\n\t<meta property=\"og:image:type\" content=\"image\/webp\" \/>\n<meta name=\"twitter:card\" content=\"summary_large_image\" \/>\n<meta name=\"twitter:label1\" content=\"Est. reading time\" \/>\n\t<meta name=\"twitter:data1\" content=\"1 minut\u0117\" \/>\n<script type=\"application\/ld+json\" class=\"yoast-schema-graph\">{\"@context\":\"https:\/\/schema.org\",\"@graph\":[{\"@type\":\"WebPage\",\"@id\":\"https:\/\/gymfactory.eu\/lt\/produktas\/z20-slopintuvo-ginklai\/\",\"url\":\"https:\/\/gymfactory.eu\/lt\/produktas\/z20-slopintuvo-ginklai\/\",\"name\":\"\\\"Z20 Jammer Arms\\\" - universali treniruokli\u0173 sal\u0117s \u012franga j\u0117gos treniruot\u0117ms\",\"isPartOf\":{\"@id\":\"https:\/\/gymfactory.eu\/lt\/#website\"},\"primaryImageOfPage\":{\"@id\":\"https:\/\/gymfactory.eu\/lt\/produktas\/z20-slopintuvo-ginklai\/#primaryimage\"},\"image\":{\"@id\":\"https:\/\/gymfactory.eu\/lt\/produktas\/z20-slopintuvo-ginklai\/#primaryimage\"},\"thumbnailUrl\":\"https:\/\/gymfactory.eu\/wp-content\/uploads\/2025\/02\/gym-equipment-jammer-arms-1.webp\",\"datePublished\":\"2025-02-26T12:45:07+00:00\",\"dateModified\":\"2025-12-08T12:41:26+00:00\",\"description\":\"Patobulinkite treniruotes naudodami Z20 Jammer Arms - patvari\u0105 ir reguliuojam\u0105 treniruokli\u0173 \u012frang\u0105, skirt\u0105 kontroliuojamiems ir galingiems judesiams atlikti.\",\"breadcrumb\":{\"@id\":\"https:\/\/gymfactory.eu\/lt\/produktas\/z20-slopintuvo-ginklai\/#breadcrumb\"},\"inLanguage\":\"lt-LT\",\"potentialAction\":[{\"@type\":\"ReadAction\",\"target\":[\"https:\/\/gymfactory.eu\/lt\/produktas\/z20-slopintuvo-ginklai\/\"]}]},{\"@type\":\"ImageObject\",\"inLanguage\":\"lt-LT\",\"@id\":\"https:\/\/gymfactory.eu\/lt\/produktas\/z20-slopintuvo-ginklai\/#primaryimage\",\"url\":\"https:\/\/gymfactory.eu\/wp-content\/uploads\/2025\/02\/gym-equipment-jammer-arms-1.webp\",\"contentUrl\":\"https:\/\/gymfactory.eu\/wp-content\/uploads\/2025\/02\/gym-equipment-jammer-arms-1.webp\",\"width\":1500,\"height\":1500,\"caption\":\"Pora juodos spalvos sporto \u012frangos rank\u0173, skirt\u0173 tvirtinti prie j\u0117gos stovo. Tvirtos plienin\u0117s rankenos su chromuotomis rankenomis ir svori\u0173 plok\u0161\u010di\u0173 kai\u0161\u010diais u\u017etikrina saug\u0173 nustatym\u0105 kontroliuojamam spaudimui ir sprogstamiesiems j\u0117gos pratimams atlikti.\"},{\"@type\":\"BreadcrumbList\",\"@id\":\"https:\/\/gymfactory.eu\/lt\/produktas\/z20-slopintuvo-ginklai\/#breadcrumb\",\"itemListElement\":[{\"@type\":\"ListItem\",\"position\":1,\"name\":\"Pagrindinis\",\"item\":\"https:\/\/gymfactory.eu\/lt\/\"},{\"@type\":\"ListItem\",\"position\":2,\"name\":\"Katalogas\",\"item\":\"https:\/\/gymfactory.eu\/lt\/katalogas\/\"},{\"@type\":\"ListItem\",\"position\":3,\"name\":\"Z20 Traukos ir st\u016bmimo rankenos\"}]},{\"@type\":\"WebSite\",\"@id\":\"https:\/\/gymfactory.eu\/lt\/#website\",\"url\":\"https:\/\/gymfactory.eu\/lt\/\",\"name\":\"Gym Factory\",\"description\":\"\",\"publisher\":{\"@id\":\"https:\/\/gymfactory.eu\/lt\/#organization\"},\"potentialAction\":[{\"@type\":\"SearchAction\",\"target\":{\"@type\":\"EntryPoint\",\"urlTemplate\":\"https:\/\/gymfactory.eu\/lt\/?s={search_term_string}\"},\"query-input\":{\"@type\":\"PropertyValueSpecification\",\"valueRequired\":true,\"valueName\":\"search_term_string\"}}],\"inLanguage\":\"lt-LT\"},{\"@type\":\"Organization\",\"@id\":\"https:\/\/gymfactory.eu\/lt\/#organization\",\"name\":\"Sporto sal\u0117s gamykla\",\"url\":\"https:\/\/gymfactory.eu\/lt\/\",\"logo\":{\"@type\":\"ImageObject\",\"inLanguage\":\"lt-LT\",\"@id\":\"https:\/\/gymfactory.eu\/lt\/#\/schema\/logo\/image\/\",\"url\":\"https:\/\/gymfactory.eu\/wp-content\/uploads\/2024\/11\/Component-1.svg\",\"contentUrl\":\"https:\/\/gymfactory.eu\/wp-content\/uploads\/2024\/11\/Component-1.svg\",\"width\":54,\"height\":44,\"caption\":\"Sporto sal\u0117s gamykla\"},\"image\":{\"@id\":\"https:\/\/gymfactory.eu\/lt\/#\/schema\/logo\/image\/\"}}]}<\/script>\n<!-- \/ Yoast SEO plugin. -->","yoast_head_json":{"title":"\"Z20 Jammer Arms\" - universali treniruokli\u0173 sal\u0117s \u012franga j\u0117gos treniruot\u0117ms","description":"Patobulinkite treniruotes naudodami Z20 Jammer Arms - patvari\u0105 ir reguliuojam\u0105 treniruokli\u0173 \u012frang\u0105, skirt\u0105 kontroliuojamiems ir galingiems judesiams atlikti.","robots":{"index":"index","follow":"follow","max-snippet":"max-snippet:-1","max-image-preview":"max-image-preview:large","max-video-preview":"max-video-preview:-1"},"canonical":"https:\/\/gymfactory.eu\/lt\/produktas\/z20-slopintuvo-ginklai\/","og_locale":"lt_LT","og_type":"article","og_title":"\"Z20 Jammer Arms\" - universali treniruokli\u0173 sal\u0117s \u012franga j\u0117gos treniruot\u0117ms","og_description":"Patobulinkite treniruotes naudodami Z20 Jammer Arms - patvari\u0105 ir reguliuojam\u0105 treniruokli\u0173 \u012frang\u0105, skirt\u0105 kontroliuojamiems ir galingiems judesiams atlikti.","og_url":"https:\/\/gymfactory.eu\/lt\/produktas\/z20-slopintuvo-ginklai\/","og_site_name":"Gym Factory","article_modified_time":"2025-12-08T12:41:26+00:00","og_image":[{"width":1500,"height":1500,"url":"https:\/\/gymfactory.eu\/wp-content\/uploads\/2025\/02\/gym-equipment-jammer-arms-1.webp","type":"image\/webp"}],"twitter_card":"summary_large_image","twitter_misc":{"Est. reading time":"1 minut\u0117"},"schema":{"@context":"https:\/\/schema.org","@graph":[{"@type":"WebPage","@id":"https:\/\/gymfactory.eu\/lt\/produktas\/z20-slopintuvo-ginklai\/","url":"https:\/\/gymfactory.eu\/lt\/produktas\/z20-slopintuvo-ginklai\/","name":"\"Z20 Jammer Arms\" - universali treniruokli\u0173 sal\u0117s \u012franga j\u0117gos treniruot\u0117ms","isPartOf":{"@id":"https:\/\/gymfactory.eu\/lt\/#website"},"primaryImageOfPage":{"@id":"https:\/\/gymfactory.eu\/lt\/produktas\/z20-slopintuvo-ginklai\/#primaryimage"},"image":{"@id":"https:\/\/gymfactory.eu\/lt\/produktas\/z20-slopintuvo-ginklai\/#primaryimage"},"thumbnailUrl":"https:\/\/gymfactory.eu\/wp-content\/uploads\/2025\/02\/gym-equipment-jammer-arms-1.webp","datePublished":"2025-02-26T12:45:07+00:00","dateModified":"2025-12-08T12:41:26+00:00","description":"Patobulinkite treniruotes naudodami Z20 Jammer Arms - patvari\u0105 ir reguliuojam\u0105 treniruokli\u0173 \u012frang\u0105, skirt\u0105 kontroliuojamiems ir galingiems judesiams atlikti.","breadcrumb":{"@id":"https:\/\/gymfactory.eu\/lt\/produktas\/z20-slopintuvo-ginklai\/#breadcrumb"},"inLanguage":"lt-LT","potentialAction":[{"@type":"ReadAction","target":["https:\/\/gymfactory.eu\/lt\/produktas\/z20-slopintuvo-ginklai\/"]}]},{"@type":"ImageObject","inLanguage":"lt-LT","@id":"https:\/\/gymfactory.eu\/lt\/produktas\/z20-slopintuvo-ginklai\/#primaryimage","url":"https:\/\/gymfactory.eu\/wp-content\/uploads\/2025\/02\/gym-equipment-jammer-arms-1.webp","contentUrl":"https:\/\/gymfactory.eu\/wp-content\/uploads\/2025\/02\/gym-equipment-jammer-arms-1.webp","width":1500,"height":1500,"caption":"Pora juodos spalvos sporto \u012frangos rank\u0173, skirt\u0173 tvirtinti prie j\u0117gos stovo. Tvirtos plienin\u0117s rankenos su chromuotomis rankenomis ir svori\u0173 plok\u0161\u010di\u0173 kai\u0161\u010diais u\u017etikrina saug\u0173 nustatym\u0105 kontroliuojamam spaudimui ir sprogstamiesiems j\u0117gos pratimams atlikti."},{"@type":"BreadcrumbList","@id":"https:\/\/gymfactory.eu\/lt\/produktas\/z20-slopintuvo-ginklai\/#breadcrumb","itemListElement":[{"@type":"ListItem","position":1,"name":"Pagrindinis","item":"https:\/\/gymfactory.eu\/lt\/"},{"@type":"ListItem","position":2,"name":"Katalogas","item":"https:\/\/gymfactory.eu\/lt\/katalogas\/"},{"@type":"ListItem","position":3,"name":"Z20 Traukos ir st\u016bmimo rankenos"}]},{"@type":"WebSite","@id":"https:\/\/gymfactory.eu\/lt\/#website","url":"https:\/\/gymfactory.eu\/lt\/","name":"Gym Factory","description":"","publisher":{"@id":"https:\/\/gymfactory.eu\/lt\/#organization"},"potentialAction":[{"@type":"SearchAction","target":{"@type":"EntryPoint","urlTemplate":"https:\/\/gymfactory.eu\/lt\/?s={search_term_string}"},"query-input":{"@type":"PropertyValueSpecification","valueRequired":true,"valueName":"search_term_string"}}],"inLanguage":"lt-LT"},{"@type":"Organization","@id":"https:\/\/gymfactory.eu\/lt\/#organization","name":"Sporto sal\u0117s gamykla","url":"https:\/\/gymfactory.eu\/lt\/","logo":{"@type":"ImageObject","inLanguage":"lt-LT","@id":"https:\/\/gymfactory.eu\/lt\/#\/schema\/logo\/image\/","url":"https:\/\/gymfactory.eu\/wp-content\/uploads\/2024\/11\/Component-1.svg","contentUrl":"https:\/\/gymfactory.eu\/wp-content\/uploads\/2024\/11\/Component-1.svg","width":54,"height":44,"caption":"Sporto sal\u0117s gamykla"},"image":{"@id":"https:\/\/gymfactory.eu\/lt\/#\/schema\/logo\/image\/"}}]}},"_links":{"self":[{"href":"https:\/\/gymfactory.eu\/lt\/wp-json\/wp\/v2\/product\/9808","targetHints":{"allow":["GET"]}}],"collection":[{"href":"https:\/\/gymfactory.eu\/lt\/wp-json\/wp\/v2\/product"}],"about":[{"href":"https:\/\/gymfactory.eu\/lt\/wp-json\/wp\/v2\/types\/product"}],"wp:featuredmedia":[{"embeddable":true,"href":"https:\/\/gymfactory.eu\/lt\/wp-json\/wp\/v2\/media\/8990"}],"wp:attachment":[{"href":"https:\/\/gymfactory.eu\/lt\/wp-json\/wp\/v2\/media?parent=9808"}],"wp:term":[{"taxonomy":"product_brand","embeddable":true,"href":"https:\/\/gymfactory.eu\/lt\/wp-json\/wp\/v2\/product_brand?post=9808"},{"taxonomy":"product_cat","embeddable":true,"href":"https:\/\/gymfactory.eu\/lt\/wp-json\/wp\/v2\/product_cat?post=9808"},{"taxonomy":"product_tag","embeddable":true,"href":"https:\/\/gymfactory.eu\/lt\/wp-json\/wp\/v2\/product_tag?post=9808"}],"curies":[{"name":"wp","href":"https:\/\/api.w.org\/{rel}","templated":true}]}}