{"id":9806,"date":"2025-02-20T13:06:38","date_gmt":"2025-02-20T11:06:38","guid":{"rendered":"https:\/\/gymfactory.eu\/product\/z17p-step-up-platforma\/"},"modified":"2025-12-08T14:32:26","modified_gmt":"2025-12-08T12:32:26","slug":"z17p-step-up-platforma","status":"publish","type":"product","link":"https:\/\/gymfactory.eu\/lt\/produktas\/z17p-step-up-platforma\/","title":{"rendered":"Z17P Pakylos platforma"},"content":{"rendered":"<p>Z17P pakylos platforma \u2013 tvirtas priedas, skirtas tvirtinti prie suderinam\u0173 j\u0117gos r\u0117m\u0173 ar daugiafunkci\u0173 treniruo\u010di\u0173 sto\u010di\u0173. Ji suteikia stabil\u0173, pakelt\u0105 pavir\u0161i\u0173 pakilim\u0173, vienos kojos pratim\u0173 ir kit\u0173 funkcinio j\u0117gos judesi\u0173 atlikimui.<\/p>\n<p>\u0160i platforma idealiai tinka koj\u0173 j\u0117gos, pusiausvyros ir koordinacijos lavinimui bet kokioje profesionalioje sporto sal\u0117je ar nam\u0173 treniruo\u010di\u0173 zonoje.<\/p>\n\n    <div class=\"xs_social_share_widget xs_share_url after_content \t\tmain_content  wslu-style-1 wslu-share-box-shaped wslu-fill-colored wslu-none wslu-share-horizontal wslu-theme-font-no wslu-main_content\">\n\n\t\t\n        <ul>\n\t\t\t        <\/ul>\n    <\/div> \n","protected":false},"excerpt":{"rendered":"<p>Z17P pakylos platforma \u2013 tvirtas priedas, skirtas tvirtinti prie suderinam\u0173 j\u0117gos r\u0117m\u0173 ar daugiafunkci\u0173 treniruo\u010di\u0173 sto\u010di\u0173. Ji suteikia stabil\u0173, pakelt\u0105 pavir\u0161i\u0173 pakilim\u0173, vienos kojos pratim\u0173 ir kit\u0173 funkcinio j\u0117gos judesi\u0173 atlikimui. \u0160i platforma idealiai tinka koj\u0173 j\u0117gos, pusiausvyros ir koordinacijos lavinimui bet kokioje profesionalioje sporto sal\u0117je ar nam\u0173 treniruo\u010di\u0173 zonoje.<\/p>\n","protected":false},"featured_media":8136,"template":"","meta":{"_acf_changed":false},"product_brand":[817],"product_cat":[418],"product_tag":[415],"class_list":{"0":"post-9806","1":"product","2":"type-product","3":"status-publish","4":"has-post-thumbnail","6":"product_brand-gym-factory-lt","7":"product_cat-treniruokliu-priedai","8":"product_tag-spalva-tik-metaline","10":"first","11":"onbackorder","12":"taxable","13":"shipping-taxable","14":"purchasable","15":"product-type-variable","16":"has-default-attributes"},"acf":[],"yoast_head":"<!-- This site is optimized with the Yoast SEO plugin v25.2 - https:\/\/yoast.com\/wordpress\/plugins\/seo\/ -->\n<title>&quot;Z17P Step-Up&quot; platforma - b\u016btina j\u016bs\u0173 sporto sal\u0117s \u012frangai<\/title>\n<meta name=\"description\" content=\"Auk\u0161tos kokyb\u0117s plieno konstrukcija, \u0161i pakopin\u0117 platforma yra patvarus bet kurios sporto sal\u0117s \u012frangos priedas, padedantis atlikti pratimus, kurie gerina j\u0117g\u0105 ir pusiausvyr\u0105.\" \/>\n<meta name=\"robots\" content=\"index, follow, max-snippet:-1, max-image-preview:large, max-video-preview:-1\" \/>\n<link rel=\"canonical\" href=\"https:\/\/gymfactory.eu\/lt\/produktas\/z17p-step-up-platforma\/\" \/>\n<meta property=\"og:locale\" content=\"lt_LT\" \/>\n<meta property=\"og:type\" content=\"article\" \/>\n<meta property=\"og:title\" content=\"&quot;Z17P Step-Up&quot; platforma - b\u016btina j\u016bs\u0173 sporto sal\u0117s \u012frangai\" \/>\n<meta property=\"og:description\" content=\"Auk\u0161tos kokyb\u0117s plieno konstrukcija, \u0161i pakopin\u0117 platforma yra patvarus bet kurios sporto sal\u0117s \u012frangos priedas, padedantis atlikti pratimus, kurie gerina j\u0117g\u0105 ir pusiausvyr\u0105.\" \/>\n<meta property=\"og:url\" content=\"https:\/\/gymfactory.eu\/lt\/produktas\/z17p-step-up-platforma\/\" \/>\n<meta property=\"og:site_name\" content=\"Gym Factory\" \/>\n<meta property=\"article:modified_time\" content=\"2025-12-08T12:32:26+00:00\" \/>\n<meta property=\"og:image\" content=\"https:\/\/gymfactory.eu\/wp-content\/uploads\/2025\/02\/strength-training-exercises-adjustable-step-platform.webp\" \/>\n\t<meta property=\"og:image:width\" content=\"600\" \/>\n\t<meta property=\"og:image:height\" content=\"600\" \/>\n\t<meta property=\"og:image:type\" content=\"image\/webp\" \/>\n<meta name=\"twitter:card\" content=\"summary_large_image\" \/>\n<meta name=\"twitter:label1\" content=\"Est. reading time\" \/>\n\t<meta name=\"twitter:data1\" content=\"1 minut\u0117\" \/>\n<script type=\"application\/ld+json\" class=\"yoast-schema-graph\">{\"@context\":\"https:\/\/schema.org\",\"@graph\":[{\"@type\":\"WebPage\",\"@id\":\"https:\/\/gymfactory.eu\/lt\/produktas\/z17p-step-up-platforma\/\",\"url\":\"https:\/\/gymfactory.eu\/lt\/produktas\/z17p-step-up-platforma\/\",\"name\":\"\\\"Z17P Step-Up\\\" platforma - b\u016btina j\u016bs\u0173 sporto sal\u0117s \u012frangai\",\"isPartOf\":{\"@id\":\"https:\/\/gymfactory.eu\/lt\/#website\"},\"primaryImageOfPage\":{\"@id\":\"https:\/\/gymfactory.eu\/lt\/produktas\/z17p-step-up-platforma\/#primaryimage\"},\"image\":{\"@id\":\"https:\/\/gymfactory.eu\/lt\/produktas\/z17p-step-up-platforma\/#primaryimage\"},\"thumbnailUrl\":\"https:\/\/gymfactory.eu\/wp-content\/uploads\/2025\/02\/strength-training-exercises-adjustable-step-platform.webp\",\"datePublished\":\"2025-02-20T11:06:38+00:00\",\"dateModified\":\"2025-12-08T12:32:26+00:00\",\"description\":\"Auk\u0161tos kokyb\u0117s plieno konstrukcija, \u0161i pakopin\u0117 platforma yra patvarus bet kurios sporto sal\u0117s \u012frangos priedas, padedantis atlikti pratimus, kurie gerina j\u0117g\u0105 ir pusiausvyr\u0105.\",\"breadcrumb\":{\"@id\":\"https:\/\/gymfactory.eu\/lt\/produktas\/z17p-step-up-platforma\/#breadcrumb\"},\"inLanguage\":\"lt-LT\",\"potentialAction\":[{\"@type\":\"ReadAction\",\"target\":[\"https:\/\/gymfactory.eu\/lt\/produktas\/z17p-step-up-platforma\/\"]}]},{\"@type\":\"ImageObject\",\"inLanguage\":\"lt-LT\",\"@id\":\"https:\/\/gymfactory.eu\/lt\/produktas\/z17p-step-up-platforma\/#primaryimage\",\"url\":\"https:\/\/gymfactory.eu\/wp-content\/uploads\/2025\/02\/strength-training-exercises-adjustable-step-platform.webp\",\"contentUrl\":\"https:\/\/gymfactory.eu\/wp-content\/uploads\/2025\/02\/strength-training-exercises-adjustable-step-platform.webp\",\"width\":600,\"height\":600,\"caption\":\"Tvirta plienin\u0117 pakop\u0173 platforma su neslystan\u010diu pavir\u0161iumi, skirta pritvirtinti prie j\u0117gos stovo, kad b\u016bt\u0173 galima atlikti \u012fvairius j\u0117gos pratimus. \u0160i gera nam\u0173 sporto \u012franga idealiai tinka \u017eingsniams, prit\u016bpimams su viena koja ir kitoms apatin\u0117s k\u016bno dalies treniruot\u0117ms.\"},{\"@type\":\"BreadcrumbList\",\"@id\":\"https:\/\/gymfactory.eu\/lt\/produktas\/z17p-step-up-platforma\/#breadcrumb\",\"itemListElement\":[{\"@type\":\"ListItem\",\"position\":1,\"name\":\"Pagrindinis\",\"item\":\"https:\/\/gymfactory.eu\/lt\/\"},{\"@type\":\"ListItem\",\"position\":2,\"name\":\"Katalogas\",\"item\":\"https:\/\/gymfactory.eu\/lt\/katalogas\/\"},{\"@type\":\"ListItem\",\"position\":3,\"name\":\"Z17P Pakylos platforma\"}]},{\"@type\":\"WebSite\",\"@id\":\"https:\/\/gymfactory.eu\/lt\/#website\",\"url\":\"https:\/\/gymfactory.eu\/lt\/\",\"name\":\"Gym Factory\",\"description\":\"\",\"publisher\":{\"@id\":\"https:\/\/gymfactory.eu\/lt\/#organization\"},\"potentialAction\":[{\"@type\":\"SearchAction\",\"target\":{\"@type\":\"EntryPoint\",\"urlTemplate\":\"https:\/\/gymfactory.eu\/lt\/?s={search_term_string}\"},\"query-input\":{\"@type\":\"PropertyValueSpecification\",\"valueRequired\":true,\"valueName\":\"search_term_string\"}}],\"inLanguage\":\"lt-LT\"},{\"@type\":\"Organization\",\"@id\":\"https:\/\/gymfactory.eu\/lt\/#organization\",\"name\":\"Sporto sal\u0117s gamykla\",\"url\":\"https:\/\/gymfactory.eu\/lt\/\",\"logo\":{\"@type\":\"ImageObject\",\"inLanguage\":\"lt-LT\",\"@id\":\"https:\/\/gymfactory.eu\/lt\/#\/schema\/logo\/image\/\",\"url\":\"https:\/\/gymfactory.eu\/wp-content\/uploads\/2024\/11\/Component-1.svg\",\"contentUrl\":\"https:\/\/gymfactory.eu\/wp-content\/uploads\/2024\/11\/Component-1.svg\",\"width\":54,\"height\":44,\"caption\":\"Sporto sal\u0117s gamykla\"},\"image\":{\"@id\":\"https:\/\/gymfactory.eu\/lt\/#\/schema\/logo\/image\/\"}}]}<\/script>\n<!-- \/ Yoast SEO plugin. -->","yoast_head_json":{"title":"\"Z17P Step-Up\" platforma - b\u016btina j\u016bs\u0173 sporto sal\u0117s \u012frangai","description":"Auk\u0161tos kokyb\u0117s plieno konstrukcija, \u0161i pakopin\u0117 platforma yra patvarus bet kurios sporto sal\u0117s \u012frangos priedas, padedantis atlikti pratimus, kurie gerina j\u0117g\u0105 ir pusiausvyr\u0105.","robots":{"index":"index","follow":"follow","max-snippet":"max-snippet:-1","max-image-preview":"max-image-preview:large","max-video-preview":"max-video-preview:-1"},"canonical":"https:\/\/gymfactory.eu\/lt\/produktas\/z17p-step-up-platforma\/","og_locale":"lt_LT","og_type":"article","og_title":"\"Z17P Step-Up\" platforma - b\u016btina j\u016bs\u0173 sporto sal\u0117s \u012frangai","og_description":"Auk\u0161tos kokyb\u0117s plieno konstrukcija, \u0161i pakopin\u0117 platforma yra patvarus bet kurios sporto sal\u0117s \u012frangos priedas, padedantis atlikti pratimus, kurie gerina j\u0117g\u0105 ir pusiausvyr\u0105.","og_url":"https:\/\/gymfactory.eu\/lt\/produktas\/z17p-step-up-platforma\/","og_site_name":"Gym Factory","article_modified_time":"2025-12-08T12:32:26+00:00","og_image":[{"width":600,"height":600,"url":"https:\/\/gymfactory.eu\/wp-content\/uploads\/2025\/02\/strength-training-exercises-adjustable-step-platform.webp","type":"image\/webp"}],"twitter_card":"summary_large_image","twitter_misc":{"Est. reading time":"1 minut\u0117"},"schema":{"@context":"https:\/\/schema.org","@graph":[{"@type":"WebPage","@id":"https:\/\/gymfactory.eu\/lt\/produktas\/z17p-step-up-platforma\/","url":"https:\/\/gymfactory.eu\/lt\/produktas\/z17p-step-up-platforma\/","name":"\"Z17P Step-Up\" platforma - b\u016btina j\u016bs\u0173 sporto sal\u0117s \u012frangai","isPartOf":{"@id":"https:\/\/gymfactory.eu\/lt\/#website"},"primaryImageOfPage":{"@id":"https:\/\/gymfactory.eu\/lt\/produktas\/z17p-step-up-platforma\/#primaryimage"},"image":{"@id":"https:\/\/gymfactory.eu\/lt\/produktas\/z17p-step-up-platforma\/#primaryimage"},"thumbnailUrl":"https:\/\/gymfactory.eu\/wp-content\/uploads\/2025\/02\/strength-training-exercises-adjustable-step-platform.webp","datePublished":"2025-02-20T11:06:38+00:00","dateModified":"2025-12-08T12:32:26+00:00","description":"Auk\u0161tos kokyb\u0117s plieno konstrukcija, \u0161i pakopin\u0117 platforma yra patvarus bet kurios sporto sal\u0117s \u012frangos priedas, padedantis atlikti pratimus, kurie gerina j\u0117g\u0105 ir pusiausvyr\u0105.","breadcrumb":{"@id":"https:\/\/gymfactory.eu\/lt\/produktas\/z17p-step-up-platforma\/#breadcrumb"},"inLanguage":"lt-LT","potentialAction":[{"@type":"ReadAction","target":["https:\/\/gymfactory.eu\/lt\/produktas\/z17p-step-up-platforma\/"]}]},{"@type":"ImageObject","inLanguage":"lt-LT","@id":"https:\/\/gymfactory.eu\/lt\/produktas\/z17p-step-up-platforma\/#primaryimage","url":"https:\/\/gymfactory.eu\/wp-content\/uploads\/2025\/02\/strength-training-exercises-adjustable-step-platform.webp","contentUrl":"https:\/\/gymfactory.eu\/wp-content\/uploads\/2025\/02\/strength-training-exercises-adjustable-step-platform.webp","width":600,"height":600,"caption":"Tvirta plienin\u0117 pakop\u0173 platforma su neslystan\u010diu pavir\u0161iumi, skirta pritvirtinti prie j\u0117gos stovo, kad b\u016bt\u0173 galima atlikti \u012fvairius j\u0117gos pratimus. \u0160i gera nam\u0173 sporto \u012franga idealiai tinka \u017eingsniams, prit\u016bpimams su viena koja ir kitoms apatin\u0117s k\u016bno dalies treniruot\u0117ms."},{"@type":"BreadcrumbList","@id":"https:\/\/gymfactory.eu\/lt\/produktas\/z17p-step-up-platforma\/#breadcrumb","itemListElement":[{"@type":"ListItem","position":1,"name":"Pagrindinis","item":"https:\/\/gymfactory.eu\/lt\/"},{"@type":"ListItem","position":2,"name":"Katalogas","item":"https:\/\/gymfactory.eu\/lt\/katalogas\/"},{"@type":"ListItem","position":3,"name":"Z17P Pakylos platforma"}]},{"@type":"WebSite","@id":"https:\/\/gymfactory.eu\/lt\/#website","url":"https:\/\/gymfactory.eu\/lt\/","name":"Gym Factory","description":"","publisher":{"@id":"https:\/\/gymfactory.eu\/lt\/#organization"},"potentialAction":[{"@type":"SearchAction","target":{"@type":"EntryPoint","urlTemplate":"https:\/\/gymfactory.eu\/lt\/?s={search_term_string}"},"query-input":{"@type":"PropertyValueSpecification","valueRequired":true,"valueName":"search_term_string"}}],"inLanguage":"lt-LT"},{"@type":"Organization","@id":"https:\/\/gymfactory.eu\/lt\/#organization","name":"Sporto sal\u0117s gamykla","url":"https:\/\/gymfactory.eu\/lt\/","logo":{"@type":"ImageObject","inLanguage":"lt-LT","@id":"https:\/\/gymfactory.eu\/lt\/#\/schema\/logo\/image\/","url":"https:\/\/gymfactory.eu\/wp-content\/uploads\/2024\/11\/Component-1.svg","contentUrl":"https:\/\/gymfactory.eu\/wp-content\/uploads\/2024\/11\/Component-1.svg","width":54,"height":44,"caption":"Sporto sal\u0117s gamykla"},"image":{"@id":"https:\/\/gymfactory.eu\/lt\/#\/schema\/logo\/image\/"}}]}},"_links":{"self":[{"href":"https:\/\/gymfactory.eu\/lt\/wp-json\/wp\/v2\/product\/9806","targetHints":{"allow":["GET"]}}],"collection":[{"href":"https:\/\/gymfactory.eu\/lt\/wp-json\/wp\/v2\/product"}],"about":[{"href":"https:\/\/gymfactory.eu\/lt\/wp-json\/wp\/v2\/types\/product"}],"wp:featuredmedia":[{"embeddable":true,"href":"https:\/\/gymfactory.eu\/lt\/wp-json\/wp\/v2\/media\/8136"}],"wp:attachment":[{"href":"https:\/\/gymfactory.eu\/lt\/wp-json\/wp\/v2\/media?parent=9806"}],"wp:term":[{"taxonomy":"product_brand","embeddable":true,"href":"https:\/\/gymfactory.eu\/lt\/wp-json\/wp\/v2\/product_brand?post=9806"},{"taxonomy":"product_cat","embeddable":true,"href":"https:\/\/gymfactory.eu\/lt\/wp-json\/wp\/v2\/product_cat?post=9806"},{"taxonomy":"product_tag","embeddable":true,"href":"https:\/\/gymfactory.eu\/lt\/wp-json\/wp\/v2\/product_tag?post=9806"}],"curies":[{"name":"wp","href":"https:\/\/api.w.org\/{rel}","templated":true}]}}