{"id":9805,"date":"2025-02-26T14:22:46","date_gmt":"2025-02-26T12:22:46","guid":{"rendered":"https:\/\/gymfactory.eu\/product\/z17t-minosvaidzio-priedas\/"},"modified":"2025-12-08T14:40:32","modified_gmt":"2025-12-08T12:40:32","slug":"z17t-minosvaidzio-priedas","status":"publish","type":"product","link":"https:\/\/gymfactory.eu\/lt\/produktas\/z17t-minosvaidzio-priedas\/","title":{"rendered":"Z17T T-formos traukos priedas"},"content":{"rendered":"<p>Z17T T-formos traukos priedas \u2013 sporto \u012frangos papildinys, skirtas pagerinti j\u0117gos treniruo\u010di\u0173 sprendimus. Jis tvirtinamas prie suderinam\u0173 j\u0117gos r\u0117m\u0173 ar daugiafunkcini\u0173 treniruo\u010di\u0173 sto\u010di\u0173 ir leid\u017eia atlikti \u012fvairius pratimus su T-formos traukos \u012franga.<\/p>\n<p>\u0160ie pratimai apima spaudimus, traukas, sukimus ir prit\u016bpimus \u2013 veiksminga priemon\u0117 j\u0117gos, liemens stabilumo ir judesi\u0173 kontrol\u0117s lavinimui keliomis plok\u0161tumomis.<\/p>\n<p>Suderinamas su standartin\u0117mis \u0161tangos rankov\u0117mis ir pritaikytas tiek nam\u0173, tiek profesionali\u0173 sporto sali\u0173 naudojimui.<\/p>\n\n    <div class=\"xs_social_share_widget xs_share_url after_content \t\tmain_content  wslu-style-1 wslu-share-box-shaped wslu-fill-colored wslu-none wslu-share-horizontal wslu-theme-font-no wslu-main_content\">\n\n\t\t\n        <ul>\n\t\t\t        <\/ul>\n    <\/div> \n","protected":false},"excerpt":{"rendered":"<p>Z17T T-formos traukos priedas \u2013 sporto \u012frangos papildinys, skirtas pagerinti j\u0117gos treniruo\u010di\u0173 sprendimus. Jis tvirtinamas prie suderinam\u0173 j\u0117gos r\u0117m\u0173 ar daugiafunkcini\u0173 treniruo\u010di\u0173 sto\u010di\u0173 ir leid\u017eia atlikti \u012fvairius pratimus su T-formos traukos \u012franga. \u0160ie pratimai apima spaudimus, traukas, sukimus ir prit\u016bpimus \u2013 veiksminga priemon\u0117 j\u0117gos, liemens stabilumo ir judesi\u0173 kontrol\u0117s lavinimui keliomis plok\u0161tumomis. Suderinamas su standartin\u0117mis [&hellip;]<\/p>\n","protected":false},"featured_media":8164,"template":"","meta":{"_acf_changed":false},"product_brand":[817],"product_cat":[418],"product_tag":[415],"class_list":{"0":"post-9805","1":"product","2":"type-product","3":"status-publish","4":"has-post-thumbnail","6":"product_brand-gym-factory-lt","7":"product_cat-treniruokliu-priedai","8":"product_tag-spalva-tik-metaline","10":"first","11":"onbackorder","12":"taxable","13":"shipping-taxable","14":"purchasable","15":"product-type-simple"},"acf":[],"yoast_head":"<!-- This site is optimized with the Yoast SEO plugin v25.2 - https:\/\/yoast.com\/wordpress\/plugins\/seo\/ -->\n<title>Z17T &quot;Landmine&quot; priedas Universali treniruokli\u0173 sal\u0117s \u012franga treniruot\u0117ms<\/title>\n<meta name=\"description\" content=\"\u0160i treniruokli\u0173 sal\u0117s \u012franga pagaminta i\u0161 auk\u0161tos kokyb\u0117s plieno konstrukcijos, tod\u0117l yra patvari ir universali, padeda atlikti j\u0117gos pratimus ir treniruoti vis\u0105 k\u016bn\u0105.\" \/>\n<meta name=\"robots\" content=\"index, follow, max-snippet:-1, max-image-preview:large, max-video-preview:-1\" \/>\n<link rel=\"canonical\" href=\"https:\/\/gymfactory.eu\/lt\/produktas\/z17t-minosvaidzio-priedas\/\" \/>\n<meta property=\"og:locale\" content=\"lt_LT\" \/>\n<meta property=\"og:type\" content=\"article\" \/>\n<meta property=\"og:title\" content=\"Z17T &quot;Landmine&quot; priedas Universali treniruokli\u0173 sal\u0117s \u012franga treniruot\u0117ms\" \/>\n<meta property=\"og:description\" content=\"\u0160i treniruokli\u0173 sal\u0117s \u012franga pagaminta i\u0161 auk\u0161tos kokyb\u0117s plieno konstrukcijos, tod\u0117l yra patvari ir universali, padeda atlikti j\u0117gos pratimus ir treniruoti vis\u0105 k\u016bn\u0105.\" \/>\n<meta property=\"og:url\" content=\"https:\/\/gymfactory.eu\/lt\/produktas\/z17t-minosvaidzio-priedas\/\" \/>\n<meta property=\"og:site_name\" content=\"Gym Factory\" \/>\n<meta property=\"article:modified_time\" content=\"2025-12-08T12:40:32+00:00\" \/>\n<meta property=\"og:image\" content=\"https:\/\/gymfactory.eu\/wp-content\/uploads\/2025\/02\/gym-equipment-landmine-base-mount.webp\" \/>\n\t<meta property=\"og:image:width\" content=\"2000\" \/>\n\t<meta property=\"og:image:height\" content=\"2000\" \/>\n\t<meta property=\"og:image:type\" content=\"image\/webp\" \/>\n<meta name=\"twitter:card\" content=\"summary_large_image\" \/>\n<meta name=\"twitter:label1\" content=\"Est. reading time\" \/>\n\t<meta name=\"twitter:data1\" content=\"1 minut\u0117\" \/>\n<script type=\"application\/ld+json\" class=\"yoast-schema-graph\">{\"@context\":\"https:\/\/schema.org\",\"@graph\":[{\"@type\":\"WebPage\",\"@id\":\"https:\/\/gymfactory.eu\/lt\/produktas\/z17t-minosvaidzio-priedas\/\",\"url\":\"https:\/\/gymfactory.eu\/lt\/produktas\/z17t-minosvaidzio-priedas\/\",\"name\":\"Z17T \\\"Landmine\\\" priedas Universali treniruokli\u0173 sal\u0117s \u012franga treniruot\u0117ms\",\"isPartOf\":{\"@id\":\"https:\/\/gymfactory.eu\/lt\/#website\"},\"primaryImageOfPage\":{\"@id\":\"https:\/\/gymfactory.eu\/lt\/produktas\/z17t-minosvaidzio-priedas\/#primaryimage\"},\"image\":{\"@id\":\"https:\/\/gymfactory.eu\/lt\/produktas\/z17t-minosvaidzio-priedas\/#primaryimage\"},\"thumbnailUrl\":\"https:\/\/gymfactory.eu\/wp-content\/uploads\/2025\/02\/gym-equipment-landmine-base-mount.webp\",\"datePublished\":\"2025-02-26T12:22:46+00:00\",\"dateModified\":\"2025-12-08T12:40:32+00:00\",\"description\":\"\u0160i treniruokli\u0173 sal\u0117s \u012franga pagaminta i\u0161 auk\u0161tos kokyb\u0117s plieno konstrukcijos, tod\u0117l yra patvari ir universali, padeda atlikti j\u0117gos pratimus ir treniruoti vis\u0105 k\u016bn\u0105.\",\"breadcrumb\":{\"@id\":\"https:\/\/gymfactory.eu\/lt\/produktas\/z17t-minosvaidzio-priedas\/#breadcrumb\"},\"inLanguage\":\"lt-LT\",\"potentialAction\":[{\"@type\":\"ReadAction\",\"target\":[\"https:\/\/gymfactory.eu\/lt\/produktas\/z17t-minosvaidzio-priedas\/\"]}]},{\"@type\":\"ImageObject\",\"inLanguage\":\"lt-LT\",\"@id\":\"https:\/\/gymfactory.eu\/lt\/produktas\/z17t-minosvaidzio-priedas\/#primaryimage\",\"url\":\"https:\/\/gymfactory.eu\/wp-content\/uploads\/2025\/02\/gym-equipment-landmine-base-mount.webp\",\"contentUrl\":\"https:\/\/gymfactory.eu\/wp-content\/uploads\/2025\/02\/gym-equipment-landmine-base-mount.webp\",\"width\":2000,\"height\":2000,\"caption\":\"I\u0161 arti parodytas ant tvirto plieninio pagrindo sumontuotas sporto \u012frangos minosvaid\u017eio \u012ftaisas. Chromu dengtoje konstrukcijoje yra pasukamas vamzdis su fiksavimo ranken\u0117le, leid\u017eiantis saugiai pastatyti \u0161tang\u0105 ir skland\u017eiai jud\u0117ti \u012fvairiais kampais atliekant j\u0117gos pratimus.\"},{\"@type\":\"BreadcrumbList\",\"@id\":\"https:\/\/gymfactory.eu\/lt\/produktas\/z17t-minosvaidzio-priedas\/#breadcrumb\",\"itemListElement\":[{\"@type\":\"ListItem\",\"position\":1,\"name\":\"Pagrindinis\",\"item\":\"https:\/\/gymfactory.eu\/lt\/\"},{\"@type\":\"ListItem\",\"position\":2,\"name\":\"Katalogas\",\"item\":\"https:\/\/gymfactory.eu\/lt\/katalogas\/\"},{\"@type\":\"ListItem\",\"position\":3,\"name\":\"Z17T T-formos traukos priedas\"}]},{\"@type\":\"WebSite\",\"@id\":\"https:\/\/gymfactory.eu\/lt\/#website\",\"url\":\"https:\/\/gymfactory.eu\/lt\/\",\"name\":\"Gym Factory\",\"description\":\"\",\"publisher\":{\"@id\":\"https:\/\/gymfactory.eu\/lt\/#organization\"},\"potentialAction\":[{\"@type\":\"SearchAction\",\"target\":{\"@type\":\"EntryPoint\",\"urlTemplate\":\"https:\/\/gymfactory.eu\/lt\/?s={search_term_string}\"},\"query-input\":{\"@type\":\"PropertyValueSpecification\",\"valueRequired\":true,\"valueName\":\"search_term_string\"}}],\"inLanguage\":\"lt-LT\"},{\"@type\":\"Organization\",\"@id\":\"https:\/\/gymfactory.eu\/lt\/#organization\",\"name\":\"Sporto sal\u0117s gamykla\",\"url\":\"https:\/\/gymfactory.eu\/lt\/\",\"logo\":{\"@type\":\"ImageObject\",\"inLanguage\":\"lt-LT\",\"@id\":\"https:\/\/gymfactory.eu\/lt\/#\/schema\/logo\/image\/\",\"url\":\"https:\/\/gymfactory.eu\/wp-content\/uploads\/2024\/11\/Component-1.svg\",\"contentUrl\":\"https:\/\/gymfactory.eu\/wp-content\/uploads\/2024\/11\/Component-1.svg\",\"width\":54,\"height\":44,\"caption\":\"Sporto sal\u0117s gamykla\"},\"image\":{\"@id\":\"https:\/\/gymfactory.eu\/lt\/#\/schema\/logo\/image\/\"}}]}<\/script>\n<!-- \/ Yoast SEO plugin. -->","yoast_head_json":{"title":"Z17T \"Landmine\" priedas Universali treniruokli\u0173 sal\u0117s \u012franga treniruot\u0117ms","description":"\u0160i treniruokli\u0173 sal\u0117s \u012franga pagaminta i\u0161 auk\u0161tos kokyb\u0117s plieno konstrukcijos, tod\u0117l yra patvari ir universali, padeda atlikti j\u0117gos pratimus ir treniruoti vis\u0105 k\u016bn\u0105.","robots":{"index":"index","follow":"follow","max-snippet":"max-snippet:-1","max-image-preview":"max-image-preview:large","max-video-preview":"max-video-preview:-1"},"canonical":"https:\/\/gymfactory.eu\/lt\/produktas\/z17t-minosvaidzio-priedas\/","og_locale":"lt_LT","og_type":"article","og_title":"Z17T \"Landmine\" priedas Universali treniruokli\u0173 sal\u0117s \u012franga treniruot\u0117ms","og_description":"\u0160i treniruokli\u0173 sal\u0117s \u012franga pagaminta i\u0161 auk\u0161tos kokyb\u0117s plieno konstrukcijos, tod\u0117l yra patvari ir universali, padeda atlikti j\u0117gos pratimus ir treniruoti vis\u0105 k\u016bn\u0105.","og_url":"https:\/\/gymfactory.eu\/lt\/produktas\/z17t-minosvaidzio-priedas\/","og_site_name":"Gym Factory","article_modified_time":"2025-12-08T12:40:32+00:00","og_image":[{"width":2000,"height":2000,"url":"https:\/\/gymfactory.eu\/wp-content\/uploads\/2025\/02\/gym-equipment-landmine-base-mount.webp","type":"image\/webp"}],"twitter_card":"summary_large_image","twitter_misc":{"Est. reading time":"1 minut\u0117"},"schema":{"@context":"https:\/\/schema.org","@graph":[{"@type":"WebPage","@id":"https:\/\/gymfactory.eu\/lt\/produktas\/z17t-minosvaidzio-priedas\/","url":"https:\/\/gymfactory.eu\/lt\/produktas\/z17t-minosvaidzio-priedas\/","name":"Z17T \"Landmine\" priedas Universali treniruokli\u0173 sal\u0117s \u012franga treniruot\u0117ms","isPartOf":{"@id":"https:\/\/gymfactory.eu\/lt\/#website"},"primaryImageOfPage":{"@id":"https:\/\/gymfactory.eu\/lt\/produktas\/z17t-minosvaidzio-priedas\/#primaryimage"},"image":{"@id":"https:\/\/gymfactory.eu\/lt\/produktas\/z17t-minosvaidzio-priedas\/#primaryimage"},"thumbnailUrl":"https:\/\/gymfactory.eu\/wp-content\/uploads\/2025\/02\/gym-equipment-landmine-base-mount.webp","datePublished":"2025-02-26T12:22:46+00:00","dateModified":"2025-12-08T12:40:32+00:00","description":"\u0160i treniruokli\u0173 sal\u0117s \u012franga pagaminta i\u0161 auk\u0161tos kokyb\u0117s plieno konstrukcijos, tod\u0117l yra patvari ir universali, padeda atlikti j\u0117gos pratimus ir treniruoti vis\u0105 k\u016bn\u0105.","breadcrumb":{"@id":"https:\/\/gymfactory.eu\/lt\/produktas\/z17t-minosvaidzio-priedas\/#breadcrumb"},"inLanguage":"lt-LT","potentialAction":[{"@type":"ReadAction","target":["https:\/\/gymfactory.eu\/lt\/produktas\/z17t-minosvaidzio-priedas\/"]}]},{"@type":"ImageObject","inLanguage":"lt-LT","@id":"https:\/\/gymfactory.eu\/lt\/produktas\/z17t-minosvaidzio-priedas\/#primaryimage","url":"https:\/\/gymfactory.eu\/wp-content\/uploads\/2025\/02\/gym-equipment-landmine-base-mount.webp","contentUrl":"https:\/\/gymfactory.eu\/wp-content\/uploads\/2025\/02\/gym-equipment-landmine-base-mount.webp","width":2000,"height":2000,"caption":"I\u0161 arti parodytas ant tvirto plieninio pagrindo sumontuotas sporto \u012frangos minosvaid\u017eio \u012ftaisas. Chromu dengtoje konstrukcijoje yra pasukamas vamzdis su fiksavimo ranken\u0117le, leid\u017eiantis saugiai pastatyti \u0161tang\u0105 ir skland\u017eiai jud\u0117ti \u012fvairiais kampais atliekant j\u0117gos pratimus."},{"@type":"BreadcrumbList","@id":"https:\/\/gymfactory.eu\/lt\/produktas\/z17t-minosvaidzio-priedas\/#breadcrumb","itemListElement":[{"@type":"ListItem","position":1,"name":"Pagrindinis","item":"https:\/\/gymfactory.eu\/lt\/"},{"@type":"ListItem","position":2,"name":"Katalogas","item":"https:\/\/gymfactory.eu\/lt\/katalogas\/"},{"@type":"ListItem","position":3,"name":"Z17T T-formos traukos priedas"}]},{"@type":"WebSite","@id":"https:\/\/gymfactory.eu\/lt\/#website","url":"https:\/\/gymfactory.eu\/lt\/","name":"Gym Factory","description":"","publisher":{"@id":"https:\/\/gymfactory.eu\/lt\/#organization"},"potentialAction":[{"@type":"SearchAction","target":{"@type":"EntryPoint","urlTemplate":"https:\/\/gymfactory.eu\/lt\/?s={search_term_string}"},"query-input":{"@type":"PropertyValueSpecification","valueRequired":true,"valueName":"search_term_string"}}],"inLanguage":"lt-LT"},{"@type":"Organization","@id":"https:\/\/gymfactory.eu\/lt\/#organization","name":"Sporto sal\u0117s gamykla","url":"https:\/\/gymfactory.eu\/lt\/","logo":{"@type":"ImageObject","inLanguage":"lt-LT","@id":"https:\/\/gymfactory.eu\/lt\/#\/schema\/logo\/image\/","url":"https:\/\/gymfactory.eu\/wp-content\/uploads\/2024\/11\/Component-1.svg","contentUrl":"https:\/\/gymfactory.eu\/wp-content\/uploads\/2024\/11\/Component-1.svg","width":54,"height":44,"caption":"Sporto sal\u0117s gamykla"},"image":{"@id":"https:\/\/gymfactory.eu\/lt\/#\/schema\/logo\/image\/"}}]}},"_links":{"self":[{"href":"https:\/\/gymfactory.eu\/lt\/wp-json\/wp\/v2\/product\/9805","targetHints":{"allow":["GET"]}}],"collection":[{"href":"https:\/\/gymfactory.eu\/lt\/wp-json\/wp\/v2\/product"}],"about":[{"href":"https:\/\/gymfactory.eu\/lt\/wp-json\/wp\/v2\/types\/product"}],"wp:featuredmedia":[{"embeddable":true,"href":"https:\/\/gymfactory.eu\/lt\/wp-json\/wp\/v2\/media\/8164"}],"wp:attachment":[{"href":"https:\/\/gymfactory.eu\/lt\/wp-json\/wp\/v2\/media?parent=9805"}],"wp:term":[{"taxonomy":"product_brand","embeddable":true,"href":"https:\/\/gymfactory.eu\/lt\/wp-json\/wp\/v2\/product_brand?post=9805"},{"taxonomy":"product_cat","embeddable":true,"href":"https:\/\/gymfactory.eu\/lt\/wp-json\/wp\/v2\/product_cat?post=9805"},{"taxonomy":"product_tag","embeddable":true,"href":"https:\/\/gymfactory.eu\/lt\/wp-json\/wp\/v2\/product_tag?post=9805"}],"curies":[{"name":"wp","href":"https:\/\/api.w.org\/{rel}","templated":true}]}}