{"id":9802,"date":"2025-02-20T12:50:23","date_gmt":"2025-02-20T10:50:23","guid":{"rendered":"https:\/\/gymfactory.eu\/product\/z17l-panardinimo-itaisas\/"},"modified":"2025-12-08T14:31:27","modified_gmt":"2025-12-08T12:31:27","slug":"z17l-panardinimo-itaisas","status":"publish","type":"product","link":"https:\/\/gymfactory.eu\/lt\/produktas\/z17l-panardinimo-itaisas\/","title":{"rendered":"Z17L Lygiagre\u010di\u0173 priedas"},"content":{"rendered":"<p>Z17L lygiagre\u010di\u0173 priedas \u2013 tvirtas ir patikimas priedas, skirtas tvirtinti prie suderinam\u0173 j\u0117gos r\u0117m\u0173 ar daugiafunkci\u0173 treniruo\u010di\u0173 sto\u010di\u0173 i\u0161 m\u016bs\u0173 asortimento. Lygiagret\u0117s \u0161iek tiek pasvirusios \u012f i\u0161or\u0119, u\u017etikrina nat\u016bralesn\u0119 ir patogesn\u0119 rank\u0173 pad\u0117t\u012f atliekant atsispaudimus.<\/p>\n<p>\u0160is priedas skirtas stiprinti tricepsus ir kr\u016btin\u0117s raumenis, tod\u0117l yra vertingas bet kurio modulini\u0173 treniruo\u010di\u0173 sistem\u0173 papildinys.<\/p>\n\n    <div class=\"xs_social_share_widget xs_share_url after_content \t\tmain_content  wslu-style-1 wslu-share-box-shaped wslu-fill-colored wslu-none wslu-share-horizontal wslu-theme-font-no wslu-main_content\">\n\n\t\t\n        <ul>\n\t\t\t        <\/ul>\n    <\/div> \n","protected":false},"excerpt":{"rendered":"<p>Z17L lygiagre\u010di\u0173 priedas \u2013 tvirtas ir patikimas priedas, skirtas tvirtinti prie suderinam\u0173 j\u0117gos r\u0117m\u0173 ar daugiafunkci\u0173 treniruo\u010di\u0173 sto\u010di\u0173 i\u0161 m\u016bs\u0173 asortimento. Lygiagret\u0117s \u0161iek tiek pasvirusios \u012f i\u0161or\u0119, u\u017etikrina nat\u016bralesn\u0119 ir patogesn\u0119 rank\u0173 pad\u0117t\u012f atliekant atsispaudimus. \u0160is priedas skirtas stiprinti tricepsus ir kr\u016btin\u0117s raumenis, tod\u0117l yra vertingas bet kurio modulini\u0173 treniruo\u010di\u0173 sistem\u0173 papildinys.<\/p>\n","protected":false},"featured_media":9171,"template":"","meta":{"_acf_changed":false},"product_brand":[817],"product_cat":[418],"product_tag":[415],"class_list":{"0":"post-9802","1":"product","2":"type-product","3":"status-publish","4":"has-post-thumbnail","6":"product_brand-gym-factory-lt","7":"product_cat-treniruokliu-priedai","8":"product_tag-spalva-tik-metaline","10":"first","11":"onbackorder","12":"taxable","13":"shipping-taxable","14":"purchasable","15":"product-type-variable","16":"has-default-attributes"},"acf":[],"yoast_head":"<!-- This site is optimized with the Yoast SEO plugin v25.2 - https:\/\/yoast.com\/wordpress\/plugins\/seo\/ -->\n<title>&quot;Z17L Dip&quot; priedas - puikus sporto sal\u0117s \u012frangos priedas<\/title>\n<meta name=\"description\" content=\"Pagamintas i\u0161 auk\u0161tos kokyb\u0117s plieno konstrukcijos, \u0161is panardinimo \u012ftaisas suteikia ilgaam\u017ei\u0161kumo bet kokiai treniruokli\u0173 salei ir taupo viet\u0105 vir\u0161utin\u0117s k\u016bno dalies treniruot\u0117ms.\" \/>\n<meta name=\"robots\" content=\"index, follow, max-snippet:-1, max-image-preview:large, max-video-preview:-1\" \/>\n<link rel=\"canonical\" href=\"https:\/\/gymfactory.eu\/lt\/produktas\/z17l-panardinimo-itaisas\/\" \/>\n<meta property=\"og:locale\" content=\"lt_LT\" \/>\n<meta property=\"og:type\" content=\"article\" \/>\n<meta property=\"og:title\" content=\"&quot;Z17L Dip&quot; priedas - puikus sporto sal\u0117s \u012frangos priedas\" \/>\n<meta property=\"og:description\" content=\"Pagamintas i\u0161 auk\u0161tos kokyb\u0117s plieno konstrukcijos, \u0161is panardinimo \u012ftaisas suteikia ilgaam\u017ei\u0161kumo bet kokiai treniruokli\u0173 salei ir taupo viet\u0105 vir\u0161utin\u0117s k\u016bno dalies treniruot\u0117ms.\" \/>\n<meta property=\"og:url\" content=\"https:\/\/gymfactory.eu\/lt\/produktas\/z17l-panardinimo-itaisas\/\" \/>\n<meta property=\"og:site_name\" content=\"Gym Factory\" \/>\n<meta property=\"article:modified_time\" content=\"2025-12-08T12:31:27+00:00\" \/>\n<meta property=\"og:image\" content=\"https:\/\/gymfactory.eu\/wp-content\/uploads\/2025\/02\/strength-training-exercises-dip-bar-attachment-1.webp\" \/>\n\t<meta property=\"og:image:width\" content=\"600\" \/>\n\t<meta property=\"og:image:height\" content=\"600\" \/>\n\t<meta property=\"og:image:type\" content=\"image\/webp\" \/>\n<meta name=\"twitter:card\" content=\"summary_large_image\" \/>\n<meta name=\"twitter:label1\" content=\"Est. reading time\" \/>\n\t<meta name=\"twitter:data1\" content=\"1 minut\u0117\" \/>\n<script type=\"application\/ld+json\" class=\"yoast-schema-graph\">{\"@context\":\"https:\/\/schema.org\",\"@graph\":[{\"@type\":\"WebPage\",\"@id\":\"https:\/\/gymfactory.eu\/lt\/produktas\/z17l-panardinimo-itaisas\/\",\"url\":\"https:\/\/gymfactory.eu\/lt\/produktas\/z17l-panardinimo-itaisas\/\",\"name\":\"\\\"Z17L Dip\\\" priedas - puikus sporto sal\u0117s \u012frangos priedas\",\"isPartOf\":{\"@id\":\"https:\/\/gymfactory.eu\/lt\/#website\"},\"primaryImageOfPage\":{\"@id\":\"https:\/\/gymfactory.eu\/lt\/produktas\/z17l-panardinimo-itaisas\/#primaryimage\"},\"image\":{\"@id\":\"https:\/\/gymfactory.eu\/lt\/produktas\/z17l-panardinimo-itaisas\/#primaryimage\"},\"thumbnailUrl\":\"https:\/\/gymfactory.eu\/wp-content\/uploads\/2025\/02\/strength-training-exercises-dip-bar-attachment-1.webp\",\"datePublished\":\"2025-02-20T10:50:23+00:00\",\"dateModified\":\"2025-12-08T12:31:27+00:00\",\"description\":\"Pagamintas i\u0161 auk\u0161tos kokyb\u0117s plieno konstrukcijos, \u0161is panardinimo \u012ftaisas suteikia ilgaam\u017ei\u0161kumo bet kokiai treniruokli\u0173 salei ir taupo viet\u0105 vir\u0161utin\u0117s k\u016bno dalies treniruot\u0117ms.\",\"breadcrumb\":{\"@id\":\"https:\/\/gymfactory.eu\/lt\/produktas\/z17l-panardinimo-itaisas\/#breadcrumb\"},\"inLanguage\":\"lt-LT\",\"potentialAction\":[{\"@type\":\"ReadAction\",\"target\":[\"https:\/\/gymfactory.eu\/lt\/produktas\/z17l-panardinimo-itaisas\/\"]}]},{\"@type\":\"ImageObject\",\"inLanguage\":\"lt-LT\",\"@id\":\"https:\/\/gymfactory.eu\/lt\/produktas\/z17l-panardinimo-itaisas\/#primaryimage\",\"url\":\"https:\/\/gymfactory.eu\/wp-content\/uploads\/2025\/02\/strength-training-exercises-dip-bar-attachment-1.webp\",\"contentUrl\":\"https:\/\/gymfactory.eu\/wp-content\/uploads\/2025\/02\/strength-training-exercises-dip-bar-attachment-1.webp\",\"width\":600,\"height\":600,\"caption\":\"Atskiras raudonos ir sidabrin\u0117s spalv\u0173 dip baras, skirtas j\u0117gos stovams, pasi\u017eymi tvirta plienine konstrukcija, skirta k\u016bno svorio treniruot\u0117ms. \u0160i kompakti\u0161ka ir universali \u012franga idealiai tinka j\u0117gos treniruot\u0117ms ir yra geras nam\u0173 sporto sal\u0117s \u012frangos variantas treniruot\u0117ms su panardinimu.\"},{\"@type\":\"BreadcrumbList\",\"@id\":\"https:\/\/gymfactory.eu\/lt\/produktas\/z17l-panardinimo-itaisas\/#breadcrumb\",\"itemListElement\":[{\"@type\":\"ListItem\",\"position\":1,\"name\":\"Pagrindinis\",\"item\":\"https:\/\/gymfactory.eu\/lt\/\"},{\"@type\":\"ListItem\",\"position\":2,\"name\":\"Katalogas\",\"item\":\"https:\/\/gymfactory.eu\/lt\/katalogas\/\"},{\"@type\":\"ListItem\",\"position\":3,\"name\":\"Z17L Lygiagre\u010di\u0173 priedas\"}]},{\"@type\":\"WebSite\",\"@id\":\"https:\/\/gymfactory.eu\/lt\/#website\",\"url\":\"https:\/\/gymfactory.eu\/lt\/\",\"name\":\"Gym Factory\",\"description\":\"\",\"publisher\":{\"@id\":\"https:\/\/gymfactory.eu\/lt\/#organization\"},\"potentialAction\":[{\"@type\":\"SearchAction\",\"target\":{\"@type\":\"EntryPoint\",\"urlTemplate\":\"https:\/\/gymfactory.eu\/lt\/?s={search_term_string}\"},\"query-input\":{\"@type\":\"PropertyValueSpecification\",\"valueRequired\":true,\"valueName\":\"search_term_string\"}}],\"inLanguage\":\"lt-LT\"},{\"@type\":\"Organization\",\"@id\":\"https:\/\/gymfactory.eu\/lt\/#organization\",\"name\":\"Sporto sal\u0117s gamykla\",\"url\":\"https:\/\/gymfactory.eu\/lt\/\",\"logo\":{\"@type\":\"ImageObject\",\"inLanguage\":\"lt-LT\",\"@id\":\"https:\/\/gymfactory.eu\/lt\/#\/schema\/logo\/image\/\",\"url\":\"https:\/\/gymfactory.eu\/wp-content\/uploads\/2024\/11\/Component-1.svg\",\"contentUrl\":\"https:\/\/gymfactory.eu\/wp-content\/uploads\/2024\/11\/Component-1.svg\",\"width\":54,\"height\":44,\"caption\":\"Sporto sal\u0117s gamykla\"},\"image\":{\"@id\":\"https:\/\/gymfactory.eu\/lt\/#\/schema\/logo\/image\/\"}}]}<\/script>\n<!-- \/ Yoast SEO plugin. -->","yoast_head_json":{"title":"\"Z17L Dip\" priedas - puikus sporto sal\u0117s \u012frangos priedas","description":"Pagamintas i\u0161 auk\u0161tos kokyb\u0117s plieno konstrukcijos, \u0161is panardinimo \u012ftaisas suteikia ilgaam\u017ei\u0161kumo bet kokiai treniruokli\u0173 salei ir taupo viet\u0105 vir\u0161utin\u0117s k\u016bno dalies treniruot\u0117ms.","robots":{"index":"index","follow":"follow","max-snippet":"max-snippet:-1","max-image-preview":"max-image-preview:large","max-video-preview":"max-video-preview:-1"},"canonical":"https:\/\/gymfactory.eu\/lt\/produktas\/z17l-panardinimo-itaisas\/","og_locale":"lt_LT","og_type":"article","og_title":"\"Z17L Dip\" priedas - puikus sporto sal\u0117s \u012frangos priedas","og_description":"Pagamintas i\u0161 auk\u0161tos kokyb\u0117s plieno konstrukcijos, \u0161is panardinimo \u012ftaisas suteikia ilgaam\u017ei\u0161kumo bet kokiai treniruokli\u0173 salei ir taupo viet\u0105 vir\u0161utin\u0117s k\u016bno dalies treniruot\u0117ms.","og_url":"https:\/\/gymfactory.eu\/lt\/produktas\/z17l-panardinimo-itaisas\/","og_site_name":"Gym Factory","article_modified_time":"2025-12-08T12:31:27+00:00","og_image":[{"width":600,"height":600,"url":"https:\/\/gymfactory.eu\/wp-content\/uploads\/2025\/02\/strength-training-exercises-dip-bar-attachment-1.webp","type":"image\/webp"}],"twitter_card":"summary_large_image","twitter_misc":{"Est. reading time":"1 minut\u0117"},"schema":{"@context":"https:\/\/schema.org","@graph":[{"@type":"WebPage","@id":"https:\/\/gymfactory.eu\/lt\/produktas\/z17l-panardinimo-itaisas\/","url":"https:\/\/gymfactory.eu\/lt\/produktas\/z17l-panardinimo-itaisas\/","name":"\"Z17L Dip\" priedas - puikus sporto sal\u0117s \u012frangos priedas","isPartOf":{"@id":"https:\/\/gymfactory.eu\/lt\/#website"},"primaryImageOfPage":{"@id":"https:\/\/gymfactory.eu\/lt\/produktas\/z17l-panardinimo-itaisas\/#primaryimage"},"image":{"@id":"https:\/\/gymfactory.eu\/lt\/produktas\/z17l-panardinimo-itaisas\/#primaryimage"},"thumbnailUrl":"https:\/\/gymfactory.eu\/wp-content\/uploads\/2025\/02\/strength-training-exercises-dip-bar-attachment-1.webp","datePublished":"2025-02-20T10:50:23+00:00","dateModified":"2025-12-08T12:31:27+00:00","description":"Pagamintas i\u0161 auk\u0161tos kokyb\u0117s plieno konstrukcijos, \u0161is panardinimo \u012ftaisas suteikia ilgaam\u017ei\u0161kumo bet kokiai treniruokli\u0173 salei ir taupo viet\u0105 vir\u0161utin\u0117s k\u016bno dalies treniruot\u0117ms.","breadcrumb":{"@id":"https:\/\/gymfactory.eu\/lt\/produktas\/z17l-panardinimo-itaisas\/#breadcrumb"},"inLanguage":"lt-LT","potentialAction":[{"@type":"ReadAction","target":["https:\/\/gymfactory.eu\/lt\/produktas\/z17l-panardinimo-itaisas\/"]}]},{"@type":"ImageObject","inLanguage":"lt-LT","@id":"https:\/\/gymfactory.eu\/lt\/produktas\/z17l-panardinimo-itaisas\/#primaryimage","url":"https:\/\/gymfactory.eu\/wp-content\/uploads\/2025\/02\/strength-training-exercises-dip-bar-attachment-1.webp","contentUrl":"https:\/\/gymfactory.eu\/wp-content\/uploads\/2025\/02\/strength-training-exercises-dip-bar-attachment-1.webp","width":600,"height":600,"caption":"Atskiras raudonos ir sidabrin\u0117s spalv\u0173 dip baras, skirtas j\u0117gos stovams, pasi\u017eymi tvirta plienine konstrukcija, skirta k\u016bno svorio treniruot\u0117ms. \u0160i kompakti\u0161ka ir universali \u012franga idealiai tinka j\u0117gos treniruot\u0117ms ir yra geras nam\u0173 sporto sal\u0117s \u012frangos variantas treniruot\u0117ms su panardinimu."},{"@type":"BreadcrumbList","@id":"https:\/\/gymfactory.eu\/lt\/produktas\/z17l-panardinimo-itaisas\/#breadcrumb","itemListElement":[{"@type":"ListItem","position":1,"name":"Pagrindinis","item":"https:\/\/gymfactory.eu\/lt\/"},{"@type":"ListItem","position":2,"name":"Katalogas","item":"https:\/\/gymfactory.eu\/lt\/katalogas\/"},{"@type":"ListItem","position":3,"name":"Z17L Lygiagre\u010di\u0173 priedas"}]},{"@type":"WebSite","@id":"https:\/\/gymfactory.eu\/lt\/#website","url":"https:\/\/gymfactory.eu\/lt\/","name":"Gym Factory","description":"","publisher":{"@id":"https:\/\/gymfactory.eu\/lt\/#organization"},"potentialAction":[{"@type":"SearchAction","target":{"@type":"EntryPoint","urlTemplate":"https:\/\/gymfactory.eu\/lt\/?s={search_term_string}"},"query-input":{"@type":"PropertyValueSpecification","valueRequired":true,"valueName":"search_term_string"}}],"inLanguage":"lt-LT"},{"@type":"Organization","@id":"https:\/\/gymfactory.eu\/lt\/#organization","name":"Sporto sal\u0117s gamykla","url":"https:\/\/gymfactory.eu\/lt\/","logo":{"@type":"ImageObject","inLanguage":"lt-LT","@id":"https:\/\/gymfactory.eu\/lt\/#\/schema\/logo\/image\/","url":"https:\/\/gymfactory.eu\/wp-content\/uploads\/2024\/11\/Component-1.svg","contentUrl":"https:\/\/gymfactory.eu\/wp-content\/uploads\/2024\/11\/Component-1.svg","width":54,"height":44,"caption":"Sporto sal\u0117s gamykla"},"image":{"@id":"https:\/\/gymfactory.eu\/lt\/#\/schema\/logo\/image\/"}}]}},"_links":{"self":[{"href":"https:\/\/gymfactory.eu\/lt\/wp-json\/wp\/v2\/product\/9802","targetHints":{"allow":["GET"]}}],"collection":[{"href":"https:\/\/gymfactory.eu\/lt\/wp-json\/wp\/v2\/product"}],"about":[{"href":"https:\/\/gymfactory.eu\/lt\/wp-json\/wp\/v2\/types\/product"}],"wp:featuredmedia":[{"embeddable":true,"href":"https:\/\/gymfactory.eu\/lt\/wp-json\/wp\/v2\/media\/9171"}],"wp:attachment":[{"href":"https:\/\/gymfactory.eu\/lt\/wp-json\/wp\/v2\/media?parent=9802"}],"wp:term":[{"taxonomy":"product_brand","embeddable":true,"href":"https:\/\/gymfactory.eu\/lt\/wp-json\/wp\/v2\/product_brand?post=9802"},{"taxonomy":"product_cat","embeddable":true,"href":"https:\/\/gymfactory.eu\/lt\/wp-json\/wp\/v2\/product_cat?post=9802"},{"taxonomy":"product_tag","embeddable":true,"href":"https:\/\/gymfactory.eu\/lt\/wp-json\/wp\/v2\/product_tag?post=9802"}],"curies":[{"name":"wp","href":"https:\/\/api.w.org\/{rel}","templated":true}]}}