{"id":9801,"date":"2025-02-26T14:03:08","date_gmt":"2025-02-26T12:03:08","guid":{"rendered":"https:\/\/gymfactory.eu\/product\/z17sx-monolift-lock-uzraktas\/"},"modified":"2025-12-08T14:38:09","modified_gmt":"2025-12-08T12:38:09","slug":"z17sx-monolift-lock-uzraktas","status":"publish","type":"product","link":"https:\/\/gymfactory.eu\/lt\/produktas\/z17sx-monolift-lock-uzraktas\/","title":{"rendered":"Z17SX &#8222;Monolift&#8221; u\u017eraktas"},"content":{"rendered":"<p>Z17SX &#8222;monolift&#8221; u\u017eraktas \u2013 treniruo\u010di\u0173 saugum\u0105 ir efektyvum\u0105 didinantis priedas bet kuriai sporto \u012frangos sistemai. U\u017eraktas leid\u017eia \u0161tangai automati\u0161kai i\u0161siskleisti pak\u0117lus, tod\u0117l prit\u016bpimus ar spaudimus galima prad\u0117ti be \u017eingsnio atgal, suma\u017einant nereikaling\u0105 jud\u0117jim\u0105 ir pasiruo\u0161imo kr\u016bv\u012f.<\/p>\n<p>Suderinamas su m\u016bs\u0173 parduotuv\u0117je parduodamais j\u0117gos r\u0117mais ir daugiafunkcin\u0117mis treniruo\u010di\u0173 sistemomis. Tinka tiek nam\u0173 sporto zonoms, tiek profesionalioms sporto sal\u0117ms. Pagamintas i\u0161 tvirto plieno \u2013 patikimai veikia esant didel\u0117ms apkrovoms.<\/p>\n\n    <div class=\"xs_social_share_widget xs_share_url after_content \t\tmain_content  wslu-style-1 wslu-share-box-shaped wslu-fill-colored wslu-none wslu-share-horizontal wslu-theme-font-no wslu-main_content\">\n\n\t\t\n        <ul>\n\t\t\t        <\/ul>\n    <\/div> \n","protected":false},"excerpt":{"rendered":"<p>Z17SX &#8222;monolift&#8221; u\u017eraktas \u2013 treniruo\u010di\u0173 saugum\u0105 ir efektyvum\u0105 didinantis priedas bet kuriai sporto \u012frangos sistemai. U\u017eraktas leid\u017eia \u0161tangai automati\u0161kai i\u0161siskleisti pak\u0117lus, tod\u0117l prit\u016bpimus ar spaudimus galima prad\u0117ti be \u017eingsnio atgal, suma\u017einant nereikaling\u0105 jud\u0117jim\u0105 ir pasiruo\u0161imo kr\u016bv\u012f. Suderinamas su m\u016bs\u0173 parduotuv\u0117je parduodamais j\u0117gos r\u0117mais ir daugiafunkcin\u0117mis treniruo\u010di\u0173 sistemomis. Tinka tiek nam\u0173 sporto zonoms, tiek profesionalioms sporto [&hellip;]<\/p>\n","protected":false},"featured_media":8161,"template":"","meta":{"_acf_changed":false},"product_brand":[817],"product_cat":[418],"product_tag":[393],"class_list":{"0":"post-9801","1":"product","2":"type-product","3":"status-publish","4":"has-post-thumbnail","6":"product_brand-gym-factory-lt","7":"product_cat-treniruokliu-priedai","8":"product_tag-spalva-nera-spalvu","10":"first","11":"onbackorder","12":"taxable","13":"shipping-taxable","14":"purchasable","15":"product-type-variable"},"acf":[],"yoast_head":"<!-- This site is optimized with the Yoast SEO plugin v25.2 - https:\/\/yoast.com\/wordpress\/plugins\/seo\/ -->\n<title>&quot;Z17SX Monolift Lock&quot; - su auk\u0161tos kokyb\u0117s plieno konstrukcija<\/title>\n<meta name=\"description\" content=\"Pagamintas i\u0161 auk\u0161tos kokyb\u0117s plieno konstrukcijos, Z17SX yra patvarus ir patikimas treniruokli\u0173 sal\u0117s \u012frangos elementas, skirtas saugiai ir tvarkingai laikyti j\u016bs\u0173 \u0161tangas.\" \/>\n<meta name=\"robots\" content=\"index, follow, max-snippet:-1, max-image-preview:large, max-video-preview:-1\" \/>\n<link rel=\"canonical\" href=\"https:\/\/gymfactory.eu\/lt\/produktas\/z17sx-monolift-lock-uzraktas\/\" \/>\n<meta property=\"og:locale\" content=\"lt_LT\" \/>\n<meta property=\"og:type\" content=\"article\" \/>\n<meta property=\"og:title\" content=\"&quot;Z17SX Monolift Lock&quot; - su auk\u0161tos kokyb\u0117s plieno konstrukcija\" \/>\n<meta property=\"og:description\" content=\"Pagamintas i\u0161 auk\u0161tos kokyb\u0117s plieno konstrukcijos, Z17SX yra patvarus ir patikimas treniruokli\u0173 sal\u0117s \u012frangos elementas, skirtas saugiai ir tvarkingai laikyti j\u016bs\u0173 \u0161tangas.\" \/>\n<meta property=\"og:url\" content=\"https:\/\/gymfactory.eu\/lt\/produktas\/z17sx-monolift-lock-uzraktas\/\" \/>\n<meta property=\"og:site_name\" content=\"Gym Factory\" \/>\n<meta property=\"article:modified_time\" content=\"2025-12-08T12:38:09+00:00\" \/>\n<meta property=\"og:image\" content=\"https:\/\/gymfactory.eu\/wp-content\/uploads\/2025\/02\/high-quality-steel-structure-double-Z17SS-Barbell-Holder.webp\" \/>\n\t<meta property=\"og:image:width\" content=\"600\" \/>\n\t<meta property=\"og:image:height\" content=\"600\" \/>\n\t<meta property=\"og:image:type\" content=\"image\/webp\" \/>\n<meta name=\"twitter:card\" content=\"summary_large_image\" \/>\n<meta name=\"twitter:label1\" content=\"Est. reading time\" \/>\n\t<meta name=\"twitter:data1\" content=\"1 minut\u0117\" \/>\n<script type=\"application\/ld+json\" class=\"yoast-schema-graph\">{\"@context\":\"https:\/\/schema.org\",\"@graph\":[{\"@type\":\"WebPage\",\"@id\":\"https:\/\/gymfactory.eu\/lt\/produktas\/z17sx-monolift-lock-uzraktas\/\",\"url\":\"https:\/\/gymfactory.eu\/lt\/produktas\/z17sx-monolift-lock-uzraktas\/\",\"name\":\"\\\"Z17SX Monolift Lock\\\" - su auk\u0161tos kokyb\u0117s plieno konstrukcija\",\"isPartOf\":{\"@id\":\"https:\/\/gymfactory.eu\/lt\/#website\"},\"primaryImageOfPage\":{\"@id\":\"https:\/\/gymfactory.eu\/lt\/produktas\/z17sx-monolift-lock-uzraktas\/#primaryimage\"},\"image\":{\"@id\":\"https:\/\/gymfactory.eu\/lt\/produktas\/z17sx-monolift-lock-uzraktas\/#primaryimage\"},\"thumbnailUrl\":\"https:\/\/gymfactory.eu\/wp-content\/uploads\/2025\/02\/high-quality-steel-structure-double-Z17SS-Barbell-Holder.webp\",\"datePublished\":\"2025-02-26T12:03:08+00:00\",\"dateModified\":\"2025-12-08T12:38:09+00:00\",\"description\":\"Pagamintas i\u0161 auk\u0161tos kokyb\u0117s plieno konstrukcijos, Z17SX yra patvarus ir patikimas treniruokli\u0173 sal\u0117s \u012frangos elementas, skirtas saugiai ir tvarkingai laikyti j\u016bs\u0173 \u0161tangas.\",\"breadcrumb\":{\"@id\":\"https:\/\/gymfactory.eu\/lt\/produktas\/z17sx-monolift-lock-uzraktas\/#breadcrumb\"},\"inLanguage\":\"lt-LT\",\"potentialAction\":[{\"@type\":\"ReadAction\",\"target\":[\"https:\/\/gymfactory.eu\/lt\/produktas\/z17sx-monolift-lock-uzraktas\/\"]}]},{\"@type\":\"ImageObject\",\"inLanguage\":\"lt-LT\",\"@id\":\"https:\/\/gymfactory.eu\/lt\/produktas\/z17sx-monolift-lock-uzraktas\/#primaryimage\",\"url\":\"https:\/\/gymfactory.eu\/wp-content\/uploads\/2025\/02\/high-quality-steel-structure-double-Z17SS-Barbell-Holder.webp\",\"contentUrl\":\"https:\/\/gymfactory.eu\/wp-content\/uploads\/2025\/02\/high-quality-steel-structure-double-Z17SS-Barbell-Holder.webp\",\"width\":600,\"height\":600,\"caption\":\"Pora auk\u0161tos kokyb\u0117s plienini\u0173 konstrukcij\u0173 pried\u0173, naudojam\u0173 treniruokli\u0173 sal\u0117je. Tvirtas metalinis r\u0117mas ir saugus fiksavimo mechanizmas u\u017etikrina stabilum\u0105 atliekant svori\u0173 kilnojimo ir j\u0117gos treniruo\u010di\u0173 pratimus.\"},{\"@type\":\"BreadcrumbList\",\"@id\":\"https:\/\/gymfactory.eu\/lt\/produktas\/z17sx-monolift-lock-uzraktas\/#breadcrumb\",\"itemListElement\":[{\"@type\":\"ListItem\",\"position\":1,\"name\":\"Pagrindinis\",\"item\":\"https:\/\/gymfactory.eu\/lt\/\"},{\"@type\":\"ListItem\",\"position\":2,\"name\":\"Katalogas\",\"item\":\"https:\/\/gymfactory.eu\/lt\/katalogas\/\"},{\"@type\":\"ListItem\",\"position\":3,\"name\":\"Z17SX &#8220;Monolift&#8221; u\u017eraktas\"}]},{\"@type\":\"WebSite\",\"@id\":\"https:\/\/gymfactory.eu\/lt\/#website\",\"url\":\"https:\/\/gymfactory.eu\/lt\/\",\"name\":\"Gym Factory\",\"description\":\"\",\"publisher\":{\"@id\":\"https:\/\/gymfactory.eu\/lt\/#organization\"},\"potentialAction\":[{\"@type\":\"SearchAction\",\"target\":{\"@type\":\"EntryPoint\",\"urlTemplate\":\"https:\/\/gymfactory.eu\/lt\/?s={search_term_string}\"},\"query-input\":{\"@type\":\"PropertyValueSpecification\",\"valueRequired\":true,\"valueName\":\"search_term_string\"}}],\"inLanguage\":\"lt-LT\"},{\"@type\":\"Organization\",\"@id\":\"https:\/\/gymfactory.eu\/lt\/#organization\",\"name\":\"Sporto sal\u0117s gamykla\",\"url\":\"https:\/\/gymfactory.eu\/lt\/\",\"logo\":{\"@type\":\"ImageObject\",\"inLanguage\":\"lt-LT\",\"@id\":\"https:\/\/gymfactory.eu\/lt\/#\/schema\/logo\/image\/\",\"url\":\"https:\/\/gymfactory.eu\/wp-content\/uploads\/2024\/11\/Component-1.svg\",\"contentUrl\":\"https:\/\/gymfactory.eu\/wp-content\/uploads\/2024\/11\/Component-1.svg\",\"width\":54,\"height\":44,\"caption\":\"Sporto sal\u0117s gamykla\"},\"image\":{\"@id\":\"https:\/\/gymfactory.eu\/lt\/#\/schema\/logo\/image\/\"}}]}<\/script>\n<!-- \/ Yoast SEO plugin. -->","yoast_head_json":{"title":"\"Z17SX Monolift Lock\" - su auk\u0161tos kokyb\u0117s plieno konstrukcija","description":"Pagamintas i\u0161 auk\u0161tos kokyb\u0117s plieno konstrukcijos, Z17SX yra patvarus ir patikimas treniruokli\u0173 sal\u0117s \u012frangos elementas, skirtas saugiai ir tvarkingai laikyti j\u016bs\u0173 \u0161tangas.","robots":{"index":"index","follow":"follow","max-snippet":"max-snippet:-1","max-image-preview":"max-image-preview:large","max-video-preview":"max-video-preview:-1"},"canonical":"https:\/\/gymfactory.eu\/lt\/produktas\/z17sx-monolift-lock-uzraktas\/","og_locale":"lt_LT","og_type":"article","og_title":"\"Z17SX Monolift Lock\" - su auk\u0161tos kokyb\u0117s plieno konstrukcija","og_description":"Pagamintas i\u0161 auk\u0161tos kokyb\u0117s plieno konstrukcijos, Z17SX yra patvarus ir patikimas treniruokli\u0173 sal\u0117s \u012frangos elementas, skirtas saugiai ir tvarkingai laikyti j\u016bs\u0173 \u0161tangas.","og_url":"https:\/\/gymfactory.eu\/lt\/produktas\/z17sx-monolift-lock-uzraktas\/","og_site_name":"Gym Factory","article_modified_time":"2025-12-08T12:38:09+00:00","og_image":[{"width":600,"height":600,"url":"https:\/\/gymfactory.eu\/wp-content\/uploads\/2025\/02\/high-quality-steel-structure-double-Z17SS-Barbell-Holder.webp","type":"image\/webp"}],"twitter_card":"summary_large_image","twitter_misc":{"Est. reading time":"1 minut\u0117"},"schema":{"@context":"https:\/\/schema.org","@graph":[{"@type":"WebPage","@id":"https:\/\/gymfactory.eu\/lt\/produktas\/z17sx-monolift-lock-uzraktas\/","url":"https:\/\/gymfactory.eu\/lt\/produktas\/z17sx-monolift-lock-uzraktas\/","name":"\"Z17SX Monolift Lock\" - su auk\u0161tos kokyb\u0117s plieno konstrukcija","isPartOf":{"@id":"https:\/\/gymfactory.eu\/lt\/#website"},"primaryImageOfPage":{"@id":"https:\/\/gymfactory.eu\/lt\/produktas\/z17sx-monolift-lock-uzraktas\/#primaryimage"},"image":{"@id":"https:\/\/gymfactory.eu\/lt\/produktas\/z17sx-monolift-lock-uzraktas\/#primaryimage"},"thumbnailUrl":"https:\/\/gymfactory.eu\/wp-content\/uploads\/2025\/02\/high-quality-steel-structure-double-Z17SS-Barbell-Holder.webp","datePublished":"2025-02-26T12:03:08+00:00","dateModified":"2025-12-08T12:38:09+00:00","description":"Pagamintas i\u0161 auk\u0161tos kokyb\u0117s plieno konstrukcijos, Z17SX yra patvarus ir patikimas treniruokli\u0173 sal\u0117s \u012frangos elementas, skirtas saugiai ir tvarkingai laikyti j\u016bs\u0173 \u0161tangas.","breadcrumb":{"@id":"https:\/\/gymfactory.eu\/lt\/produktas\/z17sx-monolift-lock-uzraktas\/#breadcrumb"},"inLanguage":"lt-LT","potentialAction":[{"@type":"ReadAction","target":["https:\/\/gymfactory.eu\/lt\/produktas\/z17sx-monolift-lock-uzraktas\/"]}]},{"@type":"ImageObject","inLanguage":"lt-LT","@id":"https:\/\/gymfactory.eu\/lt\/produktas\/z17sx-monolift-lock-uzraktas\/#primaryimage","url":"https:\/\/gymfactory.eu\/wp-content\/uploads\/2025\/02\/high-quality-steel-structure-double-Z17SS-Barbell-Holder.webp","contentUrl":"https:\/\/gymfactory.eu\/wp-content\/uploads\/2025\/02\/high-quality-steel-structure-double-Z17SS-Barbell-Holder.webp","width":600,"height":600,"caption":"Pora auk\u0161tos kokyb\u0117s plienini\u0173 konstrukcij\u0173 pried\u0173, naudojam\u0173 treniruokli\u0173 sal\u0117je. Tvirtas metalinis r\u0117mas ir saugus fiksavimo mechanizmas u\u017etikrina stabilum\u0105 atliekant svori\u0173 kilnojimo ir j\u0117gos treniruo\u010di\u0173 pratimus."},{"@type":"BreadcrumbList","@id":"https:\/\/gymfactory.eu\/lt\/produktas\/z17sx-monolift-lock-uzraktas\/#breadcrumb","itemListElement":[{"@type":"ListItem","position":1,"name":"Pagrindinis","item":"https:\/\/gymfactory.eu\/lt\/"},{"@type":"ListItem","position":2,"name":"Katalogas","item":"https:\/\/gymfactory.eu\/lt\/katalogas\/"},{"@type":"ListItem","position":3,"name":"Z17SX &#8220;Monolift&#8221; u\u017eraktas"}]},{"@type":"WebSite","@id":"https:\/\/gymfactory.eu\/lt\/#website","url":"https:\/\/gymfactory.eu\/lt\/","name":"Gym Factory","description":"","publisher":{"@id":"https:\/\/gymfactory.eu\/lt\/#organization"},"potentialAction":[{"@type":"SearchAction","target":{"@type":"EntryPoint","urlTemplate":"https:\/\/gymfactory.eu\/lt\/?s={search_term_string}"},"query-input":{"@type":"PropertyValueSpecification","valueRequired":true,"valueName":"search_term_string"}}],"inLanguage":"lt-LT"},{"@type":"Organization","@id":"https:\/\/gymfactory.eu\/lt\/#organization","name":"Sporto sal\u0117s gamykla","url":"https:\/\/gymfactory.eu\/lt\/","logo":{"@type":"ImageObject","inLanguage":"lt-LT","@id":"https:\/\/gymfactory.eu\/lt\/#\/schema\/logo\/image\/","url":"https:\/\/gymfactory.eu\/wp-content\/uploads\/2024\/11\/Component-1.svg","contentUrl":"https:\/\/gymfactory.eu\/wp-content\/uploads\/2024\/11\/Component-1.svg","width":54,"height":44,"caption":"Sporto sal\u0117s gamykla"},"image":{"@id":"https:\/\/gymfactory.eu\/lt\/#\/schema\/logo\/image\/"}}]}},"_links":{"self":[{"href":"https:\/\/gymfactory.eu\/lt\/wp-json\/wp\/v2\/product\/9801","targetHints":{"allow":["GET"]}}],"collection":[{"href":"https:\/\/gymfactory.eu\/lt\/wp-json\/wp\/v2\/product"}],"about":[{"href":"https:\/\/gymfactory.eu\/lt\/wp-json\/wp\/v2\/types\/product"}],"wp:featuredmedia":[{"embeddable":true,"href":"https:\/\/gymfactory.eu\/lt\/wp-json\/wp\/v2\/media\/8161"}],"wp:attachment":[{"href":"https:\/\/gymfactory.eu\/lt\/wp-json\/wp\/v2\/media?parent=9801"}],"wp:term":[{"taxonomy":"product_brand","embeddable":true,"href":"https:\/\/gymfactory.eu\/lt\/wp-json\/wp\/v2\/product_brand?post=9801"},{"taxonomy":"product_cat","embeddable":true,"href":"https:\/\/gymfactory.eu\/lt\/wp-json\/wp\/v2\/product_cat?post=9801"},{"taxonomy":"product_tag","embeddable":true,"href":"https:\/\/gymfactory.eu\/lt\/wp-json\/wp\/v2\/product_tag?post=9801"}],"curies":[{"name":"wp","href":"https:\/\/api.w.org\/{rel}","templated":true}]}}