{"id":9799,"date":"2025-02-20T12:36:01","date_gmt":"2025-02-20T10:36:01","guid":{"rendered":"https:\/\/gymfactory.eu\/product\/z14m-nesiojamieji-push-up-strypai\/"},"modified":"2025-12-08T14:29:22","modified_gmt":"2025-12-08T12:29:22","slug":"z14m-nesiojamieji-push-up-strypai","status":"publish","type":"product","link":"https:\/\/gymfactory.eu\/lt\/produktas\/z14m-nesiojamieji-push-up-strypai\/","title":{"rendered":"Z14M Ne\u0161iojamos atsispaudim\u0173 rankenos"},"content":{"rendered":"<p>Z14M ne\u0161iojamos atsispaudim\u0173 rankenos \u2013 kompakti\u0161ka ir tvirta j\u0117gos treniruo\u010di\u0173 \u012franga, tinkama naudoti tiek nam\u0173, tiek profesionaliose sporto sal\u0117se. Parduodamos poromis, jos pakelia rank\u0173 pad\u0117t\u012f atliekant atsispaudimus, suma\u017eindamos rie\u0161\u0173 apkrov\u0105 ir i\u0161ple\u010dian\u010dios judesi\u0173 amplitud\u0119.<\/p>\n<p>Be standartini\u0173 atsispaudim\u0173, puikiai tinka gimnastikos ir k\u016bno kontrol\u0117s pratimams \u2013 L s\u0117dimui, stov\u0117jimui ant rank\u0173 ir plan\u010d\u0117s progresijoms. Ne\u0161iojamas dizainas leid\u017eia \u012ftraukti liemens stabilumo, pusiausvyros pratimus ir statinius laikymus \u012f kasdienes treniruotes tiek patalpose, tiek lauke.<\/p>\n\n    <div class=\"xs_social_share_widget xs_share_url after_content \t\tmain_content  wslu-style-1 wslu-share-box-shaped wslu-fill-colored wslu-none wslu-share-horizontal wslu-theme-font-no wslu-main_content\">\n\n\t\t\n        <ul>\n\t\t\t        <\/ul>\n    <\/div> \n","protected":false},"excerpt":{"rendered":"<p>Z14M ne\u0161iojamos atsispaudim\u0173 rankenos \u2013 kompakti\u0161ka ir tvirta j\u0117gos treniruo\u010di\u0173 \u012franga, tinkama naudoti tiek nam\u0173, tiek profesionaliose sporto sal\u0117se. Parduodamos poromis, jos pakelia rank\u0173 pad\u0117t\u012f atliekant atsispaudimus, suma\u017eindamos rie\u0161\u0173 apkrov\u0105 ir i\u0161ple\u010dian\u010dios judesi\u0173 amplitud\u0119. Be standartini\u0173 atsispaudim\u0173, puikiai tinka gimnastikos ir k\u016bno kontrol\u0117s pratimams \u2013 L s\u0117dimui, stov\u0117jimui ant rank\u0173 ir plan\u010d\u0117s progresijoms. Ne\u0161iojamas dizainas [&hellip;]<\/p>\n","protected":false},"featured_media":8133,"template":"","meta":{"_acf_changed":false},"product_brand":[817],"product_cat":[418],"product_tag":[415],"class_list":{"0":"post-9799","1":"product","2":"type-product","3":"status-publish","4":"has-post-thumbnail","6":"product_brand-gym-factory-lt","7":"product_cat-treniruokliu-priedai","8":"product_tag-spalva-tik-metaline","10":"first","11":"onbackorder","12":"taxable","13":"shipping-taxable","14":"purchasable","15":"product-type-variable","16":"has-default-attributes"},"acf":[],"yoast_head":"<!-- This site is optimized with the Yoast SEO plugin v25.2 - https:\/\/yoast.com\/wordpress\/plugins\/seo\/ -->\n<title>Z14m Ne\u0161iojamieji &quot;Push-Up&quot; strypai, skirti j\u0117gos treniruot\u0117ms<\/title>\n<meta name=\"description\" content=\"\u0160ie ne\u0161iojamieji st\u016bmimo strypai padeda atlikti \u012fvairius j\u0117gos pratimus, tod\u0117l jie yra gera nam\u0173 sporto sal\u0117s \u012franga, skirta kr\u016btin\u0117s, pe\u010di\u0173 ir \u0161erdies raumenims lavinti.\" \/>\n<meta name=\"robots\" content=\"index, follow, max-snippet:-1, max-image-preview:large, max-video-preview:-1\" \/>\n<link rel=\"canonical\" href=\"https:\/\/gymfactory.eu\/lt\/produktas\/z14m-nesiojamieji-push-up-strypai\/\" \/>\n<meta property=\"og:locale\" content=\"lt_LT\" \/>\n<meta property=\"og:type\" content=\"article\" \/>\n<meta property=\"og:title\" content=\"Z14m Ne\u0161iojamieji &quot;Push-Up&quot; strypai, skirti j\u0117gos treniruot\u0117ms\" \/>\n<meta property=\"og:description\" content=\"\u0160ie ne\u0161iojamieji st\u016bmimo strypai padeda atlikti \u012fvairius j\u0117gos pratimus, tod\u0117l jie yra gera nam\u0173 sporto sal\u0117s \u012franga, skirta kr\u016btin\u0117s, pe\u010di\u0173 ir \u0161erdies raumenims lavinti.\" \/>\n<meta property=\"og:url\" content=\"https:\/\/gymfactory.eu\/lt\/produktas\/z14m-nesiojamieji-push-up-strypai\/\" \/>\n<meta property=\"og:site_name\" content=\"Gym Factory\" \/>\n<meta property=\"article:modified_time\" content=\"2025-12-08T12:29:22+00:00\" \/>\n<meta property=\"og:image\" content=\"https:\/\/gymfactory.eu\/wp-content\/uploads\/2025\/02\/strength-training-exercises-dip-bars.webp\" \/>\n\t<meta property=\"og:image:width\" content=\"600\" \/>\n\t<meta property=\"og:image:height\" content=\"600\" \/>\n\t<meta property=\"og:image:type\" content=\"image\/webp\" \/>\n<meta name=\"twitter:card\" content=\"summary_large_image\" \/>\n<meta name=\"twitter:label1\" content=\"Est. reading time\" \/>\n\t<meta name=\"twitter:data1\" content=\"1 minut\u0117\" \/>\n<script type=\"application\/ld+json\" class=\"yoast-schema-graph\">{\"@context\":\"https:\/\/schema.org\",\"@graph\":[{\"@type\":\"WebPage\",\"@id\":\"https:\/\/gymfactory.eu\/lt\/produktas\/z14m-nesiojamieji-push-up-strypai\/\",\"url\":\"https:\/\/gymfactory.eu\/lt\/produktas\/z14m-nesiojamieji-push-up-strypai\/\",\"name\":\"Z14m Ne\u0161iojamieji \\\"Push-Up\\\" strypai, skirti j\u0117gos treniruot\u0117ms\",\"isPartOf\":{\"@id\":\"https:\/\/gymfactory.eu\/lt\/#website\"},\"primaryImageOfPage\":{\"@id\":\"https:\/\/gymfactory.eu\/lt\/produktas\/z14m-nesiojamieji-push-up-strypai\/#primaryimage\"},\"image\":{\"@id\":\"https:\/\/gymfactory.eu\/lt\/produktas\/z14m-nesiojamieji-push-up-strypai\/#primaryimage\"},\"thumbnailUrl\":\"https:\/\/gymfactory.eu\/wp-content\/uploads\/2025\/02\/strength-training-exercises-dip-bars.webp\",\"datePublished\":\"2025-02-20T10:36:01+00:00\",\"dateModified\":\"2025-12-08T12:29:22+00:00\",\"description\":\"\u0160ie ne\u0161iojamieji st\u016bmimo strypai padeda atlikti \u012fvairius j\u0117gos pratimus, tod\u0117l jie yra gera nam\u0173 sporto sal\u0117s \u012franga, skirta kr\u016btin\u0117s, pe\u010di\u0173 ir \u0161erdies raumenims lavinti.\",\"breadcrumb\":{\"@id\":\"https:\/\/gymfactory.eu\/lt\/produktas\/z14m-nesiojamieji-push-up-strypai\/#breadcrumb\"},\"inLanguage\":\"lt-LT\",\"potentialAction\":[{\"@type\":\"ReadAction\",\"target\":[\"https:\/\/gymfactory.eu\/lt\/produktas\/z14m-nesiojamieji-push-up-strypai\/\"]}]},{\"@type\":\"ImageObject\",\"inLanguage\":\"lt-LT\",\"@id\":\"https:\/\/gymfactory.eu\/lt\/produktas\/z14m-nesiojamieji-push-up-strypai\/#primaryimage\",\"url\":\"https:\/\/gymfactory.eu\/wp-content\/uploads\/2025\/02\/strength-training-exercises-dip-bars.webp\",\"contentUrl\":\"https:\/\/gymfactory.eu\/wp-content\/uploads\/2025\/02\/strength-training-exercises-dip-bars.webp\",\"width\":600,\"height\":600,\"caption\":\"Ergonomi\u0161ko dizaino, tvirto juodo metalo r\u0117mo, didelio atsparumo \u012ft\u016bpst\u0173 stryp\u0173 rinkinys, skirtas kalanetikos ir k\u016bno svorio j\u0117gos treniruot\u0117ms. \u0160ie strypai idealiai tinka \u012ft\u016bpstams, atsispaudimams ir kitiems geriems nam\u0173 sporto sal\u0117s \u012frangos komplektams.\"},{\"@type\":\"BreadcrumbList\",\"@id\":\"https:\/\/gymfactory.eu\/lt\/produktas\/z14m-nesiojamieji-push-up-strypai\/#breadcrumb\",\"itemListElement\":[{\"@type\":\"ListItem\",\"position\":1,\"name\":\"Pagrindinis\",\"item\":\"https:\/\/gymfactory.eu\/lt\/\"},{\"@type\":\"ListItem\",\"position\":2,\"name\":\"Katalogas\",\"item\":\"https:\/\/gymfactory.eu\/lt\/katalogas\/\"},{\"@type\":\"ListItem\",\"position\":3,\"name\":\"Z14M Ne\u0161iojamos atsispaudim\u0173 rankenos\"}]},{\"@type\":\"WebSite\",\"@id\":\"https:\/\/gymfactory.eu\/lt\/#website\",\"url\":\"https:\/\/gymfactory.eu\/lt\/\",\"name\":\"Gym Factory\",\"description\":\"\",\"publisher\":{\"@id\":\"https:\/\/gymfactory.eu\/lt\/#organization\"},\"potentialAction\":[{\"@type\":\"SearchAction\",\"target\":{\"@type\":\"EntryPoint\",\"urlTemplate\":\"https:\/\/gymfactory.eu\/lt\/?s={search_term_string}\"},\"query-input\":{\"@type\":\"PropertyValueSpecification\",\"valueRequired\":true,\"valueName\":\"search_term_string\"}}],\"inLanguage\":\"lt-LT\"},{\"@type\":\"Organization\",\"@id\":\"https:\/\/gymfactory.eu\/lt\/#organization\",\"name\":\"Sporto sal\u0117s gamykla\",\"url\":\"https:\/\/gymfactory.eu\/lt\/\",\"logo\":{\"@type\":\"ImageObject\",\"inLanguage\":\"lt-LT\",\"@id\":\"https:\/\/gymfactory.eu\/lt\/#\/schema\/logo\/image\/\",\"url\":\"https:\/\/gymfactory.eu\/wp-content\/uploads\/2024\/11\/Component-1.svg\",\"contentUrl\":\"https:\/\/gymfactory.eu\/wp-content\/uploads\/2024\/11\/Component-1.svg\",\"width\":54,\"height\":44,\"caption\":\"Sporto sal\u0117s gamykla\"},\"image\":{\"@id\":\"https:\/\/gymfactory.eu\/lt\/#\/schema\/logo\/image\/\"}}]}<\/script>\n<!-- \/ Yoast SEO plugin. -->","yoast_head_json":{"title":"Z14m Ne\u0161iojamieji \"Push-Up\" strypai, skirti j\u0117gos treniruot\u0117ms","description":"\u0160ie ne\u0161iojamieji st\u016bmimo strypai padeda atlikti \u012fvairius j\u0117gos pratimus, tod\u0117l jie yra gera nam\u0173 sporto sal\u0117s \u012franga, skirta kr\u016btin\u0117s, pe\u010di\u0173 ir \u0161erdies raumenims lavinti.","robots":{"index":"index","follow":"follow","max-snippet":"max-snippet:-1","max-image-preview":"max-image-preview:large","max-video-preview":"max-video-preview:-1"},"canonical":"https:\/\/gymfactory.eu\/lt\/produktas\/z14m-nesiojamieji-push-up-strypai\/","og_locale":"lt_LT","og_type":"article","og_title":"Z14m Ne\u0161iojamieji \"Push-Up\" strypai, skirti j\u0117gos treniruot\u0117ms","og_description":"\u0160ie ne\u0161iojamieji st\u016bmimo strypai padeda atlikti \u012fvairius j\u0117gos pratimus, tod\u0117l jie yra gera nam\u0173 sporto sal\u0117s \u012franga, skirta kr\u016btin\u0117s, pe\u010di\u0173 ir \u0161erdies raumenims lavinti.","og_url":"https:\/\/gymfactory.eu\/lt\/produktas\/z14m-nesiojamieji-push-up-strypai\/","og_site_name":"Gym Factory","article_modified_time":"2025-12-08T12:29:22+00:00","og_image":[{"width":600,"height":600,"url":"https:\/\/gymfactory.eu\/wp-content\/uploads\/2025\/02\/strength-training-exercises-dip-bars.webp","type":"image\/webp"}],"twitter_card":"summary_large_image","twitter_misc":{"Est. reading time":"1 minut\u0117"},"schema":{"@context":"https:\/\/schema.org","@graph":[{"@type":"WebPage","@id":"https:\/\/gymfactory.eu\/lt\/produktas\/z14m-nesiojamieji-push-up-strypai\/","url":"https:\/\/gymfactory.eu\/lt\/produktas\/z14m-nesiojamieji-push-up-strypai\/","name":"Z14m Ne\u0161iojamieji \"Push-Up\" strypai, skirti j\u0117gos treniruot\u0117ms","isPartOf":{"@id":"https:\/\/gymfactory.eu\/lt\/#website"},"primaryImageOfPage":{"@id":"https:\/\/gymfactory.eu\/lt\/produktas\/z14m-nesiojamieji-push-up-strypai\/#primaryimage"},"image":{"@id":"https:\/\/gymfactory.eu\/lt\/produktas\/z14m-nesiojamieji-push-up-strypai\/#primaryimage"},"thumbnailUrl":"https:\/\/gymfactory.eu\/wp-content\/uploads\/2025\/02\/strength-training-exercises-dip-bars.webp","datePublished":"2025-02-20T10:36:01+00:00","dateModified":"2025-12-08T12:29:22+00:00","description":"\u0160ie ne\u0161iojamieji st\u016bmimo strypai padeda atlikti \u012fvairius j\u0117gos pratimus, tod\u0117l jie yra gera nam\u0173 sporto sal\u0117s \u012franga, skirta kr\u016btin\u0117s, pe\u010di\u0173 ir \u0161erdies raumenims lavinti.","breadcrumb":{"@id":"https:\/\/gymfactory.eu\/lt\/produktas\/z14m-nesiojamieji-push-up-strypai\/#breadcrumb"},"inLanguage":"lt-LT","potentialAction":[{"@type":"ReadAction","target":["https:\/\/gymfactory.eu\/lt\/produktas\/z14m-nesiojamieji-push-up-strypai\/"]}]},{"@type":"ImageObject","inLanguage":"lt-LT","@id":"https:\/\/gymfactory.eu\/lt\/produktas\/z14m-nesiojamieji-push-up-strypai\/#primaryimage","url":"https:\/\/gymfactory.eu\/wp-content\/uploads\/2025\/02\/strength-training-exercises-dip-bars.webp","contentUrl":"https:\/\/gymfactory.eu\/wp-content\/uploads\/2025\/02\/strength-training-exercises-dip-bars.webp","width":600,"height":600,"caption":"Ergonomi\u0161ko dizaino, tvirto juodo metalo r\u0117mo, didelio atsparumo \u012ft\u016bpst\u0173 stryp\u0173 rinkinys, skirtas kalanetikos ir k\u016bno svorio j\u0117gos treniruot\u0117ms. \u0160ie strypai idealiai tinka \u012ft\u016bpstams, atsispaudimams ir kitiems geriems nam\u0173 sporto sal\u0117s \u012frangos komplektams."},{"@type":"BreadcrumbList","@id":"https:\/\/gymfactory.eu\/lt\/produktas\/z14m-nesiojamieji-push-up-strypai\/#breadcrumb","itemListElement":[{"@type":"ListItem","position":1,"name":"Pagrindinis","item":"https:\/\/gymfactory.eu\/lt\/"},{"@type":"ListItem","position":2,"name":"Katalogas","item":"https:\/\/gymfactory.eu\/lt\/katalogas\/"},{"@type":"ListItem","position":3,"name":"Z14M Ne\u0161iojamos atsispaudim\u0173 rankenos"}]},{"@type":"WebSite","@id":"https:\/\/gymfactory.eu\/lt\/#website","url":"https:\/\/gymfactory.eu\/lt\/","name":"Gym Factory","description":"","publisher":{"@id":"https:\/\/gymfactory.eu\/lt\/#organization"},"potentialAction":[{"@type":"SearchAction","target":{"@type":"EntryPoint","urlTemplate":"https:\/\/gymfactory.eu\/lt\/?s={search_term_string}"},"query-input":{"@type":"PropertyValueSpecification","valueRequired":true,"valueName":"search_term_string"}}],"inLanguage":"lt-LT"},{"@type":"Organization","@id":"https:\/\/gymfactory.eu\/lt\/#organization","name":"Sporto sal\u0117s gamykla","url":"https:\/\/gymfactory.eu\/lt\/","logo":{"@type":"ImageObject","inLanguage":"lt-LT","@id":"https:\/\/gymfactory.eu\/lt\/#\/schema\/logo\/image\/","url":"https:\/\/gymfactory.eu\/wp-content\/uploads\/2024\/11\/Component-1.svg","contentUrl":"https:\/\/gymfactory.eu\/wp-content\/uploads\/2024\/11\/Component-1.svg","width":54,"height":44,"caption":"Sporto sal\u0117s gamykla"},"image":{"@id":"https:\/\/gymfactory.eu\/lt\/#\/schema\/logo\/image\/"}}]}},"_links":{"self":[{"href":"https:\/\/gymfactory.eu\/lt\/wp-json\/wp\/v2\/product\/9799","targetHints":{"allow":["GET"]}}],"collection":[{"href":"https:\/\/gymfactory.eu\/lt\/wp-json\/wp\/v2\/product"}],"about":[{"href":"https:\/\/gymfactory.eu\/lt\/wp-json\/wp\/v2\/types\/product"}],"wp:featuredmedia":[{"embeddable":true,"href":"https:\/\/gymfactory.eu\/lt\/wp-json\/wp\/v2\/media\/8133"}],"wp:attachment":[{"href":"https:\/\/gymfactory.eu\/lt\/wp-json\/wp\/v2\/media?parent=9799"}],"wp:term":[{"taxonomy":"product_brand","embeddable":true,"href":"https:\/\/gymfactory.eu\/lt\/wp-json\/wp\/v2\/product_brand?post=9799"},{"taxonomy":"product_cat","embeddable":true,"href":"https:\/\/gymfactory.eu\/lt\/wp-json\/wp\/v2\/product_cat?post=9799"},{"taxonomy":"product_tag","embeddable":true,"href":"https:\/\/gymfactory.eu\/lt\/wp-json\/wp\/v2\/product_tag?post=9799"}],"curies":[{"name":"wp","href":"https:\/\/api.w.org\/{rel}","templated":true}]}}