{"id":9797,"date":"2025-02-20T10:12:40","date_gmt":"2025-02-20T08:12:40","guid":{"rendered":"https:\/\/gymfactory.eu\/product\/w10-2-rankenos-tvirtinimas\/"},"modified":"2025-09-09T12:51:03","modified_gmt":"2025-09-09T09:51:03","slug":"w10-2-rankenos-tvirtinimas","status":"publish","type":"product","link":"https:\/\/gymfactory.eu\/lt\/produktas\/w10-2-rankenos-tvirtinimas\/","title":{"rendered":"W10-2 Rankena"},"content":{"rendered":"<p>W10-2 rankena \u2013 auk\u0161tos kokyb\u0117s j\u0117gos treniruo\u010di\u0173 \u012franga, skirta vir\u0161utin\u0117s k\u016bno dalies raumen\u0173 stiprinimui. Tai viena i\u0161 W10 ranken\u0173 rinkinio dali\u0173, specialiai suformuota triceps\u0173 st\u016bmimams ir kitiems spaudimo pratimams su trosin\u0117mis sistemomis.<\/p>\n<p>Rankenos pad\u0117tis leid\u017eia tiksliai ir kontroliuojamai aktyvuoti tricepsus treniruot\u0117s metu.<\/p>\n\n    <div class=\"xs_social_share_widget xs_share_url after_content \t\tmain_content  wslu-style-1 wslu-share-box-shaped wslu-fill-colored wslu-none wslu-share-horizontal wslu-theme-font-no wslu-main_content\">\n\n\t\t\n        <ul>\n\t\t\t        <\/ul>\n    <\/div> \n","protected":false},"excerpt":{"rendered":"<p>W10-2 rankena \u2013 auk\u0161tos kokyb\u0117s j\u0117gos treniruo\u010di\u0173 \u012franga, skirta vir\u0161utin\u0117s k\u016bno dalies raumen\u0173 stiprinimui. Tai viena i\u0161 W10 ranken\u0173 rinkinio dali\u0173, specialiai suformuota triceps\u0173 st\u016bmimams ir kitiems spaudimo pratimams su trosin\u0117mis sistemomis. Rankenos pad\u0117tis leid\u017eia tiksliai ir kontroliuojamai aktyvuoti tricepsus treniruot\u0117s metu.<\/p>\n","protected":false},"featured_media":9168,"template":"","meta":{"_acf_changed":false},"product_brand":[56],"product_cat":[418],"product_tag":[393],"class_list":{"0":"post-9797","1":"product","2":"type-product","3":"status-publish","4":"has-post-thumbnail","6":"product_brand-gym-factory","7":"product_cat-treniruokliu-priedai","8":"product_tag-spalva-nera-spalvu","10":"first","11":"onbackorder","12":"taxable","13":"shipping-taxable","14":"purchasable","15":"product-type-simple"},"acf":[],"yoast_head":"<!-- This site is optimized with the Yoast SEO plugin v25.2 - https:\/\/yoast.com\/wordpress\/plugins\/seo\/ -->\n<title>W10-2 rankenos priedas, skirtas gerai nam\u0173 sporto \u012frangai<\/title>\n<meta name=\"description\" content=\"\u0160is auk\u0161tos kokyb\u0117s rankenos priedas yra gera nam\u0173 sporto \u012frangos dalis, u\u017etikrinanti saug\u0173 sukibim\u0105 ir param\u0105 atliekant \u012fvairius vir\u0161utin\u0117s k\u016bno dalies j\u0117gos pratimus.\" \/>\n<meta name=\"robots\" content=\"index, follow, max-snippet:-1, max-image-preview:large, max-video-preview:-1\" \/>\n<link rel=\"canonical\" href=\"https:\/\/gymfactory.eu\/lt\/produktas\/w10-2-rankenos-tvirtinimas\/\" \/>\n<meta property=\"og:locale\" content=\"lt_LT\" \/>\n<meta property=\"og:type\" content=\"article\" \/>\n<meta property=\"og:title\" content=\"W10-2 rankenos priedas, skirtas gerai nam\u0173 sporto \u012frangai\" \/>\n<meta property=\"og:description\" content=\"\u0160is auk\u0161tos kokyb\u0117s rankenos priedas yra gera nam\u0173 sporto \u012frangos dalis, u\u017etikrinanti saug\u0173 sukibim\u0105 ir param\u0105 atliekant \u012fvairius vir\u0161utin\u0117s k\u016bno dalies j\u0117gos pratimus.\" \/>\n<meta property=\"og:url\" content=\"https:\/\/gymfactory.eu\/lt\/produktas\/w10-2-rankenos-tvirtinimas\/\" \/>\n<meta property=\"og:site_name\" content=\"Gym Factory\" \/>\n<meta property=\"article:modified_time\" content=\"2025-09-09T09:51:03+00:00\" \/>\n<meta property=\"og:image\" content=\"https:\/\/gymfactory.eu\/wp-content\/uploads\/2025\/02\/high-quality-steel-structure-wide-grip-handle-1.webp\" \/>\n\t<meta property=\"og:image:width\" content=\"1181\" \/>\n\t<meta property=\"og:image:height\" content=\"1181\" \/>\n\t<meta property=\"og:image:type\" content=\"image\/webp\" \/>\n<meta name=\"twitter:card\" content=\"summary_large_image\" \/>\n<meta name=\"twitter:label1\" content=\"Est. reading time\" \/>\n\t<meta name=\"twitter:data1\" content=\"1 minut\u0117\" \/>\n<script type=\"application\/ld+json\" class=\"yoast-schema-graph\">{\"@context\":\"https:\/\/schema.org\",\"@graph\":[{\"@type\":\"WebPage\",\"@id\":\"https:\/\/gymfactory.eu\/lt\/produktas\/w10-2-rankenos-tvirtinimas\/\",\"url\":\"https:\/\/gymfactory.eu\/lt\/produktas\/w10-2-rankenos-tvirtinimas\/\",\"name\":\"W10-2 rankenos priedas, skirtas gerai nam\u0173 sporto \u012frangai\",\"isPartOf\":{\"@id\":\"https:\/\/gymfactory.eu\/lt\/#website\"},\"primaryImageOfPage\":{\"@id\":\"https:\/\/gymfactory.eu\/lt\/produktas\/w10-2-rankenos-tvirtinimas\/#primaryimage\"},\"image\":{\"@id\":\"https:\/\/gymfactory.eu\/lt\/produktas\/w10-2-rankenos-tvirtinimas\/#primaryimage\"},\"thumbnailUrl\":\"https:\/\/gymfactory.eu\/wp-content\/uploads\/2025\/02\/high-quality-steel-structure-wide-grip-handle-1.webp\",\"datePublished\":\"2025-02-20T08:12:40+00:00\",\"dateModified\":\"2025-09-09T09:51:03+00:00\",\"description\":\"\u0160is auk\u0161tos kokyb\u0117s rankenos priedas yra gera nam\u0173 sporto \u012frangos dalis, u\u017etikrinanti saug\u0173 sukibim\u0105 ir param\u0105 atliekant \u012fvairius vir\u0161utin\u0117s k\u016bno dalies j\u0117gos pratimus.\",\"breadcrumb\":{\"@id\":\"https:\/\/gymfactory.eu\/lt\/produktas\/w10-2-rankenos-tvirtinimas\/#breadcrumb\"},\"inLanguage\":\"lt-LT\",\"potentialAction\":[{\"@type\":\"ReadAction\",\"target\":[\"https:\/\/gymfactory.eu\/lt\/produktas\/w10-2-rankenos-tvirtinimas\/\"]}]},{\"@type\":\"ImageObject\",\"inLanguage\":\"lt-LT\",\"@id\":\"https:\/\/gymfactory.eu\/lt\/produktas\/w10-2-rankenos-tvirtinimas\/#primaryimage\",\"url\":\"https:\/\/gymfactory.eu\/wp-content\/uploads\/2025\/02\/high-quality-steel-structure-wide-grip-handle-1.webp\",\"contentUrl\":\"https:\/\/gymfactory.eu\/wp-content\/uploads\/2025\/02\/high-quality-steel-structure-wide-grip-handle-1.webp\",\"width\":1181,\"height\":1181,\"caption\":\"Juodos spalvos \u012franga, skirta svori\u0173 treniruo\u010di\u0173 ranken\u0173 tvirtinimui, su ergonomi\u0161ku dizainu ir kampuotomis rankenomis. \u0160i plienin\u0117 rankena skirta kabeliniams treniruokliams, kad b\u016bt\u0173 galima tvirtai ir patogiai laikyti tokius pratimus, kaip skersiniai ir s\u0117dimos eilut\u0117s. Jos patvari konstrukcija padidina stabilum\u0105 ir na\u0161um\u0105 per j\u0117gos treniruotes.\"},{\"@type\":\"BreadcrumbList\",\"@id\":\"https:\/\/gymfactory.eu\/lt\/produktas\/w10-2-rankenos-tvirtinimas\/#breadcrumb\",\"itemListElement\":[{\"@type\":\"ListItem\",\"position\":1,\"name\":\"Pagrindinis\",\"item\":\"https:\/\/gymfactory.eu\/lt\/\"},{\"@type\":\"ListItem\",\"position\":2,\"name\":\"Katalogas\",\"item\":\"https:\/\/gymfactory.eu\/lt\/katalogas\/\"},{\"@type\":\"ListItem\",\"position\":3,\"name\":\"W10-2 Rankena\"}]},{\"@type\":\"WebSite\",\"@id\":\"https:\/\/gymfactory.eu\/lt\/#website\",\"url\":\"https:\/\/gymfactory.eu\/lt\/\",\"name\":\"Gym Factory\",\"description\":\"\",\"publisher\":{\"@id\":\"https:\/\/gymfactory.eu\/lt\/#organization\"},\"potentialAction\":[{\"@type\":\"SearchAction\",\"target\":{\"@type\":\"EntryPoint\",\"urlTemplate\":\"https:\/\/gymfactory.eu\/lt\/?s={search_term_string}\"},\"query-input\":{\"@type\":\"PropertyValueSpecification\",\"valueRequired\":true,\"valueName\":\"search_term_string\"}}],\"inLanguage\":\"lt-LT\"},{\"@type\":\"Organization\",\"@id\":\"https:\/\/gymfactory.eu\/lt\/#organization\",\"name\":\"Sporto sal\u0117s gamykla\",\"url\":\"https:\/\/gymfactory.eu\/lt\/\",\"logo\":{\"@type\":\"ImageObject\",\"inLanguage\":\"lt-LT\",\"@id\":\"https:\/\/gymfactory.eu\/lt\/#\/schema\/logo\/image\/\",\"url\":\"https:\/\/gymfactory.eu\/wp-content\/uploads\/2024\/11\/Component-1.svg\",\"contentUrl\":\"https:\/\/gymfactory.eu\/wp-content\/uploads\/2024\/11\/Component-1.svg\",\"width\":54,\"height\":44,\"caption\":\"Sporto sal\u0117s gamykla\"},\"image\":{\"@id\":\"https:\/\/gymfactory.eu\/lt\/#\/schema\/logo\/image\/\"}}]}<\/script>\n<!-- \/ Yoast SEO plugin. -->","yoast_head_json":{"title":"W10-2 rankenos priedas, skirtas gerai nam\u0173 sporto \u012frangai","description":"\u0160is auk\u0161tos kokyb\u0117s rankenos priedas yra gera nam\u0173 sporto \u012frangos dalis, u\u017etikrinanti saug\u0173 sukibim\u0105 ir param\u0105 atliekant \u012fvairius vir\u0161utin\u0117s k\u016bno dalies j\u0117gos pratimus.","robots":{"index":"index","follow":"follow","max-snippet":"max-snippet:-1","max-image-preview":"max-image-preview:large","max-video-preview":"max-video-preview:-1"},"canonical":"https:\/\/gymfactory.eu\/lt\/produktas\/w10-2-rankenos-tvirtinimas\/","og_locale":"lt_LT","og_type":"article","og_title":"W10-2 rankenos priedas, skirtas gerai nam\u0173 sporto \u012frangai","og_description":"\u0160is auk\u0161tos kokyb\u0117s rankenos priedas yra gera nam\u0173 sporto \u012frangos dalis, u\u017etikrinanti saug\u0173 sukibim\u0105 ir param\u0105 atliekant \u012fvairius vir\u0161utin\u0117s k\u016bno dalies j\u0117gos pratimus.","og_url":"https:\/\/gymfactory.eu\/lt\/produktas\/w10-2-rankenos-tvirtinimas\/","og_site_name":"Gym Factory","article_modified_time":"2025-09-09T09:51:03+00:00","og_image":[{"width":1181,"height":1181,"url":"https:\/\/gymfactory.eu\/wp-content\/uploads\/2025\/02\/high-quality-steel-structure-wide-grip-handle-1.webp","type":"image\/webp"}],"twitter_card":"summary_large_image","twitter_misc":{"Est. reading time":"1 minut\u0117"},"schema":{"@context":"https:\/\/schema.org","@graph":[{"@type":"WebPage","@id":"https:\/\/gymfactory.eu\/lt\/produktas\/w10-2-rankenos-tvirtinimas\/","url":"https:\/\/gymfactory.eu\/lt\/produktas\/w10-2-rankenos-tvirtinimas\/","name":"W10-2 rankenos priedas, skirtas gerai nam\u0173 sporto \u012frangai","isPartOf":{"@id":"https:\/\/gymfactory.eu\/lt\/#website"},"primaryImageOfPage":{"@id":"https:\/\/gymfactory.eu\/lt\/produktas\/w10-2-rankenos-tvirtinimas\/#primaryimage"},"image":{"@id":"https:\/\/gymfactory.eu\/lt\/produktas\/w10-2-rankenos-tvirtinimas\/#primaryimage"},"thumbnailUrl":"https:\/\/gymfactory.eu\/wp-content\/uploads\/2025\/02\/high-quality-steel-structure-wide-grip-handle-1.webp","datePublished":"2025-02-20T08:12:40+00:00","dateModified":"2025-09-09T09:51:03+00:00","description":"\u0160is auk\u0161tos kokyb\u0117s rankenos priedas yra gera nam\u0173 sporto \u012frangos dalis, u\u017etikrinanti saug\u0173 sukibim\u0105 ir param\u0105 atliekant \u012fvairius vir\u0161utin\u0117s k\u016bno dalies j\u0117gos pratimus.","breadcrumb":{"@id":"https:\/\/gymfactory.eu\/lt\/produktas\/w10-2-rankenos-tvirtinimas\/#breadcrumb"},"inLanguage":"lt-LT","potentialAction":[{"@type":"ReadAction","target":["https:\/\/gymfactory.eu\/lt\/produktas\/w10-2-rankenos-tvirtinimas\/"]}]},{"@type":"ImageObject","inLanguage":"lt-LT","@id":"https:\/\/gymfactory.eu\/lt\/produktas\/w10-2-rankenos-tvirtinimas\/#primaryimage","url":"https:\/\/gymfactory.eu\/wp-content\/uploads\/2025\/02\/high-quality-steel-structure-wide-grip-handle-1.webp","contentUrl":"https:\/\/gymfactory.eu\/wp-content\/uploads\/2025\/02\/high-quality-steel-structure-wide-grip-handle-1.webp","width":1181,"height":1181,"caption":"Juodos spalvos \u012franga, skirta svori\u0173 treniruo\u010di\u0173 ranken\u0173 tvirtinimui, su ergonomi\u0161ku dizainu ir kampuotomis rankenomis. \u0160i plienin\u0117 rankena skirta kabeliniams treniruokliams, kad b\u016bt\u0173 galima tvirtai ir patogiai laikyti tokius pratimus, kaip skersiniai ir s\u0117dimos eilut\u0117s. Jos patvari konstrukcija padidina stabilum\u0105 ir na\u0161um\u0105 per j\u0117gos treniruotes."},{"@type":"BreadcrumbList","@id":"https:\/\/gymfactory.eu\/lt\/produktas\/w10-2-rankenos-tvirtinimas\/#breadcrumb","itemListElement":[{"@type":"ListItem","position":1,"name":"Pagrindinis","item":"https:\/\/gymfactory.eu\/lt\/"},{"@type":"ListItem","position":2,"name":"Katalogas","item":"https:\/\/gymfactory.eu\/lt\/katalogas\/"},{"@type":"ListItem","position":3,"name":"W10-2 Rankena"}]},{"@type":"WebSite","@id":"https:\/\/gymfactory.eu\/lt\/#website","url":"https:\/\/gymfactory.eu\/lt\/","name":"Gym Factory","description":"","publisher":{"@id":"https:\/\/gymfactory.eu\/lt\/#organization"},"potentialAction":[{"@type":"SearchAction","target":{"@type":"EntryPoint","urlTemplate":"https:\/\/gymfactory.eu\/lt\/?s={search_term_string}"},"query-input":{"@type":"PropertyValueSpecification","valueRequired":true,"valueName":"search_term_string"}}],"inLanguage":"lt-LT"},{"@type":"Organization","@id":"https:\/\/gymfactory.eu\/lt\/#organization","name":"Sporto sal\u0117s gamykla","url":"https:\/\/gymfactory.eu\/lt\/","logo":{"@type":"ImageObject","inLanguage":"lt-LT","@id":"https:\/\/gymfactory.eu\/lt\/#\/schema\/logo\/image\/","url":"https:\/\/gymfactory.eu\/wp-content\/uploads\/2024\/11\/Component-1.svg","contentUrl":"https:\/\/gymfactory.eu\/wp-content\/uploads\/2024\/11\/Component-1.svg","width":54,"height":44,"caption":"Sporto sal\u0117s gamykla"},"image":{"@id":"https:\/\/gymfactory.eu\/lt\/#\/schema\/logo\/image\/"}}]}},"_links":{"self":[{"href":"https:\/\/gymfactory.eu\/lt\/wp-json\/wp\/v2\/product\/9797","targetHints":{"allow":["GET"]}}],"collection":[{"href":"https:\/\/gymfactory.eu\/lt\/wp-json\/wp\/v2\/product"}],"about":[{"href":"https:\/\/gymfactory.eu\/lt\/wp-json\/wp\/v2\/types\/product"}],"wp:featuredmedia":[{"embeddable":true,"href":"https:\/\/gymfactory.eu\/lt\/wp-json\/wp\/v2\/media\/9168"}],"wp:attachment":[{"href":"https:\/\/gymfactory.eu\/lt\/wp-json\/wp\/v2\/media?parent=9797"}],"wp:term":[{"taxonomy":"product_brand","embeddable":true,"href":"https:\/\/gymfactory.eu\/lt\/wp-json\/wp\/v2\/product_brand?post=9797"},{"taxonomy":"product_cat","embeddable":true,"href":"https:\/\/gymfactory.eu\/lt\/wp-json\/wp\/v2\/product_cat?post=9797"},{"taxonomy":"product_tag","embeddable":true,"href":"https:\/\/gymfactory.eu\/lt\/wp-json\/wp\/v2\/product_tag?post=9797"}],"curies":[{"name":"wp","href":"https:\/\/api.w.org\/{rel}","templated":true}]}}