{"id":9796,"date":"2025-02-20T11:34:37","date_gmt":"2025-02-20T09:34:37","guid":{"rendered":"https:\/\/gymfactory.eu\/product\/y3-gumines-grindinio-plyteles\/"},"modified":"2025-12-08T14:27:17","modified_gmt":"2025-12-08T12:27:17","slug":"y3-gumines-grindinio-plyteles","status":"publish","type":"product","link":"https:\/\/gymfactory.eu\/lt\/produktas\/y3-gumines-grindinio-plyteles\/","title":{"rendered":"Y3 Gumin\u0117s grind\u0173 plytel\u0117s"},"content":{"rendered":"<p>Y3 gumin\u0117s grind\u0173 plytel\u0117s skirtos nam\u0173 ir profesionalioms sporto sal\u0117ms. Jos sukuria tvirt\u0105 ir atspar\u0173 pavir\u0161i\u0173, kuris atlaiko sunki\u0105 \u012frang\u0105 ir intensyv\u0173 sm\u016bg\u012f. Gumin\u0117 med\u017eiaga sugeria sm\u016bgius, ma\u017eina triuk\u0161m\u0105 ir didina saugum\u0105 treniruo\u010di\u0173 metu.<\/p>\n<p>Plytel\u0117s si\u016blomos keli\u0173 storio variant\u0173 (nuo 20 mm iki 80 mm), spalv\u0173 (juoda, raudona, pilka, \u017ealia) ir dyd\u017ei\u0173 (500\u00d7500 mm arba 1000\u00d71000 mm). Lengvai montuojamos ir pritaikomos prie \u012fvairi\u0173 erdvi\u0173. Tvirta konstrukcija apsaugo grindis ir padeda i\u0161laikyti tvarking\u0105 bei profesionali\u0105 sporto sal\u0117s aplink\u0105.<\/p>\n\n    <div class=\"xs_social_share_widget xs_share_url after_content \t\tmain_content  wslu-style-1 wslu-share-box-shaped wslu-fill-colored wslu-none wslu-share-horizontal wslu-theme-font-no wslu-main_content\">\n\n\t\t\n        <ul>\n\t\t\t        <\/ul>\n    <\/div> \n","protected":false},"excerpt":{"rendered":"<p>Y3 gumin\u0117s grind\u0173 plytel\u0117s skirtos nam\u0173 ir profesionalioms sporto sal\u0117ms. Jos sukuria tvirt\u0105 ir atspar\u0173 pavir\u0161i\u0173, kuris atlaiko sunki\u0105 \u012frang\u0105 ir intensyv\u0173 sm\u016bg\u012f. Gumin\u0117 med\u017eiaga sugeria sm\u016bgius, ma\u017eina triuk\u0161m\u0105 ir didina saugum\u0105 treniruo\u010di\u0173 metu. Plytel\u0117s si\u016blomos keli\u0173 storio variant\u0173 (nuo 20 mm iki 80 mm), spalv\u0173 (juoda, raudona, pilka, \u017ealia) ir dyd\u017ei\u0173 (500\u00d7500 mm arba [&hellip;]<\/p>\n","protected":false},"featured_media":8131,"template":"","meta":{"_acf_changed":false},"product_brand":[817],"product_cat":[418],"product_tag":[607],"class_list":{"0":"post-9796","1":"product","2":"type-product","3":"status-publish","4":"has-post-thumbnail","6":"product_brand-gym-factory-lt","7":"product_cat-treniruokliu-priedai","8":"product_tag-spalva-y3","10":"first","11":"onbackorder","12":"taxable","13":"shipping-taxable","14":"purchasable","15":"product-type-simple"},"acf":[],"yoast_head":"<!-- This site is optimized with the Yoast SEO plugin v25.2 - https:\/\/yoast.com\/wordpress\/plugins\/seo\/ -->\n<title>Y3 gumin\u0117s grindinio plytel\u0117s: Sporto sal\u0117s grindys namams ir komercin\u0117ms sporto sal\u0117ms<\/title>\n<meta name=\"description\" content=\"\u0160ios gumin\u0117s grindinio plytel\u0117s sukuria tvirt\u0105 sporto sal\u0117s pavir\u0161i\u0173, u\u017etikrinant\u012f ilgaam\u017ei\u0161kum\u0105 ir apsaug\u0105. Jos idealiai tinka komercin\u0117ms sporto sali\u0173 grindims.\" \/>\n<meta name=\"robots\" content=\"index, follow, max-snippet:-1, max-image-preview:large, max-video-preview:-1\" \/>\n<link rel=\"canonical\" href=\"https:\/\/gymfactory.eu\/lt\/produktas\/y3-gumines-grindinio-plyteles\/\" \/>\n<meta property=\"og:locale\" content=\"lt_LT\" \/>\n<meta property=\"og:type\" content=\"article\" \/>\n<meta property=\"og:title\" content=\"Y3 gumin\u0117s grindinio plytel\u0117s: Sporto sal\u0117s grindys namams ir komercin\u0117ms sporto sal\u0117ms\" \/>\n<meta property=\"og:description\" content=\"\u0160ios gumin\u0117s grindinio plytel\u0117s sukuria tvirt\u0105 sporto sal\u0117s pavir\u0161i\u0173, u\u017etikrinant\u012f ilgaam\u017ei\u0161kum\u0105 ir apsaug\u0105. Jos idealiai tinka komercin\u0117ms sporto sali\u0173 grindims.\" \/>\n<meta property=\"og:url\" content=\"https:\/\/gymfactory.eu\/lt\/produktas\/y3-gumines-grindinio-plyteles\/\" \/>\n<meta property=\"og:site_name\" content=\"Gym Factory\" \/>\n<meta property=\"article:modified_time\" content=\"2025-12-08T12:27:17+00:00\" \/>\n<meta property=\"og:image\" content=\"https:\/\/gymfactory.eu\/wp-content\/uploads\/2025\/02\/gym-surface-rubber-tiles-comparison.webp\" \/>\n\t<meta property=\"og:image:width\" content=\"1000\" \/>\n\t<meta property=\"og:image:height\" content=\"1000\" \/>\n\t<meta property=\"og:image:type\" content=\"image\/webp\" \/>\n<meta name=\"twitter:card\" content=\"summary_large_image\" \/>\n<meta name=\"twitter:label1\" content=\"Est. reading time\" \/>\n\t<meta name=\"twitter:data1\" content=\"1 minut\u0117\" \/>\n<script type=\"application\/ld+json\" class=\"yoast-schema-graph\">{\"@context\":\"https:\/\/schema.org\",\"@graph\":[{\"@type\":\"WebPage\",\"@id\":\"https:\/\/gymfactory.eu\/lt\/produktas\/y3-gumines-grindinio-plyteles\/\",\"url\":\"https:\/\/gymfactory.eu\/lt\/produktas\/y3-gumines-grindinio-plyteles\/\",\"name\":\"Y3 gumin\u0117s grindinio plytel\u0117s: Sporto sal\u0117s grindys namams ir komercin\u0117ms sporto sal\u0117ms\",\"isPartOf\":{\"@id\":\"https:\/\/gymfactory.eu\/lt\/#website\"},\"primaryImageOfPage\":{\"@id\":\"https:\/\/gymfactory.eu\/lt\/produktas\/y3-gumines-grindinio-plyteles\/#primaryimage\"},\"image\":{\"@id\":\"https:\/\/gymfactory.eu\/lt\/produktas\/y3-gumines-grindinio-plyteles\/#primaryimage\"},\"thumbnailUrl\":\"https:\/\/gymfactory.eu\/wp-content\/uploads\/2025\/02\/gym-surface-rubber-tiles-comparison.webp\",\"datePublished\":\"2025-02-20T09:34:37+00:00\",\"dateModified\":\"2025-12-08T12:27:17+00:00\",\"description\":\"\u0160ios gumin\u0117s grindinio plytel\u0117s sukuria tvirt\u0105 sporto sal\u0117s pavir\u0161i\u0173, u\u017etikrinant\u012f ilgaam\u017ei\u0161kum\u0105 ir apsaug\u0105. Jos idealiai tinka komercin\u0117ms sporto sali\u0173 grindims.\",\"breadcrumb\":{\"@id\":\"https:\/\/gymfactory.eu\/lt\/produktas\/y3-gumines-grindinio-plyteles\/#breadcrumb\"},\"inLanguage\":\"lt-LT\",\"potentialAction\":[{\"@type\":\"ReadAction\",\"target\":[\"https:\/\/gymfactory.eu\/lt\/produktas\/y3-gumines-grindinio-plyteles\/\"]}]},{\"@type\":\"ImageObject\",\"inLanguage\":\"lt-LT\",\"@id\":\"https:\/\/gymfactory.eu\/lt\/produktas\/y3-gumines-grindinio-plyteles\/#primaryimage\",\"url\":\"https:\/\/gymfactory.eu\/wp-content\/uploads\/2025\/02\/gym-surface-rubber-tiles-comparison.webp\",\"contentUrl\":\"https:\/\/gymfactory.eu\/wp-content\/uploads\/2025\/02\/gym-surface-rubber-tiles-comparison.webp\",\"width\":1000,\"height\":1000,\"caption\":\"Skirting\u0173 dyd\u017ei\u0173 gumini\u0173 sporto sal\u0117s grind\u0173 plyteli\u0173 palyginimas. Paveiksl\u0117lyje matomos 500x500 mm ir 1000x1000 mm plyteli\u0173, kurios gali b\u016bti \u012fvairi\u0173 spalv\u0173 ir tinka komercin\u0117ms sporto sal\u0117ms.\"},{\"@type\":\"BreadcrumbList\",\"@id\":\"https:\/\/gymfactory.eu\/lt\/produktas\/y3-gumines-grindinio-plyteles\/#breadcrumb\",\"itemListElement\":[{\"@type\":\"ListItem\",\"position\":1,\"name\":\"Pagrindinis\",\"item\":\"https:\/\/gymfactory.eu\/lt\/\"},{\"@type\":\"ListItem\",\"position\":2,\"name\":\"Katalogas\",\"item\":\"https:\/\/gymfactory.eu\/lt\/katalogas\/\"},{\"@type\":\"ListItem\",\"position\":3,\"name\":\"Y3 Gumin\u0117s grind\u0173 plytel\u0117s\"}]},{\"@type\":\"WebSite\",\"@id\":\"https:\/\/gymfactory.eu\/lt\/#website\",\"url\":\"https:\/\/gymfactory.eu\/lt\/\",\"name\":\"Gym Factory\",\"description\":\"\",\"publisher\":{\"@id\":\"https:\/\/gymfactory.eu\/lt\/#organization\"},\"potentialAction\":[{\"@type\":\"SearchAction\",\"target\":{\"@type\":\"EntryPoint\",\"urlTemplate\":\"https:\/\/gymfactory.eu\/lt\/?s={search_term_string}\"},\"query-input\":{\"@type\":\"PropertyValueSpecification\",\"valueRequired\":true,\"valueName\":\"search_term_string\"}}],\"inLanguage\":\"lt-LT\"},{\"@type\":\"Organization\",\"@id\":\"https:\/\/gymfactory.eu\/lt\/#organization\",\"name\":\"Sporto sal\u0117s gamykla\",\"url\":\"https:\/\/gymfactory.eu\/lt\/\",\"logo\":{\"@type\":\"ImageObject\",\"inLanguage\":\"lt-LT\",\"@id\":\"https:\/\/gymfactory.eu\/lt\/#\/schema\/logo\/image\/\",\"url\":\"https:\/\/gymfactory.eu\/wp-content\/uploads\/2024\/11\/Component-1.svg\",\"contentUrl\":\"https:\/\/gymfactory.eu\/wp-content\/uploads\/2024\/11\/Component-1.svg\",\"width\":54,\"height\":44,\"caption\":\"Sporto sal\u0117s gamykla\"},\"image\":{\"@id\":\"https:\/\/gymfactory.eu\/lt\/#\/schema\/logo\/image\/\"}}]}<\/script>\n<!-- \/ Yoast SEO plugin. -->","yoast_head_json":{"title":"Y3 gumin\u0117s grindinio plytel\u0117s: Sporto sal\u0117s grindys namams ir komercin\u0117ms sporto sal\u0117ms","description":"\u0160ios gumin\u0117s grindinio plytel\u0117s sukuria tvirt\u0105 sporto sal\u0117s pavir\u0161i\u0173, u\u017etikrinant\u012f ilgaam\u017ei\u0161kum\u0105 ir apsaug\u0105. Jos idealiai tinka komercin\u0117ms sporto sali\u0173 grindims.","robots":{"index":"index","follow":"follow","max-snippet":"max-snippet:-1","max-image-preview":"max-image-preview:large","max-video-preview":"max-video-preview:-1"},"canonical":"https:\/\/gymfactory.eu\/lt\/produktas\/y3-gumines-grindinio-plyteles\/","og_locale":"lt_LT","og_type":"article","og_title":"Y3 gumin\u0117s grindinio plytel\u0117s: Sporto sal\u0117s grindys namams ir komercin\u0117ms sporto sal\u0117ms","og_description":"\u0160ios gumin\u0117s grindinio plytel\u0117s sukuria tvirt\u0105 sporto sal\u0117s pavir\u0161i\u0173, u\u017etikrinant\u012f ilgaam\u017ei\u0161kum\u0105 ir apsaug\u0105. Jos idealiai tinka komercin\u0117ms sporto sali\u0173 grindims.","og_url":"https:\/\/gymfactory.eu\/lt\/produktas\/y3-gumines-grindinio-plyteles\/","og_site_name":"Gym Factory","article_modified_time":"2025-12-08T12:27:17+00:00","og_image":[{"width":1000,"height":1000,"url":"https:\/\/gymfactory.eu\/wp-content\/uploads\/2025\/02\/gym-surface-rubber-tiles-comparison.webp","type":"image\/webp"}],"twitter_card":"summary_large_image","twitter_misc":{"Est. reading time":"1 minut\u0117"},"schema":{"@context":"https:\/\/schema.org","@graph":[{"@type":"WebPage","@id":"https:\/\/gymfactory.eu\/lt\/produktas\/y3-gumines-grindinio-plyteles\/","url":"https:\/\/gymfactory.eu\/lt\/produktas\/y3-gumines-grindinio-plyteles\/","name":"Y3 gumin\u0117s grindinio plytel\u0117s: Sporto sal\u0117s grindys namams ir komercin\u0117ms sporto sal\u0117ms","isPartOf":{"@id":"https:\/\/gymfactory.eu\/lt\/#website"},"primaryImageOfPage":{"@id":"https:\/\/gymfactory.eu\/lt\/produktas\/y3-gumines-grindinio-plyteles\/#primaryimage"},"image":{"@id":"https:\/\/gymfactory.eu\/lt\/produktas\/y3-gumines-grindinio-plyteles\/#primaryimage"},"thumbnailUrl":"https:\/\/gymfactory.eu\/wp-content\/uploads\/2025\/02\/gym-surface-rubber-tiles-comparison.webp","datePublished":"2025-02-20T09:34:37+00:00","dateModified":"2025-12-08T12:27:17+00:00","description":"\u0160ios gumin\u0117s grindinio plytel\u0117s sukuria tvirt\u0105 sporto sal\u0117s pavir\u0161i\u0173, u\u017etikrinant\u012f ilgaam\u017ei\u0161kum\u0105 ir apsaug\u0105. Jos idealiai tinka komercin\u0117ms sporto sali\u0173 grindims.","breadcrumb":{"@id":"https:\/\/gymfactory.eu\/lt\/produktas\/y3-gumines-grindinio-plyteles\/#breadcrumb"},"inLanguage":"lt-LT","potentialAction":[{"@type":"ReadAction","target":["https:\/\/gymfactory.eu\/lt\/produktas\/y3-gumines-grindinio-plyteles\/"]}]},{"@type":"ImageObject","inLanguage":"lt-LT","@id":"https:\/\/gymfactory.eu\/lt\/produktas\/y3-gumines-grindinio-plyteles\/#primaryimage","url":"https:\/\/gymfactory.eu\/wp-content\/uploads\/2025\/02\/gym-surface-rubber-tiles-comparison.webp","contentUrl":"https:\/\/gymfactory.eu\/wp-content\/uploads\/2025\/02\/gym-surface-rubber-tiles-comparison.webp","width":1000,"height":1000,"caption":"Skirting\u0173 dyd\u017ei\u0173 gumini\u0173 sporto sal\u0117s grind\u0173 plyteli\u0173 palyginimas. Paveiksl\u0117lyje matomos 500x500 mm ir 1000x1000 mm plyteli\u0173, kurios gali b\u016bti \u012fvairi\u0173 spalv\u0173 ir tinka komercin\u0117ms sporto sal\u0117ms."},{"@type":"BreadcrumbList","@id":"https:\/\/gymfactory.eu\/lt\/produktas\/y3-gumines-grindinio-plyteles\/#breadcrumb","itemListElement":[{"@type":"ListItem","position":1,"name":"Pagrindinis","item":"https:\/\/gymfactory.eu\/lt\/"},{"@type":"ListItem","position":2,"name":"Katalogas","item":"https:\/\/gymfactory.eu\/lt\/katalogas\/"},{"@type":"ListItem","position":3,"name":"Y3 Gumin\u0117s grind\u0173 plytel\u0117s"}]},{"@type":"WebSite","@id":"https:\/\/gymfactory.eu\/lt\/#website","url":"https:\/\/gymfactory.eu\/lt\/","name":"Gym Factory","description":"","publisher":{"@id":"https:\/\/gymfactory.eu\/lt\/#organization"},"potentialAction":[{"@type":"SearchAction","target":{"@type":"EntryPoint","urlTemplate":"https:\/\/gymfactory.eu\/lt\/?s={search_term_string}"},"query-input":{"@type":"PropertyValueSpecification","valueRequired":true,"valueName":"search_term_string"}}],"inLanguage":"lt-LT"},{"@type":"Organization","@id":"https:\/\/gymfactory.eu\/lt\/#organization","name":"Sporto sal\u0117s gamykla","url":"https:\/\/gymfactory.eu\/lt\/","logo":{"@type":"ImageObject","inLanguage":"lt-LT","@id":"https:\/\/gymfactory.eu\/lt\/#\/schema\/logo\/image\/","url":"https:\/\/gymfactory.eu\/wp-content\/uploads\/2024\/11\/Component-1.svg","contentUrl":"https:\/\/gymfactory.eu\/wp-content\/uploads\/2024\/11\/Component-1.svg","width":54,"height":44,"caption":"Sporto sal\u0117s gamykla"},"image":{"@id":"https:\/\/gymfactory.eu\/lt\/#\/schema\/logo\/image\/"}}]}},"_links":{"self":[{"href":"https:\/\/gymfactory.eu\/lt\/wp-json\/wp\/v2\/product\/9796","targetHints":{"allow":["GET"]}}],"collection":[{"href":"https:\/\/gymfactory.eu\/lt\/wp-json\/wp\/v2\/product"}],"about":[{"href":"https:\/\/gymfactory.eu\/lt\/wp-json\/wp\/v2\/types\/product"}],"wp:featuredmedia":[{"embeddable":true,"href":"https:\/\/gymfactory.eu\/lt\/wp-json\/wp\/v2\/media\/8131"}],"wp:attachment":[{"href":"https:\/\/gymfactory.eu\/lt\/wp-json\/wp\/v2\/media?parent=9796"}],"wp:term":[{"taxonomy":"product_brand","embeddable":true,"href":"https:\/\/gymfactory.eu\/lt\/wp-json\/wp\/v2\/product_brand?post=9796"},{"taxonomy":"product_cat","embeddable":true,"href":"https:\/\/gymfactory.eu\/lt\/wp-json\/wp\/v2\/product_cat?post=9796"},{"taxonomy":"product_tag","embeddable":true,"href":"https:\/\/gymfactory.eu\/lt\/wp-json\/wp\/v2\/product_tag?post=9796"}],"curies":[{"name":"wp","href":"https:\/\/api.w.org\/{rel}","templated":true}]}}