{"id":9795,"date":"2025-02-20T11:05:36","date_gmt":"2025-02-20T09:05:36","guid":{"rendered":"https:\/\/gymfactory.eu\/product\/y2-deliones-guminis-kilimelis\/"},"modified":"2025-09-10T14:36:11","modified_gmt":"2025-09-10T11:36:11","slug":"y2-deliones-guminis-kilimelis","status":"publish","type":"product","link":"https:\/\/gymfactory.eu\/lt\/produktas\/y2-deliones-guminis-kilimelis\/","title":{"rendered":"Y2 &#8222;Puzzle&#8221; gumin\u0117 danga"},"content":{"rendered":"<p>Y2 &#8222;puzzle&#8221; gumin\u0117 danga \u2013 grind\u0173 sprendimas nam\u0173 ir profesionalioms sporto sal\u0117ms. U\u017erakinama sistema u\u017etikrina stabil\u0173 ir saug\u0173 pavir\u0161i\u0173, kuris sugeria sm\u016bgius ir ma\u017eina triuk\u0161m\u0105.<\/p>\n<p>Tvirta ir atspari d\u0117v\u0117jimuisi, tinkama sunki\u0173 treniruokli\u0173 apsaugai ir intensyviam naudojimui. Gumin\u0117 med\u017eiaga suteikia nat\u016bral\u0173 sukibim\u0105, ma\u017eindama paslydimo rizik\u0105 treniruo\u010di\u0173 metu.<\/p>\n<p>Puikiai tinka tiek nam\u0173 sporto zonoms, tiek didel\u0117ms sporto \u012fstaigoms. Apsaugo pagrindines grindis ir padeda i\u0161laikyti tvarking\u0105, profesionali\u0105 aplink\u0105.<\/p>\n\n    <div class=\"xs_social_share_widget xs_share_url after_content \t\tmain_content  wslu-style-1 wslu-share-box-shaped wslu-fill-colored wslu-none wslu-share-horizontal wslu-theme-font-no wslu-main_content\">\n\n\t\t\n        <ul>\n\t\t\t        <\/ul>\n    <\/div> \n","protected":false},"excerpt":{"rendered":"<p>Y2 &#8222;puzzle&#8221; gumin\u0117 danga \u2013 grind\u0173 sprendimas nam\u0173 ir profesionalioms sporto sal\u0117ms. U\u017erakinama sistema u\u017etikrina stabil\u0173 ir saug\u0173 pavir\u0161i\u0173, kuris sugeria sm\u016bgius ir ma\u017eina triuk\u0161m\u0105. Tvirta ir atspari d\u0117v\u0117jimuisi, tinkama sunki\u0173 treniruokli\u0173 apsaugai ir intensyviam naudojimui. Gumin\u0117 med\u017eiaga suteikia nat\u016bral\u0173 sukibim\u0105, ma\u017eindama paslydimo rizik\u0105 treniruo\u010di\u0173 metu. Puikiai tinka tiek nam\u0173 sporto zonoms, tiek didel\u0117ms sporto [&hellip;]<\/p>\n","protected":false},"featured_media":9141,"template":"","meta":{"_acf_changed":false},"product_brand":[56],"product_cat":[418],"product_tag":[393],"class_list":{"0":"post-9795","1":"product","2":"type-product","3":"status-publish","4":"has-post-thumbnail","6":"product_brand-gym-factory","7":"product_cat-treniruokliu-priedai","8":"product_tag-spalva-nera-spalvu","10":"first","11":"onbackorder","12":"taxable","13":"shipping-taxable","14":"purchasable","15":"product-type-simple"},"acf":[],"yoast_head":"<!-- This site is optimized with the Yoast SEO plugin v25.2 - https:\/\/yoast.com\/wordpress\/plugins\/seo\/ -->\n<title>Y2 guminis kilim\u0117lis - sporto sal\u0117s grindys namams ir komercin\u0117ms sporto sal\u0117ms<\/title>\n<meta name=\"description\" content=\"\u0160is guminis kilim\u0117lis yra patvari sporto sal\u0117s grind\u0173 danga namams ir puikiai tinka komercin\u0117se sporto sal\u0117se, nes u\u017etikrina apsaugin\u012f, stabil\u0173 ir sm\u016bgiams atspar\u0173 pavir\u0161i\u0173.\" \/>\n<meta name=\"robots\" content=\"index, follow, max-snippet:-1, max-image-preview:large, max-video-preview:-1\" \/>\n<link rel=\"canonical\" href=\"https:\/\/gymfactory.eu\/lt\/produktas\/y2-deliones-guminis-kilimelis\/\" \/>\n<meta property=\"og:locale\" content=\"lt_LT\" \/>\n<meta property=\"og:type\" content=\"article\" \/>\n<meta property=\"og:title\" content=\"Y2 guminis kilim\u0117lis - sporto sal\u0117s grindys namams ir komercin\u0117ms sporto sal\u0117ms\" \/>\n<meta property=\"og:description\" content=\"\u0160is guminis kilim\u0117lis yra patvari sporto sal\u0117s grind\u0173 danga namams ir puikiai tinka komercin\u0117se sporto sal\u0117se, nes u\u017etikrina apsaugin\u012f, stabil\u0173 ir sm\u016bgiams atspar\u0173 pavir\u0161i\u0173.\" \/>\n<meta property=\"og:url\" content=\"https:\/\/gymfactory.eu\/lt\/produktas\/y2-deliones-guminis-kilimelis\/\" \/>\n<meta property=\"og:site_name\" content=\"Gym Factory\" \/>\n<meta property=\"article:modified_time\" content=\"2025-09-10T11:36:11+00:00\" \/>\n<meta property=\"og:image\" content=\"https:\/\/gymfactory.eu\/wp-content\/uploads\/2025\/02\/gym-surface-black-speckled-mat-1-1.webp\" \/>\n\t<meta property=\"og:image:width\" content=\"1500\" \/>\n\t<meta property=\"og:image:height\" content=\"1500\" \/>\n\t<meta property=\"og:image:type\" content=\"image\/webp\" \/>\n<meta name=\"twitter:card\" content=\"summary_large_image\" \/>\n<meta name=\"twitter:label1\" content=\"Est. reading time\" \/>\n\t<meta name=\"twitter:data1\" content=\"1 minut\u0117\" \/>\n<script type=\"application\/ld+json\" class=\"yoast-schema-graph\">{\"@context\":\"https:\/\/schema.org\",\"@graph\":[{\"@type\":\"WebPage\",\"@id\":\"https:\/\/gymfactory.eu\/lt\/produktas\/y2-deliones-guminis-kilimelis\/\",\"url\":\"https:\/\/gymfactory.eu\/lt\/produktas\/y2-deliones-guminis-kilimelis\/\",\"name\":\"Y2 guminis kilim\u0117lis - sporto sal\u0117s grindys namams ir komercin\u0117ms sporto sal\u0117ms\",\"isPartOf\":{\"@id\":\"https:\/\/gymfactory.eu\/lt\/#website\"},\"primaryImageOfPage\":{\"@id\":\"https:\/\/gymfactory.eu\/lt\/produktas\/y2-deliones-guminis-kilimelis\/#primaryimage\"},\"image\":{\"@id\":\"https:\/\/gymfactory.eu\/lt\/produktas\/y2-deliones-guminis-kilimelis\/#primaryimage\"},\"thumbnailUrl\":\"https:\/\/gymfactory.eu\/wp-content\/uploads\/2025\/02\/gym-surface-black-speckled-mat-1-1.webp\",\"datePublished\":\"2025-02-20T09:05:36+00:00\",\"dateModified\":\"2025-09-10T11:36:11+00:00\",\"description\":\"\u0160is guminis kilim\u0117lis yra patvari sporto sal\u0117s grind\u0173 danga namams ir puikiai tinka komercin\u0117se sporto sal\u0117se, nes u\u017etikrina apsaugin\u012f, stabil\u0173 ir sm\u016bgiams atspar\u0173 pavir\u0161i\u0173.\",\"breadcrumb\":{\"@id\":\"https:\/\/gymfactory.eu\/lt\/produktas\/y2-deliones-guminis-kilimelis\/#breadcrumb\"},\"inLanguage\":\"lt-LT\",\"potentialAction\":[{\"@type\":\"ReadAction\",\"target\":[\"https:\/\/gymfactory.eu\/lt\/produktas\/y2-deliones-guminis-kilimelis\/\"]}]},{\"@type\":\"ImageObject\",\"inLanguage\":\"lt-LT\",\"@id\":\"https:\/\/gymfactory.eu\/lt\/produktas\/y2-deliones-guminis-kilimelis\/#primaryimage\",\"url\":\"https:\/\/gymfactory.eu\/wp-content\/uploads\/2025\/02\/gym-surface-black-speckled-mat-1-1.webp\",\"contentUrl\":\"https:\/\/gymfactory.eu\/wp-content\/uploads\/2025\/02\/gym-surface-black-speckled-mat-1-1.webp\",\"width\":1500,\"height\":1500,\"caption\":\"Juodas susikertantis guminis sporto kilim\u0117lis su baltais ta\u0161keliais, skirtas komercin\u0117ms sporto sal\u0117s grindims. Kilim\u0117lis turi d\u0117lion\u0117s formos kra\u0161tus, kad b\u016bt\u0173 u\u017etikrintas saugus sujungimas, ir yra mink\u0161tas bei neslidus pavir\u0161ius, idealiai tinkantis treniruo\u010di\u0173 su svoriu ir treniruokli\u0173 patalpoms.\"},{\"@type\":\"BreadcrumbList\",\"@id\":\"https:\/\/gymfactory.eu\/lt\/produktas\/y2-deliones-guminis-kilimelis\/#breadcrumb\",\"itemListElement\":[{\"@type\":\"ListItem\",\"position\":1,\"name\":\"Pagrindinis\",\"item\":\"https:\/\/gymfactory.eu\/lt\/\"},{\"@type\":\"ListItem\",\"position\":2,\"name\":\"Katalogas\",\"item\":\"https:\/\/gymfactory.eu\/lt\/katalogas\/\"},{\"@type\":\"ListItem\",\"position\":3,\"name\":\"Y2 &#8220;Puzzle&#8221; gumin\u0117 danga\"}]},{\"@type\":\"WebSite\",\"@id\":\"https:\/\/gymfactory.eu\/lt\/#website\",\"url\":\"https:\/\/gymfactory.eu\/lt\/\",\"name\":\"Gym Factory\",\"description\":\"\",\"publisher\":{\"@id\":\"https:\/\/gymfactory.eu\/lt\/#organization\"},\"potentialAction\":[{\"@type\":\"SearchAction\",\"target\":{\"@type\":\"EntryPoint\",\"urlTemplate\":\"https:\/\/gymfactory.eu\/lt\/?s={search_term_string}\"},\"query-input\":{\"@type\":\"PropertyValueSpecification\",\"valueRequired\":true,\"valueName\":\"search_term_string\"}}],\"inLanguage\":\"lt-LT\"},{\"@type\":\"Organization\",\"@id\":\"https:\/\/gymfactory.eu\/lt\/#organization\",\"name\":\"Sporto sal\u0117s gamykla\",\"url\":\"https:\/\/gymfactory.eu\/lt\/\",\"logo\":{\"@type\":\"ImageObject\",\"inLanguage\":\"lt-LT\",\"@id\":\"https:\/\/gymfactory.eu\/lt\/#\/schema\/logo\/image\/\",\"url\":\"https:\/\/gymfactory.eu\/wp-content\/uploads\/2024\/11\/Component-1.svg\",\"contentUrl\":\"https:\/\/gymfactory.eu\/wp-content\/uploads\/2024\/11\/Component-1.svg\",\"width\":54,\"height\":44,\"caption\":\"Sporto sal\u0117s gamykla\"},\"image\":{\"@id\":\"https:\/\/gymfactory.eu\/lt\/#\/schema\/logo\/image\/\"}}]}<\/script>\n<!-- \/ Yoast SEO plugin. -->","yoast_head_json":{"title":"Y2 guminis kilim\u0117lis - sporto sal\u0117s grindys namams ir komercin\u0117ms sporto sal\u0117ms","description":"\u0160is guminis kilim\u0117lis yra patvari sporto sal\u0117s grind\u0173 danga namams ir puikiai tinka komercin\u0117se sporto sal\u0117se, nes u\u017etikrina apsaugin\u012f, stabil\u0173 ir sm\u016bgiams atspar\u0173 pavir\u0161i\u0173.","robots":{"index":"index","follow":"follow","max-snippet":"max-snippet:-1","max-image-preview":"max-image-preview:large","max-video-preview":"max-video-preview:-1"},"canonical":"https:\/\/gymfactory.eu\/lt\/produktas\/y2-deliones-guminis-kilimelis\/","og_locale":"lt_LT","og_type":"article","og_title":"Y2 guminis kilim\u0117lis - sporto sal\u0117s grindys namams ir komercin\u0117ms sporto sal\u0117ms","og_description":"\u0160is guminis kilim\u0117lis yra patvari sporto sal\u0117s grind\u0173 danga namams ir puikiai tinka komercin\u0117se sporto sal\u0117se, nes u\u017etikrina apsaugin\u012f, stabil\u0173 ir sm\u016bgiams atspar\u0173 pavir\u0161i\u0173.","og_url":"https:\/\/gymfactory.eu\/lt\/produktas\/y2-deliones-guminis-kilimelis\/","og_site_name":"Gym Factory","article_modified_time":"2025-09-10T11:36:11+00:00","og_image":[{"width":1500,"height":1500,"url":"https:\/\/gymfactory.eu\/wp-content\/uploads\/2025\/02\/gym-surface-black-speckled-mat-1-1.webp","type":"image\/webp"}],"twitter_card":"summary_large_image","twitter_misc":{"Est. reading time":"1 minut\u0117"},"schema":{"@context":"https:\/\/schema.org","@graph":[{"@type":"WebPage","@id":"https:\/\/gymfactory.eu\/lt\/produktas\/y2-deliones-guminis-kilimelis\/","url":"https:\/\/gymfactory.eu\/lt\/produktas\/y2-deliones-guminis-kilimelis\/","name":"Y2 guminis kilim\u0117lis - sporto sal\u0117s grindys namams ir komercin\u0117ms sporto sal\u0117ms","isPartOf":{"@id":"https:\/\/gymfactory.eu\/lt\/#website"},"primaryImageOfPage":{"@id":"https:\/\/gymfactory.eu\/lt\/produktas\/y2-deliones-guminis-kilimelis\/#primaryimage"},"image":{"@id":"https:\/\/gymfactory.eu\/lt\/produktas\/y2-deliones-guminis-kilimelis\/#primaryimage"},"thumbnailUrl":"https:\/\/gymfactory.eu\/wp-content\/uploads\/2025\/02\/gym-surface-black-speckled-mat-1-1.webp","datePublished":"2025-02-20T09:05:36+00:00","dateModified":"2025-09-10T11:36:11+00:00","description":"\u0160is guminis kilim\u0117lis yra patvari sporto sal\u0117s grind\u0173 danga namams ir puikiai tinka komercin\u0117se sporto sal\u0117se, nes u\u017etikrina apsaugin\u012f, stabil\u0173 ir sm\u016bgiams atspar\u0173 pavir\u0161i\u0173.","breadcrumb":{"@id":"https:\/\/gymfactory.eu\/lt\/produktas\/y2-deliones-guminis-kilimelis\/#breadcrumb"},"inLanguage":"lt-LT","potentialAction":[{"@type":"ReadAction","target":["https:\/\/gymfactory.eu\/lt\/produktas\/y2-deliones-guminis-kilimelis\/"]}]},{"@type":"ImageObject","inLanguage":"lt-LT","@id":"https:\/\/gymfactory.eu\/lt\/produktas\/y2-deliones-guminis-kilimelis\/#primaryimage","url":"https:\/\/gymfactory.eu\/wp-content\/uploads\/2025\/02\/gym-surface-black-speckled-mat-1-1.webp","contentUrl":"https:\/\/gymfactory.eu\/wp-content\/uploads\/2025\/02\/gym-surface-black-speckled-mat-1-1.webp","width":1500,"height":1500,"caption":"Juodas susikertantis guminis sporto kilim\u0117lis su baltais ta\u0161keliais, skirtas komercin\u0117ms sporto sal\u0117s grindims. Kilim\u0117lis turi d\u0117lion\u0117s formos kra\u0161tus, kad b\u016bt\u0173 u\u017etikrintas saugus sujungimas, ir yra mink\u0161tas bei neslidus pavir\u0161ius, idealiai tinkantis treniruo\u010di\u0173 su svoriu ir treniruokli\u0173 patalpoms."},{"@type":"BreadcrumbList","@id":"https:\/\/gymfactory.eu\/lt\/produktas\/y2-deliones-guminis-kilimelis\/#breadcrumb","itemListElement":[{"@type":"ListItem","position":1,"name":"Pagrindinis","item":"https:\/\/gymfactory.eu\/lt\/"},{"@type":"ListItem","position":2,"name":"Katalogas","item":"https:\/\/gymfactory.eu\/lt\/katalogas\/"},{"@type":"ListItem","position":3,"name":"Y2 &#8220;Puzzle&#8221; gumin\u0117 danga"}]},{"@type":"WebSite","@id":"https:\/\/gymfactory.eu\/lt\/#website","url":"https:\/\/gymfactory.eu\/lt\/","name":"Gym Factory","description":"","publisher":{"@id":"https:\/\/gymfactory.eu\/lt\/#organization"},"potentialAction":[{"@type":"SearchAction","target":{"@type":"EntryPoint","urlTemplate":"https:\/\/gymfactory.eu\/lt\/?s={search_term_string}"},"query-input":{"@type":"PropertyValueSpecification","valueRequired":true,"valueName":"search_term_string"}}],"inLanguage":"lt-LT"},{"@type":"Organization","@id":"https:\/\/gymfactory.eu\/lt\/#organization","name":"Sporto sal\u0117s gamykla","url":"https:\/\/gymfactory.eu\/lt\/","logo":{"@type":"ImageObject","inLanguage":"lt-LT","@id":"https:\/\/gymfactory.eu\/lt\/#\/schema\/logo\/image\/","url":"https:\/\/gymfactory.eu\/wp-content\/uploads\/2024\/11\/Component-1.svg","contentUrl":"https:\/\/gymfactory.eu\/wp-content\/uploads\/2024\/11\/Component-1.svg","width":54,"height":44,"caption":"Sporto sal\u0117s gamykla"},"image":{"@id":"https:\/\/gymfactory.eu\/lt\/#\/schema\/logo\/image\/"}}]}},"_links":{"self":[{"href":"https:\/\/gymfactory.eu\/lt\/wp-json\/wp\/v2\/product\/9795","targetHints":{"allow":["GET"]}}],"collection":[{"href":"https:\/\/gymfactory.eu\/lt\/wp-json\/wp\/v2\/product"}],"about":[{"href":"https:\/\/gymfactory.eu\/lt\/wp-json\/wp\/v2\/types\/product"}],"wp:featuredmedia":[{"embeddable":true,"href":"https:\/\/gymfactory.eu\/lt\/wp-json\/wp\/v2\/media\/9141"}],"wp:attachment":[{"href":"https:\/\/gymfactory.eu\/lt\/wp-json\/wp\/v2\/media?parent=9795"}],"wp:term":[{"taxonomy":"product_brand","embeddable":true,"href":"https:\/\/gymfactory.eu\/lt\/wp-json\/wp\/v2\/product_brand?post=9795"},{"taxonomy":"product_cat","embeddable":true,"href":"https:\/\/gymfactory.eu\/lt\/wp-json\/wp\/v2\/product_cat?post=9795"},{"taxonomy":"product_tag","embeddable":true,"href":"https:\/\/gymfactory.eu\/lt\/wp-json\/wp\/v2\/product_tag?post=9795"}],"curies":[{"name":"wp","href":"https:\/\/api.w.org\/{rel}","templated":true}]}}