{"id":9794,"date":"2025-02-20T10:06:28","date_gmt":"2025-02-20T08:06:28","guid":{"rendered":"https:\/\/gymfactory.eu\/product\/w10-1-rankenos-tvirtinimas\/"},"modified":"2025-09-09T12:50:24","modified_gmt":"2025-09-09T09:50:24","slug":"w10-1-rankenos-tvirtinimas","status":"publish","type":"product","link":"https:\/\/gymfactory.eu\/lt\/produktas\/w10-1-rankenos-tvirtinimas\/","title":{"rendered":"W10-1 Rankena"},"content":{"rendered":"<p>W10-1 rankena \u2013 auk\u0161tos kokyb\u0117s j\u0117gos treniruo\u010di\u0173 \u012franga, skirta siauro sukibimo traukos pratimams su trosin\u0117mis sistemomis. Tai viena i\u0161 W10 rinkinio dali\u0173, idealiai tinkanti traukai \u012f liemen\u012f, nugaros pratimams ir kitiems judesiams, kuriems reikalinga kompakti\u0161ka rankenos pad\u0117tis.<\/p>\n<p>Ergonomi\u0161ka forma ir tvirta konstrukcija u\u017etikrina komfort\u0105 bei kontrol\u0119 atliekant tiksling\u0105 vir\u0161utin\u0117s k\u016bno dalies raumen\u0173 aktyvavim\u0105.<\/p>\n\n    <div class=\"xs_social_share_widget xs_share_url after_content \t\tmain_content  wslu-style-1 wslu-share-box-shaped wslu-fill-colored wslu-none wslu-share-horizontal wslu-theme-font-no wslu-main_content\">\n\n\t\t\n        <ul>\n\t\t\t        <\/ul>\n    <\/div> \n","protected":false},"excerpt":{"rendered":"<p>W10-1 rankena \u2013 auk\u0161tos kokyb\u0117s j\u0117gos treniruo\u010di\u0173 \u012franga, skirta siauro sukibimo traukos pratimams su trosin\u0117mis sistemomis. Tai viena i\u0161 W10 rinkinio dali\u0173, idealiai tinkanti traukai \u012f liemen\u012f, nugaros pratimams ir kitiems judesiams, kuriems reikalinga kompakti\u0161ka rankenos pad\u0117tis. Ergonomi\u0161ka forma ir tvirta konstrukcija u\u017etikrina komfort\u0105 bei kontrol\u0119 atliekant tiksling\u0105 vir\u0161utin\u0117s k\u016bno dalies raumen\u0173 aktyvavim\u0105.<\/p>\n","protected":false},"featured_media":9166,"template":"","meta":{"_acf_changed":false},"product_brand":[56],"product_cat":[418],"product_tag":[393],"class_list":{"0":"post-9794","1":"product","2":"type-product","3":"status-publish","4":"has-post-thumbnail","6":"product_brand-gym-factory","7":"product_cat-treniruokliu-priedai","8":"product_tag-spalva-nera-spalvu","10":"first","11":"onbackorder","12":"taxable","13":"shipping-taxable","14":"purchasable","15":"product-type-simple"},"acf":[],"yoast_head":"<!-- This site is optimized with the Yoast SEO plugin v25.2 - https:\/\/yoast.com\/wordpress\/plugins\/seo\/ -->\n<title>W10-1 rankenos priedas - J\u0117gos treniruokli\u0173 \u012franga<\/title>\n<meta name=\"description\" content=\"\u0160is auk\u0161tos kokyb\u0117s rankenos priedas pagerina j\u016bs\u0173 j\u0117gos treniruokli\u0173 treniruokli\u0173 \u012frang\u0105, u\u017etikrindamas tvirt\u0105 sukibim\u0105 ir atram\u0105 vir\u0161utin\u0117s k\u016bno dalies treniruot\u0117ms.\" \/>\n<meta name=\"robots\" content=\"index, follow, max-snippet:-1, max-image-preview:large, max-video-preview:-1\" \/>\n<link rel=\"canonical\" href=\"https:\/\/gymfactory.eu\/lt\/produktas\/w10-1-rankenos-tvirtinimas\/\" \/>\n<meta property=\"og:locale\" content=\"lt_LT\" \/>\n<meta property=\"og:type\" content=\"article\" \/>\n<meta property=\"og:title\" content=\"W10-1 rankenos priedas - J\u0117gos treniruokli\u0173 \u012franga\" \/>\n<meta property=\"og:description\" content=\"\u0160is auk\u0161tos kokyb\u0117s rankenos priedas pagerina j\u016bs\u0173 j\u0117gos treniruokli\u0173 treniruokli\u0173 \u012frang\u0105, u\u017etikrindamas tvirt\u0105 sukibim\u0105 ir atram\u0105 vir\u0161utin\u0117s k\u016bno dalies treniruot\u0117ms.\" \/>\n<meta property=\"og:url\" content=\"https:\/\/gymfactory.eu\/lt\/produktas\/w10-1-rankenos-tvirtinimas\/\" \/>\n<meta property=\"og:site_name\" content=\"Gym Factory\" \/>\n<meta property=\"article:modified_time\" content=\"2025-09-09T09:50:24+00:00\" \/>\n<meta property=\"og:image\" content=\"https:\/\/gymfactory.eu\/wp-content\/uploads\/2025\/02\/high-quality-steel-structure-multi-grip-handle-1.webp\" \/>\n\t<meta property=\"og:image:width\" content=\"1181\" \/>\n\t<meta property=\"og:image:height\" content=\"1181\" \/>\n\t<meta property=\"og:image:type\" content=\"image\/webp\" \/>\n<meta name=\"twitter:card\" content=\"summary_large_image\" \/>\n<meta name=\"twitter:label1\" content=\"Est. reading time\" \/>\n\t<meta name=\"twitter:data1\" content=\"1 minut\u0117\" \/>\n<script type=\"application\/ld+json\" class=\"yoast-schema-graph\">{\"@context\":\"https:\/\/schema.org\",\"@graph\":[{\"@type\":\"WebPage\",\"@id\":\"https:\/\/gymfactory.eu\/lt\/produktas\/w10-1-rankenos-tvirtinimas\/\",\"url\":\"https:\/\/gymfactory.eu\/lt\/produktas\/w10-1-rankenos-tvirtinimas\/\",\"name\":\"W10-1 rankenos priedas - J\u0117gos treniruokli\u0173 \u012franga\",\"isPartOf\":{\"@id\":\"https:\/\/gymfactory.eu\/lt\/#website\"},\"primaryImageOfPage\":{\"@id\":\"https:\/\/gymfactory.eu\/lt\/produktas\/w10-1-rankenos-tvirtinimas\/#primaryimage\"},\"image\":{\"@id\":\"https:\/\/gymfactory.eu\/lt\/produktas\/w10-1-rankenos-tvirtinimas\/#primaryimage\"},\"thumbnailUrl\":\"https:\/\/gymfactory.eu\/wp-content\/uploads\/2025\/02\/high-quality-steel-structure-multi-grip-handle-1.webp\",\"datePublished\":\"2025-02-20T08:06:28+00:00\",\"dateModified\":\"2025-09-09T09:50:24+00:00\",\"description\":\"\u0160is auk\u0161tos kokyb\u0117s rankenos priedas pagerina j\u016bs\u0173 j\u0117gos treniruokli\u0173 treniruokli\u0173 \u012frang\u0105, u\u017etikrindamas tvirt\u0105 sukibim\u0105 ir atram\u0105 vir\u0161utin\u0117s k\u016bno dalies treniruot\u0117ms.\",\"breadcrumb\":{\"@id\":\"https:\/\/gymfactory.eu\/lt\/produktas\/w10-1-rankenos-tvirtinimas\/#breadcrumb\"},\"inLanguage\":\"lt-LT\",\"potentialAction\":[{\"@type\":\"ReadAction\",\"target\":[\"https:\/\/gymfactory.eu\/lt\/produktas\/w10-1-rankenos-tvirtinimas\/\"]}]},{\"@type\":\"ImageObject\",\"inLanguage\":\"lt-LT\",\"@id\":\"https:\/\/gymfactory.eu\/lt\/produktas\/w10-1-rankenos-tvirtinimas\/#primaryimage\",\"url\":\"https:\/\/gymfactory.eu\/wp-content\/uploads\/2025\/02\/high-quality-steel-structure-multi-grip-handle-1.webp\",\"contentUrl\":\"https:\/\/gymfactory.eu\/wp-content\/uploads\/2025\/02\/high-quality-steel-structure-multi-grip-handle-1.webp\",\"width\":1181,\"height\":1181,\"caption\":\"Juodos spalvos \u012franga, skirta treniruo\u010di\u0173 su svoriu rankenoms tvirtinti, su ergonomi\u0161komis rankenomis ir centriniu tvirtinimo ta\u0161ku. \u0160i rankena skirta naudoti su kabeliniais treniruokliais, tod\u0117l j\u0105 galima naudoti \u012fvairiose ranken\u0173 pad\u0117tyse ir taip treniruoti \u012fvairias raumen\u0173 grupes atliekant tokius pratimus, kaip lat pulldowns ir s\u0117dimos eilut\u0117s. Patvari plienin\u0117 konstrukcija u\u017etikrina ilgalaik\u012f veikim\u0105 ir stabilum\u0105 treniruo\u010di\u0173 metu.\"},{\"@type\":\"BreadcrumbList\",\"@id\":\"https:\/\/gymfactory.eu\/lt\/produktas\/w10-1-rankenos-tvirtinimas\/#breadcrumb\",\"itemListElement\":[{\"@type\":\"ListItem\",\"position\":1,\"name\":\"Pagrindinis\",\"item\":\"https:\/\/gymfactory.eu\/lt\/\"},{\"@type\":\"ListItem\",\"position\":2,\"name\":\"Katalogas\",\"item\":\"https:\/\/gymfactory.eu\/lt\/katalogas\/\"},{\"@type\":\"ListItem\",\"position\":3,\"name\":\"W10-1 Rankena\"}]},{\"@type\":\"WebSite\",\"@id\":\"https:\/\/gymfactory.eu\/lt\/#website\",\"url\":\"https:\/\/gymfactory.eu\/lt\/\",\"name\":\"Gym Factory\",\"description\":\"\",\"publisher\":{\"@id\":\"https:\/\/gymfactory.eu\/lt\/#organization\"},\"potentialAction\":[{\"@type\":\"SearchAction\",\"target\":{\"@type\":\"EntryPoint\",\"urlTemplate\":\"https:\/\/gymfactory.eu\/lt\/?s={search_term_string}\"},\"query-input\":{\"@type\":\"PropertyValueSpecification\",\"valueRequired\":true,\"valueName\":\"search_term_string\"}}],\"inLanguage\":\"lt-LT\"},{\"@type\":\"Organization\",\"@id\":\"https:\/\/gymfactory.eu\/lt\/#organization\",\"name\":\"Sporto sal\u0117s gamykla\",\"url\":\"https:\/\/gymfactory.eu\/lt\/\",\"logo\":{\"@type\":\"ImageObject\",\"inLanguage\":\"lt-LT\",\"@id\":\"https:\/\/gymfactory.eu\/lt\/#\/schema\/logo\/image\/\",\"url\":\"https:\/\/gymfactory.eu\/wp-content\/uploads\/2024\/11\/Component-1.svg\",\"contentUrl\":\"https:\/\/gymfactory.eu\/wp-content\/uploads\/2024\/11\/Component-1.svg\",\"width\":54,\"height\":44,\"caption\":\"Sporto sal\u0117s gamykla\"},\"image\":{\"@id\":\"https:\/\/gymfactory.eu\/lt\/#\/schema\/logo\/image\/\"}}]}<\/script>\n<!-- \/ Yoast SEO plugin. -->","yoast_head_json":{"title":"W10-1 rankenos priedas - J\u0117gos treniruokli\u0173 \u012franga","description":"\u0160is auk\u0161tos kokyb\u0117s rankenos priedas pagerina j\u016bs\u0173 j\u0117gos treniruokli\u0173 treniruokli\u0173 \u012frang\u0105, u\u017etikrindamas tvirt\u0105 sukibim\u0105 ir atram\u0105 vir\u0161utin\u0117s k\u016bno dalies treniruot\u0117ms.","robots":{"index":"index","follow":"follow","max-snippet":"max-snippet:-1","max-image-preview":"max-image-preview:large","max-video-preview":"max-video-preview:-1"},"canonical":"https:\/\/gymfactory.eu\/lt\/produktas\/w10-1-rankenos-tvirtinimas\/","og_locale":"lt_LT","og_type":"article","og_title":"W10-1 rankenos priedas - J\u0117gos treniruokli\u0173 \u012franga","og_description":"\u0160is auk\u0161tos kokyb\u0117s rankenos priedas pagerina j\u016bs\u0173 j\u0117gos treniruokli\u0173 treniruokli\u0173 \u012frang\u0105, u\u017etikrindamas tvirt\u0105 sukibim\u0105 ir atram\u0105 vir\u0161utin\u0117s k\u016bno dalies treniruot\u0117ms.","og_url":"https:\/\/gymfactory.eu\/lt\/produktas\/w10-1-rankenos-tvirtinimas\/","og_site_name":"Gym Factory","article_modified_time":"2025-09-09T09:50:24+00:00","og_image":[{"width":1181,"height":1181,"url":"https:\/\/gymfactory.eu\/wp-content\/uploads\/2025\/02\/high-quality-steel-structure-multi-grip-handle-1.webp","type":"image\/webp"}],"twitter_card":"summary_large_image","twitter_misc":{"Est. reading time":"1 minut\u0117"},"schema":{"@context":"https:\/\/schema.org","@graph":[{"@type":"WebPage","@id":"https:\/\/gymfactory.eu\/lt\/produktas\/w10-1-rankenos-tvirtinimas\/","url":"https:\/\/gymfactory.eu\/lt\/produktas\/w10-1-rankenos-tvirtinimas\/","name":"W10-1 rankenos priedas - J\u0117gos treniruokli\u0173 \u012franga","isPartOf":{"@id":"https:\/\/gymfactory.eu\/lt\/#website"},"primaryImageOfPage":{"@id":"https:\/\/gymfactory.eu\/lt\/produktas\/w10-1-rankenos-tvirtinimas\/#primaryimage"},"image":{"@id":"https:\/\/gymfactory.eu\/lt\/produktas\/w10-1-rankenos-tvirtinimas\/#primaryimage"},"thumbnailUrl":"https:\/\/gymfactory.eu\/wp-content\/uploads\/2025\/02\/high-quality-steel-structure-multi-grip-handle-1.webp","datePublished":"2025-02-20T08:06:28+00:00","dateModified":"2025-09-09T09:50:24+00:00","description":"\u0160is auk\u0161tos kokyb\u0117s rankenos priedas pagerina j\u016bs\u0173 j\u0117gos treniruokli\u0173 treniruokli\u0173 \u012frang\u0105, u\u017etikrindamas tvirt\u0105 sukibim\u0105 ir atram\u0105 vir\u0161utin\u0117s k\u016bno dalies treniruot\u0117ms.","breadcrumb":{"@id":"https:\/\/gymfactory.eu\/lt\/produktas\/w10-1-rankenos-tvirtinimas\/#breadcrumb"},"inLanguage":"lt-LT","potentialAction":[{"@type":"ReadAction","target":["https:\/\/gymfactory.eu\/lt\/produktas\/w10-1-rankenos-tvirtinimas\/"]}]},{"@type":"ImageObject","inLanguage":"lt-LT","@id":"https:\/\/gymfactory.eu\/lt\/produktas\/w10-1-rankenos-tvirtinimas\/#primaryimage","url":"https:\/\/gymfactory.eu\/wp-content\/uploads\/2025\/02\/high-quality-steel-structure-multi-grip-handle-1.webp","contentUrl":"https:\/\/gymfactory.eu\/wp-content\/uploads\/2025\/02\/high-quality-steel-structure-multi-grip-handle-1.webp","width":1181,"height":1181,"caption":"Juodos spalvos \u012franga, skirta treniruo\u010di\u0173 su svoriu rankenoms tvirtinti, su ergonomi\u0161komis rankenomis ir centriniu tvirtinimo ta\u0161ku. \u0160i rankena skirta naudoti su kabeliniais treniruokliais, tod\u0117l j\u0105 galima naudoti \u012fvairiose ranken\u0173 pad\u0117tyse ir taip treniruoti \u012fvairias raumen\u0173 grupes atliekant tokius pratimus, kaip lat pulldowns ir s\u0117dimos eilut\u0117s. Patvari plienin\u0117 konstrukcija u\u017etikrina ilgalaik\u012f veikim\u0105 ir stabilum\u0105 treniruo\u010di\u0173 metu."},{"@type":"BreadcrumbList","@id":"https:\/\/gymfactory.eu\/lt\/produktas\/w10-1-rankenos-tvirtinimas\/#breadcrumb","itemListElement":[{"@type":"ListItem","position":1,"name":"Pagrindinis","item":"https:\/\/gymfactory.eu\/lt\/"},{"@type":"ListItem","position":2,"name":"Katalogas","item":"https:\/\/gymfactory.eu\/lt\/katalogas\/"},{"@type":"ListItem","position":3,"name":"W10-1 Rankena"}]},{"@type":"WebSite","@id":"https:\/\/gymfactory.eu\/lt\/#website","url":"https:\/\/gymfactory.eu\/lt\/","name":"Gym Factory","description":"","publisher":{"@id":"https:\/\/gymfactory.eu\/lt\/#organization"},"potentialAction":[{"@type":"SearchAction","target":{"@type":"EntryPoint","urlTemplate":"https:\/\/gymfactory.eu\/lt\/?s={search_term_string}"},"query-input":{"@type":"PropertyValueSpecification","valueRequired":true,"valueName":"search_term_string"}}],"inLanguage":"lt-LT"},{"@type":"Organization","@id":"https:\/\/gymfactory.eu\/lt\/#organization","name":"Sporto sal\u0117s gamykla","url":"https:\/\/gymfactory.eu\/lt\/","logo":{"@type":"ImageObject","inLanguage":"lt-LT","@id":"https:\/\/gymfactory.eu\/lt\/#\/schema\/logo\/image\/","url":"https:\/\/gymfactory.eu\/wp-content\/uploads\/2024\/11\/Component-1.svg","contentUrl":"https:\/\/gymfactory.eu\/wp-content\/uploads\/2024\/11\/Component-1.svg","width":54,"height":44,"caption":"Sporto sal\u0117s gamykla"},"image":{"@id":"https:\/\/gymfactory.eu\/lt\/#\/schema\/logo\/image\/"}}]}},"_links":{"self":[{"href":"https:\/\/gymfactory.eu\/lt\/wp-json\/wp\/v2\/product\/9794","targetHints":{"allow":["GET"]}}],"collection":[{"href":"https:\/\/gymfactory.eu\/lt\/wp-json\/wp\/v2\/product"}],"about":[{"href":"https:\/\/gymfactory.eu\/lt\/wp-json\/wp\/v2\/types\/product"}],"wp:featuredmedia":[{"embeddable":true,"href":"https:\/\/gymfactory.eu\/lt\/wp-json\/wp\/v2\/media\/9166"}],"wp:attachment":[{"href":"https:\/\/gymfactory.eu\/lt\/wp-json\/wp\/v2\/media?parent=9794"}],"wp:term":[{"taxonomy":"product_brand","embeddable":true,"href":"https:\/\/gymfactory.eu\/lt\/wp-json\/wp\/v2\/product_brand?post=9794"},{"taxonomy":"product_cat","embeddable":true,"href":"https:\/\/gymfactory.eu\/lt\/wp-json\/wp\/v2\/product_cat?post=9794"},{"taxonomy":"product_tag","embeddable":true,"href":"https:\/\/gymfactory.eu\/lt\/wp-json\/wp\/v2\/product_tag?post=9794"}],"curies":[{"name":"wp","href":"https:\/\/api.w.org\/{rel}","templated":true}]}}