{"id":9793,"date":"2025-02-20T10:52:05","date_gmt":"2025-02-20T08:52:05","guid":{"rendered":"https:\/\/gymfactory.eu\/product\/w10-5-rankenos-tvirtinimas\/"},"modified":"2025-09-09T12:53:01","modified_gmt":"2025-09-09T09:53:01","slug":"w10-5-rankenos-tvirtinimas","status":"publish","type":"product","link":"https:\/\/gymfactory.eu\/lt\/produktas\/w10-5-rankenos-tvirtinimas\/","title":{"rendered":"W10-5 Rankena"},"content":{"rendered":"<p>W10-5 rankena \u2013 auk\u0161tos kokyb\u0117s j\u0117gos treniruo\u010di\u0173 \u012franga, skirta traukos pratimams pla\u010diu sukibimu, siekiant efektyviai stiprinti vir\u0161utin\u0119 k\u016bno dal\u012f. Tai pla\u010diausia rankena i\u0161 W10 rinkinio \u2013 idealiai tinka ypa\u010d pla\u010diai traukai i\u0161 vir\u0161aus ar pla\u010diai traukai \u012f liemen\u012f.<\/p>\n<p>I\u0161pl\u0117stas plotis leid\u017eia stipriau \u012ftraukti nugaros raumenis ir u\u017etikrina didesn\u012f judesio diapazon\u0105. Tinka tiek nam\u0173, tiek profesionalioms sporto sal\u0117ms, kur reikalingas funkcionalus priedas trosin\u0117ms sistemoms.<\/p>\n\n    <div class=\"xs_social_share_widget xs_share_url after_content \t\tmain_content  wslu-style-1 wslu-share-box-shaped wslu-fill-colored wslu-none wslu-share-horizontal wslu-theme-font-no wslu-main_content\">\n\n\t\t\n        <ul>\n\t\t\t        <\/ul>\n    <\/div> \n","protected":false},"excerpt":{"rendered":"<p>W10-5 rankena \u2013 auk\u0161tos kokyb\u0117s j\u0117gos treniruo\u010di\u0173 \u012franga, skirta traukos pratimams pla\u010diu sukibimu, siekiant efektyviai stiprinti vir\u0161utin\u0119 k\u016bno dal\u012f. Tai pla\u010diausia rankena i\u0161 W10 rinkinio \u2013 idealiai tinka ypa\u010d pla\u010diai traukai i\u0161 vir\u0161aus ar pla\u010diai traukai \u012f liemen\u012f. I\u0161pl\u0117stas plotis leid\u017eia stipriau \u012ftraukti nugaros raumenis ir u\u017etikrina didesn\u012f judesio diapazon\u0105. Tinka tiek nam\u0173, tiek profesionalioms [&hellip;]<\/p>\n","protected":false},"featured_media":23330,"template":"","meta":{"_acf_changed":false},"product_brand":[56],"product_cat":[418],"product_tag":[393],"class_list":{"0":"post-9793","1":"product","2":"type-product","3":"status-publish","4":"has-post-thumbnail","6":"product_brand-gym-factory","7":"product_cat-treniruokliu-priedai","8":"product_tag-spalva-nera-spalvu","10":"first","11":"onbackorder","12":"taxable","13":"shipping-taxable","14":"purchasable","15":"product-type-simple"},"acf":[],"yoast_head":"<!-- This site is optimized with the Yoast SEO plugin v25.2 - https:\/\/yoast.com\/wordpress\/plugins\/seo\/ -->\n<title>W10-5 rankenos priedas - J\u0117gos treniruokli\u0173 \u012franga<\/title>\n<meta name=\"description\" content=\"\u0160i rankena yra universalus ir patvarus variantas, tai gera nam\u0173 treniruokli\u0173 sal\u0117s \u012franga, padedanti atlikti \u012fvairius pratimus, skirtus pagrindiniams vir\u0161utin\u0117s k\u016bno dalies raumenims stiprinti.\" \/>\n<meta name=\"robots\" content=\"index, follow, max-snippet:-1, max-image-preview:large, max-video-preview:-1\" \/>\n<link rel=\"canonical\" href=\"https:\/\/gymfactory.eu\/lt\/produktas\/w10-5-rankenos-tvirtinimas\/\" \/>\n<meta property=\"og:locale\" content=\"lt_LT\" \/>\n<meta property=\"og:type\" content=\"article\" \/>\n<meta property=\"og:title\" content=\"W10-5 rankenos priedas - J\u0117gos treniruokli\u0173 \u012franga\" \/>\n<meta property=\"og:description\" content=\"\u0160i rankena yra universalus ir patvarus variantas, tai gera nam\u0173 treniruokli\u0173 sal\u0117s \u012franga, padedanti atlikti \u012fvairius pratimus, skirtus pagrindiniams vir\u0161utin\u0117s k\u016bno dalies raumenims stiprinti.\" \/>\n<meta property=\"og:url\" content=\"https:\/\/gymfactory.eu\/lt\/produktas\/w10-5-rankenos-tvirtinimas\/\" \/>\n<meta property=\"og:site_name\" content=\"Gym Factory\" \/>\n<meta property=\"article:modified_time\" content=\"2025-09-09T09:53:01+00:00\" \/>\n<meta property=\"og:image\" content=\"https:\/\/gymfactory.eu\/wp-content\/uploads\/2025\/02\/high-quality-steel-structure-arched-lat-pulldown-bar-1-1.webp\" \/>\n\t<meta property=\"og:image:width\" content=\"1500\" \/>\n\t<meta property=\"og:image:height\" content=\"1500\" \/>\n\t<meta property=\"og:image:type\" content=\"image\/webp\" \/>\n<meta name=\"twitter:card\" content=\"summary_large_image\" \/>\n<meta name=\"twitter:label1\" content=\"Est. reading time\" \/>\n\t<meta name=\"twitter:data1\" content=\"1 minut\u0117\" \/>\n<script type=\"application\/ld+json\" class=\"yoast-schema-graph\">{\"@context\":\"https:\/\/schema.org\",\"@graph\":[{\"@type\":\"WebPage\",\"@id\":\"https:\/\/gymfactory.eu\/lt\/produktas\/w10-5-rankenos-tvirtinimas\/\",\"url\":\"https:\/\/gymfactory.eu\/lt\/produktas\/w10-5-rankenos-tvirtinimas\/\",\"name\":\"W10-5 rankenos priedas - J\u0117gos treniruokli\u0173 \u012franga\",\"isPartOf\":{\"@id\":\"https:\/\/gymfactory.eu\/lt\/#website\"},\"primaryImageOfPage\":{\"@id\":\"https:\/\/gymfactory.eu\/lt\/produktas\/w10-5-rankenos-tvirtinimas\/#primaryimage\"},\"image\":{\"@id\":\"https:\/\/gymfactory.eu\/lt\/produktas\/w10-5-rankenos-tvirtinimas\/#primaryimage\"},\"thumbnailUrl\":\"https:\/\/gymfactory.eu\/wp-content\/uploads\/2025\/02\/high-quality-steel-structure-arched-lat-pulldown-bar-1-1.webp\",\"datePublished\":\"2025-02-20T08:52:05+00:00\",\"dateModified\":\"2025-09-09T09:53:01+00:00\",\"description\":\"\u0160i rankena yra universalus ir patvarus variantas, tai gera nam\u0173 treniruokli\u0173 sal\u0117s \u012franga, padedanti atlikti \u012fvairius pratimus, skirtus pagrindiniams vir\u0161utin\u0117s k\u016bno dalies raumenims stiprinti.\",\"breadcrumb\":{\"@id\":\"https:\/\/gymfactory.eu\/lt\/produktas\/w10-5-rankenos-tvirtinimas\/#breadcrumb\"},\"inLanguage\":\"lt-LT\",\"potentialAction\":[{\"@type\":\"ReadAction\",\"target\":[\"https:\/\/gymfactory.eu\/lt\/produktas\/w10-5-rankenos-tvirtinimas\/\"]}]},{\"@type\":\"ImageObject\",\"inLanguage\":\"lt-LT\",\"@id\":\"https:\/\/gymfactory.eu\/lt\/produktas\/w10-5-rankenos-tvirtinimas\/#primaryimage\",\"url\":\"https:\/\/gymfactory.eu\/wp-content\/uploads\/2025\/02\/high-quality-steel-structure-arched-lat-pulldown-bar-1-1.webp\",\"contentUrl\":\"https:\/\/gymfactory.eu\/wp-content\/uploads\/2025\/02\/high-quality-steel-structure-arched-lat-pulldown-bar-1-1.webp\",\"width\":1500,\"height\":1500,\"caption\":\"A black\u00a0piece of equipment for weight training,\u00a0an arched lat pulldown bar with a smooth ergonomic curve and wide grip handles. This durable steel attachment is designed for cable machines, providing a comfortable and secure hold for lat pulldowns and improving back and shoulder strength through controlled movements.\"},{\"@type\":\"BreadcrumbList\",\"@id\":\"https:\/\/gymfactory.eu\/lt\/produktas\/w10-5-rankenos-tvirtinimas\/#breadcrumb\",\"itemListElement\":[{\"@type\":\"ListItem\",\"position\":1,\"name\":\"Pagrindinis\",\"item\":\"https:\/\/gymfactory.eu\/lt\/\"},{\"@type\":\"ListItem\",\"position\":2,\"name\":\"Katalogas\",\"item\":\"https:\/\/gymfactory.eu\/lt\/katalogas\/\"},{\"@type\":\"ListItem\",\"position\":3,\"name\":\"W10-5 Rankena\"}]},{\"@type\":\"WebSite\",\"@id\":\"https:\/\/gymfactory.eu\/lt\/#website\",\"url\":\"https:\/\/gymfactory.eu\/lt\/\",\"name\":\"Gym Factory\",\"description\":\"\",\"publisher\":{\"@id\":\"https:\/\/gymfactory.eu\/lt\/#organization\"},\"potentialAction\":[{\"@type\":\"SearchAction\",\"target\":{\"@type\":\"EntryPoint\",\"urlTemplate\":\"https:\/\/gymfactory.eu\/lt\/?s={search_term_string}\"},\"query-input\":{\"@type\":\"PropertyValueSpecification\",\"valueRequired\":true,\"valueName\":\"search_term_string\"}}],\"inLanguage\":\"lt-LT\"},{\"@type\":\"Organization\",\"@id\":\"https:\/\/gymfactory.eu\/lt\/#organization\",\"name\":\"Sporto sal\u0117s gamykla\",\"url\":\"https:\/\/gymfactory.eu\/lt\/\",\"logo\":{\"@type\":\"ImageObject\",\"inLanguage\":\"lt-LT\",\"@id\":\"https:\/\/gymfactory.eu\/lt\/#\/schema\/logo\/image\/\",\"url\":\"https:\/\/gymfactory.eu\/wp-content\/uploads\/2024\/11\/Component-1.svg\",\"contentUrl\":\"https:\/\/gymfactory.eu\/wp-content\/uploads\/2024\/11\/Component-1.svg\",\"width\":54,\"height\":44,\"caption\":\"Sporto sal\u0117s gamykla\"},\"image\":{\"@id\":\"https:\/\/gymfactory.eu\/lt\/#\/schema\/logo\/image\/\"}}]}<\/script>\n<!-- \/ Yoast SEO plugin. -->","yoast_head_json":{"title":"W10-5 rankenos priedas - J\u0117gos treniruokli\u0173 \u012franga","description":"\u0160i rankena yra universalus ir patvarus variantas, tai gera nam\u0173 treniruokli\u0173 sal\u0117s \u012franga, padedanti atlikti \u012fvairius pratimus, skirtus pagrindiniams vir\u0161utin\u0117s k\u016bno dalies raumenims stiprinti.","robots":{"index":"index","follow":"follow","max-snippet":"max-snippet:-1","max-image-preview":"max-image-preview:large","max-video-preview":"max-video-preview:-1"},"canonical":"https:\/\/gymfactory.eu\/lt\/produktas\/w10-5-rankenos-tvirtinimas\/","og_locale":"lt_LT","og_type":"article","og_title":"W10-5 rankenos priedas - J\u0117gos treniruokli\u0173 \u012franga","og_description":"\u0160i rankena yra universalus ir patvarus variantas, tai gera nam\u0173 treniruokli\u0173 sal\u0117s \u012franga, padedanti atlikti \u012fvairius pratimus, skirtus pagrindiniams vir\u0161utin\u0117s k\u016bno dalies raumenims stiprinti.","og_url":"https:\/\/gymfactory.eu\/lt\/produktas\/w10-5-rankenos-tvirtinimas\/","og_site_name":"Gym Factory","article_modified_time":"2025-09-09T09:53:01+00:00","og_image":[{"width":1500,"height":1500,"url":"https:\/\/gymfactory.eu\/wp-content\/uploads\/2025\/02\/high-quality-steel-structure-arched-lat-pulldown-bar-1-1.webp","type":"image\/webp"}],"twitter_card":"summary_large_image","twitter_misc":{"Est. reading time":"1 minut\u0117"},"schema":{"@context":"https:\/\/schema.org","@graph":[{"@type":"WebPage","@id":"https:\/\/gymfactory.eu\/lt\/produktas\/w10-5-rankenos-tvirtinimas\/","url":"https:\/\/gymfactory.eu\/lt\/produktas\/w10-5-rankenos-tvirtinimas\/","name":"W10-5 rankenos priedas - J\u0117gos treniruokli\u0173 \u012franga","isPartOf":{"@id":"https:\/\/gymfactory.eu\/lt\/#website"},"primaryImageOfPage":{"@id":"https:\/\/gymfactory.eu\/lt\/produktas\/w10-5-rankenos-tvirtinimas\/#primaryimage"},"image":{"@id":"https:\/\/gymfactory.eu\/lt\/produktas\/w10-5-rankenos-tvirtinimas\/#primaryimage"},"thumbnailUrl":"https:\/\/gymfactory.eu\/wp-content\/uploads\/2025\/02\/high-quality-steel-structure-arched-lat-pulldown-bar-1-1.webp","datePublished":"2025-02-20T08:52:05+00:00","dateModified":"2025-09-09T09:53:01+00:00","description":"\u0160i rankena yra universalus ir patvarus variantas, tai gera nam\u0173 treniruokli\u0173 sal\u0117s \u012franga, padedanti atlikti \u012fvairius pratimus, skirtus pagrindiniams vir\u0161utin\u0117s k\u016bno dalies raumenims stiprinti.","breadcrumb":{"@id":"https:\/\/gymfactory.eu\/lt\/produktas\/w10-5-rankenos-tvirtinimas\/#breadcrumb"},"inLanguage":"lt-LT","potentialAction":[{"@type":"ReadAction","target":["https:\/\/gymfactory.eu\/lt\/produktas\/w10-5-rankenos-tvirtinimas\/"]}]},{"@type":"ImageObject","inLanguage":"lt-LT","@id":"https:\/\/gymfactory.eu\/lt\/produktas\/w10-5-rankenos-tvirtinimas\/#primaryimage","url":"https:\/\/gymfactory.eu\/wp-content\/uploads\/2025\/02\/high-quality-steel-structure-arched-lat-pulldown-bar-1-1.webp","contentUrl":"https:\/\/gymfactory.eu\/wp-content\/uploads\/2025\/02\/high-quality-steel-structure-arched-lat-pulldown-bar-1-1.webp","width":1500,"height":1500,"caption":"A black\u00a0piece of equipment for weight training,\u00a0an arched lat pulldown bar with a smooth ergonomic curve and wide grip handles. This durable steel attachment is designed for cable machines, providing a comfortable and secure hold for lat pulldowns and improving back and shoulder strength through controlled movements."},{"@type":"BreadcrumbList","@id":"https:\/\/gymfactory.eu\/lt\/produktas\/w10-5-rankenos-tvirtinimas\/#breadcrumb","itemListElement":[{"@type":"ListItem","position":1,"name":"Pagrindinis","item":"https:\/\/gymfactory.eu\/lt\/"},{"@type":"ListItem","position":2,"name":"Katalogas","item":"https:\/\/gymfactory.eu\/lt\/katalogas\/"},{"@type":"ListItem","position":3,"name":"W10-5 Rankena"}]},{"@type":"WebSite","@id":"https:\/\/gymfactory.eu\/lt\/#website","url":"https:\/\/gymfactory.eu\/lt\/","name":"Gym Factory","description":"","publisher":{"@id":"https:\/\/gymfactory.eu\/lt\/#organization"},"potentialAction":[{"@type":"SearchAction","target":{"@type":"EntryPoint","urlTemplate":"https:\/\/gymfactory.eu\/lt\/?s={search_term_string}"},"query-input":{"@type":"PropertyValueSpecification","valueRequired":true,"valueName":"search_term_string"}}],"inLanguage":"lt-LT"},{"@type":"Organization","@id":"https:\/\/gymfactory.eu\/lt\/#organization","name":"Sporto sal\u0117s gamykla","url":"https:\/\/gymfactory.eu\/lt\/","logo":{"@type":"ImageObject","inLanguage":"lt-LT","@id":"https:\/\/gymfactory.eu\/lt\/#\/schema\/logo\/image\/","url":"https:\/\/gymfactory.eu\/wp-content\/uploads\/2024\/11\/Component-1.svg","contentUrl":"https:\/\/gymfactory.eu\/wp-content\/uploads\/2024\/11\/Component-1.svg","width":54,"height":44,"caption":"Sporto sal\u0117s gamykla"},"image":{"@id":"https:\/\/gymfactory.eu\/lt\/#\/schema\/logo\/image\/"}}]}},"_links":{"self":[{"href":"https:\/\/gymfactory.eu\/lt\/wp-json\/wp\/v2\/product\/9793","targetHints":{"allow":["GET"]}}],"collection":[{"href":"https:\/\/gymfactory.eu\/lt\/wp-json\/wp\/v2\/product"}],"about":[{"href":"https:\/\/gymfactory.eu\/lt\/wp-json\/wp\/v2\/types\/product"}],"wp:featuredmedia":[{"embeddable":true,"href":"https:\/\/gymfactory.eu\/lt\/wp-json\/wp\/v2\/media\/23330"}],"wp:attachment":[{"href":"https:\/\/gymfactory.eu\/lt\/wp-json\/wp\/v2\/media?parent=9793"}],"wp:term":[{"taxonomy":"product_brand","embeddable":true,"href":"https:\/\/gymfactory.eu\/lt\/wp-json\/wp\/v2\/product_brand?post=9793"},{"taxonomy":"product_cat","embeddable":true,"href":"https:\/\/gymfactory.eu\/lt\/wp-json\/wp\/v2\/product_cat?post=9793"},{"taxonomy":"product_tag","embeddable":true,"href":"https:\/\/gymfactory.eu\/lt\/wp-json\/wp\/v2\/product_tag?post=9793"}],"curies":[{"name":"wp","href":"https:\/\/api.w.org\/{rel}","templated":true}]}}