{"id":9792,"date":"2025-02-20T09:57:31","date_gmt":"2025-02-20T07:57:31","guid":{"rendered":"https:\/\/gymfactory.eu\/product\/w10-ivairiu-rankenu-rinkinys\/"},"modified":"2025-09-09T12:49:36","modified_gmt":"2025-09-09T09:49:36","slug":"w10-ivairiu-rankenu-rinkinys","status":"publish","type":"product","link":"https:\/\/gymfactory.eu\/lt\/produktas\/w10-ivairiu-rankenu-rinkinys\/","title":{"rendered":"W10 Ranken\u0173 rinkinys"},"content":{"rendered":"<p>W10 ranken\u0173 rinkinys \u2013 auk\u0161tos kokyb\u0117s j\u0117gos treniruo\u010di\u0173 \u012franga, skirta naudoti su trosiniais treniruokliais. Rinkin\u012f sudaro 5 skirtingos rankenos, kurios skiriasi plo\u010diu, kampu ir ilgiu \u2013 kiekviena pritaikyta skirtingiems pratimams ir sukibimo tipams.<\/p>\n<p>Tinka \u012fvairiems traukos pratimams: traukai, biceps\u0173 lenkimui, triceps\u0173 st\u016bmimui ir kitiems traukimo judesiams. Universalus sprendimas norintiems treniruoti vir\u0161utin\u0119 k\u016bno dal\u012f pla\u010diu judesi\u0173 diapazonu tiek profesionalioje sporto sal\u0117je, tiek nam\u0173 aplinkoje.<\/p>\n\n    <div class=\"xs_social_share_widget xs_share_url after_content \t\tmain_content  wslu-style-1 wslu-share-box-shaped wslu-fill-colored wslu-none wslu-share-horizontal wslu-theme-font-no wslu-main_content\">\n\n\t\t\n        <ul>\n\t\t\t        <\/ul>\n    <\/div> \n","protected":false},"excerpt":{"rendered":"<p>W10 ranken\u0173 rinkinys \u2013 auk\u0161tos kokyb\u0117s j\u0117gos treniruo\u010di\u0173 \u012franga, skirta naudoti su trosiniais treniruokliais. Rinkin\u012f sudaro 5 skirtingos rankenos, kurios skiriasi plo\u010diu, kampu ir ilgiu \u2013 kiekviena pritaikyta skirtingiems pratimams ir sukibimo tipams. Tinka \u012fvairiems traukos pratimams: traukai, biceps\u0173 lenkimui, triceps\u0173 st\u016bmimui ir kitiems traukimo judesiams. Universalus sprendimas norintiems treniruoti vir\u0161utin\u0119 k\u016bno dal\u012f pla\u010diu judesi\u0173 [&hellip;]<\/p>\n","protected":false},"featured_media":9163,"template":"","meta":{"_acf_changed":false},"product_brand":[56],"product_cat":[418],"product_tag":[393],"class_list":{"0":"post-9792","1":"product","2":"type-product","3":"status-publish","4":"has-post-thumbnail","6":"product_brand-gym-factory","7":"product_cat-treniruokliu-priedai","8":"product_tag-spalva-nera-spalvu","10":"first","11":"onbackorder","12":"taxable","13":"shipping-taxable","14":"purchasable","15":"product-type-simple"},"acf":[],"yoast_head":"<!-- This site is optimized with the Yoast SEO plugin v25.2 - https:\/\/yoast.com\/wordpress\/plugins\/seo\/ -->\n<title>W10 keli\u0173 ranken\u0173 rinkinys - j\u0117gos treniruokli\u0173 \u012franga<\/title>\n<meta name=\"description\" content=\"\u0160is auk\u0161tos kokyb\u0117s ranken\u0173 rinkinys pagerina j\u016bs\u0173 j\u0117gos treniruokli\u0173 treniruokli\u0173 \u012frang\u0105, nes si\u016blo daugyb\u0119 ranken\u0173 variant\u0173 vir\u0161utin\u0117s k\u016bno dalies treniruot\u0117ms.\" \/>\n<meta name=\"robots\" content=\"index, follow, max-snippet:-1, max-image-preview:large, max-video-preview:-1\" \/>\n<link rel=\"canonical\" href=\"https:\/\/gymfactory.eu\/lt\/produktas\/w10-ivairiu-rankenu-rinkinys\/\" \/>\n<meta property=\"og:locale\" content=\"lt_LT\" \/>\n<meta property=\"og:type\" content=\"article\" \/>\n<meta property=\"og:title\" content=\"W10 keli\u0173 ranken\u0173 rinkinys - j\u0117gos treniruokli\u0173 \u012franga\" \/>\n<meta property=\"og:description\" content=\"\u0160is auk\u0161tos kokyb\u0117s ranken\u0173 rinkinys pagerina j\u016bs\u0173 j\u0117gos treniruokli\u0173 treniruokli\u0173 \u012frang\u0105, nes si\u016blo daugyb\u0119 ranken\u0173 variant\u0173 vir\u0161utin\u0117s k\u016bno dalies treniruot\u0117ms.\" \/>\n<meta property=\"og:url\" content=\"https:\/\/gymfactory.eu\/lt\/produktas\/w10-ivairiu-rankenu-rinkinys\/\" \/>\n<meta property=\"og:site_name\" content=\"Gym Factory\" \/>\n<meta property=\"article:modified_time\" content=\"2025-09-09T09:49:36+00:00\" \/>\n<meta property=\"og:image\" content=\"https:\/\/gymfactory.eu\/wp-content\/uploads\/2025\/02\/high-quality-steel-structure-lat-pulldown-handles-1.webp\" \/>\n\t<meta property=\"og:image:width\" content=\"1181\" \/>\n\t<meta property=\"og:image:height\" content=\"1181\" \/>\n\t<meta property=\"og:image:type\" content=\"image\/webp\" \/>\n<meta name=\"twitter:card\" content=\"summary_large_image\" \/>\n<meta name=\"twitter:label1\" content=\"Est. reading time\" \/>\n\t<meta name=\"twitter:data1\" content=\"1 minut\u0117\" \/>\n<script type=\"application\/ld+json\" class=\"yoast-schema-graph\">{\"@context\":\"https:\/\/schema.org\",\"@graph\":[{\"@type\":\"WebPage\",\"@id\":\"https:\/\/gymfactory.eu\/lt\/produktas\/w10-ivairiu-rankenu-rinkinys\/\",\"url\":\"https:\/\/gymfactory.eu\/lt\/produktas\/w10-ivairiu-rankenu-rinkinys\/\",\"name\":\"W10 keli\u0173 ranken\u0173 rinkinys - j\u0117gos treniruokli\u0173 \u012franga\",\"isPartOf\":{\"@id\":\"https:\/\/gymfactory.eu\/lt\/#website\"},\"primaryImageOfPage\":{\"@id\":\"https:\/\/gymfactory.eu\/lt\/produktas\/w10-ivairiu-rankenu-rinkinys\/#primaryimage\"},\"image\":{\"@id\":\"https:\/\/gymfactory.eu\/lt\/produktas\/w10-ivairiu-rankenu-rinkinys\/#primaryimage\"},\"thumbnailUrl\":\"https:\/\/gymfactory.eu\/wp-content\/uploads\/2025\/02\/high-quality-steel-structure-lat-pulldown-handles-1.webp\",\"datePublished\":\"2025-02-20T07:57:31+00:00\",\"dateModified\":\"2025-09-09T09:49:36+00:00\",\"description\":\"\u0160is auk\u0161tos kokyb\u0117s ranken\u0173 rinkinys pagerina j\u016bs\u0173 j\u0117gos treniruokli\u0173 treniruokli\u0173 \u012frang\u0105, nes si\u016blo daugyb\u0119 ranken\u0173 variant\u0173 vir\u0161utin\u0117s k\u016bno dalies treniruot\u0117ms.\",\"breadcrumb\":{\"@id\":\"https:\/\/gymfactory.eu\/lt\/produktas\/w10-ivairiu-rankenu-rinkinys\/#breadcrumb\"},\"inLanguage\":\"lt-LT\",\"potentialAction\":[{\"@type\":\"ReadAction\",\"target\":[\"https:\/\/gymfactory.eu\/lt\/produktas\/w10-ivairiu-rankenu-rinkinys\/\"]}]},{\"@type\":\"ImageObject\",\"inLanguage\":\"lt-LT\",\"@id\":\"https:\/\/gymfactory.eu\/lt\/produktas\/w10-ivairiu-rankenu-rinkinys\/#primaryimage\",\"url\":\"https:\/\/gymfactory.eu\/wp-content\/uploads\/2025\/02\/high-quality-steel-structure-lat-pulldown-handles-1.webp\",\"contentUrl\":\"https:\/\/gymfactory.eu\/wp-content\/uploads\/2025\/02\/high-quality-steel-structure-lat-pulldown-handles-1.webp\",\"width\":1181,\"height\":1181,\"caption\":\"\u012erangos rinkinys, skirtas treniruot\u0117ms su svoriais, \u012fvairi\u0173 konstrukcij\u0173 rankenos, pakabintos ant metalinio strypo. Kiekviena rankena yra i\u0161 patvaraus plieno su ergonomi\u0161komis rankenomis, sukurtomis skirtingoms su\u0117mimo pad\u0117tims, kad b\u016bt\u0173 galima pagerinti nugaros ir vir\u0161utin\u0117s k\u016bno dalies pratimus.\"},{\"@type\":\"BreadcrumbList\",\"@id\":\"https:\/\/gymfactory.eu\/lt\/produktas\/w10-ivairiu-rankenu-rinkinys\/#breadcrumb\",\"itemListElement\":[{\"@type\":\"ListItem\",\"position\":1,\"name\":\"Pagrindinis\",\"item\":\"https:\/\/gymfactory.eu\/lt\/\"},{\"@type\":\"ListItem\",\"position\":2,\"name\":\"Katalogas\",\"item\":\"https:\/\/gymfactory.eu\/lt\/katalogas\/\"},{\"@type\":\"ListItem\",\"position\":3,\"name\":\"W10 Ranken\u0173 rinkinys\"}]},{\"@type\":\"WebSite\",\"@id\":\"https:\/\/gymfactory.eu\/lt\/#website\",\"url\":\"https:\/\/gymfactory.eu\/lt\/\",\"name\":\"Gym Factory\",\"description\":\"\",\"publisher\":{\"@id\":\"https:\/\/gymfactory.eu\/lt\/#organization\"},\"potentialAction\":[{\"@type\":\"SearchAction\",\"target\":{\"@type\":\"EntryPoint\",\"urlTemplate\":\"https:\/\/gymfactory.eu\/lt\/?s={search_term_string}\"},\"query-input\":{\"@type\":\"PropertyValueSpecification\",\"valueRequired\":true,\"valueName\":\"search_term_string\"}}],\"inLanguage\":\"lt-LT\"},{\"@type\":\"Organization\",\"@id\":\"https:\/\/gymfactory.eu\/lt\/#organization\",\"name\":\"Sporto sal\u0117s gamykla\",\"url\":\"https:\/\/gymfactory.eu\/lt\/\",\"logo\":{\"@type\":\"ImageObject\",\"inLanguage\":\"lt-LT\",\"@id\":\"https:\/\/gymfactory.eu\/lt\/#\/schema\/logo\/image\/\",\"url\":\"https:\/\/gymfactory.eu\/wp-content\/uploads\/2024\/11\/Component-1.svg\",\"contentUrl\":\"https:\/\/gymfactory.eu\/wp-content\/uploads\/2024\/11\/Component-1.svg\",\"width\":54,\"height\":44,\"caption\":\"Sporto sal\u0117s gamykla\"},\"image\":{\"@id\":\"https:\/\/gymfactory.eu\/lt\/#\/schema\/logo\/image\/\"}}]}<\/script>\n<!-- \/ Yoast SEO plugin. -->","yoast_head_json":{"title":"W10 keli\u0173 ranken\u0173 rinkinys - j\u0117gos treniruokli\u0173 \u012franga","description":"\u0160is auk\u0161tos kokyb\u0117s ranken\u0173 rinkinys pagerina j\u016bs\u0173 j\u0117gos treniruokli\u0173 treniruokli\u0173 \u012frang\u0105, nes si\u016blo daugyb\u0119 ranken\u0173 variant\u0173 vir\u0161utin\u0117s k\u016bno dalies treniruot\u0117ms.","robots":{"index":"index","follow":"follow","max-snippet":"max-snippet:-1","max-image-preview":"max-image-preview:large","max-video-preview":"max-video-preview:-1"},"canonical":"https:\/\/gymfactory.eu\/lt\/produktas\/w10-ivairiu-rankenu-rinkinys\/","og_locale":"lt_LT","og_type":"article","og_title":"W10 keli\u0173 ranken\u0173 rinkinys - j\u0117gos treniruokli\u0173 \u012franga","og_description":"\u0160is auk\u0161tos kokyb\u0117s ranken\u0173 rinkinys pagerina j\u016bs\u0173 j\u0117gos treniruokli\u0173 treniruokli\u0173 \u012frang\u0105, nes si\u016blo daugyb\u0119 ranken\u0173 variant\u0173 vir\u0161utin\u0117s k\u016bno dalies treniruot\u0117ms.","og_url":"https:\/\/gymfactory.eu\/lt\/produktas\/w10-ivairiu-rankenu-rinkinys\/","og_site_name":"Gym Factory","article_modified_time":"2025-09-09T09:49:36+00:00","og_image":[{"width":1181,"height":1181,"url":"https:\/\/gymfactory.eu\/wp-content\/uploads\/2025\/02\/high-quality-steel-structure-lat-pulldown-handles-1.webp","type":"image\/webp"}],"twitter_card":"summary_large_image","twitter_misc":{"Est. reading time":"1 minut\u0117"},"schema":{"@context":"https:\/\/schema.org","@graph":[{"@type":"WebPage","@id":"https:\/\/gymfactory.eu\/lt\/produktas\/w10-ivairiu-rankenu-rinkinys\/","url":"https:\/\/gymfactory.eu\/lt\/produktas\/w10-ivairiu-rankenu-rinkinys\/","name":"W10 keli\u0173 ranken\u0173 rinkinys - j\u0117gos treniruokli\u0173 \u012franga","isPartOf":{"@id":"https:\/\/gymfactory.eu\/lt\/#website"},"primaryImageOfPage":{"@id":"https:\/\/gymfactory.eu\/lt\/produktas\/w10-ivairiu-rankenu-rinkinys\/#primaryimage"},"image":{"@id":"https:\/\/gymfactory.eu\/lt\/produktas\/w10-ivairiu-rankenu-rinkinys\/#primaryimage"},"thumbnailUrl":"https:\/\/gymfactory.eu\/wp-content\/uploads\/2025\/02\/high-quality-steel-structure-lat-pulldown-handles-1.webp","datePublished":"2025-02-20T07:57:31+00:00","dateModified":"2025-09-09T09:49:36+00:00","description":"\u0160is auk\u0161tos kokyb\u0117s ranken\u0173 rinkinys pagerina j\u016bs\u0173 j\u0117gos treniruokli\u0173 treniruokli\u0173 \u012frang\u0105, nes si\u016blo daugyb\u0119 ranken\u0173 variant\u0173 vir\u0161utin\u0117s k\u016bno dalies treniruot\u0117ms.","breadcrumb":{"@id":"https:\/\/gymfactory.eu\/lt\/produktas\/w10-ivairiu-rankenu-rinkinys\/#breadcrumb"},"inLanguage":"lt-LT","potentialAction":[{"@type":"ReadAction","target":["https:\/\/gymfactory.eu\/lt\/produktas\/w10-ivairiu-rankenu-rinkinys\/"]}]},{"@type":"ImageObject","inLanguage":"lt-LT","@id":"https:\/\/gymfactory.eu\/lt\/produktas\/w10-ivairiu-rankenu-rinkinys\/#primaryimage","url":"https:\/\/gymfactory.eu\/wp-content\/uploads\/2025\/02\/high-quality-steel-structure-lat-pulldown-handles-1.webp","contentUrl":"https:\/\/gymfactory.eu\/wp-content\/uploads\/2025\/02\/high-quality-steel-structure-lat-pulldown-handles-1.webp","width":1181,"height":1181,"caption":"\u012erangos rinkinys, skirtas treniruot\u0117ms su svoriais, \u012fvairi\u0173 konstrukcij\u0173 rankenos, pakabintos ant metalinio strypo. Kiekviena rankena yra i\u0161 patvaraus plieno su ergonomi\u0161komis rankenomis, sukurtomis skirtingoms su\u0117mimo pad\u0117tims, kad b\u016bt\u0173 galima pagerinti nugaros ir vir\u0161utin\u0117s k\u016bno dalies pratimus."},{"@type":"BreadcrumbList","@id":"https:\/\/gymfactory.eu\/lt\/produktas\/w10-ivairiu-rankenu-rinkinys\/#breadcrumb","itemListElement":[{"@type":"ListItem","position":1,"name":"Pagrindinis","item":"https:\/\/gymfactory.eu\/lt\/"},{"@type":"ListItem","position":2,"name":"Katalogas","item":"https:\/\/gymfactory.eu\/lt\/katalogas\/"},{"@type":"ListItem","position":3,"name":"W10 Ranken\u0173 rinkinys"}]},{"@type":"WebSite","@id":"https:\/\/gymfactory.eu\/lt\/#website","url":"https:\/\/gymfactory.eu\/lt\/","name":"Gym Factory","description":"","publisher":{"@id":"https:\/\/gymfactory.eu\/lt\/#organization"},"potentialAction":[{"@type":"SearchAction","target":{"@type":"EntryPoint","urlTemplate":"https:\/\/gymfactory.eu\/lt\/?s={search_term_string}"},"query-input":{"@type":"PropertyValueSpecification","valueRequired":true,"valueName":"search_term_string"}}],"inLanguage":"lt-LT"},{"@type":"Organization","@id":"https:\/\/gymfactory.eu\/lt\/#organization","name":"Sporto sal\u0117s gamykla","url":"https:\/\/gymfactory.eu\/lt\/","logo":{"@type":"ImageObject","inLanguage":"lt-LT","@id":"https:\/\/gymfactory.eu\/lt\/#\/schema\/logo\/image\/","url":"https:\/\/gymfactory.eu\/wp-content\/uploads\/2024\/11\/Component-1.svg","contentUrl":"https:\/\/gymfactory.eu\/wp-content\/uploads\/2024\/11\/Component-1.svg","width":54,"height":44,"caption":"Sporto sal\u0117s gamykla"},"image":{"@id":"https:\/\/gymfactory.eu\/lt\/#\/schema\/logo\/image\/"}}]}},"_links":{"self":[{"href":"https:\/\/gymfactory.eu\/lt\/wp-json\/wp\/v2\/product\/9792","targetHints":{"allow":["GET"]}}],"collection":[{"href":"https:\/\/gymfactory.eu\/lt\/wp-json\/wp\/v2\/product"}],"about":[{"href":"https:\/\/gymfactory.eu\/lt\/wp-json\/wp\/v2\/types\/product"}],"wp:featuredmedia":[{"embeddable":true,"href":"https:\/\/gymfactory.eu\/lt\/wp-json\/wp\/v2\/media\/9163"}],"wp:attachment":[{"href":"https:\/\/gymfactory.eu\/lt\/wp-json\/wp\/v2\/media?parent=9792"}],"wp:term":[{"taxonomy":"product_brand","embeddable":true,"href":"https:\/\/gymfactory.eu\/lt\/wp-json\/wp\/v2\/product_brand?post=9792"},{"taxonomy":"product_cat","embeddable":true,"href":"https:\/\/gymfactory.eu\/lt\/wp-json\/wp\/v2\/product_cat?post=9792"},{"taxonomy":"product_tag","embeddable":true,"href":"https:\/\/gymfactory.eu\/lt\/wp-json\/wp\/v2\/product_tag?post=9792"}],"curies":[{"name":"wp","href":"https:\/\/api.w.org\/{rel}","templated":true}]}}