{"id":9790,"date":"2025-02-20T09:31:57","date_gmt":"2025-02-20T07:31:57","guid":{"rendered":"https:\/\/gymfactory.eu\/product\/w9-rankenos-tvirtinimas\/"},"modified":"2025-09-09T13:30:30","modified_gmt":"2025-09-09T10:30:30","slug":"w9-rankenos-tvirtinimas","status":"publish","type":"product","link":"https:\/\/gymfactory.eu\/lt\/produktas\/w9-rankenos-tvirtinimas\/","title":{"rendered":"W9 Rankena"},"content":{"rendered":"<p>W9 rankena \u2013 j\u0117gos treniruo\u010di\u0173 \u012franga, skirta naudoti su trosin\u0117mis sistemomis tiek nam\u0173 treniruot\u0117se, tiek profesionaliose sporto sal\u0117se. Ilga rankena turi du tvirtinimo ta\u0161kus, kiekvienas su guoliu, leid\u017eian\u010diu 360 laipsni\u0173 laisvai suktis ir u\u017etikrinan\u010diu skland\u0173 bei nevar\u017eom\u0105 judes\u012f.<\/p>\n<p>\u0160i rankena puikiai tinka naudoti su \u201ekry\u017emin\u0117s traukos\u201c tipo treniruokliais, \u012fskaitant <a href=\"https:\/\/gymfactory.eu\/lt\/?s=c2&amp;e_search_props=bac9fa6-9326\" target=\"_blank\" rel=\"noopener\">C2 serij\u0105<\/a>, leid\u017eiantiems atlikti prit\u016bpimus, st\u016bmimus ir traukos pratimus, kuriems reikalinga dviguba tvirtinimo sistema ir dinaminis pasiprie\u0161inimo kelias.<\/p>\n\n    <div class=\"xs_social_share_widget xs_share_url after_content \t\tmain_content  wslu-style-1 wslu-share-box-shaped wslu-fill-colored wslu-none wslu-share-horizontal wslu-theme-font-no wslu-main_content\">\n\n\t\t\n        <ul>\n\t\t\t        <\/ul>\n    <\/div> \n","protected":false},"excerpt":{"rendered":"<p>W9 rankena \u2013 j\u0117gos treniruo\u010di\u0173 \u012franga, skirta naudoti su trosin\u0117mis sistemomis tiek nam\u0173 treniruot\u0117se, tiek profesionaliose sporto sal\u0117se. Ilga rankena turi du tvirtinimo ta\u0161kus, kiekvienas su guoliu, leid\u017eian\u010diu 360 laipsni\u0173 laisvai suktis ir u\u017etikrinan\u010diu skland\u0173 bei nevar\u017eom\u0105 judes\u012f. \u0160i rankena puikiai tinka naudoti su \u201ekry\u017emin\u0117s traukos\u201c tipo treniruokliais, \u012fskaitant C2 serij\u0105, leid\u017eiantiems atlikti prit\u016bpimus, st\u016bmimus [&hellip;]<\/p>\n","protected":false},"featured_media":9140,"template":"","meta":{"_acf_changed":false},"product_brand":[56],"product_cat":[418],"product_tag":[393],"class_list":{"0":"post-9790","1":"product","2":"type-product","3":"status-publish","4":"has-post-thumbnail","6":"product_brand-gym-factory","7":"product_cat-treniruokliu-priedai","8":"product_tag-spalva-nera-spalvu","10":"first","11":"onbackorder","12":"taxable","13":"shipping-taxable","14":"purchasable","15":"product-type-simple"},"acf":[],"yoast_head":"<!-- This site is optimized with the Yoast SEO plugin v25.2 - https:\/\/yoast.com\/wordpress\/plugins\/seo\/ -->\n<title>W9 rankenos priedas - skirtas j\u0117gos pratimams<\/title>\n<meta name=\"description\" content=\"\u0160i rankena pagerina nam\u0173 treniruo\u010di\u0173 rutin\u0105, nes tvirtai laikosi, idealiai tinka \u012fvairiems j\u0117gos pratimams, kurie gerina stabilum\u0105 ir kontrol\u0119.\" \/>\n<meta name=\"robots\" content=\"index, follow, max-snippet:-1, max-image-preview:large, max-video-preview:-1\" \/>\n<link rel=\"canonical\" href=\"https:\/\/gymfactory.eu\/lt\/produktas\/w9-rankenos-tvirtinimas\/\" \/>\n<meta property=\"og:locale\" content=\"lt_LT\" \/>\n<meta property=\"og:type\" content=\"article\" \/>\n<meta property=\"og:title\" content=\"W9 rankenos priedas - skirtas j\u0117gos pratimams\" \/>\n<meta property=\"og:description\" content=\"\u0160i rankena pagerina nam\u0173 treniruo\u010di\u0173 rutin\u0105, nes tvirtai laikosi, idealiai tinka \u012fvairiems j\u0117gos pratimams, kurie gerina stabilum\u0105 ir kontrol\u0119.\" \/>\n<meta property=\"og:url\" content=\"https:\/\/gymfactory.eu\/lt\/produktas\/w9-rankenos-tvirtinimas\/\" \/>\n<meta property=\"og:site_name\" content=\"Gym Factory\" \/>\n<meta property=\"article:modified_time\" content=\"2025-09-09T10:30:30+00:00\" \/>\n<meta property=\"og:image\" content=\"https:\/\/gymfactory.eu\/wp-content\/uploads\/2025\/02\/high-quality-steel-structure-long-bar-attachment-1-1.webp\" \/>\n\t<meta property=\"og:image:width\" content=\"1500\" \/>\n\t<meta property=\"og:image:height\" content=\"1500\" \/>\n\t<meta property=\"og:image:type\" content=\"image\/webp\" \/>\n<meta name=\"twitter:card\" content=\"summary_large_image\" \/>\n<meta name=\"twitter:label1\" content=\"Est. reading time\" \/>\n\t<meta name=\"twitter:data1\" content=\"1 minut\u0117\" \/>\n<script type=\"application\/ld+json\" class=\"yoast-schema-graph\">{\"@context\":\"https:\/\/schema.org\",\"@graph\":[{\"@type\":\"WebPage\",\"@id\":\"https:\/\/gymfactory.eu\/lt\/produktas\/w9-rankenos-tvirtinimas\/\",\"url\":\"https:\/\/gymfactory.eu\/lt\/produktas\/w9-rankenos-tvirtinimas\/\",\"name\":\"W9 rankenos priedas - skirtas j\u0117gos pratimams\",\"isPartOf\":{\"@id\":\"https:\/\/gymfactory.eu\/lt\/#website\"},\"primaryImageOfPage\":{\"@id\":\"https:\/\/gymfactory.eu\/lt\/produktas\/w9-rankenos-tvirtinimas\/#primaryimage\"},\"image\":{\"@id\":\"https:\/\/gymfactory.eu\/lt\/produktas\/w9-rankenos-tvirtinimas\/#primaryimage\"},\"thumbnailUrl\":\"https:\/\/gymfactory.eu\/wp-content\/uploads\/2025\/02\/high-quality-steel-structure-long-bar-attachment-1-1.webp\",\"datePublished\":\"2025-02-20T07:31:57+00:00\",\"dateModified\":\"2025-09-09T10:30:30+00:00\",\"description\":\"\u0160i rankena pagerina nam\u0173 treniruo\u010di\u0173 rutin\u0105, nes tvirtai laikosi, idealiai tinka \u012fvairiems j\u0117gos pratimams, kurie gerina stabilum\u0105 ir kontrol\u0119.\",\"breadcrumb\":{\"@id\":\"https:\/\/gymfactory.eu\/lt\/produktas\/w9-rankenos-tvirtinimas\/#breadcrumb\"},\"inLanguage\":\"lt-LT\",\"potentialAction\":[{\"@type\":\"ReadAction\",\"target\":[\"https:\/\/gymfactory.eu\/lt\/produktas\/w9-rankenos-tvirtinimas\/\"]}]},{\"@type\":\"ImageObject\",\"inLanguage\":\"lt-LT\",\"@id\":\"https:\/\/gymfactory.eu\/lt\/produktas\/w9-rankenos-tvirtinimas\/#primaryimage\",\"url\":\"https:\/\/gymfactory.eu\/wp-content\/uploads\/2025\/02\/high-quality-steel-structure-long-bar-attachment-1-1.webp\",\"contentUrl\":\"https:\/\/gymfactory.eu\/wp-content\/uploads\/2025\/02\/high-quality-steel-structure-long-bar-attachment-1-1.webp\",\"width\":1500,\"height\":1500,\"caption\":\"Ilgos \u012frangos, skirtos treniruot\u0117ms su svoriu, plieninio strypo tvirtinimo elementas su patvariu juodu tvirtinimo laikikliu viename gale. \u0160is tvirtinimo \u012ftaisas skirtas kabeli\u0173 treniruokliams, tod\u0117l juo galima atlikti \u012fvairius j\u0117gos treniruo\u010di\u0173 pratimus, pavyzd\u017eiui, atsispaudimus ir s\u0117dim\u0105sias eilutes.\"},{\"@type\":\"BreadcrumbList\",\"@id\":\"https:\/\/gymfactory.eu\/lt\/produktas\/w9-rankenos-tvirtinimas\/#breadcrumb\",\"itemListElement\":[{\"@type\":\"ListItem\",\"position\":1,\"name\":\"Pagrindinis\",\"item\":\"https:\/\/gymfactory.eu\/lt\/\"},{\"@type\":\"ListItem\",\"position\":2,\"name\":\"Katalogas\",\"item\":\"https:\/\/gymfactory.eu\/lt\/katalogas\/\"},{\"@type\":\"ListItem\",\"position\":3,\"name\":\"W9 Rankena\"}]},{\"@type\":\"WebSite\",\"@id\":\"https:\/\/gymfactory.eu\/lt\/#website\",\"url\":\"https:\/\/gymfactory.eu\/lt\/\",\"name\":\"Gym Factory\",\"description\":\"\",\"publisher\":{\"@id\":\"https:\/\/gymfactory.eu\/lt\/#organization\"},\"potentialAction\":[{\"@type\":\"SearchAction\",\"target\":{\"@type\":\"EntryPoint\",\"urlTemplate\":\"https:\/\/gymfactory.eu\/lt\/?s={search_term_string}\"},\"query-input\":{\"@type\":\"PropertyValueSpecification\",\"valueRequired\":true,\"valueName\":\"search_term_string\"}}],\"inLanguage\":\"lt-LT\"},{\"@type\":\"Organization\",\"@id\":\"https:\/\/gymfactory.eu\/lt\/#organization\",\"name\":\"Sporto sal\u0117s gamykla\",\"url\":\"https:\/\/gymfactory.eu\/lt\/\",\"logo\":{\"@type\":\"ImageObject\",\"inLanguage\":\"lt-LT\",\"@id\":\"https:\/\/gymfactory.eu\/lt\/#\/schema\/logo\/image\/\",\"url\":\"https:\/\/gymfactory.eu\/wp-content\/uploads\/2024\/11\/Component-1.svg\",\"contentUrl\":\"https:\/\/gymfactory.eu\/wp-content\/uploads\/2024\/11\/Component-1.svg\",\"width\":54,\"height\":44,\"caption\":\"Sporto sal\u0117s gamykla\"},\"image\":{\"@id\":\"https:\/\/gymfactory.eu\/lt\/#\/schema\/logo\/image\/\"}}]}<\/script>\n<!-- \/ Yoast SEO plugin. -->","yoast_head_json":{"title":"W9 rankenos priedas - skirtas j\u0117gos pratimams","description":"\u0160i rankena pagerina nam\u0173 treniruo\u010di\u0173 rutin\u0105, nes tvirtai laikosi, idealiai tinka \u012fvairiems j\u0117gos pratimams, kurie gerina stabilum\u0105 ir kontrol\u0119.","robots":{"index":"index","follow":"follow","max-snippet":"max-snippet:-1","max-image-preview":"max-image-preview:large","max-video-preview":"max-video-preview:-1"},"canonical":"https:\/\/gymfactory.eu\/lt\/produktas\/w9-rankenos-tvirtinimas\/","og_locale":"lt_LT","og_type":"article","og_title":"W9 rankenos priedas - skirtas j\u0117gos pratimams","og_description":"\u0160i rankena pagerina nam\u0173 treniruo\u010di\u0173 rutin\u0105, nes tvirtai laikosi, idealiai tinka \u012fvairiems j\u0117gos pratimams, kurie gerina stabilum\u0105 ir kontrol\u0119.","og_url":"https:\/\/gymfactory.eu\/lt\/produktas\/w9-rankenos-tvirtinimas\/","og_site_name":"Gym Factory","article_modified_time":"2025-09-09T10:30:30+00:00","og_image":[{"width":1500,"height":1500,"url":"https:\/\/gymfactory.eu\/wp-content\/uploads\/2025\/02\/high-quality-steel-structure-long-bar-attachment-1-1.webp","type":"image\/webp"}],"twitter_card":"summary_large_image","twitter_misc":{"Est. reading time":"1 minut\u0117"},"schema":{"@context":"https:\/\/schema.org","@graph":[{"@type":"WebPage","@id":"https:\/\/gymfactory.eu\/lt\/produktas\/w9-rankenos-tvirtinimas\/","url":"https:\/\/gymfactory.eu\/lt\/produktas\/w9-rankenos-tvirtinimas\/","name":"W9 rankenos priedas - skirtas j\u0117gos pratimams","isPartOf":{"@id":"https:\/\/gymfactory.eu\/lt\/#website"},"primaryImageOfPage":{"@id":"https:\/\/gymfactory.eu\/lt\/produktas\/w9-rankenos-tvirtinimas\/#primaryimage"},"image":{"@id":"https:\/\/gymfactory.eu\/lt\/produktas\/w9-rankenos-tvirtinimas\/#primaryimage"},"thumbnailUrl":"https:\/\/gymfactory.eu\/wp-content\/uploads\/2025\/02\/high-quality-steel-structure-long-bar-attachment-1-1.webp","datePublished":"2025-02-20T07:31:57+00:00","dateModified":"2025-09-09T10:30:30+00:00","description":"\u0160i rankena pagerina nam\u0173 treniruo\u010di\u0173 rutin\u0105, nes tvirtai laikosi, idealiai tinka \u012fvairiems j\u0117gos pratimams, kurie gerina stabilum\u0105 ir kontrol\u0119.","breadcrumb":{"@id":"https:\/\/gymfactory.eu\/lt\/produktas\/w9-rankenos-tvirtinimas\/#breadcrumb"},"inLanguage":"lt-LT","potentialAction":[{"@type":"ReadAction","target":["https:\/\/gymfactory.eu\/lt\/produktas\/w9-rankenos-tvirtinimas\/"]}]},{"@type":"ImageObject","inLanguage":"lt-LT","@id":"https:\/\/gymfactory.eu\/lt\/produktas\/w9-rankenos-tvirtinimas\/#primaryimage","url":"https:\/\/gymfactory.eu\/wp-content\/uploads\/2025\/02\/high-quality-steel-structure-long-bar-attachment-1-1.webp","contentUrl":"https:\/\/gymfactory.eu\/wp-content\/uploads\/2025\/02\/high-quality-steel-structure-long-bar-attachment-1-1.webp","width":1500,"height":1500,"caption":"Ilgos \u012frangos, skirtos treniruot\u0117ms su svoriu, plieninio strypo tvirtinimo elementas su patvariu juodu tvirtinimo laikikliu viename gale. \u0160is tvirtinimo \u012ftaisas skirtas kabeli\u0173 treniruokliams, tod\u0117l juo galima atlikti \u012fvairius j\u0117gos treniruo\u010di\u0173 pratimus, pavyzd\u017eiui, atsispaudimus ir s\u0117dim\u0105sias eilutes."},{"@type":"BreadcrumbList","@id":"https:\/\/gymfactory.eu\/lt\/produktas\/w9-rankenos-tvirtinimas\/#breadcrumb","itemListElement":[{"@type":"ListItem","position":1,"name":"Pagrindinis","item":"https:\/\/gymfactory.eu\/lt\/"},{"@type":"ListItem","position":2,"name":"Katalogas","item":"https:\/\/gymfactory.eu\/lt\/katalogas\/"},{"@type":"ListItem","position":3,"name":"W9 Rankena"}]},{"@type":"WebSite","@id":"https:\/\/gymfactory.eu\/lt\/#website","url":"https:\/\/gymfactory.eu\/lt\/","name":"Gym Factory","description":"","publisher":{"@id":"https:\/\/gymfactory.eu\/lt\/#organization"},"potentialAction":[{"@type":"SearchAction","target":{"@type":"EntryPoint","urlTemplate":"https:\/\/gymfactory.eu\/lt\/?s={search_term_string}"},"query-input":{"@type":"PropertyValueSpecification","valueRequired":true,"valueName":"search_term_string"}}],"inLanguage":"lt-LT"},{"@type":"Organization","@id":"https:\/\/gymfactory.eu\/lt\/#organization","name":"Sporto sal\u0117s gamykla","url":"https:\/\/gymfactory.eu\/lt\/","logo":{"@type":"ImageObject","inLanguage":"lt-LT","@id":"https:\/\/gymfactory.eu\/lt\/#\/schema\/logo\/image\/","url":"https:\/\/gymfactory.eu\/wp-content\/uploads\/2024\/11\/Component-1.svg","contentUrl":"https:\/\/gymfactory.eu\/wp-content\/uploads\/2024\/11\/Component-1.svg","width":54,"height":44,"caption":"Sporto sal\u0117s gamykla"},"image":{"@id":"https:\/\/gymfactory.eu\/lt\/#\/schema\/logo\/image\/"}}]}},"_links":{"self":[{"href":"https:\/\/gymfactory.eu\/lt\/wp-json\/wp\/v2\/product\/9790","targetHints":{"allow":["GET"]}}],"collection":[{"href":"https:\/\/gymfactory.eu\/lt\/wp-json\/wp\/v2\/product"}],"about":[{"href":"https:\/\/gymfactory.eu\/lt\/wp-json\/wp\/v2\/types\/product"}],"wp:featuredmedia":[{"embeddable":true,"href":"https:\/\/gymfactory.eu\/lt\/wp-json\/wp\/v2\/media\/9140"}],"wp:attachment":[{"href":"https:\/\/gymfactory.eu\/lt\/wp-json\/wp\/v2\/media?parent=9790"}],"wp:term":[{"taxonomy":"product_brand","embeddable":true,"href":"https:\/\/gymfactory.eu\/lt\/wp-json\/wp\/v2\/product_brand?post=9790"},{"taxonomy":"product_cat","embeddable":true,"href":"https:\/\/gymfactory.eu\/lt\/wp-json\/wp\/v2\/product_cat?post=9790"},{"taxonomy":"product_tag","embeddable":true,"href":"https:\/\/gymfactory.eu\/lt\/wp-json\/wp\/v2\/product_tag?post=9790"}],"curies":[{"name":"wp","href":"https:\/\/api.w.org\/{rel}","templated":true}]}}