{"id":9782,"date":"2025-04-09T16:38:35","date_gmt":"2025-04-09T13:38:35","guid":{"rendered":"https:\/\/gymfactory.eu\/product\/tg-8-plyo-dezute\/"},"modified":"2026-01-26T12:29:17","modified_gmt":"2026-01-26T10:29:17","slug":"tg8-suoliu-deze-prizininku-pakyla-2in1","status":"publish","type":"product","link":"https:\/\/gymfactory.eu\/lt\/produktas\/tg8-suoliu-deze-prizininku-pakyla-2in1\/","title":{"rendered":"TG8 \u0160uoli\u0173 d\u0117\u017e\u0117 ir prizinink\u0173 pakyla (2in1)"},"content":{"rendered":"<p>TG8 \u0160uoli\u0173 d\u0117\u017e\u0117 ir prizinink\u0173 pakyla (2in1) \u2013 tai tvirta ir daugiafunkc\u0117 treniruo\u010di\u0173 platforma, skirta pliometriniams (\u0161uoli\u0173) pratimams bei profesionaliam naudojimui var\u017eybose ar sporto klubo renginiuose.<\/p>\n<p>Skirtingai nei dauguma rinkoje esan\u010di\u0173 \u0161uoli\u0173 ar pliometrini\u0173 d\u0117\u017ei\u0173, kurios gaminamos i\u0161 18 mm storio faneros, TG8 d\u0117\u017e\u0117 pagaminta i\u0161 21 mm storio j\u016brin\u0117s faneros. \u0160i med\u017eiaga pasi\u017eymi didesniu tvirtumu, geresn\u0117mis apkrovos laikymo savyb\u0117mis bei atsparumu dr\u0117gmei, tod\u0117l puikiai tinka intensyviam naudojimui sporto klubuose.<\/p>\n<p>Konstrukcija yra papildomai sustiprinta i\u0161 vidaus, siekiant suma\u017einti deformacijas ir pailginti gaminio tarnavimo laik\u0105 esant nuolatiniam sm\u016bginiam kr\u016bviui. U\u017eapvalinti kra\u0161tai ir tikslus surinkimas u\u017etikrina saug\u0173 ir stabil\u0173 naudojim\u0105.<\/p>\n<p>D\u0117\u017e\u0117s matmenys \u2013 40 \u00d7 50 \u00d7 60 cm, tod\u0117l j\u0105 galima naudoti skirtingomis pad\u0117timis ir gauti kelis skirtingus auk\u0161\u010dio pasirinkimus. TG8 gali b\u016bti naudojama tiek individualiems \u0161uoli\u0173 ir laipteli\u0173 pratimams, tiek sujungta kaip prizinink\u0173 pakyla var\u017eyb\u0173 ar rengini\u0173 metu.<\/p>\n<p>Skirta profesionaliems sporto klubams, funkcinio rengimo zonoms ir sporto erdv\u0117ms, kur svarbus ilgaam\u017ei\u0161kumas ir universalumas.<\/p>\n\n    <div class=\"xs_social_share_widget xs_share_url after_content \t\tmain_content  wslu-style-1 wslu-share-box-shaped wslu-fill-colored wslu-none wslu-share-horizontal wslu-theme-font-no wslu-main_content\">\n\n\t\t\n        <ul>\n\t\t\t        <\/ul>\n    <\/div> \n","protected":false},"excerpt":{"rendered":"<p>TG8 \u0160uoli\u0173 d\u0117\u017e\u0117 ir prizinink\u0173 pakyla (2in1) \u2013 tai tvirta ir daugiafunkc\u0117 treniruo\u010di\u0173 platforma, skirta pliometriniams (\u0161uoli\u0173) pratimams bei profesionaliam naudojimui var\u017eybose ar sporto klubo renginiuose. Skirtingai nei dauguma rinkoje esan\u010di\u0173 \u0161uoli\u0173 ar pliometrini\u0173 d\u0117\u017ei\u0173, kurios gaminamos i\u0161 18 mm storio faneros, TG8 d\u0117\u017e\u0117 pagaminta i\u0161 21 mm storio j\u016brin\u0117s faneros. \u0160i med\u017eiaga pasi\u017eymi didesniu [&hellip;]<\/p>\n","protected":false},"featured_media":24605,"template":"","meta":{"_acf_changed":false},"product_brand":[817],"product_cat":[418],"product_tag":[393],"class_list":{"0":"post-9782","1":"product","2":"type-product","3":"status-publish","4":"has-post-thumbnail","6":"product_brand-gym-factory-lt","7":"product_cat-treniruokliu-priedai","8":"product_tag-spalva-nera-spalvu","10":"first","11":"instock","12":"taxable","13":"shipping-taxable","14":"purchasable","15":"product-type-variable"},"acf":[],"yoast_head":"<!-- This site is optimized with the Yoast SEO plugin v25.2 - https:\/\/yoast.com\/wordpress\/plugins\/seo\/ -->\n<title>TG8 \u0160uoli\u0173 d\u0117\u017e\u0117 ir prizinink\u0173 pakyla (2in1)<\/title>\n<meta name=\"description\" content=\"TG8 \u0161uoli\u0173 d\u0117\u017e\u0117 i\u0161 21 mm j\u016brin\u0117s faneros su sustiprinta konstrukcija ir keliais auk\u0161\u010dio pasirinkimais treniruot\u0117ms bei var\u017eyboms.\" \/>\n<meta name=\"robots\" content=\"index, follow, max-snippet:-1, max-image-preview:large, max-video-preview:-1\" \/>\n<link rel=\"canonical\" href=\"https:\/\/gymfactory.eu\/lt\/produktas\/tg8-suoliu-deze-prizininku-pakyla-2in1\/\" \/>\n<meta property=\"og:locale\" content=\"lt_LT\" \/>\n<meta property=\"og:type\" content=\"article\" \/>\n<meta property=\"og:title\" content=\"TG8 \u0160uoli\u0173 d\u0117\u017e\u0117 ir prizinink\u0173 pakyla (2in1)\" \/>\n<meta property=\"og:description\" content=\"TG8 \u0161uoli\u0173 d\u0117\u017e\u0117 i\u0161 21 mm j\u016brin\u0117s faneros su sustiprinta konstrukcija ir keliais auk\u0161\u010dio pasirinkimais treniruot\u0117ms bei var\u017eyboms.\" \/>\n<meta property=\"og:url\" content=\"https:\/\/gymfactory.eu\/lt\/produktas\/tg8-suoliu-deze-prizininku-pakyla-2in1\/\" \/>\n<meta property=\"og:site_name\" content=\"Gym Factory\" \/>\n<meta property=\"article:modified_time\" content=\"2026-01-26T10:29:17+00:00\" \/>\n<meta property=\"og:image\" content=\"https:\/\/gymfactory.eu\/wp-content\/uploads\/2025\/04\/TG8-1.webp\" \/>\n\t<meta property=\"og:image:width\" content=\"1500\" \/>\n\t<meta property=\"og:image:height\" content=\"1500\" \/>\n\t<meta property=\"og:image:type\" content=\"image\/webp\" \/>\n<meta name=\"twitter:card\" content=\"summary_large_image\" \/>\n<meta name=\"twitter:label1\" content=\"Est. reading time\" \/>\n\t<meta name=\"twitter:data1\" content=\"1 minut\u0117\" \/>\n<script type=\"application\/ld+json\" class=\"yoast-schema-graph\">{\"@context\":\"https:\/\/schema.org\",\"@graph\":[{\"@type\":\"WebPage\",\"@id\":\"https:\/\/gymfactory.eu\/lt\/produktas\/tg8-suoliu-deze-prizininku-pakyla-2in1\/\",\"url\":\"https:\/\/gymfactory.eu\/lt\/produktas\/tg8-suoliu-deze-prizininku-pakyla-2in1\/\",\"name\":\"TG8 \u0160uoli\u0173 d\u0117\u017e\u0117 ir prizinink\u0173 pakyla (2in1)\",\"isPartOf\":{\"@id\":\"https:\/\/gymfactory.eu\/lt\/#website\"},\"primaryImageOfPage\":{\"@id\":\"https:\/\/gymfactory.eu\/lt\/produktas\/tg8-suoliu-deze-prizininku-pakyla-2in1\/#primaryimage\"},\"image\":{\"@id\":\"https:\/\/gymfactory.eu\/lt\/produktas\/tg8-suoliu-deze-prizininku-pakyla-2in1\/#primaryimage\"},\"thumbnailUrl\":\"https:\/\/gymfactory.eu\/wp-content\/uploads\/2025\/04\/TG8-1.webp\",\"datePublished\":\"2025-04-09T13:38:35+00:00\",\"dateModified\":\"2026-01-26T10:29:17+00:00\",\"description\":\"TG8 \u0161uoli\u0173 d\u0117\u017e\u0117 i\u0161 21 mm j\u016brin\u0117s faneros su sustiprinta konstrukcija ir keliais auk\u0161\u010dio pasirinkimais treniruot\u0117ms bei var\u017eyboms.\",\"breadcrumb\":{\"@id\":\"https:\/\/gymfactory.eu\/lt\/produktas\/tg8-suoliu-deze-prizininku-pakyla-2in1\/#breadcrumb\"},\"inLanguage\":\"lt-LT\",\"potentialAction\":[{\"@type\":\"ReadAction\",\"target\":[\"https:\/\/gymfactory.eu\/lt\/produktas\/tg8-suoliu-deze-prizininku-pakyla-2in1\/\"]}]},{\"@type\":\"ImageObject\",\"inLanguage\":\"lt-LT\",\"@id\":\"https:\/\/gymfactory.eu\/lt\/produktas\/tg8-suoliu-deze-prizininku-pakyla-2in1\/#primaryimage\",\"url\":\"https:\/\/gymfactory.eu\/wp-content\/uploads\/2025\/04\/TG8-1.webp\",\"contentUrl\":\"https:\/\/gymfactory.eu\/wp-content\/uploads\/2025\/04\/TG8-1.webp\",\"width\":1500,\"height\":1500,\"caption\":\"TG-8 wooden Plyo Box with height markings, designed for strength-training, jump exercises, and bodyweight training in functional gym setups.\"},{\"@type\":\"BreadcrumbList\",\"@id\":\"https:\/\/gymfactory.eu\/lt\/produktas\/tg8-suoliu-deze-prizininku-pakyla-2in1\/#breadcrumb\",\"itemListElement\":[{\"@type\":\"ListItem\",\"position\":1,\"name\":\"Pagrindinis\",\"item\":\"https:\/\/gymfactory.eu\/lt\/\"},{\"@type\":\"ListItem\",\"position\":2,\"name\":\"Katalogas\",\"item\":\"https:\/\/gymfactory.eu\/lt\/katalogas\/\"},{\"@type\":\"ListItem\",\"position\":3,\"name\":\"TG8 \u0160uoli\u0173 d\u0117\u017e\u0117 ir prizinink\u0173 pakyla (2in1)\"}]},{\"@type\":\"WebSite\",\"@id\":\"https:\/\/gymfactory.eu\/lt\/#website\",\"url\":\"https:\/\/gymfactory.eu\/lt\/\",\"name\":\"Gym Factory\",\"description\":\"\",\"publisher\":{\"@id\":\"https:\/\/gymfactory.eu\/lt\/#organization\"},\"potentialAction\":[{\"@type\":\"SearchAction\",\"target\":{\"@type\":\"EntryPoint\",\"urlTemplate\":\"https:\/\/gymfactory.eu\/lt\/?s={search_term_string}\"},\"query-input\":{\"@type\":\"PropertyValueSpecification\",\"valueRequired\":true,\"valueName\":\"search_term_string\"}}],\"inLanguage\":\"lt-LT\"},{\"@type\":\"Organization\",\"@id\":\"https:\/\/gymfactory.eu\/lt\/#organization\",\"name\":\"Sporto sal\u0117s gamykla\",\"url\":\"https:\/\/gymfactory.eu\/lt\/\",\"logo\":{\"@type\":\"ImageObject\",\"inLanguage\":\"lt-LT\",\"@id\":\"https:\/\/gymfactory.eu\/lt\/#\/schema\/logo\/image\/\",\"url\":\"https:\/\/gymfactory.eu\/wp-content\/uploads\/2024\/11\/Component-1.svg\",\"contentUrl\":\"https:\/\/gymfactory.eu\/wp-content\/uploads\/2024\/11\/Component-1.svg\",\"width\":54,\"height\":44,\"caption\":\"Sporto sal\u0117s gamykla\"},\"image\":{\"@id\":\"https:\/\/gymfactory.eu\/lt\/#\/schema\/logo\/image\/\"}}]}<\/script>\n<!-- \/ Yoast SEO plugin. -->","yoast_head_json":{"title":"TG8 \u0160uoli\u0173 d\u0117\u017e\u0117 ir prizinink\u0173 pakyla (2in1)","description":"TG8 \u0161uoli\u0173 d\u0117\u017e\u0117 i\u0161 21 mm j\u016brin\u0117s faneros su sustiprinta konstrukcija ir keliais auk\u0161\u010dio pasirinkimais treniruot\u0117ms bei var\u017eyboms.","robots":{"index":"index","follow":"follow","max-snippet":"max-snippet:-1","max-image-preview":"max-image-preview:large","max-video-preview":"max-video-preview:-1"},"canonical":"https:\/\/gymfactory.eu\/lt\/produktas\/tg8-suoliu-deze-prizininku-pakyla-2in1\/","og_locale":"lt_LT","og_type":"article","og_title":"TG8 \u0160uoli\u0173 d\u0117\u017e\u0117 ir prizinink\u0173 pakyla (2in1)","og_description":"TG8 \u0161uoli\u0173 d\u0117\u017e\u0117 i\u0161 21 mm j\u016brin\u0117s faneros su sustiprinta konstrukcija ir keliais auk\u0161\u010dio pasirinkimais treniruot\u0117ms bei var\u017eyboms.","og_url":"https:\/\/gymfactory.eu\/lt\/produktas\/tg8-suoliu-deze-prizininku-pakyla-2in1\/","og_site_name":"Gym Factory","article_modified_time":"2026-01-26T10:29:17+00:00","og_image":[{"width":1500,"height":1500,"url":"https:\/\/gymfactory.eu\/wp-content\/uploads\/2025\/04\/TG8-1.webp","type":"image\/webp"}],"twitter_card":"summary_large_image","twitter_misc":{"Est. reading time":"1 minut\u0117"},"schema":{"@context":"https:\/\/schema.org","@graph":[{"@type":"WebPage","@id":"https:\/\/gymfactory.eu\/lt\/produktas\/tg8-suoliu-deze-prizininku-pakyla-2in1\/","url":"https:\/\/gymfactory.eu\/lt\/produktas\/tg8-suoliu-deze-prizininku-pakyla-2in1\/","name":"TG8 \u0160uoli\u0173 d\u0117\u017e\u0117 ir prizinink\u0173 pakyla (2in1)","isPartOf":{"@id":"https:\/\/gymfactory.eu\/lt\/#website"},"primaryImageOfPage":{"@id":"https:\/\/gymfactory.eu\/lt\/produktas\/tg8-suoliu-deze-prizininku-pakyla-2in1\/#primaryimage"},"image":{"@id":"https:\/\/gymfactory.eu\/lt\/produktas\/tg8-suoliu-deze-prizininku-pakyla-2in1\/#primaryimage"},"thumbnailUrl":"https:\/\/gymfactory.eu\/wp-content\/uploads\/2025\/04\/TG8-1.webp","datePublished":"2025-04-09T13:38:35+00:00","dateModified":"2026-01-26T10:29:17+00:00","description":"TG8 \u0161uoli\u0173 d\u0117\u017e\u0117 i\u0161 21 mm j\u016brin\u0117s faneros su sustiprinta konstrukcija ir keliais auk\u0161\u010dio pasirinkimais treniruot\u0117ms bei var\u017eyboms.","breadcrumb":{"@id":"https:\/\/gymfactory.eu\/lt\/produktas\/tg8-suoliu-deze-prizininku-pakyla-2in1\/#breadcrumb"},"inLanguage":"lt-LT","potentialAction":[{"@type":"ReadAction","target":["https:\/\/gymfactory.eu\/lt\/produktas\/tg8-suoliu-deze-prizininku-pakyla-2in1\/"]}]},{"@type":"ImageObject","inLanguage":"lt-LT","@id":"https:\/\/gymfactory.eu\/lt\/produktas\/tg8-suoliu-deze-prizininku-pakyla-2in1\/#primaryimage","url":"https:\/\/gymfactory.eu\/wp-content\/uploads\/2025\/04\/TG8-1.webp","contentUrl":"https:\/\/gymfactory.eu\/wp-content\/uploads\/2025\/04\/TG8-1.webp","width":1500,"height":1500,"caption":"TG-8 wooden Plyo Box with height markings, designed for strength-training, jump exercises, and bodyweight training in functional gym setups."},{"@type":"BreadcrumbList","@id":"https:\/\/gymfactory.eu\/lt\/produktas\/tg8-suoliu-deze-prizininku-pakyla-2in1\/#breadcrumb","itemListElement":[{"@type":"ListItem","position":1,"name":"Pagrindinis","item":"https:\/\/gymfactory.eu\/lt\/"},{"@type":"ListItem","position":2,"name":"Katalogas","item":"https:\/\/gymfactory.eu\/lt\/katalogas\/"},{"@type":"ListItem","position":3,"name":"TG8 \u0160uoli\u0173 d\u0117\u017e\u0117 ir prizinink\u0173 pakyla (2in1)"}]},{"@type":"WebSite","@id":"https:\/\/gymfactory.eu\/lt\/#website","url":"https:\/\/gymfactory.eu\/lt\/","name":"Gym Factory","description":"","publisher":{"@id":"https:\/\/gymfactory.eu\/lt\/#organization"},"potentialAction":[{"@type":"SearchAction","target":{"@type":"EntryPoint","urlTemplate":"https:\/\/gymfactory.eu\/lt\/?s={search_term_string}"},"query-input":{"@type":"PropertyValueSpecification","valueRequired":true,"valueName":"search_term_string"}}],"inLanguage":"lt-LT"},{"@type":"Organization","@id":"https:\/\/gymfactory.eu\/lt\/#organization","name":"Sporto sal\u0117s gamykla","url":"https:\/\/gymfactory.eu\/lt\/","logo":{"@type":"ImageObject","inLanguage":"lt-LT","@id":"https:\/\/gymfactory.eu\/lt\/#\/schema\/logo\/image\/","url":"https:\/\/gymfactory.eu\/wp-content\/uploads\/2024\/11\/Component-1.svg","contentUrl":"https:\/\/gymfactory.eu\/wp-content\/uploads\/2024\/11\/Component-1.svg","width":54,"height":44,"caption":"Sporto sal\u0117s gamykla"},"image":{"@id":"https:\/\/gymfactory.eu\/lt\/#\/schema\/logo\/image\/"}}]}},"_links":{"self":[{"href":"https:\/\/gymfactory.eu\/lt\/wp-json\/wp\/v2\/product\/9782","targetHints":{"allow":["GET"]}}],"collection":[{"href":"https:\/\/gymfactory.eu\/lt\/wp-json\/wp\/v2\/product"}],"about":[{"href":"https:\/\/gymfactory.eu\/lt\/wp-json\/wp\/v2\/types\/product"}],"wp:featuredmedia":[{"embeddable":true,"href":"https:\/\/gymfactory.eu\/lt\/wp-json\/wp\/v2\/media\/24605"}],"wp:attachment":[{"href":"https:\/\/gymfactory.eu\/lt\/wp-json\/wp\/v2\/media?parent=9782"}],"wp:term":[{"taxonomy":"product_brand","embeddable":true,"href":"https:\/\/gymfactory.eu\/lt\/wp-json\/wp\/v2\/product_brand?post=9782"},{"taxonomy":"product_cat","embeddable":true,"href":"https:\/\/gymfactory.eu\/lt\/wp-json\/wp\/v2\/product_cat?post=9782"},{"taxonomy":"product_tag","embeddable":true,"href":"https:\/\/gymfactory.eu\/lt\/wp-json\/wp\/v2\/product_tag?post=9782"}],"curies":[{"name":"wp","href":"https:\/\/api.w.org\/{rel}","templated":true}]}}