{"id":9776,"date":"2025-04-10T18:26:43","date_gmt":"2025-04-10T15:26:43","guid":{"rendered":"https:\/\/gymfactory.eu\/product\/tg-12-puses-putu-volelis\/"},"modified":"2026-01-23T14:49:48","modified_gmt":"2026-01-23T12:49:48","slug":"tg-12-puses-putu-volelis","status":"publish","type":"product","link":"https:\/\/gymfactory.eu\/lt\/produktas\/tg-12-puses-putu-volelis\/","title":{"rendered":"TG12 Pusinis masa\u017eo volelis"},"content":{"rendered":"<p>TG\u201312 pusinis masa\u017eo volelis \u2013 stabilumui, mobilumui ir gili\u0173j\u0173 raumen\u0173 aktyvavimui skirtas \u012frankis. Plok\u0161\u010dias pagrindas suteikia daugiau kontrol\u0117s, tod\u0117l ypa\u010d tinka ma\u017eo intensyvumo pratimams ir judesi\u0173 paruo\u0161imui.<\/p>\n<p>Fakt\u016bruotas pavir\u0161ius padeda atpalaiduoti raumenis, gerinti kraujotak\u0105 ir laikysen\u0105 prie\u0161 arba po j\u0117gos treniruo\u010di\u0173. Lengvas, patogus naudoti \u2013 puikiai pritaikomas atsistatymo, stabilumo ir judesi\u0173 kokyb\u0117s treniruot\u0117se.<\/p>\n\n    <div class=\"xs_social_share_widget xs_share_url after_content \t\tmain_content  wslu-style-1 wslu-share-box-shaped wslu-fill-colored wslu-none wslu-share-horizontal wslu-theme-font-no wslu-main_content\">\n\n\t\t\n        <ul>\n\t\t\t        <\/ul>\n    <\/div> \n","protected":false},"excerpt":{"rendered":"<p>TG\u201312 pusinis masa\u017eo volelis \u2013 stabilumui, mobilumui ir gili\u0173j\u0173 raumen\u0173 aktyvavimui skirtas \u012frankis. Plok\u0161\u010dias pagrindas suteikia daugiau kontrol\u0117s, tod\u0117l ypa\u010d tinka ma\u017eo intensyvumo pratimams ir judesi\u0173 paruo\u0161imui. Fakt\u016bruotas pavir\u0161ius padeda atpalaiduoti raumenis, gerinti kraujotak\u0105 ir laikysen\u0105 prie\u0161 arba po j\u0117gos treniruo\u010di\u0173. Lengvas, patogus naudoti \u2013 puikiai pritaikomas atsistatymo, stabilumo ir judesi\u0173 kokyb\u0117s treniruot\u0117se.<\/p>\n","protected":false},"featured_media":9156,"template":"","meta":{"_acf_changed":false},"product_brand":[817],"product_cat":[418],"product_tag":[393],"class_list":{"0":"post-9776","1":"product","2":"type-product","3":"status-publish","4":"has-post-thumbnail","6":"product_brand-gym-factory-lt","7":"product_cat-treniruokliu-priedai","8":"product_tag-spalva-nera-spalvu","10":"first","11":"instock","12":"taxable","13":"shipping-taxable","14":"purchasable","15":"product-type-simple"},"acf":[],"yoast_head":"<!-- This site is optimized with the Yoast SEO plugin v25.2 - https:\/\/yoast.com\/wordpress\/plugins\/seo\/ -->\n<title>TG-12 Half Foam Roller - balansavimo ir atstatymo treniruokli\u0173 sal\u0117s \u012franga<\/title>\n<meta name=\"description\" content=\"Treniruokit\u0117s i\u0161maniau su TG-12 pusiau put\u0173 voleliu. Kompakti\u0161ka sporto sal\u0117s \u012franga pusiausvyrai, mobilumui, pagrindin\u0117ms treniruot\u0117ms ir atsigavimui po treniruo\u010di\u0173 su k\u016bno svoriu.\" \/>\n<meta name=\"robots\" content=\"index, follow, max-snippet:-1, max-image-preview:large, max-video-preview:-1\" \/>\n<link rel=\"canonical\" href=\"https:\/\/gymfactory.eu\/lt\/produktas\/tg-12-puses-putu-volelis\/\" \/>\n<meta property=\"og:locale\" content=\"lt_LT\" \/>\n<meta property=\"og:type\" content=\"article\" \/>\n<meta property=\"og:title\" content=\"TG-12 Half Foam Roller - balansavimo ir atstatymo treniruokli\u0173 sal\u0117s \u012franga\" \/>\n<meta property=\"og:description\" content=\"Treniruokit\u0117s i\u0161maniau su TG-12 pusiau put\u0173 voleliu. Kompakti\u0161ka sporto sal\u0117s \u012franga pusiausvyrai, mobilumui, pagrindin\u0117ms treniruot\u0117ms ir atsigavimui po treniruo\u010di\u0173 su k\u016bno svoriu.\" \/>\n<meta property=\"og:url\" content=\"https:\/\/gymfactory.eu\/lt\/produktas\/tg-12-puses-putu-volelis\/\" \/>\n<meta property=\"og:site_name\" content=\"Gym Factory\" \/>\n<meta property=\"article:modified_time\" content=\"2026-01-23T12:49:48+00:00\" \/>\n<meta property=\"og:image\" content=\"https:\/\/gymfactory.eu\/wp-content\/uploads\/2025\/04\/TG-12-Half-Foam-Roller-1.webp\" \/>\n\t<meta property=\"og:image:width\" content=\"1181\" \/>\n\t<meta property=\"og:image:height\" content=\"1181\" \/>\n\t<meta property=\"og:image:type\" content=\"image\/webp\" \/>\n<meta name=\"twitter:card\" content=\"summary_large_image\" \/>\n<meta name=\"twitter:label1\" content=\"Est. reading time\" \/>\n\t<meta name=\"twitter:data1\" content=\"1 minut\u0117\" \/>\n<script type=\"application\/ld+json\" class=\"yoast-schema-graph\">{\"@context\":\"https:\/\/schema.org\",\"@graph\":[{\"@type\":\"WebPage\",\"@id\":\"https:\/\/gymfactory.eu\/lt\/produktas\/tg-12-puses-putu-volelis\/\",\"url\":\"https:\/\/gymfactory.eu\/lt\/produktas\/tg-12-puses-putu-volelis\/\",\"name\":\"TG-12 Half Foam Roller - balansavimo ir atstatymo treniruokli\u0173 sal\u0117s \u012franga\",\"isPartOf\":{\"@id\":\"https:\/\/gymfactory.eu\/lt\/#website\"},\"primaryImageOfPage\":{\"@id\":\"https:\/\/gymfactory.eu\/lt\/produktas\/tg-12-puses-putu-volelis\/#primaryimage\"},\"image\":{\"@id\":\"https:\/\/gymfactory.eu\/lt\/produktas\/tg-12-puses-putu-volelis\/#primaryimage\"},\"thumbnailUrl\":\"https:\/\/gymfactory.eu\/wp-content\/uploads\/2025\/04\/TG-12-Half-Foam-Roller-1.webp\",\"datePublished\":\"2025-04-10T15:26:43+00:00\",\"dateModified\":\"2026-01-23T12:49:48+00:00\",\"description\":\"Treniruokit\u0117s i\u0161maniau su TG-12 pusiau put\u0173 voleliu. Kompakti\u0161ka sporto sal\u0117s \u012franga pusiausvyrai, mobilumui, pagrindin\u0117ms treniruot\u0117ms ir atsigavimui po treniruo\u010di\u0173 su k\u016bno svoriu.\",\"breadcrumb\":{\"@id\":\"https:\/\/gymfactory.eu\/lt\/produktas\/tg-12-puses-putu-volelis\/#breadcrumb\"},\"inLanguage\":\"lt-LT\",\"potentialAction\":[{\"@type\":\"ReadAction\",\"target\":[\"https:\/\/gymfactory.eu\/lt\/produktas\/tg-12-puses-putu-volelis\/\"]}]},{\"@type\":\"ImageObject\",\"inLanguage\":\"lt-LT\",\"@id\":\"https:\/\/gymfactory.eu\/lt\/produktas\/tg-12-puses-putu-volelis\/#primaryimage\",\"url\":\"https:\/\/gymfactory.eu\/wp-content\/uploads\/2025\/04\/TG-12-Half-Foam-Roller-1.webp\",\"contentUrl\":\"https:\/\/gymfactory.eu\/wp-content\/uploads\/2025\/04\/TG-12-Half-Foam-Roller-1.webp\",\"width\":1181,\"height\":1181,\"caption\":\"Tekst\u016brinis TG-12 pusiau put\u0173 volelis su plok\u0161\u010diu pagrindu, skirtas pusiausvyrai, judrumui ir atsigavimui j\u0117gos ar k\u016bno svorio treniruo\u010di\u0173 metu.\"},{\"@type\":\"BreadcrumbList\",\"@id\":\"https:\/\/gymfactory.eu\/lt\/produktas\/tg-12-puses-putu-volelis\/#breadcrumb\",\"itemListElement\":[{\"@type\":\"ListItem\",\"position\":1,\"name\":\"Pagrindinis\",\"item\":\"https:\/\/gymfactory.eu\/lt\/\"},{\"@type\":\"ListItem\",\"position\":2,\"name\":\"Katalogas\",\"item\":\"https:\/\/gymfactory.eu\/lt\/katalogas\/\"},{\"@type\":\"ListItem\",\"position\":3,\"name\":\"TG12 Pusinis masa\u017eo volelis\"}]},{\"@type\":\"WebSite\",\"@id\":\"https:\/\/gymfactory.eu\/lt\/#website\",\"url\":\"https:\/\/gymfactory.eu\/lt\/\",\"name\":\"Gym Factory\",\"description\":\"\",\"publisher\":{\"@id\":\"https:\/\/gymfactory.eu\/lt\/#organization\"},\"potentialAction\":[{\"@type\":\"SearchAction\",\"target\":{\"@type\":\"EntryPoint\",\"urlTemplate\":\"https:\/\/gymfactory.eu\/lt\/?s={search_term_string}\"},\"query-input\":{\"@type\":\"PropertyValueSpecification\",\"valueRequired\":true,\"valueName\":\"search_term_string\"}}],\"inLanguage\":\"lt-LT\"},{\"@type\":\"Organization\",\"@id\":\"https:\/\/gymfactory.eu\/lt\/#organization\",\"name\":\"Sporto sal\u0117s gamykla\",\"url\":\"https:\/\/gymfactory.eu\/lt\/\",\"logo\":{\"@type\":\"ImageObject\",\"inLanguage\":\"lt-LT\",\"@id\":\"https:\/\/gymfactory.eu\/lt\/#\/schema\/logo\/image\/\",\"url\":\"https:\/\/gymfactory.eu\/wp-content\/uploads\/2024\/11\/Component-1.svg\",\"contentUrl\":\"https:\/\/gymfactory.eu\/wp-content\/uploads\/2024\/11\/Component-1.svg\",\"width\":54,\"height\":44,\"caption\":\"Sporto sal\u0117s gamykla\"},\"image\":{\"@id\":\"https:\/\/gymfactory.eu\/lt\/#\/schema\/logo\/image\/\"}}]}<\/script>\n<!-- \/ Yoast SEO plugin. -->","yoast_head_json":{"title":"TG-12 Half Foam Roller - balansavimo ir atstatymo treniruokli\u0173 sal\u0117s \u012franga","description":"Treniruokit\u0117s i\u0161maniau su TG-12 pusiau put\u0173 voleliu. Kompakti\u0161ka sporto sal\u0117s \u012franga pusiausvyrai, mobilumui, pagrindin\u0117ms treniruot\u0117ms ir atsigavimui po treniruo\u010di\u0173 su k\u016bno svoriu.","robots":{"index":"index","follow":"follow","max-snippet":"max-snippet:-1","max-image-preview":"max-image-preview:large","max-video-preview":"max-video-preview:-1"},"canonical":"https:\/\/gymfactory.eu\/lt\/produktas\/tg-12-puses-putu-volelis\/","og_locale":"lt_LT","og_type":"article","og_title":"TG-12 Half Foam Roller - balansavimo ir atstatymo treniruokli\u0173 sal\u0117s \u012franga","og_description":"Treniruokit\u0117s i\u0161maniau su TG-12 pusiau put\u0173 voleliu. Kompakti\u0161ka sporto sal\u0117s \u012franga pusiausvyrai, mobilumui, pagrindin\u0117ms treniruot\u0117ms ir atsigavimui po treniruo\u010di\u0173 su k\u016bno svoriu.","og_url":"https:\/\/gymfactory.eu\/lt\/produktas\/tg-12-puses-putu-volelis\/","og_site_name":"Gym Factory","article_modified_time":"2026-01-23T12:49:48+00:00","og_image":[{"width":1181,"height":1181,"url":"https:\/\/gymfactory.eu\/wp-content\/uploads\/2025\/04\/TG-12-Half-Foam-Roller-1.webp","type":"image\/webp"}],"twitter_card":"summary_large_image","twitter_misc":{"Est. reading time":"1 minut\u0117"},"schema":{"@context":"https:\/\/schema.org","@graph":[{"@type":"WebPage","@id":"https:\/\/gymfactory.eu\/lt\/produktas\/tg-12-puses-putu-volelis\/","url":"https:\/\/gymfactory.eu\/lt\/produktas\/tg-12-puses-putu-volelis\/","name":"TG-12 Half Foam Roller - balansavimo ir atstatymo treniruokli\u0173 sal\u0117s \u012franga","isPartOf":{"@id":"https:\/\/gymfactory.eu\/lt\/#website"},"primaryImageOfPage":{"@id":"https:\/\/gymfactory.eu\/lt\/produktas\/tg-12-puses-putu-volelis\/#primaryimage"},"image":{"@id":"https:\/\/gymfactory.eu\/lt\/produktas\/tg-12-puses-putu-volelis\/#primaryimage"},"thumbnailUrl":"https:\/\/gymfactory.eu\/wp-content\/uploads\/2025\/04\/TG-12-Half-Foam-Roller-1.webp","datePublished":"2025-04-10T15:26:43+00:00","dateModified":"2026-01-23T12:49:48+00:00","description":"Treniruokit\u0117s i\u0161maniau su TG-12 pusiau put\u0173 voleliu. Kompakti\u0161ka sporto sal\u0117s \u012franga pusiausvyrai, mobilumui, pagrindin\u0117ms treniruot\u0117ms ir atsigavimui po treniruo\u010di\u0173 su k\u016bno svoriu.","breadcrumb":{"@id":"https:\/\/gymfactory.eu\/lt\/produktas\/tg-12-puses-putu-volelis\/#breadcrumb"},"inLanguage":"lt-LT","potentialAction":[{"@type":"ReadAction","target":["https:\/\/gymfactory.eu\/lt\/produktas\/tg-12-puses-putu-volelis\/"]}]},{"@type":"ImageObject","inLanguage":"lt-LT","@id":"https:\/\/gymfactory.eu\/lt\/produktas\/tg-12-puses-putu-volelis\/#primaryimage","url":"https:\/\/gymfactory.eu\/wp-content\/uploads\/2025\/04\/TG-12-Half-Foam-Roller-1.webp","contentUrl":"https:\/\/gymfactory.eu\/wp-content\/uploads\/2025\/04\/TG-12-Half-Foam-Roller-1.webp","width":1181,"height":1181,"caption":"Tekst\u016brinis TG-12 pusiau put\u0173 volelis su plok\u0161\u010diu pagrindu, skirtas pusiausvyrai, judrumui ir atsigavimui j\u0117gos ar k\u016bno svorio treniruo\u010di\u0173 metu."},{"@type":"BreadcrumbList","@id":"https:\/\/gymfactory.eu\/lt\/produktas\/tg-12-puses-putu-volelis\/#breadcrumb","itemListElement":[{"@type":"ListItem","position":1,"name":"Pagrindinis","item":"https:\/\/gymfactory.eu\/lt\/"},{"@type":"ListItem","position":2,"name":"Katalogas","item":"https:\/\/gymfactory.eu\/lt\/katalogas\/"},{"@type":"ListItem","position":3,"name":"TG12 Pusinis masa\u017eo volelis"}]},{"@type":"WebSite","@id":"https:\/\/gymfactory.eu\/lt\/#website","url":"https:\/\/gymfactory.eu\/lt\/","name":"Gym Factory","description":"","publisher":{"@id":"https:\/\/gymfactory.eu\/lt\/#organization"},"potentialAction":[{"@type":"SearchAction","target":{"@type":"EntryPoint","urlTemplate":"https:\/\/gymfactory.eu\/lt\/?s={search_term_string}"},"query-input":{"@type":"PropertyValueSpecification","valueRequired":true,"valueName":"search_term_string"}}],"inLanguage":"lt-LT"},{"@type":"Organization","@id":"https:\/\/gymfactory.eu\/lt\/#organization","name":"Sporto sal\u0117s gamykla","url":"https:\/\/gymfactory.eu\/lt\/","logo":{"@type":"ImageObject","inLanguage":"lt-LT","@id":"https:\/\/gymfactory.eu\/lt\/#\/schema\/logo\/image\/","url":"https:\/\/gymfactory.eu\/wp-content\/uploads\/2024\/11\/Component-1.svg","contentUrl":"https:\/\/gymfactory.eu\/wp-content\/uploads\/2024\/11\/Component-1.svg","width":54,"height":44,"caption":"Sporto sal\u0117s gamykla"},"image":{"@id":"https:\/\/gymfactory.eu\/lt\/#\/schema\/logo\/image\/"}}]}},"_links":{"self":[{"href":"https:\/\/gymfactory.eu\/lt\/wp-json\/wp\/v2\/product\/9776","targetHints":{"allow":["GET"]}}],"collection":[{"href":"https:\/\/gymfactory.eu\/lt\/wp-json\/wp\/v2\/product"}],"about":[{"href":"https:\/\/gymfactory.eu\/lt\/wp-json\/wp\/v2\/types\/product"}],"wp:featuredmedia":[{"embeddable":true,"href":"https:\/\/gymfactory.eu\/lt\/wp-json\/wp\/v2\/media\/9156"}],"wp:attachment":[{"href":"https:\/\/gymfactory.eu\/lt\/wp-json\/wp\/v2\/media?parent=9776"}],"wp:term":[{"taxonomy":"product_brand","embeddable":true,"href":"https:\/\/gymfactory.eu\/lt\/wp-json\/wp\/v2\/product_brand?post=9776"},{"taxonomy":"product_cat","embeddable":true,"href":"https:\/\/gymfactory.eu\/lt\/wp-json\/wp\/v2\/product_cat?post=9776"},{"taxonomy":"product_tag","embeddable":true,"href":"https:\/\/gymfactory.eu\/lt\/wp-json\/wp\/v2\/product_tag?post=9776"}],"curies":[{"name":"wp","href":"https:\/\/api.w.org\/{rel}","templated":true}]}}