{"id":9773,"date":"2025-04-10T18:02:45","date_gmt":"2025-04-10T15:02:45","guid":{"rendered":"https:\/\/gymfactory.eu\/product\/tg-11-kovine-virve\/"},"modified":"2026-01-23T14:50:07","modified_gmt":"2026-01-23T12:50:07","slug":"tg-11-kovine-virve","status":"publish","type":"product","link":"https:\/\/gymfactory.eu\/lt\/produktas\/tg-11-kovine-virve\/","title":{"rendered":"TG11 Kovos virv\u0117"},"content":{"rendered":"<p>TG\u201311 treniruo\u010di\u0173 virv\u0117 \u2013 sporto \u012franga viso k\u016bno i\u0161tverm\u0117s ir j\u0117gos lavinimui. Tinka pratimus su virve atliekantiems sportininkams: sm\u016bgiams, bangoms, traukimams ir darbui intervalais.<\/p>\n<p>Pagaminta i\u0161 tvirtos, trin\u010diai atsparios med\u017eiagos, su neslystan\u010diomis rankenomis \u2013 pritaikyta intensyviam naudojimui tiek viduje, tiek lauke. Aktyviai \u012ftraukia pilvo pres\u0105, pe\u010dius, rankas ir kojas. Puikiai tinka funkcin\u0117ms treniruot\u0117ms, kur svarbu paprastumas ir efektyvumas.<\/p>\n\n    <div class=\"xs_social_share_widget xs_share_url after_content \t\tmain_content  wslu-style-1 wslu-share-box-shaped wslu-fill-colored wslu-none wslu-share-horizontal wslu-theme-font-no wslu-main_content\">\n\n\t\t\n        <ul>\n\t\t\t        <\/ul>\n    <\/div> \n","protected":false},"excerpt":{"rendered":"<p>TG\u201311 treniruo\u010di\u0173 virv\u0117 \u2013 sporto \u012franga viso k\u016bno i\u0161tverm\u0117s ir j\u0117gos lavinimui. Tinka pratimus su virve atliekantiems sportininkams: sm\u016bgiams, bangoms, traukimams ir darbui intervalais. Pagaminta i\u0161 tvirtos, trin\u010diai atsparios med\u017eiagos, su neslystan\u010diomis rankenomis \u2013 pritaikyta intensyviam naudojimui tiek viduje, tiek lauke. Aktyviai \u012ftraukia pilvo pres\u0105, pe\u010dius, rankas ir kojas. Puikiai tinka funkcin\u0117ms treniruot\u0117ms, kur svarbu [&hellip;]<\/p>\n","protected":false},"featured_media":9155,"template":"","meta":{"_acf_changed":false},"product_brand":[817],"product_cat":[418],"product_tag":[393],"class_list":{"0":"post-9773","1":"product","2":"type-product","3":"status-publish","4":"has-post-thumbnail","6":"product_brand-gym-factory-lt","7":"product_cat-treniruokliu-priedai","8":"product_tag-spalva-nera-spalvu","10":"first","11":"instock","12":"taxable","13":"shipping-taxable","14":"purchasable","15":"product-type-variable"},"acf":[],"yoast_head":"<!-- This site is optimized with the Yoast SEO plugin v25.2 - https:\/\/yoast.com\/wordpress\/plugins\/seo\/ -->\n<title>&quot;TG-11 Battle Rope&quot; - J\u0117gos ir kondicionavimo treniruokli\u0173 sal\u0117s \u012franga<\/title>\n<meta name=\"description\" content=\"Padidinkite i\u0161tverm\u0119 ir j\u0117g\u0105 naudodami TG-11 kovin\u0119 virv\u0119. Patvari sporto \u012franga, skirta viso k\u016bno j\u0117gos pratimams ir k\u016bno svorio treniruot\u0117ms.\" \/>\n<meta name=\"robots\" content=\"index, follow, max-snippet:-1, max-image-preview:large, max-video-preview:-1\" \/>\n<link rel=\"canonical\" href=\"https:\/\/gymfactory.eu\/lt\/produktas\/tg-11-kovine-virve\/\" \/>\n<meta property=\"og:locale\" content=\"lt_LT\" \/>\n<meta property=\"og:type\" content=\"article\" \/>\n<meta property=\"og:title\" content=\"&quot;TG-11 Battle Rope&quot; - J\u0117gos ir kondicionavimo treniruokli\u0173 sal\u0117s \u012franga\" \/>\n<meta property=\"og:description\" content=\"Padidinkite i\u0161tverm\u0119 ir j\u0117g\u0105 naudodami TG-11 kovin\u0119 virv\u0119. Patvari sporto \u012franga, skirta viso k\u016bno j\u0117gos pratimams ir k\u016bno svorio treniruot\u0117ms.\" \/>\n<meta property=\"og:url\" content=\"https:\/\/gymfactory.eu\/lt\/produktas\/tg-11-kovine-virve\/\" \/>\n<meta property=\"og:site_name\" content=\"Gym Factory\" \/>\n<meta property=\"article:modified_time\" content=\"2026-01-23T12:50:07+00:00\" \/>\n<meta property=\"og:image\" content=\"https:\/\/gymfactory.eu\/wp-content\/uploads\/2025\/04\/TG-11-Battle-Rope-1.webp\" \/>\n\t<meta property=\"og:image:width\" content=\"1181\" \/>\n\t<meta property=\"og:image:height\" content=\"1181\" \/>\n\t<meta property=\"og:image:type\" content=\"image\/webp\" \/>\n<meta name=\"twitter:card\" content=\"summary_large_image\" \/>\n<meta name=\"twitter:label1\" content=\"Est. reading time\" \/>\n\t<meta name=\"twitter:data1\" content=\"1 minut\u0117\" \/>\n<script type=\"application\/ld+json\" class=\"yoast-schema-graph\">{\"@context\":\"https:\/\/schema.org\",\"@graph\":[{\"@type\":\"WebPage\",\"@id\":\"https:\/\/gymfactory.eu\/lt\/produktas\/tg-11-kovine-virve\/\",\"url\":\"https:\/\/gymfactory.eu\/lt\/produktas\/tg-11-kovine-virve\/\",\"name\":\"\\\"TG-11 Battle Rope\\\" - J\u0117gos ir kondicionavimo treniruokli\u0173 sal\u0117s \u012franga\",\"isPartOf\":{\"@id\":\"https:\/\/gymfactory.eu\/lt\/#website\"},\"primaryImageOfPage\":{\"@id\":\"https:\/\/gymfactory.eu\/lt\/produktas\/tg-11-kovine-virve\/#primaryimage\"},\"image\":{\"@id\":\"https:\/\/gymfactory.eu\/lt\/produktas\/tg-11-kovine-virve\/#primaryimage\"},\"thumbnailUrl\":\"https:\/\/gymfactory.eu\/wp-content\/uploads\/2025\/04\/TG-11-Battle-Rope-1.webp\",\"datePublished\":\"2025-04-10T15:02:45+00:00\",\"dateModified\":\"2026-01-23T12:50:07+00:00\",\"description\":\"Padidinkite i\u0161tverm\u0119 ir j\u0117g\u0105 naudodami TG-11 kovin\u0119 virv\u0119. Patvari sporto \u012franga, skirta viso k\u016bno j\u0117gos pratimams ir k\u016bno svorio treniruot\u0117ms.\",\"breadcrumb\":{\"@id\":\"https:\/\/gymfactory.eu\/lt\/produktas\/tg-11-kovine-virve\/#breadcrumb\"},\"inLanguage\":\"lt-LT\",\"potentialAction\":[{\"@type\":\"ReadAction\",\"target\":[\"https:\/\/gymfactory.eu\/lt\/produktas\/tg-11-kovine-virve\/\"]}]},{\"@type\":\"ImageObject\",\"inLanguage\":\"lt-LT\",\"@id\":\"https:\/\/gymfactory.eu\/lt\/produktas\/tg-11-kovine-virve\/#primaryimage\",\"url\":\"https:\/\/gymfactory.eu\/wp-content\/uploads\/2025\/04\/TG-11-Battle-Rope-1.webp\",\"contentUrl\":\"https:\/\/gymfactory.eu\/wp-content\/uploads\/2025\/04\/TG-11-Battle-Rope-1.webp\",\"width\":1181,\"height\":1181,\"caption\":\"TG-11 kovin\u0117 virv\u0117 su raudonomis rankenomis, skirta viso k\u016bno j\u0117gos pratimams, treniruot\u0117ms su k\u016bno svoriu ir didelio intensyvumo treniruot\u0117ms sporto sal\u0117je.\"},{\"@type\":\"BreadcrumbList\",\"@id\":\"https:\/\/gymfactory.eu\/lt\/produktas\/tg-11-kovine-virve\/#breadcrumb\",\"itemListElement\":[{\"@type\":\"ListItem\",\"position\":1,\"name\":\"Pagrindinis\",\"item\":\"https:\/\/gymfactory.eu\/lt\/\"},{\"@type\":\"ListItem\",\"position\":2,\"name\":\"Katalogas\",\"item\":\"https:\/\/gymfactory.eu\/lt\/katalogas\/\"},{\"@type\":\"ListItem\",\"position\":3,\"name\":\"TG11 Kovos virv\u0117\"}]},{\"@type\":\"WebSite\",\"@id\":\"https:\/\/gymfactory.eu\/lt\/#website\",\"url\":\"https:\/\/gymfactory.eu\/lt\/\",\"name\":\"Gym Factory\",\"description\":\"\",\"publisher\":{\"@id\":\"https:\/\/gymfactory.eu\/lt\/#organization\"},\"potentialAction\":[{\"@type\":\"SearchAction\",\"target\":{\"@type\":\"EntryPoint\",\"urlTemplate\":\"https:\/\/gymfactory.eu\/lt\/?s={search_term_string}\"},\"query-input\":{\"@type\":\"PropertyValueSpecification\",\"valueRequired\":true,\"valueName\":\"search_term_string\"}}],\"inLanguage\":\"lt-LT\"},{\"@type\":\"Organization\",\"@id\":\"https:\/\/gymfactory.eu\/lt\/#organization\",\"name\":\"Sporto sal\u0117s gamykla\",\"url\":\"https:\/\/gymfactory.eu\/lt\/\",\"logo\":{\"@type\":\"ImageObject\",\"inLanguage\":\"lt-LT\",\"@id\":\"https:\/\/gymfactory.eu\/lt\/#\/schema\/logo\/image\/\",\"url\":\"https:\/\/gymfactory.eu\/wp-content\/uploads\/2024\/11\/Component-1.svg\",\"contentUrl\":\"https:\/\/gymfactory.eu\/wp-content\/uploads\/2024\/11\/Component-1.svg\",\"width\":54,\"height\":44,\"caption\":\"Sporto sal\u0117s gamykla\"},\"image\":{\"@id\":\"https:\/\/gymfactory.eu\/lt\/#\/schema\/logo\/image\/\"}}]}<\/script>\n<!-- \/ Yoast SEO plugin. -->","yoast_head_json":{"title":"\"TG-11 Battle Rope\" - J\u0117gos ir kondicionavimo treniruokli\u0173 sal\u0117s \u012franga","description":"Padidinkite i\u0161tverm\u0119 ir j\u0117g\u0105 naudodami TG-11 kovin\u0119 virv\u0119. Patvari sporto \u012franga, skirta viso k\u016bno j\u0117gos pratimams ir k\u016bno svorio treniruot\u0117ms.","robots":{"index":"index","follow":"follow","max-snippet":"max-snippet:-1","max-image-preview":"max-image-preview:large","max-video-preview":"max-video-preview:-1"},"canonical":"https:\/\/gymfactory.eu\/lt\/produktas\/tg-11-kovine-virve\/","og_locale":"lt_LT","og_type":"article","og_title":"\"TG-11 Battle Rope\" - J\u0117gos ir kondicionavimo treniruokli\u0173 sal\u0117s \u012franga","og_description":"Padidinkite i\u0161tverm\u0119 ir j\u0117g\u0105 naudodami TG-11 kovin\u0119 virv\u0119. Patvari sporto \u012franga, skirta viso k\u016bno j\u0117gos pratimams ir k\u016bno svorio treniruot\u0117ms.","og_url":"https:\/\/gymfactory.eu\/lt\/produktas\/tg-11-kovine-virve\/","og_site_name":"Gym Factory","article_modified_time":"2026-01-23T12:50:07+00:00","og_image":[{"width":1181,"height":1181,"url":"https:\/\/gymfactory.eu\/wp-content\/uploads\/2025\/04\/TG-11-Battle-Rope-1.webp","type":"image\/webp"}],"twitter_card":"summary_large_image","twitter_misc":{"Est. reading time":"1 minut\u0117"},"schema":{"@context":"https:\/\/schema.org","@graph":[{"@type":"WebPage","@id":"https:\/\/gymfactory.eu\/lt\/produktas\/tg-11-kovine-virve\/","url":"https:\/\/gymfactory.eu\/lt\/produktas\/tg-11-kovine-virve\/","name":"\"TG-11 Battle Rope\" - J\u0117gos ir kondicionavimo treniruokli\u0173 sal\u0117s \u012franga","isPartOf":{"@id":"https:\/\/gymfactory.eu\/lt\/#website"},"primaryImageOfPage":{"@id":"https:\/\/gymfactory.eu\/lt\/produktas\/tg-11-kovine-virve\/#primaryimage"},"image":{"@id":"https:\/\/gymfactory.eu\/lt\/produktas\/tg-11-kovine-virve\/#primaryimage"},"thumbnailUrl":"https:\/\/gymfactory.eu\/wp-content\/uploads\/2025\/04\/TG-11-Battle-Rope-1.webp","datePublished":"2025-04-10T15:02:45+00:00","dateModified":"2026-01-23T12:50:07+00:00","description":"Padidinkite i\u0161tverm\u0119 ir j\u0117g\u0105 naudodami TG-11 kovin\u0119 virv\u0119. Patvari sporto \u012franga, skirta viso k\u016bno j\u0117gos pratimams ir k\u016bno svorio treniruot\u0117ms.","breadcrumb":{"@id":"https:\/\/gymfactory.eu\/lt\/produktas\/tg-11-kovine-virve\/#breadcrumb"},"inLanguage":"lt-LT","potentialAction":[{"@type":"ReadAction","target":["https:\/\/gymfactory.eu\/lt\/produktas\/tg-11-kovine-virve\/"]}]},{"@type":"ImageObject","inLanguage":"lt-LT","@id":"https:\/\/gymfactory.eu\/lt\/produktas\/tg-11-kovine-virve\/#primaryimage","url":"https:\/\/gymfactory.eu\/wp-content\/uploads\/2025\/04\/TG-11-Battle-Rope-1.webp","contentUrl":"https:\/\/gymfactory.eu\/wp-content\/uploads\/2025\/04\/TG-11-Battle-Rope-1.webp","width":1181,"height":1181,"caption":"TG-11 kovin\u0117 virv\u0117 su raudonomis rankenomis, skirta viso k\u016bno j\u0117gos pratimams, treniruot\u0117ms su k\u016bno svoriu ir didelio intensyvumo treniruot\u0117ms sporto sal\u0117je."},{"@type":"BreadcrumbList","@id":"https:\/\/gymfactory.eu\/lt\/produktas\/tg-11-kovine-virve\/#breadcrumb","itemListElement":[{"@type":"ListItem","position":1,"name":"Pagrindinis","item":"https:\/\/gymfactory.eu\/lt\/"},{"@type":"ListItem","position":2,"name":"Katalogas","item":"https:\/\/gymfactory.eu\/lt\/katalogas\/"},{"@type":"ListItem","position":3,"name":"TG11 Kovos virv\u0117"}]},{"@type":"WebSite","@id":"https:\/\/gymfactory.eu\/lt\/#website","url":"https:\/\/gymfactory.eu\/lt\/","name":"Gym Factory","description":"","publisher":{"@id":"https:\/\/gymfactory.eu\/lt\/#organization"},"potentialAction":[{"@type":"SearchAction","target":{"@type":"EntryPoint","urlTemplate":"https:\/\/gymfactory.eu\/lt\/?s={search_term_string}"},"query-input":{"@type":"PropertyValueSpecification","valueRequired":true,"valueName":"search_term_string"}}],"inLanguage":"lt-LT"},{"@type":"Organization","@id":"https:\/\/gymfactory.eu\/lt\/#organization","name":"Sporto sal\u0117s gamykla","url":"https:\/\/gymfactory.eu\/lt\/","logo":{"@type":"ImageObject","inLanguage":"lt-LT","@id":"https:\/\/gymfactory.eu\/lt\/#\/schema\/logo\/image\/","url":"https:\/\/gymfactory.eu\/wp-content\/uploads\/2024\/11\/Component-1.svg","contentUrl":"https:\/\/gymfactory.eu\/wp-content\/uploads\/2024\/11\/Component-1.svg","width":54,"height":44,"caption":"Sporto sal\u0117s gamykla"},"image":{"@id":"https:\/\/gymfactory.eu\/lt\/#\/schema\/logo\/image\/"}}]}},"_links":{"self":[{"href":"https:\/\/gymfactory.eu\/lt\/wp-json\/wp\/v2\/product\/9773","targetHints":{"allow":["GET"]}}],"collection":[{"href":"https:\/\/gymfactory.eu\/lt\/wp-json\/wp\/v2\/product"}],"about":[{"href":"https:\/\/gymfactory.eu\/lt\/wp-json\/wp\/v2\/types\/product"}],"wp:featuredmedia":[{"embeddable":true,"href":"https:\/\/gymfactory.eu\/lt\/wp-json\/wp\/v2\/media\/9155"}],"wp:attachment":[{"href":"https:\/\/gymfactory.eu\/lt\/wp-json\/wp\/v2\/media?parent=9773"}],"wp:term":[{"taxonomy":"product_brand","embeddable":true,"href":"https:\/\/gymfactory.eu\/lt\/wp-json\/wp\/v2\/product_brand?post=9773"},{"taxonomy":"product_cat","embeddable":true,"href":"https:\/\/gymfactory.eu\/lt\/wp-json\/wp\/v2\/product_cat?post=9773"},{"taxonomy":"product_tag","embeddable":true,"href":"https:\/\/gymfactory.eu\/lt\/wp-json\/wp\/v2\/product_tag?post=9773"}],"curies":[{"name":"wp","href":"https:\/\/api.w.org\/{rel}","templated":true}]}}