{"id":9772,"date":"2025-04-09T21:43:14","date_gmt":"2025-04-09T18:43:14","guid":{"rendered":"https:\/\/gymfactory.eu\/product\/tg-10-bokso-krepsys\/"},"modified":"2026-01-23T14:50:25","modified_gmt":"2026-01-23T12:50:25","slug":"tg-10-bokso-krepsys","status":"publish","type":"product","link":"https:\/\/gymfactory.eu\/lt\/produktas\/tg-10-bokso-krepsys\/","title":{"rendered":"TG10 Bokso mai\u0161as"},"content":{"rendered":"<p>TG\u201310 bokso mai\u0161as skirtas bokso, kikbokso ir kitoms sm\u016bgiavimo treniruot\u0117ms. Tinka viso k\u016bno lavinimui \u2013 padeda gerinti koordinacij\u0105, j\u0117g\u0105 ir i\u0161tverm\u0119 per pasikartojan\u010dius sm\u016bgius.<\/p>\n<p>Pagamintas i\u0161 patvari\u0173 med\u017eiag\u0173 su sustiprintomis si\u016bl\u0117mis, tod\u0117l atlaiko intensyv\u0173 kr\u016bv\u012f: sm\u016bgius rankomis, kojomis, greitus treniruo\u010di\u0173 intervalus. Tinka tiek nam\u0173 sporto erdv\u0117ms, tiek profesionalioms sal\u0117ms \u2013 funkcionalus pasirinkimas sm\u016bgiavimo treniruot\u0117ms.<\/p>\n\n    <div class=\"xs_social_share_widget xs_share_url after_content \t\tmain_content  wslu-style-1 wslu-share-box-shaped wslu-fill-colored wslu-none wslu-share-horizontal wslu-theme-font-no wslu-main_content\">\n\n\t\t\n        <ul>\n\t\t\t        <\/ul>\n    <\/div> \n","protected":false},"excerpt":{"rendered":"<p>TG\u201310 bokso mai\u0161as skirtas bokso, kikbokso ir kitoms sm\u016bgiavimo treniruot\u0117ms. Tinka viso k\u016bno lavinimui \u2013 padeda gerinti koordinacij\u0105, j\u0117g\u0105 ir i\u0161tverm\u0119 per pasikartojan\u010dius sm\u016bgius. Pagamintas i\u0161 patvari\u0173 med\u017eiag\u0173 su sustiprintomis si\u016bl\u0117mis, tod\u0117l atlaiko intensyv\u0173 kr\u016bv\u012f: sm\u016bgius rankomis, kojomis, greitus treniruo\u010di\u0173 intervalus. Tinka tiek nam\u0173 sporto erdv\u0117ms, tiek profesionalioms sal\u0117ms \u2013 funkcionalus pasirinkimas sm\u016bgiavimo treniruot\u0117ms.<\/p>\n","protected":false},"featured_media":9154,"template":"","meta":{"_acf_changed":false},"product_brand":[817],"product_cat":[418],"product_tag":[393],"class_list":{"0":"post-9772","1":"product","2":"type-product","3":"status-publish","4":"has-post-thumbnail","6":"product_brand-gym-factory-lt","7":"product_cat-treniruokliu-priedai","8":"product_tag-spalva-nera-spalvu","10":"first","11":"instock","12":"taxable","13":"shipping-taxable","14":"purchasable","15":"product-type-simple"},"acf":[],"yoast_head":"<!-- This site is optimized with the Yoast SEO plugin v25.2 - https:\/\/yoast.com\/wordpress\/plugins\/seo\/ -->\n<title>TG-10 bokso krep\u0161ys - Sporto sal\u0117s \u012franga, skirta stiprinimui ir kondicionavimui<\/title>\n<meta name=\"description\" content=\"Treniruokit\u0117s galingai ir tiksliai naudodami TG-10 bokso krep\u0161\u012f. Patvari sporto \u012franga sukurta k\u016bno svorio treniruot\u0117ms, bokso treniruot\u0117ms ir j\u0117gos pratimams.\" \/>\n<meta name=\"robots\" content=\"index, follow, max-snippet:-1, max-image-preview:large, max-video-preview:-1\" \/>\n<link rel=\"canonical\" href=\"https:\/\/gymfactory.eu\/lt\/produktas\/tg-10-bokso-krepsys\/\" \/>\n<meta property=\"og:locale\" content=\"lt_LT\" \/>\n<meta property=\"og:type\" content=\"article\" \/>\n<meta property=\"og:title\" content=\"TG-10 bokso krep\u0161ys - Sporto sal\u0117s \u012franga, skirta stiprinimui ir kondicionavimui\" \/>\n<meta property=\"og:description\" content=\"Treniruokit\u0117s galingai ir tiksliai naudodami TG-10 bokso krep\u0161\u012f. Patvari sporto \u012franga sukurta k\u016bno svorio treniruot\u0117ms, bokso treniruot\u0117ms ir j\u0117gos pratimams.\" \/>\n<meta property=\"og:url\" content=\"https:\/\/gymfactory.eu\/lt\/produktas\/tg-10-bokso-krepsys\/\" \/>\n<meta property=\"og:site_name\" content=\"Gym Factory\" \/>\n<meta property=\"article:modified_time\" content=\"2026-01-23T12:50:25+00:00\" \/>\n<meta property=\"og:image\" content=\"https:\/\/gymfactory.eu\/wp-content\/uploads\/2025\/04\/TG-10-Boxing-Bag-1.webp\" \/>\n\t<meta property=\"og:image:width\" content=\"1181\" \/>\n\t<meta property=\"og:image:height\" content=\"1181\" \/>\n\t<meta property=\"og:image:type\" content=\"image\/webp\" \/>\n<meta name=\"twitter:card\" content=\"summary_large_image\" \/>\n<meta name=\"twitter:label1\" content=\"Est. reading time\" \/>\n\t<meta name=\"twitter:data1\" content=\"1 minut\u0117\" \/>\n<script type=\"application\/ld+json\" class=\"yoast-schema-graph\">{\"@context\":\"https:\/\/schema.org\",\"@graph\":[{\"@type\":\"WebPage\",\"@id\":\"https:\/\/gymfactory.eu\/lt\/produktas\/tg-10-bokso-krepsys\/\",\"url\":\"https:\/\/gymfactory.eu\/lt\/produktas\/tg-10-bokso-krepsys\/\",\"name\":\"TG-10 bokso krep\u0161ys - Sporto sal\u0117s \u012franga, skirta stiprinimui ir kondicionavimui\",\"isPartOf\":{\"@id\":\"https:\/\/gymfactory.eu\/lt\/#website\"},\"primaryImageOfPage\":{\"@id\":\"https:\/\/gymfactory.eu\/lt\/produktas\/tg-10-bokso-krepsys\/#primaryimage\"},\"image\":{\"@id\":\"https:\/\/gymfactory.eu\/lt\/produktas\/tg-10-bokso-krepsys\/#primaryimage\"},\"thumbnailUrl\":\"https:\/\/gymfactory.eu\/wp-content\/uploads\/2025\/04\/TG-10-Boxing-Bag-1.webp\",\"datePublished\":\"2025-04-09T18:43:14+00:00\",\"dateModified\":\"2026-01-23T12:50:25+00:00\",\"description\":\"Treniruokit\u0117s galingai ir tiksliai naudodami TG-10 bokso krep\u0161\u012f. Patvari sporto \u012franga sukurta k\u016bno svorio treniruot\u0117ms, bokso treniruot\u0117ms ir j\u0117gos pratimams.\",\"breadcrumb\":{\"@id\":\"https:\/\/gymfactory.eu\/lt\/produktas\/tg-10-bokso-krepsys\/#breadcrumb\"},\"inLanguage\":\"lt-LT\",\"potentialAction\":[{\"@type\":\"ReadAction\",\"target\":[\"https:\/\/gymfactory.eu\/lt\/produktas\/tg-10-bokso-krepsys\/\"]}]},{\"@type\":\"ImageObject\",\"inLanguage\":\"lt-LT\",\"@id\":\"https:\/\/gymfactory.eu\/lt\/produktas\/tg-10-bokso-krepsys\/#primaryimage\",\"url\":\"https:\/\/gymfactory.eu\/wp-content\/uploads\/2025\/04\/TG-10-Boxing-Bag-1.webp\",\"contentUrl\":\"https:\/\/gymfactory.eu\/wp-content\/uploads\/2025\/04\/TG-10-Boxing-Bag-1.webp\",\"width\":1181,\"height\":1181,\"caption\":\"Juodas TG-10 bokso krep\u0161ys su pakabinamais dir\u017eais, skirtas kovin\u0117ms treniruot\u0117ms, j\u0117gos treniruot\u0117ms ir viso k\u016bno rengimui naudojant sporto sal\u0117s \u012frang\u0105.\"},{\"@type\":\"BreadcrumbList\",\"@id\":\"https:\/\/gymfactory.eu\/lt\/produktas\/tg-10-bokso-krepsys\/#breadcrumb\",\"itemListElement\":[{\"@type\":\"ListItem\",\"position\":1,\"name\":\"Pagrindinis\",\"item\":\"https:\/\/gymfactory.eu\/lt\/\"},{\"@type\":\"ListItem\",\"position\":2,\"name\":\"Katalogas\",\"item\":\"https:\/\/gymfactory.eu\/lt\/katalogas\/\"},{\"@type\":\"ListItem\",\"position\":3,\"name\":\"TG10 Bokso mai\u0161as\"}]},{\"@type\":\"WebSite\",\"@id\":\"https:\/\/gymfactory.eu\/lt\/#website\",\"url\":\"https:\/\/gymfactory.eu\/lt\/\",\"name\":\"Gym Factory\",\"description\":\"\",\"publisher\":{\"@id\":\"https:\/\/gymfactory.eu\/lt\/#organization\"},\"potentialAction\":[{\"@type\":\"SearchAction\",\"target\":{\"@type\":\"EntryPoint\",\"urlTemplate\":\"https:\/\/gymfactory.eu\/lt\/?s={search_term_string}\"},\"query-input\":{\"@type\":\"PropertyValueSpecification\",\"valueRequired\":true,\"valueName\":\"search_term_string\"}}],\"inLanguage\":\"lt-LT\"},{\"@type\":\"Organization\",\"@id\":\"https:\/\/gymfactory.eu\/lt\/#organization\",\"name\":\"Sporto sal\u0117s gamykla\",\"url\":\"https:\/\/gymfactory.eu\/lt\/\",\"logo\":{\"@type\":\"ImageObject\",\"inLanguage\":\"lt-LT\",\"@id\":\"https:\/\/gymfactory.eu\/lt\/#\/schema\/logo\/image\/\",\"url\":\"https:\/\/gymfactory.eu\/wp-content\/uploads\/2024\/11\/Component-1.svg\",\"contentUrl\":\"https:\/\/gymfactory.eu\/wp-content\/uploads\/2024\/11\/Component-1.svg\",\"width\":54,\"height\":44,\"caption\":\"Sporto sal\u0117s gamykla\"},\"image\":{\"@id\":\"https:\/\/gymfactory.eu\/lt\/#\/schema\/logo\/image\/\"}}]}<\/script>\n<!-- \/ Yoast SEO plugin. -->","yoast_head_json":{"title":"TG-10 bokso krep\u0161ys - Sporto sal\u0117s \u012franga, skirta stiprinimui ir kondicionavimui","description":"Treniruokit\u0117s galingai ir tiksliai naudodami TG-10 bokso krep\u0161\u012f. Patvari sporto \u012franga sukurta k\u016bno svorio treniruot\u0117ms, bokso treniruot\u0117ms ir j\u0117gos pratimams.","robots":{"index":"index","follow":"follow","max-snippet":"max-snippet:-1","max-image-preview":"max-image-preview:large","max-video-preview":"max-video-preview:-1"},"canonical":"https:\/\/gymfactory.eu\/lt\/produktas\/tg-10-bokso-krepsys\/","og_locale":"lt_LT","og_type":"article","og_title":"TG-10 bokso krep\u0161ys - Sporto sal\u0117s \u012franga, skirta stiprinimui ir kondicionavimui","og_description":"Treniruokit\u0117s galingai ir tiksliai naudodami TG-10 bokso krep\u0161\u012f. Patvari sporto \u012franga sukurta k\u016bno svorio treniruot\u0117ms, bokso treniruot\u0117ms ir j\u0117gos pratimams.","og_url":"https:\/\/gymfactory.eu\/lt\/produktas\/tg-10-bokso-krepsys\/","og_site_name":"Gym Factory","article_modified_time":"2026-01-23T12:50:25+00:00","og_image":[{"width":1181,"height":1181,"url":"https:\/\/gymfactory.eu\/wp-content\/uploads\/2025\/04\/TG-10-Boxing-Bag-1.webp","type":"image\/webp"}],"twitter_card":"summary_large_image","twitter_misc":{"Est. reading time":"1 minut\u0117"},"schema":{"@context":"https:\/\/schema.org","@graph":[{"@type":"WebPage","@id":"https:\/\/gymfactory.eu\/lt\/produktas\/tg-10-bokso-krepsys\/","url":"https:\/\/gymfactory.eu\/lt\/produktas\/tg-10-bokso-krepsys\/","name":"TG-10 bokso krep\u0161ys - Sporto sal\u0117s \u012franga, skirta stiprinimui ir kondicionavimui","isPartOf":{"@id":"https:\/\/gymfactory.eu\/lt\/#website"},"primaryImageOfPage":{"@id":"https:\/\/gymfactory.eu\/lt\/produktas\/tg-10-bokso-krepsys\/#primaryimage"},"image":{"@id":"https:\/\/gymfactory.eu\/lt\/produktas\/tg-10-bokso-krepsys\/#primaryimage"},"thumbnailUrl":"https:\/\/gymfactory.eu\/wp-content\/uploads\/2025\/04\/TG-10-Boxing-Bag-1.webp","datePublished":"2025-04-09T18:43:14+00:00","dateModified":"2026-01-23T12:50:25+00:00","description":"Treniruokit\u0117s galingai ir tiksliai naudodami TG-10 bokso krep\u0161\u012f. Patvari sporto \u012franga sukurta k\u016bno svorio treniruot\u0117ms, bokso treniruot\u0117ms ir j\u0117gos pratimams.","breadcrumb":{"@id":"https:\/\/gymfactory.eu\/lt\/produktas\/tg-10-bokso-krepsys\/#breadcrumb"},"inLanguage":"lt-LT","potentialAction":[{"@type":"ReadAction","target":["https:\/\/gymfactory.eu\/lt\/produktas\/tg-10-bokso-krepsys\/"]}]},{"@type":"ImageObject","inLanguage":"lt-LT","@id":"https:\/\/gymfactory.eu\/lt\/produktas\/tg-10-bokso-krepsys\/#primaryimage","url":"https:\/\/gymfactory.eu\/wp-content\/uploads\/2025\/04\/TG-10-Boxing-Bag-1.webp","contentUrl":"https:\/\/gymfactory.eu\/wp-content\/uploads\/2025\/04\/TG-10-Boxing-Bag-1.webp","width":1181,"height":1181,"caption":"Juodas TG-10 bokso krep\u0161ys su pakabinamais dir\u017eais, skirtas kovin\u0117ms treniruot\u0117ms, j\u0117gos treniruot\u0117ms ir viso k\u016bno rengimui naudojant sporto sal\u0117s \u012frang\u0105."},{"@type":"BreadcrumbList","@id":"https:\/\/gymfactory.eu\/lt\/produktas\/tg-10-bokso-krepsys\/#breadcrumb","itemListElement":[{"@type":"ListItem","position":1,"name":"Pagrindinis","item":"https:\/\/gymfactory.eu\/lt\/"},{"@type":"ListItem","position":2,"name":"Katalogas","item":"https:\/\/gymfactory.eu\/lt\/katalogas\/"},{"@type":"ListItem","position":3,"name":"TG10 Bokso mai\u0161as"}]},{"@type":"WebSite","@id":"https:\/\/gymfactory.eu\/lt\/#website","url":"https:\/\/gymfactory.eu\/lt\/","name":"Gym Factory","description":"","publisher":{"@id":"https:\/\/gymfactory.eu\/lt\/#organization"},"potentialAction":[{"@type":"SearchAction","target":{"@type":"EntryPoint","urlTemplate":"https:\/\/gymfactory.eu\/lt\/?s={search_term_string}"},"query-input":{"@type":"PropertyValueSpecification","valueRequired":true,"valueName":"search_term_string"}}],"inLanguage":"lt-LT"},{"@type":"Organization","@id":"https:\/\/gymfactory.eu\/lt\/#organization","name":"Sporto sal\u0117s gamykla","url":"https:\/\/gymfactory.eu\/lt\/","logo":{"@type":"ImageObject","inLanguage":"lt-LT","@id":"https:\/\/gymfactory.eu\/lt\/#\/schema\/logo\/image\/","url":"https:\/\/gymfactory.eu\/wp-content\/uploads\/2024\/11\/Component-1.svg","contentUrl":"https:\/\/gymfactory.eu\/wp-content\/uploads\/2024\/11\/Component-1.svg","width":54,"height":44,"caption":"Sporto sal\u0117s gamykla"},"image":{"@id":"https:\/\/gymfactory.eu\/lt\/#\/schema\/logo\/image\/"}}]}},"_links":{"self":[{"href":"https:\/\/gymfactory.eu\/lt\/wp-json\/wp\/v2\/product\/9772","targetHints":{"allow":["GET"]}}],"collection":[{"href":"https:\/\/gymfactory.eu\/lt\/wp-json\/wp\/v2\/product"}],"about":[{"href":"https:\/\/gymfactory.eu\/lt\/wp-json\/wp\/v2\/types\/product"}],"wp:featuredmedia":[{"embeddable":true,"href":"https:\/\/gymfactory.eu\/lt\/wp-json\/wp\/v2\/media\/9154"}],"wp:attachment":[{"href":"https:\/\/gymfactory.eu\/lt\/wp-json\/wp\/v2\/media?parent=9772"}],"wp:term":[{"taxonomy":"product_brand","embeddable":true,"href":"https:\/\/gymfactory.eu\/lt\/wp-json\/wp\/v2\/product_brand?post=9772"},{"taxonomy":"product_cat","embeddable":true,"href":"https:\/\/gymfactory.eu\/lt\/wp-json\/wp\/v2\/product_cat?post=9772"},{"taxonomy":"product_tag","embeddable":true,"href":"https:\/\/gymfactory.eu\/lt\/wp-json\/wp\/v2\/product_tag?post=9772"}],"curies":[{"name":"wp","href":"https:\/\/api.w.org\/{rel}","templated":true}]}}