{"id":9770,"date":"2025-03-03T10:36:50","date_gmt":"2025-03-03T08:36:50","guid":{"rendered":"https:\/\/gymfactory.eu\/product\/z03x-stangos\/"},"modified":"2025-09-10T10:50:14","modified_gmt":"2025-09-10T07:50:14","slug":"z03x-stangos","status":"publish","type":"product","link":"https:\/\/gymfactory.eu\/lt\/produktas\/z03x-stangos\/","title":{"rendered":"Z03X Tricepso grifas"},"content":{"rendered":"<p>Z03X tricepso grifas \u2013 kompakti\u0161ka ir patogi \u012franga izoliuotiems vir\u0161utin\u0117s k\u016bno dalies pratimams. Tinka triceps\u0173 tiesimams, \u201eplaktukiniams\u201c biceps\u0173 lenkimams bei kitiems siauru su\u0117mimu atliekamiems judesiams. Suderinama su 50\u202fmm olimpiniais svorio diskais.<\/p>\n<p><strong>Pagrindin\u0117s specifikacijos:<\/strong><br \/>\n\u2022 Bendras ilgis: 86\u202fcm<br \/>\n\u2022 Disk\u0173 tvirtinimo dalies skersmuo: 50\u202fmm<br \/>\n\u2022 Su\u0117mimo skersmuo: 28\u202fmm<br \/>\n\u2022 \u0160tangos svoris: 11,5\u202fkg<br \/>\n\u2022 Maksimali apkrova: 300\u202fkg<br \/>\n\u2022 Rifliuotas pavir\u0161iaus padengimas, neleid\u017eia rankoms slysti treniruot\u0117s metu<\/p>\n<p>Z03X \u2013 prakti\u0161ka tricepso \u0161tanga, skirta tiksliniam raumen\u0173 aktyvavimui ir pratim\u0173 kontrolei bet kokioje treniruo\u010di\u0173 aplinkoje.<\/p>\n\n    <div class=\"xs_social_share_widget xs_share_url after_content \t\tmain_content  wslu-style-1 wslu-share-box-shaped wslu-fill-colored wslu-none wslu-share-horizontal wslu-theme-font-no wslu-main_content\">\n\n\t\t\n        <ul>\n\t\t\t        <\/ul>\n    <\/div> \n","protected":false},"excerpt":{"rendered":"<p>Z03X tricepso grifas \u2013 kompakti\u0161ka ir patogi \u012franga izoliuotiems vir\u0161utin\u0117s k\u016bno dalies pratimams. Tinka triceps\u0173 tiesimams, \u201eplaktukiniams\u201c biceps\u0173 lenkimams bei kitiems siauru su\u0117mimu atliekamiems judesiams. Suderinama su 50\u202fmm olimpiniais svorio diskais. Pagrindin\u0117s specifikacijos: \u2022 Bendras ilgis: 86\u202fcm \u2022 Disk\u0173 tvirtinimo dalies skersmuo: 50\u202fmm \u2022 Su\u0117mimo skersmuo: 28\u202fmm \u2022 \u0160tangos svoris: 11,5\u202fkg \u2022 Maksimali apkrova: 300\u202fkg [&hellip;]<\/p>\n","protected":false},"featured_media":9106,"template":"","meta":{"_acf_changed":false},"product_brand":[56],"product_cat":[405],"product_tag":[393],"class_list":{"0":"post-9770","1":"product","2":"type-product","3":"status-publish","4":"has-post-thumbnail","6":"product_brand-gym-factory","7":"product_cat-svarmenys-ir-stangos","8":"product_tag-spalva-nera-spalvu","10":"first","11":"onbackorder","12":"taxable","13":"shipping-taxable","14":"purchasable","15":"product-type-variable","16":"has-default-attributes"},"acf":[],"yoast_head":"<!-- This site is optimized with the Yoast SEO plugin v25.2 - https:\/\/yoast.com\/wordpress\/plugins\/seo\/ -->\n<title>Z03x \u0161tangos - b\u016btinos j\u0117gos pratimams atlikti<\/title>\n<meta name=\"description\" content=\"\u0160i \u0161tanga yra patvari ir skland\u017eiai valdoma atliekant j\u0117gos pratimus. Tai vertingas bet kurios sporto sal\u0117s \u012frangos priedas.\" \/>\n<meta name=\"robots\" content=\"index, follow, max-snippet:-1, max-image-preview:large, max-video-preview:-1\" \/>\n<link rel=\"canonical\" href=\"https:\/\/gymfactory.eu\/lt\/produktas\/z03x-stangos\/\" \/>\n<meta property=\"og:locale\" content=\"lt_LT\" \/>\n<meta property=\"og:type\" content=\"article\" \/>\n<meta property=\"og:title\" content=\"Z03x \u0161tangos - b\u016btinos j\u0117gos pratimams atlikti\" \/>\n<meta property=\"og:description\" content=\"\u0160i \u0161tanga yra patvari ir skland\u017eiai valdoma atliekant j\u0117gos pratimus. Tai vertingas bet kurios sporto sal\u0117s \u012frangos priedas.\" \/>\n<meta property=\"og:url\" content=\"https:\/\/gymfactory.eu\/lt\/produktas\/z03x-stangos\/\" \/>\n<meta property=\"og:site_name\" content=\"Gym Factory\" \/>\n<meta property=\"article:modified_time\" content=\"2025-09-10T07:50:14+00:00\" \/>\n<meta property=\"og:image\" content=\"https:\/\/gymfactory.eu\/wp-content\/uploads\/2025\/03\/Z03X-equipment-for-weight-training-barbell-1.webp\" \/>\n\t<meta property=\"og:image:width\" content=\"1500\" \/>\n\t<meta property=\"og:image:height\" content=\"1500\" \/>\n\t<meta property=\"og:image:type\" content=\"image\/webp\" \/>\n<meta name=\"twitter:card\" content=\"summary_large_image\" \/>\n<meta name=\"twitter:label1\" content=\"Est. reading time\" \/>\n\t<meta name=\"twitter:data1\" content=\"1 minut\u0117\" \/>\n<script type=\"application\/ld+json\" class=\"yoast-schema-graph\">{\"@context\":\"https:\/\/schema.org\",\"@graph\":[{\"@type\":\"WebPage\",\"@id\":\"https:\/\/gymfactory.eu\/lt\/produktas\/z03x-stangos\/\",\"url\":\"https:\/\/gymfactory.eu\/lt\/produktas\/z03x-stangos\/\",\"name\":\"Z03x \u0161tangos - b\u016btinos j\u0117gos pratimams atlikti\",\"isPartOf\":{\"@id\":\"https:\/\/gymfactory.eu\/lt\/#website\"},\"primaryImageOfPage\":{\"@id\":\"https:\/\/gymfactory.eu\/lt\/produktas\/z03x-stangos\/#primaryimage\"},\"image\":{\"@id\":\"https:\/\/gymfactory.eu\/lt\/produktas\/z03x-stangos\/#primaryimage\"},\"thumbnailUrl\":\"https:\/\/gymfactory.eu\/wp-content\/uploads\/2025\/03\/Z03X-equipment-for-weight-training-barbell-1.webp\",\"datePublished\":\"2025-03-03T08:36:50+00:00\",\"dateModified\":\"2025-09-10T07:50:14+00:00\",\"description\":\"\u0160i \u0161tanga yra patvari ir skland\u017eiai valdoma atliekant j\u0117gos pratimus. Tai vertingas bet kurios sporto sal\u0117s \u012frangos priedas.\",\"breadcrumb\":{\"@id\":\"https:\/\/gymfactory.eu\/lt\/produktas\/z03x-stangos\/#breadcrumb\"},\"inLanguage\":\"lt-LT\",\"potentialAction\":[{\"@type\":\"ReadAction\",\"target\":[\"https:\/\/gymfactory.eu\/lt\/produktas\/z03x-stangos\/\"]}]},{\"@type\":\"ImageObject\",\"inLanguage\":\"lt-LT\",\"@id\":\"https:\/\/gymfactory.eu\/lt\/produktas\/z03x-stangos\/#primaryimage\",\"url\":\"https:\/\/gymfactory.eu\/wp-content\/uploads\/2025\/03\/Z03X-equipment-for-weight-training-barbell-1.webp\",\"contentUrl\":\"https:\/\/gymfactory.eu\/wp-content\/uploads\/2025\/03\/Z03X-equipment-for-weight-training-barbell-1.webp\",\"width\":1500,\"height\":1500,\"caption\":\"Pilnas \u0161tangos rankenos tvirtinimo vaizdas, pasi\u017eymintis tvirta rankena, skirta j\u0117gos pratimams, puikiai tinkanti gerinti sunkiosios atletikos rezultatus profesionalioje ar nam\u0173 sporto sal\u0117je.\"},{\"@type\":\"BreadcrumbList\",\"@id\":\"https:\/\/gymfactory.eu\/lt\/produktas\/z03x-stangos\/#breadcrumb\",\"itemListElement\":[{\"@type\":\"ListItem\",\"position\":1,\"name\":\"Pagrindinis\",\"item\":\"https:\/\/gymfactory.eu\/lt\/\"},{\"@type\":\"ListItem\",\"position\":2,\"name\":\"Katalogas\",\"item\":\"https:\/\/gymfactory.eu\/lt\/katalogas\/\"},{\"@type\":\"ListItem\",\"position\":3,\"name\":\"Z03X Tricepso grifas\"}]},{\"@type\":\"WebSite\",\"@id\":\"https:\/\/gymfactory.eu\/lt\/#website\",\"url\":\"https:\/\/gymfactory.eu\/lt\/\",\"name\":\"Gym Factory\",\"description\":\"\",\"publisher\":{\"@id\":\"https:\/\/gymfactory.eu\/lt\/#organization\"},\"potentialAction\":[{\"@type\":\"SearchAction\",\"target\":{\"@type\":\"EntryPoint\",\"urlTemplate\":\"https:\/\/gymfactory.eu\/lt\/?s={search_term_string}\"},\"query-input\":{\"@type\":\"PropertyValueSpecification\",\"valueRequired\":true,\"valueName\":\"search_term_string\"}}],\"inLanguage\":\"lt-LT\"},{\"@type\":\"Organization\",\"@id\":\"https:\/\/gymfactory.eu\/lt\/#organization\",\"name\":\"Sporto sal\u0117s gamykla\",\"url\":\"https:\/\/gymfactory.eu\/lt\/\",\"logo\":{\"@type\":\"ImageObject\",\"inLanguage\":\"lt-LT\",\"@id\":\"https:\/\/gymfactory.eu\/lt\/#\/schema\/logo\/image\/\",\"url\":\"https:\/\/gymfactory.eu\/wp-content\/uploads\/2024\/11\/Component-1.svg\",\"contentUrl\":\"https:\/\/gymfactory.eu\/wp-content\/uploads\/2024\/11\/Component-1.svg\",\"width\":54,\"height\":44,\"caption\":\"Sporto sal\u0117s gamykla\"},\"image\":{\"@id\":\"https:\/\/gymfactory.eu\/lt\/#\/schema\/logo\/image\/\"}}]}<\/script>\n<!-- \/ Yoast SEO plugin. -->","yoast_head_json":{"title":"Z03x \u0161tangos - b\u016btinos j\u0117gos pratimams atlikti","description":"\u0160i \u0161tanga yra patvari ir skland\u017eiai valdoma atliekant j\u0117gos pratimus. Tai vertingas bet kurios sporto sal\u0117s \u012frangos priedas.","robots":{"index":"index","follow":"follow","max-snippet":"max-snippet:-1","max-image-preview":"max-image-preview:large","max-video-preview":"max-video-preview:-1"},"canonical":"https:\/\/gymfactory.eu\/lt\/produktas\/z03x-stangos\/","og_locale":"lt_LT","og_type":"article","og_title":"Z03x \u0161tangos - b\u016btinos j\u0117gos pratimams atlikti","og_description":"\u0160i \u0161tanga yra patvari ir skland\u017eiai valdoma atliekant j\u0117gos pratimus. Tai vertingas bet kurios sporto sal\u0117s \u012frangos priedas.","og_url":"https:\/\/gymfactory.eu\/lt\/produktas\/z03x-stangos\/","og_site_name":"Gym Factory","article_modified_time":"2025-09-10T07:50:14+00:00","og_image":[{"width":1500,"height":1500,"url":"https:\/\/gymfactory.eu\/wp-content\/uploads\/2025\/03\/Z03X-equipment-for-weight-training-barbell-1.webp","type":"image\/webp"}],"twitter_card":"summary_large_image","twitter_misc":{"Est. reading time":"1 minut\u0117"},"schema":{"@context":"https:\/\/schema.org","@graph":[{"@type":"WebPage","@id":"https:\/\/gymfactory.eu\/lt\/produktas\/z03x-stangos\/","url":"https:\/\/gymfactory.eu\/lt\/produktas\/z03x-stangos\/","name":"Z03x \u0161tangos - b\u016btinos j\u0117gos pratimams atlikti","isPartOf":{"@id":"https:\/\/gymfactory.eu\/lt\/#website"},"primaryImageOfPage":{"@id":"https:\/\/gymfactory.eu\/lt\/produktas\/z03x-stangos\/#primaryimage"},"image":{"@id":"https:\/\/gymfactory.eu\/lt\/produktas\/z03x-stangos\/#primaryimage"},"thumbnailUrl":"https:\/\/gymfactory.eu\/wp-content\/uploads\/2025\/03\/Z03X-equipment-for-weight-training-barbell-1.webp","datePublished":"2025-03-03T08:36:50+00:00","dateModified":"2025-09-10T07:50:14+00:00","description":"\u0160i \u0161tanga yra patvari ir skland\u017eiai valdoma atliekant j\u0117gos pratimus. Tai vertingas bet kurios sporto sal\u0117s \u012frangos priedas.","breadcrumb":{"@id":"https:\/\/gymfactory.eu\/lt\/produktas\/z03x-stangos\/#breadcrumb"},"inLanguage":"lt-LT","potentialAction":[{"@type":"ReadAction","target":["https:\/\/gymfactory.eu\/lt\/produktas\/z03x-stangos\/"]}]},{"@type":"ImageObject","inLanguage":"lt-LT","@id":"https:\/\/gymfactory.eu\/lt\/produktas\/z03x-stangos\/#primaryimage","url":"https:\/\/gymfactory.eu\/wp-content\/uploads\/2025\/03\/Z03X-equipment-for-weight-training-barbell-1.webp","contentUrl":"https:\/\/gymfactory.eu\/wp-content\/uploads\/2025\/03\/Z03X-equipment-for-weight-training-barbell-1.webp","width":1500,"height":1500,"caption":"Pilnas \u0161tangos rankenos tvirtinimo vaizdas, pasi\u017eymintis tvirta rankena, skirta j\u0117gos pratimams, puikiai tinkanti gerinti sunkiosios atletikos rezultatus profesionalioje ar nam\u0173 sporto sal\u0117je."},{"@type":"BreadcrumbList","@id":"https:\/\/gymfactory.eu\/lt\/produktas\/z03x-stangos\/#breadcrumb","itemListElement":[{"@type":"ListItem","position":1,"name":"Pagrindinis","item":"https:\/\/gymfactory.eu\/lt\/"},{"@type":"ListItem","position":2,"name":"Katalogas","item":"https:\/\/gymfactory.eu\/lt\/katalogas\/"},{"@type":"ListItem","position":3,"name":"Z03X Tricepso grifas"}]},{"@type":"WebSite","@id":"https:\/\/gymfactory.eu\/lt\/#website","url":"https:\/\/gymfactory.eu\/lt\/","name":"Gym Factory","description":"","publisher":{"@id":"https:\/\/gymfactory.eu\/lt\/#organization"},"potentialAction":[{"@type":"SearchAction","target":{"@type":"EntryPoint","urlTemplate":"https:\/\/gymfactory.eu\/lt\/?s={search_term_string}"},"query-input":{"@type":"PropertyValueSpecification","valueRequired":true,"valueName":"search_term_string"}}],"inLanguage":"lt-LT"},{"@type":"Organization","@id":"https:\/\/gymfactory.eu\/lt\/#organization","name":"Sporto sal\u0117s gamykla","url":"https:\/\/gymfactory.eu\/lt\/","logo":{"@type":"ImageObject","inLanguage":"lt-LT","@id":"https:\/\/gymfactory.eu\/lt\/#\/schema\/logo\/image\/","url":"https:\/\/gymfactory.eu\/wp-content\/uploads\/2024\/11\/Component-1.svg","contentUrl":"https:\/\/gymfactory.eu\/wp-content\/uploads\/2024\/11\/Component-1.svg","width":54,"height":44,"caption":"Sporto sal\u0117s gamykla"},"image":{"@id":"https:\/\/gymfactory.eu\/lt\/#\/schema\/logo\/image\/"}}]}},"_links":{"self":[{"href":"https:\/\/gymfactory.eu\/lt\/wp-json\/wp\/v2\/product\/9770","targetHints":{"allow":["GET"]}}],"collection":[{"href":"https:\/\/gymfactory.eu\/lt\/wp-json\/wp\/v2\/product"}],"about":[{"href":"https:\/\/gymfactory.eu\/lt\/wp-json\/wp\/v2\/types\/product"}],"wp:featuredmedia":[{"embeddable":true,"href":"https:\/\/gymfactory.eu\/lt\/wp-json\/wp\/v2\/media\/9106"}],"wp:attachment":[{"href":"https:\/\/gymfactory.eu\/lt\/wp-json\/wp\/v2\/media?parent=9770"}],"wp:term":[{"taxonomy":"product_brand","embeddable":true,"href":"https:\/\/gymfactory.eu\/lt\/wp-json\/wp\/v2\/product_brand?post=9770"},{"taxonomy":"product_cat","embeddable":true,"href":"https:\/\/gymfactory.eu\/lt\/wp-json\/wp\/v2\/product_cat?post=9770"},{"taxonomy":"product_tag","embeddable":true,"href":"https:\/\/gymfactory.eu\/lt\/wp-json\/wp\/v2\/product_tag?post=9770"}],"curies":[{"name":"wp","href":"https:\/\/api.w.org\/{rel}","templated":true}]}}