{"id":9728,"date":"2025-03-05T16:04:48","date_gmt":"2025-03-05T14:04:48","guid":{"rendered":"https:\/\/gymfactory.eu\/product\/x2-2-hanteliai\/"},"modified":"2026-02-27T07:39:35","modified_gmt":"2026-02-27T05:39:35","slug":"x2-2-hanteliai","status":"publish","type":"product","link":"https:\/\/gymfactory.eu\/lt\/produktas\/x2-2-hanteliai\/","title":{"rendered":"X2-2 Metaliniai hanteliai"},"content":{"rendered":"<p>X2-2 \u2013 tai profesional\u016bs vientisos konstrukcijos metaliniai hanteliai, skirti intensyvioms j\u0117gos treniruot\u0117ms. Visi\u0161kai metalinis korpusas ir rifliuoto padengimo ner\u016bdijan\u010dio plieno rankena u\u017etikrina tvirt\u0105 su\u0117mim\u0105 bei stabilum\u0105 dirbant su dideliais svoriais.<\/p>\n<p><strong>Galimi svoriai (\u017eingsnis kas 2,5\u202fkg):<\/strong><br \/>\n50 \/ 52,5 \/ 55 \/ 57,5 \/ 60 \/ 62,5 \/ 65 \/ 67,5 \/ 70 \/ 72,5 \/ 75 \/ 77,5 \/ 80 \/ 82,5 \/ 85 \/ 87,5 \/ 90 \/ 92,5 \/ 95 \/ 97,5 \/ 100 kg<\/p>\n<p>Parduodami po du vnt. \u2013 svor\u012f galima pasirinkti individualiai, pagal poreik\u012f ar treniruo\u010di\u0173 program\u0105.<\/p>\n<p><strong>Suderinami stovai:<\/strong><br \/>\n<a href=\"https:\/\/gymfactory.eu\/product\/z09-dumbbell-rack\/\" target=\"_blank\" rel=\"noopener\">Z09 hanteli\u0173 stovas<\/a>,<br \/>\n<a href=\"https:\/\/gymfactory.eu\/product\/z09x-dumbbell-rack\/\" target=\"_blank\" rel=\"noopener\">Z09X hanteli\u0173 stovas<\/a>,<br \/>\n<a href=\"https:\/\/gymfactory.eu\/product\/z09x2-dumbbell-rack\/\" target=\"_blank\" rel=\"noopener\">Z09X2 hanteli\u0173 stovas<\/a>.<\/p>\n<p>Tvirtas pasirinkimas profesionaliam naudojimui \u2013 X2-2 hanteliai sukurti ilgalaikiam darbui esant didel\u0117ms apkrovoms.<\/p>\n\n    <div class=\"xs_social_share_widget xs_share_url after_content \t\tmain_content  wslu-style-1 wslu-share-box-shaped wslu-fill-colored wslu-none wslu-share-horizontal wslu-theme-font-no wslu-main_content\">\n\n\t\t\n        <ul>\n\t\t\t        <\/ul>\n    <\/div> \n","protected":false},"excerpt":{"rendered":"<p>X2-2 \u2013 tai profesional\u016bs vientisos konstrukcijos metaliniai hanteliai, skirti intensyvioms j\u0117gos treniruot\u0117ms. Visi\u0161kai metalinis korpusas ir rifliuoto padengimo ner\u016bdijan\u010dio plieno rankena u\u017etikrina tvirt\u0105 su\u0117mim\u0105 bei stabilum\u0105 dirbant su dideliais svoriais. Galimi svoriai (\u017eingsnis kas 2,5\u202fkg): 50 \/ 52,5 \/ 55 \/ 57,5 \/ 60 \/ 62,5 \/ 65 \/ 67,5 \/ 70 \/ 72,5 \/ [&hellip;]<\/p>\n","protected":false},"featured_media":28147,"template":"","meta":{"_acf_changed":false},"product_brand":[817],"product_cat":[405],"product_tag":[393],"class_list":{"0":"post-9728","1":"product","2":"type-product","3":"status-publish","4":"has-post-thumbnail","6":"product_brand-gym-factory-lt","7":"product_cat-svarmenys-ir-stangos","8":"product_tag-spalva-nera-spalvu","10":"first","11":"onbackorder","12":"taxable","13":"shipping-taxable","14":"purchasable","15":"product-type-variable"},"acf":[],"yoast_head":"<!-- This site is optimized with the Yoast SEO plugin v25.2 - https:\/\/yoast.com\/wordpress\/plugins\/seo\/ -->\n<title>X2-2 hanteliai - &quot;Gym Factory&quot; svarmen\u0173 treniruokli\u0173 \u012franga<\/title>\n<meta name=\"description\" content=\"X2-2 hanteliai (12 kg-100 kg) skirti komercin\u0117ms sporto sal\u0117ms ir nam\u0173 sporto sal\u0117ms, nes yra patvar\u016bs ir tiksl\u016bs atliekant j\u0117gos pratimus.\" \/>\n<meta name=\"robots\" content=\"index, follow, max-snippet:-1, max-image-preview:large, max-video-preview:-1\" \/>\n<link rel=\"canonical\" href=\"https:\/\/gymfactory.eu\/lt\/produktas\/x2-2-hanteliai\/\" \/>\n<meta property=\"og:locale\" content=\"lt_LT\" \/>\n<meta property=\"og:type\" content=\"article\" \/>\n<meta property=\"og:title\" content=\"X2-2 hanteliai - &quot;Gym Factory&quot; svarmen\u0173 treniruokli\u0173 \u012franga\" \/>\n<meta property=\"og:description\" content=\"X2-2 hanteliai (12 kg-100 kg) skirti komercin\u0117ms sporto sal\u0117ms ir nam\u0173 sporto sal\u0117ms, nes yra patvar\u016bs ir tiksl\u016bs atliekant j\u0117gos pratimus.\" \/>\n<meta property=\"og:url\" content=\"https:\/\/gymfactory.eu\/lt\/produktas\/x2-2-hanteliai\/\" \/>\n<meta property=\"og:site_name\" content=\"Gym Factory\" \/>\n<meta property=\"article:modified_time\" content=\"2026-02-27T05:39:35+00:00\" \/>\n<meta property=\"og:image\" content=\"https:\/\/gymfactory.eu\/wp-content\/uploads\/2025\/03\/equipment-for-weight-training-black-rubber-dumbbells.webp\" \/>\n\t<meta property=\"og:image:width\" content=\"1500\" \/>\n\t<meta property=\"og:image:height\" content=\"1500\" \/>\n\t<meta property=\"og:image:type\" content=\"image\/webp\" \/>\n<meta name=\"twitter:card\" content=\"summary_large_image\" \/>\n<meta name=\"twitter:label1\" content=\"Est. reading time\" \/>\n\t<meta name=\"twitter:data1\" content=\"1 minut\u0117\" \/>\n<script type=\"application\/ld+json\" class=\"yoast-schema-graph\">{\"@context\":\"https:\/\/schema.org\",\"@graph\":[{\"@type\":\"WebPage\",\"@id\":\"https:\/\/gymfactory.eu\/lt\/produktas\/x2-2-hanteliai\/\",\"url\":\"https:\/\/gymfactory.eu\/lt\/produktas\/x2-2-hanteliai\/\",\"name\":\"X2-2 hanteliai - \\\"Gym Factory\\\" svarmen\u0173 treniruokli\u0173 \u012franga\",\"isPartOf\":{\"@id\":\"https:\/\/gymfactory.eu\/lt\/#website\"},\"primaryImageOfPage\":{\"@id\":\"https:\/\/gymfactory.eu\/lt\/produktas\/x2-2-hanteliai\/#primaryimage\"},\"image\":{\"@id\":\"https:\/\/gymfactory.eu\/lt\/produktas\/x2-2-hanteliai\/#primaryimage\"},\"thumbnailUrl\":\"https:\/\/gymfactory.eu\/wp-content\/uploads\/2025\/03\/equipment-for-weight-training-black-rubber-dumbbells.webp\",\"datePublished\":\"2025-03-05T14:04:48+00:00\",\"dateModified\":\"2026-02-27T05:39:35+00:00\",\"description\":\"X2-2 hanteliai (12 kg-100 kg) skirti komercin\u0117ms sporto sal\u0117ms ir nam\u0173 sporto sal\u0117ms, nes yra patvar\u016bs ir tiksl\u016bs atliekant j\u0117gos pratimus.\",\"breadcrumb\":{\"@id\":\"https:\/\/gymfactory.eu\/lt\/produktas\/x2-2-hanteliai\/#breadcrumb\"},\"inLanguage\":\"lt-LT\",\"potentialAction\":[{\"@type\":\"ReadAction\",\"target\":[\"https:\/\/gymfactory.eu\/lt\/produktas\/x2-2-hanteliai\/\"]}]},{\"@type\":\"ImageObject\",\"inLanguage\":\"lt-LT\",\"@id\":\"https:\/\/gymfactory.eu\/lt\/produktas\/x2-2-hanteliai\/#primaryimage\",\"url\":\"https:\/\/gymfactory.eu\/wp-content\/uploads\/2025\/03\/equipment-for-weight-training-black-rubber-dumbbells.webp\",\"contentUrl\":\"https:\/\/gymfactory.eu\/wp-content\/uploads\/2025\/03\/equipment-for-weight-training-black-rubber-dumbbells.webp\",\"width\":1500,\"height\":1500,\"caption\":\"A pair of black rubber-coated dumbbells with \\\"45\\\" printed on the sides, featuring sturdy metal handles. These durable weights are ideal for strength-training exercises, making them suitable for both commercial gyms and home fitness setups.\"},{\"@type\":\"BreadcrumbList\",\"@id\":\"https:\/\/gymfactory.eu\/lt\/produktas\/x2-2-hanteliai\/#breadcrumb\",\"itemListElement\":[{\"@type\":\"ListItem\",\"position\":1,\"name\":\"Pagrindinis\",\"item\":\"https:\/\/gymfactory.eu\/lt\/\"},{\"@type\":\"ListItem\",\"position\":2,\"name\":\"Katalogas\",\"item\":\"https:\/\/gymfactory.eu\/lt\/katalogas\/\"},{\"@type\":\"ListItem\",\"position\":3,\"name\":\"X2-2 Metaliniai hanteliai\"}]},{\"@type\":\"WebSite\",\"@id\":\"https:\/\/gymfactory.eu\/lt\/#website\",\"url\":\"https:\/\/gymfactory.eu\/lt\/\",\"name\":\"Gym Factory\",\"description\":\"\",\"publisher\":{\"@id\":\"https:\/\/gymfactory.eu\/lt\/#organization\"},\"potentialAction\":[{\"@type\":\"SearchAction\",\"target\":{\"@type\":\"EntryPoint\",\"urlTemplate\":\"https:\/\/gymfactory.eu\/lt\/?s={search_term_string}\"},\"query-input\":{\"@type\":\"PropertyValueSpecification\",\"valueRequired\":true,\"valueName\":\"search_term_string\"}}],\"inLanguage\":\"lt-LT\"},{\"@type\":\"Organization\",\"@id\":\"https:\/\/gymfactory.eu\/lt\/#organization\",\"name\":\"Sporto sal\u0117s gamykla\",\"url\":\"https:\/\/gymfactory.eu\/lt\/\",\"logo\":{\"@type\":\"ImageObject\",\"inLanguage\":\"lt-LT\",\"@id\":\"https:\/\/gymfactory.eu\/lt\/#\/schema\/logo\/image\/\",\"url\":\"https:\/\/gymfactory.eu\/wp-content\/uploads\/2024\/11\/Component-1.svg\",\"contentUrl\":\"https:\/\/gymfactory.eu\/wp-content\/uploads\/2024\/11\/Component-1.svg\",\"width\":54,\"height\":44,\"caption\":\"Sporto sal\u0117s gamykla\"},\"image\":{\"@id\":\"https:\/\/gymfactory.eu\/lt\/#\/schema\/logo\/image\/\"}}]}<\/script>\n<!-- \/ Yoast SEO plugin. -->","yoast_head_json":{"title":"X2-2 hanteliai - \"Gym Factory\" svarmen\u0173 treniruokli\u0173 \u012franga","description":"X2-2 hanteliai (12 kg-100 kg) skirti komercin\u0117ms sporto sal\u0117ms ir nam\u0173 sporto sal\u0117ms, nes yra patvar\u016bs ir tiksl\u016bs atliekant j\u0117gos pratimus.","robots":{"index":"index","follow":"follow","max-snippet":"max-snippet:-1","max-image-preview":"max-image-preview:large","max-video-preview":"max-video-preview:-1"},"canonical":"https:\/\/gymfactory.eu\/lt\/produktas\/x2-2-hanteliai\/","og_locale":"lt_LT","og_type":"article","og_title":"X2-2 hanteliai - \"Gym Factory\" svarmen\u0173 treniruokli\u0173 \u012franga","og_description":"X2-2 hanteliai (12 kg-100 kg) skirti komercin\u0117ms sporto sal\u0117ms ir nam\u0173 sporto sal\u0117ms, nes yra patvar\u016bs ir tiksl\u016bs atliekant j\u0117gos pratimus.","og_url":"https:\/\/gymfactory.eu\/lt\/produktas\/x2-2-hanteliai\/","og_site_name":"Gym Factory","article_modified_time":"2026-02-27T05:39:35+00:00","og_image":[{"width":1500,"height":1500,"url":"https:\/\/gymfactory.eu\/wp-content\/uploads\/2025\/03\/equipment-for-weight-training-black-rubber-dumbbells.webp","type":"image\/webp"}],"twitter_card":"summary_large_image","twitter_misc":{"Est. reading time":"1 minut\u0117"},"schema":{"@context":"https:\/\/schema.org","@graph":[{"@type":"WebPage","@id":"https:\/\/gymfactory.eu\/lt\/produktas\/x2-2-hanteliai\/","url":"https:\/\/gymfactory.eu\/lt\/produktas\/x2-2-hanteliai\/","name":"X2-2 hanteliai - \"Gym Factory\" svarmen\u0173 treniruokli\u0173 \u012franga","isPartOf":{"@id":"https:\/\/gymfactory.eu\/lt\/#website"},"primaryImageOfPage":{"@id":"https:\/\/gymfactory.eu\/lt\/produktas\/x2-2-hanteliai\/#primaryimage"},"image":{"@id":"https:\/\/gymfactory.eu\/lt\/produktas\/x2-2-hanteliai\/#primaryimage"},"thumbnailUrl":"https:\/\/gymfactory.eu\/wp-content\/uploads\/2025\/03\/equipment-for-weight-training-black-rubber-dumbbells.webp","datePublished":"2025-03-05T14:04:48+00:00","dateModified":"2026-02-27T05:39:35+00:00","description":"X2-2 hanteliai (12 kg-100 kg) skirti komercin\u0117ms sporto sal\u0117ms ir nam\u0173 sporto sal\u0117ms, nes yra patvar\u016bs ir tiksl\u016bs atliekant j\u0117gos pratimus.","breadcrumb":{"@id":"https:\/\/gymfactory.eu\/lt\/produktas\/x2-2-hanteliai\/#breadcrumb"},"inLanguage":"lt-LT","potentialAction":[{"@type":"ReadAction","target":["https:\/\/gymfactory.eu\/lt\/produktas\/x2-2-hanteliai\/"]}]},{"@type":"ImageObject","inLanguage":"lt-LT","@id":"https:\/\/gymfactory.eu\/lt\/produktas\/x2-2-hanteliai\/#primaryimage","url":"https:\/\/gymfactory.eu\/wp-content\/uploads\/2025\/03\/equipment-for-weight-training-black-rubber-dumbbells.webp","contentUrl":"https:\/\/gymfactory.eu\/wp-content\/uploads\/2025\/03\/equipment-for-weight-training-black-rubber-dumbbells.webp","width":1500,"height":1500,"caption":"A pair of black rubber-coated dumbbells with \"45\" printed on the sides, featuring sturdy metal handles. These durable weights are ideal for strength-training exercises, making them suitable for both commercial gyms and home fitness setups."},{"@type":"BreadcrumbList","@id":"https:\/\/gymfactory.eu\/lt\/produktas\/x2-2-hanteliai\/#breadcrumb","itemListElement":[{"@type":"ListItem","position":1,"name":"Pagrindinis","item":"https:\/\/gymfactory.eu\/lt\/"},{"@type":"ListItem","position":2,"name":"Katalogas","item":"https:\/\/gymfactory.eu\/lt\/katalogas\/"},{"@type":"ListItem","position":3,"name":"X2-2 Metaliniai hanteliai"}]},{"@type":"WebSite","@id":"https:\/\/gymfactory.eu\/lt\/#website","url":"https:\/\/gymfactory.eu\/lt\/","name":"Gym Factory","description":"","publisher":{"@id":"https:\/\/gymfactory.eu\/lt\/#organization"},"potentialAction":[{"@type":"SearchAction","target":{"@type":"EntryPoint","urlTemplate":"https:\/\/gymfactory.eu\/lt\/?s={search_term_string}"},"query-input":{"@type":"PropertyValueSpecification","valueRequired":true,"valueName":"search_term_string"}}],"inLanguage":"lt-LT"},{"@type":"Organization","@id":"https:\/\/gymfactory.eu\/lt\/#organization","name":"Sporto sal\u0117s gamykla","url":"https:\/\/gymfactory.eu\/lt\/","logo":{"@type":"ImageObject","inLanguage":"lt-LT","@id":"https:\/\/gymfactory.eu\/lt\/#\/schema\/logo\/image\/","url":"https:\/\/gymfactory.eu\/wp-content\/uploads\/2024\/11\/Component-1.svg","contentUrl":"https:\/\/gymfactory.eu\/wp-content\/uploads\/2024\/11\/Component-1.svg","width":54,"height":44,"caption":"Sporto sal\u0117s gamykla"},"image":{"@id":"https:\/\/gymfactory.eu\/lt\/#\/schema\/logo\/image\/"}}]}},"_links":{"self":[{"href":"https:\/\/gymfactory.eu\/lt\/wp-json\/wp\/v2\/product\/9728","targetHints":{"allow":["GET"]}}],"collection":[{"href":"https:\/\/gymfactory.eu\/lt\/wp-json\/wp\/v2\/product"}],"about":[{"href":"https:\/\/gymfactory.eu\/lt\/wp-json\/wp\/v2\/types\/product"}],"wp:featuredmedia":[{"embeddable":true,"href":"https:\/\/gymfactory.eu\/lt\/wp-json\/wp\/v2\/media\/28147"}],"wp:attachment":[{"href":"https:\/\/gymfactory.eu\/lt\/wp-json\/wp\/v2\/media?parent=9728"}],"wp:term":[{"taxonomy":"product_brand","embeddable":true,"href":"https:\/\/gymfactory.eu\/lt\/wp-json\/wp\/v2\/product_brand?post=9728"},{"taxonomy":"product_cat","embeddable":true,"href":"https:\/\/gymfactory.eu\/lt\/wp-json\/wp\/v2\/product_cat?post=9728"},{"taxonomy":"product_tag","embeddable":true,"href":"https:\/\/gymfactory.eu\/lt\/wp-json\/wp\/v2\/product_tag?post=9728"}],"curies":[{"name":"wp","href":"https:\/\/api.w.org\/{rel}","templated":true}]}}