{"id":9727,"date":"2025-03-17T08:27:42","date_gmt":"2025-03-17T06:27:42","guid":{"rendered":"https:\/\/gymfactory.eu\/product\/q5-suoliukas\/"},"modified":"2025-09-09T14:54:00","modified_gmt":"2025-09-09T11:54:00","slug":"q5-suoliukas","status":"publish","type":"product","link":"https:\/\/gymfactory.eu\/lt\/produktas\/q5-suoliukas\/","title":{"rendered":"Q5 Suoliukas"},"content":{"rendered":"<p>Q5 suoliukas \u2013 kompakti\u0161kas ir patvarus sprendimas sporto sali\u0173 persirengimo kambariams. Sukurtas kasdieniam naudojimui, dera su kita sporto \u012franga ir padeda palaikyti tvarking\u0105 erdv\u0119.<\/p>\n<p>Matmenys:<br \/>\n\u2013 Ilgis: 75 cm<br \/>\n\u2013 Plotis: 80 cm<br \/>\n\u2013 Auk\u0161tis: 42 cm<\/p>\n<p>Suoliukas suteikia patogi\u0105 viet\u0105 persirengti ar susitvarkyti sporto reikmenis. Tvirta konstrukcija u\u017etikrina tinkamum\u0105 tiek asmeniniams, tiek komerciniams persirengimo kambariams.<\/p>\n\n    <div class=\"xs_social_share_widget xs_share_url after_content \t\tmain_content  wslu-style-1 wslu-share-box-shaped wslu-fill-colored wslu-none wslu-share-horizontal wslu-theme-font-no wslu-main_content\">\n\n\t\t\n        <ul>\n\t\t\t        <\/ul>\n    <\/div> \n","protected":false},"excerpt":{"rendered":"<p>Q5 suoliukas \u2013 kompakti\u0161kas ir patvarus sprendimas sporto sali\u0173 persirengimo kambariams. Sukurtas kasdieniam naudojimui, dera su kita sporto \u012franga ir padeda palaikyti tvarking\u0105 erdv\u0119. Matmenys: \u2013 Ilgis: 75 cm \u2013 Plotis: 80 cm \u2013 Auk\u0161tis: 42 cm Suoliukas suteikia patogi\u0105 viet\u0105 persirengti ar susitvarkyti sporto reikmenis. Tvirta konstrukcija u\u017etikrina tinkamum\u0105 tiek asmeniniams, tiek komerciniams persirengimo [&hellip;]<\/p>\n","protected":false},"featured_media":8986,"template":"","meta":{"_acf_changed":false},"product_brand":[56],"product_cat":[441],"product_tag":[393],"class_list":{"0":"post-9727","1":"product","2":"type-product","3":"status-publish","4":"has-post-thumbnail","6":"product_brand-gym-factory","7":"product_cat-persirengimo-kambario-iranga","8":"product_tag-spalva-nera-spalvu","10":"first","11":"onbackorder","12":"taxable","13":"shipping-taxable","14":"purchasable","15":"product-type-simple"},"acf":[],"yoast_head":"<!-- This site is optimized with the Yoast SEO plugin v25.2 - https:\/\/yoast.com\/wordpress\/plugins\/seo\/ -->\n<title>&quot;Q5 Bench&quot; - &quot;Gym Factory&quot; privaloma sporto sal\u0117s \u012franga<\/title>\n<meta name=\"description\" content=\"Atnaujinkite savo sporto sal\u0117s persirengimo kambar\u012f naudodami Q5 suoliuk\u0105. Tvirtas ir funkcionalus, \u0161is sporto sal\u0117s reikmen\u0173 suoliukas u\u017etikrina patogum\u0105 ir ilgaam\u017ei\u0161kum\u0105 bet kurioje patalpoje.\" \/>\n<meta name=\"robots\" content=\"index, follow, max-snippet:-1, max-image-preview:large, max-video-preview:-1\" \/>\n<link rel=\"canonical\" href=\"https:\/\/gymfactory.eu\/lt\/produktas\/q5-suoliukas\/\" \/>\n<meta property=\"og:locale\" content=\"lt_LT\" \/>\n<meta property=\"og:type\" content=\"article\" \/>\n<meta property=\"og:title\" content=\"&quot;Q5 Bench&quot; - &quot;Gym Factory&quot; privaloma sporto sal\u0117s \u012franga\" \/>\n<meta property=\"og:description\" content=\"Atnaujinkite savo sporto sal\u0117s persirengimo kambar\u012f naudodami Q5 suoliuk\u0105. Tvirtas ir funkcionalus, \u0161is sporto sal\u0117s reikmen\u0173 suoliukas u\u017etikrina patogum\u0105 ir ilgaam\u017ei\u0161kum\u0105 bet kurioje patalpoje.\" \/>\n<meta property=\"og:url\" content=\"https:\/\/gymfactory.eu\/lt\/produktas\/q5-suoliukas\/\" \/>\n<meta property=\"og:site_name\" content=\"Gym Factory\" \/>\n<meta property=\"article:modified_time\" content=\"2025-09-09T11:54:00+00:00\" \/>\n<meta property=\"og:image\" content=\"https:\/\/gymfactory.eu\/wp-content\/uploads\/2025\/03\/gym-gear-bench-Q6-1.webp\" \/>\n\t<meta property=\"og:image:width\" content=\"1500\" \/>\n\t<meta property=\"og:image:height\" content=\"1500\" \/>\n\t<meta property=\"og:image:type\" content=\"image\/webp\" \/>\n<meta name=\"twitter:card\" content=\"summary_large_image\" \/>\n<meta name=\"twitter:label1\" content=\"Est. reading time\" \/>\n\t<meta name=\"twitter:data1\" content=\"1 minut\u0117\" \/>\n<script type=\"application\/ld+json\" class=\"yoast-schema-graph\">{\"@context\":\"https:\/\/schema.org\",\"@graph\":[{\"@type\":\"WebPage\",\"@id\":\"https:\/\/gymfactory.eu\/lt\/produktas\/q5-suoliukas\/\",\"url\":\"https:\/\/gymfactory.eu\/lt\/produktas\/q5-suoliukas\/\",\"name\":\"\\\"Q5 Bench\\\" - \\\"Gym Factory\\\" privaloma sporto sal\u0117s \u012franga\",\"isPartOf\":{\"@id\":\"https:\/\/gymfactory.eu\/lt\/#website\"},\"primaryImageOfPage\":{\"@id\":\"https:\/\/gymfactory.eu\/lt\/produktas\/q5-suoliukas\/#primaryimage\"},\"image\":{\"@id\":\"https:\/\/gymfactory.eu\/lt\/produktas\/q5-suoliukas\/#primaryimage\"},\"thumbnailUrl\":\"https:\/\/gymfactory.eu\/wp-content\/uploads\/2025\/03\/gym-gear-bench-Q6-1.webp\",\"datePublished\":\"2025-03-17T06:27:42+00:00\",\"dateModified\":\"2025-09-09T11:54:00+00:00\",\"description\":\"Atnaujinkite savo sporto sal\u0117s persirengimo kambar\u012f naudodami Q5 suoliuk\u0105. Tvirtas ir funkcionalus, \u0161is sporto sal\u0117s reikmen\u0173 suoliukas u\u017etikrina patogum\u0105 ir ilgaam\u017ei\u0161kum\u0105 bet kurioje patalpoje.\",\"breadcrumb\":{\"@id\":\"https:\/\/gymfactory.eu\/lt\/produktas\/q5-suoliukas\/#breadcrumb\"},\"inLanguage\":\"lt-LT\",\"potentialAction\":[{\"@type\":\"ReadAction\",\"target\":[\"https:\/\/gymfactory.eu\/lt\/produktas\/q5-suoliukas\/\"]}]},{\"@type\":\"ImageObject\",\"inLanguage\":\"lt-LT\",\"@id\":\"https:\/\/gymfactory.eu\/lt\/produktas\/q5-suoliukas\/#primaryimage\",\"url\":\"https:\/\/gymfactory.eu\/wp-content\/uploads\/2025\/03\/gym-gear-bench-Q6-1.webp\",\"contentUrl\":\"https:\/\/gymfactory.eu\/wp-content\/uploads\/2025\/03\/gym-gear-bench-Q6-1.webp\",\"width\":1500,\"height\":1500,\"caption\":\"\u0160iuolaiki\u0161kas sporto sal\u0117s persirengimo kambario suoliukas, pasi\u017eymintis juoda apdaila ir raudonu atramos akcentu po apa\u010dia. Konstrukcij\u0105 sudaro platus, plok\u0161\u010dias s\u0117dimasis pavir\u0161ius ir du tvirti \u0161oniniai skydai, u\u017etikrinantys patvarum\u0105 ir stabilum\u0105. D\u0117l kompakti\u0161ko ir funkcionalaus dizaino tai yra prakti\u0161ka sporto sal\u0117s reikmen\u0173 dalis, suteikianti s\u0117dim\u0105j\u0105 viet\u0105 arba papildom\u0105 saugojimo viet\u0105 persirengimo kambaryje.\"},{\"@type\":\"BreadcrumbList\",\"@id\":\"https:\/\/gymfactory.eu\/lt\/produktas\/q5-suoliukas\/#breadcrumb\",\"itemListElement\":[{\"@type\":\"ListItem\",\"position\":1,\"name\":\"Pagrindinis\",\"item\":\"https:\/\/gymfactory.eu\/lt\/\"},{\"@type\":\"ListItem\",\"position\":2,\"name\":\"Katalogas\",\"item\":\"https:\/\/gymfactory.eu\/lt\/katalogas\/\"},{\"@type\":\"ListItem\",\"position\":3,\"name\":\"Q5 Suoliukas\"}]},{\"@type\":\"WebSite\",\"@id\":\"https:\/\/gymfactory.eu\/lt\/#website\",\"url\":\"https:\/\/gymfactory.eu\/lt\/\",\"name\":\"Gym Factory\",\"description\":\"\",\"publisher\":{\"@id\":\"https:\/\/gymfactory.eu\/lt\/#organization\"},\"potentialAction\":[{\"@type\":\"SearchAction\",\"target\":{\"@type\":\"EntryPoint\",\"urlTemplate\":\"https:\/\/gymfactory.eu\/lt\/?s={search_term_string}\"},\"query-input\":{\"@type\":\"PropertyValueSpecification\",\"valueRequired\":true,\"valueName\":\"search_term_string\"}}],\"inLanguage\":\"lt-LT\"},{\"@type\":\"Organization\",\"@id\":\"https:\/\/gymfactory.eu\/lt\/#organization\",\"name\":\"Sporto sal\u0117s gamykla\",\"url\":\"https:\/\/gymfactory.eu\/lt\/\",\"logo\":{\"@type\":\"ImageObject\",\"inLanguage\":\"lt-LT\",\"@id\":\"https:\/\/gymfactory.eu\/lt\/#\/schema\/logo\/image\/\",\"url\":\"https:\/\/gymfactory.eu\/wp-content\/uploads\/2024\/11\/Component-1.svg\",\"contentUrl\":\"https:\/\/gymfactory.eu\/wp-content\/uploads\/2024\/11\/Component-1.svg\",\"width\":54,\"height\":44,\"caption\":\"Sporto sal\u0117s gamykla\"},\"image\":{\"@id\":\"https:\/\/gymfactory.eu\/lt\/#\/schema\/logo\/image\/\"}}]}<\/script>\n<!-- \/ Yoast SEO plugin. -->","yoast_head_json":{"title":"\"Q5 Bench\" - \"Gym Factory\" privaloma sporto sal\u0117s \u012franga","description":"Atnaujinkite savo sporto sal\u0117s persirengimo kambar\u012f naudodami Q5 suoliuk\u0105. Tvirtas ir funkcionalus, \u0161is sporto sal\u0117s reikmen\u0173 suoliukas u\u017etikrina patogum\u0105 ir ilgaam\u017ei\u0161kum\u0105 bet kurioje patalpoje.","robots":{"index":"index","follow":"follow","max-snippet":"max-snippet:-1","max-image-preview":"max-image-preview:large","max-video-preview":"max-video-preview:-1"},"canonical":"https:\/\/gymfactory.eu\/lt\/produktas\/q5-suoliukas\/","og_locale":"lt_LT","og_type":"article","og_title":"\"Q5 Bench\" - \"Gym Factory\" privaloma sporto sal\u0117s \u012franga","og_description":"Atnaujinkite savo sporto sal\u0117s persirengimo kambar\u012f naudodami Q5 suoliuk\u0105. Tvirtas ir funkcionalus, \u0161is sporto sal\u0117s reikmen\u0173 suoliukas u\u017etikrina patogum\u0105 ir ilgaam\u017ei\u0161kum\u0105 bet kurioje patalpoje.","og_url":"https:\/\/gymfactory.eu\/lt\/produktas\/q5-suoliukas\/","og_site_name":"Gym Factory","article_modified_time":"2025-09-09T11:54:00+00:00","og_image":[{"width":1500,"height":1500,"url":"https:\/\/gymfactory.eu\/wp-content\/uploads\/2025\/03\/gym-gear-bench-Q6-1.webp","type":"image\/webp"}],"twitter_card":"summary_large_image","twitter_misc":{"Est. reading time":"1 minut\u0117"},"schema":{"@context":"https:\/\/schema.org","@graph":[{"@type":"WebPage","@id":"https:\/\/gymfactory.eu\/lt\/produktas\/q5-suoliukas\/","url":"https:\/\/gymfactory.eu\/lt\/produktas\/q5-suoliukas\/","name":"\"Q5 Bench\" - \"Gym Factory\" privaloma sporto sal\u0117s \u012franga","isPartOf":{"@id":"https:\/\/gymfactory.eu\/lt\/#website"},"primaryImageOfPage":{"@id":"https:\/\/gymfactory.eu\/lt\/produktas\/q5-suoliukas\/#primaryimage"},"image":{"@id":"https:\/\/gymfactory.eu\/lt\/produktas\/q5-suoliukas\/#primaryimage"},"thumbnailUrl":"https:\/\/gymfactory.eu\/wp-content\/uploads\/2025\/03\/gym-gear-bench-Q6-1.webp","datePublished":"2025-03-17T06:27:42+00:00","dateModified":"2025-09-09T11:54:00+00:00","description":"Atnaujinkite savo sporto sal\u0117s persirengimo kambar\u012f naudodami Q5 suoliuk\u0105. Tvirtas ir funkcionalus, \u0161is sporto sal\u0117s reikmen\u0173 suoliukas u\u017etikrina patogum\u0105 ir ilgaam\u017ei\u0161kum\u0105 bet kurioje patalpoje.","breadcrumb":{"@id":"https:\/\/gymfactory.eu\/lt\/produktas\/q5-suoliukas\/#breadcrumb"},"inLanguage":"lt-LT","potentialAction":[{"@type":"ReadAction","target":["https:\/\/gymfactory.eu\/lt\/produktas\/q5-suoliukas\/"]}]},{"@type":"ImageObject","inLanguage":"lt-LT","@id":"https:\/\/gymfactory.eu\/lt\/produktas\/q5-suoliukas\/#primaryimage","url":"https:\/\/gymfactory.eu\/wp-content\/uploads\/2025\/03\/gym-gear-bench-Q6-1.webp","contentUrl":"https:\/\/gymfactory.eu\/wp-content\/uploads\/2025\/03\/gym-gear-bench-Q6-1.webp","width":1500,"height":1500,"caption":"\u0160iuolaiki\u0161kas sporto sal\u0117s persirengimo kambario suoliukas, pasi\u017eymintis juoda apdaila ir raudonu atramos akcentu po apa\u010dia. Konstrukcij\u0105 sudaro platus, plok\u0161\u010dias s\u0117dimasis pavir\u0161ius ir du tvirti \u0161oniniai skydai, u\u017etikrinantys patvarum\u0105 ir stabilum\u0105. D\u0117l kompakti\u0161ko ir funkcionalaus dizaino tai yra prakti\u0161ka sporto sal\u0117s reikmen\u0173 dalis, suteikianti s\u0117dim\u0105j\u0105 viet\u0105 arba papildom\u0105 saugojimo viet\u0105 persirengimo kambaryje."},{"@type":"BreadcrumbList","@id":"https:\/\/gymfactory.eu\/lt\/produktas\/q5-suoliukas\/#breadcrumb","itemListElement":[{"@type":"ListItem","position":1,"name":"Pagrindinis","item":"https:\/\/gymfactory.eu\/lt\/"},{"@type":"ListItem","position":2,"name":"Katalogas","item":"https:\/\/gymfactory.eu\/lt\/katalogas\/"},{"@type":"ListItem","position":3,"name":"Q5 Suoliukas"}]},{"@type":"WebSite","@id":"https:\/\/gymfactory.eu\/lt\/#website","url":"https:\/\/gymfactory.eu\/lt\/","name":"Gym Factory","description":"","publisher":{"@id":"https:\/\/gymfactory.eu\/lt\/#organization"},"potentialAction":[{"@type":"SearchAction","target":{"@type":"EntryPoint","urlTemplate":"https:\/\/gymfactory.eu\/lt\/?s={search_term_string}"},"query-input":{"@type":"PropertyValueSpecification","valueRequired":true,"valueName":"search_term_string"}}],"inLanguage":"lt-LT"},{"@type":"Organization","@id":"https:\/\/gymfactory.eu\/lt\/#organization","name":"Sporto sal\u0117s gamykla","url":"https:\/\/gymfactory.eu\/lt\/","logo":{"@type":"ImageObject","inLanguage":"lt-LT","@id":"https:\/\/gymfactory.eu\/lt\/#\/schema\/logo\/image\/","url":"https:\/\/gymfactory.eu\/wp-content\/uploads\/2024\/11\/Component-1.svg","contentUrl":"https:\/\/gymfactory.eu\/wp-content\/uploads\/2024\/11\/Component-1.svg","width":54,"height":44,"caption":"Sporto sal\u0117s gamykla"},"image":{"@id":"https:\/\/gymfactory.eu\/lt\/#\/schema\/logo\/image\/"}}]}},"_links":{"self":[{"href":"https:\/\/gymfactory.eu\/lt\/wp-json\/wp\/v2\/product\/9727","targetHints":{"allow":["GET"]}}],"collection":[{"href":"https:\/\/gymfactory.eu\/lt\/wp-json\/wp\/v2\/product"}],"about":[{"href":"https:\/\/gymfactory.eu\/lt\/wp-json\/wp\/v2\/types\/product"}],"wp:featuredmedia":[{"embeddable":true,"href":"https:\/\/gymfactory.eu\/lt\/wp-json\/wp\/v2\/media\/8986"}],"wp:attachment":[{"href":"https:\/\/gymfactory.eu\/lt\/wp-json\/wp\/v2\/media?parent=9727"}],"wp:term":[{"taxonomy":"product_brand","embeddable":true,"href":"https:\/\/gymfactory.eu\/lt\/wp-json\/wp\/v2\/product_brand?post=9727"},{"taxonomy":"product_cat","embeddable":true,"href":"https:\/\/gymfactory.eu\/lt\/wp-json\/wp\/v2\/product_cat?post=9727"},{"taxonomy":"product_tag","embeddable":true,"href":"https:\/\/gymfactory.eu\/lt\/wp-json\/wp\/v2\/product_tag?post=9727"}],"curies":[{"name":"wp","href":"https:\/\/api.w.org\/{rel}","templated":true}]}}