{"id":9726,"date":"2025-03-05T15:26:00","date_gmt":"2025-03-05T13:26:00","guid":{"rendered":"https:\/\/gymfactory.eu\/product\/x2-1x-hanteliu-rinkinys-su-stovu\/"},"modified":"2025-09-05T14:21:09","modified_gmt":"2025-09-05T11:21:09","slug":"x2-1x-hanteliu-rinkinys-su-stovu","status":"publish","type":"product","link":"https:\/\/gymfactory.eu\/lt\/produktas\/x2-1x-hanteliu-rinkinys-su-stovu\/","title":{"rendered":"X2-1X Hanteli\u0173 rinkinys su stovu"},"content":{"rendered":"<p>X2-1X hanteli\u0173 rinkinys su stovu \u2013 prakti\u0161kas sprendimas j\u0117gos treniruot\u0117ms namuose ar sporto klube. Gumuoti hanteliai su ner\u016bdijan\u010dio plieno rankenomis u\u017etikrina patvarum\u0105 ir tvirt\u0105 su\u0117mim\u0105 treniruojantis.<\/p>\n<p><strong>Rinkinio sud\u0117tis (hanteliai poromis):<\/strong><\/p>\n<ul>\n<li>2 \u00d7 1\u202fkg<\/li>\n<li>2 \u00d7 2\u202fkg<\/li>\n<li>2 \u00d7 3\u202fkg<\/li>\n<li>2 \u00d7 4\u202fkg<\/li>\n<li>2 \u00d7 5\u202fkg<\/li>\n<li>2 \u00d7 6\u202fkg<\/li>\n<li>2 \u00d7 7\u202fkg<\/li>\n<li>2 \u00d7 8\u202fkg<\/li>\n<li>2 \u00d7 9\u202fkg<\/li>\n<li>2 \u00d7 10\u202fkg<\/li>\n<\/ul>\n<p>Komplekte esantis stovas padeda palaikyti tvark\u0105 ir leid\u017eia greitai pasiekti reikiam\u0105 svor\u012f \u2013 tai patogu tiek kompakti\u0161koje nam\u0173 erdv\u0117je, tiek intensyvaus naudojimo sal\u0117je. Rinkinys tinkamas \u012fvairiems j\u0117gos pratimams visam k\u016bnui treniruoti.<\/p>\n\n    <div class=\"xs_social_share_widget xs_share_url after_content \t\tmain_content  wslu-style-1 wslu-share-box-shaped wslu-fill-colored wslu-none wslu-share-horizontal wslu-theme-font-no wslu-main_content\">\n\n\t\t\n        <ul>\n\t\t\t        <\/ul>\n    <\/div> \n","protected":false},"excerpt":{"rendered":"<p>X2-1X hanteli\u0173 rinkinys su stovu \u2013 prakti\u0161kas sprendimas j\u0117gos treniruot\u0117ms namuose ar sporto klube. Gumuoti hanteliai su ner\u016bdijan\u010dio plieno rankenomis u\u017etikrina patvarum\u0105 ir tvirt\u0105 su\u0117mim\u0105 treniruojantis. Rinkinio sud\u0117tis (hanteliai poromis): 2 \u00d7 1\u202fkg 2 \u00d7 2\u202fkg 2 \u00d7 3\u202fkg 2 \u00d7 4\u202fkg 2 \u00d7 5\u202fkg 2 \u00d7 6\u202fkg 2 \u00d7 7\u202fkg 2 \u00d7 8\u202fkg 2 [&hellip;]<\/p>\n","protected":false},"featured_media":8208,"template":"","meta":{"_acf_changed":false},"product_brand":[56],"product_cat":[405],"product_tag":[393],"class_list":{"0":"post-9726","1":"product","2":"type-product","3":"status-publish","4":"has-post-thumbnail","6":"product_brand-gym-factory","7":"product_cat-svarmenys-ir-stangos","8":"product_tag-spalva-nera-spalvu","10":"first","11":"onbackorder","12":"taxable","13":"shipping-taxable","14":"purchasable","15":"product-type-simple"},"acf":[],"yoast_head":"<!-- This site is optimized with the Yoast SEO plugin v25.2 - https:\/\/yoast.com\/wordpress\/plugins\/seo\/ -->\n<title>X2-1X hanteli\u0173 rinkinys su stovu j\u0117gos pratimams<\/title>\n<meta name=\"description\" content=\"Atnaujinkite savo sporto sal\u0119 naudodami X2-1X hanteli\u0173 rinkin\u012f su stovu, skirt\u0105 komercin\u0117ms sporto sal\u0117ms ir puikiai tinkant\u012f fitneso ir j\u0117gos treniruot\u0117ms.\" \/>\n<meta name=\"robots\" content=\"index, follow, max-snippet:-1, max-image-preview:large, max-video-preview:-1\" \/>\n<link rel=\"canonical\" href=\"https:\/\/gymfactory.eu\/lt\/produktas\/x2-1x-hanteliu-rinkinys-su-stovu\/\" \/>\n<meta property=\"og:locale\" content=\"lt_LT\" \/>\n<meta property=\"og:type\" content=\"article\" \/>\n<meta property=\"og:title\" content=\"X2-1X hanteli\u0173 rinkinys su stovu j\u0117gos pratimams\" \/>\n<meta property=\"og:description\" content=\"Atnaujinkite savo sporto sal\u0119 naudodami X2-1X hanteli\u0173 rinkin\u012f su stovu, skirt\u0105 komercin\u0117ms sporto sal\u0117ms ir puikiai tinkant\u012f fitneso ir j\u0117gos treniruot\u0117ms.\" \/>\n<meta property=\"og:url\" content=\"https:\/\/gymfactory.eu\/lt\/produktas\/x2-1x-hanteliu-rinkinys-su-stovu\/\" \/>\n<meta property=\"og:site_name\" content=\"Gym Factory\" \/>\n<meta property=\"article:modified_time\" content=\"2025-09-05T11:21:09+00:00\" \/>\n<meta property=\"og:image\" content=\"https:\/\/gymfactory.eu\/wp-content\/uploads\/2025\/03\/equipment-for-weight-training-black-dumbbell-rack.webp\" \/>\n\t<meta property=\"og:image:width\" content=\"1500\" \/>\n\t<meta property=\"og:image:height\" content=\"1500\" \/>\n\t<meta property=\"og:image:type\" content=\"image\/webp\" \/>\n<meta name=\"twitter:card\" content=\"summary_large_image\" \/>\n<meta name=\"twitter:label1\" content=\"Est. reading time\" \/>\n\t<meta name=\"twitter:data1\" content=\"1 minut\u0117\" \/>\n<script type=\"application\/ld+json\" class=\"yoast-schema-graph\">{\"@context\":\"https:\/\/schema.org\",\"@graph\":[{\"@type\":\"WebPage\",\"@id\":\"https:\/\/gymfactory.eu\/lt\/produktas\/x2-1x-hanteliu-rinkinys-su-stovu\/\",\"url\":\"https:\/\/gymfactory.eu\/lt\/produktas\/x2-1x-hanteliu-rinkinys-su-stovu\/\",\"name\":\"X2-1X hanteli\u0173 rinkinys su stovu j\u0117gos pratimams\",\"isPartOf\":{\"@id\":\"https:\/\/gymfactory.eu\/lt\/#website\"},\"primaryImageOfPage\":{\"@id\":\"https:\/\/gymfactory.eu\/lt\/produktas\/x2-1x-hanteliu-rinkinys-su-stovu\/#primaryimage\"},\"image\":{\"@id\":\"https:\/\/gymfactory.eu\/lt\/produktas\/x2-1x-hanteliu-rinkinys-su-stovu\/#primaryimage\"},\"thumbnailUrl\":\"https:\/\/gymfactory.eu\/wp-content\/uploads\/2025\/03\/equipment-for-weight-training-black-dumbbell-rack.webp\",\"datePublished\":\"2025-03-05T13:26:00+00:00\",\"dateModified\":\"2025-09-05T11:21:09+00:00\",\"description\":\"Atnaujinkite savo sporto sal\u0119 naudodami X2-1X hanteli\u0173 rinkin\u012f su stovu, skirt\u0105 komercin\u0117ms sporto sal\u0117ms ir puikiai tinkant\u012f fitneso ir j\u0117gos treniruot\u0117ms.\",\"breadcrumb\":{\"@id\":\"https:\/\/gymfactory.eu\/lt\/produktas\/x2-1x-hanteliu-rinkinys-su-stovu\/#breadcrumb\"},\"inLanguage\":\"lt-LT\",\"potentialAction\":[{\"@type\":\"ReadAction\",\"target\":[\"https:\/\/gymfactory.eu\/lt\/produktas\/x2-1x-hanteliu-rinkinys-su-stovu\/\"]}]},{\"@type\":\"ImageObject\",\"inLanguage\":\"lt-LT\",\"@id\":\"https:\/\/gymfactory.eu\/lt\/produktas\/x2-1x-hanteliu-rinkinys-su-stovu\/#primaryimage\",\"url\":\"https:\/\/gymfactory.eu\/wp-content\/uploads\/2025\/03\/equipment-for-weight-training-black-dumbbell-rack.webp\",\"contentUrl\":\"https:\/\/gymfactory.eu\/wp-content\/uploads\/2025\/03\/equipment-for-weight-training-black-dumbbell-rack.webp\",\"width\":1500,\"height\":1500,\"caption\":\"Modernaus juodo hanteli\u0173 stovo su guma dengtais \u0161e\u0161iakampiais hanteliais su metalin\u0117mis rankenomis vaizdas stambiu planu. \u0160i auk\u0161tos kokyb\u0117s laikymo sistema idealiai tinka komercin\u0117ms sporto sal\u0117ms ir nam\u0173 fitneso entuziastams, norintiems optimizuoti savo erdv\u0119 ir tvarkingai laikyti svori\u0173 treniruo\u010di\u0173 \u012frang\u0105.\"},{\"@type\":\"BreadcrumbList\",\"@id\":\"https:\/\/gymfactory.eu\/lt\/produktas\/x2-1x-hanteliu-rinkinys-su-stovu\/#breadcrumb\",\"itemListElement\":[{\"@type\":\"ListItem\",\"position\":1,\"name\":\"Pagrindinis\",\"item\":\"https:\/\/gymfactory.eu\/lt\/\"},{\"@type\":\"ListItem\",\"position\":2,\"name\":\"Katalogas\",\"item\":\"https:\/\/gymfactory.eu\/lt\/katalogas\/\"},{\"@type\":\"ListItem\",\"position\":3,\"name\":\"X2-1X Hanteli\u0173 rinkinys su stovu\"}]},{\"@type\":\"WebSite\",\"@id\":\"https:\/\/gymfactory.eu\/lt\/#website\",\"url\":\"https:\/\/gymfactory.eu\/lt\/\",\"name\":\"Gym Factory\",\"description\":\"\",\"publisher\":{\"@id\":\"https:\/\/gymfactory.eu\/lt\/#organization\"},\"potentialAction\":[{\"@type\":\"SearchAction\",\"target\":{\"@type\":\"EntryPoint\",\"urlTemplate\":\"https:\/\/gymfactory.eu\/lt\/?s={search_term_string}\"},\"query-input\":{\"@type\":\"PropertyValueSpecification\",\"valueRequired\":true,\"valueName\":\"search_term_string\"}}],\"inLanguage\":\"lt-LT\"},{\"@type\":\"Organization\",\"@id\":\"https:\/\/gymfactory.eu\/lt\/#organization\",\"name\":\"Sporto sal\u0117s gamykla\",\"url\":\"https:\/\/gymfactory.eu\/lt\/\",\"logo\":{\"@type\":\"ImageObject\",\"inLanguage\":\"lt-LT\",\"@id\":\"https:\/\/gymfactory.eu\/lt\/#\/schema\/logo\/image\/\",\"url\":\"https:\/\/gymfactory.eu\/wp-content\/uploads\/2024\/11\/Component-1.svg\",\"contentUrl\":\"https:\/\/gymfactory.eu\/wp-content\/uploads\/2024\/11\/Component-1.svg\",\"width\":54,\"height\":44,\"caption\":\"Sporto sal\u0117s gamykla\"},\"image\":{\"@id\":\"https:\/\/gymfactory.eu\/lt\/#\/schema\/logo\/image\/\"}}]}<\/script>\n<!-- \/ Yoast SEO plugin. -->","yoast_head_json":{"title":"X2-1X hanteli\u0173 rinkinys su stovu j\u0117gos pratimams","description":"Atnaujinkite savo sporto sal\u0119 naudodami X2-1X hanteli\u0173 rinkin\u012f su stovu, skirt\u0105 komercin\u0117ms sporto sal\u0117ms ir puikiai tinkant\u012f fitneso ir j\u0117gos treniruot\u0117ms.","robots":{"index":"index","follow":"follow","max-snippet":"max-snippet:-1","max-image-preview":"max-image-preview:large","max-video-preview":"max-video-preview:-1"},"canonical":"https:\/\/gymfactory.eu\/lt\/produktas\/x2-1x-hanteliu-rinkinys-su-stovu\/","og_locale":"lt_LT","og_type":"article","og_title":"X2-1X hanteli\u0173 rinkinys su stovu j\u0117gos pratimams","og_description":"Atnaujinkite savo sporto sal\u0119 naudodami X2-1X hanteli\u0173 rinkin\u012f su stovu, skirt\u0105 komercin\u0117ms sporto sal\u0117ms ir puikiai tinkant\u012f fitneso ir j\u0117gos treniruot\u0117ms.","og_url":"https:\/\/gymfactory.eu\/lt\/produktas\/x2-1x-hanteliu-rinkinys-su-stovu\/","og_site_name":"Gym Factory","article_modified_time":"2025-09-05T11:21:09+00:00","og_image":[{"width":1500,"height":1500,"url":"https:\/\/gymfactory.eu\/wp-content\/uploads\/2025\/03\/equipment-for-weight-training-black-dumbbell-rack.webp","type":"image\/webp"}],"twitter_card":"summary_large_image","twitter_misc":{"Est. reading time":"1 minut\u0117"},"schema":{"@context":"https:\/\/schema.org","@graph":[{"@type":"WebPage","@id":"https:\/\/gymfactory.eu\/lt\/produktas\/x2-1x-hanteliu-rinkinys-su-stovu\/","url":"https:\/\/gymfactory.eu\/lt\/produktas\/x2-1x-hanteliu-rinkinys-su-stovu\/","name":"X2-1X hanteli\u0173 rinkinys su stovu j\u0117gos pratimams","isPartOf":{"@id":"https:\/\/gymfactory.eu\/lt\/#website"},"primaryImageOfPage":{"@id":"https:\/\/gymfactory.eu\/lt\/produktas\/x2-1x-hanteliu-rinkinys-su-stovu\/#primaryimage"},"image":{"@id":"https:\/\/gymfactory.eu\/lt\/produktas\/x2-1x-hanteliu-rinkinys-su-stovu\/#primaryimage"},"thumbnailUrl":"https:\/\/gymfactory.eu\/wp-content\/uploads\/2025\/03\/equipment-for-weight-training-black-dumbbell-rack.webp","datePublished":"2025-03-05T13:26:00+00:00","dateModified":"2025-09-05T11:21:09+00:00","description":"Atnaujinkite savo sporto sal\u0119 naudodami X2-1X hanteli\u0173 rinkin\u012f su stovu, skirt\u0105 komercin\u0117ms sporto sal\u0117ms ir puikiai tinkant\u012f fitneso ir j\u0117gos treniruot\u0117ms.","breadcrumb":{"@id":"https:\/\/gymfactory.eu\/lt\/produktas\/x2-1x-hanteliu-rinkinys-su-stovu\/#breadcrumb"},"inLanguage":"lt-LT","potentialAction":[{"@type":"ReadAction","target":["https:\/\/gymfactory.eu\/lt\/produktas\/x2-1x-hanteliu-rinkinys-su-stovu\/"]}]},{"@type":"ImageObject","inLanguage":"lt-LT","@id":"https:\/\/gymfactory.eu\/lt\/produktas\/x2-1x-hanteliu-rinkinys-su-stovu\/#primaryimage","url":"https:\/\/gymfactory.eu\/wp-content\/uploads\/2025\/03\/equipment-for-weight-training-black-dumbbell-rack.webp","contentUrl":"https:\/\/gymfactory.eu\/wp-content\/uploads\/2025\/03\/equipment-for-weight-training-black-dumbbell-rack.webp","width":1500,"height":1500,"caption":"Modernaus juodo hanteli\u0173 stovo su guma dengtais \u0161e\u0161iakampiais hanteliais su metalin\u0117mis rankenomis vaizdas stambiu planu. \u0160i auk\u0161tos kokyb\u0117s laikymo sistema idealiai tinka komercin\u0117ms sporto sal\u0117ms ir nam\u0173 fitneso entuziastams, norintiems optimizuoti savo erdv\u0119 ir tvarkingai laikyti svori\u0173 treniruo\u010di\u0173 \u012frang\u0105."},{"@type":"BreadcrumbList","@id":"https:\/\/gymfactory.eu\/lt\/produktas\/x2-1x-hanteliu-rinkinys-su-stovu\/#breadcrumb","itemListElement":[{"@type":"ListItem","position":1,"name":"Pagrindinis","item":"https:\/\/gymfactory.eu\/lt\/"},{"@type":"ListItem","position":2,"name":"Katalogas","item":"https:\/\/gymfactory.eu\/lt\/katalogas\/"},{"@type":"ListItem","position":3,"name":"X2-1X Hanteli\u0173 rinkinys su stovu"}]},{"@type":"WebSite","@id":"https:\/\/gymfactory.eu\/lt\/#website","url":"https:\/\/gymfactory.eu\/lt\/","name":"Gym Factory","description":"","publisher":{"@id":"https:\/\/gymfactory.eu\/lt\/#organization"},"potentialAction":[{"@type":"SearchAction","target":{"@type":"EntryPoint","urlTemplate":"https:\/\/gymfactory.eu\/lt\/?s={search_term_string}"},"query-input":{"@type":"PropertyValueSpecification","valueRequired":true,"valueName":"search_term_string"}}],"inLanguage":"lt-LT"},{"@type":"Organization","@id":"https:\/\/gymfactory.eu\/lt\/#organization","name":"Sporto sal\u0117s gamykla","url":"https:\/\/gymfactory.eu\/lt\/","logo":{"@type":"ImageObject","inLanguage":"lt-LT","@id":"https:\/\/gymfactory.eu\/lt\/#\/schema\/logo\/image\/","url":"https:\/\/gymfactory.eu\/wp-content\/uploads\/2024\/11\/Component-1.svg","contentUrl":"https:\/\/gymfactory.eu\/wp-content\/uploads\/2024\/11\/Component-1.svg","width":54,"height":44,"caption":"Sporto sal\u0117s gamykla"},"image":{"@id":"https:\/\/gymfactory.eu\/lt\/#\/schema\/logo\/image\/"}}]}},"_links":{"self":[{"href":"https:\/\/gymfactory.eu\/lt\/wp-json\/wp\/v2\/product\/9726","targetHints":{"allow":["GET"]}}],"collection":[{"href":"https:\/\/gymfactory.eu\/lt\/wp-json\/wp\/v2\/product"}],"about":[{"href":"https:\/\/gymfactory.eu\/lt\/wp-json\/wp\/v2\/types\/product"}],"wp:featuredmedia":[{"embeddable":true,"href":"https:\/\/gymfactory.eu\/lt\/wp-json\/wp\/v2\/media\/8208"}],"wp:attachment":[{"href":"https:\/\/gymfactory.eu\/lt\/wp-json\/wp\/v2\/media?parent=9726"}],"wp:term":[{"taxonomy":"product_brand","embeddable":true,"href":"https:\/\/gymfactory.eu\/lt\/wp-json\/wp\/v2\/product_brand?post=9726"},{"taxonomy":"product_cat","embeddable":true,"href":"https:\/\/gymfactory.eu\/lt\/wp-json\/wp\/v2\/product_cat?post=9726"},{"taxonomy":"product_tag","embeddable":true,"href":"https:\/\/gymfactory.eu\/lt\/wp-json\/wp\/v2\/product_tag?post=9726"}],"curies":[{"name":"wp","href":"https:\/\/api.w.org\/{rel}","templated":true}]}}