{"id":9724,"date":"2025-04-24T13:14:20","date_gmt":"2025-04-24T10:14:20","guid":{"rendered":"https:\/\/gymfactory.eu\/product\/m8xxx-koju-tiesimo-ir-lenkimo-masina\/"},"modified":"2025-11-21T14:46:49","modified_gmt":"2025-11-21T12:46:49","slug":"m8xxx-koju-tiesimo-ir-lenkimo-masina","status":"publish","type":"product","link":"https:\/\/gymfactory.eu\/lt\/produktas\/m8xxx-koju-tiesimo-ir-lenkimo-masina\/","title":{"rendered":"M8XXX Koj\u0173 tiesimo &#8211; lenkimo treniruoklis"},"content":{"rendered":"<p>M8XXX koj\u0173 tiesimo ir lenkimo treniruoklis \u2013 tai dviej\u0173 funkcij\u0173 \u012franga, skirta tiksliniai apatin\u0117s dalies treniruotei. Pratimai atliekami s\u0117dint, tod\u0117l treniruoklis yra prakti\u0161kas pasirinkimas tiek profesionaliems sporto klubams, tiek nam\u0173 treniruo\u010di\u0173 erdvei.<\/p>\n<p>Koj\u0173 tiesimo funkcija aktyvina keturgalvius \u0161launies raumenis, o koj\u0173 lenkimo pratimas stiprina u\u017epakalin\u0119 \u0161laun\u0173 dal\u012f (dvigalvius raumenis). Judesiai vyksta kontroliuota trajektorija.<\/p>\n<p>Reguliuojama atlo\u0161o pad\u0117tis leid\u017eia treniruokl\u012f pritaikyti skirtingo \u016bgio naudotojams. \u0160laun\u0173 fiksavimo pagalv\u0117l\u0117 reguliuojasi individualiam naudojimui, o apatinis volelis su plaukiojan\u010diu mechanizmu prisitaiko prie kojos ilgio judesio metu, u\u017etikrinant skland\u0173 judes\u012f ir nuolatin\u0119 raumen\u0173 \u012ftamp\u0105.<\/p>\n<p>M8XXX \u2013 patikimas pasirinkimas ie\u0161kantiems konkretaus, s\u0105narius tausojan\u010dio, koj\u0173 raumenis stiprinan\u010dio treniruoklio.<\/p>\n\n    <div class=\"xs_social_share_widget xs_share_url after_content \t\tmain_content  wslu-style-1 wslu-share-box-shaped wslu-fill-colored wslu-none wslu-share-horizontal wslu-theme-font-no wslu-main_content\">\n\n\t\t\n        <ul>\n\t\t\t        <\/ul>\n    <\/div> \n","protected":false},"excerpt":{"rendered":"<p>M8XXX koj\u0173 tiesimo ir lenkimo treniruoklis \u2013 tai dviej\u0173 funkcij\u0173 \u012franga, skirta tiksliniai apatin\u0117s dalies treniruotei. Pratimai atliekami s\u0117dint, tod\u0117l treniruoklis yra prakti\u0161kas pasirinkimas tiek profesionaliems sporto klubams, tiek nam\u0173 treniruo\u010di\u0173 erdvei. Koj\u0173 tiesimo funkcija aktyvina keturgalvius \u0161launies raumenis, o koj\u0173 lenkimo pratimas stiprina u\u017epakalin\u0119 \u0161laun\u0173 dal\u012f (dvigalvius raumenis). Judesiai vyksta kontroliuota trajektorija. Reguliuojama atlo\u0161o [&hellip;]<\/p>\n","protected":false},"featured_media":9268,"template":"","meta":{"_acf_changed":false},"product_brand":[817],"product_cat":[421],"product_tag":[],"class_list":{"0":"post-9724","1":"product","2":"type-product","3":"status-publish","4":"has-post-thumbnail","6":"product_brand-gym-factory-lt","7":"product_cat-laisvu-svoriu-treniruokliai","9":"first","10":"onbackorder","11":"taxable","12":"shipping-taxable","13":"purchasable","14":"product-type-variable","15":"has-default-attributes"},"acf":[],"yoast_head":"<!-- This site is optimized with the Yoast SEO plugin v25.2 - https:\/\/yoast.com\/wordpress\/plugins\/seo\/ -->\n<title>M8XXX koj\u0173 ilginimo ir lenkimo ma\u0161ina bet kokiai treniruokli\u0173 salei<\/title>\n<meta name=\"description\" content=\"Reikia dviej\u0173 funkcij\u0173 koj\u0173 treniruoklio? M8XXX koj\u0173 tiesimo ir lenkimo treniruoklis tinka bet kokiai sporto salei ir u\u017etikrina tiksling\u0105 keturgalvi\u0173 ir \u0161laun\u0173 raumen\u0173 stiprinimo treniruot\u0119.\" \/>\n<meta name=\"robots\" content=\"index, follow, max-snippet:-1, max-image-preview:large, max-video-preview:-1\" \/>\n<link rel=\"canonical\" href=\"https:\/\/gymfactory.eu\/lt\/produktas\/m8xxx-koju-tiesimo-ir-lenkimo-masina\/\" \/>\n<meta property=\"og:locale\" content=\"lt_LT\" \/>\n<meta property=\"og:type\" content=\"article\" \/>\n<meta property=\"og:title\" content=\"M8XXX koj\u0173 ilginimo ir lenkimo ma\u0161ina bet kokiai treniruokli\u0173 salei\" \/>\n<meta property=\"og:description\" content=\"Reikia dviej\u0173 funkcij\u0173 koj\u0173 treniruoklio? M8XXX koj\u0173 tiesimo ir lenkimo treniruoklis tinka bet kokiai sporto salei ir u\u017etikrina tiksling\u0105 keturgalvi\u0173 ir \u0161laun\u0173 raumen\u0173 stiprinimo treniruot\u0119.\" \/>\n<meta property=\"og:url\" content=\"https:\/\/gymfactory.eu\/lt\/produktas\/m8xxx-koju-tiesimo-ir-lenkimo-masina\/\" \/>\n<meta property=\"og:site_name\" content=\"Gym Factory\" \/>\n<meta property=\"article:modified_time\" content=\"2025-11-21T12:46:49+00:00\" \/>\n<meta property=\"og:image\" content=\"https:\/\/gymfactory.eu\/wp-content\/uploads\/2025\/04\/M8XXX-Leg-Extension-Leg-Curl-Machine-1-1.webp\" \/>\n\t<meta property=\"og:image:width\" content=\"1500\" \/>\n\t<meta property=\"og:image:height\" content=\"1500\" \/>\n\t<meta property=\"og:image:type\" content=\"image\/webp\" \/>\n<meta name=\"twitter:card\" content=\"summary_large_image\" \/>\n<meta name=\"twitter:label1\" content=\"Est. reading time\" \/>\n\t<meta name=\"twitter:data1\" content=\"1 minut\u0117\" \/>\n<script type=\"application\/ld+json\" class=\"yoast-schema-graph\">{\"@context\":\"https:\/\/schema.org\",\"@graph\":[{\"@type\":\"WebPage\",\"@id\":\"https:\/\/gymfactory.eu\/lt\/produktas\/m8xxx-koju-tiesimo-ir-lenkimo-masina\/\",\"url\":\"https:\/\/gymfactory.eu\/lt\/produktas\/m8xxx-koju-tiesimo-ir-lenkimo-masina\/\",\"name\":\"M8XXX koj\u0173 ilginimo ir lenkimo ma\u0161ina bet kokiai treniruokli\u0173 salei\",\"isPartOf\":{\"@id\":\"https:\/\/gymfactory.eu\/lt\/#website\"},\"primaryImageOfPage\":{\"@id\":\"https:\/\/gymfactory.eu\/lt\/produktas\/m8xxx-koju-tiesimo-ir-lenkimo-masina\/#primaryimage\"},\"image\":{\"@id\":\"https:\/\/gymfactory.eu\/lt\/produktas\/m8xxx-koju-tiesimo-ir-lenkimo-masina\/#primaryimage\"},\"thumbnailUrl\":\"https:\/\/gymfactory.eu\/wp-content\/uploads\/2025\/04\/M8XXX-Leg-Extension-Leg-Curl-Machine-1-1.webp\",\"datePublished\":\"2025-04-24T10:14:20+00:00\",\"dateModified\":\"2025-11-21T12:46:49+00:00\",\"description\":\"Reikia dviej\u0173 funkcij\u0173 koj\u0173 treniruoklio? M8XXX koj\u0173 tiesimo ir lenkimo treniruoklis tinka bet kokiai sporto salei ir u\u017etikrina tiksling\u0105 keturgalvi\u0173 ir \u0161laun\u0173 raumen\u0173 stiprinimo treniruot\u0119.\",\"breadcrumb\":{\"@id\":\"https:\/\/gymfactory.eu\/lt\/produktas\/m8xxx-koju-tiesimo-ir-lenkimo-masina\/#breadcrumb\"},\"inLanguage\":\"lt-LT\",\"potentialAction\":[{\"@type\":\"ReadAction\",\"target\":[\"https:\/\/gymfactory.eu\/lt\/produktas\/m8xxx-koju-tiesimo-ir-lenkimo-masina\/\"]}]},{\"@type\":\"ImageObject\",\"inLanguage\":\"lt-LT\",\"@id\":\"https:\/\/gymfactory.eu\/lt\/produktas\/m8xxx-koju-tiesimo-ir-lenkimo-masina\/#primaryimage\",\"url\":\"https:\/\/gymfactory.eu\/wp-content\/uploads\/2025\/04\/M8XXX-Leg-Extension-Leg-Curl-Machine-1-1.webp\",\"contentUrl\":\"https:\/\/gymfactory.eu\/wp-content\/uploads\/2025\/04\/M8XXX-Leg-Extension-Leg-Curl-Machine-1-1.webp\",\"width\":1500,\"height\":1500,\"caption\":\"M8XXX Koj\u0173 i\u0161tiesimo ir sukimo treniruoklis, parodytas galiniu kampu, idealiai tinka kaip gera nam\u0173 sporto sal\u0117s \u012franga efektyviai apatin\u0117s k\u016bno dalies j\u0117gos treniruotei.\"},{\"@type\":\"BreadcrumbList\",\"@id\":\"https:\/\/gymfactory.eu\/lt\/produktas\/m8xxx-koju-tiesimo-ir-lenkimo-masina\/#breadcrumb\",\"itemListElement\":[{\"@type\":\"ListItem\",\"position\":1,\"name\":\"Pagrindinis\",\"item\":\"https:\/\/gymfactory.eu\/lt\/\"},{\"@type\":\"ListItem\",\"position\":2,\"name\":\"Katalogas\",\"item\":\"https:\/\/gymfactory.eu\/lt\/katalogas\/\"},{\"@type\":\"ListItem\",\"position\":3,\"name\":\"M8XXX Koj\u0173 tiesimo &#8211; lenkimo treniruoklis\"}]},{\"@type\":\"WebSite\",\"@id\":\"https:\/\/gymfactory.eu\/lt\/#website\",\"url\":\"https:\/\/gymfactory.eu\/lt\/\",\"name\":\"Gym Factory\",\"description\":\"\",\"publisher\":{\"@id\":\"https:\/\/gymfactory.eu\/lt\/#organization\"},\"potentialAction\":[{\"@type\":\"SearchAction\",\"target\":{\"@type\":\"EntryPoint\",\"urlTemplate\":\"https:\/\/gymfactory.eu\/lt\/?s={search_term_string}\"},\"query-input\":{\"@type\":\"PropertyValueSpecification\",\"valueRequired\":true,\"valueName\":\"search_term_string\"}}],\"inLanguage\":\"lt-LT\"},{\"@type\":\"Organization\",\"@id\":\"https:\/\/gymfactory.eu\/lt\/#organization\",\"name\":\"Sporto sal\u0117s gamykla\",\"url\":\"https:\/\/gymfactory.eu\/lt\/\",\"logo\":{\"@type\":\"ImageObject\",\"inLanguage\":\"lt-LT\",\"@id\":\"https:\/\/gymfactory.eu\/lt\/#\/schema\/logo\/image\/\",\"url\":\"https:\/\/gymfactory.eu\/wp-content\/uploads\/2024\/11\/Component-1.svg\",\"contentUrl\":\"https:\/\/gymfactory.eu\/wp-content\/uploads\/2024\/11\/Component-1.svg\",\"width\":54,\"height\":44,\"caption\":\"Sporto sal\u0117s gamykla\"},\"image\":{\"@id\":\"https:\/\/gymfactory.eu\/lt\/#\/schema\/logo\/image\/\"}}]}<\/script>\n<!-- \/ Yoast SEO plugin. -->","yoast_head_json":{"title":"M8XXX koj\u0173 ilginimo ir lenkimo ma\u0161ina bet kokiai treniruokli\u0173 salei","description":"Reikia dviej\u0173 funkcij\u0173 koj\u0173 treniruoklio? M8XXX koj\u0173 tiesimo ir lenkimo treniruoklis tinka bet kokiai sporto salei ir u\u017etikrina tiksling\u0105 keturgalvi\u0173 ir \u0161laun\u0173 raumen\u0173 stiprinimo treniruot\u0119.","robots":{"index":"index","follow":"follow","max-snippet":"max-snippet:-1","max-image-preview":"max-image-preview:large","max-video-preview":"max-video-preview:-1"},"canonical":"https:\/\/gymfactory.eu\/lt\/produktas\/m8xxx-koju-tiesimo-ir-lenkimo-masina\/","og_locale":"lt_LT","og_type":"article","og_title":"M8XXX koj\u0173 ilginimo ir lenkimo ma\u0161ina bet kokiai treniruokli\u0173 salei","og_description":"Reikia dviej\u0173 funkcij\u0173 koj\u0173 treniruoklio? M8XXX koj\u0173 tiesimo ir lenkimo treniruoklis tinka bet kokiai sporto salei ir u\u017etikrina tiksling\u0105 keturgalvi\u0173 ir \u0161laun\u0173 raumen\u0173 stiprinimo treniruot\u0119.","og_url":"https:\/\/gymfactory.eu\/lt\/produktas\/m8xxx-koju-tiesimo-ir-lenkimo-masina\/","og_site_name":"Gym Factory","article_modified_time":"2025-11-21T12:46:49+00:00","og_image":[{"width":1500,"height":1500,"url":"https:\/\/gymfactory.eu\/wp-content\/uploads\/2025\/04\/M8XXX-Leg-Extension-Leg-Curl-Machine-1-1.webp","type":"image\/webp"}],"twitter_card":"summary_large_image","twitter_misc":{"Est. reading time":"1 minut\u0117"},"schema":{"@context":"https:\/\/schema.org","@graph":[{"@type":"WebPage","@id":"https:\/\/gymfactory.eu\/lt\/produktas\/m8xxx-koju-tiesimo-ir-lenkimo-masina\/","url":"https:\/\/gymfactory.eu\/lt\/produktas\/m8xxx-koju-tiesimo-ir-lenkimo-masina\/","name":"M8XXX koj\u0173 ilginimo ir lenkimo ma\u0161ina bet kokiai treniruokli\u0173 salei","isPartOf":{"@id":"https:\/\/gymfactory.eu\/lt\/#website"},"primaryImageOfPage":{"@id":"https:\/\/gymfactory.eu\/lt\/produktas\/m8xxx-koju-tiesimo-ir-lenkimo-masina\/#primaryimage"},"image":{"@id":"https:\/\/gymfactory.eu\/lt\/produktas\/m8xxx-koju-tiesimo-ir-lenkimo-masina\/#primaryimage"},"thumbnailUrl":"https:\/\/gymfactory.eu\/wp-content\/uploads\/2025\/04\/M8XXX-Leg-Extension-Leg-Curl-Machine-1-1.webp","datePublished":"2025-04-24T10:14:20+00:00","dateModified":"2025-11-21T12:46:49+00:00","description":"Reikia dviej\u0173 funkcij\u0173 koj\u0173 treniruoklio? M8XXX koj\u0173 tiesimo ir lenkimo treniruoklis tinka bet kokiai sporto salei ir u\u017etikrina tiksling\u0105 keturgalvi\u0173 ir \u0161laun\u0173 raumen\u0173 stiprinimo treniruot\u0119.","breadcrumb":{"@id":"https:\/\/gymfactory.eu\/lt\/produktas\/m8xxx-koju-tiesimo-ir-lenkimo-masina\/#breadcrumb"},"inLanguage":"lt-LT","potentialAction":[{"@type":"ReadAction","target":["https:\/\/gymfactory.eu\/lt\/produktas\/m8xxx-koju-tiesimo-ir-lenkimo-masina\/"]}]},{"@type":"ImageObject","inLanguage":"lt-LT","@id":"https:\/\/gymfactory.eu\/lt\/produktas\/m8xxx-koju-tiesimo-ir-lenkimo-masina\/#primaryimage","url":"https:\/\/gymfactory.eu\/wp-content\/uploads\/2025\/04\/M8XXX-Leg-Extension-Leg-Curl-Machine-1-1.webp","contentUrl":"https:\/\/gymfactory.eu\/wp-content\/uploads\/2025\/04\/M8XXX-Leg-Extension-Leg-Curl-Machine-1-1.webp","width":1500,"height":1500,"caption":"M8XXX Koj\u0173 i\u0161tiesimo ir sukimo treniruoklis, parodytas galiniu kampu, idealiai tinka kaip gera nam\u0173 sporto sal\u0117s \u012franga efektyviai apatin\u0117s k\u016bno dalies j\u0117gos treniruotei."},{"@type":"BreadcrumbList","@id":"https:\/\/gymfactory.eu\/lt\/produktas\/m8xxx-koju-tiesimo-ir-lenkimo-masina\/#breadcrumb","itemListElement":[{"@type":"ListItem","position":1,"name":"Pagrindinis","item":"https:\/\/gymfactory.eu\/lt\/"},{"@type":"ListItem","position":2,"name":"Katalogas","item":"https:\/\/gymfactory.eu\/lt\/katalogas\/"},{"@type":"ListItem","position":3,"name":"M8XXX Koj\u0173 tiesimo &#8211; lenkimo treniruoklis"}]},{"@type":"WebSite","@id":"https:\/\/gymfactory.eu\/lt\/#website","url":"https:\/\/gymfactory.eu\/lt\/","name":"Gym Factory","description":"","publisher":{"@id":"https:\/\/gymfactory.eu\/lt\/#organization"},"potentialAction":[{"@type":"SearchAction","target":{"@type":"EntryPoint","urlTemplate":"https:\/\/gymfactory.eu\/lt\/?s={search_term_string}"},"query-input":{"@type":"PropertyValueSpecification","valueRequired":true,"valueName":"search_term_string"}}],"inLanguage":"lt-LT"},{"@type":"Organization","@id":"https:\/\/gymfactory.eu\/lt\/#organization","name":"Sporto sal\u0117s gamykla","url":"https:\/\/gymfactory.eu\/lt\/","logo":{"@type":"ImageObject","inLanguage":"lt-LT","@id":"https:\/\/gymfactory.eu\/lt\/#\/schema\/logo\/image\/","url":"https:\/\/gymfactory.eu\/wp-content\/uploads\/2024\/11\/Component-1.svg","contentUrl":"https:\/\/gymfactory.eu\/wp-content\/uploads\/2024\/11\/Component-1.svg","width":54,"height":44,"caption":"Sporto sal\u0117s gamykla"},"image":{"@id":"https:\/\/gymfactory.eu\/lt\/#\/schema\/logo\/image\/"}}]}},"_links":{"self":[{"href":"https:\/\/gymfactory.eu\/lt\/wp-json\/wp\/v2\/product\/9724","targetHints":{"allow":["GET"]}}],"collection":[{"href":"https:\/\/gymfactory.eu\/lt\/wp-json\/wp\/v2\/product"}],"about":[{"href":"https:\/\/gymfactory.eu\/lt\/wp-json\/wp\/v2\/types\/product"}],"wp:featuredmedia":[{"embeddable":true,"href":"https:\/\/gymfactory.eu\/lt\/wp-json\/wp\/v2\/media\/9268"}],"wp:attachment":[{"href":"https:\/\/gymfactory.eu\/lt\/wp-json\/wp\/v2\/media?parent=9724"}],"wp:term":[{"taxonomy":"product_brand","embeddable":true,"href":"https:\/\/gymfactory.eu\/lt\/wp-json\/wp\/v2\/product_brand?post=9724"},{"taxonomy":"product_cat","embeddable":true,"href":"https:\/\/gymfactory.eu\/lt\/wp-json\/wp\/v2\/product_cat?post=9724"},{"taxonomy":"product_tag","embeddable":true,"href":"https:\/\/gymfactory.eu\/lt\/wp-json\/wp\/v2\/product_tag?post=9724"}],"curies":[{"name":"wp","href":"https:\/\/api.w.org\/{rel}","templated":true}]}}