{"id":9720,"date":"2025-04-23T13:37:15","date_gmt":"2025-04-23T10:37:15","guid":{"rendered":"https:\/\/gymfactory.eu\/product\/aa1x-reguliuojamas-suoliukas-ir-pritupimu-stotis\/"},"modified":"2025-11-20T13:29:01","modified_gmt":"2025-11-20T11:29:01","slug":"aa1x-reguliuojamas-suoliukas-ir-pritupimu-stotis","status":"publish","type":"product","link":"https:\/\/gymfactory.eu\/lt\/produktas\/aa1x-reguliuojamas-suoliukas-ir-pritupimu-stotis\/","title":{"rendered":"AA1X Var\u017eybinis spaudimo ir prit\u016bpimo stovas"},"content":{"rendered":"<p>AA1X reguliuojamo suoliuko ir prit\u016bpim\u0173 stotel\u0117 \u2013 tai stabili plok\u0161\u010dio suoliuko spaudimo sistema su pilnai nuimamu suoliuku. Pa\u0161alinus suoliuk\u0105, r\u0117mas gali b\u016bti naudojamas kaip atskiras prit\u016bpim\u0173 stovas.<\/p>\n<p>Reguliuojamo auk\u0161\u010dio \u0161tanga laikikliai leid\u017eia pritaikyti stotel\u0119 tiek spaudimui, tiek prit\u016bpimams. Apsaugin\u0117s atramos u\u017etikrina saugum\u0105 atliekant sunkius pakartojimus. Galin\u0117je dalyje esantys rankiniai laikikliai leid\u017eia reguliuoti \u0161tangos auk\u0161t\u012f net nei\u0161kraunant svorio.<\/p>\n<p>\u0160i dvigubos paskirties stotel\u0117 puikiai tinka kryptingoms j\u0117gos treniruot\u0117ms tiek nam\u0173 s\u0105lygomis, tiek profesionalioje sporto sal\u0117je.<\/p>\n\n    <div class=\"xs_social_share_widget xs_share_url after_content \t\tmain_content  wslu-style-1 wslu-share-box-shaped wslu-fill-colored wslu-none wslu-share-horizontal wslu-theme-font-no wslu-main_content\">\n\n\t\t\n        <ul>\n\t\t\t        <\/ul>\n    <\/div> \n","protected":false},"excerpt":{"rendered":"<p>AA1X reguliuojamo suoliuko ir prit\u016bpim\u0173 stotel\u0117 \u2013 tai stabili plok\u0161\u010dio suoliuko spaudimo sistema su pilnai nuimamu suoliuku. Pa\u0161alinus suoliuk\u0105, r\u0117mas gali b\u016bti naudojamas kaip atskiras prit\u016bpim\u0173 stovas. Reguliuojamo auk\u0161\u010dio \u0161tanga laikikliai leid\u017eia pritaikyti stotel\u0119 tiek spaudimui, tiek prit\u016bpimams. Apsaugin\u0117s atramos u\u017etikrina saugum\u0105 atliekant sunkius pakartojimus. Galin\u0117je dalyje esantys rankiniai laikikliai leid\u017eia reguliuoti \u0161tangos auk\u0161t\u012f net [&hellip;]<\/p>\n","protected":false},"featured_media":27854,"template":"","meta":{"_acf_changed":false},"product_brand":[817],"product_cat":[437],"product_tag":[],"class_list":{"0":"post-9720","1":"product","2":"type-product","3":"status-publish","4":"has-post-thumbnail","6":"product_brand-gym-factory-lt","7":"product_cat-treniruociu-suolai","9":"first","10":"onbackorder","11":"taxable","12":"shipping-taxable","13":"purchasable","14":"product-type-variable"},"acf":[],"yoast_head":"<!-- This site is optimized with the Yoast SEO plugin v25.2 - https:\/\/yoast.com\/wordpress\/plugins\/seo\/ -->\n<title>&quot;AA1x Competition Bench Press&quot; - Sporto sal\u0117s \u012franga, skirta j\u0117gai<\/title>\n<meta name=\"description\" content=\"AA1x var\u017eyb\u0173 suolelio presas yra b\u016btinas treniruokli\u0173 sal\u0117s inventorius, puikiai tinkantis kr\u016btin\u0117s j\u0117gai stiprinti ir efektyviai siekti fitneso tiksl\u0173.\" \/>\n<meta name=\"robots\" content=\"index, follow, max-snippet:-1, max-image-preview:large, max-video-preview:-1\" \/>\n<link rel=\"canonical\" href=\"https:\/\/gymfactory.eu\/lt\/produktas\/aa1x-reguliuojamas-suoliukas-ir-pritupimu-stotis\/\" \/>\n<meta property=\"og:locale\" content=\"lt_LT\" \/>\n<meta property=\"og:type\" content=\"article\" \/>\n<meta property=\"og:title\" content=\"&quot;AA1x Competition Bench Press&quot; - Sporto sal\u0117s \u012franga, skirta j\u0117gai\" \/>\n<meta property=\"og:description\" content=\"AA1x var\u017eyb\u0173 suolelio presas yra b\u016btinas treniruokli\u0173 sal\u0117s inventorius, puikiai tinkantis kr\u016btin\u0117s j\u0117gai stiprinti ir efektyviai siekti fitneso tiksl\u0173.\" \/>\n<meta property=\"og:url\" content=\"https:\/\/gymfactory.eu\/lt\/produktas\/aa1x-reguliuojamas-suoliukas-ir-pritupimu-stotis\/\" \/>\n<meta property=\"og:site_name\" content=\"Gym Factory\" \/>\n<meta property=\"article:modified_time\" content=\"2025-11-20T11:29:01+00:00\" \/>\n<meta property=\"og:image\" content=\"https:\/\/gymfactory.eu\/wp-content\/uploads\/2025\/04\/AA1x-Competition-Bench-Press.webp\" \/>\n\t<meta property=\"og:image:width\" content=\"1500\" \/>\n\t<meta property=\"og:image:height\" content=\"1500\" \/>\n\t<meta property=\"og:image:type\" content=\"image\/webp\" \/>\n<meta name=\"twitter:card\" content=\"summary_large_image\" \/>\n<meta name=\"twitter:label1\" content=\"Est. reading time\" \/>\n\t<meta name=\"twitter:data1\" content=\"1 minut\u0117\" \/>\n<script type=\"application\/ld+json\" class=\"yoast-schema-graph\">{\"@context\":\"https:\/\/schema.org\",\"@graph\":[{\"@type\":\"WebPage\",\"@id\":\"https:\/\/gymfactory.eu\/lt\/produktas\/aa1x-reguliuojamas-suoliukas-ir-pritupimu-stotis\/\",\"url\":\"https:\/\/gymfactory.eu\/lt\/produktas\/aa1x-reguliuojamas-suoliukas-ir-pritupimu-stotis\/\",\"name\":\"\\\"AA1x Competition Bench Press\\\" - Sporto sal\u0117s \u012franga, skirta j\u0117gai\",\"isPartOf\":{\"@id\":\"https:\/\/gymfactory.eu\/lt\/#website\"},\"primaryImageOfPage\":{\"@id\":\"https:\/\/gymfactory.eu\/lt\/produktas\/aa1x-reguliuojamas-suoliukas-ir-pritupimu-stotis\/#primaryimage\"},\"image\":{\"@id\":\"https:\/\/gymfactory.eu\/lt\/produktas\/aa1x-reguliuojamas-suoliukas-ir-pritupimu-stotis\/#primaryimage\"},\"thumbnailUrl\":\"https:\/\/gymfactory.eu\/wp-content\/uploads\/2025\/04\/AA1x-Competition-Bench-Press-1.webp\",\"datePublished\":\"2025-04-23T10:37:15+00:00\",\"dateModified\":\"2025-11-20T11:29:01+00:00\",\"description\":\"AA1x var\u017eyb\u0173 suolelio presas yra b\u016btinas treniruokli\u0173 sal\u0117s inventorius, puikiai tinkantis kr\u016btin\u0117s j\u0117gai stiprinti ir efektyviai siekti fitneso tiksl\u0173.\",\"breadcrumb\":{\"@id\":\"https:\/\/gymfactory.eu\/lt\/produktas\/aa1x-reguliuojamas-suoliukas-ir-pritupimu-stotis\/#breadcrumb\"},\"inLanguage\":\"lt-LT\",\"potentialAction\":[{\"@type\":\"ReadAction\",\"target\":[\"https:\/\/gymfactory.eu\/lt\/produktas\/aa1x-reguliuojamas-suoliukas-ir-pritupimu-stotis\/\"]}]},{\"@type\":\"ImageObject\",\"inLanguage\":\"lt-LT\",\"@id\":\"https:\/\/gymfactory.eu\/lt\/produktas\/aa1x-reguliuojamas-suoliukas-ir-pritupimu-stotis\/#primaryimage\",\"url\":\"https:\/\/gymfactory.eu\/wp-content\/uploads\/2025\/04\/AA1x-Competition-Bench-Press-1.webp\",\"contentUrl\":\"https:\/\/gymfactory.eu\/wp-content\/uploads\/2025\/04\/AA1x-Competition-Bench-Press-1.webp\",\"width\":1500,\"height\":1500,\"caption\":\"Full Competition Bench Press station featuring an integrated flat bench and barbell support, ideal for precision gym equipment and advanced strength-training exercises.\"},{\"@type\":\"BreadcrumbList\",\"@id\":\"https:\/\/gymfactory.eu\/lt\/produktas\/aa1x-reguliuojamas-suoliukas-ir-pritupimu-stotis\/#breadcrumb\",\"itemListElement\":[{\"@type\":\"ListItem\",\"position\":1,\"name\":\"Pagrindinis\",\"item\":\"https:\/\/gymfactory.eu\/lt\/\"},{\"@type\":\"ListItem\",\"position\":2,\"name\":\"Katalogas\",\"item\":\"https:\/\/gymfactory.eu\/lt\/katalogas\/\"},{\"@type\":\"ListItem\",\"position\":3,\"name\":\"AA1X Var\u017eybinis spaudimo ir prit\u016bpimo stovas\"}]},{\"@type\":\"WebSite\",\"@id\":\"https:\/\/gymfactory.eu\/lt\/#website\",\"url\":\"https:\/\/gymfactory.eu\/lt\/\",\"name\":\"Gym Factory\",\"description\":\"\",\"publisher\":{\"@id\":\"https:\/\/gymfactory.eu\/lt\/#organization\"},\"potentialAction\":[{\"@type\":\"SearchAction\",\"target\":{\"@type\":\"EntryPoint\",\"urlTemplate\":\"https:\/\/gymfactory.eu\/lt\/?s={search_term_string}\"},\"query-input\":{\"@type\":\"PropertyValueSpecification\",\"valueRequired\":true,\"valueName\":\"search_term_string\"}}],\"inLanguage\":\"lt-LT\"},{\"@type\":\"Organization\",\"@id\":\"https:\/\/gymfactory.eu\/lt\/#organization\",\"name\":\"Sporto sal\u0117s gamykla\",\"url\":\"https:\/\/gymfactory.eu\/lt\/\",\"logo\":{\"@type\":\"ImageObject\",\"inLanguage\":\"lt-LT\",\"@id\":\"https:\/\/gymfactory.eu\/lt\/#\/schema\/logo\/image\/\",\"url\":\"https:\/\/gymfactory.eu\/wp-content\/uploads\/2024\/11\/Component-1.svg\",\"contentUrl\":\"https:\/\/gymfactory.eu\/wp-content\/uploads\/2024\/11\/Component-1.svg\",\"width\":54,\"height\":44,\"caption\":\"Sporto sal\u0117s gamykla\"},\"image\":{\"@id\":\"https:\/\/gymfactory.eu\/lt\/#\/schema\/logo\/image\/\"}}]}<\/script>\n<!-- \/ Yoast SEO plugin. -->","yoast_head_json":{"title":"\"AA1x Competition Bench Press\" - Sporto sal\u0117s \u012franga, skirta j\u0117gai","description":"AA1x var\u017eyb\u0173 suolelio presas yra b\u016btinas treniruokli\u0173 sal\u0117s inventorius, puikiai tinkantis kr\u016btin\u0117s j\u0117gai stiprinti ir efektyviai siekti fitneso tiksl\u0173.","robots":{"index":"index","follow":"follow","max-snippet":"max-snippet:-1","max-image-preview":"max-image-preview:large","max-video-preview":"max-video-preview:-1"},"canonical":"https:\/\/gymfactory.eu\/lt\/produktas\/aa1x-reguliuojamas-suoliukas-ir-pritupimu-stotis\/","og_locale":"lt_LT","og_type":"article","og_title":"\"AA1x Competition Bench Press\" - Sporto sal\u0117s \u012franga, skirta j\u0117gai","og_description":"AA1x var\u017eyb\u0173 suolelio presas yra b\u016btinas treniruokli\u0173 sal\u0117s inventorius, puikiai tinkantis kr\u016btin\u0117s j\u0117gai stiprinti ir efektyviai siekti fitneso tiksl\u0173.","og_url":"https:\/\/gymfactory.eu\/lt\/produktas\/aa1x-reguliuojamas-suoliukas-ir-pritupimu-stotis\/","og_site_name":"Gym Factory","article_modified_time":"2025-11-20T11:29:01+00:00","og_image":[{"width":1500,"height":1500,"url":"https:\/\/gymfactory.eu\/wp-content\/uploads\/2025\/04\/AA1x-Competition-Bench-Press.webp","type":"image\/webp"}],"twitter_card":"summary_large_image","twitter_misc":{"Est. reading time":"1 minut\u0117"},"schema":{"@context":"https:\/\/schema.org","@graph":[{"@type":"WebPage","@id":"https:\/\/gymfactory.eu\/lt\/produktas\/aa1x-reguliuojamas-suoliukas-ir-pritupimu-stotis\/","url":"https:\/\/gymfactory.eu\/lt\/produktas\/aa1x-reguliuojamas-suoliukas-ir-pritupimu-stotis\/","name":"\"AA1x Competition Bench Press\" - Sporto sal\u0117s \u012franga, skirta j\u0117gai","isPartOf":{"@id":"https:\/\/gymfactory.eu\/lt\/#website"},"primaryImageOfPage":{"@id":"https:\/\/gymfactory.eu\/lt\/produktas\/aa1x-reguliuojamas-suoliukas-ir-pritupimu-stotis\/#primaryimage"},"image":{"@id":"https:\/\/gymfactory.eu\/lt\/produktas\/aa1x-reguliuojamas-suoliukas-ir-pritupimu-stotis\/#primaryimage"},"thumbnailUrl":"https:\/\/gymfactory.eu\/wp-content\/uploads\/2025\/04\/AA1x-Competition-Bench-Press-1.webp","datePublished":"2025-04-23T10:37:15+00:00","dateModified":"2025-11-20T11:29:01+00:00","description":"AA1x var\u017eyb\u0173 suolelio presas yra b\u016btinas treniruokli\u0173 sal\u0117s inventorius, puikiai tinkantis kr\u016btin\u0117s j\u0117gai stiprinti ir efektyviai siekti fitneso tiksl\u0173.","breadcrumb":{"@id":"https:\/\/gymfactory.eu\/lt\/produktas\/aa1x-reguliuojamas-suoliukas-ir-pritupimu-stotis\/#breadcrumb"},"inLanguage":"lt-LT","potentialAction":[{"@type":"ReadAction","target":["https:\/\/gymfactory.eu\/lt\/produktas\/aa1x-reguliuojamas-suoliukas-ir-pritupimu-stotis\/"]}]},{"@type":"ImageObject","inLanguage":"lt-LT","@id":"https:\/\/gymfactory.eu\/lt\/produktas\/aa1x-reguliuojamas-suoliukas-ir-pritupimu-stotis\/#primaryimage","url":"https:\/\/gymfactory.eu\/wp-content\/uploads\/2025\/04\/AA1x-Competition-Bench-Press-1.webp","contentUrl":"https:\/\/gymfactory.eu\/wp-content\/uploads\/2025\/04\/AA1x-Competition-Bench-Press-1.webp","width":1500,"height":1500,"caption":"Full Competition Bench Press station featuring an integrated flat bench and barbell support, ideal for precision gym equipment and advanced strength-training exercises."},{"@type":"BreadcrumbList","@id":"https:\/\/gymfactory.eu\/lt\/produktas\/aa1x-reguliuojamas-suoliukas-ir-pritupimu-stotis\/#breadcrumb","itemListElement":[{"@type":"ListItem","position":1,"name":"Pagrindinis","item":"https:\/\/gymfactory.eu\/lt\/"},{"@type":"ListItem","position":2,"name":"Katalogas","item":"https:\/\/gymfactory.eu\/lt\/katalogas\/"},{"@type":"ListItem","position":3,"name":"AA1X Var\u017eybinis spaudimo ir prit\u016bpimo stovas"}]},{"@type":"WebSite","@id":"https:\/\/gymfactory.eu\/lt\/#website","url":"https:\/\/gymfactory.eu\/lt\/","name":"Gym Factory","description":"","publisher":{"@id":"https:\/\/gymfactory.eu\/lt\/#organization"},"potentialAction":[{"@type":"SearchAction","target":{"@type":"EntryPoint","urlTemplate":"https:\/\/gymfactory.eu\/lt\/?s={search_term_string}"},"query-input":{"@type":"PropertyValueSpecification","valueRequired":true,"valueName":"search_term_string"}}],"inLanguage":"lt-LT"},{"@type":"Organization","@id":"https:\/\/gymfactory.eu\/lt\/#organization","name":"Sporto sal\u0117s gamykla","url":"https:\/\/gymfactory.eu\/lt\/","logo":{"@type":"ImageObject","inLanguage":"lt-LT","@id":"https:\/\/gymfactory.eu\/lt\/#\/schema\/logo\/image\/","url":"https:\/\/gymfactory.eu\/wp-content\/uploads\/2024\/11\/Component-1.svg","contentUrl":"https:\/\/gymfactory.eu\/wp-content\/uploads\/2024\/11\/Component-1.svg","width":54,"height":44,"caption":"Sporto sal\u0117s gamykla"},"image":{"@id":"https:\/\/gymfactory.eu\/lt\/#\/schema\/logo\/image\/"}}]}},"_links":{"self":[{"href":"https:\/\/gymfactory.eu\/lt\/wp-json\/wp\/v2\/product\/9720","targetHints":{"allow":["GET"]}}],"collection":[{"href":"https:\/\/gymfactory.eu\/lt\/wp-json\/wp\/v2\/product"}],"about":[{"href":"https:\/\/gymfactory.eu\/lt\/wp-json\/wp\/v2\/types\/product"}],"wp:featuredmedia":[{"embeddable":true,"href":"https:\/\/gymfactory.eu\/lt\/wp-json\/wp\/v2\/media\/27854"}],"wp:attachment":[{"href":"https:\/\/gymfactory.eu\/lt\/wp-json\/wp\/v2\/media?parent=9720"}],"wp:term":[{"taxonomy":"product_brand","embeddable":true,"href":"https:\/\/gymfactory.eu\/lt\/wp-json\/wp\/v2\/product_brand?post=9720"},{"taxonomy":"product_cat","embeddable":true,"href":"https:\/\/gymfactory.eu\/lt\/wp-json\/wp\/v2\/product_cat?post=9720"},{"taxonomy":"product_tag","embeddable":true,"href":"https:\/\/gymfactory.eu\/lt\/wp-json\/wp\/v2\/product_tag?post=9720"}],"curies":[{"name":"wp","href":"https:\/\/api.w.org\/{rel}","templated":true}]}}