{"id":9708,"date":"2025-04-24T15:57:15","date_gmt":"2025-04-24T12:57:15","guid":{"rendered":"https:\/\/gymfactory.eu\/product\/m7-4-in-1-treniruokliu-sale\/"},"modified":"2025-12-02T14:14:06","modified_gmt":"2025-12-02T12:14:06","slug":"m7-4-in-1-treniruokliu-sale","status":"publish","type":"product","link":"https:\/\/gymfactory.eu\/lt\/produktas\/m7-4-in-1-treniruokliu-sale\/","title":{"rendered":"M7 5-blok\u0173 daugiafunkcinis treniruoklis"},"content":{"rendered":"<p>M7 \u2013 tai daugiafunkcis treniruo\u010di\u0173 sprendimas visam k\u016bnui. Viename \u012frenginyje sujungtos keturios pagrindin\u0117s stotys, tod\u0117l tai prakti\u0161kas pasirinkimas tiek nam\u0173 sporto zonai, tiek profesionaliai salei, kur svarbus vietos taupymas ir pratim\u0173 \u012fvairov\u0117.<\/p>\n<p><strong>\u012erenginys apjungia \u0161ias treniruo\u010di\u0173 stotis:<\/strong><\/p>\n<ul>\n<li>[M1] Horizontali trauka s\u0117dint \u2013 stiprina nugar\u0105 ir u\u017epakalinius pe\u010di\u0173 raumenis. Stabilum\u0105 u\u017etikrina fiksuotos p\u0117d\u0173 platformos, o siaura rankena leid\u017eia valdyti horizontal\u0173 traukos judes\u012f.<\/li>\n<li>[M1x] Vertikali trauka \u2013 skirta vir\u0161utin\u0117s nugaros ir rank\u0173 treniruotei. Komplekte \u2013 plati traukos rankena ir reguliuojamos \u0161laun\u0173 atramos, kurios padeda i\u0161laikyti stabili\u0105 pad\u0117t\u012f vertikalaus traukos metu.<\/li>\n<li>[M8x] Koj\u0173 tiesimas s\u0117dint \u2013 izoliuotas pratimas, stiprinantis priekinius \u0161launies raumenis. Reguliuojamos koj\u0173 atramos leid\u017eia prisitaikyti prie skirting\u0173 koj\u0173 ilgi\u0173.<\/li>\n<li>[C2] Kry\u017emin\u0117s traukos treniruoklis \u2013 dvi reguliuojamos tros\u0173 spynos leid\u017eia atlikti daugyb\u0119 pratim\u0173.<\/li>\n<\/ul>\n<p>Visos stotys pasi\u017eymi skland\u017eiu judesiu ir reguliuojamomis pad\u0117timis, kad treniruot\u0117 b\u016bt\u0173 efektyvi ir patogi kiekvienam naudotojui.<\/p>\n<p>M7 Daugiafunkcinis treniruo\u010di\u0173 blokas \u2013 tai universalus \u012frenginys viso k\u016bno j\u0117gos lavinimui vienoje vietoje.<\/p>\n\n    <div class=\"xs_social_share_widget xs_share_url after_content \t\tmain_content  wslu-style-1 wslu-share-box-shaped wslu-fill-colored wslu-none wslu-share-horizontal wslu-theme-font-no wslu-main_content\">\n\n\t\t\n        <ul>\n\t\t\t        <\/ul>\n    <\/div> \n","protected":false},"excerpt":{"rendered":"<p>M7 \u2013 tai daugiafunkcis treniruo\u010di\u0173 sprendimas visam k\u016bnui. Viename \u012frenginyje sujungtos keturios pagrindin\u0117s stotys, tod\u0117l tai prakti\u0161kas pasirinkimas tiek nam\u0173 sporto zonai, tiek profesionaliai salei, kur svarbus vietos taupymas ir pratim\u0173 \u012fvairov\u0117. \u012erenginys apjungia \u0161ias treniruo\u010di\u0173 stotis: [M1] Horizontali trauka s\u0117dint \u2013 stiprina nugar\u0105 ir u\u017epakalinius pe\u010di\u0173 raumenis. Stabilum\u0105 u\u017etikrina fiksuotos p\u0117d\u0173 platformos, o siaura [&hellip;]<\/p>\n","protected":false},"featured_media":30828,"template":"","meta":{"_acf_changed":false},"product_brand":[817],"product_cat":[466],"product_tag":[],"class_list":{"0":"post-9708","1":"product","2":"type-product","3":"status-publish","4":"has-post-thumbnail","6":"product_brand-gym-factory-lt","7":"product_cat-blokiniai-treniruokliai","9":"first","10":"onbackorder","11":"taxable","12":"shipping-taxable","13":"purchasable","14":"product-type-variable","15":"has-default-attributes"},"acf":[],"yoast_head":"<!-- This site is optimized with the Yoast SEO plugin v25.2 - https:\/\/yoast.com\/wordpress\/plugins\/seo\/ -->\n<title>M7 &quot;4-in-1&quot; treniruokli\u0173 sal\u0117s ma\u0161ina | Multistation su kabeli\u0173 derinimu<\/title>\n<meta name=\"description\" content=\"Treniruokite kelias raumen\u0173 grupes su \u0161iuo M7 &quot;4-in-1&quot; treniruokliu. Puikiai tinka j\u0117gos pratimams, tod\u0117l treniruotes galite atlikti \u012fvairiapusi\u0161kai.\" \/>\n<meta name=\"robots\" content=\"index, follow, max-snippet:-1, max-image-preview:large, max-video-preview:-1\" \/>\n<link rel=\"canonical\" href=\"https:\/\/gymfactory.eu\/lt\/produktas\/m7-4-in-1-treniruokliu-sale\/\" \/>\n<meta property=\"og:locale\" content=\"lt_LT\" \/>\n<meta property=\"og:type\" content=\"article\" \/>\n<meta property=\"og:title\" content=\"M7 &quot;4-in-1&quot; treniruokli\u0173 sal\u0117s ma\u0161ina | Multistation su kabeli\u0173 derinimu\" \/>\n<meta property=\"og:description\" content=\"Treniruokite kelias raumen\u0173 grupes su \u0161iuo M7 &quot;4-in-1&quot; treniruokliu. Puikiai tinka j\u0117gos pratimams, tod\u0117l treniruotes galite atlikti \u012fvairiapusi\u0161kai.\" \/>\n<meta property=\"og:url\" content=\"https:\/\/gymfactory.eu\/lt\/produktas\/m7-4-in-1-treniruokliu-sale\/\" \/>\n<meta property=\"og:site_name\" content=\"Gym Factory\" \/>\n<meta property=\"article:modified_time\" content=\"2025-12-02T12:14:06+00:00\" \/>\n<meta property=\"og:image\" content=\"https:\/\/gymfactory.eu\/wp-content\/uploads\/2025\/04\/M7-4in1-Gym-Machine.webp\" \/>\n\t<meta property=\"og:image:width\" content=\"600\" \/>\n\t<meta property=\"og:image:height\" content=\"600\" \/>\n\t<meta property=\"og:image:type\" content=\"image\/webp\" \/>\n<meta name=\"twitter:card\" content=\"summary_large_image\" \/>\n<meta name=\"twitter:label1\" content=\"Est. reading time\" \/>\n\t<meta name=\"twitter:data1\" content=\"1 minut\u0117\" \/>\n<script type=\"application\/ld+json\" class=\"yoast-schema-graph\">{\"@context\":\"https:\/\/schema.org\",\"@graph\":[{\"@type\":\"WebPage\",\"@id\":\"https:\/\/gymfactory.eu\/lt\/produktas\/m7-4-in-1-treniruokliu-sale\/\",\"url\":\"https:\/\/gymfactory.eu\/lt\/produktas\/m7-4-in-1-treniruokliu-sale\/\",\"name\":\"M7 \\\"4-in-1\\\" treniruokli\u0173 sal\u0117s ma\u0161ina | Multistation su kabeli\u0173 derinimu\",\"isPartOf\":{\"@id\":\"https:\/\/gymfactory.eu\/lt\/#website\"},\"primaryImageOfPage\":{\"@id\":\"https:\/\/gymfactory.eu\/lt\/produktas\/m7-4-in-1-treniruokliu-sale\/#primaryimage\"},\"image\":{\"@id\":\"https:\/\/gymfactory.eu\/lt\/produktas\/m7-4-in-1-treniruokliu-sale\/#primaryimage\"},\"thumbnailUrl\":\"https:\/\/gymfactory.eu\/wp-content\/uploads\/2025\/04\/M7-4in1-Gym-Machine.webp\",\"datePublished\":\"2025-04-24T12:57:15+00:00\",\"dateModified\":\"2025-12-02T12:14:06+00:00\",\"description\":\"Treniruokite kelias raumen\u0173 grupes su \u0161iuo M7 \\\"4-in-1\\\" treniruokliu. Puikiai tinka j\u0117gos pratimams, tod\u0117l treniruotes galite atlikti \u012fvairiapusi\u0161kai.\",\"breadcrumb\":{\"@id\":\"https:\/\/gymfactory.eu\/lt\/produktas\/m7-4-in-1-treniruokliu-sale\/#breadcrumb\"},\"inLanguage\":\"lt-LT\",\"potentialAction\":[{\"@type\":\"ReadAction\",\"target\":[\"https:\/\/gymfactory.eu\/lt\/produktas\/m7-4-in-1-treniruokliu-sale\/\"]}]},{\"@type\":\"ImageObject\",\"inLanguage\":\"lt-LT\",\"@id\":\"https:\/\/gymfactory.eu\/lt\/produktas\/m7-4-in-1-treniruokliu-sale\/#primaryimage\",\"url\":\"https:\/\/gymfactory.eu\/wp-content\/uploads\/2025\/04\/M7-4in1-Gym-Machine.webp\",\"contentUrl\":\"https:\/\/gymfactory.eu\/wp-content\/uploads\/2025\/04\/M7-4in1-Gym-Machine.webp\",\"width\":600,\"height\":600},{\"@type\":\"BreadcrumbList\",\"@id\":\"https:\/\/gymfactory.eu\/lt\/produktas\/m7-4-in-1-treniruokliu-sale\/#breadcrumb\",\"itemListElement\":[{\"@type\":\"ListItem\",\"position\":1,\"name\":\"Pagrindinis\",\"item\":\"https:\/\/gymfactory.eu\/lt\/\"},{\"@type\":\"ListItem\",\"position\":2,\"name\":\"Katalogas\",\"item\":\"https:\/\/gymfactory.eu\/lt\/katalogas\/\"},{\"@type\":\"ListItem\",\"position\":3,\"name\":\"M7 5-blok\u0173 daugiafunkcinis treniruoklis\"}]},{\"@type\":\"WebSite\",\"@id\":\"https:\/\/gymfactory.eu\/lt\/#website\",\"url\":\"https:\/\/gymfactory.eu\/lt\/\",\"name\":\"Gym Factory\",\"description\":\"\",\"publisher\":{\"@id\":\"https:\/\/gymfactory.eu\/lt\/#organization\"},\"potentialAction\":[{\"@type\":\"SearchAction\",\"target\":{\"@type\":\"EntryPoint\",\"urlTemplate\":\"https:\/\/gymfactory.eu\/lt\/?s={search_term_string}\"},\"query-input\":{\"@type\":\"PropertyValueSpecification\",\"valueRequired\":true,\"valueName\":\"search_term_string\"}}],\"inLanguage\":\"lt-LT\"},{\"@type\":\"Organization\",\"@id\":\"https:\/\/gymfactory.eu\/lt\/#organization\",\"name\":\"Sporto sal\u0117s gamykla\",\"url\":\"https:\/\/gymfactory.eu\/lt\/\",\"logo\":{\"@type\":\"ImageObject\",\"inLanguage\":\"lt-LT\",\"@id\":\"https:\/\/gymfactory.eu\/lt\/#\/schema\/logo\/image\/\",\"url\":\"https:\/\/gymfactory.eu\/wp-content\/uploads\/2024\/11\/Component-1.svg\",\"contentUrl\":\"https:\/\/gymfactory.eu\/wp-content\/uploads\/2024\/11\/Component-1.svg\",\"width\":54,\"height\":44,\"caption\":\"Sporto sal\u0117s gamykla\"},\"image\":{\"@id\":\"https:\/\/gymfactory.eu\/lt\/#\/schema\/logo\/image\/\"}}]}<\/script>\n<!-- \/ Yoast SEO plugin. -->","yoast_head_json":{"title":"M7 \"4-in-1\" treniruokli\u0173 sal\u0117s ma\u0161ina | Multistation su kabeli\u0173 derinimu","description":"Treniruokite kelias raumen\u0173 grupes su \u0161iuo M7 \"4-in-1\" treniruokliu. Puikiai tinka j\u0117gos pratimams, tod\u0117l treniruotes galite atlikti \u012fvairiapusi\u0161kai.","robots":{"index":"index","follow":"follow","max-snippet":"max-snippet:-1","max-image-preview":"max-image-preview:large","max-video-preview":"max-video-preview:-1"},"canonical":"https:\/\/gymfactory.eu\/lt\/produktas\/m7-4-in-1-treniruokliu-sale\/","og_locale":"lt_LT","og_type":"article","og_title":"M7 \"4-in-1\" treniruokli\u0173 sal\u0117s ma\u0161ina | Multistation su kabeli\u0173 derinimu","og_description":"Treniruokite kelias raumen\u0173 grupes su \u0161iuo M7 \"4-in-1\" treniruokliu. Puikiai tinka j\u0117gos pratimams, tod\u0117l treniruotes galite atlikti \u012fvairiapusi\u0161kai.","og_url":"https:\/\/gymfactory.eu\/lt\/produktas\/m7-4-in-1-treniruokliu-sale\/","og_site_name":"Gym Factory","article_modified_time":"2025-12-02T12:14:06+00:00","og_image":[{"width":600,"height":600,"url":"https:\/\/gymfactory.eu\/wp-content\/uploads\/2025\/04\/M7-4in1-Gym-Machine.webp","type":"image\/webp"}],"twitter_card":"summary_large_image","twitter_misc":{"Est. reading time":"1 minut\u0117"},"schema":{"@context":"https:\/\/schema.org","@graph":[{"@type":"WebPage","@id":"https:\/\/gymfactory.eu\/lt\/produktas\/m7-4-in-1-treniruokliu-sale\/","url":"https:\/\/gymfactory.eu\/lt\/produktas\/m7-4-in-1-treniruokliu-sale\/","name":"M7 \"4-in-1\" treniruokli\u0173 sal\u0117s ma\u0161ina | Multistation su kabeli\u0173 derinimu","isPartOf":{"@id":"https:\/\/gymfactory.eu\/lt\/#website"},"primaryImageOfPage":{"@id":"https:\/\/gymfactory.eu\/lt\/produktas\/m7-4-in-1-treniruokliu-sale\/#primaryimage"},"image":{"@id":"https:\/\/gymfactory.eu\/lt\/produktas\/m7-4-in-1-treniruokliu-sale\/#primaryimage"},"thumbnailUrl":"https:\/\/gymfactory.eu\/wp-content\/uploads\/2025\/04\/M7-4in1-Gym-Machine.webp","datePublished":"2025-04-24T12:57:15+00:00","dateModified":"2025-12-02T12:14:06+00:00","description":"Treniruokite kelias raumen\u0173 grupes su \u0161iuo M7 \"4-in-1\" treniruokliu. Puikiai tinka j\u0117gos pratimams, tod\u0117l treniruotes galite atlikti \u012fvairiapusi\u0161kai.","breadcrumb":{"@id":"https:\/\/gymfactory.eu\/lt\/produktas\/m7-4-in-1-treniruokliu-sale\/#breadcrumb"},"inLanguage":"lt-LT","potentialAction":[{"@type":"ReadAction","target":["https:\/\/gymfactory.eu\/lt\/produktas\/m7-4-in-1-treniruokliu-sale\/"]}]},{"@type":"ImageObject","inLanguage":"lt-LT","@id":"https:\/\/gymfactory.eu\/lt\/produktas\/m7-4-in-1-treniruokliu-sale\/#primaryimage","url":"https:\/\/gymfactory.eu\/wp-content\/uploads\/2025\/04\/M7-4in1-Gym-Machine.webp","contentUrl":"https:\/\/gymfactory.eu\/wp-content\/uploads\/2025\/04\/M7-4in1-Gym-Machine.webp","width":600,"height":600},{"@type":"BreadcrumbList","@id":"https:\/\/gymfactory.eu\/lt\/produktas\/m7-4-in-1-treniruokliu-sale\/#breadcrumb","itemListElement":[{"@type":"ListItem","position":1,"name":"Pagrindinis","item":"https:\/\/gymfactory.eu\/lt\/"},{"@type":"ListItem","position":2,"name":"Katalogas","item":"https:\/\/gymfactory.eu\/lt\/katalogas\/"},{"@type":"ListItem","position":3,"name":"M7 5-blok\u0173 daugiafunkcinis treniruoklis"}]},{"@type":"WebSite","@id":"https:\/\/gymfactory.eu\/lt\/#website","url":"https:\/\/gymfactory.eu\/lt\/","name":"Gym Factory","description":"","publisher":{"@id":"https:\/\/gymfactory.eu\/lt\/#organization"},"potentialAction":[{"@type":"SearchAction","target":{"@type":"EntryPoint","urlTemplate":"https:\/\/gymfactory.eu\/lt\/?s={search_term_string}"},"query-input":{"@type":"PropertyValueSpecification","valueRequired":true,"valueName":"search_term_string"}}],"inLanguage":"lt-LT"},{"@type":"Organization","@id":"https:\/\/gymfactory.eu\/lt\/#organization","name":"Sporto sal\u0117s gamykla","url":"https:\/\/gymfactory.eu\/lt\/","logo":{"@type":"ImageObject","inLanguage":"lt-LT","@id":"https:\/\/gymfactory.eu\/lt\/#\/schema\/logo\/image\/","url":"https:\/\/gymfactory.eu\/wp-content\/uploads\/2024\/11\/Component-1.svg","contentUrl":"https:\/\/gymfactory.eu\/wp-content\/uploads\/2024\/11\/Component-1.svg","width":54,"height":44,"caption":"Sporto sal\u0117s gamykla"},"image":{"@id":"https:\/\/gymfactory.eu\/lt\/#\/schema\/logo\/image\/"}}]}},"_links":{"self":[{"href":"https:\/\/gymfactory.eu\/lt\/wp-json\/wp\/v2\/product\/9708","targetHints":{"allow":["GET"]}}],"collection":[{"href":"https:\/\/gymfactory.eu\/lt\/wp-json\/wp\/v2\/product"}],"about":[{"href":"https:\/\/gymfactory.eu\/lt\/wp-json\/wp\/v2\/types\/product"}],"wp:featuredmedia":[{"embeddable":true,"href":"https:\/\/gymfactory.eu\/lt\/wp-json\/wp\/v2\/media\/30828"}],"wp:attachment":[{"href":"https:\/\/gymfactory.eu\/lt\/wp-json\/wp\/v2\/media?parent=9708"}],"wp:term":[{"taxonomy":"product_brand","embeddable":true,"href":"https:\/\/gymfactory.eu\/lt\/wp-json\/wp\/v2\/product_brand?post=9708"},{"taxonomy":"product_cat","embeddable":true,"href":"https:\/\/gymfactory.eu\/lt\/wp-json\/wp\/v2\/product_cat?post=9708"},{"taxonomy":"product_tag","embeddable":true,"href":"https:\/\/gymfactory.eu\/lt\/wp-json\/wp\/v2\/product_tag?post=9708"}],"curies":[{"name":"wp","href":"https:\/\/api.w.org\/{rel}","templated":true}]}}