{"id":9707,"date":"2025-03-06T09:51:40","date_gmt":"2025-03-06T07:51:40","guid":{"rendered":"https:\/\/gymfactory.eu\/product\/z03xxxg2-strypu-antkakliai\/"},"modified":"2025-09-09T10:41:41","modified_gmt":"2025-09-09T07:41:41","slug":"z03xxxg2-strypu-antkakliai","status":"publish","type":"product","link":"https:\/\/gymfactory.eu\/lt\/produktas\/z03xxxg2-strypu-antkakliai\/","title":{"rendered":"Z03XXXG2 Greitoji fiksacija"},"content":{"rendered":"<p>Z03XXXG2 \u2013 tai greitoji fiksacija, skirta greitam ir saugiam svorio disk\u0173 tvirtinimui prie \u0161tangos. Greito u\u017erakto mechanizmas leid\u017eia j\u0105 u\u017ed\u0117ti ar nuimti viena ranka \u2013 vos per kelias sekundes.<\/p>\n<p>Tinka tiek nam\u0173 treniruot\u0117ms, tiek profesionalioms sporto sal\u0117ms. Patikimas ir efektyvus sprendimas, u\u017etikrinantis saugum\u0105 bei spart\u0173 darb\u0105 su \u0161tanga.<\/p>\n\n    <div class=\"xs_social_share_widget xs_share_url after_content \t\tmain_content  wslu-style-1 wslu-share-box-shaped wslu-fill-colored wslu-none wslu-share-horizontal wslu-theme-font-no wslu-main_content\">\n\n\t\t\n        <ul>\n\t\t\t        <\/ul>\n    <\/div> \n","protected":false},"excerpt":{"rendered":"<p>Z03XXXG2 \u2013 tai greitoji fiksacija, skirta greitam ir saugiam svorio disk\u0173 tvirtinimui prie \u0161tangos. Greito u\u017erakto mechanizmas leid\u017eia j\u0105 u\u017ed\u0117ti ar nuimti viena ranka \u2013 vos per kelias sekundes. Tinka tiek nam\u0173 treniruot\u0117ms, tiek profesionalioms sporto sal\u0117ms. Patikimas ir efektyvus sprendimas, u\u017etikrinantis saugum\u0105 bei spart\u0173 darb\u0105 su \u0161tanga.<\/p>\n","protected":false},"featured_media":9112,"template":"","meta":{"_acf_changed":false},"product_brand":[56],"product_cat":[405],"product_tag":[393],"class_list":{"0":"post-9707","1":"product","2":"type-product","3":"status-publish","4":"has-post-thumbnail","6":"product_brand-gym-factory","7":"product_cat-svarmenys-ir-stangos","8":"product_tag-spalva-nera-spalvu","10":"first","11":"onbackorder","12":"taxable","13":"shipping-taxable","14":"purchasable","15":"product-type-simple"},"acf":[],"yoast_head":"<!-- This site is optimized with the Yoast SEO plugin v25.2 - https:\/\/yoast.com\/wordpress\/plugins\/seo\/ -->\n<title>Z03XXXG2 Stryp\u0173 antkakliai - saugi \u012franga treniruot\u0117ms su svoriais<\/title>\n<meta name=\"description\" content=\"Optimizuokite savo treniruokli\u0173 sal\u0117s s\u0105rang\u0105 naudodami Z03XXXG2 \u0161tangos apvadus. \u0160i svarmen\u0173 treniruo\u010di\u0173 \u012franga u\u017etikrina, kad j\u016bs\u0173 l\u0117k\u0161t\u0117s b\u016bt\u0173 u\u017efiksuotos ir treniruot\u0117s b\u016bt\u0173 saugesn\u0117s.\" \/>\n<meta name=\"robots\" content=\"index, follow, max-snippet:-1, max-image-preview:large, max-video-preview:-1\" \/>\n<link rel=\"canonical\" href=\"https:\/\/gymfactory.eu\/lt\/produktas\/z03xxxg2-strypu-antkakliai\/\" \/>\n<meta property=\"og:locale\" content=\"lt_LT\" \/>\n<meta property=\"og:type\" content=\"article\" \/>\n<meta property=\"og:title\" content=\"Z03XXXG2 Stryp\u0173 antkakliai - saugi \u012franga treniruot\u0117ms su svoriais\" \/>\n<meta property=\"og:description\" content=\"Optimizuokite savo treniruokli\u0173 sal\u0117s s\u0105rang\u0105 naudodami Z03XXXG2 \u0161tangos apvadus. \u0160i svarmen\u0173 treniruo\u010di\u0173 \u012franga u\u017etikrina, kad j\u016bs\u0173 l\u0117k\u0161t\u0117s b\u016bt\u0173 u\u017efiksuotos ir treniruot\u0117s b\u016bt\u0173 saugesn\u0117s.\" \/>\n<meta property=\"og:url\" content=\"https:\/\/gymfactory.eu\/lt\/produktas\/z03xxxg2-strypu-antkakliai\/\" \/>\n<meta property=\"og:site_name\" content=\"Gym Factory\" \/>\n<meta property=\"article:modified_time\" content=\"2025-09-09T07:41:41+00:00\" \/>\n<meta property=\"og:image\" content=\"https:\/\/gymfactory.eu\/wp-content\/uploads\/2025\/03\/equipment-for-weight-training-locking-barbell-collars-1.webp\" \/>\n\t<meta property=\"og:image:width\" content=\"1500\" \/>\n\t<meta property=\"og:image:height\" content=\"1500\" \/>\n\t<meta property=\"og:image:type\" content=\"image\/webp\" \/>\n<meta name=\"twitter:card\" content=\"summary_large_image\" \/>\n<meta name=\"twitter:label1\" content=\"Est. reading time\" \/>\n\t<meta name=\"twitter:data1\" content=\"1 minut\u0117\" \/>\n<script type=\"application\/ld+json\" class=\"yoast-schema-graph\">{\"@context\":\"https:\/\/schema.org\",\"@graph\":[{\"@type\":\"WebPage\",\"@id\":\"https:\/\/gymfactory.eu\/lt\/produktas\/z03xxxg2-strypu-antkakliai\/\",\"url\":\"https:\/\/gymfactory.eu\/lt\/produktas\/z03xxxg2-strypu-antkakliai\/\",\"name\":\"Z03XXXG2 Stryp\u0173 antkakliai - saugi \u012franga treniruot\u0117ms su svoriais\",\"isPartOf\":{\"@id\":\"https:\/\/gymfactory.eu\/lt\/#website\"},\"primaryImageOfPage\":{\"@id\":\"https:\/\/gymfactory.eu\/lt\/produktas\/z03xxxg2-strypu-antkakliai\/#primaryimage\"},\"image\":{\"@id\":\"https:\/\/gymfactory.eu\/lt\/produktas\/z03xxxg2-strypu-antkakliai\/#primaryimage\"},\"thumbnailUrl\":\"https:\/\/gymfactory.eu\/wp-content\/uploads\/2025\/03\/equipment-for-weight-training-locking-barbell-collars-1.webp\",\"datePublished\":\"2025-03-06T07:51:40+00:00\",\"dateModified\":\"2025-09-09T07:41:41+00:00\",\"description\":\"Optimizuokite savo treniruokli\u0173 sal\u0117s s\u0105rang\u0105 naudodami Z03XXXG2 \u0161tangos apvadus. \u0160i svarmen\u0173 treniruo\u010di\u0173 \u012franga u\u017etikrina, kad j\u016bs\u0173 l\u0117k\u0161t\u0117s b\u016bt\u0173 u\u017efiksuotos ir treniruot\u0117s b\u016bt\u0173 saugesn\u0117s.\",\"breadcrumb\":{\"@id\":\"https:\/\/gymfactory.eu\/lt\/produktas\/z03xxxg2-strypu-antkakliai\/#breadcrumb\"},\"inLanguage\":\"lt-LT\",\"potentialAction\":[{\"@type\":\"ReadAction\",\"target\":[\"https:\/\/gymfactory.eu\/lt\/produktas\/z03xxxg2-strypu-antkakliai\/\"]}]},{\"@type\":\"ImageObject\",\"inLanguage\":\"lt-LT\",\"@id\":\"https:\/\/gymfactory.eu\/lt\/produktas\/z03xxxg2-strypu-antkakliai\/#primaryimage\",\"url\":\"https:\/\/gymfactory.eu\/wp-content\/uploads\/2025\/03\/equipment-for-weight-training-locking-barbell-collars-1.webp\",\"contentUrl\":\"https:\/\/gymfactory.eu\/wp-content\/uploads\/2025\/03\/equipment-for-weight-training-locking-barbell-collars-1.webp\",\"width\":1500,\"height\":1500,\"caption\":\"Pora juod\u0173 u\u017erakinam\u0173 \u0161tangos apvad\u0173, skirt\u0173 svori\u0173 plok\u0161t\u0117ms ant \u0161tangos saugiai pritvirtinti. \u0160ie patvar\u016bs greito atlaisvinimo spaustukai u\u017etikrina stabilum\u0105 treniruo\u010di\u0173 metu, tod\u0117l jie yra b\u016btinas komercini\u0173 sporto sali\u0173 ir nam\u0173 treniruokli\u0173 \u012frangos priedas.\"},{\"@type\":\"BreadcrumbList\",\"@id\":\"https:\/\/gymfactory.eu\/lt\/produktas\/z03xxxg2-strypu-antkakliai\/#breadcrumb\",\"itemListElement\":[{\"@type\":\"ListItem\",\"position\":1,\"name\":\"Pagrindinis\",\"item\":\"https:\/\/gymfactory.eu\/lt\/\"},{\"@type\":\"ListItem\",\"position\":2,\"name\":\"Katalogas\",\"item\":\"https:\/\/gymfactory.eu\/lt\/katalogas\/\"},{\"@type\":\"ListItem\",\"position\":3,\"name\":\"Z03XXXG2 Greitoji fiksacija\"}]},{\"@type\":\"WebSite\",\"@id\":\"https:\/\/gymfactory.eu\/lt\/#website\",\"url\":\"https:\/\/gymfactory.eu\/lt\/\",\"name\":\"Gym Factory\",\"description\":\"\",\"publisher\":{\"@id\":\"https:\/\/gymfactory.eu\/lt\/#organization\"},\"potentialAction\":[{\"@type\":\"SearchAction\",\"target\":{\"@type\":\"EntryPoint\",\"urlTemplate\":\"https:\/\/gymfactory.eu\/lt\/?s={search_term_string}\"},\"query-input\":{\"@type\":\"PropertyValueSpecification\",\"valueRequired\":true,\"valueName\":\"search_term_string\"}}],\"inLanguage\":\"lt-LT\"},{\"@type\":\"Organization\",\"@id\":\"https:\/\/gymfactory.eu\/lt\/#organization\",\"name\":\"Sporto sal\u0117s gamykla\",\"url\":\"https:\/\/gymfactory.eu\/lt\/\",\"logo\":{\"@type\":\"ImageObject\",\"inLanguage\":\"lt-LT\",\"@id\":\"https:\/\/gymfactory.eu\/lt\/#\/schema\/logo\/image\/\",\"url\":\"https:\/\/gymfactory.eu\/wp-content\/uploads\/2024\/11\/Component-1.svg\",\"contentUrl\":\"https:\/\/gymfactory.eu\/wp-content\/uploads\/2024\/11\/Component-1.svg\",\"width\":54,\"height\":44,\"caption\":\"Sporto sal\u0117s gamykla\"},\"image\":{\"@id\":\"https:\/\/gymfactory.eu\/lt\/#\/schema\/logo\/image\/\"}}]}<\/script>\n<!-- \/ Yoast SEO plugin. -->","yoast_head_json":{"title":"Z03XXXG2 Stryp\u0173 antkakliai - saugi \u012franga treniruot\u0117ms su svoriais","description":"Optimizuokite savo treniruokli\u0173 sal\u0117s s\u0105rang\u0105 naudodami Z03XXXG2 \u0161tangos apvadus. \u0160i svarmen\u0173 treniruo\u010di\u0173 \u012franga u\u017etikrina, kad j\u016bs\u0173 l\u0117k\u0161t\u0117s b\u016bt\u0173 u\u017efiksuotos ir treniruot\u0117s b\u016bt\u0173 saugesn\u0117s.","robots":{"index":"index","follow":"follow","max-snippet":"max-snippet:-1","max-image-preview":"max-image-preview:large","max-video-preview":"max-video-preview:-1"},"canonical":"https:\/\/gymfactory.eu\/lt\/produktas\/z03xxxg2-strypu-antkakliai\/","og_locale":"lt_LT","og_type":"article","og_title":"Z03XXXG2 Stryp\u0173 antkakliai - saugi \u012franga treniruot\u0117ms su svoriais","og_description":"Optimizuokite savo treniruokli\u0173 sal\u0117s s\u0105rang\u0105 naudodami Z03XXXG2 \u0161tangos apvadus. \u0160i svarmen\u0173 treniruo\u010di\u0173 \u012franga u\u017etikrina, kad j\u016bs\u0173 l\u0117k\u0161t\u0117s b\u016bt\u0173 u\u017efiksuotos ir treniruot\u0117s b\u016bt\u0173 saugesn\u0117s.","og_url":"https:\/\/gymfactory.eu\/lt\/produktas\/z03xxxg2-strypu-antkakliai\/","og_site_name":"Gym Factory","article_modified_time":"2025-09-09T07:41:41+00:00","og_image":[{"width":1500,"height":1500,"url":"https:\/\/gymfactory.eu\/wp-content\/uploads\/2025\/03\/equipment-for-weight-training-locking-barbell-collars-1.webp","type":"image\/webp"}],"twitter_card":"summary_large_image","twitter_misc":{"Est. reading time":"1 minut\u0117"},"schema":{"@context":"https:\/\/schema.org","@graph":[{"@type":"WebPage","@id":"https:\/\/gymfactory.eu\/lt\/produktas\/z03xxxg2-strypu-antkakliai\/","url":"https:\/\/gymfactory.eu\/lt\/produktas\/z03xxxg2-strypu-antkakliai\/","name":"Z03XXXG2 Stryp\u0173 antkakliai - saugi \u012franga treniruot\u0117ms su svoriais","isPartOf":{"@id":"https:\/\/gymfactory.eu\/lt\/#website"},"primaryImageOfPage":{"@id":"https:\/\/gymfactory.eu\/lt\/produktas\/z03xxxg2-strypu-antkakliai\/#primaryimage"},"image":{"@id":"https:\/\/gymfactory.eu\/lt\/produktas\/z03xxxg2-strypu-antkakliai\/#primaryimage"},"thumbnailUrl":"https:\/\/gymfactory.eu\/wp-content\/uploads\/2025\/03\/equipment-for-weight-training-locking-barbell-collars-1.webp","datePublished":"2025-03-06T07:51:40+00:00","dateModified":"2025-09-09T07:41:41+00:00","description":"Optimizuokite savo treniruokli\u0173 sal\u0117s s\u0105rang\u0105 naudodami Z03XXXG2 \u0161tangos apvadus. \u0160i svarmen\u0173 treniruo\u010di\u0173 \u012franga u\u017etikrina, kad j\u016bs\u0173 l\u0117k\u0161t\u0117s b\u016bt\u0173 u\u017efiksuotos ir treniruot\u0117s b\u016bt\u0173 saugesn\u0117s.","breadcrumb":{"@id":"https:\/\/gymfactory.eu\/lt\/produktas\/z03xxxg2-strypu-antkakliai\/#breadcrumb"},"inLanguage":"lt-LT","potentialAction":[{"@type":"ReadAction","target":["https:\/\/gymfactory.eu\/lt\/produktas\/z03xxxg2-strypu-antkakliai\/"]}]},{"@type":"ImageObject","inLanguage":"lt-LT","@id":"https:\/\/gymfactory.eu\/lt\/produktas\/z03xxxg2-strypu-antkakliai\/#primaryimage","url":"https:\/\/gymfactory.eu\/wp-content\/uploads\/2025\/03\/equipment-for-weight-training-locking-barbell-collars-1.webp","contentUrl":"https:\/\/gymfactory.eu\/wp-content\/uploads\/2025\/03\/equipment-for-weight-training-locking-barbell-collars-1.webp","width":1500,"height":1500,"caption":"Pora juod\u0173 u\u017erakinam\u0173 \u0161tangos apvad\u0173, skirt\u0173 svori\u0173 plok\u0161t\u0117ms ant \u0161tangos saugiai pritvirtinti. \u0160ie patvar\u016bs greito atlaisvinimo spaustukai u\u017etikrina stabilum\u0105 treniruo\u010di\u0173 metu, tod\u0117l jie yra b\u016btinas komercini\u0173 sporto sali\u0173 ir nam\u0173 treniruokli\u0173 \u012frangos priedas."},{"@type":"BreadcrumbList","@id":"https:\/\/gymfactory.eu\/lt\/produktas\/z03xxxg2-strypu-antkakliai\/#breadcrumb","itemListElement":[{"@type":"ListItem","position":1,"name":"Pagrindinis","item":"https:\/\/gymfactory.eu\/lt\/"},{"@type":"ListItem","position":2,"name":"Katalogas","item":"https:\/\/gymfactory.eu\/lt\/katalogas\/"},{"@type":"ListItem","position":3,"name":"Z03XXXG2 Greitoji fiksacija"}]},{"@type":"WebSite","@id":"https:\/\/gymfactory.eu\/lt\/#website","url":"https:\/\/gymfactory.eu\/lt\/","name":"Gym Factory","description":"","publisher":{"@id":"https:\/\/gymfactory.eu\/lt\/#organization"},"potentialAction":[{"@type":"SearchAction","target":{"@type":"EntryPoint","urlTemplate":"https:\/\/gymfactory.eu\/lt\/?s={search_term_string}"},"query-input":{"@type":"PropertyValueSpecification","valueRequired":true,"valueName":"search_term_string"}}],"inLanguage":"lt-LT"},{"@type":"Organization","@id":"https:\/\/gymfactory.eu\/lt\/#organization","name":"Sporto sal\u0117s gamykla","url":"https:\/\/gymfactory.eu\/lt\/","logo":{"@type":"ImageObject","inLanguage":"lt-LT","@id":"https:\/\/gymfactory.eu\/lt\/#\/schema\/logo\/image\/","url":"https:\/\/gymfactory.eu\/wp-content\/uploads\/2024\/11\/Component-1.svg","contentUrl":"https:\/\/gymfactory.eu\/wp-content\/uploads\/2024\/11\/Component-1.svg","width":54,"height":44,"caption":"Sporto sal\u0117s gamykla"},"image":{"@id":"https:\/\/gymfactory.eu\/lt\/#\/schema\/logo\/image\/"}}]}},"_links":{"self":[{"href":"https:\/\/gymfactory.eu\/lt\/wp-json\/wp\/v2\/product\/9707","targetHints":{"allow":["GET"]}}],"collection":[{"href":"https:\/\/gymfactory.eu\/lt\/wp-json\/wp\/v2\/product"}],"about":[{"href":"https:\/\/gymfactory.eu\/lt\/wp-json\/wp\/v2\/types\/product"}],"wp:featuredmedia":[{"embeddable":true,"href":"https:\/\/gymfactory.eu\/lt\/wp-json\/wp\/v2\/media\/9112"}],"wp:attachment":[{"href":"https:\/\/gymfactory.eu\/lt\/wp-json\/wp\/v2\/media?parent=9707"}],"wp:term":[{"taxonomy":"product_brand","embeddable":true,"href":"https:\/\/gymfactory.eu\/lt\/wp-json\/wp\/v2\/product_brand?post=9707"},{"taxonomy":"product_cat","embeddable":true,"href":"https:\/\/gymfactory.eu\/lt\/wp-json\/wp\/v2\/product_cat?post=9707"},{"taxonomy":"product_tag","embeddable":true,"href":"https:\/\/gymfactory.eu\/lt\/wp-json\/wp\/v2\/product_tag?post=9707"}],"curies":[{"name":"wp","href":"https:\/\/api.w.org\/{rel}","templated":true}]}}