{"id":9705,"date":"2025-04-25T11:42:24","date_gmt":"2025-04-25T08:42:24","guid":{"rendered":"https:\/\/gymfactory.eu\/product\/z01-bokso-maiso-laikiklis\/"},"modified":"2026-04-02T10:24:31","modified_gmt":"2026-04-02T07:24:31","slug":"z01-bokso-maiso-laikiklis","status":"publish","type":"product","link":"https:\/\/gymfactory.eu\/lt\/produktas\/z01-bokso-maiso-laikiklis\/","title":{"rendered":"Z01 Bokso mai\u0161o ir TRX laikiklis"},"content":{"rendered":"<p data-start=\"0\" data-end=\"29\"><strong data-start=\"0\" data-end=\"29\">Z01 bokso mai\u0161o laikiklis<\/strong><\/p>\n<p data-start=\"31\" data-end=\"210\">Z01 \u2013 tai prie sienos montuojamas plieninis laikiklis, skirtas bokso mai\u0161ui ar kriau\u0161ei pakabinti namuose ar sporto sal\u0117je. Tvirtas ir stabilus, jis u\u017etikrina saugias treniruotes.<\/p>\n<p data-start=\"212\" data-end=\"416\" data-is-last-node=\"\" data-is-only-node=\"\">Laikiklis turi kelis tvirtinimo ta\u0161kus, tod\u0117l tinka skirtingiems mai\u0161ams, o prireikus galima kabinti ir TRX dir\u017eus. Sulankstomas dizainas leid\u017eia j\u012f patogiai priglausti prie sienos, taip sutaupant vietos.<\/p>\n<p>Prakti\u0161kas sprendimas ie\u0161kantiems patikimo b\u016bdo bokso mai\u0161ui pakabinti.<\/p>\n\n    <div class=\"xs_social_share_widget xs_share_url after_content \t\tmain_content  wslu-style-1 wslu-share-box-shaped wslu-fill-colored wslu-none wslu-share-horizontal wslu-theme-font-no wslu-main_content\">\n\n\t\t\n        <ul>\n\t\t\t        <\/ul>\n    <\/div> \n","protected":false},"excerpt":{"rendered":"<p>Z01 bokso mai\u0161o laikiklis Z01 \u2013 tai prie sienos montuojamas plieninis laikiklis, skirtas bokso mai\u0161ui ar kriau\u0161ei pakabinti namuose ar sporto sal\u0117je. Tvirtas ir stabilus, jis u\u017etikrina saugias treniruotes. Laikiklis turi kelis tvirtinimo ta\u0161kus, tod\u0117l tinka skirtingiems mai\u0161ams, o prireikus galima kabinti ir TRX dir\u017eus. Sulankstomas dizainas leid\u017eia j\u012f patogiai priglausti prie sienos, taip sutaupant [&hellip;]<\/p>\n","protected":false},"featured_media":29658,"template":"","meta":{"_acf_changed":false},"product_brand":[817],"product_cat":[407],"product_tag":[415],"class_list":{"0":"post-9705","1":"product","2":"type-product","3":"status-publish","4":"has-post-thumbnail","6":"product_brand-gym-factory-lt","7":"product_cat-kita-sporto-iranga","8":"product_tag-spalva-tik-metaline","10":"first","11":"onbackorder","12":"taxable","13":"shipping-taxable","14":"purchasable","15":"product-type-simple"},"acf":[],"yoast_head":"<!-- This site is optimized with the Yoast SEO plugin v25.2 - https:\/\/yoast.com\/wordpress\/plugins\/seo\/ -->\n<title>Z01 Bokso mai\u0161o laikiklis | Sporto sal\u0117s \u012franga bokso treniruot\u0117ms<\/title>\n<meta name=\"description\" content=\"Z01 bokso mai\u0161\u0173 laikiklis yra sporto \u012franga su auk\u0161tos kokyb\u0117s plieniniu r\u0117mu, pasi\u017eymin\u010diu patvarumu ir stabilumu bokso treniruot\u0117ms namuose arba sporto sal\u0117se.\" \/>\n<meta name=\"robots\" content=\"index, follow, max-snippet:-1, max-image-preview:large, max-video-preview:-1\" \/>\n<link rel=\"canonical\" href=\"https:\/\/gymfactory.eu\/lt\/produktas\/z01-bokso-maiso-laikiklis\/\" \/>\n<meta property=\"og:locale\" content=\"lt_LT\" \/>\n<meta property=\"og:type\" content=\"article\" \/>\n<meta property=\"og:title\" content=\"Z01 Bokso mai\u0161o laikiklis | Sporto sal\u0117s \u012franga bokso treniruot\u0117ms\" \/>\n<meta property=\"og:description\" content=\"Z01 bokso mai\u0161\u0173 laikiklis yra sporto \u012franga su auk\u0161tos kokyb\u0117s plieniniu r\u0117mu, pasi\u017eymin\u010diu patvarumu ir stabilumu bokso treniruot\u0117ms namuose arba sporto sal\u0117se.\" \/>\n<meta property=\"og:url\" content=\"https:\/\/gymfactory.eu\/lt\/produktas\/z01-bokso-maiso-laikiklis\/\" \/>\n<meta property=\"og:site_name\" content=\"Gym Factory\" \/>\n<meta property=\"article:modified_time\" content=\"2026-04-02T07:24:31+00:00\" \/>\n<meta property=\"og:image\" content=\"https:\/\/gymfactory.eu\/wp-content\/uploads\/2025\/04\/Z01-Boxing-Bag-Holder-1.webp\" \/>\n\t<meta property=\"og:image:width\" content=\"1500\" \/>\n\t<meta property=\"og:image:height\" content=\"1500\" \/>\n\t<meta property=\"og:image:type\" content=\"image\/webp\" \/>\n<meta name=\"twitter:card\" content=\"summary_large_image\" \/>\n<meta name=\"twitter:label1\" content=\"Est. reading time\" \/>\n\t<meta name=\"twitter:data1\" content=\"1 minut\u0117\" \/>\n<script type=\"application\/ld+json\" class=\"yoast-schema-graph\">{\"@context\":\"https:\/\/schema.org\",\"@graph\":[{\"@type\":\"WebPage\",\"@id\":\"https:\/\/gymfactory.eu\/lt\/produktas\/z01-bokso-maiso-laikiklis\/\",\"url\":\"https:\/\/gymfactory.eu\/lt\/produktas\/z01-bokso-maiso-laikiklis\/\",\"name\":\"Z01 Bokso mai\u0161o laikiklis | Sporto sal\u0117s \u012franga bokso treniruot\u0117ms\",\"isPartOf\":{\"@id\":\"https:\/\/gymfactory.eu\/lt\/#website\"},\"primaryImageOfPage\":{\"@id\":\"https:\/\/gymfactory.eu\/lt\/produktas\/z01-bokso-maiso-laikiklis\/#primaryimage\"},\"image\":{\"@id\":\"https:\/\/gymfactory.eu\/lt\/produktas\/z01-bokso-maiso-laikiklis\/#primaryimage\"},\"thumbnailUrl\":\"https:\/\/gymfactory.eu\/wp-content\/uploads\/2025\/04\/Z01-Boxing-Bag-Holder-1.webp\",\"datePublished\":\"2025-04-25T08:42:24+00:00\",\"dateModified\":\"2026-04-02T07:24:31+00:00\",\"description\":\"Z01 bokso mai\u0161\u0173 laikiklis yra sporto \u012franga su auk\u0161tos kokyb\u0117s plieniniu r\u0117mu, pasi\u017eymin\u010diu patvarumu ir stabilumu bokso treniruot\u0117ms namuose arba sporto sal\u0117se.\",\"breadcrumb\":{\"@id\":\"https:\/\/gymfactory.eu\/lt\/produktas\/z01-bokso-maiso-laikiklis\/#breadcrumb\"},\"inLanguage\":\"lt-LT\",\"potentialAction\":[{\"@type\":\"ReadAction\",\"target\":[\"https:\/\/gymfactory.eu\/lt\/produktas\/z01-bokso-maiso-laikiklis\/\"]}]},{\"@type\":\"ImageObject\",\"inLanguage\":\"lt-LT\",\"@id\":\"https:\/\/gymfactory.eu\/lt\/produktas\/z01-bokso-maiso-laikiklis\/#primaryimage\",\"url\":\"https:\/\/gymfactory.eu\/wp-content\/uploads\/2025\/04\/Z01-Boxing-Bag-Holder-1.webp\",\"contentUrl\":\"https:\/\/gymfactory.eu\/wp-content\/uploads\/2025\/04\/Z01-Boxing-Bag-Holder-1.webp\",\"width\":1500,\"height\":1500,\"caption\":\"Z01 Boxing Bag Holder made from heavy-duty steel, a reliable piece of gym equipment designed to securely support hanging boxing bags in training environments.\"},{\"@type\":\"BreadcrumbList\",\"@id\":\"https:\/\/gymfactory.eu\/lt\/produktas\/z01-bokso-maiso-laikiklis\/#breadcrumb\",\"itemListElement\":[{\"@type\":\"ListItem\",\"position\":1,\"name\":\"Pagrindinis\",\"item\":\"https:\/\/gymfactory.eu\/lt\/\"},{\"@type\":\"ListItem\",\"position\":2,\"name\":\"Katalogas\",\"item\":\"https:\/\/gymfactory.eu\/lt\/katalogas\/\"},{\"@type\":\"ListItem\",\"position\":3,\"name\":\"Z01 Bokso mai\u0161o ir TRX laikiklis\"}]},{\"@type\":\"WebSite\",\"@id\":\"https:\/\/gymfactory.eu\/lt\/#website\",\"url\":\"https:\/\/gymfactory.eu\/lt\/\",\"name\":\"Gym Factory\",\"description\":\"\",\"publisher\":{\"@id\":\"https:\/\/gymfactory.eu\/lt\/#organization\"},\"potentialAction\":[{\"@type\":\"SearchAction\",\"target\":{\"@type\":\"EntryPoint\",\"urlTemplate\":\"https:\/\/gymfactory.eu\/lt\/?s={search_term_string}\"},\"query-input\":{\"@type\":\"PropertyValueSpecification\",\"valueRequired\":true,\"valueName\":\"search_term_string\"}}],\"inLanguage\":\"lt-LT\"},{\"@type\":\"Organization\",\"@id\":\"https:\/\/gymfactory.eu\/lt\/#organization\",\"name\":\"Sporto sal\u0117s gamykla\",\"url\":\"https:\/\/gymfactory.eu\/lt\/\",\"logo\":{\"@type\":\"ImageObject\",\"inLanguage\":\"lt-LT\",\"@id\":\"https:\/\/gymfactory.eu\/lt\/#\/schema\/logo\/image\/\",\"url\":\"https:\/\/gymfactory.eu\/wp-content\/uploads\/2024\/11\/Component-1.svg\",\"contentUrl\":\"https:\/\/gymfactory.eu\/wp-content\/uploads\/2024\/11\/Component-1.svg\",\"width\":54,\"height\":44,\"caption\":\"Sporto sal\u0117s gamykla\"},\"image\":{\"@id\":\"https:\/\/gymfactory.eu\/lt\/#\/schema\/logo\/image\/\"}}]}<\/script>\n<!-- \/ Yoast SEO plugin. -->","yoast_head_json":{"title":"Z01 Bokso mai\u0161o laikiklis | Sporto sal\u0117s \u012franga bokso treniruot\u0117ms","description":"Z01 bokso mai\u0161\u0173 laikiklis yra sporto \u012franga su auk\u0161tos kokyb\u0117s plieniniu r\u0117mu, pasi\u017eymin\u010diu patvarumu ir stabilumu bokso treniruot\u0117ms namuose arba sporto sal\u0117se.","robots":{"index":"index","follow":"follow","max-snippet":"max-snippet:-1","max-image-preview":"max-image-preview:large","max-video-preview":"max-video-preview:-1"},"canonical":"https:\/\/gymfactory.eu\/lt\/produktas\/z01-bokso-maiso-laikiklis\/","og_locale":"lt_LT","og_type":"article","og_title":"Z01 Bokso mai\u0161o laikiklis | Sporto sal\u0117s \u012franga bokso treniruot\u0117ms","og_description":"Z01 bokso mai\u0161\u0173 laikiklis yra sporto \u012franga su auk\u0161tos kokyb\u0117s plieniniu r\u0117mu, pasi\u017eymin\u010diu patvarumu ir stabilumu bokso treniruot\u0117ms namuose arba sporto sal\u0117se.","og_url":"https:\/\/gymfactory.eu\/lt\/produktas\/z01-bokso-maiso-laikiklis\/","og_site_name":"Gym Factory","article_modified_time":"2026-04-02T07:24:31+00:00","og_image":[{"width":1500,"height":1500,"url":"https:\/\/gymfactory.eu\/wp-content\/uploads\/2025\/04\/Z01-Boxing-Bag-Holder-1.webp","type":"image\/webp"}],"twitter_card":"summary_large_image","twitter_misc":{"Est. reading time":"1 minut\u0117"},"schema":{"@context":"https:\/\/schema.org","@graph":[{"@type":"WebPage","@id":"https:\/\/gymfactory.eu\/lt\/produktas\/z01-bokso-maiso-laikiklis\/","url":"https:\/\/gymfactory.eu\/lt\/produktas\/z01-bokso-maiso-laikiklis\/","name":"Z01 Bokso mai\u0161o laikiklis | Sporto sal\u0117s \u012franga bokso treniruot\u0117ms","isPartOf":{"@id":"https:\/\/gymfactory.eu\/lt\/#website"},"primaryImageOfPage":{"@id":"https:\/\/gymfactory.eu\/lt\/produktas\/z01-bokso-maiso-laikiklis\/#primaryimage"},"image":{"@id":"https:\/\/gymfactory.eu\/lt\/produktas\/z01-bokso-maiso-laikiklis\/#primaryimage"},"thumbnailUrl":"https:\/\/gymfactory.eu\/wp-content\/uploads\/2025\/04\/Z01-Boxing-Bag-Holder-1.webp","datePublished":"2025-04-25T08:42:24+00:00","dateModified":"2026-04-02T07:24:31+00:00","description":"Z01 bokso mai\u0161\u0173 laikiklis yra sporto \u012franga su auk\u0161tos kokyb\u0117s plieniniu r\u0117mu, pasi\u017eymin\u010diu patvarumu ir stabilumu bokso treniruot\u0117ms namuose arba sporto sal\u0117se.","breadcrumb":{"@id":"https:\/\/gymfactory.eu\/lt\/produktas\/z01-bokso-maiso-laikiklis\/#breadcrumb"},"inLanguage":"lt-LT","potentialAction":[{"@type":"ReadAction","target":["https:\/\/gymfactory.eu\/lt\/produktas\/z01-bokso-maiso-laikiklis\/"]}]},{"@type":"ImageObject","inLanguage":"lt-LT","@id":"https:\/\/gymfactory.eu\/lt\/produktas\/z01-bokso-maiso-laikiklis\/#primaryimage","url":"https:\/\/gymfactory.eu\/wp-content\/uploads\/2025\/04\/Z01-Boxing-Bag-Holder-1.webp","contentUrl":"https:\/\/gymfactory.eu\/wp-content\/uploads\/2025\/04\/Z01-Boxing-Bag-Holder-1.webp","width":1500,"height":1500,"caption":"Z01 Boxing Bag Holder made from heavy-duty steel, a reliable piece of gym equipment designed to securely support hanging boxing bags in training environments."},{"@type":"BreadcrumbList","@id":"https:\/\/gymfactory.eu\/lt\/produktas\/z01-bokso-maiso-laikiklis\/#breadcrumb","itemListElement":[{"@type":"ListItem","position":1,"name":"Pagrindinis","item":"https:\/\/gymfactory.eu\/lt\/"},{"@type":"ListItem","position":2,"name":"Katalogas","item":"https:\/\/gymfactory.eu\/lt\/katalogas\/"},{"@type":"ListItem","position":3,"name":"Z01 Bokso mai\u0161o ir TRX laikiklis"}]},{"@type":"WebSite","@id":"https:\/\/gymfactory.eu\/lt\/#website","url":"https:\/\/gymfactory.eu\/lt\/","name":"Gym Factory","description":"","publisher":{"@id":"https:\/\/gymfactory.eu\/lt\/#organization"},"potentialAction":[{"@type":"SearchAction","target":{"@type":"EntryPoint","urlTemplate":"https:\/\/gymfactory.eu\/lt\/?s={search_term_string}"},"query-input":{"@type":"PropertyValueSpecification","valueRequired":true,"valueName":"search_term_string"}}],"inLanguage":"lt-LT"},{"@type":"Organization","@id":"https:\/\/gymfactory.eu\/lt\/#organization","name":"Sporto sal\u0117s gamykla","url":"https:\/\/gymfactory.eu\/lt\/","logo":{"@type":"ImageObject","inLanguage":"lt-LT","@id":"https:\/\/gymfactory.eu\/lt\/#\/schema\/logo\/image\/","url":"https:\/\/gymfactory.eu\/wp-content\/uploads\/2024\/11\/Component-1.svg","contentUrl":"https:\/\/gymfactory.eu\/wp-content\/uploads\/2024\/11\/Component-1.svg","width":54,"height":44,"caption":"Sporto sal\u0117s gamykla"},"image":{"@id":"https:\/\/gymfactory.eu\/lt\/#\/schema\/logo\/image\/"}}]}},"_links":{"self":[{"href":"https:\/\/gymfactory.eu\/lt\/wp-json\/wp\/v2\/product\/9705","targetHints":{"allow":["GET"]}}],"collection":[{"href":"https:\/\/gymfactory.eu\/lt\/wp-json\/wp\/v2\/product"}],"about":[{"href":"https:\/\/gymfactory.eu\/lt\/wp-json\/wp\/v2\/types\/product"}],"wp:featuredmedia":[{"embeddable":true,"href":"https:\/\/gymfactory.eu\/lt\/wp-json\/wp\/v2\/media\/29658"}],"wp:attachment":[{"href":"https:\/\/gymfactory.eu\/lt\/wp-json\/wp\/v2\/media?parent=9705"}],"wp:term":[{"taxonomy":"product_brand","embeddable":true,"href":"https:\/\/gymfactory.eu\/lt\/wp-json\/wp\/v2\/product_brand?post=9705"},{"taxonomy":"product_cat","embeddable":true,"href":"https:\/\/gymfactory.eu\/lt\/wp-json\/wp\/v2\/product_cat?post=9705"},{"taxonomy":"product_tag","embeddable":true,"href":"https:\/\/gymfactory.eu\/lt\/wp-json\/wp\/v2\/product_tag?post=9705"}],"curies":[{"name":"wp","href":"https:\/\/api.w.org\/{rel}","templated":true}]}}