{"id":9699,"date":"2025-04-25T12:10:03","date_gmt":"2025-04-25T09:10:03","guid":{"rendered":"https:\/\/gymfactory.eu\/product\/z07x-galios-roges\/"},"modified":"2025-12-08T15:19:40","modified_gmt":"2025-12-08T13:19:40","slug":"z07x-galios-roges","status":"publish","type":"product","link":"https:\/\/gymfactory.eu\/lt\/produktas\/z07x-galios-roges\/","title":{"rendered":"Z07x J\u0117gos rog\u0117s"},"content":{"rendered":"<p>Z07x j\u0117gos rog\u0117s \u2013 treniruoklis traukos pratimams, stiprinantis apatines k\u016bno dalis, centr\u0105 ir nugaros raumenyn\u0105. Skirtos dinami\u0161koms treniruot\u0117ms, kuriose naudojama virv\u0117 ar pasiprie\u0161inimo guma \u2013 rog\u0117s turi special\u0173 tvirtinimo ta\u0161k\u0105 vilkimui ar kitokiems judesi\u0173 variantams.<\/p>\n<p>Svorio diskai kraunami ant centrin\u0117s a\u0161ies, tod\u0117l galima lengvai reguliuoti pasiprie\u0161inim\u0105 pagal treniruot\u0117s intensyvum\u0105. Rog\u0117s sukurtos nuosekliam darbui ir atlaiko dideles apkrovas \u2013 tinka naudoti tiek namuose, tiek sporto klubuose.<\/p>\n\n    <div class=\"xs_social_share_widget xs_share_url after_content \t\tmain_content  wslu-style-1 wslu-share-box-shaped wslu-fill-colored wslu-none wslu-share-horizontal wslu-theme-font-no wslu-main_content\">\n\n\t\t\n        <ul>\n\t\t\t        <\/ul>\n    <\/div> \n","protected":false},"excerpt":{"rendered":"<p>Z07x j\u0117gos rog\u0117s \u2013 treniruoklis traukos pratimams, stiprinantis apatines k\u016bno dalis, centr\u0105 ir nugaros raumenyn\u0105. Skirtos dinami\u0161koms treniruot\u0117ms, kuriose naudojama virv\u0117 ar pasiprie\u0161inimo guma \u2013 rog\u0117s turi special\u0173 tvirtinimo ta\u0161k\u0105 vilkimui ar kitokiems judesi\u0173 variantams. Svorio diskai kraunami ant centrin\u0117s a\u0161ies, tod\u0117l galima lengvai reguliuoti pasiprie\u0161inim\u0105 pagal treniruot\u0117s intensyvum\u0105. Rog\u0117s sukurtos nuosekliam darbui ir atlaiko [&hellip;]<\/p>\n","protected":false},"featured_media":9128,"template":"","meta":{"_acf_changed":false},"product_brand":[817],"product_cat":[407],"product_tag":[],"class_list":{"0":"post-9699","1":"product","2":"type-product","3":"status-publish","4":"has-post-thumbnail","6":"product_brand-gym-factory-lt","7":"product_cat-kita-sporto-iranga","9":"first","10":"onbackorder","11":"taxable","12":"shipping-taxable","13":"purchasable","14":"product-type-variable","15":"has-default-attributes"},"acf":[],"yoast_head":"<!-- This site is optimized with the Yoast SEO plugin v25.2 - https:\/\/yoast.com\/wordpress\/plugins\/seo\/ -->\n<title>Z07 Power Sled | J\u0117gos treniruo\u010di\u0173 \u012franga<\/title>\n<meta name=\"description\" content=\"&quot;Z07 Power Sled&quot; - tai j\u0117gos treniruokliai, skirti st\u016bmimo, traukimo ir pasiprie\u0161inimo treniruot\u0117ms, puikiai tinkantys kondicionavimui bet kurioje sporto sal\u0117je.\" \/>\n<meta name=\"robots\" content=\"index, follow, max-snippet:-1, max-image-preview:large, max-video-preview:-1\" \/>\n<link rel=\"canonical\" href=\"https:\/\/gymfactory.eu\/lt\/produktas\/z07x-galios-roges\/\" \/>\n<meta property=\"og:locale\" content=\"lt_LT\" \/>\n<meta property=\"og:type\" content=\"article\" \/>\n<meta property=\"og:title\" content=\"Z07 Power Sled | J\u0117gos treniruo\u010di\u0173 \u012franga\" \/>\n<meta property=\"og:description\" content=\"&quot;Z07 Power Sled&quot; - tai j\u0117gos treniruokliai, skirti st\u016bmimo, traukimo ir pasiprie\u0161inimo treniruot\u0117ms, puikiai tinkantys kondicionavimui bet kurioje sporto sal\u0117je.\" \/>\n<meta property=\"og:url\" content=\"https:\/\/gymfactory.eu\/lt\/produktas\/z07x-galios-roges\/\" \/>\n<meta property=\"og:site_name\" content=\"Gym Factory\" \/>\n<meta property=\"article:modified_time\" content=\"2025-12-08T13:19:40+00:00\" \/>\n<meta property=\"og:image\" content=\"https:\/\/gymfactory.eu\/wp-content\/uploads\/2025\/04\/Z07x-Power-Sled-1.webp\" \/>\n\t<meta property=\"og:image:width\" content=\"1500\" \/>\n\t<meta property=\"og:image:height\" content=\"1500\" \/>\n\t<meta property=\"og:image:type\" content=\"image\/webp\" \/>\n<meta name=\"twitter:card\" content=\"summary_large_image\" \/>\n<meta name=\"twitter:label1\" content=\"Est. reading time\" \/>\n\t<meta name=\"twitter:data1\" content=\"1 minut\u0117\" \/>\n<script type=\"application\/ld+json\" class=\"yoast-schema-graph\">{\"@context\":\"https:\/\/schema.org\",\"@graph\":[{\"@type\":\"WebPage\",\"@id\":\"https:\/\/gymfactory.eu\/lt\/produktas\/z07x-galios-roges\/\",\"url\":\"https:\/\/gymfactory.eu\/lt\/produktas\/z07x-galios-roges\/\",\"name\":\"Z07 Power Sled | J\u0117gos treniruo\u010di\u0173 \u012franga\",\"isPartOf\":{\"@id\":\"https:\/\/gymfactory.eu\/lt\/#website\"},\"primaryImageOfPage\":{\"@id\":\"https:\/\/gymfactory.eu\/lt\/produktas\/z07x-galios-roges\/#primaryimage\"},\"image\":{\"@id\":\"https:\/\/gymfactory.eu\/lt\/produktas\/z07x-galios-roges\/#primaryimage\"},\"thumbnailUrl\":\"https:\/\/gymfactory.eu\/wp-content\/uploads\/2025\/04\/Z07x-Power-Sled-1.webp\",\"datePublished\":\"2025-04-25T09:10:03+00:00\",\"dateModified\":\"2025-12-08T13:19:40+00:00\",\"description\":\"\\\"Z07 Power Sled\\\" - tai j\u0117gos treniruokliai, skirti st\u016bmimo, traukimo ir pasiprie\u0161inimo treniruot\u0117ms, puikiai tinkantys kondicionavimui bet kurioje sporto sal\u0117je.\",\"breadcrumb\":{\"@id\":\"https:\/\/gymfactory.eu\/lt\/produktas\/z07x-galios-roges\/#breadcrumb\"},\"inLanguage\":\"lt-LT\",\"potentialAction\":[{\"@type\":\"ReadAction\",\"target\":[\"https:\/\/gymfactory.eu\/lt\/produktas\/z07x-galios-roges\/\"]}]},{\"@type\":\"ImageObject\",\"inLanguage\":\"lt-LT\",\"@id\":\"https:\/\/gymfactory.eu\/lt\/produktas\/z07x-galios-roges\/#primaryimage\",\"url\":\"https:\/\/gymfactory.eu\/wp-content\/uploads\/2025\/04\/Z07x-Power-Sled-1.webp\",\"contentUrl\":\"https:\/\/gymfactory.eu\/wp-content\/uploads\/2025\/04\/Z07x-Power-Sled-1.webp\",\"width\":1500,\"height\":1500,\"caption\":\"\\\"Z07x Power Sled\\\" yra didelio galingumo j\u0117gos treniruo\u010di\u0173 \u012franga, skirta pasiprie\u0161inimu paremtoms st\u016bmimo, traukimo ir kondicionavimo treniruot\u0117ms.\"},{\"@type\":\"BreadcrumbList\",\"@id\":\"https:\/\/gymfactory.eu\/lt\/produktas\/z07x-galios-roges\/#breadcrumb\",\"itemListElement\":[{\"@type\":\"ListItem\",\"position\":1,\"name\":\"Pagrindinis\",\"item\":\"https:\/\/gymfactory.eu\/lt\/\"},{\"@type\":\"ListItem\",\"position\":2,\"name\":\"Katalogas\",\"item\":\"https:\/\/gymfactory.eu\/lt\/katalogas\/\"},{\"@type\":\"ListItem\",\"position\":3,\"name\":\"Z07x J\u0117gos rog\u0117s\"}]},{\"@type\":\"WebSite\",\"@id\":\"https:\/\/gymfactory.eu\/lt\/#website\",\"url\":\"https:\/\/gymfactory.eu\/lt\/\",\"name\":\"Gym Factory\",\"description\":\"\",\"publisher\":{\"@id\":\"https:\/\/gymfactory.eu\/lt\/#organization\"},\"potentialAction\":[{\"@type\":\"SearchAction\",\"target\":{\"@type\":\"EntryPoint\",\"urlTemplate\":\"https:\/\/gymfactory.eu\/lt\/?s={search_term_string}\"},\"query-input\":{\"@type\":\"PropertyValueSpecification\",\"valueRequired\":true,\"valueName\":\"search_term_string\"}}],\"inLanguage\":\"lt-LT\"},{\"@type\":\"Organization\",\"@id\":\"https:\/\/gymfactory.eu\/lt\/#organization\",\"name\":\"Sporto sal\u0117s gamykla\",\"url\":\"https:\/\/gymfactory.eu\/lt\/\",\"logo\":{\"@type\":\"ImageObject\",\"inLanguage\":\"lt-LT\",\"@id\":\"https:\/\/gymfactory.eu\/lt\/#\/schema\/logo\/image\/\",\"url\":\"https:\/\/gymfactory.eu\/wp-content\/uploads\/2024\/11\/Component-1.svg\",\"contentUrl\":\"https:\/\/gymfactory.eu\/wp-content\/uploads\/2024\/11\/Component-1.svg\",\"width\":54,\"height\":44,\"caption\":\"Sporto sal\u0117s gamykla\"},\"image\":{\"@id\":\"https:\/\/gymfactory.eu\/lt\/#\/schema\/logo\/image\/\"}}]}<\/script>\n<!-- \/ Yoast SEO plugin. -->","yoast_head_json":{"title":"Z07 Power Sled | J\u0117gos treniruo\u010di\u0173 \u012franga","description":"\"Z07 Power Sled\" - tai j\u0117gos treniruokliai, skirti st\u016bmimo, traukimo ir pasiprie\u0161inimo treniruot\u0117ms, puikiai tinkantys kondicionavimui bet kurioje sporto sal\u0117je.","robots":{"index":"index","follow":"follow","max-snippet":"max-snippet:-1","max-image-preview":"max-image-preview:large","max-video-preview":"max-video-preview:-1"},"canonical":"https:\/\/gymfactory.eu\/lt\/produktas\/z07x-galios-roges\/","og_locale":"lt_LT","og_type":"article","og_title":"Z07 Power Sled | J\u0117gos treniruo\u010di\u0173 \u012franga","og_description":"\"Z07 Power Sled\" - tai j\u0117gos treniruokliai, skirti st\u016bmimo, traukimo ir pasiprie\u0161inimo treniruot\u0117ms, puikiai tinkantys kondicionavimui bet kurioje sporto sal\u0117je.","og_url":"https:\/\/gymfactory.eu\/lt\/produktas\/z07x-galios-roges\/","og_site_name":"Gym Factory","article_modified_time":"2025-12-08T13:19:40+00:00","og_image":[{"width":1500,"height":1500,"url":"https:\/\/gymfactory.eu\/wp-content\/uploads\/2025\/04\/Z07x-Power-Sled-1.webp","type":"image\/webp"}],"twitter_card":"summary_large_image","twitter_misc":{"Est. reading time":"1 minut\u0117"},"schema":{"@context":"https:\/\/schema.org","@graph":[{"@type":"WebPage","@id":"https:\/\/gymfactory.eu\/lt\/produktas\/z07x-galios-roges\/","url":"https:\/\/gymfactory.eu\/lt\/produktas\/z07x-galios-roges\/","name":"Z07 Power Sled | J\u0117gos treniruo\u010di\u0173 \u012franga","isPartOf":{"@id":"https:\/\/gymfactory.eu\/lt\/#website"},"primaryImageOfPage":{"@id":"https:\/\/gymfactory.eu\/lt\/produktas\/z07x-galios-roges\/#primaryimage"},"image":{"@id":"https:\/\/gymfactory.eu\/lt\/produktas\/z07x-galios-roges\/#primaryimage"},"thumbnailUrl":"https:\/\/gymfactory.eu\/wp-content\/uploads\/2025\/04\/Z07x-Power-Sled-1.webp","datePublished":"2025-04-25T09:10:03+00:00","dateModified":"2025-12-08T13:19:40+00:00","description":"\"Z07 Power Sled\" - tai j\u0117gos treniruokliai, skirti st\u016bmimo, traukimo ir pasiprie\u0161inimo treniruot\u0117ms, puikiai tinkantys kondicionavimui bet kurioje sporto sal\u0117je.","breadcrumb":{"@id":"https:\/\/gymfactory.eu\/lt\/produktas\/z07x-galios-roges\/#breadcrumb"},"inLanguage":"lt-LT","potentialAction":[{"@type":"ReadAction","target":["https:\/\/gymfactory.eu\/lt\/produktas\/z07x-galios-roges\/"]}]},{"@type":"ImageObject","inLanguage":"lt-LT","@id":"https:\/\/gymfactory.eu\/lt\/produktas\/z07x-galios-roges\/#primaryimage","url":"https:\/\/gymfactory.eu\/wp-content\/uploads\/2025\/04\/Z07x-Power-Sled-1.webp","contentUrl":"https:\/\/gymfactory.eu\/wp-content\/uploads\/2025\/04\/Z07x-Power-Sled-1.webp","width":1500,"height":1500,"caption":"\"Z07x Power Sled\" yra didelio galingumo j\u0117gos treniruo\u010di\u0173 \u012franga, skirta pasiprie\u0161inimu paremtoms st\u016bmimo, traukimo ir kondicionavimo treniruot\u0117ms."},{"@type":"BreadcrumbList","@id":"https:\/\/gymfactory.eu\/lt\/produktas\/z07x-galios-roges\/#breadcrumb","itemListElement":[{"@type":"ListItem","position":1,"name":"Pagrindinis","item":"https:\/\/gymfactory.eu\/lt\/"},{"@type":"ListItem","position":2,"name":"Katalogas","item":"https:\/\/gymfactory.eu\/lt\/katalogas\/"},{"@type":"ListItem","position":3,"name":"Z07x J\u0117gos rog\u0117s"}]},{"@type":"WebSite","@id":"https:\/\/gymfactory.eu\/lt\/#website","url":"https:\/\/gymfactory.eu\/lt\/","name":"Gym Factory","description":"","publisher":{"@id":"https:\/\/gymfactory.eu\/lt\/#organization"},"potentialAction":[{"@type":"SearchAction","target":{"@type":"EntryPoint","urlTemplate":"https:\/\/gymfactory.eu\/lt\/?s={search_term_string}"},"query-input":{"@type":"PropertyValueSpecification","valueRequired":true,"valueName":"search_term_string"}}],"inLanguage":"lt-LT"},{"@type":"Organization","@id":"https:\/\/gymfactory.eu\/lt\/#organization","name":"Sporto sal\u0117s gamykla","url":"https:\/\/gymfactory.eu\/lt\/","logo":{"@type":"ImageObject","inLanguage":"lt-LT","@id":"https:\/\/gymfactory.eu\/lt\/#\/schema\/logo\/image\/","url":"https:\/\/gymfactory.eu\/wp-content\/uploads\/2024\/11\/Component-1.svg","contentUrl":"https:\/\/gymfactory.eu\/wp-content\/uploads\/2024\/11\/Component-1.svg","width":54,"height":44,"caption":"Sporto sal\u0117s gamykla"},"image":{"@id":"https:\/\/gymfactory.eu\/lt\/#\/schema\/logo\/image\/"}}]}},"_links":{"self":[{"href":"https:\/\/gymfactory.eu\/lt\/wp-json\/wp\/v2\/product\/9699","targetHints":{"allow":["GET"]}}],"collection":[{"href":"https:\/\/gymfactory.eu\/lt\/wp-json\/wp\/v2\/product"}],"about":[{"href":"https:\/\/gymfactory.eu\/lt\/wp-json\/wp\/v2\/types\/product"}],"wp:featuredmedia":[{"embeddable":true,"href":"https:\/\/gymfactory.eu\/lt\/wp-json\/wp\/v2\/media\/9128"}],"wp:attachment":[{"href":"https:\/\/gymfactory.eu\/lt\/wp-json\/wp\/v2\/media?parent=9699"}],"wp:term":[{"taxonomy":"product_brand","embeddable":true,"href":"https:\/\/gymfactory.eu\/lt\/wp-json\/wp\/v2\/product_brand?post=9699"},{"taxonomy":"product_cat","embeddable":true,"href":"https:\/\/gymfactory.eu\/lt\/wp-json\/wp\/v2\/product_cat?post=9699"},{"taxonomy":"product_tag","embeddable":true,"href":"https:\/\/gymfactory.eu\/lt\/wp-json\/wp\/v2\/product_tag?post=9699"}],"curies":[{"name":"wp","href":"https:\/\/api.w.org\/{rel}","templated":true}]}}