{"id":9698,"date":"2025-04-25T11:58:18","date_gmt":"2025-04-25T08:58:18","guid":{"rendered":"https:\/\/gymfactory.eu\/product\/z06-rastu-juosta\/"},"modified":"2025-12-08T15:17:00","modified_gmt":"2025-12-08T13:17:00","slug":"z06-rastu-juosta","status":"publish","type":"product","link":"https:\/\/gymfactory.eu\/lt\/produktas\/z06-rastu-juosta\/","title":{"rendered":"Z06 Gali\u016bno r\u0105stas"},"content":{"rendered":"<p>Z06 gali\u016bno r\u0105stas \u2013 profesionali \u0161tangos tipo \u012franga j\u0117gos pratimams su spaudimais, rovimu ir kitais \u201estrongman\u201c stiliaus judesiais. Tinka intensyvioms treniruot\u0117ms tiek namuose, tiek sporto klubuose.<\/p>\n<p>Keli\u0173 plo\u010di\u0173 rankenos leid\u017eia pasirinkti patogiausi\u0105 su\u0117mim\u0105, o standartiniai svori\u0173 laikikliai suteikia galimyb\u0119 krauti papildomus diskus.<\/p>\n<p>Tvirta, stabili konstrukcija sukurta maksimaliam na\u0161umui \u2013 treniruot\u0117ms, kuri\u0173 tikslas ai\u0161kus: j\u0117ga ir rezultatas.<\/p>\n\n    <div class=\"xs_social_share_widget xs_share_url after_content \t\tmain_content  wslu-style-1 wslu-share-box-shaped wslu-fill-colored wslu-none wslu-share-horizontal wslu-theme-font-no wslu-main_content\">\n\n\t\t\n        <ul>\n\t\t\t        <\/ul>\n    <\/div> \n","protected":false},"excerpt":{"rendered":"<p>Z06 gali\u016bno r\u0105stas \u2013 profesionali \u0161tangos tipo \u012franga j\u0117gos pratimams su spaudimais, rovimu ir kitais \u201estrongman\u201c stiliaus judesiais. Tinka intensyvioms treniruot\u0117ms tiek namuose, tiek sporto klubuose. Keli\u0173 plo\u010di\u0173 rankenos leid\u017eia pasirinkti patogiausi\u0105 su\u0117mim\u0105, o standartiniai svori\u0173 laikikliai suteikia galimyb\u0119 krauti papildomus diskus. Tvirta, stabili konstrukcija sukurta maksimaliam na\u0161umui \u2013 treniruot\u0117ms, kuri\u0173 tikslas ai\u0161kus: j\u0117ga ir [&hellip;]<\/p>\n","protected":false},"featured_media":9012,"template":"","meta":{"_acf_changed":false},"product_brand":[817],"product_cat":[407],"product_tag":[415],"class_list":{"0":"post-9698","1":"product","2":"type-product","3":"status-publish","4":"has-post-thumbnail","6":"product_brand-gym-factory-lt","7":"product_cat-kita-sporto-iranga","8":"product_tag-spalva-tik-metaline","10":"first","11":"onbackorder","12":"taxable","13":"shipping-taxable","14":"purchasable","15":"product-type-simple"},"acf":[],"yoast_head":"<!-- This site is optimized with the Yoast SEO plugin v25.2 - https:\/\/yoast.com\/wordpress\/plugins\/seo\/ -->\n<title>Z06 Log Bar | Sporto sal\u0117s \u012franga j\u0117gos pratimams<\/title>\n<meta name=\"description\" content=\"&quot;Z06 Log Bar&quot; yra sporto sal\u0117s \u012franga, skirta j\u0117gos pratimams, u\u017etikrinanti saug\u0173 sukibim\u0105 ir tvirt\u0105 plienin\u0119 konstrukcij\u0105, kuri suteikia galios ir na\u0161umo.\" \/>\n<meta name=\"robots\" content=\"index, follow, max-snippet:-1, max-image-preview:large, max-video-preview:-1\" \/>\n<link rel=\"canonical\" href=\"https:\/\/gymfactory.eu\/lt\/produktas\/z06-rastu-juosta\/\" \/>\n<meta property=\"og:locale\" content=\"lt_LT\" \/>\n<meta property=\"og:type\" content=\"article\" \/>\n<meta property=\"og:title\" content=\"Z06 Log Bar | Sporto sal\u0117s \u012franga j\u0117gos pratimams\" \/>\n<meta property=\"og:description\" content=\"&quot;Z06 Log Bar&quot; yra sporto sal\u0117s \u012franga, skirta j\u0117gos pratimams, u\u017etikrinanti saug\u0173 sukibim\u0105 ir tvirt\u0105 plienin\u0119 konstrukcij\u0105, kuri suteikia galios ir na\u0161umo.\" \/>\n<meta property=\"og:url\" content=\"https:\/\/gymfactory.eu\/lt\/produktas\/z06-rastu-juosta\/\" \/>\n<meta property=\"og:site_name\" content=\"Gym Factory\" \/>\n<meta property=\"article:modified_time\" content=\"2025-12-08T13:17:00+00:00\" \/>\n<meta property=\"og:image\" content=\"https:\/\/gymfactory.eu\/wp-content\/uploads\/2025\/04\/Z06-Log-Bar.webp\" \/>\n\t<meta property=\"og:image:width\" content=\"1500\" \/>\n\t<meta property=\"og:image:height\" content=\"1500\" \/>\n\t<meta property=\"og:image:type\" content=\"image\/webp\" \/>\n<meta name=\"twitter:card\" content=\"summary_large_image\" \/>\n<meta name=\"twitter:label1\" content=\"Est. reading time\" \/>\n\t<meta name=\"twitter:data1\" content=\"1 minut\u0117\" \/>\n<script type=\"application\/ld+json\" class=\"yoast-schema-graph\">{\"@context\":\"https:\/\/schema.org\",\"@graph\":[{\"@type\":\"WebPage\",\"@id\":\"https:\/\/gymfactory.eu\/lt\/produktas\/z06-rastu-juosta\/\",\"url\":\"https:\/\/gymfactory.eu\/lt\/produktas\/z06-rastu-juosta\/\",\"name\":\"Z06 Log Bar | Sporto sal\u0117s \u012franga j\u0117gos pratimams\",\"isPartOf\":{\"@id\":\"https:\/\/gymfactory.eu\/lt\/#website\"},\"primaryImageOfPage\":{\"@id\":\"https:\/\/gymfactory.eu\/lt\/produktas\/z06-rastu-juosta\/#primaryimage\"},\"image\":{\"@id\":\"https:\/\/gymfactory.eu\/lt\/produktas\/z06-rastu-juosta\/#primaryimage\"},\"thumbnailUrl\":\"https:\/\/gymfactory.eu\/wp-content\/uploads\/2025\/04\/Z06-Log-Bar.webp\",\"datePublished\":\"2025-04-25T08:58:18+00:00\",\"dateModified\":\"2025-12-08T13:17:00+00:00\",\"description\":\"\\\"Z06 Log Bar\\\" yra sporto sal\u0117s \u012franga, skirta j\u0117gos pratimams, u\u017etikrinanti saug\u0173 sukibim\u0105 ir tvirt\u0105 plienin\u0119 konstrukcij\u0105, kuri suteikia galios ir na\u0161umo.\",\"breadcrumb\":{\"@id\":\"https:\/\/gymfactory.eu\/lt\/produktas\/z06-rastu-juosta\/#breadcrumb\"},\"inLanguage\":\"lt-LT\",\"potentialAction\":[{\"@type\":\"ReadAction\",\"target\":[\"https:\/\/gymfactory.eu\/lt\/produktas\/z06-rastu-juosta\/\"]}]},{\"@type\":\"ImageObject\",\"inLanguage\":\"lt-LT\",\"@id\":\"https:\/\/gymfactory.eu\/lt\/produktas\/z06-rastu-juosta\/#primaryimage\",\"url\":\"https:\/\/gymfactory.eu\/wp-content\/uploads\/2025\/04\/Z06-Log-Bar.webp\",\"contentUrl\":\"https:\/\/gymfactory.eu\/wp-content\/uploads\/2025\/04\/Z06-Log-Bar.webp\",\"width\":1500,\"height\":1500,\"caption\":\"\\\"Z06 Log Bar\\\" - tai sunkus sporto \u012frenginys, skirtas j\u0117gos pratimams, su neutraliomis rankenomis, kurios pagerina j\u0117gos trikov\u0117s ir funkcinius rezultatus.\"},{\"@type\":\"BreadcrumbList\",\"@id\":\"https:\/\/gymfactory.eu\/lt\/produktas\/z06-rastu-juosta\/#breadcrumb\",\"itemListElement\":[{\"@type\":\"ListItem\",\"position\":1,\"name\":\"Pagrindinis\",\"item\":\"https:\/\/gymfactory.eu\/lt\/\"},{\"@type\":\"ListItem\",\"position\":2,\"name\":\"Katalogas\",\"item\":\"https:\/\/gymfactory.eu\/lt\/katalogas\/\"},{\"@type\":\"ListItem\",\"position\":3,\"name\":\"Z06 Gali\u016bno r\u0105stas\"}]},{\"@type\":\"WebSite\",\"@id\":\"https:\/\/gymfactory.eu\/lt\/#website\",\"url\":\"https:\/\/gymfactory.eu\/lt\/\",\"name\":\"Gym Factory\",\"description\":\"\",\"publisher\":{\"@id\":\"https:\/\/gymfactory.eu\/lt\/#organization\"},\"potentialAction\":[{\"@type\":\"SearchAction\",\"target\":{\"@type\":\"EntryPoint\",\"urlTemplate\":\"https:\/\/gymfactory.eu\/lt\/?s={search_term_string}\"},\"query-input\":{\"@type\":\"PropertyValueSpecification\",\"valueRequired\":true,\"valueName\":\"search_term_string\"}}],\"inLanguage\":\"lt-LT\"},{\"@type\":\"Organization\",\"@id\":\"https:\/\/gymfactory.eu\/lt\/#organization\",\"name\":\"Sporto sal\u0117s gamykla\",\"url\":\"https:\/\/gymfactory.eu\/lt\/\",\"logo\":{\"@type\":\"ImageObject\",\"inLanguage\":\"lt-LT\",\"@id\":\"https:\/\/gymfactory.eu\/lt\/#\/schema\/logo\/image\/\",\"url\":\"https:\/\/gymfactory.eu\/wp-content\/uploads\/2024\/11\/Component-1.svg\",\"contentUrl\":\"https:\/\/gymfactory.eu\/wp-content\/uploads\/2024\/11\/Component-1.svg\",\"width\":54,\"height\":44,\"caption\":\"Sporto sal\u0117s gamykla\"},\"image\":{\"@id\":\"https:\/\/gymfactory.eu\/lt\/#\/schema\/logo\/image\/\"}}]}<\/script>\n<!-- \/ Yoast SEO plugin. -->","yoast_head_json":{"title":"Z06 Log Bar | Sporto sal\u0117s \u012franga j\u0117gos pratimams","description":"\"Z06 Log Bar\" yra sporto sal\u0117s \u012franga, skirta j\u0117gos pratimams, u\u017etikrinanti saug\u0173 sukibim\u0105 ir tvirt\u0105 plienin\u0119 konstrukcij\u0105, kuri suteikia galios ir na\u0161umo.","robots":{"index":"index","follow":"follow","max-snippet":"max-snippet:-1","max-image-preview":"max-image-preview:large","max-video-preview":"max-video-preview:-1"},"canonical":"https:\/\/gymfactory.eu\/lt\/produktas\/z06-rastu-juosta\/","og_locale":"lt_LT","og_type":"article","og_title":"Z06 Log Bar | Sporto sal\u0117s \u012franga j\u0117gos pratimams","og_description":"\"Z06 Log Bar\" yra sporto sal\u0117s \u012franga, skirta j\u0117gos pratimams, u\u017etikrinanti saug\u0173 sukibim\u0105 ir tvirt\u0105 plienin\u0119 konstrukcij\u0105, kuri suteikia galios ir na\u0161umo.","og_url":"https:\/\/gymfactory.eu\/lt\/produktas\/z06-rastu-juosta\/","og_site_name":"Gym Factory","article_modified_time":"2025-12-08T13:17:00+00:00","og_image":[{"width":1500,"height":1500,"url":"https:\/\/gymfactory.eu\/wp-content\/uploads\/2025\/04\/Z06-Log-Bar.webp","type":"image\/webp"}],"twitter_card":"summary_large_image","twitter_misc":{"Est. reading time":"1 minut\u0117"},"schema":{"@context":"https:\/\/schema.org","@graph":[{"@type":"WebPage","@id":"https:\/\/gymfactory.eu\/lt\/produktas\/z06-rastu-juosta\/","url":"https:\/\/gymfactory.eu\/lt\/produktas\/z06-rastu-juosta\/","name":"Z06 Log Bar | Sporto sal\u0117s \u012franga j\u0117gos pratimams","isPartOf":{"@id":"https:\/\/gymfactory.eu\/lt\/#website"},"primaryImageOfPage":{"@id":"https:\/\/gymfactory.eu\/lt\/produktas\/z06-rastu-juosta\/#primaryimage"},"image":{"@id":"https:\/\/gymfactory.eu\/lt\/produktas\/z06-rastu-juosta\/#primaryimage"},"thumbnailUrl":"https:\/\/gymfactory.eu\/wp-content\/uploads\/2025\/04\/Z06-Log-Bar.webp","datePublished":"2025-04-25T08:58:18+00:00","dateModified":"2025-12-08T13:17:00+00:00","description":"\"Z06 Log Bar\" yra sporto sal\u0117s \u012franga, skirta j\u0117gos pratimams, u\u017etikrinanti saug\u0173 sukibim\u0105 ir tvirt\u0105 plienin\u0119 konstrukcij\u0105, kuri suteikia galios ir na\u0161umo.","breadcrumb":{"@id":"https:\/\/gymfactory.eu\/lt\/produktas\/z06-rastu-juosta\/#breadcrumb"},"inLanguage":"lt-LT","potentialAction":[{"@type":"ReadAction","target":["https:\/\/gymfactory.eu\/lt\/produktas\/z06-rastu-juosta\/"]}]},{"@type":"ImageObject","inLanguage":"lt-LT","@id":"https:\/\/gymfactory.eu\/lt\/produktas\/z06-rastu-juosta\/#primaryimage","url":"https:\/\/gymfactory.eu\/wp-content\/uploads\/2025\/04\/Z06-Log-Bar.webp","contentUrl":"https:\/\/gymfactory.eu\/wp-content\/uploads\/2025\/04\/Z06-Log-Bar.webp","width":1500,"height":1500,"caption":"\"Z06 Log Bar\" - tai sunkus sporto \u012frenginys, skirtas j\u0117gos pratimams, su neutraliomis rankenomis, kurios pagerina j\u0117gos trikov\u0117s ir funkcinius rezultatus."},{"@type":"BreadcrumbList","@id":"https:\/\/gymfactory.eu\/lt\/produktas\/z06-rastu-juosta\/#breadcrumb","itemListElement":[{"@type":"ListItem","position":1,"name":"Pagrindinis","item":"https:\/\/gymfactory.eu\/lt\/"},{"@type":"ListItem","position":2,"name":"Katalogas","item":"https:\/\/gymfactory.eu\/lt\/katalogas\/"},{"@type":"ListItem","position":3,"name":"Z06 Gali\u016bno r\u0105stas"}]},{"@type":"WebSite","@id":"https:\/\/gymfactory.eu\/lt\/#website","url":"https:\/\/gymfactory.eu\/lt\/","name":"Gym Factory","description":"","publisher":{"@id":"https:\/\/gymfactory.eu\/lt\/#organization"},"potentialAction":[{"@type":"SearchAction","target":{"@type":"EntryPoint","urlTemplate":"https:\/\/gymfactory.eu\/lt\/?s={search_term_string}"},"query-input":{"@type":"PropertyValueSpecification","valueRequired":true,"valueName":"search_term_string"}}],"inLanguage":"lt-LT"},{"@type":"Organization","@id":"https:\/\/gymfactory.eu\/lt\/#organization","name":"Sporto sal\u0117s gamykla","url":"https:\/\/gymfactory.eu\/lt\/","logo":{"@type":"ImageObject","inLanguage":"lt-LT","@id":"https:\/\/gymfactory.eu\/lt\/#\/schema\/logo\/image\/","url":"https:\/\/gymfactory.eu\/wp-content\/uploads\/2024\/11\/Component-1.svg","contentUrl":"https:\/\/gymfactory.eu\/wp-content\/uploads\/2024\/11\/Component-1.svg","width":54,"height":44,"caption":"Sporto sal\u0117s gamykla"},"image":{"@id":"https:\/\/gymfactory.eu\/lt\/#\/schema\/logo\/image\/"}}]}},"_links":{"self":[{"href":"https:\/\/gymfactory.eu\/lt\/wp-json\/wp\/v2\/product\/9698","targetHints":{"allow":["GET"]}}],"collection":[{"href":"https:\/\/gymfactory.eu\/lt\/wp-json\/wp\/v2\/product"}],"about":[{"href":"https:\/\/gymfactory.eu\/lt\/wp-json\/wp\/v2\/types\/product"}],"wp:featuredmedia":[{"embeddable":true,"href":"https:\/\/gymfactory.eu\/lt\/wp-json\/wp\/v2\/media\/9012"}],"wp:attachment":[{"href":"https:\/\/gymfactory.eu\/lt\/wp-json\/wp\/v2\/media?parent=9698"}],"wp:term":[{"taxonomy":"product_brand","embeddable":true,"href":"https:\/\/gymfactory.eu\/lt\/wp-json\/wp\/v2\/product_brand?post=9698"},{"taxonomy":"product_cat","embeddable":true,"href":"https:\/\/gymfactory.eu\/lt\/wp-json\/wp\/v2\/product_cat?post=9698"},{"taxonomy":"product_tag","embeddable":true,"href":"https:\/\/gymfactory.eu\/lt\/wp-json\/wp\/v2\/product_tag?post=9698"}],"curies":[{"name":"wp","href":"https:\/\/api.w.org\/{rel}","templated":true}]}}