{"id":9694,"date":"2025-04-23T17:47:33","date_gmt":"2025-04-23T14:47:33","guid":{"rendered":"https:\/\/gymfactory.eu\/product\/b10-kelimo-platforma\/"},"modified":"2025-12-05T13:25:23","modified_gmt":"2025-12-05T11:25:23","slug":"b10-kelimo-platforma","status":"publish","type":"product","link":"https:\/\/gymfactory.eu\/lt\/produktas\/b10-kelimo-platforma\/","title":{"rendered":"B10 Platforma &#8211; stovas"},"content":{"rendered":"<p>B10 platforma, stovas \u2013 tai stabili, paauk\u0161tinta platforma, skirta kontroliuojamiems \u0161tangos pratimams nam\u0173 ar profesionalioje j\u0117gos treniruo\u010di\u0173 erdv\u0117je. Patikimas sprendimas j\u0117gos lavinimui, ypa\u010d traukos ir klubo lenkimo tipo judesiams.<\/p>\n<p>Platformoje integruoti keli \u017eemo auk\u0161\u010dio \u0161tangos laikikliai, leid\u017eiantys prad\u0117ti pratimus nuo pad\u0117ties \u017eemiau keli\u0173. Tvirta, pakelta danga leid\u017eia \u017eemiau nuleisti \u0161tang\u0105, i\u0161laikant pusiausvyr\u0105 ir taisykling\u0105 k\u016bno pad\u0117t\u012f. Ypa\u010d tinkama tokiai pratim\u0173 grupei kaip nusilenkimai su \u0161tanga, rom\u0117ni\u0161ka &#8222;mirties trauka&#8221; ar klasikin\u0117 &#8222;mirties trauka&#8221;.<\/p>\n<p>B10 K\u0117limo platforma \u2013 prakti\u0161kas pasirinkimas, norint \u012f treniruotes \u012ftraukti tiksling\u0105 traukos darb\u0105 ir judesi\u0173 kontrol\u0119 treniruojantis su laisvaisiais svoriais.<\/p>\n<p>Norint pilnai i\u0161naudoti platformos galimybes, rekomenduojame prid\u0117ti suderinam\u0105 \u0161tang\u0105 \u2013 pavyzd\u017eiui, <a href=\"https:\/\/gymfactory.eu\/lt\/produktas\/z03g1-olimpine-stanga\/\" target=\"_blank\" rel=\"noopener\">Z03G1 olimpin\u012f grif\u0105<\/a> arba <a href=\"https:\/\/gymfactory.eu\/lt\/produktas\/z03g-olimpine-stanga\/\" target=\"_blank\" rel=\"noopener\">Z03G olimpin\u012f grif\u0105<\/a>.<\/p>\n\n    <div class=\"xs_social_share_widget xs_share_url after_content \t\tmain_content  wslu-style-1 wslu-share-box-shaped wslu-fill-colored wslu-none wslu-share-horizontal wslu-theme-font-no wslu-main_content\">\n\n\t\t\n        <ul>\n\t\t\t        <\/ul>\n    <\/div> \n","protected":false},"excerpt":{"rendered":"<p>B10 platforma, stovas \u2013 tai stabili, paauk\u0161tinta platforma, skirta kontroliuojamiems \u0161tangos pratimams nam\u0173 ar profesionalioje j\u0117gos treniruo\u010di\u0173 erdv\u0117je. Patikimas sprendimas j\u0117gos lavinimui, ypa\u010d traukos ir klubo lenkimo tipo judesiams. Platformoje integruoti keli \u017eemo auk\u0161\u010dio \u0161tangos laikikliai, leid\u017eiantys prad\u0117ti pratimus nuo pad\u0117ties \u017eemiau keli\u0173. Tvirta, pakelta danga leid\u017eia \u017eemiau nuleisti \u0161tang\u0105, i\u0161laikant pusiausvyr\u0105 ir taisykling\u0105 k\u016bno [&hellip;]<\/p>\n","protected":false},"featured_media":9121,"template":"","meta":{"_acf_changed":false},"product_brand":[817],"product_cat":[435],"product_tag":[415],"class_list":{"0":"post-9694","1":"product","2":"type-product","3":"status-publish","4":"has-post-thumbnail","6":"product_brand-gym-factory-lt","7":"product_cat-stovai","8":"product_tag-spalva-tik-metaline","10":"first","11":"onbackorder","12":"taxable","13":"shipping-taxable","14":"purchasable","15":"product-type-variable","16":"has-default-attributes"},"acf":[],"yoast_head":"<!-- This site is optimized with the Yoast SEO plugin v25.2 - https:\/\/yoast.com\/wordpress\/plugins\/seo\/ -->\n<title>B10 k\u0117limo platforma - pagrindin\u0117 j\u0117gos treniruo\u010di\u0173 \u012franga<\/title>\n<meta name=\"description\" content=\"B10 k\u0117limo platforma yra puiki sporto sal\u0117s \u012franga j\u0117gos treniruot\u0117ms, padedanti siekti fitneso tiksl\u0173 ir didinti rezultatus.\" \/>\n<meta name=\"robots\" content=\"index, follow, max-snippet:-1, max-image-preview:large, max-video-preview:-1\" \/>\n<link rel=\"canonical\" href=\"https:\/\/gymfactory.eu\/lt\/produktas\/b10-kelimo-platforma\/\" \/>\n<meta property=\"og:locale\" content=\"lt_LT\" \/>\n<meta property=\"og:type\" content=\"article\" \/>\n<meta property=\"og:title\" content=\"B10 k\u0117limo platforma - pagrindin\u0117 j\u0117gos treniruo\u010di\u0173 \u012franga\" \/>\n<meta property=\"og:description\" content=\"B10 k\u0117limo platforma yra puiki sporto sal\u0117s \u012franga j\u0117gos treniruot\u0117ms, padedanti siekti fitneso tiksl\u0173 ir didinti rezultatus.\" \/>\n<meta property=\"og:url\" content=\"https:\/\/gymfactory.eu\/lt\/produktas\/b10-kelimo-platforma\/\" \/>\n<meta property=\"og:site_name\" content=\"Gym Factory\" \/>\n<meta property=\"article:modified_time\" content=\"2025-12-05T11:25:23+00:00\" \/>\n<meta property=\"og:image\" content=\"https:\/\/gymfactory.eu\/wp-content\/uploads\/2025\/04\/B10-Lifting-Platform-1-1.webp\" \/>\n\t<meta property=\"og:image:width\" content=\"1500\" \/>\n\t<meta property=\"og:image:height\" content=\"1500\" \/>\n\t<meta property=\"og:image:type\" content=\"image\/webp\" \/>\n<meta name=\"twitter:card\" content=\"summary_large_image\" \/>\n<meta name=\"twitter:label1\" content=\"Est. reading time\" \/>\n\t<meta name=\"twitter:data1\" content=\"1 minut\u0117\" \/>\n<script type=\"application\/ld+json\" class=\"yoast-schema-graph\">{\"@context\":\"https:\/\/schema.org\",\"@graph\":[{\"@type\":\"WebPage\",\"@id\":\"https:\/\/gymfactory.eu\/lt\/produktas\/b10-kelimo-platforma\/\",\"url\":\"https:\/\/gymfactory.eu\/lt\/produktas\/b10-kelimo-platforma\/\",\"name\":\"B10 k\u0117limo platforma - pagrindin\u0117 j\u0117gos treniruo\u010di\u0173 \u012franga\",\"isPartOf\":{\"@id\":\"https:\/\/gymfactory.eu\/lt\/#website\"},\"primaryImageOfPage\":{\"@id\":\"https:\/\/gymfactory.eu\/lt\/produktas\/b10-kelimo-platforma\/#primaryimage\"},\"image\":{\"@id\":\"https:\/\/gymfactory.eu\/lt\/produktas\/b10-kelimo-platforma\/#primaryimage\"},\"thumbnailUrl\":\"https:\/\/gymfactory.eu\/wp-content\/uploads\/2025\/04\/B10-Lifting-Platform-1-1.webp\",\"datePublished\":\"2025-04-23T14:47:33+00:00\",\"dateModified\":\"2025-12-05T11:25:23+00:00\",\"description\":\"B10 k\u0117limo platforma yra puiki sporto sal\u0117s \u012franga j\u0117gos treniruot\u0117ms, padedanti siekti fitneso tiksl\u0173 ir didinti rezultatus.\",\"breadcrumb\":{\"@id\":\"https:\/\/gymfactory.eu\/lt\/produktas\/b10-kelimo-platforma\/#breadcrumb\"},\"inLanguage\":\"lt-LT\",\"potentialAction\":[{\"@type\":\"ReadAction\",\"target\":[\"https:\/\/gymfactory.eu\/lt\/produktas\/b10-kelimo-platforma\/\"]}]},{\"@type\":\"ImageObject\",\"inLanguage\":\"lt-LT\",\"@id\":\"https:\/\/gymfactory.eu\/lt\/produktas\/b10-kelimo-platforma\/#primaryimage\",\"url\":\"https:\/\/gymfactory.eu\/wp-content\/uploads\/2025\/04\/B10-Lifting-Platform-1-1.webp\",\"contentUrl\":\"https:\/\/gymfactory.eu\/wp-content\/uploads\/2025\/04\/B10-Lifting-Platform-1-1.webp\",\"width\":1500,\"height\":1500,\"caption\":\"B10 k\u0117limo platforma yra patvari sporto sal\u0117s \u012franga, skirta j\u0117gos treniruot\u0117ms, su tvirtu k\u0117limo pavir\u0161iumi ir integruotais \u0161tang\u0173 laikikliais intensyviems svori\u0173 kilnojimo u\u017esi\u0117mimams.\"},{\"@type\":\"BreadcrumbList\",\"@id\":\"https:\/\/gymfactory.eu\/lt\/produktas\/b10-kelimo-platforma\/#breadcrumb\",\"itemListElement\":[{\"@type\":\"ListItem\",\"position\":1,\"name\":\"Pagrindinis\",\"item\":\"https:\/\/gymfactory.eu\/lt\/\"},{\"@type\":\"ListItem\",\"position\":2,\"name\":\"Katalogas\",\"item\":\"https:\/\/gymfactory.eu\/lt\/katalogas\/\"},{\"@type\":\"ListItem\",\"position\":3,\"name\":\"B10 Platforma &#8211; stovas\"}]},{\"@type\":\"WebSite\",\"@id\":\"https:\/\/gymfactory.eu\/lt\/#website\",\"url\":\"https:\/\/gymfactory.eu\/lt\/\",\"name\":\"Gym Factory\",\"description\":\"\",\"publisher\":{\"@id\":\"https:\/\/gymfactory.eu\/lt\/#organization\"},\"potentialAction\":[{\"@type\":\"SearchAction\",\"target\":{\"@type\":\"EntryPoint\",\"urlTemplate\":\"https:\/\/gymfactory.eu\/lt\/?s={search_term_string}\"},\"query-input\":{\"@type\":\"PropertyValueSpecification\",\"valueRequired\":true,\"valueName\":\"search_term_string\"}}],\"inLanguage\":\"lt-LT\"},{\"@type\":\"Organization\",\"@id\":\"https:\/\/gymfactory.eu\/lt\/#organization\",\"name\":\"Sporto sal\u0117s gamykla\",\"url\":\"https:\/\/gymfactory.eu\/lt\/\",\"logo\":{\"@type\":\"ImageObject\",\"inLanguage\":\"lt-LT\",\"@id\":\"https:\/\/gymfactory.eu\/lt\/#\/schema\/logo\/image\/\",\"url\":\"https:\/\/gymfactory.eu\/wp-content\/uploads\/2024\/11\/Component-1.svg\",\"contentUrl\":\"https:\/\/gymfactory.eu\/wp-content\/uploads\/2024\/11\/Component-1.svg\",\"width\":54,\"height\":44,\"caption\":\"Sporto sal\u0117s gamykla\"},\"image\":{\"@id\":\"https:\/\/gymfactory.eu\/lt\/#\/schema\/logo\/image\/\"}}]}<\/script>\n<!-- \/ Yoast SEO plugin. -->","yoast_head_json":{"title":"B10 k\u0117limo platforma - pagrindin\u0117 j\u0117gos treniruo\u010di\u0173 \u012franga","description":"B10 k\u0117limo platforma yra puiki sporto sal\u0117s \u012franga j\u0117gos treniruot\u0117ms, padedanti siekti fitneso tiksl\u0173 ir didinti rezultatus.","robots":{"index":"index","follow":"follow","max-snippet":"max-snippet:-1","max-image-preview":"max-image-preview:large","max-video-preview":"max-video-preview:-1"},"canonical":"https:\/\/gymfactory.eu\/lt\/produktas\/b10-kelimo-platforma\/","og_locale":"lt_LT","og_type":"article","og_title":"B10 k\u0117limo platforma - pagrindin\u0117 j\u0117gos treniruo\u010di\u0173 \u012franga","og_description":"B10 k\u0117limo platforma yra puiki sporto sal\u0117s \u012franga j\u0117gos treniruot\u0117ms, padedanti siekti fitneso tiksl\u0173 ir didinti rezultatus.","og_url":"https:\/\/gymfactory.eu\/lt\/produktas\/b10-kelimo-platforma\/","og_site_name":"Gym Factory","article_modified_time":"2025-12-05T11:25:23+00:00","og_image":[{"width":1500,"height":1500,"url":"https:\/\/gymfactory.eu\/wp-content\/uploads\/2025\/04\/B10-Lifting-Platform-1-1.webp","type":"image\/webp"}],"twitter_card":"summary_large_image","twitter_misc":{"Est. reading time":"1 minut\u0117"},"schema":{"@context":"https:\/\/schema.org","@graph":[{"@type":"WebPage","@id":"https:\/\/gymfactory.eu\/lt\/produktas\/b10-kelimo-platforma\/","url":"https:\/\/gymfactory.eu\/lt\/produktas\/b10-kelimo-platforma\/","name":"B10 k\u0117limo platforma - pagrindin\u0117 j\u0117gos treniruo\u010di\u0173 \u012franga","isPartOf":{"@id":"https:\/\/gymfactory.eu\/lt\/#website"},"primaryImageOfPage":{"@id":"https:\/\/gymfactory.eu\/lt\/produktas\/b10-kelimo-platforma\/#primaryimage"},"image":{"@id":"https:\/\/gymfactory.eu\/lt\/produktas\/b10-kelimo-platforma\/#primaryimage"},"thumbnailUrl":"https:\/\/gymfactory.eu\/wp-content\/uploads\/2025\/04\/B10-Lifting-Platform-1-1.webp","datePublished":"2025-04-23T14:47:33+00:00","dateModified":"2025-12-05T11:25:23+00:00","description":"B10 k\u0117limo platforma yra puiki sporto sal\u0117s \u012franga j\u0117gos treniruot\u0117ms, padedanti siekti fitneso tiksl\u0173 ir didinti rezultatus.","breadcrumb":{"@id":"https:\/\/gymfactory.eu\/lt\/produktas\/b10-kelimo-platforma\/#breadcrumb"},"inLanguage":"lt-LT","potentialAction":[{"@type":"ReadAction","target":["https:\/\/gymfactory.eu\/lt\/produktas\/b10-kelimo-platforma\/"]}]},{"@type":"ImageObject","inLanguage":"lt-LT","@id":"https:\/\/gymfactory.eu\/lt\/produktas\/b10-kelimo-platforma\/#primaryimage","url":"https:\/\/gymfactory.eu\/wp-content\/uploads\/2025\/04\/B10-Lifting-Platform-1-1.webp","contentUrl":"https:\/\/gymfactory.eu\/wp-content\/uploads\/2025\/04\/B10-Lifting-Platform-1-1.webp","width":1500,"height":1500,"caption":"B10 k\u0117limo platforma yra patvari sporto sal\u0117s \u012franga, skirta j\u0117gos treniruot\u0117ms, su tvirtu k\u0117limo pavir\u0161iumi ir integruotais \u0161tang\u0173 laikikliais intensyviems svori\u0173 kilnojimo u\u017esi\u0117mimams."},{"@type":"BreadcrumbList","@id":"https:\/\/gymfactory.eu\/lt\/produktas\/b10-kelimo-platforma\/#breadcrumb","itemListElement":[{"@type":"ListItem","position":1,"name":"Pagrindinis","item":"https:\/\/gymfactory.eu\/lt\/"},{"@type":"ListItem","position":2,"name":"Katalogas","item":"https:\/\/gymfactory.eu\/lt\/katalogas\/"},{"@type":"ListItem","position":3,"name":"B10 Platforma &#8211; stovas"}]},{"@type":"WebSite","@id":"https:\/\/gymfactory.eu\/lt\/#website","url":"https:\/\/gymfactory.eu\/lt\/","name":"Gym Factory","description":"","publisher":{"@id":"https:\/\/gymfactory.eu\/lt\/#organization"},"potentialAction":[{"@type":"SearchAction","target":{"@type":"EntryPoint","urlTemplate":"https:\/\/gymfactory.eu\/lt\/?s={search_term_string}"},"query-input":{"@type":"PropertyValueSpecification","valueRequired":true,"valueName":"search_term_string"}}],"inLanguage":"lt-LT"},{"@type":"Organization","@id":"https:\/\/gymfactory.eu\/lt\/#organization","name":"Sporto sal\u0117s gamykla","url":"https:\/\/gymfactory.eu\/lt\/","logo":{"@type":"ImageObject","inLanguage":"lt-LT","@id":"https:\/\/gymfactory.eu\/lt\/#\/schema\/logo\/image\/","url":"https:\/\/gymfactory.eu\/wp-content\/uploads\/2024\/11\/Component-1.svg","contentUrl":"https:\/\/gymfactory.eu\/wp-content\/uploads\/2024\/11\/Component-1.svg","width":54,"height":44,"caption":"Sporto sal\u0117s gamykla"},"image":{"@id":"https:\/\/gymfactory.eu\/lt\/#\/schema\/logo\/image\/"}}]}},"_links":{"self":[{"href":"https:\/\/gymfactory.eu\/lt\/wp-json\/wp\/v2\/product\/9694","targetHints":{"allow":["GET"]}}],"collection":[{"href":"https:\/\/gymfactory.eu\/lt\/wp-json\/wp\/v2\/product"}],"about":[{"href":"https:\/\/gymfactory.eu\/lt\/wp-json\/wp\/v2\/types\/product"}],"wp:featuredmedia":[{"embeddable":true,"href":"https:\/\/gymfactory.eu\/lt\/wp-json\/wp\/v2\/media\/9121"}],"wp:attachment":[{"href":"https:\/\/gymfactory.eu\/lt\/wp-json\/wp\/v2\/media?parent=9694"}],"wp:term":[{"taxonomy":"product_brand","embeddable":true,"href":"https:\/\/gymfactory.eu\/lt\/wp-json\/wp\/v2\/product_brand?post=9694"},{"taxonomy":"product_cat","embeddable":true,"href":"https:\/\/gymfactory.eu\/lt\/wp-json\/wp\/v2\/product_cat?post=9694"},{"taxonomy":"product_tag","embeddable":true,"href":"https:\/\/gymfactory.eu\/lt\/wp-json\/wp\/v2\/product_tag?post=9694"}],"curies":[{"name":"wp","href":"https:\/\/api.w.org\/{rel}","templated":true}]}}