{"id":9692,"date":"2025-04-25T12:46:17","date_gmt":"2025-04-25T09:46:17","guid":{"rendered":"https:\/\/gymfactory.eu\/product\/z12-pull-up-bar\/"},"modified":"2025-12-08T15:22:23","modified_gmt":"2025-12-08T13:22:23","slug":"z12-pull-up-bar","status":"publish","type":"product","link":"https:\/\/gymfactory.eu\/lt\/produktas\/z12-pull-up-bar\/","title":{"rendered":"Z12 Sieninis skersinis"},"content":{"rendered":"<p>Z12 sieninis skersinis \u2013 prie sienos tvirtinamas \u012frenginys, skirtas j\u0117gos treniruot\u0117ms ir vir\u0161utin\u0117s k\u016bno dalies stiprinimui. Tinka prisitraukimams, pak\u0117limams ir kitiems pratimams su k\u016bno svoriu \u2013 kasdien\u0117ms treniruot\u0117ms namuose ar sporto sal\u0117je.<\/p>\n<p>Tvirtas montavimas u\u017etikrina stabilum\u0105 ir patikimum\u0105 bet kokioje aplinkoje. Z12 skersinis \u2013 prakti\u0161kas pasirinkimas norintiems \u012fsirengti bazin\u0119 vir\u0161utin\u0117s k\u016bno dalies treniruo\u010di\u0173 stotel\u0119 nam\u0173 ar komercin\u0117je sporto erdv\u0117je.<\/p>\n\n    <div class=\"xs_social_share_widget xs_share_url after_content \t\tmain_content  wslu-style-1 wslu-share-box-shaped wslu-fill-colored wslu-none wslu-share-horizontal wslu-theme-font-no wslu-main_content\">\n\n\t\t\n        <ul>\n\t\t\t        <\/ul>\n    <\/div> \n","protected":false},"excerpt":{"rendered":"<p>Z12 sieninis skersinis \u2013 prie sienos tvirtinamas \u012frenginys, skirtas j\u0117gos treniruot\u0117ms ir vir\u0161utin\u0117s k\u016bno dalies stiprinimui. Tinka prisitraukimams, pak\u0117limams ir kitiems pratimams su k\u016bno svoriu \u2013 kasdien\u0117ms treniruot\u0117ms namuose ar sporto sal\u0117je. Tvirtas montavimas u\u017etikrina stabilum\u0105 ir patikimum\u0105 bet kokioje aplinkoje. Z12 skersinis \u2013 prakti\u0161kas pasirinkimas norintiems \u012fsirengti bazin\u0119 vir\u0161utin\u0117s k\u016bno dalies treniruo\u010di\u0173 stotel\u0119 nam\u0173 [&hellip;]<\/p>\n","protected":false},"featured_media":9013,"template":"","meta":{"_acf_changed":false},"product_brand":[817],"product_cat":[407],"product_tag":[415],"class_list":{"0":"post-9692","1":"product","2":"type-product","3":"status-publish","4":"has-post-thumbnail","6":"product_brand-gym-factory-lt","7":"product_cat-kita-sporto-iranga","8":"product_tag-spalva-tik-metaline","10":"first","11":"onbackorder","12":"taxable","13":"shipping-taxable","14":"purchasable","15":"product-type-variable","16":"has-default-attributes"},"acf":[],"yoast_head":"<!-- This site is optimized with the Yoast SEO plugin v25.2 - https:\/\/yoast.com\/wordpress\/plugins\/seo\/ -->\n<title>Z12 Pull-Up Bar | Gera nam\u0173 ir komercin\u0117 treniruokli\u0173 sal\u0117s \u012franga<\/title>\n<meta name=\"description\" content=\"&quot;Z12 Pull-Up Bar&quot; yra gera nam\u0173 ir komercin\u0117 treniruokli\u0173 sal\u0117s \u012franga, idealiai tinkanti vir\u0161utin\u0117s k\u016bno dalies treniruot\u0117ms, prisitraukimo pratimams ir viso k\u016bno j\u0117gos treniruot\u0117ms.\" \/>\n<meta name=\"robots\" content=\"index, follow, max-snippet:-1, max-image-preview:large, max-video-preview:-1\" \/>\n<link rel=\"canonical\" href=\"https:\/\/gymfactory.eu\/lt\/produktas\/z12-pull-up-bar\/\" \/>\n<meta property=\"og:locale\" content=\"lt_LT\" \/>\n<meta property=\"og:type\" content=\"article\" \/>\n<meta property=\"og:title\" content=\"Z12 Pull-Up Bar | Gera nam\u0173 ir komercin\u0117 treniruokli\u0173 sal\u0117s \u012franga\" \/>\n<meta property=\"og:description\" content=\"&quot;Z12 Pull-Up Bar&quot; yra gera nam\u0173 ir komercin\u0117 treniruokli\u0173 sal\u0117s \u012franga, idealiai tinkanti vir\u0161utin\u0117s k\u016bno dalies treniruot\u0117ms, prisitraukimo pratimams ir viso k\u016bno j\u0117gos treniruot\u0117ms.\" \/>\n<meta property=\"og:url\" content=\"https:\/\/gymfactory.eu\/lt\/produktas\/z12-pull-up-bar\/\" \/>\n<meta property=\"og:site_name\" content=\"Gym Factory\" \/>\n<meta property=\"article:modified_time\" content=\"2025-12-08T13:22:23+00:00\" \/>\n<meta property=\"og:image\" content=\"https:\/\/gymfactory.eu\/wp-content\/uploads\/2025\/04\/Z12-Pull-Up-Bar.webp\" \/>\n\t<meta property=\"og:image:width\" content=\"1500\" \/>\n\t<meta property=\"og:image:height\" content=\"1500\" \/>\n\t<meta property=\"og:image:type\" content=\"image\/webp\" \/>\n<meta name=\"twitter:card\" content=\"summary_large_image\" \/>\n<meta name=\"twitter:label1\" content=\"Est. reading time\" \/>\n\t<meta name=\"twitter:data1\" content=\"1 minut\u0117\" \/>\n<script type=\"application\/ld+json\" class=\"yoast-schema-graph\">{\"@context\":\"https:\/\/schema.org\",\"@graph\":[{\"@type\":\"WebPage\",\"@id\":\"https:\/\/gymfactory.eu\/lt\/produktas\/z12-pull-up-bar\/\",\"url\":\"https:\/\/gymfactory.eu\/lt\/produktas\/z12-pull-up-bar\/\",\"name\":\"Z12 Pull-Up Bar | Gera nam\u0173 ir komercin\u0117 treniruokli\u0173 sal\u0117s \u012franga\",\"isPartOf\":{\"@id\":\"https:\/\/gymfactory.eu\/lt\/#website\"},\"primaryImageOfPage\":{\"@id\":\"https:\/\/gymfactory.eu\/lt\/produktas\/z12-pull-up-bar\/#primaryimage\"},\"image\":{\"@id\":\"https:\/\/gymfactory.eu\/lt\/produktas\/z12-pull-up-bar\/#primaryimage\"},\"thumbnailUrl\":\"https:\/\/gymfactory.eu\/wp-content\/uploads\/2025\/04\/Z12-Pull-Up-Bar.webp\",\"datePublished\":\"2025-04-25T09:46:17+00:00\",\"dateModified\":\"2025-12-08T13:22:23+00:00\",\"description\":\"\\\"Z12 Pull-Up Bar\\\" yra gera nam\u0173 ir komercin\u0117 treniruokli\u0173 sal\u0117s \u012franga, idealiai tinkanti vir\u0161utin\u0117s k\u016bno dalies treniruot\u0117ms, prisitraukimo pratimams ir viso k\u016bno j\u0117gos treniruot\u0117ms.\",\"breadcrumb\":{\"@id\":\"https:\/\/gymfactory.eu\/lt\/produktas\/z12-pull-up-bar\/#breadcrumb\"},\"inLanguage\":\"lt-LT\",\"potentialAction\":[{\"@type\":\"ReadAction\",\"target\":[\"https:\/\/gymfactory.eu\/lt\/produktas\/z12-pull-up-bar\/\"]}]},{\"@type\":\"ImageObject\",\"inLanguage\":\"lt-LT\",\"@id\":\"https:\/\/gymfactory.eu\/lt\/produktas\/z12-pull-up-bar\/#primaryimage\",\"url\":\"https:\/\/gymfactory.eu\/wp-content\/uploads\/2025\/04\/Z12-Pull-Up-Bar.webp\",\"contentUrl\":\"https:\/\/gymfactory.eu\/wp-content\/uploads\/2025\/04\/Z12-Pull-Up-Bar.webp\",\"width\":1500,\"height\":1500,\"caption\":\"\\\"Z12 Pull-Up Bar\\\" yra patvari treniruokli\u0173 sal\u0117s \u012franga, skirta vir\u0161utin\u0117s k\u016bno dalies j\u0117gos treniruot\u0117ms, kurioje galima saugiai pritvirtinti prie sienos ir atlikti prisitraukimo ir k\u016bno svorio pratimus.\"},{\"@type\":\"BreadcrumbList\",\"@id\":\"https:\/\/gymfactory.eu\/lt\/produktas\/z12-pull-up-bar\/#breadcrumb\",\"itemListElement\":[{\"@type\":\"ListItem\",\"position\":1,\"name\":\"Pagrindinis\",\"item\":\"https:\/\/gymfactory.eu\/lt\/\"},{\"@type\":\"ListItem\",\"position\":2,\"name\":\"Katalogas\",\"item\":\"https:\/\/gymfactory.eu\/lt\/katalogas\/\"},{\"@type\":\"ListItem\",\"position\":3,\"name\":\"Z12 Sieninis skersinis\"}]},{\"@type\":\"WebSite\",\"@id\":\"https:\/\/gymfactory.eu\/lt\/#website\",\"url\":\"https:\/\/gymfactory.eu\/lt\/\",\"name\":\"Gym Factory\",\"description\":\"\",\"publisher\":{\"@id\":\"https:\/\/gymfactory.eu\/lt\/#organization\"},\"potentialAction\":[{\"@type\":\"SearchAction\",\"target\":{\"@type\":\"EntryPoint\",\"urlTemplate\":\"https:\/\/gymfactory.eu\/lt\/?s={search_term_string}\"},\"query-input\":{\"@type\":\"PropertyValueSpecification\",\"valueRequired\":true,\"valueName\":\"search_term_string\"}}],\"inLanguage\":\"lt-LT\"},{\"@type\":\"Organization\",\"@id\":\"https:\/\/gymfactory.eu\/lt\/#organization\",\"name\":\"Sporto sal\u0117s gamykla\",\"url\":\"https:\/\/gymfactory.eu\/lt\/\",\"logo\":{\"@type\":\"ImageObject\",\"inLanguage\":\"lt-LT\",\"@id\":\"https:\/\/gymfactory.eu\/lt\/#\/schema\/logo\/image\/\",\"url\":\"https:\/\/gymfactory.eu\/wp-content\/uploads\/2024\/11\/Component-1.svg\",\"contentUrl\":\"https:\/\/gymfactory.eu\/wp-content\/uploads\/2024\/11\/Component-1.svg\",\"width\":54,\"height\":44,\"caption\":\"Sporto sal\u0117s gamykla\"},\"image\":{\"@id\":\"https:\/\/gymfactory.eu\/lt\/#\/schema\/logo\/image\/\"}}]}<\/script>\n<!-- \/ Yoast SEO plugin. -->","yoast_head_json":{"title":"Z12 Pull-Up Bar | Gera nam\u0173 ir komercin\u0117 treniruokli\u0173 sal\u0117s \u012franga","description":"\"Z12 Pull-Up Bar\" yra gera nam\u0173 ir komercin\u0117 treniruokli\u0173 sal\u0117s \u012franga, idealiai tinkanti vir\u0161utin\u0117s k\u016bno dalies treniruot\u0117ms, prisitraukimo pratimams ir viso k\u016bno j\u0117gos treniruot\u0117ms.","robots":{"index":"index","follow":"follow","max-snippet":"max-snippet:-1","max-image-preview":"max-image-preview:large","max-video-preview":"max-video-preview:-1"},"canonical":"https:\/\/gymfactory.eu\/lt\/produktas\/z12-pull-up-bar\/","og_locale":"lt_LT","og_type":"article","og_title":"Z12 Pull-Up Bar | Gera nam\u0173 ir komercin\u0117 treniruokli\u0173 sal\u0117s \u012franga","og_description":"\"Z12 Pull-Up Bar\" yra gera nam\u0173 ir komercin\u0117 treniruokli\u0173 sal\u0117s \u012franga, idealiai tinkanti vir\u0161utin\u0117s k\u016bno dalies treniruot\u0117ms, prisitraukimo pratimams ir viso k\u016bno j\u0117gos treniruot\u0117ms.","og_url":"https:\/\/gymfactory.eu\/lt\/produktas\/z12-pull-up-bar\/","og_site_name":"Gym Factory","article_modified_time":"2025-12-08T13:22:23+00:00","og_image":[{"width":1500,"height":1500,"url":"https:\/\/gymfactory.eu\/wp-content\/uploads\/2025\/04\/Z12-Pull-Up-Bar.webp","type":"image\/webp"}],"twitter_card":"summary_large_image","twitter_misc":{"Est. reading time":"1 minut\u0117"},"schema":{"@context":"https:\/\/schema.org","@graph":[{"@type":"WebPage","@id":"https:\/\/gymfactory.eu\/lt\/produktas\/z12-pull-up-bar\/","url":"https:\/\/gymfactory.eu\/lt\/produktas\/z12-pull-up-bar\/","name":"Z12 Pull-Up Bar | Gera nam\u0173 ir komercin\u0117 treniruokli\u0173 sal\u0117s \u012franga","isPartOf":{"@id":"https:\/\/gymfactory.eu\/lt\/#website"},"primaryImageOfPage":{"@id":"https:\/\/gymfactory.eu\/lt\/produktas\/z12-pull-up-bar\/#primaryimage"},"image":{"@id":"https:\/\/gymfactory.eu\/lt\/produktas\/z12-pull-up-bar\/#primaryimage"},"thumbnailUrl":"https:\/\/gymfactory.eu\/wp-content\/uploads\/2025\/04\/Z12-Pull-Up-Bar.webp","datePublished":"2025-04-25T09:46:17+00:00","dateModified":"2025-12-08T13:22:23+00:00","description":"\"Z12 Pull-Up Bar\" yra gera nam\u0173 ir komercin\u0117 treniruokli\u0173 sal\u0117s \u012franga, idealiai tinkanti vir\u0161utin\u0117s k\u016bno dalies treniruot\u0117ms, prisitraukimo pratimams ir viso k\u016bno j\u0117gos treniruot\u0117ms.","breadcrumb":{"@id":"https:\/\/gymfactory.eu\/lt\/produktas\/z12-pull-up-bar\/#breadcrumb"},"inLanguage":"lt-LT","potentialAction":[{"@type":"ReadAction","target":["https:\/\/gymfactory.eu\/lt\/produktas\/z12-pull-up-bar\/"]}]},{"@type":"ImageObject","inLanguage":"lt-LT","@id":"https:\/\/gymfactory.eu\/lt\/produktas\/z12-pull-up-bar\/#primaryimage","url":"https:\/\/gymfactory.eu\/wp-content\/uploads\/2025\/04\/Z12-Pull-Up-Bar.webp","contentUrl":"https:\/\/gymfactory.eu\/wp-content\/uploads\/2025\/04\/Z12-Pull-Up-Bar.webp","width":1500,"height":1500,"caption":"\"Z12 Pull-Up Bar\" yra patvari treniruokli\u0173 sal\u0117s \u012franga, skirta vir\u0161utin\u0117s k\u016bno dalies j\u0117gos treniruot\u0117ms, kurioje galima saugiai pritvirtinti prie sienos ir atlikti prisitraukimo ir k\u016bno svorio pratimus."},{"@type":"BreadcrumbList","@id":"https:\/\/gymfactory.eu\/lt\/produktas\/z12-pull-up-bar\/#breadcrumb","itemListElement":[{"@type":"ListItem","position":1,"name":"Pagrindinis","item":"https:\/\/gymfactory.eu\/lt\/"},{"@type":"ListItem","position":2,"name":"Katalogas","item":"https:\/\/gymfactory.eu\/lt\/katalogas\/"},{"@type":"ListItem","position":3,"name":"Z12 Sieninis skersinis"}]},{"@type":"WebSite","@id":"https:\/\/gymfactory.eu\/lt\/#website","url":"https:\/\/gymfactory.eu\/lt\/","name":"Gym Factory","description":"","publisher":{"@id":"https:\/\/gymfactory.eu\/lt\/#organization"},"potentialAction":[{"@type":"SearchAction","target":{"@type":"EntryPoint","urlTemplate":"https:\/\/gymfactory.eu\/lt\/?s={search_term_string}"},"query-input":{"@type":"PropertyValueSpecification","valueRequired":true,"valueName":"search_term_string"}}],"inLanguage":"lt-LT"},{"@type":"Organization","@id":"https:\/\/gymfactory.eu\/lt\/#organization","name":"Sporto sal\u0117s gamykla","url":"https:\/\/gymfactory.eu\/lt\/","logo":{"@type":"ImageObject","inLanguage":"lt-LT","@id":"https:\/\/gymfactory.eu\/lt\/#\/schema\/logo\/image\/","url":"https:\/\/gymfactory.eu\/wp-content\/uploads\/2024\/11\/Component-1.svg","contentUrl":"https:\/\/gymfactory.eu\/wp-content\/uploads\/2024\/11\/Component-1.svg","width":54,"height":44,"caption":"Sporto sal\u0117s gamykla"},"image":{"@id":"https:\/\/gymfactory.eu\/lt\/#\/schema\/logo\/image\/"}}]}},"_links":{"self":[{"href":"https:\/\/gymfactory.eu\/lt\/wp-json\/wp\/v2\/product\/9692","targetHints":{"allow":["GET"]}}],"collection":[{"href":"https:\/\/gymfactory.eu\/lt\/wp-json\/wp\/v2\/product"}],"about":[{"href":"https:\/\/gymfactory.eu\/lt\/wp-json\/wp\/v2\/types\/product"}],"wp:featuredmedia":[{"embeddable":true,"href":"https:\/\/gymfactory.eu\/lt\/wp-json\/wp\/v2\/media\/9013"}],"wp:attachment":[{"href":"https:\/\/gymfactory.eu\/lt\/wp-json\/wp\/v2\/media?parent=9692"}],"wp:term":[{"taxonomy":"product_brand","embeddable":true,"href":"https:\/\/gymfactory.eu\/lt\/wp-json\/wp\/v2\/product_brand?post=9692"},{"taxonomy":"product_cat","embeddable":true,"href":"https:\/\/gymfactory.eu\/lt\/wp-json\/wp\/v2\/product_cat?post=9692"},{"taxonomy":"product_tag","embeddable":true,"href":"https:\/\/gymfactory.eu\/lt\/wp-json\/wp\/v2\/product_tag?post=9692"}],"curies":[{"name":"wp","href":"https:\/\/api.w.org\/{rel}","templated":true}]}}