{"id":9686,"date":"2025-03-03T11:27:14","date_gmt":"2025-03-03T09:27:14","guid":{"rendered":"https:\/\/gymfactory.eu\/product\/z03xxx-2-viengubos-eiles-strypas\/"},"modified":"2025-09-10T14:25:43","modified_gmt":"2025-09-10T11:25:43","slug":"z03xxx-2-viengubos-eiles-strypas","status":"publish","type":"product","link":"https:\/\/gymfactory.eu\/lt\/produktas\/z03xxx-2-viengubos-eiles-strypas\/","title":{"rendered":"Z03XXX-2 Vieno galo traukos grifas"},"content":{"rendered":"<p>Z03XXX-2 \u2013 tai traukos grifas, skirta tvirtinti prie laisvo T formos \u0161tangos galo. Fiksavimo apkaba u\u017etikrina stabil\u0173 pritvirtinim\u0105, o 360\u00b0 kampu besisukan\u010dios rankenos leid\u017eia atlikti skland\u017eius, nat\u016bralius judesius.<\/p>\n<p>Diskai kraunami abiejose grifo pus\u0117se \u2013 taip u\u017etikrinamas subalansuotas pasiprie\u0161inimas. \u012eranga tinkama \u012fvairiems pratimams: traukai, pe\u010di\u0173 kelimams, prit\u016bpimams, \u017eingsniams atgal su apkrova ir kt. Tai universalus sprendimas tiek j\u0117gos, tiek funkcinei treniruotei bet kurioje sporto aplinkoje.<\/p>\n\n    <div class=\"xs_social_share_widget xs_share_url after_content \t\tmain_content  wslu-style-1 wslu-share-box-shaped wslu-fill-colored wslu-none wslu-share-horizontal wslu-theme-font-no wslu-main_content\">\n\n\t\t\n        <ul>\n\t\t\t        <\/ul>\n    <\/div> \n","protected":false},"excerpt":{"rendered":"<p>Z03XXX-2 \u2013 tai traukos grifas, skirta tvirtinti prie laisvo T formos \u0161tangos galo. Fiksavimo apkaba u\u017etikrina stabil\u0173 pritvirtinim\u0105, o 360\u00b0 kampu besisukan\u010dios rankenos leid\u017eia atlikti skland\u017eius, nat\u016bralius judesius. Diskai kraunami abiejose grifo pus\u0117se \u2013 taip u\u017etikrinamas subalansuotas pasiprie\u0161inimas. \u012eranga tinkama \u012fvairiems pratimams: traukai, pe\u010di\u0173 kelimams, prit\u016bpimams, \u017eingsniams atgal su apkrova ir kt. Tai universalus sprendimas [&hellip;]<\/p>\n","protected":false},"featured_media":9109,"template":"","meta":{"_acf_changed":false},"product_brand":[56],"product_cat":[405],"product_tag":[415],"class_list":{"0":"post-9686","1":"product","2":"type-product","3":"status-publish","4":"has-post-thumbnail","6":"product_brand-gym-factory","7":"product_cat-svarmenys-ir-stangos","8":"product_tag-spalva-tik-metaline","10":"first","11":"onbackorder","12":"taxable","13":"shipping-taxable","14":"purchasable","15":"product-type-variable","16":"has-default-attributes"},"acf":[],"yoast_head":"<!-- This site is optimized with the Yoast SEO plugin v25.2 - https:\/\/yoast.com\/wordpress\/plugins\/seo\/ -->\n<title>Z03XXX-2 viengubos eil\u0117s baras - gera nam\u0173 sporto \u012franga<\/title>\n<meta name=\"description\" content=\"\u0160is strypas pagamintas i\u0161 auk\u0161tos kokyb\u0117s plieno konstrukcijos ir yra patikima j\u0117gos treniruo\u010di\u0173 \u012franga, suteikianti atram\u0105 vir\u0161utin\u0117s k\u016bno dalies treniruot\u0117ms.\" \/>\n<meta name=\"robots\" content=\"index, follow, max-snippet:-1, max-image-preview:large, max-video-preview:-1\" \/>\n<link rel=\"canonical\" href=\"https:\/\/gymfactory.eu\/lt\/produktas\/z03xxx-2-viengubos-eiles-strypas\/\" \/>\n<meta property=\"og:locale\" content=\"lt_LT\" \/>\n<meta property=\"og:type\" content=\"article\" \/>\n<meta property=\"og:title\" content=\"Z03XXX-2 viengubos eil\u0117s baras - gera nam\u0173 sporto \u012franga\" \/>\n<meta property=\"og:description\" content=\"\u0160is strypas pagamintas i\u0161 auk\u0161tos kokyb\u0117s plieno konstrukcijos ir yra patikima j\u0117gos treniruo\u010di\u0173 \u012franga, suteikianti atram\u0105 vir\u0161utin\u0117s k\u016bno dalies treniruot\u0117ms.\" \/>\n<meta property=\"og:url\" content=\"https:\/\/gymfactory.eu\/lt\/produktas\/z03xxx-2-viengubos-eiles-strypas\/\" \/>\n<meta property=\"og:site_name\" content=\"Gym Factory\" \/>\n<meta property=\"article:modified_time\" content=\"2025-09-10T11:25:43+00:00\" \/>\n<meta property=\"og:image\" content=\"https:\/\/gymfactory.eu\/wp-content\/uploads\/2025\/03\/Z03XXX-2-high-quality-steel-structure-single-end-row-bar-1.webp\" \/>\n\t<meta property=\"og:image:width\" content=\"1500\" \/>\n\t<meta property=\"og:image:height\" content=\"1500\" \/>\n\t<meta property=\"og:image:type\" content=\"image\/webp\" \/>\n<meta name=\"twitter:card\" content=\"summary_large_image\" \/>\n<meta name=\"twitter:label1\" content=\"Est. reading time\" \/>\n\t<meta name=\"twitter:data1\" content=\"1 minut\u0117\" \/>\n<script type=\"application\/ld+json\" class=\"yoast-schema-graph\">{\"@context\":\"https:\/\/schema.org\",\"@graph\":[{\"@type\":\"WebPage\",\"@id\":\"https:\/\/gymfactory.eu\/lt\/produktas\/z03xxx-2-viengubos-eiles-strypas\/\",\"url\":\"https:\/\/gymfactory.eu\/lt\/produktas\/z03xxx-2-viengubos-eiles-strypas\/\",\"name\":\"Z03XXX-2 viengubos eil\u0117s baras - gera nam\u0173 sporto \u012franga\",\"isPartOf\":{\"@id\":\"https:\/\/gymfactory.eu\/lt\/#website\"},\"primaryImageOfPage\":{\"@id\":\"https:\/\/gymfactory.eu\/lt\/produktas\/z03xxx-2-viengubos-eiles-strypas\/#primaryimage\"},\"image\":{\"@id\":\"https:\/\/gymfactory.eu\/lt\/produktas\/z03xxx-2-viengubos-eiles-strypas\/#primaryimage\"},\"thumbnailUrl\":\"https:\/\/gymfactory.eu\/wp-content\/uploads\/2025\/03\/Z03XXX-2-high-quality-steel-structure-single-end-row-bar-1.webp\",\"datePublished\":\"2025-03-03T09:27:14+00:00\",\"dateModified\":\"2025-09-10T11:25:43+00:00\",\"description\":\"\u0160is strypas pagamintas i\u0161 auk\u0161tos kokyb\u0117s plieno konstrukcijos ir yra patikima j\u0117gos treniruo\u010di\u0173 \u012franga, suteikianti atram\u0105 vir\u0161utin\u0117s k\u016bno dalies treniruot\u0117ms.\",\"breadcrumb\":{\"@id\":\"https:\/\/gymfactory.eu\/lt\/produktas\/z03xxx-2-viengubos-eiles-strypas\/#breadcrumb\"},\"inLanguage\":\"lt-LT\",\"potentialAction\":[{\"@type\":\"ReadAction\",\"target\":[\"https:\/\/gymfactory.eu\/lt\/produktas\/z03xxx-2-viengubos-eiles-strypas\/\"]}]},{\"@type\":\"ImageObject\",\"inLanguage\":\"lt-LT\",\"@id\":\"https:\/\/gymfactory.eu\/lt\/produktas\/z03xxx-2-viengubos-eiles-strypas\/#primaryimage\",\"url\":\"https:\/\/gymfactory.eu\/wp-content\/uploads\/2025\/03\/Z03XXX-2-high-quality-steel-structure-single-end-row-bar-1.webp\",\"contentUrl\":\"https:\/\/gymfactory.eu\/wp-content\/uploads\/2025\/03\/Z03XXX-2-high-quality-steel-structure-single-end-row-bar-1.webp\",\"width\":1500,\"height\":1500,\"caption\":\"Auk\u0161tos kokyb\u0117s plienin\u0117s konstrukcijos viengubo galo eiliavimo strypas, skirtas j\u0117gos treniruot\u0117ms. Strypas turi tvirt\u0105 juod\u0105 r\u0117m\u0105 su ergonomi\u0161komis rankenomis ir chromuotomis \u012fvor\u0117mis, idealiai tinka vir\u0161utin\u0117s k\u016bno dalies j\u0117gai stiprinti sporto sal\u0117je.\"},{\"@type\":\"BreadcrumbList\",\"@id\":\"https:\/\/gymfactory.eu\/lt\/produktas\/z03xxx-2-viengubos-eiles-strypas\/#breadcrumb\",\"itemListElement\":[{\"@type\":\"ListItem\",\"position\":1,\"name\":\"Pagrindinis\",\"item\":\"https:\/\/gymfactory.eu\/lt\/\"},{\"@type\":\"ListItem\",\"position\":2,\"name\":\"Katalogas\",\"item\":\"https:\/\/gymfactory.eu\/lt\/katalogas\/\"},{\"@type\":\"ListItem\",\"position\":3,\"name\":\"Z03XXX-2 Vieno galo traukos grifas\"}]},{\"@type\":\"WebSite\",\"@id\":\"https:\/\/gymfactory.eu\/lt\/#website\",\"url\":\"https:\/\/gymfactory.eu\/lt\/\",\"name\":\"Gym Factory\",\"description\":\"\",\"publisher\":{\"@id\":\"https:\/\/gymfactory.eu\/lt\/#organization\"},\"potentialAction\":[{\"@type\":\"SearchAction\",\"target\":{\"@type\":\"EntryPoint\",\"urlTemplate\":\"https:\/\/gymfactory.eu\/lt\/?s={search_term_string}\"},\"query-input\":{\"@type\":\"PropertyValueSpecification\",\"valueRequired\":true,\"valueName\":\"search_term_string\"}}],\"inLanguage\":\"lt-LT\"},{\"@type\":\"Organization\",\"@id\":\"https:\/\/gymfactory.eu\/lt\/#organization\",\"name\":\"Sporto sal\u0117s gamykla\",\"url\":\"https:\/\/gymfactory.eu\/lt\/\",\"logo\":{\"@type\":\"ImageObject\",\"inLanguage\":\"lt-LT\",\"@id\":\"https:\/\/gymfactory.eu\/lt\/#\/schema\/logo\/image\/\",\"url\":\"https:\/\/gymfactory.eu\/wp-content\/uploads\/2024\/11\/Component-1.svg\",\"contentUrl\":\"https:\/\/gymfactory.eu\/wp-content\/uploads\/2024\/11\/Component-1.svg\",\"width\":54,\"height\":44,\"caption\":\"Sporto sal\u0117s gamykla\"},\"image\":{\"@id\":\"https:\/\/gymfactory.eu\/lt\/#\/schema\/logo\/image\/\"}}]}<\/script>\n<!-- \/ Yoast SEO plugin. -->","yoast_head_json":{"title":"Z03XXX-2 viengubos eil\u0117s baras - gera nam\u0173 sporto \u012franga","description":"\u0160is strypas pagamintas i\u0161 auk\u0161tos kokyb\u0117s plieno konstrukcijos ir yra patikima j\u0117gos treniruo\u010di\u0173 \u012franga, suteikianti atram\u0105 vir\u0161utin\u0117s k\u016bno dalies treniruot\u0117ms.","robots":{"index":"index","follow":"follow","max-snippet":"max-snippet:-1","max-image-preview":"max-image-preview:large","max-video-preview":"max-video-preview:-1"},"canonical":"https:\/\/gymfactory.eu\/lt\/produktas\/z03xxx-2-viengubos-eiles-strypas\/","og_locale":"lt_LT","og_type":"article","og_title":"Z03XXX-2 viengubos eil\u0117s baras - gera nam\u0173 sporto \u012franga","og_description":"\u0160is strypas pagamintas i\u0161 auk\u0161tos kokyb\u0117s plieno konstrukcijos ir yra patikima j\u0117gos treniruo\u010di\u0173 \u012franga, suteikianti atram\u0105 vir\u0161utin\u0117s k\u016bno dalies treniruot\u0117ms.","og_url":"https:\/\/gymfactory.eu\/lt\/produktas\/z03xxx-2-viengubos-eiles-strypas\/","og_site_name":"Gym Factory","article_modified_time":"2025-09-10T11:25:43+00:00","og_image":[{"width":1500,"height":1500,"url":"https:\/\/gymfactory.eu\/wp-content\/uploads\/2025\/03\/Z03XXX-2-high-quality-steel-structure-single-end-row-bar-1.webp","type":"image\/webp"}],"twitter_card":"summary_large_image","twitter_misc":{"Est. reading time":"1 minut\u0117"},"schema":{"@context":"https:\/\/schema.org","@graph":[{"@type":"WebPage","@id":"https:\/\/gymfactory.eu\/lt\/produktas\/z03xxx-2-viengubos-eiles-strypas\/","url":"https:\/\/gymfactory.eu\/lt\/produktas\/z03xxx-2-viengubos-eiles-strypas\/","name":"Z03XXX-2 viengubos eil\u0117s baras - gera nam\u0173 sporto \u012franga","isPartOf":{"@id":"https:\/\/gymfactory.eu\/lt\/#website"},"primaryImageOfPage":{"@id":"https:\/\/gymfactory.eu\/lt\/produktas\/z03xxx-2-viengubos-eiles-strypas\/#primaryimage"},"image":{"@id":"https:\/\/gymfactory.eu\/lt\/produktas\/z03xxx-2-viengubos-eiles-strypas\/#primaryimage"},"thumbnailUrl":"https:\/\/gymfactory.eu\/wp-content\/uploads\/2025\/03\/Z03XXX-2-high-quality-steel-structure-single-end-row-bar-1.webp","datePublished":"2025-03-03T09:27:14+00:00","dateModified":"2025-09-10T11:25:43+00:00","description":"\u0160is strypas pagamintas i\u0161 auk\u0161tos kokyb\u0117s plieno konstrukcijos ir yra patikima j\u0117gos treniruo\u010di\u0173 \u012franga, suteikianti atram\u0105 vir\u0161utin\u0117s k\u016bno dalies treniruot\u0117ms.","breadcrumb":{"@id":"https:\/\/gymfactory.eu\/lt\/produktas\/z03xxx-2-viengubos-eiles-strypas\/#breadcrumb"},"inLanguage":"lt-LT","potentialAction":[{"@type":"ReadAction","target":["https:\/\/gymfactory.eu\/lt\/produktas\/z03xxx-2-viengubos-eiles-strypas\/"]}]},{"@type":"ImageObject","inLanguage":"lt-LT","@id":"https:\/\/gymfactory.eu\/lt\/produktas\/z03xxx-2-viengubos-eiles-strypas\/#primaryimage","url":"https:\/\/gymfactory.eu\/wp-content\/uploads\/2025\/03\/Z03XXX-2-high-quality-steel-structure-single-end-row-bar-1.webp","contentUrl":"https:\/\/gymfactory.eu\/wp-content\/uploads\/2025\/03\/Z03XXX-2-high-quality-steel-structure-single-end-row-bar-1.webp","width":1500,"height":1500,"caption":"Auk\u0161tos kokyb\u0117s plienin\u0117s konstrukcijos viengubo galo eiliavimo strypas, skirtas j\u0117gos treniruot\u0117ms. Strypas turi tvirt\u0105 juod\u0105 r\u0117m\u0105 su ergonomi\u0161komis rankenomis ir chromuotomis \u012fvor\u0117mis, idealiai tinka vir\u0161utin\u0117s k\u016bno dalies j\u0117gai stiprinti sporto sal\u0117je."},{"@type":"BreadcrumbList","@id":"https:\/\/gymfactory.eu\/lt\/produktas\/z03xxx-2-viengubos-eiles-strypas\/#breadcrumb","itemListElement":[{"@type":"ListItem","position":1,"name":"Pagrindinis","item":"https:\/\/gymfactory.eu\/lt\/"},{"@type":"ListItem","position":2,"name":"Katalogas","item":"https:\/\/gymfactory.eu\/lt\/katalogas\/"},{"@type":"ListItem","position":3,"name":"Z03XXX-2 Vieno galo traukos grifas"}]},{"@type":"WebSite","@id":"https:\/\/gymfactory.eu\/lt\/#website","url":"https:\/\/gymfactory.eu\/lt\/","name":"Gym Factory","description":"","publisher":{"@id":"https:\/\/gymfactory.eu\/lt\/#organization"},"potentialAction":[{"@type":"SearchAction","target":{"@type":"EntryPoint","urlTemplate":"https:\/\/gymfactory.eu\/lt\/?s={search_term_string}"},"query-input":{"@type":"PropertyValueSpecification","valueRequired":true,"valueName":"search_term_string"}}],"inLanguage":"lt-LT"},{"@type":"Organization","@id":"https:\/\/gymfactory.eu\/lt\/#organization","name":"Sporto sal\u0117s gamykla","url":"https:\/\/gymfactory.eu\/lt\/","logo":{"@type":"ImageObject","inLanguage":"lt-LT","@id":"https:\/\/gymfactory.eu\/lt\/#\/schema\/logo\/image\/","url":"https:\/\/gymfactory.eu\/wp-content\/uploads\/2024\/11\/Component-1.svg","contentUrl":"https:\/\/gymfactory.eu\/wp-content\/uploads\/2024\/11\/Component-1.svg","width":54,"height":44,"caption":"Sporto sal\u0117s gamykla"},"image":{"@id":"https:\/\/gymfactory.eu\/lt\/#\/schema\/logo\/image\/"}}]}},"_links":{"self":[{"href":"https:\/\/gymfactory.eu\/lt\/wp-json\/wp\/v2\/product\/9686","targetHints":{"allow":["GET"]}}],"collection":[{"href":"https:\/\/gymfactory.eu\/lt\/wp-json\/wp\/v2\/product"}],"about":[{"href":"https:\/\/gymfactory.eu\/lt\/wp-json\/wp\/v2\/types\/product"}],"wp:featuredmedia":[{"embeddable":true,"href":"https:\/\/gymfactory.eu\/lt\/wp-json\/wp\/v2\/media\/9109"}],"wp:attachment":[{"href":"https:\/\/gymfactory.eu\/lt\/wp-json\/wp\/v2\/media?parent=9686"}],"wp:term":[{"taxonomy":"product_brand","embeddable":true,"href":"https:\/\/gymfactory.eu\/lt\/wp-json\/wp\/v2\/product_brand?post=9686"},{"taxonomy":"product_cat","embeddable":true,"href":"https:\/\/gymfactory.eu\/lt\/wp-json\/wp\/v2\/product_cat?post=9686"},{"taxonomy":"product_tag","embeddable":true,"href":"https:\/\/gymfactory.eu\/lt\/wp-json\/wp\/v2\/product_tag?post=9686"}],"curies":[{"name":"wp","href":"https:\/\/api.w.org\/{rel}","templated":true}]}}