{"id":9682,"date":"2025-03-03T10:46:17","date_gmt":"2025-03-03T08:46:17","guid":{"rendered":"https:\/\/gymfactory.eu\/product\/z03xxx-strypas\/"},"modified":"2025-09-10T10:51:08","modified_gmt":"2025-09-10T07:51:08","slug":"z03xxx-strypas","status":"publish","type":"product","link":"https:\/\/gymfactory.eu\/lt\/produktas\/z03xxx-strypas\/","title":{"rendered":"Z03XXX Specialus grifas"},"content":{"rendered":"<p>Z03XXX \u2013 specializuota atviro tipo trapecin\u0117 \u0161tanga, skirta j\u0117gos pratimams, tokiems kaip &#8222;mirties trauka&#8221;, ne\u0161imai ar prit\u016bpimai su apkrova. Atvira konstrukcija leid\u017eia lengviau \u012feiti \u012f \u0161tangos vid\u0173 ir laisviau jud\u0117ti, ypa\u010d atliekant funkcinius ar dinami\u0161kus pratimus.<\/p>\n<p>Suderinama su 50\u202fmm olimpiniais diskais, \u0161i \u0161tanga puikiai integruojasi \u012f bet kuri\u0105 treniruo\u010di\u0173 erdv\u0119, orientuot\u0105 \u012f saugius ir kontroliuojamus kompleksinius judesius.<\/p>\n\n    <div class=\"xs_social_share_widget xs_share_url after_content \t\tmain_content  wslu-style-1 wslu-share-box-shaped wslu-fill-colored wslu-none wslu-share-horizontal wslu-theme-font-no wslu-main_content\">\n\n\t\t\n        <ul>\n\t\t\t        <\/ul>\n    <\/div> \n","protected":false},"excerpt":{"rendered":"<p>Z03XXX \u2013 specializuota atviro tipo trapecin\u0117 \u0161tanga, skirta j\u0117gos pratimams, tokiems kaip &#8222;mirties trauka&#8221;, ne\u0161imai ar prit\u016bpimai su apkrova. Atvira konstrukcija leid\u017eia lengviau \u012feiti \u012f \u0161tangos vid\u0173 ir laisviau jud\u0117ti, ypa\u010d atliekant funkcinius ar dinami\u0161kus pratimus. Suderinama su 50\u202fmm olimpiniais diskais, \u0161i \u0161tanga puikiai integruojasi \u012f bet kuri\u0105 treniruo\u010di\u0173 erdv\u0119, orientuot\u0105 \u012f saugius ir kontroliuojamus [&hellip;]<\/p>\n","protected":false},"featured_media":9108,"template":"","meta":{"_acf_changed":false},"product_brand":[56],"product_cat":[405],"product_tag":[415],"class_list":{"0":"post-9682","1":"product","2":"type-product","3":"status-publish","4":"has-post-thumbnail","6":"product_brand-gym-factory","7":"product_cat-svarmenys-ir-stangos","8":"product_tag-spalva-tik-metaline","10":"first","11":"onbackorder","12":"taxable","13":"shipping-taxable","14":"purchasable","15":"product-type-variable","16":"has-default-attributes"},"acf":[],"yoast_head":"<!-- This site is optimized with the Yoast SEO plugin v25.2 - https:\/\/yoast.com\/wordpress\/plugins\/seo\/ -->\n<title>Z03XXX \u0160tangos - idealiai tinka j\u0117gos pratimams<\/title>\n<meta name=\"description\" content=\"\u0160i \u0161tanga yra patvari j\u0117gos pratimams, tod\u0117l ji yra vertingas bet kurios sporto sal\u0117s komplekto priedas, padedantis atlikti veiksmingas j\u0117gos treniruotes.\" \/>\n<meta name=\"robots\" content=\"index, follow, max-snippet:-1, max-image-preview:large, max-video-preview:-1\" \/>\n<link rel=\"canonical\" href=\"https:\/\/gymfactory.eu\/lt\/produktas\/z03xxx-strypas\/\" \/>\n<meta property=\"og:locale\" content=\"lt_LT\" \/>\n<meta property=\"og:type\" content=\"article\" \/>\n<meta property=\"og:title\" content=\"Z03XXX \u0160tangos - idealiai tinka j\u0117gos pratimams\" \/>\n<meta property=\"og:description\" content=\"\u0160i \u0161tanga yra patvari j\u0117gos pratimams, tod\u0117l ji yra vertingas bet kurios sporto sal\u0117s komplekto priedas, padedantis atlikti veiksmingas j\u0117gos treniruotes.\" \/>\n<meta property=\"og:url\" content=\"https:\/\/gymfactory.eu\/lt\/produktas\/z03xxx-strypas\/\" \/>\n<meta property=\"og:site_name\" content=\"Gym Factory\" \/>\n<meta property=\"article:modified_time\" content=\"2025-09-10T07:51:08+00:00\" \/>\n<meta property=\"og:image\" content=\"https:\/\/gymfactory.eu\/wp-content\/uploads\/2025\/03\/z03XXX-equipment-for-weight-training-specialty-barbell-1.webp\" \/>\n\t<meta property=\"og:image:width\" content=\"1500\" \/>\n\t<meta property=\"og:image:height\" content=\"1500\" \/>\n\t<meta property=\"og:image:type\" content=\"image\/webp\" \/>\n<meta name=\"twitter:card\" content=\"summary_large_image\" \/>\n<meta name=\"twitter:label1\" content=\"Est. reading time\" \/>\n\t<meta name=\"twitter:data1\" content=\"1 minut\u0117\" \/>\n<script type=\"application\/ld+json\" class=\"yoast-schema-graph\">{\"@context\":\"https:\/\/schema.org\",\"@graph\":[{\"@type\":\"WebPage\",\"@id\":\"https:\/\/gymfactory.eu\/lt\/produktas\/z03xxx-strypas\/\",\"url\":\"https:\/\/gymfactory.eu\/lt\/produktas\/z03xxx-strypas\/\",\"name\":\"Z03XXX \u0160tangos - idealiai tinka j\u0117gos pratimams\",\"isPartOf\":{\"@id\":\"https:\/\/gymfactory.eu\/lt\/#website\"},\"primaryImageOfPage\":{\"@id\":\"https:\/\/gymfactory.eu\/lt\/produktas\/z03xxx-strypas\/#primaryimage\"},\"image\":{\"@id\":\"https:\/\/gymfactory.eu\/lt\/produktas\/z03xxx-strypas\/#primaryimage\"},\"thumbnailUrl\":\"https:\/\/gymfactory.eu\/wp-content\/uploads\/2025\/03\/z03XXX-equipment-for-weight-training-specialty-barbell-1.webp\",\"datePublished\":\"2025-03-03T08:46:17+00:00\",\"dateModified\":\"2025-09-10T07:51:08+00:00\",\"description\":\"\u0160i \u0161tanga yra patvari j\u0117gos pratimams, tod\u0117l ji yra vertingas bet kurios sporto sal\u0117s komplekto priedas, padedantis atlikti veiksmingas j\u0117gos treniruotes.\",\"breadcrumb\":{\"@id\":\"https:\/\/gymfactory.eu\/lt\/produktas\/z03xxx-strypas\/#breadcrumb\"},\"inLanguage\":\"lt-LT\",\"potentialAction\":[{\"@type\":\"ReadAction\",\"target\":[\"https:\/\/gymfactory.eu\/lt\/produktas\/z03xxx-strypas\/\"]}]},{\"@type\":\"ImageObject\",\"inLanguage\":\"lt-LT\",\"@id\":\"https:\/\/gymfactory.eu\/lt\/produktas\/z03xxx-strypas\/#primaryimage\",\"url\":\"https:\/\/gymfactory.eu\/wp-content\/uploads\/2025\/03\/z03XXX-equipment-for-weight-training-specialty-barbell-1.webp\",\"contentUrl\":\"https:\/\/gymfactory.eu\/wp-content\/uploads\/2025\/03\/z03XXX-equipment-for-weight-training-specialty-barbell-1.webp\",\"width\":1500,\"height\":1500,\"caption\":\"Speciali \u0161tanga, skirta j\u0117gos treniruot\u0117ms, turinti daugyb\u0119 ranken\u0173 ir auk\u0161tos kokyb\u0117s plienin\u012f r\u0117m\u0105, puikiai tinka sporto sal\u0117s \u012frangai pagerinti.\"},{\"@type\":\"BreadcrumbList\",\"@id\":\"https:\/\/gymfactory.eu\/lt\/produktas\/z03xxx-strypas\/#breadcrumb\",\"itemListElement\":[{\"@type\":\"ListItem\",\"position\":1,\"name\":\"Pagrindinis\",\"item\":\"https:\/\/gymfactory.eu\/lt\/\"},{\"@type\":\"ListItem\",\"position\":2,\"name\":\"Katalogas\",\"item\":\"https:\/\/gymfactory.eu\/lt\/katalogas\/\"},{\"@type\":\"ListItem\",\"position\":3,\"name\":\"Z03XXX Specialus grifas\"}]},{\"@type\":\"WebSite\",\"@id\":\"https:\/\/gymfactory.eu\/lt\/#website\",\"url\":\"https:\/\/gymfactory.eu\/lt\/\",\"name\":\"Gym Factory\",\"description\":\"\",\"publisher\":{\"@id\":\"https:\/\/gymfactory.eu\/lt\/#organization\"},\"potentialAction\":[{\"@type\":\"SearchAction\",\"target\":{\"@type\":\"EntryPoint\",\"urlTemplate\":\"https:\/\/gymfactory.eu\/lt\/?s={search_term_string}\"},\"query-input\":{\"@type\":\"PropertyValueSpecification\",\"valueRequired\":true,\"valueName\":\"search_term_string\"}}],\"inLanguage\":\"lt-LT\"},{\"@type\":\"Organization\",\"@id\":\"https:\/\/gymfactory.eu\/lt\/#organization\",\"name\":\"Sporto sal\u0117s gamykla\",\"url\":\"https:\/\/gymfactory.eu\/lt\/\",\"logo\":{\"@type\":\"ImageObject\",\"inLanguage\":\"lt-LT\",\"@id\":\"https:\/\/gymfactory.eu\/lt\/#\/schema\/logo\/image\/\",\"url\":\"https:\/\/gymfactory.eu\/wp-content\/uploads\/2024\/11\/Component-1.svg\",\"contentUrl\":\"https:\/\/gymfactory.eu\/wp-content\/uploads\/2024\/11\/Component-1.svg\",\"width\":54,\"height\":44,\"caption\":\"Sporto sal\u0117s gamykla\"},\"image\":{\"@id\":\"https:\/\/gymfactory.eu\/lt\/#\/schema\/logo\/image\/\"}}]}<\/script>\n<!-- \/ Yoast SEO plugin. -->","yoast_head_json":{"title":"Z03XXX \u0160tangos - idealiai tinka j\u0117gos pratimams","description":"\u0160i \u0161tanga yra patvari j\u0117gos pratimams, tod\u0117l ji yra vertingas bet kurios sporto sal\u0117s komplekto priedas, padedantis atlikti veiksmingas j\u0117gos treniruotes.","robots":{"index":"index","follow":"follow","max-snippet":"max-snippet:-1","max-image-preview":"max-image-preview:large","max-video-preview":"max-video-preview:-1"},"canonical":"https:\/\/gymfactory.eu\/lt\/produktas\/z03xxx-strypas\/","og_locale":"lt_LT","og_type":"article","og_title":"Z03XXX \u0160tangos - idealiai tinka j\u0117gos pratimams","og_description":"\u0160i \u0161tanga yra patvari j\u0117gos pratimams, tod\u0117l ji yra vertingas bet kurios sporto sal\u0117s komplekto priedas, padedantis atlikti veiksmingas j\u0117gos treniruotes.","og_url":"https:\/\/gymfactory.eu\/lt\/produktas\/z03xxx-strypas\/","og_site_name":"Gym Factory","article_modified_time":"2025-09-10T07:51:08+00:00","og_image":[{"width":1500,"height":1500,"url":"https:\/\/gymfactory.eu\/wp-content\/uploads\/2025\/03\/z03XXX-equipment-for-weight-training-specialty-barbell-1.webp","type":"image\/webp"}],"twitter_card":"summary_large_image","twitter_misc":{"Est. reading time":"1 minut\u0117"},"schema":{"@context":"https:\/\/schema.org","@graph":[{"@type":"WebPage","@id":"https:\/\/gymfactory.eu\/lt\/produktas\/z03xxx-strypas\/","url":"https:\/\/gymfactory.eu\/lt\/produktas\/z03xxx-strypas\/","name":"Z03XXX \u0160tangos - idealiai tinka j\u0117gos pratimams","isPartOf":{"@id":"https:\/\/gymfactory.eu\/lt\/#website"},"primaryImageOfPage":{"@id":"https:\/\/gymfactory.eu\/lt\/produktas\/z03xxx-strypas\/#primaryimage"},"image":{"@id":"https:\/\/gymfactory.eu\/lt\/produktas\/z03xxx-strypas\/#primaryimage"},"thumbnailUrl":"https:\/\/gymfactory.eu\/wp-content\/uploads\/2025\/03\/z03XXX-equipment-for-weight-training-specialty-barbell-1.webp","datePublished":"2025-03-03T08:46:17+00:00","dateModified":"2025-09-10T07:51:08+00:00","description":"\u0160i \u0161tanga yra patvari j\u0117gos pratimams, tod\u0117l ji yra vertingas bet kurios sporto sal\u0117s komplekto priedas, padedantis atlikti veiksmingas j\u0117gos treniruotes.","breadcrumb":{"@id":"https:\/\/gymfactory.eu\/lt\/produktas\/z03xxx-strypas\/#breadcrumb"},"inLanguage":"lt-LT","potentialAction":[{"@type":"ReadAction","target":["https:\/\/gymfactory.eu\/lt\/produktas\/z03xxx-strypas\/"]}]},{"@type":"ImageObject","inLanguage":"lt-LT","@id":"https:\/\/gymfactory.eu\/lt\/produktas\/z03xxx-strypas\/#primaryimage","url":"https:\/\/gymfactory.eu\/wp-content\/uploads\/2025\/03\/z03XXX-equipment-for-weight-training-specialty-barbell-1.webp","contentUrl":"https:\/\/gymfactory.eu\/wp-content\/uploads\/2025\/03\/z03XXX-equipment-for-weight-training-specialty-barbell-1.webp","width":1500,"height":1500,"caption":"Speciali \u0161tanga, skirta j\u0117gos treniruot\u0117ms, turinti daugyb\u0119 ranken\u0173 ir auk\u0161tos kokyb\u0117s plienin\u012f r\u0117m\u0105, puikiai tinka sporto sal\u0117s \u012frangai pagerinti."},{"@type":"BreadcrumbList","@id":"https:\/\/gymfactory.eu\/lt\/produktas\/z03xxx-strypas\/#breadcrumb","itemListElement":[{"@type":"ListItem","position":1,"name":"Pagrindinis","item":"https:\/\/gymfactory.eu\/lt\/"},{"@type":"ListItem","position":2,"name":"Katalogas","item":"https:\/\/gymfactory.eu\/lt\/katalogas\/"},{"@type":"ListItem","position":3,"name":"Z03XXX Specialus grifas"}]},{"@type":"WebSite","@id":"https:\/\/gymfactory.eu\/lt\/#website","url":"https:\/\/gymfactory.eu\/lt\/","name":"Gym Factory","description":"","publisher":{"@id":"https:\/\/gymfactory.eu\/lt\/#organization"},"potentialAction":[{"@type":"SearchAction","target":{"@type":"EntryPoint","urlTemplate":"https:\/\/gymfactory.eu\/lt\/?s={search_term_string}"},"query-input":{"@type":"PropertyValueSpecification","valueRequired":true,"valueName":"search_term_string"}}],"inLanguage":"lt-LT"},{"@type":"Organization","@id":"https:\/\/gymfactory.eu\/lt\/#organization","name":"Sporto sal\u0117s gamykla","url":"https:\/\/gymfactory.eu\/lt\/","logo":{"@type":"ImageObject","inLanguage":"lt-LT","@id":"https:\/\/gymfactory.eu\/lt\/#\/schema\/logo\/image\/","url":"https:\/\/gymfactory.eu\/wp-content\/uploads\/2024\/11\/Component-1.svg","contentUrl":"https:\/\/gymfactory.eu\/wp-content\/uploads\/2024\/11\/Component-1.svg","width":54,"height":44,"caption":"Sporto sal\u0117s gamykla"},"image":{"@id":"https:\/\/gymfactory.eu\/lt\/#\/schema\/logo\/image\/"}}]}},"_links":{"self":[{"href":"https:\/\/gymfactory.eu\/lt\/wp-json\/wp\/v2\/product\/9682","targetHints":{"allow":["GET"]}}],"collection":[{"href":"https:\/\/gymfactory.eu\/lt\/wp-json\/wp\/v2\/product"}],"about":[{"href":"https:\/\/gymfactory.eu\/lt\/wp-json\/wp\/v2\/types\/product"}],"wp:featuredmedia":[{"embeddable":true,"href":"https:\/\/gymfactory.eu\/lt\/wp-json\/wp\/v2\/media\/9108"}],"wp:attachment":[{"href":"https:\/\/gymfactory.eu\/lt\/wp-json\/wp\/v2\/media?parent=9682"}],"wp:term":[{"taxonomy":"product_brand","embeddable":true,"href":"https:\/\/gymfactory.eu\/lt\/wp-json\/wp\/v2\/product_brand?post=9682"},{"taxonomy":"product_cat","embeddable":true,"href":"https:\/\/gymfactory.eu\/lt\/wp-json\/wp\/v2\/product_cat?post=9682"},{"taxonomy":"product_tag","embeddable":true,"href":"https:\/\/gymfactory.eu\/lt\/wp-json\/wp\/v2\/product_tag?post=9682"}],"curies":[{"name":"wp","href":"https:\/\/api.w.org\/{rel}","templated":true}]}}