{"id":9680,"date":"2025-03-03T10:21:58","date_gmt":"2025-03-03T08:21:58","guid":{"rendered":"https:\/\/gymfactory.eu\/product\/z03xx-daugkartine-eiliu-rankena\/"},"modified":"2025-09-10T10:56:46","modified_gmt":"2025-09-10T07:56:46","slug":"z03xx-daugkartine-eiliu-rankena","status":"publish","type":"product","link":"https:\/\/gymfactory.eu\/lt\/produktas\/z03xx-daugkartine-eiliu-rankena\/","title":{"rendered":"Z03XX Daugiapozicinis traukos grifas"},"content":{"rendered":"<p>Z03XX daugiapozicinis traukos grifas \u2013 \u012franga vir\u0161utin\u0117s k\u016bno dalies j\u0117gai lavinti atliekant \u012fvairius traukos pratimus. Keli\u0173 pad\u0117\u010di\u0173 su\u0117mimai leid\u017eia keisti rank\u0173 pad\u0117t\u012f ir aktyvuoti skirtingas raumen\u0173 grupes.<\/p>\n<p>Tinka traukos pratimams tiek su grifu, tiek su kitais treniruokliais. Universalus sprendimas naudoti nam\u0173 s\u0105lygomis ar profesionalioje sporto sal\u0117je.<\/p>\n\n    <div class=\"xs_social_share_widget xs_share_url after_content \t\tmain_content  wslu-style-1 wslu-share-box-shaped wslu-fill-colored wslu-none wslu-share-horizontal wslu-theme-font-no wslu-main_content\">\n\n\t\t\n        <ul>\n\t\t\t        <\/ul>\n    <\/div> \n","protected":false},"excerpt":{"rendered":"<p>Z03XX daugiapozicinis traukos grifas \u2013 \u012franga vir\u0161utin\u0117s k\u016bno dalies j\u0117gai lavinti atliekant \u012fvairius traukos pratimus. Keli\u0173 pad\u0117\u010di\u0173 su\u0117mimai leid\u017eia keisti rank\u0173 pad\u0117t\u012f ir aktyvuoti skirtingas raumen\u0173 grupes. Tinka traukos pratimams tiek su grifu, tiek su kitais treniruokliais. Universalus sprendimas naudoti nam\u0173 s\u0105lygomis ar profesionalioje sporto sal\u0117je.<\/p>\n","protected":false},"featured_media":8191,"template":"","meta":{"_acf_changed":false},"product_brand":[56],"product_cat":[405],"product_tag":[415],"class_list":{"0":"post-9680","1":"product","2":"type-product","3":"status-publish","4":"has-post-thumbnail","6":"product_brand-gym-factory","7":"product_cat-svarmenys-ir-stangos","8":"product_tag-spalva-tik-metaline","10":"first","11":"onbackorder","12":"taxable","13":"shipping-taxable","14":"purchasable","15":"product-type-variable","16":"has-default-attributes"},"acf":[],"yoast_head":"<!-- This site is optimized with the Yoast SEO plugin v25.2 - https:\/\/yoast.com\/wordpress\/plugins\/seo\/ -->\n<title>Z03XX Multi-Grip for Row - J\u0117gos treniruokli\u0173 \u012franga<\/title>\n<meta name=\"description\" content=\"\u0160i keli\u0173 ranken\u0173 eiliavimo rankena yra tvirta j\u0117gos treniruokli\u0173 \u012franga, suteikianti universalumo vir\u0161utin\u0117s k\u016bno dalies treniruot\u0117ms ir puikiai tinkanti treniruot\u0117ms namuose.\" \/>\n<meta name=\"robots\" content=\"index, follow, max-snippet:-1, max-image-preview:large, max-video-preview:-1\" \/>\n<link rel=\"canonical\" href=\"https:\/\/gymfactory.eu\/lt\/produktas\/z03xx-daugkartine-eiliu-rankena\/\" \/>\n<meta property=\"og:locale\" content=\"lt_LT\" \/>\n<meta property=\"og:type\" content=\"article\" \/>\n<meta property=\"og:title\" content=\"Z03XX Multi-Grip for Row - J\u0117gos treniruokli\u0173 \u012franga\" \/>\n<meta property=\"og:description\" content=\"\u0160i keli\u0173 ranken\u0173 eiliavimo rankena yra tvirta j\u0117gos treniruokli\u0173 \u012franga, suteikianti universalumo vir\u0161utin\u0117s k\u016bno dalies treniruot\u0117ms ir puikiai tinkanti treniruot\u0117ms namuose.\" \/>\n<meta property=\"og:url\" content=\"https:\/\/gymfactory.eu\/lt\/produktas\/z03xx-daugkartine-eiliu-rankena\/\" \/>\n<meta property=\"og:site_name\" content=\"Gym Factory\" \/>\n<meta property=\"article:modified_time\" content=\"2025-09-10T07:56:46+00:00\" \/>\n<meta property=\"og:image\" content=\"https:\/\/gymfactory.eu\/wp-content\/uploads\/2025\/03\/Z03XX-high-quality-steel-structure-multi-grip-row-handle.webp\" \/>\n\t<meta property=\"og:image:width\" content=\"600\" \/>\n\t<meta property=\"og:image:height\" content=\"600\" \/>\n\t<meta property=\"og:image:type\" content=\"image\/webp\" \/>\n<meta name=\"twitter:card\" content=\"summary_large_image\" \/>\n<meta name=\"twitter:label1\" content=\"Est. reading time\" \/>\n\t<meta name=\"twitter:data1\" content=\"1 minut\u0117\" \/>\n<script type=\"application\/ld+json\" class=\"yoast-schema-graph\">{\"@context\":\"https:\/\/schema.org\",\"@graph\":[{\"@type\":\"WebPage\",\"@id\":\"https:\/\/gymfactory.eu\/lt\/produktas\/z03xx-daugkartine-eiliu-rankena\/\",\"url\":\"https:\/\/gymfactory.eu\/lt\/produktas\/z03xx-daugkartine-eiliu-rankena\/\",\"name\":\"Z03XX Multi-Grip for Row - J\u0117gos treniruokli\u0173 \u012franga\",\"isPartOf\":{\"@id\":\"https:\/\/gymfactory.eu\/lt\/#website\"},\"primaryImageOfPage\":{\"@id\":\"https:\/\/gymfactory.eu\/lt\/produktas\/z03xx-daugkartine-eiliu-rankena\/#primaryimage\"},\"image\":{\"@id\":\"https:\/\/gymfactory.eu\/lt\/produktas\/z03xx-daugkartine-eiliu-rankena\/#primaryimage\"},\"thumbnailUrl\":\"https:\/\/gymfactory.eu\/wp-content\/uploads\/2025\/03\/Z03XX-high-quality-steel-structure-multi-grip-row-handle.webp\",\"datePublished\":\"2025-03-03T08:21:58+00:00\",\"dateModified\":\"2025-09-10T07:56:46+00:00\",\"description\":\"\u0160i keli\u0173 ranken\u0173 eiliavimo rankena yra tvirta j\u0117gos treniruokli\u0173 \u012franga, suteikianti universalumo vir\u0161utin\u0117s k\u016bno dalies treniruot\u0117ms ir puikiai tinkanti treniruot\u0117ms namuose.\",\"breadcrumb\":{\"@id\":\"https:\/\/gymfactory.eu\/lt\/produktas\/z03xx-daugkartine-eiliu-rankena\/#breadcrumb\"},\"inLanguage\":\"lt-LT\",\"potentialAction\":[{\"@type\":\"ReadAction\",\"target\":[\"https:\/\/gymfactory.eu\/lt\/produktas\/z03xx-daugkartine-eiliu-rankena\/\"]}]},{\"@type\":\"ImageObject\",\"inLanguage\":\"lt-LT\",\"@id\":\"https:\/\/gymfactory.eu\/lt\/produktas\/z03xx-daugkartine-eiliu-rankena\/#primaryimage\",\"url\":\"https:\/\/gymfactory.eu\/wp-content\/uploads\/2025\/03\/Z03XX-high-quality-steel-structure-multi-grip-row-handle.webp\",\"contentUrl\":\"https:\/\/gymfactory.eu\/wp-content\/uploads\/2025\/03\/Z03XX-high-quality-steel-structure-multi-grip-row-handle.webp\",\"width\":600,\"height\":600,\"caption\":\"Auk\u0161tos kokyb\u0117s plienin\u0117s konstrukcijos daugkartinio su\u0117mimo eilut\u0117s rankena, skirta j\u0117gos treniruokli\u0173 \u012frangai. Rankenoje yra kelios rankenos pad\u0117tys, kad b\u016bt\u0173 galima \u012fvairiai \u012fdarbinti raumenis, patvari juoda milteline danga dengta apdaila ir centrinis tvirtinimo ta\u0161kas, skirtas saugiai prijungti prie lyn\u0173 treniruokli\u0173 ar minosvaid\u017ei\u0173. \u0160is priedas idealiai tinka nugaros ir vir\u0161utin\u0117s k\u016bno dalies treniruot\u0117ms, jis pagerina treniruokli\u0173 sal\u0117s s\u0105rankas, kad treniruot\u0117s b\u016bt\u0173 universalios.\"},{\"@type\":\"BreadcrumbList\",\"@id\":\"https:\/\/gymfactory.eu\/lt\/produktas\/z03xx-daugkartine-eiliu-rankena\/#breadcrumb\",\"itemListElement\":[{\"@type\":\"ListItem\",\"position\":1,\"name\":\"Pagrindinis\",\"item\":\"https:\/\/gymfactory.eu\/lt\/\"},{\"@type\":\"ListItem\",\"position\":2,\"name\":\"Katalogas\",\"item\":\"https:\/\/gymfactory.eu\/lt\/katalogas\/\"},{\"@type\":\"ListItem\",\"position\":3,\"name\":\"Z03XX Daugiapozicinis traukos grifas\"}]},{\"@type\":\"WebSite\",\"@id\":\"https:\/\/gymfactory.eu\/lt\/#website\",\"url\":\"https:\/\/gymfactory.eu\/lt\/\",\"name\":\"Gym Factory\",\"description\":\"\",\"publisher\":{\"@id\":\"https:\/\/gymfactory.eu\/lt\/#organization\"},\"potentialAction\":[{\"@type\":\"SearchAction\",\"target\":{\"@type\":\"EntryPoint\",\"urlTemplate\":\"https:\/\/gymfactory.eu\/lt\/?s={search_term_string}\"},\"query-input\":{\"@type\":\"PropertyValueSpecification\",\"valueRequired\":true,\"valueName\":\"search_term_string\"}}],\"inLanguage\":\"lt-LT\"},{\"@type\":\"Organization\",\"@id\":\"https:\/\/gymfactory.eu\/lt\/#organization\",\"name\":\"Sporto sal\u0117s gamykla\",\"url\":\"https:\/\/gymfactory.eu\/lt\/\",\"logo\":{\"@type\":\"ImageObject\",\"inLanguage\":\"lt-LT\",\"@id\":\"https:\/\/gymfactory.eu\/lt\/#\/schema\/logo\/image\/\",\"url\":\"https:\/\/gymfactory.eu\/wp-content\/uploads\/2024\/11\/Component-1.svg\",\"contentUrl\":\"https:\/\/gymfactory.eu\/wp-content\/uploads\/2024\/11\/Component-1.svg\",\"width\":54,\"height\":44,\"caption\":\"Sporto sal\u0117s gamykla\"},\"image\":{\"@id\":\"https:\/\/gymfactory.eu\/lt\/#\/schema\/logo\/image\/\"}}]}<\/script>\n<!-- \/ Yoast SEO plugin. -->","yoast_head_json":{"title":"Z03XX Multi-Grip for Row - J\u0117gos treniruokli\u0173 \u012franga","description":"\u0160i keli\u0173 ranken\u0173 eiliavimo rankena yra tvirta j\u0117gos treniruokli\u0173 \u012franga, suteikianti universalumo vir\u0161utin\u0117s k\u016bno dalies treniruot\u0117ms ir puikiai tinkanti treniruot\u0117ms namuose.","robots":{"index":"index","follow":"follow","max-snippet":"max-snippet:-1","max-image-preview":"max-image-preview:large","max-video-preview":"max-video-preview:-1"},"canonical":"https:\/\/gymfactory.eu\/lt\/produktas\/z03xx-daugkartine-eiliu-rankena\/","og_locale":"lt_LT","og_type":"article","og_title":"Z03XX Multi-Grip for Row - J\u0117gos treniruokli\u0173 \u012franga","og_description":"\u0160i keli\u0173 ranken\u0173 eiliavimo rankena yra tvirta j\u0117gos treniruokli\u0173 \u012franga, suteikianti universalumo vir\u0161utin\u0117s k\u016bno dalies treniruot\u0117ms ir puikiai tinkanti treniruot\u0117ms namuose.","og_url":"https:\/\/gymfactory.eu\/lt\/produktas\/z03xx-daugkartine-eiliu-rankena\/","og_site_name":"Gym Factory","article_modified_time":"2025-09-10T07:56:46+00:00","og_image":[{"width":600,"height":600,"url":"https:\/\/gymfactory.eu\/wp-content\/uploads\/2025\/03\/Z03XX-high-quality-steel-structure-multi-grip-row-handle.webp","type":"image\/webp"}],"twitter_card":"summary_large_image","twitter_misc":{"Est. reading time":"1 minut\u0117"},"schema":{"@context":"https:\/\/schema.org","@graph":[{"@type":"WebPage","@id":"https:\/\/gymfactory.eu\/lt\/produktas\/z03xx-daugkartine-eiliu-rankena\/","url":"https:\/\/gymfactory.eu\/lt\/produktas\/z03xx-daugkartine-eiliu-rankena\/","name":"Z03XX Multi-Grip for Row - J\u0117gos treniruokli\u0173 \u012franga","isPartOf":{"@id":"https:\/\/gymfactory.eu\/lt\/#website"},"primaryImageOfPage":{"@id":"https:\/\/gymfactory.eu\/lt\/produktas\/z03xx-daugkartine-eiliu-rankena\/#primaryimage"},"image":{"@id":"https:\/\/gymfactory.eu\/lt\/produktas\/z03xx-daugkartine-eiliu-rankena\/#primaryimage"},"thumbnailUrl":"https:\/\/gymfactory.eu\/wp-content\/uploads\/2025\/03\/Z03XX-high-quality-steel-structure-multi-grip-row-handle.webp","datePublished":"2025-03-03T08:21:58+00:00","dateModified":"2025-09-10T07:56:46+00:00","description":"\u0160i keli\u0173 ranken\u0173 eiliavimo rankena yra tvirta j\u0117gos treniruokli\u0173 \u012franga, suteikianti universalumo vir\u0161utin\u0117s k\u016bno dalies treniruot\u0117ms ir puikiai tinkanti treniruot\u0117ms namuose.","breadcrumb":{"@id":"https:\/\/gymfactory.eu\/lt\/produktas\/z03xx-daugkartine-eiliu-rankena\/#breadcrumb"},"inLanguage":"lt-LT","potentialAction":[{"@type":"ReadAction","target":["https:\/\/gymfactory.eu\/lt\/produktas\/z03xx-daugkartine-eiliu-rankena\/"]}]},{"@type":"ImageObject","inLanguage":"lt-LT","@id":"https:\/\/gymfactory.eu\/lt\/produktas\/z03xx-daugkartine-eiliu-rankena\/#primaryimage","url":"https:\/\/gymfactory.eu\/wp-content\/uploads\/2025\/03\/Z03XX-high-quality-steel-structure-multi-grip-row-handle.webp","contentUrl":"https:\/\/gymfactory.eu\/wp-content\/uploads\/2025\/03\/Z03XX-high-quality-steel-structure-multi-grip-row-handle.webp","width":600,"height":600,"caption":"Auk\u0161tos kokyb\u0117s plienin\u0117s konstrukcijos daugkartinio su\u0117mimo eilut\u0117s rankena, skirta j\u0117gos treniruokli\u0173 \u012frangai. Rankenoje yra kelios rankenos pad\u0117tys, kad b\u016bt\u0173 galima \u012fvairiai \u012fdarbinti raumenis, patvari juoda milteline danga dengta apdaila ir centrinis tvirtinimo ta\u0161kas, skirtas saugiai prijungti prie lyn\u0173 treniruokli\u0173 ar minosvaid\u017ei\u0173. \u0160is priedas idealiai tinka nugaros ir vir\u0161utin\u0117s k\u016bno dalies treniruot\u0117ms, jis pagerina treniruokli\u0173 sal\u0117s s\u0105rankas, kad treniruot\u0117s b\u016bt\u0173 universalios."},{"@type":"BreadcrumbList","@id":"https:\/\/gymfactory.eu\/lt\/produktas\/z03xx-daugkartine-eiliu-rankena\/#breadcrumb","itemListElement":[{"@type":"ListItem","position":1,"name":"Pagrindinis","item":"https:\/\/gymfactory.eu\/lt\/"},{"@type":"ListItem","position":2,"name":"Katalogas","item":"https:\/\/gymfactory.eu\/lt\/katalogas\/"},{"@type":"ListItem","position":3,"name":"Z03XX Daugiapozicinis traukos grifas"}]},{"@type":"WebSite","@id":"https:\/\/gymfactory.eu\/lt\/#website","url":"https:\/\/gymfactory.eu\/lt\/","name":"Gym Factory","description":"","publisher":{"@id":"https:\/\/gymfactory.eu\/lt\/#organization"},"potentialAction":[{"@type":"SearchAction","target":{"@type":"EntryPoint","urlTemplate":"https:\/\/gymfactory.eu\/lt\/?s={search_term_string}"},"query-input":{"@type":"PropertyValueSpecification","valueRequired":true,"valueName":"search_term_string"}}],"inLanguage":"lt-LT"},{"@type":"Organization","@id":"https:\/\/gymfactory.eu\/lt\/#organization","name":"Sporto sal\u0117s gamykla","url":"https:\/\/gymfactory.eu\/lt\/","logo":{"@type":"ImageObject","inLanguage":"lt-LT","@id":"https:\/\/gymfactory.eu\/lt\/#\/schema\/logo\/image\/","url":"https:\/\/gymfactory.eu\/wp-content\/uploads\/2024\/11\/Component-1.svg","contentUrl":"https:\/\/gymfactory.eu\/wp-content\/uploads\/2024\/11\/Component-1.svg","width":54,"height":44,"caption":"Sporto sal\u0117s gamykla"},"image":{"@id":"https:\/\/gymfactory.eu\/lt\/#\/schema\/logo\/image\/"}}]}},"_links":{"self":[{"href":"https:\/\/gymfactory.eu\/lt\/wp-json\/wp\/v2\/product\/9680","targetHints":{"allow":["GET"]}}],"collection":[{"href":"https:\/\/gymfactory.eu\/lt\/wp-json\/wp\/v2\/product"}],"about":[{"href":"https:\/\/gymfactory.eu\/lt\/wp-json\/wp\/v2\/types\/product"}],"wp:featuredmedia":[{"embeddable":true,"href":"https:\/\/gymfactory.eu\/lt\/wp-json\/wp\/v2\/media\/8191"}],"wp:attachment":[{"href":"https:\/\/gymfactory.eu\/lt\/wp-json\/wp\/v2\/media?parent=9680"}],"wp:term":[{"taxonomy":"product_brand","embeddable":true,"href":"https:\/\/gymfactory.eu\/lt\/wp-json\/wp\/v2\/product_brand?post=9680"},{"taxonomy":"product_cat","embeddable":true,"href":"https:\/\/gymfactory.eu\/lt\/wp-json\/wp\/v2\/product_cat?post=9680"},{"taxonomy":"product_tag","embeddable":true,"href":"https:\/\/gymfactory.eu\/lt\/wp-json\/wp\/v2\/product_tag?post=9680"}],"curies":[{"name":"wp","href":"https:\/\/api.w.org\/{rel}","templated":true}]}}