{"id":9677,"date":"2025-03-03T10:05:42","date_gmt":"2025-03-03T08:05:42","guid":{"rendered":"https:\/\/gymfactory.eu\/product\/z03g1-olimpine-stanga\/"},"modified":"2026-01-14T13:43:18","modified_gmt":"2026-01-14T11:43:18","slug":"z03g1-olimpine-stanga","status":"publish","type":"product","link":"https:\/\/gymfactory.eu\/lt\/produktas\/z03g1-olimpine-stanga\/","title":{"rendered":"Z03G1 Pastiprintas olimpinis grifas"},"content":{"rendered":"<p>Z03G1 olimpinis grifas \u2013 tvirta ir patikima \u012franga j\u0117gos treniruot\u0117ms, skirta naudoti su 50\u202fmm olimpiniais diskais. Tinka \u012fvairiems pratimams: \u0161tangos traukai, spaudimams, prit\u016bpimams ar &#8222;mirties traukai&#8221;. Puikiai pritaikoma tiek nam\u0173, tiek profesionalioje sporto sal\u0117je.<\/p>\n<p><strong>Pagrindin\u0117s specifikacijos:<\/strong><br \/>\n\u2022 Bendras ilgis: 220\u202fcm<br \/>\n\u2022 Movos skersmuo: 50\u202fmm<br \/>\n\u2022 Movos ilgis: 39\u202fcm<br \/>\n\u2022 Su\u0117mimo skersmuo: 28\u202fmm<br \/>\n\u2022 Su\u0117mimo ilgis: 134\u202fcm<br \/>\n\u2022 \u0160tangos svoris: 20\u202fkg<br \/>\n\u2022 Maksimali apkrova: 680\u202fkg<br \/>\n\u2022 Rifliuotas pavir\u0161iaus padengimas geresniam su\u0117mimui<\/p>\n<p>Z03G1 \u2013 tai auk\u0161tos apkrovos treniruot\u0117ms skirta \u0161tanga, u\u017etikrinanti patikim\u0105 darb\u0105 ir kontrol\u0119 net dirbant su maksimaliais svoriais.<\/p>\n\n    <div class=\"xs_social_share_widget xs_share_url after_content \t\tmain_content  wslu-style-1 wslu-share-box-shaped wslu-fill-colored wslu-none wslu-share-horizontal wslu-theme-font-no wslu-main_content\">\n\n\t\t\n        <ul>\n\t\t\t        <\/ul>\n    <\/div> \n","protected":false},"excerpt":{"rendered":"<p>Z03G1 olimpinis grifas \u2013 tvirta ir patikima \u012franga j\u0117gos treniruot\u0117ms, skirta naudoti su 50\u202fmm olimpiniais diskais. Tinka \u012fvairiems pratimams: \u0161tangos traukai, spaudimams, prit\u016bpimams ar &#8222;mirties traukai&#8221;. Puikiai pritaikoma tiek nam\u0173, tiek profesionalioje sporto sal\u0117je. Pagrindin\u0117s specifikacijos: \u2022 Bendras ilgis: 220\u202fcm \u2022 Movos skersmuo: 50\u202fmm \u2022 Movos ilgis: 39\u202fcm \u2022 Su\u0117mimo skersmuo: 28\u202fmm \u2022 Su\u0117mimo ilgis: [&hellip;]<\/p>\n","protected":false},"featured_media":9104,"template":"","meta":{"_acf_changed":false},"product_brand":[817],"product_cat":[405],"product_tag":[393],"class_list":{"0":"post-9677","1":"product","2":"type-product","3":"status-publish","4":"has-post-thumbnail","6":"product_brand-gym-factory-lt","7":"product_cat-svarmenys-ir-stangos","8":"product_tag-spalva-nera-spalvu","10":"first","11":"onbackorder","12":"taxable","13":"shipping-taxable","14":"purchasable","15":"product-type-simple"},"acf":[],"yoast_head":"<!-- This site is optimized with the Yoast SEO plugin v25.2 - https:\/\/yoast.com\/wordpress\/plugins\/seo\/ -->\n<title>Z03G1 olimpin\u0117 \u0161tanga - auk\u0161\u010diausios kokyb\u0117s \u012franga treniruot\u0117ms su svoriais<\/title>\n<meta name=\"description\" content=\"Olimpin\u0117 \u0161tanga Z03G1, pagaminta i\u0161 auk\u0161tos kokyb\u0117s plieno konstrukcijos, yra treniruo\u010di\u0173 su svoriais \u012franga, pasi\u017eyminti ilgaam\u017ei\u0161kumu, pusiausvyra ir saugiu laikymu.\" \/>\n<meta name=\"robots\" content=\"index, follow, max-snippet:-1, max-image-preview:large, max-video-preview:-1\" \/>\n<link rel=\"canonical\" href=\"https:\/\/gymfactory.eu\/lt\/produktas\/z03g1-olimpine-stanga\/\" \/>\n<meta property=\"og:locale\" content=\"lt_LT\" \/>\n<meta property=\"og:type\" content=\"article\" \/>\n<meta property=\"og:title\" content=\"Z03G1 olimpin\u0117 \u0161tanga - auk\u0161\u010diausios kokyb\u0117s \u012franga treniruot\u0117ms su svoriais\" \/>\n<meta property=\"og:description\" content=\"Olimpin\u0117 \u0161tanga Z03G1, pagaminta i\u0161 auk\u0161tos kokyb\u0117s plieno konstrukcijos, yra treniruo\u010di\u0173 su svoriais \u012franga, pasi\u017eyminti ilgaam\u017ei\u0161kumu, pusiausvyra ir saugiu laikymu.\" \/>\n<meta property=\"og:url\" content=\"https:\/\/gymfactory.eu\/lt\/produktas\/z03g1-olimpine-stanga\/\" \/>\n<meta property=\"og:site_name\" content=\"Gym Factory\" \/>\n<meta property=\"article:modified_time\" content=\"2026-01-14T11:43:18+00:00\" \/>\n<meta property=\"og:image\" content=\"https:\/\/gymfactory.eu\/wp-content\/uploads\/2025\/03\/equipment-for-weight-training-olympic-barbell-knurled-grip-1.webp\" \/>\n\t<meta property=\"og:image:width\" content=\"1500\" \/>\n\t<meta property=\"og:image:height\" content=\"1500\" \/>\n\t<meta property=\"og:image:type\" content=\"image\/webp\" \/>\n<meta name=\"twitter:card\" content=\"summary_large_image\" \/>\n<meta name=\"twitter:label1\" content=\"Est. reading time\" \/>\n\t<meta name=\"twitter:data1\" content=\"1 minut\u0117\" \/>\n<script type=\"application\/ld+json\" class=\"yoast-schema-graph\">{\"@context\":\"https:\/\/schema.org\",\"@graph\":[{\"@type\":\"WebPage\",\"@id\":\"https:\/\/gymfactory.eu\/lt\/produktas\/z03g1-olimpine-stanga\/\",\"url\":\"https:\/\/gymfactory.eu\/lt\/produktas\/z03g1-olimpine-stanga\/\",\"name\":\"Z03G1 olimpin\u0117 \u0161tanga - auk\u0161\u010diausios kokyb\u0117s \u012franga treniruot\u0117ms su svoriais\",\"isPartOf\":{\"@id\":\"https:\/\/gymfactory.eu\/lt\/#website\"},\"primaryImageOfPage\":{\"@id\":\"https:\/\/gymfactory.eu\/lt\/produktas\/z03g1-olimpine-stanga\/#primaryimage\"},\"image\":{\"@id\":\"https:\/\/gymfactory.eu\/lt\/produktas\/z03g1-olimpine-stanga\/#primaryimage\"},\"thumbnailUrl\":\"https:\/\/gymfactory.eu\/wp-content\/uploads\/2025\/03\/equipment-for-weight-training-olympic-barbell-knurled-grip-1.webp\",\"datePublished\":\"2025-03-03T08:05:42+00:00\",\"dateModified\":\"2026-01-14T11:43:18+00:00\",\"description\":\"Olimpin\u0117 \u0161tanga Z03G1, pagaminta i\u0161 auk\u0161tos kokyb\u0117s plieno konstrukcijos, yra treniruo\u010di\u0173 su svoriais \u012franga, pasi\u017eyminti ilgaam\u017ei\u0161kumu, pusiausvyra ir saugiu laikymu.\",\"breadcrumb\":{\"@id\":\"https:\/\/gymfactory.eu\/lt\/produktas\/z03g1-olimpine-stanga\/#breadcrumb\"},\"inLanguage\":\"lt-LT\",\"potentialAction\":[{\"@type\":\"ReadAction\",\"target\":[\"https:\/\/gymfactory.eu\/lt\/produktas\/z03g1-olimpine-stanga\/\"]}]},{\"@type\":\"ImageObject\",\"inLanguage\":\"lt-LT\",\"@id\":\"https:\/\/gymfactory.eu\/lt\/produktas\/z03g1-olimpine-stanga\/#primaryimage\",\"url\":\"https:\/\/gymfactory.eu\/wp-content\/uploads\/2025\/03\/equipment-for-weight-training-olympic-barbell-knurled-grip-1.webp\",\"contentUrl\":\"https:\/\/gymfactory.eu\/wp-content\/uploads\/2025\/03\/equipment-for-weight-training-olympic-barbell-knurled-grip-1.webp\",\"width\":1500,\"height\":1500,\"caption\":\"Stambiu planu parodytas olimpin\u0117s \u0161tangos juodos spalvos rauk\u0161l\u0117tas kotas, i\u0161ry\u0161kinantis tekst\u016brin\u0119 ranken\u0105, u\u017etikrinan\u010di\u0105 geresn\u0119 kontrol\u0119. \u0160i treniruokli\u0173 su svoriais \u012franga skirta sunkiems svoriams kelti ir profesionaliam naudojimui.\"},{\"@type\":\"BreadcrumbList\",\"@id\":\"https:\/\/gymfactory.eu\/lt\/produktas\/z03g1-olimpine-stanga\/#breadcrumb\",\"itemListElement\":[{\"@type\":\"ListItem\",\"position\":1,\"name\":\"Pagrindinis\",\"item\":\"https:\/\/gymfactory.eu\/lt\/\"},{\"@type\":\"ListItem\",\"position\":2,\"name\":\"Katalogas\",\"item\":\"https:\/\/gymfactory.eu\/lt\/katalogas\/\"},{\"@type\":\"ListItem\",\"position\":3,\"name\":\"Z03G1 Pastiprintas olimpinis grifas\"}]},{\"@type\":\"WebSite\",\"@id\":\"https:\/\/gymfactory.eu\/lt\/#website\",\"url\":\"https:\/\/gymfactory.eu\/lt\/\",\"name\":\"Gym Factory\",\"description\":\"\",\"publisher\":{\"@id\":\"https:\/\/gymfactory.eu\/lt\/#organization\"},\"potentialAction\":[{\"@type\":\"SearchAction\",\"target\":{\"@type\":\"EntryPoint\",\"urlTemplate\":\"https:\/\/gymfactory.eu\/lt\/?s={search_term_string}\"},\"query-input\":{\"@type\":\"PropertyValueSpecification\",\"valueRequired\":true,\"valueName\":\"search_term_string\"}}],\"inLanguage\":\"lt-LT\"},{\"@type\":\"Organization\",\"@id\":\"https:\/\/gymfactory.eu\/lt\/#organization\",\"name\":\"Sporto sal\u0117s gamykla\",\"url\":\"https:\/\/gymfactory.eu\/lt\/\",\"logo\":{\"@type\":\"ImageObject\",\"inLanguage\":\"lt-LT\",\"@id\":\"https:\/\/gymfactory.eu\/lt\/#\/schema\/logo\/image\/\",\"url\":\"https:\/\/gymfactory.eu\/wp-content\/uploads\/2024\/11\/Component-1.svg\",\"contentUrl\":\"https:\/\/gymfactory.eu\/wp-content\/uploads\/2024\/11\/Component-1.svg\",\"width\":54,\"height\":44,\"caption\":\"Sporto sal\u0117s gamykla\"},\"image\":{\"@id\":\"https:\/\/gymfactory.eu\/lt\/#\/schema\/logo\/image\/\"}}]}<\/script>\n<!-- \/ Yoast SEO plugin. -->","yoast_head_json":{"title":"Z03G1 olimpin\u0117 \u0161tanga - auk\u0161\u010diausios kokyb\u0117s \u012franga treniruot\u0117ms su svoriais","description":"Olimpin\u0117 \u0161tanga Z03G1, pagaminta i\u0161 auk\u0161tos kokyb\u0117s plieno konstrukcijos, yra treniruo\u010di\u0173 su svoriais \u012franga, pasi\u017eyminti ilgaam\u017ei\u0161kumu, pusiausvyra ir saugiu laikymu.","robots":{"index":"index","follow":"follow","max-snippet":"max-snippet:-1","max-image-preview":"max-image-preview:large","max-video-preview":"max-video-preview:-1"},"canonical":"https:\/\/gymfactory.eu\/lt\/produktas\/z03g1-olimpine-stanga\/","og_locale":"lt_LT","og_type":"article","og_title":"Z03G1 olimpin\u0117 \u0161tanga - auk\u0161\u010diausios kokyb\u0117s \u012franga treniruot\u0117ms su svoriais","og_description":"Olimpin\u0117 \u0161tanga Z03G1, pagaminta i\u0161 auk\u0161tos kokyb\u0117s plieno konstrukcijos, yra treniruo\u010di\u0173 su svoriais \u012franga, pasi\u017eyminti ilgaam\u017ei\u0161kumu, pusiausvyra ir saugiu laikymu.","og_url":"https:\/\/gymfactory.eu\/lt\/produktas\/z03g1-olimpine-stanga\/","og_site_name":"Gym Factory","article_modified_time":"2026-01-14T11:43:18+00:00","og_image":[{"width":1500,"height":1500,"url":"https:\/\/gymfactory.eu\/wp-content\/uploads\/2025\/03\/equipment-for-weight-training-olympic-barbell-knurled-grip-1.webp","type":"image\/webp"}],"twitter_card":"summary_large_image","twitter_misc":{"Est. reading time":"1 minut\u0117"},"schema":{"@context":"https:\/\/schema.org","@graph":[{"@type":"WebPage","@id":"https:\/\/gymfactory.eu\/lt\/produktas\/z03g1-olimpine-stanga\/","url":"https:\/\/gymfactory.eu\/lt\/produktas\/z03g1-olimpine-stanga\/","name":"Z03G1 olimpin\u0117 \u0161tanga - auk\u0161\u010diausios kokyb\u0117s \u012franga treniruot\u0117ms su svoriais","isPartOf":{"@id":"https:\/\/gymfactory.eu\/lt\/#website"},"primaryImageOfPage":{"@id":"https:\/\/gymfactory.eu\/lt\/produktas\/z03g1-olimpine-stanga\/#primaryimage"},"image":{"@id":"https:\/\/gymfactory.eu\/lt\/produktas\/z03g1-olimpine-stanga\/#primaryimage"},"thumbnailUrl":"https:\/\/gymfactory.eu\/wp-content\/uploads\/2025\/03\/equipment-for-weight-training-olympic-barbell-knurled-grip-1.webp","datePublished":"2025-03-03T08:05:42+00:00","dateModified":"2026-01-14T11:43:18+00:00","description":"Olimpin\u0117 \u0161tanga Z03G1, pagaminta i\u0161 auk\u0161tos kokyb\u0117s plieno konstrukcijos, yra treniruo\u010di\u0173 su svoriais \u012franga, pasi\u017eyminti ilgaam\u017ei\u0161kumu, pusiausvyra ir saugiu laikymu.","breadcrumb":{"@id":"https:\/\/gymfactory.eu\/lt\/produktas\/z03g1-olimpine-stanga\/#breadcrumb"},"inLanguage":"lt-LT","potentialAction":[{"@type":"ReadAction","target":["https:\/\/gymfactory.eu\/lt\/produktas\/z03g1-olimpine-stanga\/"]}]},{"@type":"ImageObject","inLanguage":"lt-LT","@id":"https:\/\/gymfactory.eu\/lt\/produktas\/z03g1-olimpine-stanga\/#primaryimage","url":"https:\/\/gymfactory.eu\/wp-content\/uploads\/2025\/03\/equipment-for-weight-training-olympic-barbell-knurled-grip-1.webp","contentUrl":"https:\/\/gymfactory.eu\/wp-content\/uploads\/2025\/03\/equipment-for-weight-training-olympic-barbell-knurled-grip-1.webp","width":1500,"height":1500,"caption":"Stambiu planu parodytas olimpin\u0117s \u0161tangos juodos spalvos rauk\u0161l\u0117tas kotas, i\u0161ry\u0161kinantis tekst\u016brin\u0119 ranken\u0105, u\u017etikrinan\u010di\u0105 geresn\u0119 kontrol\u0119. \u0160i treniruokli\u0173 su svoriais \u012franga skirta sunkiems svoriams kelti ir profesionaliam naudojimui."},{"@type":"BreadcrumbList","@id":"https:\/\/gymfactory.eu\/lt\/produktas\/z03g1-olimpine-stanga\/#breadcrumb","itemListElement":[{"@type":"ListItem","position":1,"name":"Pagrindinis","item":"https:\/\/gymfactory.eu\/lt\/"},{"@type":"ListItem","position":2,"name":"Katalogas","item":"https:\/\/gymfactory.eu\/lt\/katalogas\/"},{"@type":"ListItem","position":3,"name":"Z03G1 Pastiprintas olimpinis grifas"}]},{"@type":"WebSite","@id":"https:\/\/gymfactory.eu\/lt\/#website","url":"https:\/\/gymfactory.eu\/lt\/","name":"Gym Factory","description":"","publisher":{"@id":"https:\/\/gymfactory.eu\/lt\/#organization"},"potentialAction":[{"@type":"SearchAction","target":{"@type":"EntryPoint","urlTemplate":"https:\/\/gymfactory.eu\/lt\/?s={search_term_string}"},"query-input":{"@type":"PropertyValueSpecification","valueRequired":true,"valueName":"search_term_string"}}],"inLanguage":"lt-LT"},{"@type":"Organization","@id":"https:\/\/gymfactory.eu\/lt\/#organization","name":"Sporto sal\u0117s gamykla","url":"https:\/\/gymfactory.eu\/lt\/","logo":{"@type":"ImageObject","inLanguage":"lt-LT","@id":"https:\/\/gymfactory.eu\/lt\/#\/schema\/logo\/image\/","url":"https:\/\/gymfactory.eu\/wp-content\/uploads\/2024\/11\/Component-1.svg","contentUrl":"https:\/\/gymfactory.eu\/wp-content\/uploads\/2024\/11\/Component-1.svg","width":54,"height":44,"caption":"Sporto sal\u0117s gamykla"},"image":{"@id":"https:\/\/gymfactory.eu\/lt\/#\/schema\/logo\/image\/"}}]}},"_links":{"self":[{"href":"https:\/\/gymfactory.eu\/lt\/wp-json\/wp\/v2\/product\/9677","targetHints":{"allow":["GET"]}}],"collection":[{"href":"https:\/\/gymfactory.eu\/lt\/wp-json\/wp\/v2\/product"}],"about":[{"href":"https:\/\/gymfactory.eu\/lt\/wp-json\/wp\/v2\/types\/product"}],"wp:featuredmedia":[{"embeddable":true,"href":"https:\/\/gymfactory.eu\/lt\/wp-json\/wp\/v2\/media\/9104"}],"wp:attachment":[{"href":"https:\/\/gymfactory.eu\/lt\/wp-json\/wp\/v2\/media?parent=9677"}],"wp:term":[{"taxonomy":"product_brand","embeddable":true,"href":"https:\/\/gymfactory.eu\/lt\/wp-json\/wp\/v2\/product_brand?post=9677"},{"taxonomy":"product_cat","embeddable":true,"href":"https:\/\/gymfactory.eu\/lt\/wp-json\/wp\/v2\/product_cat?post=9677"},{"taxonomy":"product_tag","embeddable":true,"href":"https:\/\/gymfactory.eu\/lt\/wp-json\/wp\/v2\/product_tag?post=9677"}],"curies":[{"name":"wp","href":"https:\/\/api.w.org\/{rel}","templated":true}]}}