{"id":9670,"date":"2025-04-09T15:45:33","date_gmt":"2025-04-09T12:45:33","guid":{"rendered":"https:\/\/gymfactory.eu\/product\/tg-6-balansinis-kamuolys\/"},"modified":"2026-01-23T14:52:06","modified_gmt":"2026-01-23T12:52:06","slug":"tg-6-balansinis-kamuolys","status":"publish","type":"product","link":"https:\/\/gymfactory.eu\/lt\/produktas\/tg-6-balansinis-kamuolys\/","title":{"rendered":"TG6 Balansinis kamuolys"},"content":{"rendered":"<p>TG\u20136 balansinis kamuolys \u2013 \u012franga nestabilumui treniruot\u0117se sukurti, aktyvinanti giluminius raumenis, palaikan\u010dius liemen\u012f, stubur\u0105 ir laikysen\u0105. Tinka atsispaudimams, prit\u016bpimams, \u201elentos\u201c pratimams ir liemens stiprinimui.<\/p>\n<p>Padeda lavinti koordinacij\u0105, raumen\u0173 \u012fsitraukim\u0105 ir judesi\u0173 kontrol\u0119 k\u016bno svorio ar j\u0117gos treniruot\u0117se. Kompakti\u0161kas, patvarus, lengvai pritaikomas nam\u0173 ar sporto sali\u0173 s\u0105lygomis \u2013 tinka tiek bendrai fizinei formai palaikyti, tiek reabilitacijai ar sportiniam pasirengimui.<\/p>\n\n    <div class=\"xs_social_share_widget xs_share_url after_content \t\tmain_content  wslu-style-1 wslu-share-box-shaped wslu-fill-colored wslu-none wslu-share-horizontal wslu-theme-font-no wslu-main_content\">\n\n\t\t\n        <ul>\n\t\t\t        <\/ul>\n    <\/div> \n","protected":false},"excerpt":{"rendered":"<p>TG\u20136 balansinis kamuolys \u2013 \u012franga nestabilumui treniruot\u0117se sukurti, aktyvinanti giluminius raumenis, palaikan\u010dius liemen\u012f, stubur\u0105 ir laikysen\u0105. Tinka atsispaudimams, prit\u016bpimams, \u201elentos\u201c pratimams ir liemens stiprinimui. Padeda lavinti koordinacij\u0105, raumen\u0173 \u012fsitraukim\u0105 ir judesi\u0173 kontrol\u0119 k\u016bno svorio ar j\u0117gos treniruot\u0117se. Kompakti\u0161kas, patvarus, lengvai pritaikomas nam\u0173 ar sporto sali\u0173 s\u0105lygomis \u2013 tinka tiek bendrai fizinei formai palaikyti, tiek reabilitacijai [&hellip;]<\/p>\n","protected":false},"featured_media":9090,"template":"","meta":{"_acf_changed":false},"product_brand":[817],"product_cat":[418],"product_tag":[393],"class_list":{"0":"post-9670","1":"product","2":"type-product","3":"status-publish","4":"has-post-thumbnail","6":"product_brand-gym-factory-lt","7":"product_cat-treniruokliu-priedai","8":"product_tag-spalva-nera-spalvu","10":"first","11":"instock","12":"taxable","13":"shipping-taxable","14":"purchasable","15":"product-type-simple"},"acf":[],"yoast_head":"<!-- This site is optimized with the Yoast SEO plugin v25.2 - https:\/\/yoast.com\/wordpress\/plugins\/seo\/ -->\n<title>TG-6 balansinis kamuolys - treniruokli\u0173 sal\u0117s \u012franga pusiausvyrai lavinti<\/title>\n<meta name=\"description\" content=\"Su TG-6 balansiniu kamuoliu TG-6 i\u0161bandykite savo pagrind\u0105 ir stabilum\u0105. Svarbiausia sporto sal\u0117s \u012franga k\u016bno svorio treniruot\u0117ms, koordinacijai ir \u012f j\u0117g\u0105 orientuotoms treniruot\u0117ms.\" \/>\n<meta name=\"robots\" content=\"index, follow, max-snippet:-1, max-image-preview:large, max-video-preview:-1\" \/>\n<link rel=\"canonical\" href=\"https:\/\/gymfactory.eu\/lt\/produktas\/tg-6-balansinis-kamuolys\/\" \/>\n<meta property=\"og:locale\" content=\"lt_LT\" \/>\n<meta property=\"og:type\" content=\"article\" \/>\n<meta property=\"og:title\" content=\"TG-6 balansinis kamuolys - treniruokli\u0173 sal\u0117s \u012franga pusiausvyrai lavinti\" \/>\n<meta property=\"og:description\" content=\"Su TG-6 balansiniu kamuoliu TG-6 i\u0161bandykite savo pagrind\u0105 ir stabilum\u0105. Svarbiausia sporto sal\u0117s \u012franga k\u016bno svorio treniruot\u0117ms, koordinacijai ir \u012f j\u0117g\u0105 orientuotoms treniruot\u0117ms.\" \/>\n<meta property=\"og:url\" content=\"https:\/\/gymfactory.eu\/lt\/produktas\/tg-6-balansinis-kamuolys\/\" \/>\n<meta property=\"og:site_name\" content=\"Gym Factory\" \/>\n<meta property=\"article:modified_time\" content=\"2026-01-23T12:52:06+00:00\" \/>\n<meta property=\"og:image\" content=\"https:\/\/gymfactory.eu\/wp-content\/uploads\/2025\/04\/TG\u20136-Balance-Ball.webp\" \/>\n\t<meta property=\"og:image:width\" content=\"1500\" \/>\n\t<meta property=\"og:image:height\" content=\"1500\" \/>\n\t<meta property=\"og:image:type\" content=\"image\/webp\" \/>\n<meta name=\"twitter:card\" content=\"summary_large_image\" \/>\n<meta name=\"twitter:label1\" content=\"Est. reading time\" \/>\n\t<meta name=\"twitter:data1\" content=\"1 minut\u0117\" \/>\n<script type=\"application\/ld+json\" class=\"yoast-schema-graph\">{\"@context\":\"https:\/\/schema.org\",\"@graph\":[{\"@type\":\"WebPage\",\"@id\":\"https:\/\/gymfactory.eu\/lt\/produktas\/tg-6-balansinis-kamuolys\/\",\"url\":\"https:\/\/gymfactory.eu\/lt\/produktas\/tg-6-balansinis-kamuolys\/\",\"name\":\"TG-6 balansinis kamuolys - treniruokli\u0173 sal\u0117s \u012franga pusiausvyrai lavinti\",\"isPartOf\":{\"@id\":\"https:\/\/gymfactory.eu\/lt\/#website\"},\"primaryImageOfPage\":{\"@id\":\"https:\/\/gymfactory.eu\/lt\/produktas\/tg-6-balansinis-kamuolys\/#primaryimage\"},\"image\":{\"@id\":\"https:\/\/gymfactory.eu\/lt\/produktas\/tg-6-balansinis-kamuolys\/#primaryimage\"},\"thumbnailUrl\":\"https:\/\/gymfactory.eu\/wp-content\/uploads\/2025\/04\/TG\u20136-Balance-Ball.webp\",\"datePublished\":\"2025-04-09T12:45:33+00:00\",\"dateModified\":\"2026-01-23T12:52:06+00:00\",\"description\":\"Su TG-6 balansiniu kamuoliu TG-6 i\u0161bandykite savo pagrind\u0105 ir stabilum\u0105. Svarbiausia sporto sal\u0117s \u012franga k\u016bno svorio treniruot\u0117ms, koordinacijai ir \u012f j\u0117g\u0105 orientuotoms treniruot\u0117ms.\",\"breadcrumb\":{\"@id\":\"https:\/\/gymfactory.eu\/lt\/produktas\/tg-6-balansinis-kamuolys\/#breadcrumb\"},\"inLanguage\":\"lt-LT\",\"potentialAction\":[{\"@type\":\"ReadAction\",\"target\":[\"https:\/\/gymfactory.eu\/lt\/produktas\/tg-6-balansinis-kamuolys\/\"]}]},{\"@type\":\"ImageObject\",\"inLanguage\":\"lt-LT\",\"@id\":\"https:\/\/gymfactory.eu\/lt\/produktas\/tg-6-balansinis-kamuolys\/#primaryimage\",\"url\":\"https:\/\/gymfactory.eu\/wp-content\/uploads\/2025\/04\/TG\u20136-Balance-Ball.webp\",\"contentUrl\":\"https:\/\/gymfactory.eu\/wp-content\/uploads\/2025\/04\/TG\u20136-Balance-Ball.webp\",\"width\":1500,\"height\":1500,\"caption\":\"Juodos spalvos balansinis kamuolys TG-6, pavaizduotas vir\u0161uje ir apa\u010dioje, skirtas pagrindiniams, stabilumo ir j\u0117gos pratimams atlikti kaip funkcin\u0117s treniruokli\u0173 sal\u0117s \u012frangos dalis.\"},{\"@type\":\"BreadcrumbList\",\"@id\":\"https:\/\/gymfactory.eu\/lt\/produktas\/tg-6-balansinis-kamuolys\/#breadcrumb\",\"itemListElement\":[{\"@type\":\"ListItem\",\"position\":1,\"name\":\"Pagrindinis\",\"item\":\"https:\/\/gymfactory.eu\/lt\/\"},{\"@type\":\"ListItem\",\"position\":2,\"name\":\"Katalogas\",\"item\":\"https:\/\/gymfactory.eu\/lt\/katalogas\/\"},{\"@type\":\"ListItem\",\"position\":3,\"name\":\"TG6 Balansinis kamuolys\"}]},{\"@type\":\"WebSite\",\"@id\":\"https:\/\/gymfactory.eu\/lt\/#website\",\"url\":\"https:\/\/gymfactory.eu\/lt\/\",\"name\":\"Gym Factory\",\"description\":\"\",\"publisher\":{\"@id\":\"https:\/\/gymfactory.eu\/lt\/#organization\"},\"potentialAction\":[{\"@type\":\"SearchAction\",\"target\":{\"@type\":\"EntryPoint\",\"urlTemplate\":\"https:\/\/gymfactory.eu\/lt\/?s={search_term_string}\"},\"query-input\":{\"@type\":\"PropertyValueSpecification\",\"valueRequired\":true,\"valueName\":\"search_term_string\"}}],\"inLanguage\":\"lt-LT\"},{\"@type\":\"Organization\",\"@id\":\"https:\/\/gymfactory.eu\/lt\/#organization\",\"name\":\"Sporto sal\u0117s gamykla\",\"url\":\"https:\/\/gymfactory.eu\/lt\/\",\"logo\":{\"@type\":\"ImageObject\",\"inLanguage\":\"lt-LT\",\"@id\":\"https:\/\/gymfactory.eu\/lt\/#\/schema\/logo\/image\/\",\"url\":\"https:\/\/gymfactory.eu\/wp-content\/uploads\/2024\/11\/Component-1.svg\",\"contentUrl\":\"https:\/\/gymfactory.eu\/wp-content\/uploads\/2024\/11\/Component-1.svg\",\"width\":54,\"height\":44,\"caption\":\"Sporto sal\u0117s gamykla\"},\"image\":{\"@id\":\"https:\/\/gymfactory.eu\/lt\/#\/schema\/logo\/image\/\"}}]}<\/script>\n<!-- \/ Yoast SEO plugin. -->","yoast_head_json":{"title":"TG-6 balansinis kamuolys - treniruokli\u0173 sal\u0117s \u012franga pusiausvyrai lavinti","description":"Su TG-6 balansiniu kamuoliu TG-6 i\u0161bandykite savo pagrind\u0105 ir stabilum\u0105. Svarbiausia sporto sal\u0117s \u012franga k\u016bno svorio treniruot\u0117ms, koordinacijai ir \u012f j\u0117g\u0105 orientuotoms treniruot\u0117ms.","robots":{"index":"index","follow":"follow","max-snippet":"max-snippet:-1","max-image-preview":"max-image-preview:large","max-video-preview":"max-video-preview:-1"},"canonical":"https:\/\/gymfactory.eu\/lt\/produktas\/tg-6-balansinis-kamuolys\/","og_locale":"lt_LT","og_type":"article","og_title":"TG-6 balansinis kamuolys - treniruokli\u0173 sal\u0117s \u012franga pusiausvyrai lavinti","og_description":"Su TG-6 balansiniu kamuoliu TG-6 i\u0161bandykite savo pagrind\u0105 ir stabilum\u0105. Svarbiausia sporto sal\u0117s \u012franga k\u016bno svorio treniruot\u0117ms, koordinacijai ir \u012f j\u0117g\u0105 orientuotoms treniruot\u0117ms.","og_url":"https:\/\/gymfactory.eu\/lt\/produktas\/tg-6-balansinis-kamuolys\/","og_site_name":"Gym Factory","article_modified_time":"2026-01-23T12:52:06+00:00","og_image":[{"width":1500,"height":1500,"url":"https:\/\/gymfactory.eu\/wp-content\/uploads\/2025\/04\/TG\u20136-Balance-Ball.webp","type":"image\/webp"}],"twitter_card":"summary_large_image","twitter_misc":{"Est. reading time":"1 minut\u0117"},"schema":{"@context":"https:\/\/schema.org","@graph":[{"@type":"WebPage","@id":"https:\/\/gymfactory.eu\/lt\/produktas\/tg-6-balansinis-kamuolys\/","url":"https:\/\/gymfactory.eu\/lt\/produktas\/tg-6-balansinis-kamuolys\/","name":"TG-6 balansinis kamuolys - treniruokli\u0173 sal\u0117s \u012franga pusiausvyrai lavinti","isPartOf":{"@id":"https:\/\/gymfactory.eu\/lt\/#website"},"primaryImageOfPage":{"@id":"https:\/\/gymfactory.eu\/lt\/produktas\/tg-6-balansinis-kamuolys\/#primaryimage"},"image":{"@id":"https:\/\/gymfactory.eu\/lt\/produktas\/tg-6-balansinis-kamuolys\/#primaryimage"},"thumbnailUrl":"https:\/\/gymfactory.eu\/wp-content\/uploads\/2025\/04\/TG\u20136-Balance-Ball.webp","datePublished":"2025-04-09T12:45:33+00:00","dateModified":"2026-01-23T12:52:06+00:00","description":"Su TG-6 balansiniu kamuoliu TG-6 i\u0161bandykite savo pagrind\u0105 ir stabilum\u0105. Svarbiausia sporto sal\u0117s \u012franga k\u016bno svorio treniruot\u0117ms, koordinacijai ir \u012f j\u0117g\u0105 orientuotoms treniruot\u0117ms.","breadcrumb":{"@id":"https:\/\/gymfactory.eu\/lt\/produktas\/tg-6-balansinis-kamuolys\/#breadcrumb"},"inLanguage":"lt-LT","potentialAction":[{"@type":"ReadAction","target":["https:\/\/gymfactory.eu\/lt\/produktas\/tg-6-balansinis-kamuolys\/"]}]},{"@type":"ImageObject","inLanguage":"lt-LT","@id":"https:\/\/gymfactory.eu\/lt\/produktas\/tg-6-balansinis-kamuolys\/#primaryimage","url":"https:\/\/gymfactory.eu\/wp-content\/uploads\/2025\/04\/TG\u20136-Balance-Ball.webp","contentUrl":"https:\/\/gymfactory.eu\/wp-content\/uploads\/2025\/04\/TG\u20136-Balance-Ball.webp","width":1500,"height":1500,"caption":"Juodos spalvos balansinis kamuolys TG-6, pavaizduotas vir\u0161uje ir apa\u010dioje, skirtas pagrindiniams, stabilumo ir j\u0117gos pratimams atlikti kaip funkcin\u0117s treniruokli\u0173 sal\u0117s \u012frangos dalis."},{"@type":"BreadcrumbList","@id":"https:\/\/gymfactory.eu\/lt\/produktas\/tg-6-balansinis-kamuolys\/#breadcrumb","itemListElement":[{"@type":"ListItem","position":1,"name":"Pagrindinis","item":"https:\/\/gymfactory.eu\/lt\/"},{"@type":"ListItem","position":2,"name":"Katalogas","item":"https:\/\/gymfactory.eu\/lt\/katalogas\/"},{"@type":"ListItem","position":3,"name":"TG6 Balansinis kamuolys"}]},{"@type":"WebSite","@id":"https:\/\/gymfactory.eu\/lt\/#website","url":"https:\/\/gymfactory.eu\/lt\/","name":"Gym Factory","description":"","publisher":{"@id":"https:\/\/gymfactory.eu\/lt\/#organization"},"potentialAction":[{"@type":"SearchAction","target":{"@type":"EntryPoint","urlTemplate":"https:\/\/gymfactory.eu\/lt\/?s={search_term_string}"},"query-input":{"@type":"PropertyValueSpecification","valueRequired":true,"valueName":"search_term_string"}}],"inLanguage":"lt-LT"},{"@type":"Organization","@id":"https:\/\/gymfactory.eu\/lt\/#organization","name":"Sporto sal\u0117s gamykla","url":"https:\/\/gymfactory.eu\/lt\/","logo":{"@type":"ImageObject","inLanguage":"lt-LT","@id":"https:\/\/gymfactory.eu\/lt\/#\/schema\/logo\/image\/","url":"https:\/\/gymfactory.eu\/wp-content\/uploads\/2024\/11\/Component-1.svg","contentUrl":"https:\/\/gymfactory.eu\/wp-content\/uploads\/2024\/11\/Component-1.svg","width":54,"height":44,"caption":"Sporto sal\u0117s gamykla"},"image":{"@id":"https:\/\/gymfactory.eu\/lt\/#\/schema\/logo\/image\/"}}]}},"_links":{"self":[{"href":"https:\/\/gymfactory.eu\/lt\/wp-json\/wp\/v2\/product\/9670","targetHints":{"allow":["GET"]}}],"collection":[{"href":"https:\/\/gymfactory.eu\/lt\/wp-json\/wp\/v2\/product"}],"about":[{"href":"https:\/\/gymfactory.eu\/lt\/wp-json\/wp\/v2\/types\/product"}],"wp:featuredmedia":[{"embeddable":true,"href":"https:\/\/gymfactory.eu\/lt\/wp-json\/wp\/v2\/media\/9090"}],"wp:attachment":[{"href":"https:\/\/gymfactory.eu\/lt\/wp-json\/wp\/v2\/media?parent=9670"}],"wp:term":[{"taxonomy":"product_brand","embeddable":true,"href":"https:\/\/gymfactory.eu\/lt\/wp-json\/wp\/v2\/product_brand?post=9670"},{"taxonomy":"product_cat","embeddable":true,"href":"https:\/\/gymfactory.eu\/lt\/wp-json\/wp\/v2\/product_cat?post=9670"},{"taxonomy":"product_tag","embeddable":true,"href":"https:\/\/gymfactory.eu\/lt\/wp-json\/wp\/v2\/product_tag?post=9670"}],"curies":[{"name":"wp","href":"https:\/\/api.w.org\/{rel}","templated":true}]}}