{"id":9667,"date":"2025-03-05T09:01:45","date_gmt":"2025-03-05T07:01:45","guid":{"rendered":"https:\/\/gymfactory.eu\/product\/x1-3-olimpinio-svorio-plokstes\/"},"modified":"2025-09-05T14:10:59","modified_gmt":"2025-09-05T11:10:59","slug":"x1-3-olimpinio-svorio-plokstes","status":"publish","type":"product","link":"https:\/\/gymfactory.eu\/lt\/produktas\/x1-3-olimpinio-svorio-plokstes\/","title":{"rendered":"X1-3 Gumuoti olimpiniai svorio diskai"},"content":{"rendered":"<p>X1-3 gumuoti olimpiniai svorio diskai \u2013 patvar\u016bs 50 mm skersmens diskai, skirti \u0161tangoms ir stovams. Gumin\u0117 danga padeda slopinti gars\u0105, apsaugo treniruo\u010di\u0173 pavir\u0161i\u0173 ir pa\u010dius diskus nuo pa\u017eeidim\u0173.<\/p>\n<p>Diskuose integruotos trys su\u0117mimo angos, u\u017etikrinan\u010dios patog\u0173 ir saug\u0173 laikym\u0105 bei keitim\u0105. Galimi svoriai: 1,25 kg, 2,5 kg, 5 kg, 10 kg, 15 kg, 20 kg ir 25 kg \u2013 tinkami prit\u016bpimams, spaudimams, traukoms ir kitoms j\u0117gos treniruot\u0117ms.<\/p>\n<p>Tai prakti\u0161kas pasirinkimas tiek profesionalioms sporto sal\u0117ms, tiek nam\u0173 treniruo\u010di\u0173 zonai.<\/p>\n\n    <div class=\"xs_social_share_widget xs_share_url after_content \t\tmain_content  wslu-style-1 wslu-share-box-shaped wslu-fill-colored wslu-none wslu-share-horizontal wslu-theme-font-no wslu-main_content\">\n\n\t\t\n        <ul>\n\t\t\t        <\/ul>\n    <\/div> \n","protected":false},"excerpt":{"rendered":"<p>X1-3 gumuoti olimpiniai svorio diskai \u2013 patvar\u016bs 50 mm skersmens diskai, skirti \u0161tangoms ir stovams. Gumin\u0117 danga padeda slopinti gars\u0105, apsaugo treniruo\u010di\u0173 pavir\u0161i\u0173 ir pa\u010dius diskus nuo pa\u017eeidim\u0173. Diskuose integruotos trys su\u0117mimo angos, u\u017etikrinan\u010dios patog\u0173 ir saug\u0173 laikym\u0105 bei keitim\u0105. Galimi svoriai: 1,25 kg, 2,5 kg, 5 kg, 10 kg, 15 kg, 20 kg ir [&hellip;]<\/p>\n","protected":false},"featured_media":8197,"template":"","meta":{"_acf_changed":false},"product_brand":[56],"product_cat":[405],"product_tag":[393],"class_list":{"0":"post-9667","1":"product","2":"type-product","3":"status-publish","4":"has-post-thumbnail","6":"product_brand-gym-factory","7":"product_cat-svarmenys-ir-stangos","8":"product_tag-spalva-nera-spalvu","10":"first","11":"onbackorder","12":"taxable","13":"shipping-taxable","14":"purchasable","15":"product-type-variable","16":"has-default-attributes"},"acf":[],"yoast_head":"<!-- This site is optimized with the Yoast SEO plugin v25.2 - https:\/\/yoast.com\/wordpress\/plugins\/seo\/ -->\n<title>Treniruo\u010di\u0173 svori\u0173 rinkinys - X1-3 olimpini\u0173 svori\u0173 plok\u0161t\u0117s<\/title>\n<meta name=\"description\" content=\"X1-3 olimpini\u0173 svori\u0173 plok\u0161t\u0117s puikiai tinka komercin\u0117ms sporto sal\u0117ms ir nam\u0173 treniruokli\u0173 sal\u0117ms, nes yra patvarios ir universalios bet kokiai treniruotei.\" \/>\n<meta name=\"robots\" content=\"index, follow, max-snippet:-1, max-image-preview:large, max-video-preview:-1\" \/>\n<link rel=\"canonical\" href=\"https:\/\/gymfactory.eu\/lt\/produktas\/x1-3-olimpinio-svorio-plokstes\/\" \/>\n<meta property=\"og:locale\" content=\"lt_LT\" \/>\n<meta property=\"og:type\" content=\"article\" \/>\n<meta property=\"og:title\" content=\"Treniruo\u010di\u0173 svori\u0173 rinkinys - X1-3 olimpini\u0173 svori\u0173 plok\u0161t\u0117s\" \/>\n<meta property=\"og:description\" content=\"X1-3 olimpini\u0173 svori\u0173 plok\u0161t\u0117s puikiai tinka komercin\u0117ms sporto sal\u0117ms ir nam\u0173 treniruokli\u0173 sal\u0117ms, nes yra patvarios ir universalios bet kokiai treniruotei.\" \/>\n<meta property=\"og:url\" content=\"https:\/\/gymfactory.eu\/lt\/produktas\/x1-3-olimpinio-svorio-plokstes\/\" \/>\n<meta property=\"og:site_name\" content=\"Gym Factory\" \/>\n<meta property=\"article:modified_time\" content=\"2025-09-05T11:10:59+00:00\" \/>\n<meta property=\"og:image\" content=\"https:\/\/gymfactory.eu\/wp-content\/uploads\/2025\/03\/weight-plates-home-gym-commercial-gyms.webp\" \/>\n\t<meta property=\"og:image:width\" content=\"1500\" \/>\n\t<meta property=\"og:image:height\" content=\"1500\" \/>\n\t<meta property=\"og:image:type\" content=\"image\/webp\" \/>\n<meta name=\"twitter:card\" content=\"summary_large_image\" \/>\n<meta name=\"twitter:label1\" content=\"Est. reading time\" \/>\n\t<meta name=\"twitter:data1\" content=\"1 minut\u0117\" \/>\n<script type=\"application\/ld+json\" class=\"yoast-schema-graph\">{\"@context\":\"https:\/\/schema.org\",\"@graph\":[{\"@type\":\"WebPage\",\"@id\":\"https:\/\/gymfactory.eu\/lt\/produktas\/x1-3-olimpinio-svorio-plokstes\/\",\"url\":\"https:\/\/gymfactory.eu\/lt\/produktas\/x1-3-olimpinio-svorio-plokstes\/\",\"name\":\"Treniruo\u010di\u0173 svori\u0173 rinkinys - X1-3 olimpini\u0173 svori\u0173 plok\u0161t\u0117s\",\"isPartOf\":{\"@id\":\"https:\/\/gymfactory.eu\/lt\/#website\"},\"primaryImageOfPage\":{\"@id\":\"https:\/\/gymfactory.eu\/lt\/produktas\/x1-3-olimpinio-svorio-plokstes\/#primaryimage\"},\"image\":{\"@id\":\"https:\/\/gymfactory.eu\/lt\/produktas\/x1-3-olimpinio-svorio-plokstes\/#primaryimage\"},\"thumbnailUrl\":\"https:\/\/gymfactory.eu\/wp-content\/uploads\/2025\/03\/weight-plates-home-gym-commercial-gyms.webp\",\"datePublished\":\"2025-03-05T07:01:45+00:00\",\"dateModified\":\"2025-09-05T11:10:59+00:00\",\"description\":\"X1-3 olimpini\u0173 svori\u0173 plok\u0161t\u0117s puikiai tinka komercin\u0117ms sporto sal\u0117ms ir nam\u0173 treniruokli\u0173 sal\u0117ms, nes yra patvarios ir universalios bet kokiai treniruotei.\",\"breadcrumb\":{\"@id\":\"https:\/\/gymfactory.eu\/lt\/produktas\/x1-3-olimpinio-svorio-plokstes\/#breadcrumb\"},\"inLanguage\":\"lt-LT\",\"potentialAction\":[{\"@type\":\"ReadAction\",\"target\":[\"https:\/\/gymfactory.eu\/lt\/produktas\/x1-3-olimpinio-svorio-plokstes\/\"]}]},{\"@type\":\"ImageObject\",\"inLanguage\":\"lt-LT\",\"@id\":\"https:\/\/gymfactory.eu\/lt\/produktas\/x1-3-olimpinio-svorio-plokstes\/#primaryimage\",\"url\":\"https:\/\/gymfactory.eu\/wp-content\/uploads\/2025\/03\/weight-plates-home-gym-commercial-gyms.webp\",\"contentUrl\":\"https:\/\/gymfactory.eu\/wp-content\/uploads\/2025\/03\/weight-plates-home-gym-commercial-gyms.webp\",\"width\":1500,\"height\":1500,\"caption\":\"Visas olimpini\u0173 guma dengt\u0173 svori\u0173 plok\u0161\u010di\u0173 rinkinys, i\u0161d\u0117stytas did\u0117jan\u010dia tvarka pagal dyd\u012f. Kiekviena plok\u0161t\u0117 turi trij\u0173 ranken\u0173 konstrukcij\u0105, kad b\u016bt\u0173 lengva valdyti, ir patvari\u0105 gumin\u0119 dang\u0105, apsaugan\u010di\u0105 grindis ir ma\u017einan\u010di\u0105 triuk\u0161m\u0105. Idealiai tinka komercin\u0117ms sporto sal\u0117ms ir nam\u0173 treniruokliams su svoriais.\"},{\"@type\":\"BreadcrumbList\",\"@id\":\"https:\/\/gymfactory.eu\/lt\/produktas\/x1-3-olimpinio-svorio-plokstes\/#breadcrumb\",\"itemListElement\":[{\"@type\":\"ListItem\",\"position\":1,\"name\":\"Pagrindinis\",\"item\":\"https:\/\/gymfactory.eu\/lt\/\"},{\"@type\":\"ListItem\",\"position\":2,\"name\":\"Katalogas\",\"item\":\"https:\/\/gymfactory.eu\/lt\/katalogas\/\"},{\"@type\":\"ListItem\",\"position\":3,\"name\":\"X1-3 Gumuoti olimpiniai svorio diskai\"}]},{\"@type\":\"WebSite\",\"@id\":\"https:\/\/gymfactory.eu\/lt\/#website\",\"url\":\"https:\/\/gymfactory.eu\/lt\/\",\"name\":\"Gym Factory\",\"description\":\"\",\"publisher\":{\"@id\":\"https:\/\/gymfactory.eu\/lt\/#organization\"},\"potentialAction\":[{\"@type\":\"SearchAction\",\"target\":{\"@type\":\"EntryPoint\",\"urlTemplate\":\"https:\/\/gymfactory.eu\/lt\/?s={search_term_string}\"},\"query-input\":{\"@type\":\"PropertyValueSpecification\",\"valueRequired\":true,\"valueName\":\"search_term_string\"}}],\"inLanguage\":\"lt-LT\"},{\"@type\":\"Organization\",\"@id\":\"https:\/\/gymfactory.eu\/lt\/#organization\",\"name\":\"Sporto sal\u0117s gamykla\",\"url\":\"https:\/\/gymfactory.eu\/lt\/\",\"logo\":{\"@type\":\"ImageObject\",\"inLanguage\":\"lt-LT\",\"@id\":\"https:\/\/gymfactory.eu\/lt\/#\/schema\/logo\/image\/\",\"url\":\"https:\/\/gymfactory.eu\/wp-content\/uploads\/2024\/11\/Component-1.svg\",\"contentUrl\":\"https:\/\/gymfactory.eu\/wp-content\/uploads\/2024\/11\/Component-1.svg\",\"width\":54,\"height\":44,\"caption\":\"Sporto sal\u0117s gamykla\"},\"image\":{\"@id\":\"https:\/\/gymfactory.eu\/lt\/#\/schema\/logo\/image\/\"}}]}<\/script>\n<!-- \/ Yoast SEO plugin. -->","yoast_head_json":{"title":"Treniruo\u010di\u0173 svori\u0173 rinkinys - X1-3 olimpini\u0173 svori\u0173 plok\u0161t\u0117s","description":"X1-3 olimpini\u0173 svori\u0173 plok\u0161t\u0117s puikiai tinka komercin\u0117ms sporto sal\u0117ms ir nam\u0173 treniruokli\u0173 sal\u0117ms, nes yra patvarios ir universalios bet kokiai treniruotei.","robots":{"index":"index","follow":"follow","max-snippet":"max-snippet:-1","max-image-preview":"max-image-preview:large","max-video-preview":"max-video-preview:-1"},"canonical":"https:\/\/gymfactory.eu\/lt\/produktas\/x1-3-olimpinio-svorio-plokstes\/","og_locale":"lt_LT","og_type":"article","og_title":"Treniruo\u010di\u0173 svori\u0173 rinkinys - X1-3 olimpini\u0173 svori\u0173 plok\u0161t\u0117s","og_description":"X1-3 olimpini\u0173 svori\u0173 plok\u0161t\u0117s puikiai tinka komercin\u0117ms sporto sal\u0117ms ir nam\u0173 treniruokli\u0173 sal\u0117ms, nes yra patvarios ir universalios bet kokiai treniruotei.","og_url":"https:\/\/gymfactory.eu\/lt\/produktas\/x1-3-olimpinio-svorio-plokstes\/","og_site_name":"Gym Factory","article_modified_time":"2025-09-05T11:10:59+00:00","og_image":[{"width":1500,"height":1500,"url":"https:\/\/gymfactory.eu\/wp-content\/uploads\/2025\/03\/weight-plates-home-gym-commercial-gyms.webp","type":"image\/webp"}],"twitter_card":"summary_large_image","twitter_misc":{"Est. reading time":"1 minut\u0117"},"schema":{"@context":"https:\/\/schema.org","@graph":[{"@type":"WebPage","@id":"https:\/\/gymfactory.eu\/lt\/produktas\/x1-3-olimpinio-svorio-plokstes\/","url":"https:\/\/gymfactory.eu\/lt\/produktas\/x1-3-olimpinio-svorio-plokstes\/","name":"Treniruo\u010di\u0173 svori\u0173 rinkinys - X1-3 olimpini\u0173 svori\u0173 plok\u0161t\u0117s","isPartOf":{"@id":"https:\/\/gymfactory.eu\/lt\/#website"},"primaryImageOfPage":{"@id":"https:\/\/gymfactory.eu\/lt\/produktas\/x1-3-olimpinio-svorio-plokstes\/#primaryimage"},"image":{"@id":"https:\/\/gymfactory.eu\/lt\/produktas\/x1-3-olimpinio-svorio-plokstes\/#primaryimage"},"thumbnailUrl":"https:\/\/gymfactory.eu\/wp-content\/uploads\/2025\/03\/weight-plates-home-gym-commercial-gyms.webp","datePublished":"2025-03-05T07:01:45+00:00","dateModified":"2025-09-05T11:10:59+00:00","description":"X1-3 olimpini\u0173 svori\u0173 plok\u0161t\u0117s puikiai tinka komercin\u0117ms sporto sal\u0117ms ir nam\u0173 treniruokli\u0173 sal\u0117ms, nes yra patvarios ir universalios bet kokiai treniruotei.","breadcrumb":{"@id":"https:\/\/gymfactory.eu\/lt\/produktas\/x1-3-olimpinio-svorio-plokstes\/#breadcrumb"},"inLanguage":"lt-LT","potentialAction":[{"@type":"ReadAction","target":["https:\/\/gymfactory.eu\/lt\/produktas\/x1-3-olimpinio-svorio-plokstes\/"]}]},{"@type":"ImageObject","inLanguage":"lt-LT","@id":"https:\/\/gymfactory.eu\/lt\/produktas\/x1-3-olimpinio-svorio-plokstes\/#primaryimage","url":"https:\/\/gymfactory.eu\/wp-content\/uploads\/2025\/03\/weight-plates-home-gym-commercial-gyms.webp","contentUrl":"https:\/\/gymfactory.eu\/wp-content\/uploads\/2025\/03\/weight-plates-home-gym-commercial-gyms.webp","width":1500,"height":1500,"caption":"Visas olimpini\u0173 guma dengt\u0173 svori\u0173 plok\u0161\u010di\u0173 rinkinys, i\u0161d\u0117stytas did\u0117jan\u010dia tvarka pagal dyd\u012f. Kiekviena plok\u0161t\u0117 turi trij\u0173 ranken\u0173 konstrukcij\u0105, kad b\u016bt\u0173 lengva valdyti, ir patvari\u0105 gumin\u0119 dang\u0105, apsaugan\u010di\u0105 grindis ir ma\u017einan\u010di\u0105 triuk\u0161m\u0105. Idealiai tinka komercin\u0117ms sporto sal\u0117ms ir nam\u0173 treniruokliams su svoriais."},{"@type":"BreadcrumbList","@id":"https:\/\/gymfactory.eu\/lt\/produktas\/x1-3-olimpinio-svorio-plokstes\/#breadcrumb","itemListElement":[{"@type":"ListItem","position":1,"name":"Pagrindinis","item":"https:\/\/gymfactory.eu\/lt\/"},{"@type":"ListItem","position":2,"name":"Katalogas","item":"https:\/\/gymfactory.eu\/lt\/katalogas\/"},{"@type":"ListItem","position":3,"name":"X1-3 Gumuoti olimpiniai svorio diskai"}]},{"@type":"WebSite","@id":"https:\/\/gymfactory.eu\/lt\/#website","url":"https:\/\/gymfactory.eu\/lt\/","name":"Gym Factory","description":"","publisher":{"@id":"https:\/\/gymfactory.eu\/lt\/#organization"},"potentialAction":[{"@type":"SearchAction","target":{"@type":"EntryPoint","urlTemplate":"https:\/\/gymfactory.eu\/lt\/?s={search_term_string}"},"query-input":{"@type":"PropertyValueSpecification","valueRequired":true,"valueName":"search_term_string"}}],"inLanguage":"lt-LT"},{"@type":"Organization","@id":"https:\/\/gymfactory.eu\/lt\/#organization","name":"Sporto sal\u0117s gamykla","url":"https:\/\/gymfactory.eu\/lt\/","logo":{"@type":"ImageObject","inLanguage":"lt-LT","@id":"https:\/\/gymfactory.eu\/lt\/#\/schema\/logo\/image\/","url":"https:\/\/gymfactory.eu\/wp-content\/uploads\/2024\/11\/Component-1.svg","contentUrl":"https:\/\/gymfactory.eu\/wp-content\/uploads\/2024\/11\/Component-1.svg","width":54,"height":44,"caption":"Sporto sal\u0117s gamykla"},"image":{"@id":"https:\/\/gymfactory.eu\/lt\/#\/schema\/logo\/image\/"}}]}},"_links":{"self":[{"href":"https:\/\/gymfactory.eu\/lt\/wp-json\/wp\/v2\/product\/9667","targetHints":{"allow":["GET"]}}],"collection":[{"href":"https:\/\/gymfactory.eu\/lt\/wp-json\/wp\/v2\/product"}],"about":[{"href":"https:\/\/gymfactory.eu\/lt\/wp-json\/wp\/v2\/types\/product"}],"wp:featuredmedia":[{"embeddable":true,"href":"https:\/\/gymfactory.eu\/lt\/wp-json\/wp\/v2\/media\/8197"}],"wp:attachment":[{"href":"https:\/\/gymfactory.eu\/lt\/wp-json\/wp\/v2\/media?parent=9667"}],"wp:term":[{"taxonomy":"product_brand","embeddable":true,"href":"https:\/\/gymfactory.eu\/lt\/wp-json\/wp\/v2\/product_brand?post=9667"},{"taxonomy":"product_cat","embeddable":true,"href":"https:\/\/gymfactory.eu\/lt\/wp-json\/wp\/v2\/product_cat?post=9667"},{"taxonomy":"product_tag","embeddable":true,"href":"https:\/\/gymfactory.eu\/lt\/wp-json\/wp\/v2\/product_tag?post=9667"}],"curies":[{"name":"wp","href":"https:\/\/api.w.org\/{rel}","templated":true}]}}