{"id":9660,"date":"2025-04-09T12:00:22","date_gmt":"2025-04-09T09:00:22","guid":{"rendered":"https:\/\/gymfactory.eu\/product\/tg-5-pasvertas-krepsys\/"},"modified":"2026-01-23T14:52:23","modified_gmt":"2026-01-23T12:52:23","slug":"tg-5-pasvertas-krepsys","status":"publish","type":"product","link":"https:\/\/gymfactory.eu\/lt\/produktas\/tg-5-pasvertas-krepsys\/","title":{"rendered":"TG5 Svori\u0173 mai\u0161as"},"content":{"rendered":"<p>TG\u20135 svori\u0173 mai\u0161as \u2013 patvari ir universali sporto \u012franga dinamin\u0117ms j\u0117gos, k\u016bno svorio ir i\u0161tverm\u0117s treniruot\u0117ms. Galimi svoriai nuo 5 iki 20 kg \u2013 pritaikytas metimams, ne\u0161iojimui ir intensyviam darbui \u012fvairiose treniruo\u010di\u0173 aplinkose.<\/p>\n<p>Padeda lavinti j\u0117g\u0105, liemens i\u0161tverm\u0119 ir judesi\u0173 koordinacij\u0105. Gali b\u016bti naudojamas vietoje medicinini\u0173 kamuoli\u0173, hanteli\u0173 ar \u0161tang\u0173 \u2013 puikiai tinka funkcinei, pusiausvyros ir sprogstamosios j\u0117gos lavinimui. Pla\u010diai naudojamas regbio, futbolo, MMA treniruot\u0117se bei specifiniam sportiniam pasirengimui.<\/p>\n<p>Tinka naudoti tiek viduje, tiek lauke \u2013 TG\u20135 svori\u0173 mai\u0161as \u012f treniruotes \u012fne\u0161a \u012fvairov\u0117s, apkrovos ir progreso.<\/p>\n\n    <div class=\"xs_social_share_widget xs_share_url after_content \t\tmain_content  wslu-style-1 wslu-share-box-shaped wslu-fill-colored wslu-none wslu-share-horizontal wslu-theme-font-no wslu-main_content\">\n\n\t\t\n        <ul>\n\t\t\t        <\/ul>\n    <\/div> \n","protected":false},"excerpt":{"rendered":"<p>TG\u20135 svori\u0173 mai\u0161as \u2013 patvari ir universali sporto \u012franga dinamin\u0117ms j\u0117gos, k\u016bno svorio ir i\u0161tverm\u0117s treniruot\u0117ms. Galimi svoriai nuo 5 iki 20 kg \u2013 pritaikytas metimams, ne\u0161iojimui ir intensyviam darbui \u012fvairiose treniruo\u010di\u0173 aplinkose. Padeda lavinti j\u0117g\u0105, liemens i\u0161tverm\u0119 ir judesi\u0173 koordinacij\u0105. Gali b\u016bti naudojamas vietoje medicinini\u0173 kamuoli\u0173, hanteli\u0173 ar \u0161tang\u0173 \u2013 puikiai tinka funkcinei, pusiausvyros [&hellip;]<\/p>\n","protected":false},"featured_media":9089,"template":"","meta":{"_acf_changed":false},"product_brand":[817],"product_cat":[418],"product_tag":[393],"class_list":{"0":"post-9660","1":"product","2":"type-product","3":"status-publish","4":"has-post-thumbnail","6":"product_brand-gym-factory-lt","7":"product_cat-treniruokliu-priedai","8":"product_tag-spalva-nera-spalvu","10":"first","11":"instock","12":"taxable","13":"shipping-taxable","14":"purchasable","15":"product-type-variable","16":"has-default-attributes"},"acf":[],"yoast_head":"<!-- This site is optimized with the Yoast SEO plugin v25.2 - https:\/\/yoast.com\/wordpress\/plugins\/seo\/ -->\n<title>TG-5 svarmen\u0173 krep\u0161ys - universali treniruokli\u0173 sal\u0117s \u012franga j\u0117gai stiprinti<\/title>\n<meta name=\"description\" content=\"Su TG-5 svori\u0173 krep\u0161iu ugdykite j\u0117g\u0105, koordinacij\u0105 ir i\u0161tverm\u0119. Sporto sal\u0117s \u012frangos pasirinkimas k\u016bno svorio treniruot\u0117ms ir j\u0117gos pratimams.\" \/>\n<meta name=\"robots\" content=\"index, follow, max-snippet:-1, max-image-preview:large, max-video-preview:-1\" \/>\n<link rel=\"canonical\" href=\"https:\/\/gymfactory.eu\/lt\/produktas\/tg-5-pasvertas-krepsys\/\" \/>\n<meta property=\"og:locale\" content=\"lt_LT\" \/>\n<meta property=\"og:type\" content=\"article\" \/>\n<meta property=\"og:title\" content=\"TG-5 svarmen\u0173 krep\u0161ys - universali treniruokli\u0173 sal\u0117s \u012franga j\u0117gai stiprinti\" \/>\n<meta property=\"og:description\" content=\"Su TG-5 svori\u0173 krep\u0161iu ugdykite j\u0117g\u0105, koordinacij\u0105 ir i\u0161tverm\u0119. Sporto sal\u0117s \u012frangos pasirinkimas k\u016bno svorio treniruot\u0117ms ir j\u0117gos pratimams.\" \/>\n<meta property=\"og:url\" content=\"https:\/\/gymfactory.eu\/lt\/produktas\/tg-5-pasvertas-krepsys\/\" \/>\n<meta property=\"og:site_name\" content=\"Gym Factory\" \/>\n<meta property=\"article:modified_time\" content=\"2026-01-23T12:52:23+00:00\" \/>\n<meta property=\"og:image\" content=\"https:\/\/gymfactory.eu\/wp-content\/uploads\/2025\/04\/TG\u20135-Weighted-Bag-1.webp\" \/>\n\t<meta property=\"og:image:width\" content=\"1500\" \/>\n\t<meta property=\"og:image:height\" content=\"1500\" \/>\n\t<meta property=\"og:image:type\" content=\"image\/webp\" \/>\n<meta name=\"twitter:card\" content=\"summary_large_image\" \/>\n<meta name=\"twitter:label1\" content=\"Est. reading time\" \/>\n\t<meta name=\"twitter:data1\" content=\"1 minut\u0117\" \/>\n<script type=\"application\/ld+json\" class=\"yoast-schema-graph\">{\"@context\":\"https:\/\/schema.org\",\"@graph\":[{\"@type\":\"WebPage\",\"@id\":\"https:\/\/gymfactory.eu\/lt\/produktas\/tg-5-pasvertas-krepsys\/\",\"url\":\"https:\/\/gymfactory.eu\/lt\/produktas\/tg-5-pasvertas-krepsys\/\",\"name\":\"TG-5 svarmen\u0173 krep\u0161ys - universali treniruokli\u0173 sal\u0117s \u012franga j\u0117gai stiprinti\",\"isPartOf\":{\"@id\":\"https:\/\/gymfactory.eu\/lt\/#website\"},\"primaryImageOfPage\":{\"@id\":\"https:\/\/gymfactory.eu\/lt\/produktas\/tg-5-pasvertas-krepsys\/#primaryimage\"},\"image\":{\"@id\":\"https:\/\/gymfactory.eu\/lt\/produktas\/tg-5-pasvertas-krepsys\/#primaryimage\"},\"thumbnailUrl\":\"https:\/\/gymfactory.eu\/wp-content\/uploads\/2025\/04\/TG\u20135-Weighted-Bag-1.webp\",\"datePublished\":\"2025-04-09T09:00:22+00:00\",\"dateModified\":\"2026-01-23T12:52:23+00:00\",\"description\":\"Su TG-5 svori\u0173 krep\u0161iu ugdykite j\u0117g\u0105, koordinacij\u0105 ir i\u0161tverm\u0119. Sporto sal\u0117s \u012frangos pasirinkimas k\u016bno svorio treniruot\u0117ms ir j\u0117gos pratimams.\",\"breadcrumb\":{\"@id\":\"https:\/\/gymfactory.eu\/lt\/produktas\/tg-5-pasvertas-krepsys\/#breadcrumb\"},\"inLanguage\":\"lt-LT\",\"potentialAction\":[{\"@type\":\"ReadAction\",\"target\":[\"https:\/\/gymfactory.eu\/lt\/produktas\/tg-5-pasvertas-krepsys\/\"]}]},{\"@type\":\"ImageObject\",\"inLanguage\":\"lt-LT\",\"@id\":\"https:\/\/gymfactory.eu\/lt\/produktas\/tg-5-pasvertas-krepsys\/#primaryimage\",\"url\":\"https:\/\/gymfactory.eu\/wp-content\/uploads\/2025\/04\/TG\u20135-Weighted-Bag-1.webp\",\"contentUrl\":\"https:\/\/gymfactory.eu\/wp-content\/uploads\/2025\/04\/TG\u20135-Weighted-Bag-1.webp\",\"width\":1500,\"height\":1500,\"caption\":\"\u012evairaus svorio (5-20 kg) TG-5 svorini\u0173 mai\u0161\u0173 rinkinys, skirtas j\u0117gos pratimams, treniruot\u0117ms su k\u016bno svoriu ir funkcin\u0117ms fitneso treniruot\u0117ms.\"},{\"@type\":\"BreadcrumbList\",\"@id\":\"https:\/\/gymfactory.eu\/lt\/produktas\/tg-5-pasvertas-krepsys\/#breadcrumb\",\"itemListElement\":[{\"@type\":\"ListItem\",\"position\":1,\"name\":\"Pagrindinis\",\"item\":\"https:\/\/gymfactory.eu\/lt\/\"},{\"@type\":\"ListItem\",\"position\":2,\"name\":\"Katalogas\",\"item\":\"https:\/\/gymfactory.eu\/lt\/katalogas\/\"},{\"@type\":\"ListItem\",\"position\":3,\"name\":\"TG5 Svori\u0173 mai\u0161as\"}]},{\"@type\":\"WebSite\",\"@id\":\"https:\/\/gymfactory.eu\/lt\/#website\",\"url\":\"https:\/\/gymfactory.eu\/lt\/\",\"name\":\"Gym Factory\",\"description\":\"\",\"publisher\":{\"@id\":\"https:\/\/gymfactory.eu\/lt\/#organization\"},\"potentialAction\":[{\"@type\":\"SearchAction\",\"target\":{\"@type\":\"EntryPoint\",\"urlTemplate\":\"https:\/\/gymfactory.eu\/lt\/?s={search_term_string}\"},\"query-input\":{\"@type\":\"PropertyValueSpecification\",\"valueRequired\":true,\"valueName\":\"search_term_string\"}}],\"inLanguage\":\"lt-LT\"},{\"@type\":\"Organization\",\"@id\":\"https:\/\/gymfactory.eu\/lt\/#organization\",\"name\":\"Sporto sal\u0117s gamykla\",\"url\":\"https:\/\/gymfactory.eu\/lt\/\",\"logo\":{\"@type\":\"ImageObject\",\"inLanguage\":\"lt-LT\",\"@id\":\"https:\/\/gymfactory.eu\/lt\/#\/schema\/logo\/image\/\",\"url\":\"https:\/\/gymfactory.eu\/wp-content\/uploads\/2024\/11\/Component-1.svg\",\"contentUrl\":\"https:\/\/gymfactory.eu\/wp-content\/uploads\/2024\/11\/Component-1.svg\",\"width\":54,\"height\":44,\"caption\":\"Sporto sal\u0117s gamykla\"},\"image\":{\"@id\":\"https:\/\/gymfactory.eu\/lt\/#\/schema\/logo\/image\/\"}}]}<\/script>\n<!-- \/ Yoast SEO plugin. -->","yoast_head_json":{"title":"TG-5 svarmen\u0173 krep\u0161ys - universali treniruokli\u0173 sal\u0117s \u012franga j\u0117gai stiprinti","description":"Su TG-5 svori\u0173 krep\u0161iu ugdykite j\u0117g\u0105, koordinacij\u0105 ir i\u0161tverm\u0119. Sporto sal\u0117s \u012frangos pasirinkimas k\u016bno svorio treniruot\u0117ms ir j\u0117gos pratimams.","robots":{"index":"index","follow":"follow","max-snippet":"max-snippet:-1","max-image-preview":"max-image-preview:large","max-video-preview":"max-video-preview:-1"},"canonical":"https:\/\/gymfactory.eu\/lt\/produktas\/tg-5-pasvertas-krepsys\/","og_locale":"lt_LT","og_type":"article","og_title":"TG-5 svarmen\u0173 krep\u0161ys - universali treniruokli\u0173 sal\u0117s \u012franga j\u0117gai stiprinti","og_description":"Su TG-5 svori\u0173 krep\u0161iu ugdykite j\u0117g\u0105, koordinacij\u0105 ir i\u0161tverm\u0119. Sporto sal\u0117s \u012frangos pasirinkimas k\u016bno svorio treniruot\u0117ms ir j\u0117gos pratimams.","og_url":"https:\/\/gymfactory.eu\/lt\/produktas\/tg-5-pasvertas-krepsys\/","og_site_name":"Gym Factory","article_modified_time":"2026-01-23T12:52:23+00:00","og_image":[{"width":1500,"height":1500,"url":"https:\/\/gymfactory.eu\/wp-content\/uploads\/2025\/04\/TG\u20135-Weighted-Bag-1.webp","type":"image\/webp"}],"twitter_card":"summary_large_image","twitter_misc":{"Est. reading time":"1 minut\u0117"},"schema":{"@context":"https:\/\/schema.org","@graph":[{"@type":"WebPage","@id":"https:\/\/gymfactory.eu\/lt\/produktas\/tg-5-pasvertas-krepsys\/","url":"https:\/\/gymfactory.eu\/lt\/produktas\/tg-5-pasvertas-krepsys\/","name":"TG-5 svarmen\u0173 krep\u0161ys - universali treniruokli\u0173 sal\u0117s \u012franga j\u0117gai stiprinti","isPartOf":{"@id":"https:\/\/gymfactory.eu\/lt\/#website"},"primaryImageOfPage":{"@id":"https:\/\/gymfactory.eu\/lt\/produktas\/tg-5-pasvertas-krepsys\/#primaryimage"},"image":{"@id":"https:\/\/gymfactory.eu\/lt\/produktas\/tg-5-pasvertas-krepsys\/#primaryimage"},"thumbnailUrl":"https:\/\/gymfactory.eu\/wp-content\/uploads\/2025\/04\/TG\u20135-Weighted-Bag-1.webp","datePublished":"2025-04-09T09:00:22+00:00","dateModified":"2026-01-23T12:52:23+00:00","description":"Su TG-5 svori\u0173 krep\u0161iu ugdykite j\u0117g\u0105, koordinacij\u0105 ir i\u0161tverm\u0119. Sporto sal\u0117s \u012frangos pasirinkimas k\u016bno svorio treniruot\u0117ms ir j\u0117gos pratimams.","breadcrumb":{"@id":"https:\/\/gymfactory.eu\/lt\/produktas\/tg-5-pasvertas-krepsys\/#breadcrumb"},"inLanguage":"lt-LT","potentialAction":[{"@type":"ReadAction","target":["https:\/\/gymfactory.eu\/lt\/produktas\/tg-5-pasvertas-krepsys\/"]}]},{"@type":"ImageObject","inLanguage":"lt-LT","@id":"https:\/\/gymfactory.eu\/lt\/produktas\/tg-5-pasvertas-krepsys\/#primaryimage","url":"https:\/\/gymfactory.eu\/wp-content\/uploads\/2025\/04\/TG\u20135-Weighted-Bag-1.webp","contentUrl":"https:\/\/gymfactory.eu\/wp-content\/uploads\/2025\/04\/TG\u20135-Weighted-Bag-1.webp","width":1500,"height":1500,"caption":"\u012evairaus svorio (5-20 kg) TG-5 svorini\u0173 mai\u0161\u0173 rinkinys, skirtas j\u0117gos pratimams, treniruot\u0117ms su k\u016bno svoriu ir funkcin\u0117ms fitneso treniruot\u0117ms."},{"@type":"BreadcrumbList","@id":"https:\/\/gymfactory.eu\/lt\/produktas\/tg-5-pasvertas-krepsys\/#breadcrumb","itemListElement":[{"@type":"ListItem","position":1,"name":"Pagrindinis","item":"https:\/\/gymfactory.eu\/lt\/"},{"@type":"ListItem","position":2,"name":"Katalogas","item":"https:\/\/gymfactory.eu\/lt\/katalogas\/"},{"@type":"ListItem","position":3,"name":"TG5 Svori\u0173 mai\u0161as"}]},{"@type":"WebSite","@id":"https:\/\/gymfactory.eu\/lt\/#website","url":"https:\/\/gymfactory.eu\/lt\/","name":"Gym Factory","description":"","publisher":{"@id":"https:\/\/gymfactory.eu\/lt\/#organization"},"potentialAction":[{"@type":"SearchAction","target":{"@type":"EntryPoint","urlTemplate":"https:\/\/gymfactory.eu\/lt\/?s={search_term_string}"},"query-input":{"@type":"PropertyValueSpecification","valueRequired":true,"valueName":"search_term_string"}}],"inLanguage":"lt-LT"},{"@type":"Organization","@id":"https:\/\/gymfactory.eu\/lt\/#organization","name":"Sporto sal\u0117s gamykla","url":"https:\/\/gymfactory.eu\/lt\/","logo":{"@type":"ImageObject","inLanguage":"lt-LT","@id":"https:\/\/gymfactory.eu\/lt\/#\/schema\/logo\/image\/","url":"https:\/\/gymfactory.eu\/wp-content\/uploads\/2024\/11\/Component-1.svg","contentUrl":"https:\/\/gymfactory.eu\/wp-content\/uploads\/2024\/11\/Component-1.svg","width":54,"height":44,"caption":"Sporto sal\u0117s gamykla"},"image":{"@id":"https:\/\/gymfactory.eu\/lt\/#\/schema\/logo\/image\/"}}]}},"_links":{"self":[{"href":"https:\/\/gymfactory.eu\/lt\/wp-json\/wp\/v2\/product\/9660","targetHints":{"allow":["GET"]}}],"collection":[{"href":"https:\/\/gymfactory.eu\/lt\/wp-json\/wp\/v2\/product"}],"about":[{"href":"https:\/\/gymfactory.eu\/lt\/wp-json\/wp\/v2\/types\/product"}],"wp:featuredmedia":[{"embeddable":true,"href":"https:\/\/gymfactory.eu\/lt\/wp-json\/wp\/v2\/media\/9089"}],"wp:attachment":[{"href":"https:\/\/gymfactory.eu\/lt\/wp-json\/wp\/v2\/media?parent=9660"}],"wp:term":[{"taxonomy":"product_brand","embeddable":true,"href":"https:\/\/gymfactory.eu\/lt\/wp-json\/wp\/v2\/product_brand?post=9660"},{"taxonomy":"product_cat","embeddable":true,"href":"https:\/\/gymfactory.eu\/lt\/wp-json\/wp\/v2\/product_cat?post=9660"},{"taxonomy":"product_tag","embeddable":true,"href":"https:\/\/gymfactory.eu\/lt\/wp-json\/wp\/v2\/product_tag?post=9660"}],"curies":[{"name":"wp","href":"https:\/\/api.w.org\/{rel}","templated":true}]}}