{"id":9659,"date":"2025-03-03T11:44:24","date_gmt":"2025-03-03T09:44:24","guid":{"rendered":"https:\/\/gymfactory.eu\/product\/z03g2-strypas\/"},"modified":"2025-09-10T10:49:45","modified_gmt":"2025-09-10T07:49:45","slug":"z03g2-strypas","status":"publish","type":"product","link":"https:\/\/gymfactory.eu\/lt\/produktas\/z03g2-strypas\/","title":{"rendered":"Z03G2 Olimpinis lenktas grifas"},"content":{"rendered":"<p>Z03G2 \u2013 tai lenkta (EZ tipo) \u0161tanga, skirta izoliuotiems rank\u0173 pratimams, tokiems kaip biceps\u0173 lenkimai ar triceps\u0173 tiesimai. Tinka tiek nam\u0173 treniruot\u0117ms, tiek profesionalioms sporto sal\u0117ms, suderinama su 50\u202fmm olimpiniais svorio diskais.<\/p>\n<p><strong>Pagrindin\u0117s specifikacijos:<\/strong><br \/>\n\u2022 Bendras ilgis: 120\u202fcm<br \/>\n\u2022 Disk\u0173 tvirtinimo dalies skersmuo: 50\u202fmm<br \/>\n\u2022 Su\u0117mimo skersmuo: 28\u202fmm<br \/>\n\u2022 \u0160tangos svoris: 8,6\u202fkg<br \/>\n\u2022 Maksimali apkrova: 140\u202fkg<br \/>\n\u2022 Rifliuotas pavir\u0161iaus padengimas geresniam sukibimui<\/p>\n<p>Z03G2 \u0161tanga u\u017etikrina patogesn\u0119 rie\u0161\u0173 pad\u0117t\u012f ir sklandesn\u012f judesio valdym\u0105 \u2013 tai nepakei\u010diamas \u012frankis tikslin\u0117ms rank\u0173 treniruot\u0117ms.<\/p>\n\n    <div class=\"xs_social_share_widget xs_share_url after_content \t\tmain_content  wslu-style-1 wslu-share-box-shaped wslu-fill-colored wslu-none wslu-share-horizontal wslu-theme-font-no wslu-main_content\">\n\n\t\t\n        <ul>\n\t\t\t        <\/ul>\n    <\/div> \n","protected":false},"excerpt":{"rendered":"<p>Z03G2 \u2013 tai lenkta (EZ tipo) \u0161tanga, skirta izoliuotiems rank\u0173 pratimams, tokiems kaip biceps\u0173 lenkimai ar triceps\u0173 tiesimai. Tinka tiek nam\u0173 treniruot\u0117ms, tiek profesionalioms sporto sal\u0117ms, suderinama su 50\u202fmm olimpiniais svorio diskais. Pagrindin\u0117s specifikacijos: \u2022 Bendras ilgis: 120\u202fcm \u2022 Disk\u0173 tvirtinimo dalies skersmuo: 50\u202fmm \u2022 Su\u0117mimo skersmuo: 28\u202fmm \u2022 \u0160tangos svoris: 8,6\u202fkg \u2022 Maksimali apkrova: [&hellip;]<\/p>\n","protected":false},"featured_media":9105,"template":"","meta":{"_acf_changed":false},"product_brand":[56],"product_cat":[405],"product_tag":[393],"class_list":{"0":"post-9659","1":"product","2":"type-product","3":"status-publish","4":"has-post-thumbnail","6":"product_brand-gym-factory","7":"product_cat-svarmenys-ir-stangos","8":"product_tag-spalva-nera-spalvu","10":"first","11":"onbackorder","12":"taxable","13":"shipping-taxable","14":"purchasable","15":"product-type-simple"},"acf":[],"yoast_head":"<!-- This site is optimized with the Yoast SEO plugin v25.2 - https:\/\/yoast.com\/wordpress\/plugins\/seo\/ -->\n<title>Z03G2 \u0161tangos - patikima treniruo\u010di\u0173 su svoriais \u012franga<\/title>\n<meta name=\"description\" content=\"Auk\u0161tos kokyb\u0117s plienin\u0117s konstrukcijos Z03G2 \u0161tanga yra patvari treniruokli\u0173 \u012franga, skirta j\u0117gos ir stabilumo ugdymui.\" \/>\n<meta name=\"robots\" content=\"index, follow, max-snippet:-1, max-image-preview:large, max-video-preview:-1\" \/>\n<link rel=\"canonical\" href=\"https:\/\/gymfactory.eu\/lt\/produktas\/z03g2-strypas\/\" \/>\n<meta property=\"og:locale\" content=\"lt_LT\" \/>\n<meta property=\"og:type\" content=\"article\" \/>\n<meta property=\"og:title\" content=\"Z03G2 \u0161tangos - patikima treniruo\u010di\u0173 su svoriais \u012franga\" \/>\n<meta property=\"og:description\" content=\"Auk\u0161tos kokyb\u0117s plienin\u0117s konstrukcijos Z03G2 \u0161tanga yra patvari treniruokli\u0173 \u012franga, skirta j\u0117gos ir stabilumo ugdymui.\" \/>\n<meta property=\"og:url\" content=\"https:\/\/gymfactory.eu\/lt\/produktas\/z03g2-strypas\/\" \/>\n<meta property=\"og:site_name\" content=\"Gym Factory\" \/>\n<meta property=\"article:modified_time\" content=\"2025-09-10T07:49:45+00:00\" \/>\n<meta property=\"og:image\" content=\"https:\/\/gymfactory.eu\/wp-content\/uploads\/2025\/03\/Z03G2-quipment-for-weight-training-barbell-1.webp\" \/>\n\t<meta property=\"og:image:width\" content=\"1500\" \/>\n\t<meta property=\"og:image:height\" content=\"1500\" \/>\n\t<meta property=\"og:image:type\" content=\"image\/webp\" \/>\n<meta name=\"twitter:card\" content=\"summary_large_image\" \/>\n<meta name=\"twitter:label1\" content=\"Est. reading time\" \/>\n\t<meta name=\"twitter:data1\" content=\"1 minut\u0117\" \/>\n<script type=\"application\/ld+json\" class=\"yoast-schema-graph\">{\"@context\":\"https:\/\/schema.org\",\"@graph\":[{\"@type\":\"WebPage\",\"@id\":\"https:\/\/gymfactory.eu\/lt\/produktas\/z03g2-strypas\/\",\"url\":\"https:\/\/gymfactory.eu\/lt\/produktas\/z03g2-strypas\/\",\"name\":\"Z03G2 \u0161tangos - patikima treniruo\u010di\u0173 su svoriais \u012franga\",\"isPartOf\":{\"@id\":\"https:\/\/gymfactory.eu\/lt\/#website\"},\"primaryImageOfPage\":{\"@id\":\"https:\/\/gymfactory.eu\/lt\/produktas\/z03g2-strypas\/#primaryimage\"},\"image\":{\"@id\":\"https:\/\/gymfactory.eu\/lt\/produktas\/z03g2-strypas\/#primaryimage\"},\"thumbnailUrl\":\"https:\/\/gymfactory.eu\/wp-content\/uploads\/2025\/03\/Z03G2-quipment-for-weight-training-barbell-1.webp\",\"datePublished\":\"2025-03-03T09:44:24+00:00\",\"dateModified\":\"2025-09-10T07:49:45+00:00\",\"description\":\"Auk\u0161tos kokyb\u0117s plienin\u0117s konstrukcijos Z03G2 \u0161tanga yra patvari treniruokli\u0173 \u012franga, skirta j\u0117gos ir stabilumo ugdymui.\",\"breadcrumb\":{\"@id\":\"https:\/\/gymfactory.eu\/lt\/produktas\/z03g2-strypas\/#breadcrumb\"},\"inLanguage\":\"lt-LT\",\"potentialAction\":[{\"@type\":\"ReadAction\",\"target\":[\"https:\/\/gymfactory.eu\/lt\/produktas\/z03g2-strypas\/\"]}]},{\"@type\":\"ImageObject\",\"inLanguage\":\"lt-LT\",\"@id\":\"https:\/\/gymfactory.eu\/lt\/produktas\/z03g2-strypas\/#primaryimage\",\"url\":\"https:\/\/gymfactory.eu\/wp-content\/uploads\/2025\/03\/Z03G2-quipment-for-weight-training-barbell-1.webp\",\"contentUrl\":\"https:\/\/gymfactory.eu\/wp-content\/uploads\/2025\/03\/Z03G2-quipment-for-weight-training-barbell-1.webp\",\"width\":1500,\"height\":1500,\"caption\":\"Auk\u0161tos kokyb\u0117s plieno konstrukcijos olimpin\u0117 \u0161tanga su i\u0161lenkta EZ forma, skirta j\u0117gos treniruot\u0117ms ir j\u0117gos pratimams. \u0160tangos rankena su rakteliais, kad b\u016bt\u0173 saugiai valdoma, o abiejuose galuose yra skland\u017eiai besisukan\u010dios \u012fvor\u0117s, kad b\u016bt\u0173 galima lengvai pakrauti svorio plok\u0161tel\u0119.\"},{\"@type\":\"BreadcrumbList\",\"@id\":\"https:\/\/gymfactory.eu\/lt\/produktas\/z03g2-strypas\/#breadcrumb\",\"itemListElement\":[{\"@type\":\"ListItem\",\"position\":1,\"name\":\"Pagrindinis\",\"item\":\"https:\/\/gymfactory.eu\/lt\/\"},{\"@type\":\"ListItem\",\"position\":2,\"name\":\"Katalogas\",\"item\":\"https:\/\/gymfactory.eu\/lt\/katalogas\/\"},{\"@type\":\"ListItem\",\"position\":3,\"name\":\"Z03G2 Olimpinis lenktas grifas\"}]},{\"@type\":\"WebSite\",\"@id\":\"https:\/\/gymfactory.eu\/lt\/#website\",\"url\":\"https:\/\/gymfactory.eu\/lt\/\",\"name\":\"Gym Factory\",\"description\":\"\",\"publisher\":{\"@id\":\"https:\/\/gymfactory.eu\/lt\/#organization\"},\"potentialAction\":[{\"@type\":\"SearchAction\",\"target\":{\"@type\":\"EntryPoint\",\"urlTemplate\":\"https:\/\/gymfactory.eu\/lt\/?s={search_term_string}\"},\"query-input\":{\"@type\":\"PropertyValueSpecification\",\"valueRequired\":true,\"valueName\":\"search_term_string\"}}],\"inLanguage\":\"lt-LT\"},{\"@type\":\"Organization\",\"@id\":\"https:\/\/gymfactory.eu\/lt\/#organization\",\"name\":\"Sporto sal\u0117s gamykla\",\"url\":\"https:\/\/gymfactory.eu\/lt\/\",\"logo\":{\"@type\":\"ImageObject\",\"inLanguage\":\"lt-LT\",\"@id\":\"https:\/\/gymfactory.eu\/lt\/#\/schema\/logo\/image\/\",\"url\":\"https:\/\/gymfactory.eu\/wp-content\/uploads\/2024\/11\/Component-1.svg\",\"contentUrl\":\"https:\/\/gymfactory.eu\/wp-content\/uploads\/2024\/11\/Component-1.svg\",\"width\":54,\"height\":44,\"caption\":\"Sporto sal\u0117s gamykla\"},\"image\":{\"@id\":\"https:\/\/gymfactory.eu\/lt\/#\/schema\/logo\/image\/\"}}]}<\/script>\n<!-- \/ Yoast SEO plugin. -->","yoast_head_json":{"title":"Z03G2 \u0161tangos - patikima treniruo\u010di\u0173 su svoriais \u012franga","description":"Auk\u0161tos kokyb\u0117s plienin\u0117s konstrukcijos Z03G2 \u0161tanga yra patvari treniruokli\u0173 \u012franga, skirta j\u0117gos ir stabilumo ugdymui.","robots":{"index":"index","follow":"follow","max-snippet":"max-snippet:-1","max-image-preview":"max-image-preview:large","max-video-preview":"max-video-preview:-1"},"canonical":"https:\/\/gymfactory.eu\/lt\/produktas\/z03g2-strypas\/","og_locale":"lt_LT","og_type":"article","og_title":"Z03G2 \u0161tangos - patikima treniruo\u010di\u0173 su svoriais \u012franga","og_description":"Auk\u0161tos kokyb\u0117s plienin\u0117s konstrukcijos Z03G2 \u0161tanga yra patvari treniruokli\u0173 \u012franga, skirta j\u0117gos ir stabilumo ugdymui.","og_url":"https:\/\/gymfactory.eu\/lt\/produktas\/z03g2-strypas\/","og_site_name":"Gym Factory","article_modified_time":"2025-09-10T07:49:45+00:00","og_image":[{"width":1500,"height":1500,"url":"https:\/\/gymfactory.eu\/wp-content\/uploads\/2025\/03\/Z03G2-quipment-for-weight-training-barbell-1.webp","type":"image\/webp"}],"twitter_card":"summary_large_image","twitter_misc":{"Est. reading time":"1 minut\u0117"},"schema":{"@context":"https:\/\/schema.org","@graph":[{"@type":"WebPage","@id":"https:\/\/gymfactory.eu\/lt\/produktas\/z03g2-strypas\/","url":"https:\/\/gymfactory.eu\/lt\/produktas\/z03g2-strypas\/","name":"Z03G2 \u0161tangos - patikima treniruo\u010di\u0173 su svoriais \u012franga","isPartOf":{"@id":"https:\/\/gymfactory.eu\/lt\/#website"},"primaryImageOfPage":{"@id":"https:\/\/gymfactory.eu\/lt\/produktas\/z03g2-strypas\/#primaryimage"},"image":{"@id":"https:\/\/gymfactory.eu\/lt\/produktas\/z03g2-strypas\/#primaryimage"},"thumbnailUrl":"https:\/\/gymfactory.eu\/wp-content\/uploads\/2025\/03\/Z03G2-quipment-for-weight-training-barbell-1.webp","datePublished":"2025-03-03T09:44:24+00:00","dateModified":"2025-09-10T07:49:45+00:00","description":"Auk\u0161tos kokyb\u0117s plienin\u0117s konstrukcijos Z03G2 \u0161tanga yra patvari treniruokli\u0173 \u012franga, skirta j\u0117gos ir stabilumo ugdymui.","breadcrumb":{"@id":"https:\/\/gymfactory.eu\/lt\/produktas\/z03g2-strypas\/#breadcrumb"},"inLanguage":"lt-LT","potentialAction":[{"@type":"ReadAction","target":["https:\/\/gymfactory.eu\/lt\/produktas\/z03g2-strypas\/"]}]},{"@type":"ImageObject","inLanguage":"lt-LT","@id":"https:\/\/gymfactory.eu\/lt\/produktas\/z03g2-strypas\/#primaryimage","url":"https:\/\/gymfactory.eu\/wp-content\/uploads\/2025\/03\/Z03G2-quipment-for-weight-training-barbell-1.webp","contentUrl":"https:\/\/gymfactory.eu\/wp-content\/uploads\/2025\/03\/Z03G2-quipment-for-weight-training-barbell-1.webp","width":1500,"height":1500,"caption":"Auk\u0161tos kokyb\u0117s plieno konstrukcijos olimpin\u0117 \u0161tanga su i\u0161lenkta EZ forma, skirta j\u0117gos treniruot\u0117ms ir j\u0117gos pratimams. \u0160tangos rankena su rakteliais, kad b\u016bt\u0173 saugiai valdoma, o abiejuose galuose yra skland\u017eiai besisukan\u010dios \u012fvor\u0117s, kad b\u016bt\u0173 galima lengvai pakrauti svorio plok\u0161tel\u0119."},{"@type":"BreadcrumbList","@id":"https:\/\/gymfactory.eu\/lt\/produktas\/z03g2-strypas\/#breadcrumb","itemListElement":[{"@type":"ListItem","position":1,"name":"Pagrindinis","item":"https:\/\/gymfactory.eu\/lt\/"},{"@type":"ListItem","position":2,"name":"Katalogas","item":"https:\/\/gymfactory.eu\/lt\/katalogas\/"},{"@type":"ListItem","position":3,"name":"Z03G2 Olimpinis lenktas grifas"}]},{"@type":"WebSite","@id":"https:\/\/gymfactory.eu\/lt\/#website","url":"https:\/\/gymfactory.eu\/lt\/","name":"Gym Factory","description":"","publisher":{"@id":"https:\/\/gymfactory.eu\/lt\/#organization"},"potentialAction":[{"@type":"SearchAction","target":{"@type":"EntryPoint","urlTemplate":"https:\/\/gymfactory.eu\/lt\/?s={search_term_string}"},"query-input":{"@type":"PropertyValueSpecification","valueRequired":true,"valueName":"search_term_string"}}],"inLanguage":"lt-LT"},{"@type":"Organization","@id":"https:\/\/gymfactory.eu\/lt\/#organization","name":"Sporto sal\u0117s gamykla","url":"https:\/\/gymfactory.eu\/lt\/","logo":{"@type":"ImageObject","inLanguage":"lt-LT","@id":"https:\/\/gymfactory.eu\/lt\/#\/schema\/logo\/image\/","url":"https:\/\/gymfactory.eu\/wp-content\/uploads\/2024\/11\/Component-1.svg","contentUrl":"https:\/\/gymfactory.eu\/wp-content\/uploads\/2024\/11\/Component-1.svg","width":54,"height":44,"caption":"Sporto sal\u0117s gamykla"},"image":{"@id":"https:\/\/gymfactory.eu\/lt\/#\/schema\/logo\/image\/"}}]}},"_links":{"self":[{"href":"https:\/\/gymfactory.eu\/lt\/wp-json\/wp\/v2\/product\/9659","targetHints":{"allow":["GET"]}}],"collection":[{"href":"https:\/\/gymfactory.eu\/lt\/wp-json\/wp\/v2\/product"}],"about":[{"href":"https:\/\/gymfactory.eu\/lt\/wp-json\/wp\/v2\/types\/product"}],"wp:featuredmedia":[{"embeddable":true,"href":"https:\/\/gymfactory.eu\/lt\/wp-json\/wp\/v2\/media\/9105"}],"wp:attachment":[{"href":"https:\/\/gymfactory.eu\/lt\/wp-json\/wp\/v2\/media?parent=9659"}],"wp:term":[{"taxonomy":"product_brand","embeddable":true,"href":"https:\/\/gymfactory.eu\/lt\/wp-json\/wp\/v2\/product_brand?post=9659"},{"taxonomy":"product_cat","embeddable":true,"href":"https:\/\/gymfactory.eu\/lt\/wp-json\/wp\/v2\/product_cat?post=9659"},{"taxonomy":"product_tag","embeddable":true,"href":"https:\/\/gymfactory.eu\/lt\/wp-json\/wp\/v2\/product_tag?post=9659"}],"curies":[{"name":"wp","href":"https:\/\/api.w.org\/{rel}","templated":true}]}}