{"id":9657,"date":"2025-03-03T11:34:03","date_gmt":"2025-03-03T09:34:03","guid":{"rendered":"https:\/\/gymfactory.eu\/product\/z08-sunkus-geleziniai-lagaminai\/"},"modified":"2025-09-09T10:46:12","modified_gmt":"2025-09-09T07:46:12","slug":"z08-sunkus-geleziniai-lagaminai","status":"publish","type":"product","link":"https:\/\/gymfactory.eu\/lt\/produktas\/z08-sunkus-geleziniai-lagaminai\/","title":{"rendered":"Z08 Gele\u017einiai lagaminai"},"content":{"rendered":"<p>Z08 gele\u017einiai lagaminai \u2013 treniruoklis, skirtas \u201estrongman\u201c tipo treniruot\u0117ms. Kiekvienas lagaminas sveria 50\u202fkg ir turi papildomus tvirtinimo ta\u0161kus papildomam svoriui krauti.<\/p>\n<p>\u0160ie lagaminai lavina su\u0117mimo stiprum\u0105, viso k\u016bno j\u0117g\u0105 ir ne\u0161imo i\u0161tverm\u0119 \u2013 tai funkcionalus \u012frankis pa\u017eengusiems atletams ir j\u0117gos rung\u010di\u0173 treniruot\u0117ms.<\/p>\n\n    <div class=\"xs_social_share_widget xs_share_url after_content \t\tmain_content  wslu-style-1 wslu-share-box-shaped wslu-fill-colored wslu-none wslu-share-horizontal wslu-theme-font-no wslu-main_content\">\n\n\t\t\n        <ul>\n\t\t\t        <\/ul>\n    <\/div> \n","protected":false},"excerpt":{"rendered":"<p>Z08 gele\u017einiai lagaminai \u2013 treniruoklis, skirtas \u201estrongman\u201c tipo treniruot\u0117ms. Kiekvienas lagaminas sveria 50\u202fkg ir turi papildomus tvirtinimo ta\u0161kus papildomam svoriui krauti. \u0160ie lagaminai lavina su\u0117mimo stiprum\u0105, viso k\u016bno j\u0117g\u0105 ir ne\u0161imo i\u0161tverm\u0119 \u2013 tai funkcionalus \u012frankis pa\u017eengusiems atletams ir j\u0117gos rung\u010di\u0173 treniruot\u0117ms.<\/p>\n","protected":false},"featured_media":9114,"template":"","meta":{"_acf_changed":false},"product_brand":[56],"product_cat":[405],"product_tag":[415],"class_list":{"0":"post-9657","1":"product","2":"type-product","3":"status-publish","4":"has-post-thumbnail","6":"product_brand-gym-factory","7":"product_cat-svarmenys-ir-stangos","8":"product_tag-spalva-tik-metaline","10":"first","11":"onbackorder","12":"taxable","13":"shipping-taxable","14":"purchasable","15":"product-type-simple"},"acf":[],"yoast_head":"<!-- This site is optimized with the Yoast SEO plugin v25.2 - https:\/\/yoast.com\/wordpress\/plugins\/seo\/ -->\n<title>Z08 Sunk\u016bs gele\u017einiai lagaminai - j\u0117gos treniruo\u010di\u0173 \u012franga<\/title>\n<meta name=\"description\" content=\"\u0160ie sunkieji gele\u017einiai lagaminai yra geriausia treniruokli\u0173 \u012franga namams ir komercin\u0117ms sporto sal\u0117ms, pasi\u017eyminti kompakti\u0161ka, patvaria konstrukcija, skirta viso k\u016bno j\u0117gos treniruot\u0117ms.\" \/>\n<meta name=\"robots\" content=\"index, follow, max-snippet:-1, max-image-preview:large, max-video-preview:-1\" \/>\n<link rel=\"canonical\" href=\"https:\/\/gymfactory.eu\/lt\/produktas\/z08-sunkus-geleziniai-lagaminai\/\" \/>\n<meta property=\"og:locale\" content=\"lt_LT\" \/>\n<meta property=\"og:type\" content=\"article\" \/>\n<meta property=\"og:title\" content=\"Z08 Sunk\u016bs gele\u017einiai lagaminai - j\u0117gos treniruo\u010di\u0173 \u012franga\" \/>\n<meta property=\"og:description\" content=\"\u0160ie sunkieji gele\u017einiai lagaminai yra geriausia treniruokli\u0173 \u012franga namams ir komercin\u0117ms sporto sal\u0117ms, pasi\u017eyminti kompakti\u0161ka, patvaria konstrukcija, skirta viso k\u016bno j\u0117gos treniruot\u0117ms.\" \/>\n<meta property=\"og:url\" content=\"https:\/\/gymfactory.eu\/lt\/produktas\/z08-sunkus-geleziniai-lagaminai\/\" \/>\n<meta property=\"og:site_name\" content=\"Gym Factory\" \/>\n<meta property=\"article:modified_time\" content=\"2025-09-09T07:46:12+00:00\" \/>\n<meta property=\"og:image\" content=\"https:\/\/gymfactory.eu\/wp-content\/uploads\/2025\/03\/z08-high-quality-steel-structure-heavy-iron-suitcases-2.webp\" \/>\n\t<meta property=\"og:image:width\" content=\"1500\" \/>\n\t<meta property=\"og:image:height\" content=\"1500\" \/>\n\t<meta property=\"og:image:type\" content=\"image\/webp\" \/>\n<meta name=\"twitter:card\" content=\"summary_large_image\" \/>\n<meta name=\"twitter:label1\" content=\"Est. reading time\" \/>\n\t<meta name=\"twitter:data1\" content=\"1 minut\u0117\" \/>\n<script type=\"application\/ld+json\" class=\"yoast-schema-graph\">{\"@context\":\"https:\/\/schema.org\",\"@graph\":[{\"@type\":\"WebPage\",\"@id\":\"https:\/\/gymfactory.eu\/lt\/produktas\/z08-sunkus-geleziniai-lagaminai\/\",\"url\":\"https:\/\/gymfactory.eu\/lt\/produktas\/z08-sunkus-geleziniai-lagaminai\/\",\"name\":\"Z08 Sunk\u016bs gele\u017einiai lagaminai - j\u0117gos treniruo\u010di\u0173 \u012franga\",\"isPartOf\":{\"@id\":\"https:\/\/gymfactory.eu\/lt\/#website\"},\"primaryImageOfPage\":{\"@id\":\"https:\/\/gymfactory.eu\/lt\/produktas\/z08-sunkus-geleziniai-lagaminai\/#primaryimage\"},\"image\":{\"@id\":\"https:\/\/gymfactory.eu\/lt\/produktas\/z08-sunkus-geleziniai-lagaminai\/#primaryimage\"},\"thumbnailUrl\":\"https:\/\/gymfactory.eu\/wp-content\/uploads\/2025\/03\/z08-high-quality-steel-structure-heavy-iron-suitcases-2.webp\",\"datePublished\":\"2025-03-03T09:34:03+00:00\",\"dateModified\":\"2025-09-09T07:46:12+00:00\",\"description\":\"\u0160ie sunkieji gele\u017einiai lagaminai yra geriausia treniruokli\u0173 \u012franga namams ir komercin\u0117ms sporto sal\u0117ms, pasi\u017eyminti kompakti\u0161ka, patvaria konstrukcija, skirta viso k\u016bno j\u0117gos treniruot\u0117ms.\",\"breadcrumb\":{\"@id\":\"https:\/\/gymfactory.eu\/lt\/produktas\/z08-sunkus-geleziniai-lagaminai\/#breadcrumb\"},\"inLanguage\":\"lt-LT\",\"potentialAction\":[{\"@type\":\"ReadAction\",\"target\":[\"https:\/\/gymfactory.eu\/lt\/produktas\/z08-sunkus-geleziniai-lagaminai\/\"]}]},{\"@type\":\"ImageObject\",\"inLanguage\":\"lt-LT\",\"@id\":\"https:\/\/gymfactory.eu\/lt\/produktas\/z08-sunkus-geleziniai-lagaminai\/#primaryimage\",\"url\":\"https:\/\/gymfactory.eu\/wp-content\/uploads\/2025\/03\/z08-high-quality-steel-structure-heavy-iron-suitcases-2.webp\",\"contentUrl\":\"https:\/\/gymfactory.eu\/wp-content\/uploads\/2025\/03\/z08-high-quality-steel-structure-heavy-iron-suitcases-2.webp\",\"width\":1500,\"height\":1500,\"caption\":\"Pora auk\u0161tos kokyb\u0117s plieno konstrukcijos sunki\u0173j\u0173 gele\u017eies lagamin\u0173, skirt\u0173 j\u0117gos treniruot\u0117ms. Juodi sta\u010diakampiai svarmenys turi tvirt\u0105 metalin\u0119 konstrukcij\u0105, tvirtas rankenas saugiam laikymui ir metalinius strypus svoriui reguliuoti. Priekin\u0117je dalyje matomas ry\u0161kus \\\"50\\\" \u017eenklas, nurodantis svor\u012f kilogramais.\"},{\"@type\":\"BreadcrumbList\",\"@id\":\"https:\/\/gymfactory.eu\/lt\/produktas\/z08-sunkus-geleziniai-lagaminai\/#breadcrumb\",\"itemListElement\":[{\"@type\":\"ListItem\",\"position\":1,\"name\":\"Pagrindinis\",\"item\":\"https:\/\/gymfactory.eu\/lt\/\"},{\"@type\":\"ListItem\",\"position\":2,\"name\":\"Katalogas\",\"item\":\"https:\/\/gymfactory.eu\/lt\/katalogas\/\"},{\"@type\":\"ListItem\",\"position\":3,\"name\":\"Z08 Gele\u017einiai lagaminai\"}]},{\"@type\":\"WebSite\",\"@id\":\"https:\/\/gymfactory.eu\/lt\/#website\",\"url\":\"https:\/\/gymfactory.eu\/lt\/\",\"name\":\"Gym Factory\",\"description\":\"\",\"publisher\":{\"@id\":\"https:\/\/gymfactory.eu\/lt\/#organization\"},\"potentialAction\":[{\"@type\":\"SearchAction\",\"target\":{\"@type\":\"EntryPoint\",\"urlTemplate\":\"https:\/\/gymfactory.eu\/lt\/?s={search_term_string}\"},\"query-input\":{\"@type\":\"PropertyValueSpecification\",\"valueRequired\":true,\"valueName\":\"search_term_string\"}}],\"inLanguage\":\"lt-LT\"},{\"@type\":\"Organization\",\"@id\":\"https:\/\/gymfactory.eu\/lt\/#organization\",\"name\":\"Sporto sal\u0117s gamykla\",\"url\":\"https:\/\/gymfactory.eu\/lt\/\",\"logo\":{\"@type\":\"ImageObject\",\"inLanguage\":\"lt-LT\",\"@id\":\"https:\/\/gymfactory.eu\/lt\/#\/schema\/logo\/image\/\",\"url\":\"https:\/\/gymfactory.eu\/wp-content\/uploads\/2024\/11\/Component-1.svg\",\"contentUrl\":\"https:\/\/gymfactory.eu\/wp-content\/uploads\/2024\/11\/Component-1.svg\",\"width\":54,\"height\":44,\"caption\":\"Sporto sal\u0117s gamykla\"},\"image\":{\"@id\":\"https:\/\/gymfactory.eu\/lt\/#\/schema\/logo\/image\/\"}}]}<\/script>\n<!-- \/ Yoast SEO plugin. -->","yoast_head_json":{"title":"Z08 Sunk\u016bs gele\u017einiai lagaminai - j\u0117gos treniruo\u010di\u0173 \u012franga","description":"\u0160ie sunkieji gele\u017einiai lagaminai yra geriausia treniruokli\u0173 \u012franga namams ir komercin\u0117ms sporto sal\u0117ms, pasi\u017eyminti kompakti\u0161ka, patvaria konstrukcija, skirta viso k\u016bno j\u0117gos treniruot\u0117ms.","robots":{"index":"index","follow":"follow","max-snippet":"max-snippet:-1","max-image-preview":"max-image-preview:large","max-video-preview":"max-video-preview:-1"},"canonical":"https:\/\/gymfactory.eu\/lt\/produktas\/z08-sunkus-geleziniai-lagaminai\/","og_locale":"lt_LT","og_type":"article","og_title":"Z08 Sunk\u016bs gele\u017einiai lagaminai - j\u0117gos treniruo\u010di\u0173 \u012franga","og_description":"\u0160ie sunkieji gele\u017einiai lagaminai yra geriausia treniruokli\u0173 \u012franga namams ir komercin\u0117ms sporto sal\u0117ms, pasi\u017eyminti kompakti\u0161ka, patvaria konstrukcija, skirta viso k\u016bno j\u0117gos treniruot\u0117ms.","og_url":"https:\/\/gymfactory.eu\/lt\/produktas\/z08-sunkus-geleziniai-lagaminai\/","og_site_name":"Gym Factory","article_modified_time":"2025-09-09T07:46:12+00:00","og_image":[{"width":1500,"height":1500,"url":"https:\/\/gymfactory.eu\/wp-content\/uploads\/2025\/03\/z08-high-quality-steel-structure-heavy-iron-suitcases-2.webp","type":"image\/webp"}],"twitter_card":"summary_large_image","twitter_misc":{"Est. reading time":"1 minut\u0117"},"schema":{"@context":"https:\/\/schema.org","@graph":[{"@type":"WebPage","@id":"https:\/\/gymfactory.eu\/lt\/produktas\/z08-sunkus-geleziniai-lagaminai\/","url":"https:\/\/gymfactory.eu\/lt\/produktas\/z08-sunkus-geleziniai-lagaminai\/","name":"Z08 Sunk\u016bs gele\u017einiai lagaminai - j\u0117gos treniruo\u010di\u0173 \u012franga","isPartOf":{"@id":"https:\/\/gymfactory.eu\/lt\/#website"},"primaryImageOfPage":{"@id":"https:\/\/gymfactory.eu\/lt\/produktas\/z08-sunkus-geleziniai-lagaminai\/#primaryimage"},"image":{"@id":"https:\/\/gymfactory.eu\/lt\/produktas\/z08-sunkus-geleziniai-lagaminai\/#primaryimage"},"thumbnailUrl":"https:\/\/gymfactory.eu\/wp-content\/uploads\/2025\/03\/z08-high-quality-steel-structure-heavy-iron-suitcases-2.webp","datePublished":"2025-03-03T09:34:03+00:00","dateModified":"2025-09-09T07:46:12+00:00","description":"\u0160ie sunkieji gele\u017einiai lagaminai yra geriausia treniruokli\u0173 \u012franga namams ir komercin\u0117ms sporto sal\u0117ms, pasi\u017eyminti kompakti\u0161ka, patvaria konstrukcija, skirta viso k\u016bno j\u0117gos treniruot\u0117ms.","breadcrumb":{"@id":"https:\/\/gymfactory.eu\/lt\/produktas\/z08-sunkus-geleziniai-lagaminai\/#breadcrumb"},"inLanguage":"lt-LT","potentialAction":[{"@type":"ReadAction","target":["https:\/\/gymfactory.eu\/lt\/produktas\/z08-sunkus-geleziniai-lagaminai\/"]}]},{"@type":"ImageObject","inLanguage":"lt-LT","@id":"https:\/\/gymfactory.eu\/lt\/produktas\/z08-sunkus-geleziniai-lagaminai\/#primaryimage","url":"https:\/\/gymfactory.eu\/wp-content\/uploads\/2025\/03\/z08-high-quality-steel-structure-heavy-iron-suitcases-2.webp","contentUrl":"https:\/\/gymfactory.eu\/wp-content\/uploads\/2025\/03\/z08-high-quality-steel-structure-heavy-iron-suitcases-2.webp","width":1500,"height":1500,"caption":"Pora auk\u0161tos kokyb\u0117s plieno konstrukcijos sunki\u0173j\u0173 gele\u017eies lagamin\u0173, skirt\u0173 j\u0117gos treniruot\u0117ms. Juodi sta\u010diakampiai svarmenys turi tvirt\u0105 metalin\u0119 konstrukcij\u0105, tvirtas rankenas saugiam laikymui ir metalinius strypus svoriui reguliuoti. Priekin\u0117je dalyje matomas ry\u0161kus \"50\" \u017eenklas, nurodantis svor\u012f kilogramais."},{"@type":"BreadcrumbList","@id":"https:\/\/gymfactory.eu\/lt\/produktas\/z08-sunkus-geleziniai-lagaminai\/#breadcrumb","itemListElement":[{"@type":"ListItem","position":1,"name":"Pagrindinis","item":"https:\/\/gymfactory.eu\/lt\/"},{"@type":"ListItem","position":2,"name":"Katalogas","item":"https:\/\/gymfactory.eu\/lt\/katalogas\/"},{"@type":"ListItem","position":3,"name":"Z08 Gele\u017einiai lagaminai"}]},{"@type":"WebSite","@id":"https:\/\/gymfactory.eu\/lt\/#website","url":"https:\/\/gymfactory.eu\/lt\/","name":"Gym Factory","description":"","publisher":{"@id":"https:\/\/gymfactory.eu\/lt\/#organization"},"potentialAction":[{"@type":"SearchAction","target":{"@type":"EntryPoint","urlTemplate":"https:\/\/gymfactory.eu\/lt\/?s={search_term_string}"},"query-input":{"@type":"PropertyValueSpecification","valueRequired":true,"valueName":"search_term_string"}}],"inLanguage":"lt-LT"},{"@type":"Organization","@id":"https:\/\/gymfactory.eu\/lt\/#organization","name":"Sporto sal\u0117s gamykla","url":"https:\/\/gymfactory.eu\/lt\/","logo":{"@type":"ImageObject","inLanguage":"lt-LT","@id":"https:\/\/gymfactory.eu\/lt\/#\/schema\/logo\/image\/","url":"https:\/\/gymfactory.eu\/wp-content\/uploads\/2024\/11\/Component-1.svg","contentUrl":"https:\/\/gymfactory.eu\/wp-content\/uploads\/2024\/11\/Component-1.svg","width":54,"height":44,"caption":"Sporto sal\u0117s gamykla"},"image":{"@id":"https:\/\/gymfactory.eu\/lt\/#\/schema\/logo\/image\/"}}]}},"_links":{"self":[{"href":"https:\/\/gymfactory.eu\/lt\/wp-json\/wp\/v2\/product\/9657","targetHints":{"allow":["GET"]}}],"collection":[{"href":"https:\/\/gymfactory.eu\/lt\/wp-json\/wp\/v2\/product"}],"about":[{"href":"https:\/\/gymfactory.eu\/lt\/wp-json\/wp\/v2\/types\/product"}],"wp:featuredmedia":[{"embeddable":true,"href":"https:\/\/gymfactory.eu\/lt\/wp-json\/wp\/v2\/media\/9114"}],"wp:attachment":[{"href":"https:\/\/gymfactory.eu\/lt\/wp-json\/wp\/v2\/media?parent=9657"}],"wp:term":[{"taxonomy":"product_brand","embeddable":true,"href":"https:\/\/gymfactory.eu\/lt\/wp-json\/wp\/v2\/product_brand?post=9657"},{"taxonomy":"product_cat","embeddable":true,"href":"https:\/\/gymfactory.eu\/lt\/wp-json\/wp\/v2\/product_cat?post=9657"},{"taxonomy":"product_tag","embeddable":true,"href":"https:\/\/gymfactory.eu\/lt\/wp-json\/wp\/v2\/product_tag?post=9657"}],"curies":[{"name":"wp","href":"https:\/\/api.w.org\/{rel}","templated":true}]}}