{"id":9656,"date":"2025-04-09T11:04:54","date_gmt":"2025-04-09T08:04:54","guid":{"rendered":"https:\/\/gymfactory.eu\/product\/tg-3-gimnastikos-kamuolys\/"},"modified":"2026-01-23T14:52:42","modified_gmt":"2026-01-23T12:52:42","slug":"tg-3-gimnastikos-kamuolys","status":"publish","type":"product","link":"https:\/\/gymfactory.eu\/lt\/produktas\/tg-3-gimnastikos-kamuolys\/","title":{"rendered":"TG3 Gimnastikos kamuolys"},"content":{"rendered":"<p>TG\u20133 gimnastikos kamuolys \u2013 \u012franga gili\u0173j\u0173 raumen\u0173 aktyvavimui, pusiausvyrai ir k\u016bno kontrolei lavinti. Pagamintas i\u0161 tvirtos, nuo ply\u0161imo apsaugotos med\u017eiagos, u\u017etikrina stabili\u0105 atram\u0105 atliekant pratimus, tokius kaip tempimai, lenta, tiltai ar prit\u016bpimai prie sienos.<\/p>\n<p>Padeda gerinti stabilum\u0105, aktyvuoja centrinius raumenis ir palaiko valdom\u0105 judesi\u0173 atlikim\u0105 visu judesio diapazonu. Lengvas, lengvai pripu\u010diamas, tinkamas naudoti tiek namuose, tiek sporto sal\u0117se \u2013 puikiai \u012fsilieja \u012f bet kuri\u0105 treniruo\u010di\u0173 program\u0105.<\/p>\n\n    <div class=\"xs_social_share_widget xs_share_url after_content \t\tmain_content  wslu-style-1 wslu-share-box-shaped wslu-fill-colored wslu-none wslu-share-horizontal wslu-theme-font-no wslu-main_content\">\n\n\t\t\n        <ul>\n\t\t\t        <\/ul>\n    <\/div> \n","protected":false},"excerpt":{"rendered":"<p>TG\u20133 gimnastikos kamuolys \u2013 \u012franga gili\u0173j\u0173 raumen\u0173 aktyvavimui, pusiausvyrai ir k\u016bno kontrolei lavinti. Pagamintas i\u0161 tvirtos, nuo ply\u0161imo apsaugotos med\u017eiagos, u\u017etikrina stabili\u0105 atram\u0105 atliekant pratimus, tokius kaip tempimai, lenta, tiltai ar prit\u016bpimai prie sienos. Padeda gerinti stabilum\u0105, aktyvuoja centrinius raumenis ir palaiko valdom\u0105 judesi\u0173 atlikim\u0105 visu judesio diapazonu. Lengvas, lengvai pripu\u010diamas, tinkamas naudoti tiek namuose, [&hellip;]<\/p>\n","protected":false},"featured_media":8785,"template":"","meta":{"_acf_changed":false},"product_brand":[817],"product_cat":[418],"product_tag":[393],"class_list":{"0":"post-9656","1":"product","2":"type-product","3":"status-publish","4":"has-post-thumbnail","6":"product_brand-gym-factory-lt","7":"product_cat-treniruokliu-priedai","8":"product_tag-spalva-nera-spalvu","10":"first","11":"instock","12":"taxable","13":"shipping-taxable","14":"purchasable","15":"product-type-simple"},"acf":[],"yoast_head":"<!-- This site is optimized with the Yoast SEO plugin v25.2 - https:\/\/yoast.com\/wordpress\/plugins\/seo\/ -->\n<title>TG-3 gimnastikos kamuolys - treniruokli\u0173 sal\u0117s \u012franga j\u0117gai ir pusiausvyrai palaikyti<\/title>\n<meta name=\"description\" content=\"TG-3 gimnastikos kamuolys padeda stiprinti pagrindin\u0119 j\u0117g\u0105, stabilum\u0105 ir treniruotis su k\u016bno svoriu. Patvari sporto \u012franga pusiausvyros ir j\u0117gos pratimams.\" \/>\n<meta name=\"robots\" content=\"index, follow, max-snippet:-1, max-image-preview:large, max-video-preview:-1\" \/>\n<link rel=\"canonical\" href=\"https:\/\/gymfactory.eu\/lt\/produktas\/tg-3-gimnastikos-kamuolys\/\" \/>\n<meta property=\"og:locale\" content=\"lt_LT\" \/>\n<meta property=\"og:type\" content=\"article\" \/>\n<meta property=\"og:title\" content=\"TG-3 gimnastikos kamuolys - treniruokli\u0173 sal\u0117s \u012franga j\u0117gai ir pusiausvyrai palaikyti\" \/>\n<meta property=\"og:description\" content=\"TG-3 gimnastikos kamuolys padeda stiprinti pagrindin\u0119 j\u0117g\u0105, stabilum\u0105 ir treniruotis su k\u016bno svoriu. Patvari sporto \u012franga pusiausvyros ir j\u0117gos pratimams.\" \/>\n<meta property=\"og:url\" content=\"https:\/\/gymfactory.eu\/lt\/produktas\/tg-3-gimnastikos-kamuolys\/\" \/>\n<meta property=\"og:site_name\" content=\"Gym Factory\" \/>\n<meta property=\"article:modified_time\" content=\"2026-01-23T12:52:42+00:00\" \/>\n<meta property=\"og:image\" content=\"https:\/\/gymfactory.eu\/wp-content\/uploads\/2025\/04\/TG\u20133-Gym-Ball.webp\" \/>\n\t<meta property=\"og:image:width\" content=\"1183\" \/>\n\t<meta property=\"og:image:height\" content=\"1182\" \/>\n\t<meta property=\"og:image:type\" content=\"image\/webp\" \/>\n<meta name=\"twitter:card\" content=\"summary_large_image\" \/>\n<meta name=\"twitter:label1\" content=\"Est. reading time\" \/>\n\t<meta name=\"twitter:data1\" content=\"1 minut\u0117\" \/>\n<script type=\"application\/ld+json\" class=\"yoast-schema-graph\">{\"@context\":\"https:\/\/schema.org\",\"@graph\":[{\"@type\":\"WebPage\",\"@id\":\"https:\/\/gymfactory.eu\/lt\/produktas\/tg-3-gimnastikos-kamuolys\/\",\"url\":\"https:\/\/gymfactory.eu\/lt\/produktas\/tg-3-gimnastikos-kamuolys\/\",\"name\":\"TG-3 gimnastikos kamuolys - treniruokli\u0173 sal\u0117s \u012franga j\u0117gai ir pusiausvyrai palaikyti\",\"isPartOf\":{\"@id\":\"https:\/\/gymfactory.eu\/lt\/#website\"},\"primaryImageOfPage\":{\"@id\":\"https:\/\/gymfactory.eu\/lt\/produktas\/tg-3-gimnastikos-kamuolys\/#primaryimage\"},\"image\":{\"@id\":\"https:\/\/gymfactory.eu\/lt\/produktas\/tg-3-gimnastikos-kamuolys\/#primaryimage\"},\"thumbnailUrl\":\"https:\/\/gymfactory.eu\/wp-content\/uploads\/2025\/04\/TG\u20133-Gym-Ball.webp\",\"datePublished\":\"2025-04-09T08:04:54+00:00\",\"dateModified\":\"2026-01-23T12:52:42+00:00\",\"description\":\"TG-3 gimnastikos kamuolys padeda stiprinti pagrindin\u0119 j\u0117g\u0105, stabilum\u0105 ir treniruotis su k\u016bno svoriu. Patvari sporto \u012franga pusiausvyros ir j\u0117gos pratimams.\",\"breadcrumb\":{\"@id\":\"https:\/\/gymfactory.eu\/lt\/produktas\/tg-3-gimnastikos-kamuolys\/#breadcrumb\"},\"inLanguage\":\"lt-LT\",\"potentialAction\":[{\"@type\":\"ReadAction\",\"target\":[\"https:\/\/gymfactory.eu\/lt\/produktas\/tg-3-gimnastikos-kamuolys\/\"]}]},{\"@type\":\"ImageObject\",\"inLanguage\":\"lt-LT\",\"@id\":\"https:\/\/gymfactory.eu\/lt\/produktas\/tg-3-gimnastikos-kamuolys\/#primaryimage\",\"url\":\"https:\/\/gymfactory.eu\/wp-content\/uploads\/2025\/04\/TG\u20133-Gym-Ball.webp\",\"contentUrl\":\"https:\/\/gymfactory.eu\/wp-content\/uploads\/2025\/04\/TG\u20133-Gym-Ball.webp\",\"width\":1183,\"height\":1182,\"caption\":\"Juodas TG-3 gimnastikos kamuolys, pagamintas i\u0161 patvarios, nuo sprogimo apsaugotos med\u017eiagos, naudojamas pagrindin\u0117ms treniruot\u0117ms, pusiausvyrai ir k\u016bno mas\u0117s treniruot\u0117ms namuose arba sporto sal\u0117je.\"},{\"@type\":\"BreadcrumbList\",\"@id\":\"https:\/\/gymfactory.eu\/lt\/produktas\/tg-3-gimnastikos-kamuolys\/#breadcrumb\",\"itemListElement\":[{\"@type\":\"ListItem\",\"position\":1,\"name\":\"Pagrindinis\",\"item\":\"https:\/\/gymfactory.eu\/lt\/\"},{\"@type\":\"ListItem\",\"position\":2,\"name\":\"Katalogas\",\"item\":\"https:\/\/gymfactory.eu\/lt\/katalogas\/\"},{\"@type\":\"ListItem\",\"position\":3,\"name\":\"TG3 Gimnastikos kamuolys\"}]},{\"@type\":\"WebSite\",\"@id\":\"https:\/\/gymfactory.eu\/lt\/#website\",\"url\":\"https:\/\/gymfactory.eu\/lt\/\",\"name\":\"Gym Factory\",\"description\":\"\",\"publisher\":{\"@id\":\"https:\/\/gymfactory.eu\/lt\/#organization\"},\"potentialAction\":[{\"@type\":\"SearchAction\",\"target\":{\"@type\":\"EntryPoint\",\"urlTemplate\":\"https:\/\/gymfactory.eu\/lt\/?s={search_term_string}\"},\"query-input\":{\"@type\":\"PropertyValueSpecification\",\"valueRequired\":true,\"valueName\":\"search_term_string\"}}],\"inLanguage\":\"lt-LT\"},{\"@type\":\"Organization\",\"@id\":\"https:\/\/gymfactory.eu\/lt\/#organization\",\"name\":\"Sporto sal\u0117s gamykla\",\"url\":\"https:\/\/gymfactory.eu\/lt\/\",\"logo\":{\"@type\":\"ImageObject\",\"inLanguage\":\"lt-LT\",\"@id\":\"https:\/\/gymfactory.eu\/lt\/#\/schema\/logo\/image\/\",\"url\":\"https:\/\/gymfactory.eu\/wp-content\/uploads\/2024\/11\/Component-1.svg\",\"contentUrl\":\"https:\/\/gymfactory.eu\/wp-content\/uploads\/2024\/11\/Component-1.svg\",\"width\":54,\"height\":44,\"caption\":\"Sporto sal\u0117s gamykla\"},\"image\":{\"@id\":\"https:\/\/gymfactory.eu\/lt\/#\/schema\/logo\/image\/\"}}]}<\/script>\n<!-- \/ Yoast SEO plugin. -->","yoast_head_json":{"title":"TG-3 gimnastikos kamuolys - treniruokli\u0173 sal\u0117s \u012franga j\u0117gai ir pusiausvyrai palaikyti","description":"TG-3 gimnastikos kamuolys padeda stiprinti pagrindin\u0119 j\u0117g\u0105, stabilum\u0105 ir treniruotis su k\u016bno svoriu. Patvari sporto \u012franga pusiausvyros ir j\u0117gos pratimams.","robots":{"index":"index","follow":"follow","max-snippet":"max-snippet:-1","max-image-preview":"max-image-preview:large","max-video-preview":"max-video-preview:-1"},"canonical":"https:\/\/gymfactory.eu\/lt\/produktas\/tg-3-gimnastikos-kamuolys\/","og_locale":"lt_LT","og_type":"article","og_title":"TG-3 gimnastikos kamuolys - treniruokli\u0173 sal\u0117s \u012franga j\u0117gai ir pusiausvyrai palaikyti","og_description":"TG-3 gimnastikos kamuolys padeda stiprinti pagrindin\u0119 j\u0117g\u0105, stabilum\u0105 ir treniruotis su k\u016bno svoriu. Patvari sporto \u012franga pusiausvyros ir j\u0117gos pratimams.","og_url":"https:\/\/gymfactory.eu\/lt\/produktas\/tg-3-gimnastikos-kamuolys\/","og_site_name":"Gym Factory","article_modified_time":"2026-01-23T12:52:42+00:00","og_image":[{"width":1183,"height":1182,"url":"https:\/\/gymfactory.eu\/wp-content\/uploads\/2025\/04\/TG\u20133-Gym-Ball.webp","type":"image\/webp"}],"twitter_card":"summary_large_image","twitter_misc":{"Est. reading time":"1 minut\u0117"},"schema":{"@context":"https:\/\/schema.org","@graph":[{"@type":"WebPage","@id":"https:\/\/gymfactory.eu\/lt\/produktas\/tg-3-gimnastikos-kamuolys\/","url":"https:\/\/gymfactory.eu\/lt\/produktas\/tg-3-gimnastikos-kamuolys\/","name":"TG-3 gimnastikos kamuolys - treniruokli\u0173 sal\u0117s \u012franga j\u0117gai ir pusiausvyrai palaikyti","isPartOf":{"@id":"https:\/\/gymfactory.eu\/lt\/#website"},"primaryImageOfPage":{"@id":"https:\/\/gymfactory.eu\/lt\/produktas\/tg-3-gimnastikos-kamuolys\/#primaryimage"},"image":{"@id":"https:\/\/gymfactory.eu\/lt\/produktas\/tg-3-gimnastikos-kamuolys\/#primaryimage"},"thumbnailUrl":"https:\/\/gymfactory.eu\/wp-content\/uploads\/2025\/04\/TG\u20133-Gym-Ball.webp","datePublished":"2025-04-09T08:04:54+00:00","dateModified":"2026-01-23T12:52:42+00:00","description":"TG-3 gimnastikos kamuolys padeda stiprinti pagrindin\u0119 j\u0117g\u0105, stabilum\u0105 ir treniruotis su k\u016bno svoriu. Patvari sporto \u012franga pusiausvyros ir j\u0117gos pratimams.","breadcrumb":{"@id":"https:\/\/gymfactory.eu\/lt\/produktas\/tg-3-gimnastikos-kamuolys\/#breadcrumb"},"inLanguage":"lt-LT","potentialAction":[{"@type":"ReadAction","target":["https:\/\/gymfactory.eu\/lt\/produktas\/tg-3-gimnastikos-kamuolys\/"]}]},{"@type":"ImageObject","inLanguage":"lt-LT","@id":"https:\/\/gymfactory.eu\/lt\/produktas\/tg-3-gimnastikos-kamuolys\/#primaryimage","url":"https:\/\/gymfactory.eu\/wp-content\/uploads\/2025\/04\/TG\u20133-Gym-Ball.webp","contentUrl":"https:\/\/gymfactory.eu\/wp-content\/uploads\/2025\/04\/TG\u20133-Gym-Ball.webp","width":1183,"height":1182,"caption":"Juodas TG-3 gimnastikos kamuolys, pagamintas i\u0161 patvarios, nuo sprogimo apsaugotos med\u017eiagos, naudojamas pagrindin\u0117ms treniruot\u0117ms, pusiausvyrai ir k\u016bno mas\u0117s treniruot\u0117ms namuose arba sporto sal\u0117je."},{"@type":"BreadcrumbList","@id":"https:\/\/gymfactory.eu\/lt\/produktas\/tg-3-gimnastikos-kamuolys\/#breadcrumb","itemListElement":[{"@type":"ListItem","position":1,"name":"Pagrindinis","item":"https:\/\/gymfactory.eu\/lt\/"},{"@type":"ListItem","position":2,"name":"Katalogas","item":"https:\/\/gymfactory.eu\/lt\/katalogas\/"},{"@type":"ListItem","position":3,"name":"TG3 Gimnastikos kamuolys"}]},{"@type":"WebSite","@id":"https:\/\/gymfactory.eu\/lt\/#website","url":"https:\/\/gymfactory.eu\/lt\/","name":"Gym Factory","description":"","publisher":{"@id":"https:\/\/gymfactory.eu\/lt\/#organization"},"potentialAction":[{"@type":"SearchAction","target":{"@type":"EntryPoint","urlTemplate":"https:\/\/gymfactory.eu\/lt\/?s={search_term_string}"},"query-input":{"@type":"PropertyValueSpecification","valueRequired":true,"valueName":"search_term_string"}}],"inLanguage":"lt-LT"},{"@type":"Organization","@id":"https:\/\/gymfactory.eu\/lt\/#organization","name":"Sporto sal\u0117s gamykla","url":"https:\/\/gymfactory.eu\/lt\/","logo":{"@type":"ImageObject","inLanguage":"lt-LT","@id":"https:\/\/gymfactory.eu\/lt\/#\/schema\/logo\/image\/","url":"https:\/\/gymfactory.eu\/wp-content\/uploads\/2024\/11\/Component-1.svg","contentUrl":"https:\/\/gymfactory.eu\/wp-content\/uploads\/2024\/11\/Component-1.svg","width":54,"height":44,"caption":"Sporto sal\u0117s gamykla"},"image":{"@id":"https:\/\/gymfactory.eu\/lt\/#\/schema\/logo\/image\/"}}]}},"_links":{"self":[{"href":"https:\/\/gymfactory.eu\/lt\/wp-json\/wp\/v2\/product\/9656","targetHints":{"allow":["GET"]}}],"collection":[{"href":"https:\/\/gymfactory.eu\/lt\/wp-json\/wp\/v2\/product"}],"about":[{"href":"https:\/\/gymfactory.eu\/lt\/wp-json\/wp\/v2\/types\/product"}],"wp:featuredmedia":[{"embeddable":true,"href":"https:\/\/gymfactory.eu\/lt\/wp-json\/wp\/v2\/media\/8785"}],"wp:attachment":[{"href":"https:\/\/gymfactory.eu\/lt\/wp-json\/wp\/v2\/media?parent=9656"}],"wp:term":[{"taxonomy":"product_brand","embeddable":true,"href":"https:\/\/gymfactory.eu\/lt\/wp-json\/wp\/v2\/product_brand?post=9656"},{"taxonomy":"product_cat","embeddable":true,"href":"https:\/\/gymfactory.eu\/lt\/wp-json\/wp\/v2\/product_cat?post=9656"},{"taxonomy":"product_tag","embeddable":true,"href":"https:\/\/gymfactory.eu\/lt\/wp-json\/wp\/v2\/product_tag?post=9656"}],"curies":[{"name":"wp","href":"https:\/\/api.w.org\/{rel}","templated":true}]}}