{"id":9655,"date":"2025-03-03T09:39:49","date_gmt":"2025-03-03T07:39:49","guid":{"rendered":"https:\/\/gymfactory.eu\/product\/z03g-olimpine-stanga\/"},"modified":"2025-09-10T10:48:41","modified_gmt":"2025-09-10T07:48:41","slug":"z03g-olimpine-stanga","status":"publish","type":"product","link":"https:\/\/gymfactory.eu\/lt\/produktas\/z03g-olimpine-stanga\/","title":{"rendered":"Z03G Olimpinis grifas"},"content":{"rendered":"<p>Z03G olimpinis grifas \u2013 patikima \u012franga j\u0117gos treniruot\u0117ms, tinkanti tiek nam\u0173 sporto zonai, tiek profesionaliai sporto salei. Skirta viso k\u016bno pratimams su apkrova, suderinama su 50\u202fmm skersmens olimpiniais diskais.<\/p>\n<p><strong>Pagrindin\u0117s specifikacijos:<\/strong><br \/>\n\u2022 Ilgis: 220\u202fcm<br \/>\n\u2022 Movos skersmuo: 50\u202fmm<br \/>\n\u2022 Movos ilgis: 39\u202fcm<br \/>\n\u2022 Su\u0117mimo skersmuo: 30\u202fmm<br \/>\n\u2022 Su\u0117mimo ilgis: 134\u202fcm<br \/>\n\u2022 Svoris: 20\u202fkg<br \/>\n\u2022 Maksimali apkrova: 320\u202fkg<br \/>\n\u2022 Rifliuotas padengimas u\u017etikrina tvirt\u0105 su\u0117mim\u0105 ir neleid\u017eia rankoms slysti<\/p>\n<p>Z03G \u0161tanga pritaikyta intensyvioms treniruot\u0117ms, kur svarb\u016bs na\u0161umas, patvarumas ir judesi\u0173 kontrol\u0117.<\/p>\n\n    <div class=\"xs_social_share_widget xs_share_url after_content \t\tmain_content  wslu-style-1 wslu-share-box-shaped wslu-fill-colored wslu-none wslu-share-horizontal wslu-theme-font-no wslu-main_content\">\n\n\t\t\n        <ul>\n\t\t\t        <\/ul>\n    <\/div> \n","protected":false},"excerpt":{"rendered":"<p>Z03G olimpinis grifas \u2013 patikima \u012franga j\u0117gos treniruot\u0117ms, tinkanti tiek nam\u0173 sporto zonai, tiek profesionaliai sporto salei. Skirta viso k\u016bno pratimams su apkrova, suderinama su 50\u202fmm skersmens olimpiniais diskais. Pagrindin\u0117s specifikacijos: \u2022 Ilgis: 220\u202fcm \u2022 Movos skersmuo: 50\u202fmm \u2022 Movos ilgis: 39\u202fcm \u2022 Su\u0117mimo skersmuo: 30\u202fmm \u2022 Su\u0117mimo ilgis: 134\u202fcm \u2022 Svoris: 20\u202fkg \u2022 Maksimali [&hellip;]<\/p>\n","protected":false},"featured_media":9103,"template":"","meta":{"_acf_changed":false},"product_brand":[56],"product_cat":[405],"product_tag":[393],"class_list":{"0":"post-9655","1":"product","2":"type-product","3":"status-publish","4":"has-post-thumbnail","6":"product_brand-gym-factory","7":"product_cat-svarmenys-ir-stangos","8":"product_tag-spalva-nera-spalvu","10":"first","11":"onbackorder","12":"taxable","13":"shipping-taxable","14":"purchasable","15":"product-type-simple"},"acf":[],"yoast_head":"<!-- This site is optimized with the Yoast SEO plugin v25.2 - https:\/\/yoast.com\/wordpress\/plugins\/seo\/ -->\n<title>Z03G olimpin\u0117 \u0161tanga - kokybi\u0161ka sunkiosios atletikos \u012franga<\/title>\n<meta name=\"description\" content=\"Olimpin\u0117 \u0161tanga yra patvari \u012franga, skirta treniruotis su svoriu, pagaminta i\u0161 auk\u0161tos kokyb\u0117s plieno konstrukcijos, kuri suteikia j\u0117gos ir stabilumo atliekant \u012fvairius pratimus.\" \/>\n<meta name=\"robots\" content=\"index, follow, max-snippet:-1, max-image-preview:large, max-video-preview:-1\" \/>\n<link rel=\"canonical\" href=\"https:\/\/gymfactory.eu\/lt\/produktas\/z03g-olimpine-stanga\/\" \/>\n<meta property=\"og:locale\" content=\"lt_LT\" \/>\n<meta property=\"og:type\" content=\"article\" \/>\n<meta property=\"og:title\" content=\"Z03G olimpin\u0117 \u0161tanga - kokybi\u0161ka sunkiosios atletikos \u012franga\" \/>\n<meta property=\"og:description\" content=\"Olimpin\u0117 \u0161tanga yra patvari \u012franga, skirta treniruotis su svoriu, pagaminta i\u0161 auk\u0161tos kokyb\u0117s plieno konstrukcijos, kuri suteikia j\u0117gos ir stabilumo atliekant \u012fvairius pratimus.\" \/>\n<meta property=\"og:url\" content=\"https:\/\/gymfactory.eu\/lt\/produktas\/z03g-olimpine-stanga\/\" \/>\n<meta property=\"og:site_name\" content=\"Gym Factory\" \/>\n<meta property=\"article:modified_time\" content=\"2025-09-10T07:48:41+00:00\" \/>\n<meta property=\"og:image\" content=\"https:\/\/gymfactory.eu\/wp-content\/uploads\/2025\/03\/equipment-for-weight-training-olympic-barbell-1.webp\" \/>\n\t<meta property=\"og:image:width\" content=\"1500\" \/>\n\t<meta property=\"og:image:height\" content=\"1500\" \/>\n\t<meta property=\"og:image:type\" content=\"image\/webp\" \/>\n<meta name=\"twitter:card\" content=\"summary_large_image\" \/>\n<meta name=\"twitter:label1\" content=\"Est. reading time\" \/>\n\t<meta name=\"twitter:data1\" content=\"1 minut\u0117\" \/>\n<script type=\"application\/ld+json\" class=\"yoast-schema-graph\">{\"@context\":\"https:\/\/schema.org\",\"@graph\":[{\"@type\":\"WebPage\",\"@id\":\"https:\/\/gymfactory.eu\/lt\/produktas\/z03g-olimpine-stanga\/\",\"url\":\"https:\/\/gymfactory.eu\/lt\/produktas\/z03g-olimpine-stanga\/\",\"name\":\"Z03G olimpin\u0117 \u0161tanga - kokybi\u0161ka sunkiosios atletikos \u012franga\",\"isPartOf\":{\"@id\":\"https:\/\/gymfactory.eu\/lt\/#website\"},\"primaryImageOfPage\":{\"@id\":\"https:\/\/gymfactory.eu\/lt\/produktas\/z03g-olimpine-stanga\/#primaryimage\"},\"image\":{\"@id\":\"https:\/\/gymfactory.eu\/lt\/produktas\/z03g-olimpine-stanga\/#primaryimage\"},\"thumbnailUrl\":\"https:\/\/gymfactory.eu\/wp-content\/uploads\/2025\/03\/equipment-for-weight-training-olympic-barbell-1.webp\",\"datePublished\":\"2025-03-03T07:39:49+00:00\",\"dateModified\":\"2025-09-10T07:48:41+00:00\",\"description\":\"Olimpin\u0117 \u0161tanga yra patvari \u012franga, skirta treniruotis su svoriu, pagaminta i\u0161 auk\u0161tos kokyb\u0117s plieno konstrukcijos, kuri suteikia j\u0117gos ir stabilumo atliekant \u012fvairius pratimus.\",\"breadcrumb\":{\"@id\":\"https:\/\/gymfactory.eu\/lt\/produktas\/z03g-olimpine-stanga\/#breadcrumb\"},\"inLanguage\":\"lt-LT\",\"potentialAction\":[{\"@type\":\"ReadAction\",\"target\":[\"https:\/\/gymfactory.eu\/lt\/produktas\/z03g-olimpine-stanga\/\"]}]},{\"@type\":\"ImageObject\",\"inLanguage\":\"lt-LT\",\"@id\":\"https:\/\/gymfactory.eu\/lt\/produktas\/z03g-olimpine-stanga\/#primaryimage\",\"url\":\"https:\/\/gymfactory.eu\/wp-content\/uploads\/2025\/03\/equipment-for-weight-training-olympic-barbell-1.webp\",\"contentUrl\":\"https:\/\/gymfactory.eu\/wp-content\/uploads\/2025\/03\/equipment-for-weight-training-olympic-barbell-1.webp\",\"width\":1500,\"height\":1500,\"caption\":\"Auk\u0161tos kokyb\u0117s plienin\u0117 olimpin\u0117 \u0161tanga, skirta svori\u0173 treniruo\u010di\u0173 \u012frangai. Patvarus strypas turi precizi\u0161k\u0105 rai\u017eym\u0105, u\u017etikrinant\u012f saug\u0173 su\u0117mim\u0105, ir skland\u017eiai besisukan\u010di\u0105 \u012fvor\u0119, leid\u017eian\u010di\u0105 efektyviai kelti svor\u012f, tod\u0117l idealiai tinka j\u0117gos treniruot\u0117ms.\"},{\"@type\":\"BreadcrumbList\",\"@id\":\"https:\/\/gymfactory.eu\/lt\/produktas\/z03g-olimpine-stanga\/#breadcrumb\",\"itemListElement\":[{\"@type\":\"ListItem\",\"position\":1,\"name\":\"Pagrindinis\",\"item\":\"https:\/\/gymfactory.eu\/lt\/\"},{\"@type\":\"ListItem\",\"position\":2,\"name\":\"Katalogas\",\"item\":\"https:\/\/gymfactory.eu\/lt\/katalogas\/\"},{\"@type\":\"ListItem\",\"position\":3,\"name\":\"Z03G Olimpinis grifas\"}]},{\"@type\":\"WebSite\",\"@id\":\"https:\/\/gymfactory.eu\/lt\/#website\",\"url\":\"https:\/\/gymfactory.eu\/lt\/\",\"name\":\"Gym Factory\",\"description\":\"\",\"publisher\":{\"@id\":\"https:\/\/gymfactory.eu\/lt\/#organization\"},\"potentialAction\":[{\"@type\":\"SearchAction\",\"target\":{\"@type\":\"EntryPoint\",\"urlTemplate\":\"https:\/\/gymfactory.eu\/lt\/?s={search_term_string}\"},\"query-input\":{\"@type\":\"PropertyValueSpecification\",\"valueRequired\":true,\"valueName\":\"search_term_string\"}}],\"inLanguage\":\"lt-LT\"},{\"@type\":\"Organization\",\"@id\":\"https:\/\/gymfactory.eu\/lt\/#organization\",\"name\":\"Sporto sal\u0117s gamykla\",\"url\":\"https:\/\/gymfactory.eu\/lt\/\",\"logo\":{\"@type\":\"ImageObject\",\"inLanguage\":\"lt-LT\",\"@id\":\"https:\/\/gymfactory.eu\/lt\/#\/schema\/logo\/image\/\",\"url\":\"https:\/\/gymfactory.eu\/wp-content\/uploads\/2024\/11\/Component-1.svg\",\"contentUrl\":\"https:\/\/gymfactory.eu\/wp-content\/uploads\/2024\/11\/Component-1.svg\",\"width\":54,\"height\":44,\"caption\":\"Sporto sal\u0117s gamykla\"},\"image\":{\"@id\":\"https:\/\/gymfactory.eu\/lt\/#\/schema\/logo\/image\/\"}}]}<\/script>\n<!-- \/ Yoast SEO plugin. -->","yoast_head_json":{"title":"Z03G olimpin\u0117 \u0161tanga - kokybi\u0161ka sunkiosios atletikos \u012franga","description":"Olimpin\u0117 \u0161tanga yra patvari \u012franga, skirta treniruotis su svoriu, pagaminta i\u0161 auk\u0161tos kokyb\u0117s plieno konstrukcijos, kuri suteikia j\u0117gos ir stabilumo atliekant \u012fvairius pratimus.","robots":{"index":"index","follow":"follow","max-snippet":"max-snippet:-1","max-image-preview":"max-image-preview:large","max-video-preview":"max-video-preview:-1"},"canonical":"https:\/\/gymfactory.eu\/lt\/produktas\/z03g-olimpine-stanga\/","og_locale":"lt_LT","og_type":"article","og_title":"Z03G olimpin\u0117 \u0161tanga - kokybi\u0161ka sunkiosios atletikos \u012franga","og_description":"Olimpin\u0117 \u0161tanga yra patvari \u012franga, skirta treniruotis su svoriu, pagaminta i\u0161 auk\u0161tos kokyb\u0117s plieno konstrukcijos, kuri suteikia j\u0117gos ir stabilumo atliekant \u012fvairius pratimus.","og_url":"https:\/\/gymfactory.eu\/lt\/produktas\/z03g-olimpine-stanga\/","og_site_name":"Gym Factory","article_modified_time":"2025-09-10T07:48:41+00:00","og_image":[{"width":1500,"height":1500,"url":"https:\/\/gymfactory.eu\/wp-content\/uploads\/2025\/03\/equipment-for-weight-training-olympic-barbell-1.webp","type":"image\/webp"}],"twitter_card":"summary_large_image","twitter_misc":{"Est. reading time":"1 minut\u0117"},"schema":{"@context":"https:\/\/schema.org","@graph":[{"@type":"WebPage","@id":"https:\/\/gymfactory.eu\/lt\/produktas\/z03g-olimpine-stanga\/","url":"https:\/\/gymfactory.eu\/lt\/produktas\/z03g-olimpine-stanga\/","name":"Z03G olimpin\u0117 \u0161tanga - kokybi\u0161ka sunkiosios atletikos \u012franga","isPartOf":{"@id":"https:\/\/gymfactory.eu\/lt\/#website"},"primaryImageOfPage":{"@id":"https:\/\/gymfactory.eu\/lt\/produktas\/z03g-olimpine-stanga\/#primaryimage"},"image":{"@id":"https:\/\/gymfactory.eu\/lt\/produktas\/z03g-olimpine-stanga\/#primaryimage"},"thumbnailUrl":"https:\/\/gymfactory.eu\/wp-content\/uploads\/2025\/03\/equipment-for-weight-training-olympic-barbell-1.webp","datePublished":"2025-03-03T07:39:49+00:00","dateModified":"2025-09-10T07:48:41+00:00","description":"Olimpin\u0117 \u0161tanga yra patvari \u012franga, skirta treniruotis su svoriu, pagaminta i\u0161 auk\u0161tos kokyb\u0117s plieno konstrukcijos, kuri suteikia j\u0117gos ir stabilumo atliekant \u012fvairius pratimus.","breadcrumb":{"@id":"https:\/\/gymfactory.eu\/lt\/produktas\/z03g-olimpine-stanga\/#breadcrumb"},"inLanguage":"lt-LT","potentialAction":[{"@type":"ReadAction","target":["https:\/\/gymfactory.eu\/lt\/produktas\/z03g-olimpine-stanga\/"]}]},{"@type":"ImageObject","inLanguage":"lt-LT","@id":"https:\/\/gymfactory.eu\/lt\/produktas\/z03g-olimpine-stanga\/#primaryimage","url":"https:\/\/gymfactory.eu\/wp-content\/uploads\/2025\/03\/equipment-for-weight-training-olympic-barbell-1.webp","contentUrl":"https:\/\/gymfactory.eu\/wp-content\/uploads\/2025\/03\/equipment-for-weight-training-olympic-barbell-1.webp","width":1500,"height":1500,"caption":"Auk\u0161tos kokyb\u0117s plienin\u0117 olimpin\u0117 \u0161tanga, skirta svori\u0173 treniruo\u010di\u0173 \u012frangai. Patvarus strypas turi precizi\u0161k\u0105 rai\u017eym\u0105, u\u017etikrinant\u012f saug\u0173 su\u0117mim\u0105, ir skland\u017eiai besisukan\u010di\u0105 \u012fvor\u0119, leid\u017eian\u010di\u0105 efektyviai kelti svor\u012f, tod\u0117l idealiai tinka j\u0117gos treniruot\u0117ms."},{"@type":"BreadcrumbList","@id":"https:\/\/gymfactory.eu\/lt\/produktas\/z03g-olimpine-stanga\/#breadcrumb","itemListElement":[{"@type":"ListItem","position":1,"name":"Pagrindinis","item":"https:\/\/gymfactory.eu\/lt\/"},{"@type":"ListItem","position":2,"name":"Katalogas","item":"https:\/\/gymfactory.eu\/lt\/katalogas\/"},{"@type":"ListItem","position":3,"name":"Z03G Olimpinis grifas"}]},{"@type":"WebSite","@id":"https:\/\/gymfactory.eu\/lt\/#website","url":"https:\/\/gymfactory.eu\/lt\/","name":"Gym Factory","description":"","publisher":{"@id":"https:\/\/gymfactory.eu\/lt\/#organization"},"potentialAction":[{"@type":"SearchAction","target":{"@type":"EntryPoint","urlTemplate":"https:\/\/gymfactory.eu\/lt\/?s={search_term_string}"},"query-input":{"@type":"PropertyValueSpecification","valueRequired":true,"valueName":"search_term_string"}}],"inLanguage":"lt-LT"},{"@type":"Organization","@id":"https:\/\/gymfactory.eu\/lt\/#organization","name":"Sporto sal\u0117s gamykla","url":"https:\/\/gymfactory.eu\/lt\/","logo":{"@type":"ImageObject","inLanguage":"lt-LT","@id":"https:\/\/gymfactory.eu\/lt\/#\/schema\/logo\/image\/","url":"https:\/\/gymfactory.eu\/wp-content\/uploads\/2024\/11\/Component-1.svg","contentUrl":"https:\/\/gymfactory.eu\/wp-content\/uploads\/2024\/11\/Component-1.svg","width":54,"height":44,"caption":"Sporto sal\u0117s gamykla"},"image":{"@id":"https:\/\/gymfactory.eu\/lt\/#\/schema\/logo\/image\/"}}]}},"_links":{"self":[{"href":"https:\/\/gymfactory.eu\/lt\/wp-json\/wp\/v2\/product\/9655","targetHints":{"allow":["GET"]}}],"collection":[{"href":"https:\/\/gymfactory.eu\/lt\/wp-json\/wp\/v2\/product"}],"about":[{"href":"https:\/\/gymfactory.eu\/lt\/wp-json\/wp\/v2\/types\/product"}],"wp:featuredmedia":[{"embeddable":true,"href":"https:\/\/gymfactory.eu\/lt\/wp-json\/wp\/v2\/media\/9103"}],"wp:attachment":[{"href":"https:\/\/gymfactory.eu\/lt\/wp-json\/wp\/v2\/media?parent=9655"}],"wp:term":[{"taxonomy":"product_brand","embeddable":true,"href":"https:\/\/gymfactory.eu\/lt\/wp-json\/wp\/v2\/product_brand?post=9655"},{"taxonomy":"product_cat","embeddable":true,"href":"https:\/\/gymfactory.eu\/lt\/wp-json\/wp\/v2\/product_cat?post=9655"},{"taxonomy":"product_tag","embeddable":true,"href":"https:\/\/gymfactory.eu\/lt\/wp-json\/wp\/v2\/product_tag?post=9655"}],"curies":[{"name":"wp","href":"https:\/\/api.w.org\/{rel}","templated":true}]}}