{"id":9648,"date":"2025-04-25T16:32:09","date_gmt":"2025-04-25T13:32:09","guid":{"rendered":"https:\/\/gymfactory.eu\/product\/z14-panardinimo-stotis\/"},"modified":"2025-12-08T15:24:04","modified_gmt":"2025-12-08T13:24:04","slug":"z14-panardinimo-stotis","status":"publish","type":"product","link":"https:\/\/gymfactory.eu\/lt\/produktas\/z14-panardinimo-stotis\/","title":{"rendered":"Z14 Lygiagret\u0117s"},"content":{"rendered":"<p>Z14 lygiagret\u0117s \u2013 treniruoklis vir\u0161utin\u0117s k\u016bno dalies j\u0117gai lavinti atliekant atsispaudimus tarp lygiagre\u010di\u0173. Pagrindinis kr\u016bvis tenka triceps\u0173 ir kr\u016btin\u0117s raumenims, papildomai dirba priekin\u0117s delt\u0173 dalys.<\/p>\n<p>Tvirta ir stabili konstrukcija u\u017etikrina saugum\u0105 atliekant k\u016bno svorio pratimus. Tinka tiek nam\u0173 treniruot\u0117ms, tiek profesionalioms sporto sal\u0117ms \u2013 ypa\u010d funkciniams ar kalistenikos tipo judesiams.<\/p>\n\n    <div class=\"xs_social_share_widget xs_share_url after_content \t\tmain_content  wslu-style-1 wslu-share-box-shaped wslu-fill-colored wslu-none wslu-share-horizontal wslu-theme-font-no wslu-main_content\">\n\n\t\t\n        <ul>\n\t\t\t        <\/ul>\n    <\/div> \n","protected":false},"excerpt":{"rendered":"<p>Z14 lygiagret\u0117s \u2013 treniruoklis vir\u0161utin\u0117s k\u016bno dalies j\u0117gai lavinti atliekant atsispaudimus tarp lygiagre\u010di\u0173. Pagrindinis kr\u016bvis tenka triceps\u0173 ir kr\u016btin\u0117s raumenims, papildomai dirba priekin\u0117s delt\u0173 dalys. Tvirta ir stabili konstrukcija u\u017etikrina saugum\u0105 atliekant k\u016bno svorio pratimus. Tinka tiek nam\u0173 treniruot\u0117ms, tiek profesionalioms sporto sal\u0117ms \u2013 ypa\u010d funkciniams ar kalistenikos tipo judesiams.<\/p>\n","protected":false},"featured_media":9014,"template":"","meta":{"_acf_changed":false},"product_brand":[817],"product_cat":[407],"product_tag":[415],"class_list":{"0":"post-9648","1":"product","2":"type-product","3":"status-publish","4":"has-post-thumbnail","6":"product_brand-gym-factory-lt","7":"product_cat-kita-sporto-iranga","8":"product_tag-spalva-tik-metaline","10":"first","11":"onbackorder","12":"taxable","13":"shipping-taxable","14":"purchasable","15":"product-type-variable","16":"has-default-attributes"},"acf":[],"yoast_head":"<!-- This site is optimized with the Yoast SEO plugin v25.2 - https:\/\/yoast.com\/wordpress\/plugins\/seo\/ -->\n<title>Z14 Dip stotis | J\u0117gos treniruo\u010di\u0173 \u012franga<\/title>\n<meta name=\"description\" content=\"\u0160i &quot;Z14 Dip Station&quot; yra j\u0117gos treniruokli\u0173 \u012franga, skirta vir\u0161utin\u0117s k\u016bno dalies treniruot\u0117ms. Puikiai tinka tricepso ir kr\u016btin\u0117s kilstel\u0117jimams, koj\u0173 pak\u0117limui ir L s\u0117d\u0117jimo laikymui.\" \/>\n<meta name=\"robots\" content=\"index, follow, max-snippet:-1, max-image-preview:large, max-video-preview:-1\" \/>\n<link rel=\"canonical\" href=\"https:\/\/gymfactory.eu\/lt\/produktas\/z14-panardinimo-stotis\/\" \/>\n<meta property=\"og:locale\" content=\"lt_LT\" \/>\n<meta property=\"og:type\" content=\"article\" \/>\n<meta property=\"og:title\" content=\"Z14 Dip stotis | J\u0117gos treniruo\u010di\u0173 \u012franga\" \/>\n<meta property=\"og:description\" content=\"\u0160i &quot;Z14 Dip Station&quot; yra j\u0117gos treniruokli\u0173 \u012franga, skirta vir\u0161utin\u0117s k\u016bno dalies treniruot\u0117ms. Puikiai tinka tricepso ir kr\u016btin\u0117s kilstel\u0117jimams, koj\u0173 pak\u0117limui ir L s\u0117d\u0117jimo laikymui.\" \/>\n<meta property=\"og:url\" content=\"https:\/\/gymfactory.eu\/lt\/produktas\/z14-panardinimo-stotis\/\" \/>\n<meta property=\"og:site_name\" content=\"Gym Factory\" \/>\n<meta property=\"article:modified_time\" content=\"2025-12-08T13:24:04+00:00\" \/>\n<meta property=\"og:image\" content=\"https:\/\/gymfactory.eu\/wp-content\/uploads\/2025\/04\/Z14-Dip-Station.webp\" \/>\n\t<meta property=\"og:image:width\" content=\"1500\" \/>\n\t<meta property=\"og:image:height\" content=\"1500\" \/>\n\t<meta property=\"og:image:type\" content=\"image\/webp\" \/>\n<meta name=\"twitter:card\" content=\"summary_large_image\" \/>\n<meta name=\"twitter:label1\" content=\"Est. reading time\" \/>\n\t<meta name=\"twitter:data1\" content=\"1 minut\u0117\" \/>\n<script type=\"application\/ld+json\" class=\"yoast-schema-graph\">{\"@context\":\"https:\/\/schema.org\",\"@graph\":[{\"@type\":\"WebPage\",\"@id\":\"https:\/\/gymfactory.eu\/lt\/produktas\/z14-panardinimo-stotis\/\",\"url\":\"https:\/\/gymfactory.eu\/lt\/produktas\/z14-panardinimo-stotis\/\",\"name\":\"Z14 Dip stotis | J\u0117gos treniruo\u010di\u0173 \u012franga\",\"isPartOf\":{\"@id\":\"https:\/\/gymfactory.eu\/lt\/#website\"},\"primaryImageOfPage\":{\"@id\":\"https:\/\/gymfactory.eu\/lt\/produktas\/z14-panardinimo-stotis\/#primaryimage\"},\"image\":{\"@id\":\"https:\/\/gymfactory.eu\/lt\/produktas\/z14-panardinimo-stotis\/#primaryimage\"},\"thumbnailUrl\":\"https:\/\/gymfactory.eu\/wp-content\/uploads\/2025\/04\/Z14-Dip-Station.webp\",\"datePublished\":\"2025-04-25T13:32:09+00:00\",\"dateModified\":\"2025-12-08T13:24:04+00:00\",\"description\":\"\u0160i \\\"Z14 Dip Station\\\" yra j\u0117gos treniruokli\u0173 \u012franga, skirta vir\u0161utin\u0117s k\u016bno dalies treniruot\u0117ms. Puikiai tinka tricepso ir kr\u016btin\u0117s kilstel\u0117jimams, koj\u0173 pak\u0117limui ir L s\u0117d\u0117jimo laikymui.\",\"breadcrumb\":{\"@id\":\"https:\/\/gymfactory.eu\/lt\/produktas\/z14-panardinimo-stotis\/#breadcrumb\"},\"inLanguage\":\"lt-LT\",\"potentialAction\":[{\"@type\":\"ReadAction\",\"target\":[\"https:\/\/gymfactory.eu\/lt\/produktas\/z14-panardinimo-stotis\/\"]}]},{\"@type\":\"ImageObject\",\"inLanguage\":\"lt-LT\",\"@id\":\"https:\/\/gymfactory.eu\/lt\/produktas\/z14-panardinimo-stotis\/#primaryimage\",\"url\":\"https:\/\/gymfactory.eu\/wp-content\/uploads\/2025\/04\/Z14-Dip-Station.webp\",\"contentUrl\":\"https:\/\/gymfactory.eu\/wp-content\/uploads\/2025\/04\/Z14-Dip-Station.webp\",\"width\":1500,\"height\":1500,\"caption\":\"\\\"Z14 Dip Station\\\" yra patvari j\u0117gos treniruokli\u0173 \u012franga, skirta k\u016bno svorio treniruot\u0117ms, idealiai tinka vir\u0161utinei k\u016bno daliai ir pagrindinei j\u0117gai stiprinti.\"},{\"@type\":\"BreadcrumbList\",\"@id\":\"https:\/\/gymfactory.eu\/lt\/produktas\/z14-panardinimo-stotis\/#breadcrumb\",\"itemListElement\":[{\"@type\":\"ListItem\",\"position\":1,\"name\":\"Pagrindinis\",\"item\":\"https:\/\/gymfactory.eu\/lt\/\"},{\"@type\":\"ListItem\",\"position\":2,\"name\":\"Katalogas\",\"item\":\"https:\/\/gymfactory.eu\/lt\/katalogas\/\"},{\"@type\":\"ListItem\",\"position\":3,\"name\":\"Z14 Lygiagret\u0117s\"}]},{\"@type\":\"WebSite\",\"@id\":\"https:\/\/gymfactory.eu\/lt\/#website\",\"url\":\"https:\/\/gymfactory.eu\/lt\/\",\"name\":\"Gym Factory\",\"description\":\"\",\"publisher\":{\"@id\":\"https:\/\/gymfactory.eu\/lt\/#organization\"},\"potentialAction\":[{\"@type\":\"SearchAction\",\"target\":{\"@type\":\"EntryPoint\",\"urlTemplate\":\"https:\/\/gymfactory.eu\/lt\/?s={search_term_string}\"},\"query-input\":{\"@type\":\"PropertyValueSpecification\",\"valueRequired\":true,\"valueName\":\"search_term_string\"}}],\"inLanguage\":\"lt-LT\"},{\"@type\":\"Organization\",\"@id\":\"https:\/\/gymfactory.eu\/lt\/#organization\",\"name\":\"Sporto sal\u0117s gamykla\",\"url\":\"https:\/\/gymfactory.eu\/lt\/\",\"logo\":{\"@type\":\"ImageObject\",\"inLanguage\":\"lt-LT\",\"@id\":\"https:\/\/gymfactory.eu\/lt\/#\/schema\/logo\/image\/\",\"url\":\"https:\/\/gymfactory.eu\/wp-content\/uploads\/2024\/11\/Component-1.svg\",\"contentUrl\":\"https:\/\/gymfactory.eu\/wp-content\/uploads\/2024\/11\/Component-1.svg\",\"width\":54,\"height\":44,\"caption\":\"Sporto sal\u0117s gamykla\"},\"image\":{\"@id\":\"https:\/\/gymfactory.eu\/lt\/#\/schema\/logo\/image\/\"}}]}<\/script>\n<!-- \/ Yoast SEO plugin. -->","yoast_head_json":{"title":"Z14 Dip stotis | J\u0117gos treniruo\u010di\u0173 \u012franga","description":"\u0160i \"Z14 Dip Station\" yra j\u0117gos treniruokli\u0173 \u012franga, skirta vir\u0161utin\u0117s k\u016bno dalies treniruot\u0117ms. Puikiai tinka tricepso ir kr\u016btin\u0117s kilstel\u0117jimams, koj\u0173 pak\u0117limui ir L s\u0117d\u0117jimo laikymui.","robots":{"index":"index","follow":"follow","max-snippet":"max-snippet:-1","max-image-preview":"max-image-preview:large","max-video-preview":"max-video-preview:-1"},"canonical":"https:\/\/gymfactory.eu\/lt\/produktas\/z14-panardinimo-stotis\/","og_locale":"lt_LT","og_type":"article","og_title":"Z14 Dip stotis | J\u0117gos treniruo\u010di\u0173 \u012franga","og_description":"\u0160i \"Z14 Dip Station\" yra j\u0117gos treniruokli\u0173 \u012franga, skirta vir\u0161utin\u0117s k\u016bno dalies treniruot\u0117ms. Puikiai tinka tricepso ir kr\u016btin\u0117s kilstel\u0117jimams, koj\u0173 pak\u0117limui ir L s\u0117d\u0117jimo laikymui.","og_url":"https:\/\/gymfactory.eu\/lt\/produktas\/z14-panardinimo-stotis\/","og_site_name":"Gym Factory","article_modified_time":"2025-12-08T13:24:04+00:00","og_image":[{"width":1500,"height":1500,"url":"https:\/\/gymfactory.eu\/wp-content\/uploads\/2025\/04\/Z14-Dip-Station.webp","type":"image\/webp"}],"twitter_card":"summary_large_image","twitter_misc":{"Est. reading time":"1 minut\u0117"},"schema":{"@context":"https:\/\/schema.org","@graph":[{"@type":"WebPage","@id":"https:\/\/gymfactory.eu\/lt\/produktas\/z14-panardinimo-stotis\/","url":"https:\/\/gymfactory.eu\/lt\/produktas\/z14-panardinimo-stotis\/","name":"Z14 Dip stotis | J\u0117gos treniruo\u010di\u0173 \u012franga","isPartOf":{"@id":"https:\/\/gymfactory.eu\/lt\/#website"},"primaryImageOfPage":{"@id":"https:\/\/gymfactory.eu\/lt\/produktas\/z14-panardinimo-stotis\/#primaryimage"},"image":{"@id":"https:\/\/gymfactory.eu\/lt\/produktas\/z14-panardinimo-stotis\/#primaryimage"},"thumbnailUrl":"https:\/\/gymfactory.eu\/wp-content\/uploads\/2025\/04\/Z14-Dip-Station.webp","datePublished":"2025-04-25T13:32:09+00:00","dateModified":"2025-12-08T13:24:04+00:00","description":"\u0160i \"Z14 Dip Station\" yra j\u0117gos treniruokli\u0173 \u012franga, skirta vir\u0161utin\u0117s k\u016bno dalies treniruot\u0117ms. Puikiai tinka tricepso ir kr\u016btin\u0117s kilstel\u0117jimams, koj\u0173 pak\u0117limui ir L s\u0117d\u0117jimo laikymui.","breadcrumb":{"@id":"https:\/\/gymfactory.eu\/lt\/produktas\/z14-panardinimo-stotis\/#breadcrumb"},"inLanguage":"lt-LT","potentialAction":[{"@type":"ReadAction","target":["https:\/\/gymfactory.eu\/lt\/produktas\/z14-panardinimo-stotis\/"]}]},{"@type":"ImageObject","inLanguage":"lt-LT","@id":"https:\/\/gymfactory.eu\/lt\/produktas\/z14-panardinimo-stotis\/#primaryimage","url":"https:\/\/gymfactory.eu\/wp-content\/uploads\/2025\/04\/Z14-Dip-Station.webp","contentUrl":"https:\/\/gymfactory.eu\/wp-content\/uploads\/2025\/04\/Z14-Dip-Station.webp","width":1500,"height":1500,"caption":"\"Z14 Dip Station\" yra patvari j\u0117gos treniruokli\u0173 \u012franga, skirta k\u016bno svorio treniruot\u0117ms, idealiai tinka vir\u0161utinei k\u016bno daliai ir pagrindinei j\u0117gai stiprinti."},{"@type":"BreadcrumbList","@id":"https:\/\/gymfactory.eu\/lt\/produktas\/z14-panardinimo-stotis\/#breadcrumb","itemListElement":[{"@type":"ListItem","position":1,"name":"Pagrindinis","item":"https:\/\/gymfactory.eu\/lt\/"},{"@type":"ListItem","position":2,"name":"Katalogas","item":"https:\/\/gymfactory.eu\/lt\/katalogas\/"},{"@type":"ListItem","position":3,"name":"Z14 Lygiagret\u0117s"}]},{"@type":"WebSite","@id":"https:\/\/gymfactory.eu\/lt\/#website","url":"https:\/\/gymfactory.eu\/lt\/","name":"Gym Factory","description":"","publisher":{"@id":"https:\/\/gymfactory.eu\/lt\/#organization"},"potentialAction":[{"@type":"SearchAction","target":{"@type":"EntryPoint","urlTemplate":"https:\/\/gymfactory.eu\/lt\/?s={search_term_string}"},"query-input":{"@type":"PropertyValueSpecification","valueRequired":true,"valueName":"search_term_string"}}],"inLanguage":"lt-LT"},{"@type":"Organization","@id":"https:\/\/gymfactory.eu\/lt\/#organization","name":"Sporto sal\u0117s gamykla","url":"https:\/\/gymfactory.eu\/lt\/","logo":{"@type":"ImageObject","inLanguage":"lt-LT","@id":"https:\/\/gymfactory.eu\/lt\/#\/schema\/logo\/image\/","url":"https:\/\/gymfactory.eu\/wp-content\/uploads\/2024\/11\/Component-1.svg","contentUrl":"https:\/\/gymfactory.eu\/wp-content\/uploads\/2024\/11\/Component-1.svg","width":54,"height":44,"caption":"Sporto sal\u0117s gamykla"},"image":{"@id":"https:\/\/gymfactory.eu\/lt\/#\/schema\/logo\/image\/"}}]}},"_links":{"self":[{"href":"https:\/\/gymfactory.eu\/lt\/wp-json\/wp\/v2\/product\/9648","targetHints":{"allow":["GET"]}}],"collection":[{"href":"https:\/\/gymfactory.eu\/lt\/wp-json\/wp\/v2\/product"}],"about":[{"href":"https:\/\/gymfactory.eu\/lt\/wp-json\/wp\/v2\/types\/product"}],"wp:featuredmedia":[{"embeddable":true,"href":"https:\/\/gymfactory.eu\/lt\/wp-json\/wp\/v2\/media\/9014"}],"wp:attachment":[{"href":"https:\/\/gymfactory.eu\/lt\/wp-json\/wp\/v2\/media?parent=9648"}],"wp:term":[{"taxonomy":"product_brand","embeddable":true,"href":"https:\/\/gymfactory.eu\/lt\/wp-json\/wp\/v2\/product_brand?post=9648"},{"taxonomy":"product_cat","embeddable":true,"href":"https:\/\/gymfactory.eu\/lt\/wp-json\/wp\/v2\/product_cat?post=9648"},{"taxonomy":"product_tag","embeddable":true,"href":"https:\/\/gymfactory.eu\/lt\/wp-json\/wp\/v2\/product_tag?post=9648"}],"curies":[{"name":"wp","href":"https:\/\/api.w.org\/{rel}","templated":true}]}}