{"id":9642,"date":"2025-04-08T14:46:18","date_gmt":"2025-04-08T11:46:18","guid":{"rendered":"https:\/\/gymfactory.eu\/product\/t1-pakabos-dirzeliai\/"},"modified":"2025-09-09T12:13:24","modified_gmt":"2025-09-09T09:13:24","slug":"t1-pakabos-dirzeliai","status":"publish","type":"product","link":"https:\/\/gymfactory.eu\/lt\/produktas\/t1-pakabos-dirzeliai\/","title":{"rendered":"T1 K\u016bno svorio treniruo\u010di\u0173 dir\u017eas"},"content":{"rendered":"<p>T1 \u2013 universalus k\u016bno svorio treniruo\u010di\u0173 dir\u017eas, leid\u017eiantis atlikti j\u0117gos, stabilumo ir funkcinius judesius bet kurioje aplinkoje. \u012erenginys susideda i\u0161 tvirt\u0173, reguliuojamo ilgio dir\u017e\u0173 su saugiomis rankenomis ir tvirtinimo kilpomis.<\/p>\n<p>Tinka vir\u0161utin\u0117s k\u016bno dalies, centro ir apatini\u0173 gal\u016bni\u0173 pratimams, naudojant tik k\u016bno svorio pasiprie\u0161inim\u0105. Galima atlikti atsispaudimus, traukas, lentas, i\u0161\u0117jimus, preso pratimus ir kitus funkcinio lavinimo judesius.<\/p>\n<p>Lengvas, kompakti\u0161kas ir greitai paruo\u0161iamas naudoti \u2013 tiek viduje, tiek lauke.<\/p>\n\n    <div class=\"xs_social_share_widget xs_share_url after_content \t\tmain_content  wslu-style-1 wslu-share-box-shaped wslu-fill-colored wslu-none wslu-share-horizontal wslu-theme-font-no wslu-main_content\">\n\n\t\t\n        <ul>\n\t\t\t        <\/ul>\n    <\/div> \n","protected":false},"excerpt":{"rendered":"<p>T1 \u2013 universalus k\u016bno svorio treniruo\u010di\u0173 dir\u017eas, leid\u017eiantis atlikti j\u0117gos, stabilumo ir funkcinius judesius bet kurioje aplinkoje. \u012erenginys susideda i\u0161 tvirt\u0173, reguliuojamo ilgio dir\u017e\u0173 su saugiomis rankenomis ir tvirtinimo kilpomis. Tinka vir\u0161utin\u0117s k\u016bno dalies, centro ir apatini\u0173 gal\u016bni\u0173 pratimams, naudojant tik k\u016bno svorio pasiprie\u0161inim\u0105. Galima atlikti atsispaudimus, traukas, lentas, i\u0161\u0117jimus, preso pratimus ir kitus funkcinio [&hellip;]<\/p>\n","protected":false},"featured_media":9153,"template":"","meta":{"_acf_changed":false},"product_brand":[56],"product_cat":[418],"product_tag":[393],"class_list":{"0":"post-9642","1":"product","2":"type-product","3":"status-publish","4":"has-post-thumbnail","6":"product_brand-gym-factory","7":"product_cat-treniruokliu-priedai","8":"product_tag-spalva-nera-spalvu","10":"first","11":"instock","12":"taxable","13":"shipping-taxable","14":"purchasable","15":"product-type-simple"},"acf":[],"yoast_head":"<!-- This site is optimized with the Yoast SEO plugin v25.2 - https:\/\/yoast.com\/wordpress\/plugins\/seo\/ -->\n<title>T1 pakabos dir\u017eai - treniruokli\u0173 sal\u0117s \u012franga k\u016bno mas\u0117s treniruot\u0117ms<\/title>\n<meta name=\"description\" content=\"Pagerinkite j\u0117gos treniruotes naudodami T1 pakabos dir\u017eus. Lengva treniruokli\u0173 \u012franga, skirta efektyviai k\u016bno svorio treniruotei bet kada ir bet kur.\" \/>\n<meta name=\"robots\" content=\"index, follow, max-snippet:-1, max-image-preview:large, max-video-preview:-1\" \/>\n<link rel=\"canonical\" href=\"https:\/\/gymfactory.eu\/lt\/produktas\/t1-pakabos-dirzeliai\/\" \/>\n<meta property=\"og:locale\" content=\"lt_LT\" \/>\n<meta property=\"og:type\" content=\"article\" \/>\n<meta property=\"og:title\" content=\"T1 pakabos dir\u017eai - treniruokli\u0173 sal\u0117s \u012franga k\u016bno mas\u0117s treniruot\u0117ms\" \/>\n<meta property=\"og:description\" content=\"Pagerinkite j\u0117gos treniruotes naudodami T1 pakabos dir\u017eus. Lengva treniruokli\u0173 \u012franga, skirta efektyviai k\u016bno svorio treniruotei bet kada ir bet kur.\" \/>\n<meta property=\"og:url\" content=\"https:\/\/gymfactory.eu\/lt\/produktas\/t1-pakabos-dirzeliai\/\" \/>\n<meta property=\"og:site_name\" content=\"Gym Factory\" \/>\n<meta property=\"article:modified_time\" content=\"2025-09-09T09:13:24+00:00\" \/>\n<meta property=\"og:image\" content=\"https:\/\/gymfactory.eu\/wp-content\/uploads\/2025\/04\/T1-suspension-straps-1.webp\" \/>\n\t<meta property=\"og:image:width\" content=\"1181\" \/>\n\t<meta property=\"og:image:height\" content=\"1181\" \/>\n\t<meta property=\"og:image:type\" content=\"image\/webp\" \/>\n<meta name=\"twitter:card\" content=\"summary_large_image\" \/>\n<meta name=\"twitter:label1\" content=\"Est. reading time\" \/>\n\t<meta name=\"twitter:data1\" content=\"1 minut\u0117\" \/>\n<script type=\"application\/ld+json\" class=\"yoast-schema-graph\">{\"@context\":\"https:\/\/schema.org\",\"@graph\":[{\"@type\":\"WebPage\",\"@id\":\"https:\/\/gymfactory.eu\/lt\/produktas\/t1-pakabos-dirzeliai\/\",\"url\":\"https:\/\/gymfactory.eu\/lt\/produktas\/t1-pakabos-dirzeliai\/\",\"name\":\"T1 pakabos dir\u017eai - treniruokli\u0173 sal\u0117s \u012franga k\u016bno mas\u0117s treniruot\u0117ms\",\"isPartOf\":{\"@id\":\"https:\/\/gymfactory.eu\/lt\/#website\"},\"primaryImageOfPage\":{\"@id\":\"https:\/\/gymfactory.eu\/lt\/produktas\/t1-pakabos-dirzeliai\/#primaryimage\"},\"image\":{\"@id\":\"https:\/\/gymfactory.eu\/lt\/produktas\/t1-pakabos-dirzeliai\/#primaryimage\"},\"thumbnailUrl\":\"https:\/\/gymfactory.eu\/wp-content\/uploads\/2025\/04\/T1-suspension-straps-1.webp\",\"datePublished\":\"2025-04-08T11:46:18+00:00\",\"dateModified\":\"2025-09-09T09:13:24+00:00\",\"description\":\"Pagerinkite j\u0117gos treniruotes naudodami T1 pakabos dir\u017eus. Lengva treniruokli\u0173 \u012franga, skirta efektyviai k\u016bno svorio treniruotei bet kada ir bet kur.\",\"breadcrumb\":{\"@id\":\"https:\/\/gymfactory.eu\/lt\/produktas\/t1-pakabos-dirzeliai\/#breadcrumb\"},\"inLanguage\":\"lt-LT\",\"potentialAction\":[{\"@type\":\"ReadAction\",\"target\":[\"https:\/\/gymfactory.eu\/lt\/produktas\/t1-pakabos-dirzeliai\/\"]}]},{\"@type\":\"ImageObject\",\"inLanguage\":\"lt-LT\",\"@id\":\"https:\/\/gymfactory.eu\/lt\/produktas\/t1-pakabos-dirzeliai\/#primaryimage\",\"url\":\"https:\/\/gymfactory.eu\/wp-content\/uploads\/2025\/04\/T1-suspension-straps-1.webp\",\"contentUrl\":\"https:\/\/gymfactory.eu\/wp-content\/uploads\/2025\/04\/T1-suspension-straps-1.webp\",\"width\":1181,\"height\":1181,\"caption\":\"Juodos ir neonin\u0117s geltonos spalvos T1 pakabos dir\u017e\u0173 treniruokliai, skirti k\u016bno mas\u0117s treniruot\u0117ms ir j\u0117gos pratimams, naudojant patvarias rankenas ir reguliuojamus dir\u017eus.\"},{\"@type\":\"BreadcrumbList\",\"@id\":\"https:\/\/gymfactory.eu\/lt\/produktas\/t1-pakabos-dirzeliai\/#breadcrumb\",\"itemListElement\":[{\"@type\":\"ListItem\",\"position\":1,\"name\":\"Pagrindinis\",\"item\":\"https:\/\/gymfactory.eu\/lt\/\"},{\"@type\":\"ListItem\",\"position\":2,\"name\":\"Katalogas\",\"item\":\"https:\/\/gymfactory.eu\/lt\/katalogas\/\"},{\"@type\":\"ListItem\",\"position\":3,\"name\":\"T1 K\u016bno svorio treniruo\u010di\u0173 dir\u017eas\"}]},{\"@type\":\"WebSite\",\"@id\":\"https:\/\/gymfactory.eu\/lt\/#website\",\"url\":\"https:\/\/gymfactory.eu\/lt\/\",\"name\":\"Gym Factory\",\"description\":\"\",\"publisher\":{\"@id\":\"https:\/\/gymfactory.eu\/lt\/#organization\"},\"potentialAction\":[{\"@type\":\"SearchAction\",\"target\":{\"@type\":\"EntryPoint\",\"urlTemplate\":\"https:\/\/gymfactory.eu\/lt\/?s={search_term_string}\"},\"query-input\":{\"@type\":\"PropertyValueSpecification\",\"valueRequired\":true,\"valueName\":\"search_term_string\"}}],\"inLanguage\":\"lt-LT\"},{\"@type\":\"Organization\",\"@id\":\"https:\/\/gymfactory.eu\/lt\/#organization\",\"name\":\"Sporto sal\u0117s gamykla\",\"url\":\"https:\/\/gymfactory.eu\/lt\/\",\"logo\":{\"@type\":\"ImageObject\",\"inLanguage\":\"lt-LT\",\"@id\":\"https:\/\/gymfactory.eu\/lt\/#\/schema\/logo\/image\/\",\"url\":\"https:\/\/gymfactory.eu\/wp-content\/uploads\/2024\/11\/Component-1.svg\",\"contentUrl\":\"https:\/\/gymfactory.eu\/wp-content\/uploads\/2024\/11\/Component-1.svg\",\"width\":54,\"height\":44,\"caption\":\"Sporto sal\u0117s gamykla\"},\"image\":{\"@id\":\"https:\/\/gymfactory.eu\/lt\/#\/schema\/logo\/image\/\"}}]}<\/script>\n<!-- \/ Yoast SEO plugin. -->","yoast_head_json":{"title":"T1 pakabos dir\u017eai - treniruokli\u0173 sal\u0117s \u012franga k\u016bno mas\u0117s treniruot\u0117ms","description":"Pagerinkite j\u0117gos treniruotes naudodami T1 pakabos dir\u017eus. Lengva treniruokli\u0173 \u012franga, skirta efektyviai k\u016bno svorio treniruotei bet kada ir bet kur.","robots":{"index":"index","follow":"follow","max-snippet":"max-snippet:-1","max-image-preview":"max-image-preview:large","max-video-preview":"max-video-preview:-1"},"canonical":"https:\/\/gymfactory.eu\/lt\/produktas\/t1-pakabos-dirzeliai\/","og_locale":"lt_LT","og_type":"article","og_title":"T1 pakabos dir\u017eai - treniruokli\u0173 sal\u0117s \u012franga k\u016bno mas\u0117s treniruot\u0117ms","og_description":"Pagerinkite j\u0117gos treniruotes naudodami T1 pakabos dir\u017eus. Lengva treniruokli\u0173 \u012franga, skirta efektyviai k\u016bno svorio treniruotei bet kada ir bet kur.","og_url":"https:\/\/gymfactory.eu\/lt\/produktas\/t1-pakabos-dirzeliai\/","og_site_name":"Gym Factory","article_modified_time":"2025-09-09T09:13:24+00:00","og_image":[{"width":1181,"height":1181,"url":"https:\/\/gymfactory.eu\/wp-content\/uploads\/2025\/04\/T1-suspension-straps-1.webp","type":"image\/webp"}],"twitter_card":"summary_large_image","twitter_misc":{"Est. reading time":"1 minut\u0117"},"schema":{"@context":"https:\/\/schema.org","@graph":[{"@type":"WebPage","@id":"https:\/\/gymfactory.eu\/lt\/produktas\/t1-pakabos-dirzeliai\/","url":"https:\/\/gymfactory.eu\/lt\/produktas\/t1-pakabos-dirzeliai\/","name":"T1 pakabos dir\u017eai - treniruokli\u0173 sal\u0117s \u012franga k\u016bno mas\u0117s treniruot\u0117ms","isPartOf":{"@id":"https:\/\/gymfactory.eu\/lt\/#website"},"primaryImageOfPage":{"@id":"https:\/\/gymfactory.eu\/lt\/produktas\/t1-pakabos-dirzeliai\/#primaryimage"},"image":{"@id":"https:\/\/gymfactory.eu\/lt\/produktas\/t1-pakabos-dirzeliai\/#primaryimage"},"thumbnailUrl":"https:\/\/gymfactory.eu\/wp-content\/uploads\/2025\/04\/T1-suspension-straps-1.webp","datePublished":"2025-04-08T11:46:18+00:00","dateModified":"2025-09-09T09:13:24+00:00","description":"Pagerinkite j\u0117gos treniruotes naudodami T1 pakabos dir\u017eus. Lengva treniruokli\u0173 \u012franga, skirta efektyviai k\u016bno svorio treniruotei bet kada ir bet kur.","breadcrumb":{"@id":"https:\/\/gymfactory.eu\/lt\/produktas\/t1-pakabos-dirzeliai\/#breadcrumb"},"inLanguage":"lt-LT","potentialAction":[{"@type":"ReadAction","target":["https:\/\/gymfactory.eu\/lt\/produktas\/t1-pakabos-dirzeliai\/"]}]},{"@type":"ImageObject","inLanguage":"lt-LT","@id":"https:\/\/gymfactory.eu\/lt\/produktas\/t1-pakabos-dirzeliai\/#primaryimage","url":"https:\/\/gymfactory.eu\/wp-content\/uploads\/2025\/04\/T1-suspension-straps-1.webp","contentUrl":"https:\/\/gymfactory.eu\/wp-content\/uploads\/2025\/04\/T1-suspension-straps-1.webp","width":1181,"height":1181,"caption":"Juodos ir neonin\u0117s geltonos spalvos T1 pakabos dir\u017e\u0173 treniruokliai, skirti k\u016bno mas\u0117s treniruot\u0117ms ir j\u0117gos pratimams, naudojant patvarias rankenas ir reguliuojamus dir\u017eus."},{"@type":"BreadcrumbList","@id":"https:\/\/gymfactory.eu\/lt\/produktas\/t1-pakabos-dirzeliai\/#breadcrumb","itemListElement":[{"@type":"ListItem","position":1,"name":"Pagrindinis","item":"https:\/\/gymfactory.eu\/lt\/"},{"@type":"ListItem","position":2,"name":"Katalogas","item":"https:\/\/gymfactory.eu\/lt\/katalogas\/"},{"@type":"ListItem","position":3,"name":"T1 K\u016bno svorio treniruo\u010di\u0173 dir\u017eas"}]},{"@type":"WebSite","@id":"https:\/\/gymfactory.eu\/lt\/#website","url":"https:\/\/gymfactory.eu\/lt\/","name":"Gym Factory","description":"","publisher":{"@id":"https:\/\/gymfactory.eu\/lt\/#organization"},"potentialAction":[{"@type":"SearchAction","target":{"@type":"EntryPoint","urlTemplate":"https:\/\/gymfactory.eu\/lt\/?s={search_term_string}"},"query-input":{"@type":"PropertyValueSpecification","valueRequired":true,"valueName":"search_term_string"}}],"inLanguage":"lt-LT"},{"@type":"Organization","@id":"https:\/\/gymfactory.eu\/lt\/#organization","name":"Sporto sal\u0117s gamykla","url":"https:\/\/gymfactory.eu\/lt\/","logo":{"@type":"ImageObject","inLanguage":"lt-LT","@id":"https:\/\/gymfactory.eu\/lt\/#\/schema\/logo\/image\/","url":"https:\/\/gymfactory.eu\/wp-content\/uploads\/2024\/11\/Component-1.svg","contentUrl":"https:\/\/gymfactory.eu\/wp-content\/uploads\/2024\/11\/Component-1.svg","width":54,"height":44,"caption":"Sporto sal\u0117s gamykla"},"image":{"@id":"https:\/\/gymfactory.eu\/lt\/#\/schema\/logo\/image\/"}}]}},"_links":{"self":[{"href":"https:\/\/gymfactory.eu\/lt\/wp-json\/wp\/v2\/product\/9642","targetHints":{"allow":["GET"]}}],"collection":[{"href":"https:\/\/gymfactory.eu\/lt\/wp-json\/wp\/v2\/product"}],"about":[{"href":"https:\/\/gymfactory.eu\/lt\/wp-json\/wp\/v2\/types\/product"}],"wp:featuredmedia":[{"embeddable":true,"href":"https:\/\/gymfactory.eu\/lt\/wp-json\/wp\/v2\/media\/9153"}],"wp:attachment":[{"href":"https:\/\/gymfactory.eu\/lt\/wp-json\/wp\/v2\/media?parent=9642"}],"wp:term":[{"taxonomy":"product_brand","embeddable":true,"href":"https:\/\/gymfactory.eu\/lt\/wp-json\/wp\/v2\/product_brand?post=9642"},{"taxonomy":"product_cat","embeddable":true,"href":"https:\/\/gymfactory.eu\/lt\/wp-json\/wp\/v2\/product_cat?post=9642"},{"taxonomy":"product_tag","embeddable":true,"href":"https:\/\/gymfactory.eu\/lt\/wp-json\/wp\/v2\/product_tag?post=9642"}],"curies":[{"name":"wp","href":"https:\/\/api.w.org\/{rel}","templated":true}]}}