{"id":9641,"date":"2025-03-06T09:41:43","date_gmt":"2025-03-06T07:41:43","guid":{"rendered":"https:\/\/gymfactory.eu\/product\/z03xxx-3-strypas\/"},"modified":"2025-09-10T10:53:58","modified_gmt":"2025-09-10T07:53:58","slug":"z03xxx-3-strypas","status":"publish","type":"product","link":"https:\/\/gymfactory.eu\/lt\/produktas\/z03xxx-3-strypas\/","title":{"rendered":"Z03XXX-3 Lenktas grifas su rankenomis"},"content":{"rendered":"<p>Z03XXX-3 \u2013 tai lenktas grifas su integruotomis \u0161onin\u0117mis rankenomis, skirta pratimams, kuriuose grifas dedama ant vir\u0161utin\u0117s nugaros dalies. Rankenos u\u017etikrina tvirtesn\u012f ir ergonomi\u0161kesn\u012f su\u0117mim\u0105 atliekant prit\u016bpimus, \u012ft\u016bpstus ar kitus apatinei k\u016bno daliai skirtus judesius.<\/p>\n<p>Tinka naudoti tiek namuose, tiek profesionalioje sporto sal\u0117je \u2013 puikus pasirinkimas ie\u0161kantiems didesn\u0117s kontrol\u0117s ir komforto treniruojantis su apkrova.<\/p>\n\n    <div class=\"xs_social_share_widget xs_share_url after_content \t\tmain_content  wslu-style-1 wslu-share-box-shaped wslu-fill-colored wslu-none wslu-share-horizontal wslu-theme-font-no wslu-main_content\">\n\n\t\t\n        <ul>\n\t\t\t        <\/ul>\n    <\/div> \n","protected":false},"excerpt":{"rendered":"<p>Z03XXX-3 \u2013 tai lenktas grifas su integruotomis \u0161onin\u0117mis rankenomis, skirta pratimams, kuriuose grifas dedama ant vir\u0161utin\u0117s nugaros dalies. Rankenos u\u017etikrina tvirtesn\u012f ir ergonomi\u0161kesn\u012f su\u0117mim\u0105 atliekant prit\u016bpimus, \u012ft\u016bpstus ar kitus apatinei k\u016bno daliai skirtus judesius. Tinka naudoti tiek namuose, tiek profesionalioje sporto sal\u0117je \u2013 puikus pasirinkimas ie\u0161kantiems didesn\u0117s kontrol\u0117s ir komforto treniruojantis su apkrova.<\/p>\n","protected":false},"featured_media":9110,"template":"","meta":{"_acf_changed":false},"product_brand":[56],"product_cat":[405],"product_tag":[415],"class_list":{"0":"post-9641","1":"product","2":"type-product","3":"status-publish","4":"has-post-thumbnail","6":"product_brand-gym-factory","7":"product_cat-svarmenys-ir-stangos","8":"product_tag-spalva-tik-metaline","10":"first","11":"onbackorder","12":"taxable","13":"shipping-taxable","14":"purchasable","15":"product-type-simple"},"acf":[],"yoast_head":"<!-- This site is optimized with the Yoast SEO plugin v25.2 - https:\/\/yoast.com\/wordpress\/plugins\/seo\/ -->\n<title>Z03XXX-3 \u0161tangos - puiki \u012franga j\u0117gos treniruot\u0117ms<\/title>\n<meta name=\"description\" content=\"Komercin\u0117ms sporto sal\u0117ms ir nam\u0173 treniruokli\u0173 sal\u0117ms skirta \u0161tanga Z03XXX-3 yra patvari treniruokli\u0173 \u012franga, puikiai tinkanti visoms j\u0117gos treniruot\u0117ms.\" \/>\n<meta name=\"robots\" content=\"index, follow, max-snippet:-1, max-image-preview:large, max-video-preview:-1\" \/>\n<link rel=\"canonical\" href=\"https:\/\/gymfactory.eu\/lt\/produktas\/z03xxx-3-strypas\/\" \/>\n<meta property=\"og:locale\" content=\"lt_LT\" \/>\n<meta property=\"og:type\" content=\"article\" \/>\n<meta property=\"og:title\" content=\"Z03XXX-3 \u0161tangos - puiki \u012franga j\u0117gos treniruot\u0117ms\" \/>\n<meta property=\"og:description\" content=\"Komercin\u0117ms sporto sal\u0117ms ir nam\u0173 treniruokli\u0173 sal\u0117ms skirta \u0161tanga Z03XXX-3 yra patvari treniruokli\u0173 \u012franga, puikiai tinkanti visoms j\u0117gos treniruot\u0117ms.\" \/>\n<meta property=\"og:url\" content=\"https:\/\/gymfactory.eu\/lt\/produktas\/z03xxx-3-strypas\/\" \/>\n<meta property=\"og:site_name\" content=\"Gym Factory\" \/>\n<meta property=\"article:modified_time\" content=\"2025-09-10T07:53:58+00:00\" \/>\n<meta property=\"og:image\" content=\"https:\/\/gymfactory.eu\/wp-content\/uploads\/2025\/03\/Z03XXX-equipment-for-weight-training-trap-bar-1-1.webp\" \/>\n\t<meta property=\"og:image:width\" content=\"1500\" \/>\n\t<meta property=\"og:image:height\" content=\"1500\" \/>\n\t<meta property=\"og:image:type\" content=\"image\/webp\" \/>\n<meta name=\"twitter:card\" content=\"summary_large_image\" \/>\n<meta name=\"twitter:label1\" content=\"Est. reading time\" \/>\n\t<meta name=\"twitter:data1\" content=\"1 minut\u0117\" \/>\n<script type=\"application\/ld+json\" class=\"yoast-schema-graph\">{\"@context\":\"https:\/\/schema.org\",\"@graph\":[{\"@type\":\"WebPage\",\"@id\":\"https:\/\/gymfactory.eu\/lt\/produktas\/z03xxx-3-strypas\/\",\"url\":\"https:\/\/gymfactory.eu\/lt\/produktas\/z03xxx-3-strypas\/\",\"name\":\"Z03XXX-3 \u0161tangos - puiki \u012franga j\u0117gos treniruot\u0117ms\",\"isPartOf\":{\"@id\":\"https:\/\/gymfactory.eu\/lt\/#website\"},\"primaryImageOfPage\":{\"@id\":\"https:\/\/gymfactory.eu\/lt\/produktas\/z03xxx-3-strypas\/#primaryimage\"},\"image\":{\"@id\":\"https:\/\/gymfactory.eu\/lt\/produktas\/z03xxx-3-strypas\/#primaryimage\"},\"thumbnailUrl\":\"https:\/\/gymfactory.eu\/wp-content\/uploads\/2025\/03\/Z03XXX-equipment-for-weight-training-trap-bar-1-1.webp\",\"datePublished\":\"2025-03-06T07:41:43+00:00\",\"dateModified\":\"2025-09-10T07:53:58+00:00\",\"description\":\"Komercin\u0117ms sporto sal\u0117ms ir nam\u0173 treniruokli\u0173 sal\u0117ms skirta \u0161tanga Z03XXX-3 yra patvari treniruokli\u0173 \u012franga, puikiai tinkanti visoms j\u0117gos treniruot\u0117ms.\",\"breadcrumb\":{\"@id\":\"https:\/\/gymfactory.eu\/lt\/produktas\/z03xxx-3-strypas\/#breadcrumb\"},\"inLanguage\":\"lt-LT\",\"potentialAction\":[{\"@type\":\"ReadAction\",\"target\":[\"https:\/\/gymfactory.eu\/lt\/produktas\/z03xxx-3-strypas\/\"]}]},{\"@type\":\"ImageObject\",\"inLanguage\":\"lt-LT\",\"@id\":\"https:\/\/gymfactory.eu\/lt\/produktas\/z03xxx-3-strypas\/#primaryimage\",\"url\":\"https:\/\/gymfactory.eu\/wp-content\/uploads\/2025\/03\/Z03XXX-equipment-for-weight-training-trap-bar-1-1.webp\",\"contentUrl\":\"https:\/\/gymfactory.eu\/wp-content\/uploads\/2025\/03\/Z03XXX-equipment-for-weight-training-trap-bar-1-1.webp\",\"width\":1500,\"height\":1500,\"caption\":\"Unikalaus dizaino specializuota \u0161tanga su kampin\u0117mis rankenomis ir pailgintu metaliniu r\u0117mu, juodos spalvos su sidabriniais antgali\u0173 galais. \u0160i \u0161tanga idealiai tinka j\u0117gos pratimams, u\u017etikrina geresn\u0119 kontrol\u0119 ir universalum\u0105 komercin\u0117se sporto sal\u0117se ir nam\u0173 treniruokli\u0173 sal\u0117se.\"},{\"@type\":\"BreadcrumbList\",\"@id\":\"https:\/\/gymfactory.eu\/lt\/produktas\/z03xxx-3-strypas\/#breadcrumb\",\"itemListElement\":[{\"@type\":\"ListItem\",\"position\":1,\"name\":\"Pagrindinis\",\"item\":\"https:\/\/gymfactory.eu\/lt\/\"},{\"@type\":\"ListItem\",\"position\":2,\"name\":\"Katalogas\",\"item\":\"https:\/\/gymfactory.eu\/lt\/katalogas\/\"},{\"@type\":\"ListItem\",\"position\":3,\"name\":\"Z03XXX-3 Lenktas grifas su rankenomis\"}]},{\"@type\":\"WebSite\",\"@id\":\"https:\/\/gymfactory.eu\/lt\/#website\",\"url\":\"https:\/\/gymfactory.eu\/lt\/\",\"name\":\"Gym Factory\",\"description\":\"\",\"publisher\":{\"@id\":\"https:\/\/gymfactory.eu\/lt\/#organization\"},\"potentialAction\":[{\"@type\":\"SearchAction\",\"target\":{\"@type\":\"EntryPoint\",\"urlTemplate\":\"https:\/\/gymfactory.eu\/lt\/?s={search_term_string}\"},\"query-input\":{\"@type\":\"PropertyValueSpecification\",\"valueRequired\":true,\"valueName\":\"search_term_string\"}}],\"inLanguage\":\"lt-LT\"},{\"@type\":\"Organization\",\"@id\":\"https:\/\/gymfactory.eu\/lt\/#organization\",\"name\":\"Sporto sal\u0117s gamykla\",\"url\":\"https:\/\/gymfactory.eu\/lt\/\",\"logo\":{\"@type\":\"ImageObject\",\"inLanguage\":\"lt-LT\",\"@id\":\"https:\/\/gymfactory.eu\/lt\/#\/schema\/logo\/image\/\",\"url\":\"https:\/\/gymfactory.eu\/wp-content\/uploads\/2024\/11\/Component-1.svg\",\"contentUrl\":\"https:\/\/gymfactory.eu\/wp-content\/uploads\/2024\/11\/Component-1.svg\",\"width\":54,\"height\":44,\"caption\":\"Sporto sal\u0117s gamykla\"},\"image\":{\"@id\":\"https:\/\/gymfactory.eu\/lt\/#\/schema\/logo\/image\/\"}}]}<\/script>\n<!-- \/ Yoast SEO plugin. -->","yoast_head_json":{"title":"Z03XXX-3 \u0161tangos - puiki \u012franga j\u0117gos treniruot\u0117ms","description":"Komercin\u0117ms sporto sal\u0117ms ir nam\u0173 treniruokli\u0173 sal\u0117ms skirta \u0161tanga Z03XXX-3 yra patvari treniruokli\u0173 \u012franga, puikiai tinkanti visoms j\u0117gos treniruot\u0117ms.","robots":{"index":"index","follow":"follow","max-snippet":"max-snippet:-1","max-image-preview":"max-image-preview:large","max-video-preview":"max-video-preview:-1"},"canonical":"https:\/\/gymfactory.eu\/lt\/produktas\/z03xxx-3-strypas\/","og_locale":"lt_LT","og_type":"article","og_title":"Z03XXX-3 \u0161tangos - puiki \u012franga j\u0117gos treniruot\u0117ms","og_description":"Komercin\u0117ms sporto sal\u0117ms ir nam\u0173 treniruokli\u0173 sal\u0117ms skirta \u0161tanga Z03XXX-3 yra patvari treniruokli\u0173 \u012franga, puikiai tinkanti visoms j\u0117gos treniruot\u0117ms.","og_url":"https:\/\/gymfactory.eu\/lt\/produktas\/z03xxx-3-strypas\/","og_site_name":"Gym Factory","article_modified_time":"2025-09-10T07:53:58+00:00","og_image":[{"width":1500,"height":1500,"url":"https:\/\/gymfactory.eu\/wp-content\/uploads\/2025\/03\/Z03XXX-equipment-for-weight-training-trap-bar-1-1.webp","type":"image\/webp"}],"twitter_card":"summary_large_image","twitter_misc":{"Est. reading time":"1 minut\u0117"},"schema":{"@context":"https:\/\/schema.org","@graph":[{"@type":"WebPage","@id":"https:\/\/gymfactory.eu\/lt\/produktas\/z03xxx-3-strypas\/","url":"https:\/\/gymfactory.eu\/lt\/produktas\/z03xxx-3-strypas\/","name":"Z03XXX-3 \u0161tangos - puiki \u012franga j\u0117gos treniruot\u0117ms","isPartOf":{"@id":"https:\/\/gymfactory.eu\/lt\/#website"},"primaryImageOfPage":{"@id":"https:\/\/gymfactory.eu\/lt\/produktas\/z03xxx-3-strypas\/#primaryimage"},"image":{"@id":"https:\/\/gymfactory.eu\/lt\/produktas\/z03xxx-3-strypas\/#primaryimage"},"thumbnailUrl":"https:\/\/gymfactory.eu\/wp-content\/uploads\/2025\/03\/Z03XXX-equipment-for-weight-training-trap-bar-1-1.webp","datePublished":"2025-03-06T07:41:43+00:00","dateModified":"2025-09-10T07:53:58+00:00","description":"Komercin\u0117ms sporto sal\u0117ms ir nam\u0173 treniruokli\u0173 sal\u0117ms skirta \u0161tanga Z03XXX-3 yra patvari treniruokli\u0173 \u012franga, puikiai tinkanti visoms j\u0117gos treniruot\u0117ms.","breadcrumb":{"@id":"https:\/\/gymfactory.eu\/lt\/produktas\/z03xxx-3-strypas\/#breadcrumb"},"inLanguage":"lt-LT","potentialAction":[{"@type":"ReadAction","target":["https:\/\/gymfactory.eu\/lt\/produktas\/z03xxx-3-strypas\/"]}]},{"@type":"ImageObject","inLanguage":"lt-LT","@id":"https:\/\/gymfactory.eu\/lt\/produktas\/z03xxx-3-strypas\/#primaryimage","url":"https:\/\/gymfactory.eu\/wp-content\/uploads\/2025\/03\/Z03XXX-equipment-for-weight-training-trap-bar-1-1.webp","contentUrl":"https:\/\/gymfactory.eu\/wp-content\/uploads\/2025\/03\/Z03XXX-equipment-for-weight-training-trap-bar-1-1.webp","width":1500,"height":1500,"caption":"Unikalaus dizaino specializuota \u0161tanga su kampin\u0117mis rankenomis ir pailgintu metaliniu r\u0117mu, juodos spalvos su sidabriniais antgali\u0173 galais. \u0160i \u0161tanga idealiai tinka j\u0117gos pratimams, u\u017etikrina geresn\u0119 kontrol\u0119 ir universalum\u0105 komercin\u0117se sporto sal\u0117se ir nam\u0173 treniruokli\u0173 sal\u0117se."},{"@type":"BreadcrumbList","@id":"https:\/\/gymfactory.eu\/lt\/produktas\/z03xxx-3-strypas\/#breadcrumb","itemListElement":[{"@type":"ListItem","position":1,"name":"Pagrindinis","item":"https:\/\/gymfactory.eu\/lt\/"},{"@type":"ListItem","position":2,"name":"Katalogas","item":"https:\/\/gymfactory.eu\/lt\/katalogas\/"},{"@type":"ListItem","position":3,"name":"Z03XXX-3 Lenktas grifas su rankenomis"}]},{"@type":"WebSite","@id":"https:\/\/gymfactory.eu\/lt\/#website","url":"https:\/\/gymfactory.eu\/lt\/","name":"Gym Factory","description":"","publisher":{"@id":"https:\/\/gymfactory.eu\/lt\/#organization"},"potentialAction":[{"@type":"SearchAction","target":{"@type":"EntryPoint","urlTemplate":"https:\/\/gymfactory.eu\/lt\/?s={search_term_string}"},"query-input":{"@type":"PropertyValueSpecification","valueRequired":true,"valueName":"search_term_string"}}],"inLanguage":"lt-LT"},{"@type":"Organization","@id":"https:\/\/gymfactory.eu\/lt\/#organization","name":"Sporto sal\u0117s gamykla","url":"https:\/\/gymfactory.eu\/lt\/","logo":{"@type":"ImageObject","inLanguage":"lt-LT","@id":"https:\/\/gymfactory.eu\/lt\/#\/schema\/logo\/image\/","url":"https:\/\/gymfactory.eu\/wp-content\/uploads\/2024\/11\/Component-1.svg","contentUrl":"https:\/\/gymfactory.eu\/wp-content\/uploads\/2024\/11\/Component-1.svg","width":54,"height":44,"caption":"Sporto sal\u0117s gamykla"},"image":{"@id":"https:\/\/gymfactory.eu\/lt\/#\/schema\/logo\/image\/"}}]}},"_links":{"self":[{"href":"https:\/\/gymfactory.eu\/lt\/wp-json\/wp\/v2\/product\/9641","targetHints":{"allow":["GET"]}}],"collection":[{"href":"https:\/\/gymfactory.eu\/lt\/wp-json\/wp\/v2\/product"}],"about":[{"href":"https:\/\/gymfactory.eu\/lt\/wp-json\/wp\/v2\/types\/product"}],"wp:featuredmedia":[{"embeddable":true,"href":"https:\/\/gymfactory.eu\/lt\/wp-json\/wp\/v2\/media\/9110"}],"wp:attachment":[{"href":"https:\/\/gymfactory.eu\/lt\/wp-json\/wp\/v2\/media?parent=9641"}],"wp:term":[{"taxonomy":"product_brand","embeddable":true,"href":"https:\/\/gymfactory.eu\/lt\/wp-json\/wp\/v2\/product_brand?post=9641"},{"taxonomy":"product_cat","embeddable":true,"href":"https:\/\/gymfactory.eu\/lt\/wp-json\/wp\/v2\/product_cat?post=9641"},{"taxonomy":"product_tag","embeddable":true,"href":"https:\/\/gymfactory.eu\/lt\/wp-json\/wp\/v2\/product_tag?post=9641"}],"curies":[{"name":"wp","href":"https:\/\/api.w.org\/{rel}","templated":true}]}}