{"id":9613,"date":"2025-04-08T10:50:52","date_gmt":"2025-04-08T07:50:52","guid":{"rendered":"https:\/\/gymfactory.eu\/product\/kulturistu-mini-skulpturele-statulele\/"},"modified":"2026-04-16T11:30:32","modified_gmt":"2026-04-16T08:30:32","slug":"kulturistu-mini-skulpturele-statulele","status":"publish","type":"product","link":"https:\/\/gymfactory.eu\/lt\/produktas\/kulturistu-mini-skulpturele-statulele\/","title":{"rendered":"&#8222;Koloso&#8221; trof\u0117jai"},"content":{"rendered":"<p>Tai geometrin\u0117s kult\u016brist\u0173 statul\u0117l\u0117s skirtos b\u016bti i\u0161skirtin\u0117mis taur\u0117mis, apdovanojimais, dovanomis arba dekoratyviniais elementais sporto erdv\u0117ms. Pristatomos trij\u0173 spalv\u0173 variantais \u2013 aukso, sidabro ir bronzos \u2013 simbolizuojan\u010diais 1-, 2- ir 3-\u0105sias vietas.<\/p>\n<p>Statul\u0117l\u0117s 3D spausdintos i\u0161 auk\u0161tos kokyb\u0117s PLA plastiko su tankiu u\u017epildymu, suteikian\u010diu solidumo ir svorio poj\u016bt\u012f. Pagrindas pagamintas i\u0161 PLA-CF (PLA su anglies pluo\u0161tu), kas u\u017etikrina didesn\u012f patvarum\u0105 ir stabilum\u0105.<\/p>\n<p>Priekin\u0117je dalyje yra ner\u016bdijan\u010dio plieno plok\u0161tel\u0117 su lazeriu i\u0161graviruotu tekstu. Ant plok\u0161tel\u0117s i\u0161lieka &#8222;Gym Factory&#8221; logotipas, o papildomas graviravimas \u2013 renginio pavadinimai, vietos ar asmeniniai u\u017era\u0161ai \u2013 gali b\u016bti atliktas pagal u\u017esakym\u0105.<\/p>\n<p>\u0160is gaminys \u2013 puikus pasirinkimas kaip taur\u0117, apdovanojimas, dovana ar originalus skulpt\u016brinis meno k\u016brinys, jungiantis stipryb\u0119, dizain\u0105 ir personalizacij\u0105 kompakti\u0161koje formoje.<\/p>\n\n    <div class=\"xs_social_share_widget xs_share_url after_content \t\tmain_content  wslu-style-1 wslu-share-box-shaped wslu-fill-colored wslu-none wslu-share-horizontal wslu-theme-font-no wslu-main_content\">\n\n\t\t\n        <ul>\n\t\t\t        <\/ul>\n    <\/div> \n","protected":false},"excerpt":{"rendered":"<p>Tai geometrin\u0117s kult\u016brist\u0173 statul\u0117l\u0117s skirtos b\u016bti i\u0161skirtin\u0117mis taur\u0117mis, apdovanojimais, dovanomis arba dekoratyviniais elementais sporto erdv\u0117ms. Pristatomos trij\u0173 spalv\u0173 variantais \u2013 aukso, sidabro ir bronzos \u2013 simbolizuojan\u010diais 1-, 2- ir 3-\u0105sias vietas. Statul\u0117l\u0117s 3D spausdintos i\u0161 auk\u0161tos kokyb\u0117s PLA plastiko su tankiu u\u017epildymu, suteikian\u010diu solidumo ir svorio poj\u016bt\u012f. Pagrindas pagamintas i\u0161 PLA-CF (PLA su anglies pluo\u0161tu), [&hellip;]<\/p>\n","protected":false},"featured_media":8765,"template":"","meta":{"_acf_changed":false},"product_brand":[817],"product_cat":[471],"product_tag":[393],"class_list":{"0":"post-9613","1":"product","2":"type-product","3":"status-publish","4":"has-post-thumbnail","6":"product_brand-gym-factory-lt","7":"product_cat-trofejai","8":"product_tag-spalva-nera-spalvu","10":"first","11":"onbackorder","12":"taxable","13":"shipping-taxable","14":"purchasable","15":"product-type-variable","16":"has-default-attributes"},"acf":[],"yoast_head":"<!-- This site is optimized with the Yoast SEO plugin v25.2 - https:\/\/yoast.com\/wordpress\/plugins\/seo\/ -->\n<title>Mini skulpt\u016bros - kult\u016bristo statula skulpt\u016bros meno m\u0117g\u0117jams<\/title>\n<meta name=\"description\" content=\"Aukso, sidabro ir bronzos spalvos mini kult\u016brist\u0173 statul\u0117li\u0173 rinkinys - dr\u0105sus geometrinis dizainas \u0161iuolaikin\u0117s skulpt\u016bros meno m\u0117g\u0117jams ir kolekcininkams.\" \/>\n<meta name=\"robots\" content=\"index, follow, max-snippet:-1, max-image-preview:large, max-video-preview:-1\" \/>\n<link rel=\"canonical\" href=\"https:\/\/gymfactory.eu\/lt\/produktas\/kulturistu-mini-skulpturele-statulele\/\" \/>\n<meta property=\"og:locale\" content=\"lt_LT\" \/>\n<meta property=\"og:type\" content=\"article\" \/>\n<meta property=\"og:title\" content=\"Mini skulpt\u016bros - kult\u016bristo statula skulpt\u016bros meno m\u0117g\u0117jams\" \/>\n<meta property=\"og:description\" content=\"Aukso, sidabro ir bronzos spalvos mini kult\u016brist\u0173 statul\u0117li\u0173 rinkinys - dr\u0105sus geometrinis dizainas \u0161iuolaikin\u0117s skulpt\u016bros meno m\u0117g\u0117jams ir kolekcininkams.\" \/>\n<meta property=\"og:url\" content=\"https:\/\/gymfactory.eu\/lt\/produktas\/kulturistu-mini-skulpturele-statulele\/\" \/>\n<meta property=\"og:site_name\" content=\"Gym Factory\" \/>\n<meta property=\"article:modified_time\" content=\"2026-04-16T08:30:32+00:00\" \/>\n<meta property=\"og:image\" content=\"https:\/\/gymfactory.eu\/wp-content\/uploads\/2025\/04\/mini-sculpture-art-bodybuilder-statues-collection.webp\" \/>\n\t<meta property=\"og:image:width\" content=\"1500\" \/>\n\t<meta property=\"og:image:height\" content=\"1500\" \/>\n\t<meta property=\"og:image:type\" content=\"image\/webp\" \/>\n<meta name=\"twitter:card\" content=\"summary_large_image\" \/>\n<meta name=\"twitter:label1\" content=\"Est. reading time\" \/>\n\t<meta name=\"twitter:data1\" content=\"1 minut\u0117\" \/>\n<script type=\"application\/ld+json\" class=\"yoast-schema-graph\">{\"@context\":\"https:\/\/schema.org\",\"@graph\":[{\"@type\":\"WebPage\",\"@id\":\"https:\/\/gymfactory.eu\/lt\/produktas\/kulturistu-mini-skulpturele-statulele\/\",\"url\":\"https:\/\/gymfactory.eu\/lt\/produktas\/kulturistu-mini-skulpturele-statulele\/\",\"name\":\"Mini skulpt\u016bros - kult\u016bristo statula skulpt\u016bros meno m\u0117g\u0117jams\",\"isPartOf\":{\"@id\":\"https:\/\/gymfactory.eu\/lt\/#website\"},\"primaryImageOfPage\":{\"@id\":\"https:\/\/gymfactory.eu\/lt\/produktas\/kulturistu-mini-skulpturele-statulele\/#primaryimage\"},\"image\":{\"@id\":\"https:\/\/gymfactory.eu\/lt\/produktas\/kulturistu-mini-skulpturele-statulele\/#primaryimage\"},\"thumbnailUrl\":\"https:\/\/gymfactory.eu\/wp-content\/uploads\/2025\/04\/mini-sculpture-art-bodybuilder-statues-collection.webp\",\"datePublished\":\"2025-04-08T07:50:52+00:00\",\"dateModified\":\"2026-04-16T08:30:32+00:00\",\"description\":\"Aukso, sidabro ir bronzos spalvos mini kult\u016brist\u0173 statul\u0117li\u0173 rinkinys - dr\u0105sus geometrinis dizainas \u0161iuolaikin\u0117s skulpt\u016bros meno m\u0117g\u0117jams ir kolekcininkams.\",\"breadcrumb\":{\"@id\":\"https:\/\/gymfactory.eu\/lt\/produktas\/kulturistu-mini-skulpturele-statulele\/#breadcrumb\"},\"inLanguage\":\"lt-LT\",\"potentialAction\":[{\"@type\":\"ReadAction\",\"target\":[\"https:\/\/gymfactory.eu\/lt\/produktas\/kulturistu-mini-skulpturele-statulele\/\"]}]},{\"@type\":\"ImageObject\",\"inLanguage\":\"lt-LT\",\"@id\":\"https:\/\/gymfactory.eu\/lt\/produktas\/kulturistu-mini-skulpturele-statulele\/#primaryimage\",\"url\":\"https:\/\/gymfactory.eu\/wp-content\/uploads\/2025\/04\/mini-sculpture-art-bodybuilder-statues-collection.webp\",\"contentUrl\":\"https:\/\/gymfactory.eu\/wp-content\/uploads\/2025\/04\/mini-sculpture-art-bodybuilder-statues-collection.webp\",\"width\":1500,\"height\":1500,\"caption\":\"Trij\u0173 sidabro, aukso ir bronzos spalv\u0173 mini skulpt\u016br\u0117li\u0173, vaizduojan\u010di\u0173 besirengian\u010dius kult\u016bristus, rinkinys ant \\\"Gym Factory\\\" pagrindo - tai dr\u0105sus trio modernaus skulpt\u016br\u0173 meno m\u0117g\u0117jams.\"},{\"@type\":\"BreadcrumbList\",\"@id\":\"https:\/\/gymfactory.eu\/lt\/produktas\/kulturistu-mini-skulpturele-statulele\/#breadcrumb\",\"itemListElement\":[{\"@type\":\"ListItem\",\"position\":1,\"name\":\"Pagrindinis\",\"item\":\"https:\/\/gymfactory.eu\/lt\/\"},{\"@type\":\"ListItem\",\"position\":2,\"name\":\"Katalogas\",\"item\":\"https:\/\/gymfactory.eu\/lt\/katalogas\/\"},{\"@type\":\"ListItem\",\"position\":3,\"name\":\"&#8220;Koloso&#8221; trof\u0117jai\"}]},{\"@type\":\"WebSite\",\"@id\":\"https:\/\/gymfactory.eu\/lt\/#website\",\"url\":\"https:\/\/gymfactory.eu\/lt\/\",\"name\":\"Gym Factory\",\"description\":\"\",\"publisher\":{\"@id\":\"https:\/\/gymfactory.eu\/lt\/#organization\"},\"potentialAction\":[{\"@type\":\"SearchAction\",\"target\":{\"@type\":\"EntryPoint\",\"urlTemplate\":\"https:\/\/gymfactory.eu\/lt\/?s={search_term_string}\"},\"query-input\":{\"@type\":\"PropertyValueSpecification\",\"valueRequired\":true,\"valueName\":\"search_term_string\"}}],\"inLanguage\":\"lt-LT\"},{\"@type\":\"Organization\",\"@id\":\"https:\/\/gymfactory.eu\/lt\/#organization\",\"name\":\"Sporto sal\u0117s gamykla\",\"url\":\"https:\/\/gymfactory.eu\/lt\/\",\"logo\":{\"@type\":\"ImageObject\",\"inLanguage\":\"lt-LT\",\"@id\":\"https:\/\/gymfactory.eu\/lt\/#\/schema\/logo\/image\/\",\"url\":\"https:\/\/gymfactory.eu\/wp-content\/uploads\/2024\/11\/Component-1.svg\",\"contentUrl\":\"https:\/\/gymfactory.eu\/wp-content\/uploads\/2024\/11\/Component-1.svg\",\"width\":54,\"height\":44,\"caption\":\"Sporto sal\u0117s gamykla\"},\"image\":{\"@id\":\"https:\/\/gymfactory.eu\/lt\/#\/schema\/logo\/image\/\"}}]}<\/script>\n<!-- \/ Yoast SEO plugin. -->","yoast_head_json":{"title":"Mini skulpt\u016bros - kult\u016bristo statula skulpt\u016bros meno m\u0117g\u0117jams","description":"Aukso, sidabro ir bronzos spalvos mini kult\u016brist\u0173 statul\u0117li\u0173 rinkinys - dr\u0105sus geometrinis dizainas \u0161iuolaikin\u0117s skulpt\u016bros meno m\u0117g\u0117jams ir kolekcininkams.","robots":{"index":"index","follow":"follow","max-snippet":"max-snippet:-1","max-image-preview":"max-image-preview:large","max-video-preview":"max-video-preview:-1"},"canonical":"https:\/\/gymfactory.eu\/lt\/produktas\/kulturistu-mini-skulpturele-statulele\/","og_locale":"lt_LT","og_type":"article","og_title":"Mini skulpt\u016bros - kult\u016bristo statula skulpt\u016bros meno m\u0117g\u0117jams","og_description":"Aukso, sidabro ir bronzos spalvos mini kult\u016brist\u0173 statul\u0117li\u0173 rinkinys - dr\u0105sus geometrinis dizainas \u0161iuolaikin\u0117s skulpt\u016bros meno m\u0117g\u0117jams ir kolekcininkams.","og_url":"https:\/\/gymfactory.eu\/lt\/produktas\/kulturistu-mini-skulpturele-statulele\/","og_site_name":"Gym Factory","article_modified_time":"2026-04-16T08:30:32+00:00","og_image":[{"width":1500,"height":1500,"url":"https:\/\/gymfactory.eu\/wp-content\/uploads\/2025\/04\/mini-sculpture-art-bodybuilder-statues-collection.webp","type":"image\/webp"}],"twitter_card":"summary_large_image","twitter_misc":{"Est. reading time":"1 minut\u0117"},"schema":{"@context":"https:\/\/schema.org","@graph":[{"@type":"WebPage","@id":"https:\/\/gymfactory.eu\/lt\/produktas\/kulturistu-mini-skulpturele-statulele\/","url":"https:\/\/gymfactory.eu\/lt\/produktas\/kulturistu-mini-skulpturele-statulele\/","name":"Mini skulpt\u016bros - kult\u016bristo statula skulpt\u016bros meno m\u0117g\u0117jams","isPartOf":{"@id":"https:\/\/gymfactory.eu\/lt\/#website"},"primaryImageOfPage":{"@id":"https:\/\/gymfactory.eu\/lt\/produktas\/kulturistu-mini-skulpturele-statulele\/#primaryimage"},"image":{"@id":"https:\/\/gymfactory.eu\/lt\/produktas\/kulturistu-mini-skulpturele-statulele\/#primaryimage"},"thumbnailUrl":"https:\/\/gymfactory.eu\/wp-content\/uploads\/2025\/04\/mini-sculpture-art-bodybuilder-statues-collection.webp","datePublished":"2025-04-08T07:50:52+00:00","dateModified":"2026-04-16T08:30:32+00:00","description":"Aukso, sidabro ir bronzos spalvos mini kult\u016brist\u0173 statul\u0117li\u0173 rinkinys - dr\u0105sus geometrinis dizainas \u0161iuolaikin\u0117s skulpt\u016bros meno m\u0117g\u0117jams ir kolekcininkams.","breadcrumb":{"@id":"https:\/\/gymfactory.eu\/lt\/produktas\/kulturistu-mini-skulpturele-statulele\/#breadcrumb"},"inLanguage":"lt-LT","potentialAction":[{"@type":"ReadAction","target":["https:\/\/gymfactory.eu\/lt\/produktas\/kulturistu-mini-skulpturele-statulele\/"]}]},{"@type":"ImageObject","inLanguage":"lt-LT","@id":"https:\/\/gymfactory.eu\/lt\/produktas\/kulturistu-mini-skulpturele-statulele\/#primaryimage","url":"https:\/\/gymfactory.eu\/wp-content\/uploads\/2025\/04\/mini-sculpture-art-bodybuilder-statues-collection.webp","contentUrl":"https:\/\/gymfactory.eu\/wp-content\/uploads\/2025\/04\/mini-sculpture-art-bodybuilder-statues-collection.webp","width":1500,"height":1500,"caption":"Trij\u0173 sidabro, aukso ir bronzos spalv\u0173 mini skulpt\u016br\u0117li\u0173, vaizduojan\u010di\u0173 besirengian\u010dius kult\u016bristus, rinkinys ant \"Gym Factory\" pagrindo - tai dr\u0105sus trio modernaus skulpt\u016br\u0173 meno m\u0117g\u0117jams."},{"@type":"BreadcrumbList","@id":"https:\/\/gymfactory.eu\/lt\/produktas\/kulturistu-mini-skulpturele-statulele\/#breadcrumb","itemListElement":[{"@type":"ListItem","position":1,"name":"Pagrindinis","item":"https:\/\/gymfactory.eu\/lt\/"},{"@type":"ListItem","position":2,"name":"Katalogas","item":"https:\/\/gymfactory.eu\/lt\/katalogas\/"},{"@type":"ListItem","position":3,"name":"&#8220;Koloso&#8221; trof\u0117jai"}]},{"@type":"WebSite","@id":"https:\/\/gymfactory.eu\/lt\/#website","url":"https:\/\/gymfactory.eu\/lt\/","name":"Gym Factory","description":"","publisher":{"@id":"https:\/\/gymfactory.eu\/lt\/#organization"},"potentialAction":[{"@type":"SearchAction","target":{"@type":"EntryPoint","urlTemplate":"https:\/\/gymfactory.eu\/lt\/?s={search_term_string}"},"query-input":{"@type":"PropertyValueSpecification","valueRequired":true,"valueName":"search_term_string"}}],"inLanguage":"lt-LT"},{"@type":"Organization","@id":"https:\/\/gymfactory.eu\/lt\/#organization","name":"Sporto sal\u0117s gamykla","url":"https:\/\/gymfactory.eu\/lt\/","logo":{"@type":"ImageObject","inLanguage":"lt-LT","@id":"https:\/\/gymfactory.eu\/lt\/#\/schema\/logo\/image\/","url":"https:\/\/gymfactory.eu\/wp-content\/uploads\/2024\/11\/Component-1.svg","contentUrl":"https:\/\/gymfactory.eu\/wp-content\/uploads\/2024\/11\/Component-1.svg","width":54,"height":44,"caption":"Sporto sal\u0117s gamykla"},"image":{"@id":"https:\/\/gymfactory.eu\/lt\/#\/schema\/logo\/image\/"}}]}},"_links":{"self":[{"href":"https:\/\/gymfactory.eu\/lt\/wp-json\/wp\/v2\/product\/9613","targetHints":{"allow":["GET"]}}],"collection":[{"href":"https:\/\/gymfactory.eu\/lt\/wp-json\/wp\/v2\/product"}],"about":[{"href":"https:\/\/gymfactory.eu\/lt\/wp-json\/wp\/v2\/types\/product"}],"wp:featuredmedia":[{"embeddable":true,"href":"https:\/\/gymfactory.eu\/lt\/wp-json\/wp\/v2\/media\/8765"}],"wp:attachment":[{"href":"https:\/\/gymfactory.eu\/lt\/wp-json\/wp\/v2\/media?parent=9613"}],"wp:term":[{"taxonomy":"product_brand","embeddable":true,"href":"https:\/\/gymfactory.eu\/lt\/wp-json\/wp\/v2\/product_brand?post=9613"},{"taxonomy":"product_cat","embeddable":true,"href":"https:\/\/gymfactory.eu\/lt\/wp-json\/wp\/v2\/product_cat?post=9613"},{"taxonomy":"product_tag","embeddable":true,"href":"https:\/\/gymfactory.eu\/lt\/wp-json\/wp\/v2\/product_tag?post=9613"}],"curies":[{"name":"wp","href":"https:\/\/api.w.org\/{rel}","templated":true}]}}