{"id":9611,"date":"2025-03-06T09:26:34","date_gmt":"2025-03-06T07:26:34","guid":{"rendered":"https:\/\/gymfactory.eu\/product\/x2-5-fiksuoto-svorio-stangos\/"},"modified":"2025-09-05T14:38:51","modified_gmt":"2025-09-05T11:38:51","slug":"x2-5-fiksuoto-svorio-stangos","status":"publish","type":"product","link":"https:\/\/gymfactory.eu\/lt\/produktas\/x2-5-fiksuoto-svorio-stangos\/","title":{"rendered":"X2-5 Fiksuoto svorio \u0161tanga"},"content":{"rendered":"<p>X2-5 \u2013 tai vientisos konstrukcijos fiksuoto svorio \u0161tanga, skirta j\u0117gos treniruot\u0117ms namuose ar sporto klube. Kiekviena \u0161tanga turi tvirt\u0105 galin\u0119 dal\u012f su fiksuotu svoriu ir rifliuotu padengimu ner\u016bdijan\u010dio plieno ranken\u0105, kuri u\u017etikrina stabil\u0173 su\u0117mim\u0105 atliekant pratimus.<\/p>\n<p><strong>Galimi svoriai:<\/strong><br \/>\n5 \/ 10 \/ 15 \/ 20 \/ 25 \/ 30 \/ 35 \/ 40 \/ 45 \/ 50 \/ 55 \/ 60 \/ 65 \/ 70 \/ 75 \/ 80 \/ 85 \/ 90 \/ 95 \/ 100\u202fkg<\/p>\n<p>Platus svori\u0173 pasirinkimas leid\u017eia pritaikyti \u0161tangas skirtingo lygio sportuojantiems bei atlikti \u012fvairius j\u0117gos pratimus \u2013 nuo spaudim\u0173 iki trauk\u0173 ar \u012ft\u016bpst\u0173.<\/p>\n<p><strong>Suderinama su:<\/strong><br \/>\n\u2022 <a href=\"https:\/\/gymfactory.eu\/lt\/produktas\/z02x-stangu-stovas\/\" target=\"_blank\" rel=\"noopener\">Z02X \u0160tang\u0173 stovu<\/a> \u2013 patogiam ir tvarkingam laikymui.<\/p>\n\n    <div class=\"xs_social_share_widget xs_share_url after_content \t\tmain_content  wslu-style-1 wslu-share-box-shaped wslu-fill-colored wslu-none wslu-share-horizontal wslu-theme-font-no wslu-main_content\">\n\n\t\t\n        <ul>\n\t\t\t        <\/ul>\n    <\/div> \n","protected":false},"excerpt":{"rendered":"<p>X2-5 \u2013 tai vientisos konstrukcijos fiksuoto svorio \u0161tanga, skirta j\u0117gos treniruot\u0117ms namuose ar sporto klube. Kiekviena \u0161tanga turi tvirt\u0105 galin\u0119 dal\u012f su fiksuotu svoriu ir rifliuotu padengimu ner\u016bdijan\u010dio plieno ranken\u0105, kuri u\u017etikrina stabil\u0173 su\u0117mim\u0105 atliekant pratimus. Galimi svoriai: 5 \/ 10 \/ 15 \/ 20 \/ 25 \/ 30 \/ 35 \/ 40 \/ 45 [&hellip;]<\/p>\n","protected":false},"featured_media":28138,"template":"","meta":{"_acf_changed":false},"product_brand":[817],"product_cat":[405],"product_tag":[393],"class_list":{"0":"post-9611","1":"product","2":"type-product","3":"status-publish","4":"has-post-thumbnail","6":"product_brand-gym-factory-lt","7":"product_cat-svarmenys-ir-stangos","8":"product_tag-spalva-nera-spalvu","10":"first","11":"onbackorder","12":"taxable","13":"shipping-taxable","14":"purchasable","15":"product-type-variable","16":"has-default-attributes"},"acf":[],"yoast_head":"<!-- This site is optimized with the Yoast SEO plugin v25.2 - https:\/\/yoast.com\/wordpress\/plugins\/seo\/ -->\n<title>X2-5 fiksuoto svorio \u0161tangos - j\u0117gos pratimams<\/title>\n<meta name=\"description\" content=\"Komercin\u0117ms sporto sal\u0117ms ir nam\u0173 sporto sal\u0117ms idealiai tinkanti X2-5 fiksuoto svorio \u0161tanga yra patvari treniruokli\u0173 \u012franga, sukurta taip, kad pagerint\u0173 kiekvien\u0105 treniruot\u0119.\" \/>\n<meta name=\"robots\" content=\"index, follow, max-snippet:-1, max-image-preview:large, max-video-preview:-1\" \/>\n<link rel=\"canonical\" href=\"https:\/\/gymfactory.eu\/lt\/produktas\/x2-5-fiksuoto-svorio-stangos\/\" \/>\n<meta property=\"og:locale\" content=\"lt_LT\" \/>\n<meta property=\"og:type\" content=\"article\" \/>\n<meta property=\"og:title\" content=\"X2-5 fiksuoto svorio \u0161tangos - j\u0117gos pratimams\" \/>\n<meta property=\"og:description\" content=\"Komercin\u0117ms sporto sal\u0117ms ir nam\u0173 sporto sal\u0117ms idealiai tinkanti X2-5 fiksuoto svorio \u0161tanga yra patvari treniruokli\u0173 \u012franga, sukurta taip, kad pagerint\u0173 kiekvien\u0105 treniruot\u0119.\" \/>\n<meta property=\"og:url\" content=\"https:\/\/gymfactory.eu\/lt\/produktas\/x2-5-fiksuoto-svorio-stangos\/\" \/>\n<meta property=\"og:site_name\" content=\"Gym Factory\" \/>\n<meta property=\"article:modified_time\" content=\"2025-09-05T11:38:51+00:00\" \/>\n<meta property=\"og:image\" content=\"https:\/\/gymfactory.eu\/wp-content\/uploads\/2025\/03\/equipment-for-weight-training-black-fixed-weight-barbell-.webp\" \/>\n\t<meta property=\"og:image:width\" content=\"1500\" \/>\n\t<meta property=\"og:image:height\" content=\"1500\" \/>\n\t<meta property=\"og:image:type\" content=\"image\/webp\" \/>\n<meta name=\"twitter:card\" content=\"summary_large_image\" \/>\n<meta name=\"twitter:label1\" content=\"Est. reading time\" \/>\n\t<meta name=\"twitter:data1\" content=\"1 minut\u0117\" \/>\n<script type=\"application\/ld+json\" class=\"yoast-schema-graph\">{\"@context\":\"https:\/\/schema.org\",\"@graph\":[{\"@type\":\"WebPage\",\"@id\":\"https:\/\/gymfactory.eu\/lt\/produktas\/x2-5-fiksuoto-svorio-stangos\/\",\"url\":\"https:\/\/gymfactory.eu\/lt\/produktas\/x2-5-fiksuoto-svorio-stangos\/\",\"name\":\"X2-5 fiksuoto svorio \u0161tangos - j\u0117gos pratimams\",\"isPartOf\":{\"@id\":\"https:\/\/gymfactory.eu\/lt\/#website\"},\"primaryImageOfPage\":{\"@id\":\"https:\/\/gymfactory.eu\/lt\/produktas\/x2-5-fiksuoto-svorio-stangos\/#primaryimage\"},\"image\":{\"@id\":\"https:\/\/gymfactory.eu\/lt\/produktas\/x2-5-fiksuoto-svorio-stangos\/#primaryimage\"},\"thumbnailUrl\":\"https:\/\/gymfactory.eu\/wp-content\/uploads\/2025\/03\/equipment-for-weight-training-black-fixed-weight-barbell-.webp\",\"datePublished\":\"2025-03-06T07:26:34+00:00\",\"dateModified\":\"2025-09-05T11:38:51+00:00\",\"description\":\"Komercin\u0117ms sporto sal\u0117ms ir nam\u0173 sporto sal\u0117ms idealiai tinkanti X2-5 fiksuoto svorio \u0161tanga yra patvari treniruokli\u0173 \u012franga, sukurta taip, kad pagerint\u0173 kiekvien\u0105 treniruot\u0119.\",\"breadcrumb\":{\"@id\":\"https:\/\/gymfactory.eu\/lt\/produktas\/x2-5-fiksuoto-svorio-stangos\/#breadcrumb\"},\"inLanguage\":\"lt-LT\",\"potentialAction\":[{\"@type\":\"ReadAction\",\"target\":[\"https:\/\/gymfactory.eu\/lt\/produktas\/x2-5-fiksuoto-svorio-stangos\/\"]}]},{\"@type\":\"ImageObject\",\"inLanguage\":\"lt-LT\",\"@id\":\"https:\/\/gymfactory.eu\/lt\/produktas\/x2-5-fiksuoto-svorio-stangos\/#primaryimage\",\"url\":\"https:\/\/gymfactory.eu\/wp-content\/uploads\/2025\/03\/equipment-for-weight-training-black-fixed-weight-barbell-.webp\",\"contentUrl\":\"https:\/\/gymfactory.eu\/wp-content\/uploads\/2025\/03\/equipment-for-weight-training-black-fixed-weight-barbell-.webp\",\"width\":1500,\"height\":1500,\"caption\":\"A close-up view of a black fixed-weight barbell with a steel handle and rubber-coated weight plates. This durable piece of equipment is designed for strength-training exercises and is suitable for both commercial gyms and home fitness workouts.\"},{\"@type\":\"BreadcrumbList\",\"@id\":\"https:\/\/gymfactory.eu\/lt\/produktas\/x2-5-fiksuoto-svorio-stangos\/#breadcrumb\",\"itemListElement\":[{\"@type\":\"ListItem\",\"position\":1,\"name\":\"Pagrindinis\",\"item\":\"https:\/\/gymfactory.eu\/lt\/\"},{\"@type\":\"ListItem\",\"position\":2,\"name\":\"Katalogas\",\"item\":\"https:\/\/gymfactory.eu\/lt\/katalogas\/\"},{\"@type\":\"ListItem\",\"position\":3,\"name\":\"X2-5 Fiksuoto svorio \u0161tanga\"}]},{\"@type\":\"WebSite\",\"@id\":\"https:\/\/gymfactory.eu\/lt\/#website\",\"url\":\"https:\/\/gymfactory.eu\/lt\/\",\"name\":\"Gym Factory\",\"description\":\"\",\"publisher\":{\"@id\":\"https:\/\/gymfactory.eu\/lt\/#organization\"},\"potentialAction\":[{\"@type\":\"SearchAction\",\"target\":{\"@type\":\"EntryPoint\",\"urlTemplate\":\"https:\/\/gymfactory.eu\/lt\/?s={search_term_string}\"},\"query-input\":{\"@type\":\"PropertyValueSpecification\",\"valueRequired\":true,\"valueName\":\"search_term_string\"}}],\"inLanguage\":\"lt-LT\"},{\"@type\":\"Organization\",\"@id\":\"https:\/\/gymfactory.eu\/lt\/#organization\",\"name\":\"Sporto sal\u0117s gamykla\",\"url\":\"https:\/\/gymfactory.eu\/lt\/\",\"logo\":{\"@type\":\"ImageObject\",\"inLanguage\":\"lt-LT\",\"@id\":\"https:\/\/gymfactory.eu\/lt\/#\/schema\/logo\/image\/\",\"url\":\"https:\/\/gymfactory.eu\/wp-content\/uploads\/2024\/11\/Component-1.svg\",\"contentUrl\":\"https:\/\/gymfactory.eu\/wp-content\/uploads\/2024\/11\/Component-1.svg\",\"width\":54,\"height\":44,\"caption\":\"Sporto sal\u0117s gamykla\"},\"image\":{\"@id\":\"https:\/\/gymfactory.eu\/lt\/#\/schema\/logo\/image\/\"}}]}<\/script>\n<!-- \/ Yoast SEO plugin. -->","yoast_head_json":{"title":"X2-5 fiksuoto svorio \u0161tangos - j\u0117gos pratimams","description":"Komercin\u0117ms sporto sal\u0117ms ir nam\u0173 sporto sal\u0117ms idealiai tinkanti X2-5 fiksuoto svorio \u0161tanga yra patvari treniruokli\u0173 \u012franga, sukurta taip, kad pagerint\u0173 kiekvien\u0105 treniruot\u0119.","robots":{"index":"index","follow":"follow","max-snippet":"max-snippet:-1","max-image-preview":"max-image-preview:large","max-video-preview":"max-video-preview:-1"},"canonical":"https:\/\/gymfactory.eu\/lt\/produktas\/x2-5-fiksuoto-svorio-stangos\/","og_locale":"lt_LT","og_type":"article","og_title":"X2-5 fiksuoto svorio \u0161tangos - j\u0117gos pratimams","og_description":"Komercin\u0117ms sporto sal\u0117ms ir nam\u0173 sporto sal\u0117ms idealiai tinkanti X2-5 fiksuoto svorio \u0161tanga yra patvari treniruokli\u0173 \u012franga, sukurta taip, kad pagerint\u0173 kiekvien\u0105 treniruot\u0119.","og_url":"https:\/\/gymfactory.eu\/lt\/produktas\/x2-5-fiksuoto-svorio-stangos\/","og_site_name":"Gym Factory","article_modified_time":"2025-09-05T11:38:51+00:00","og_image":[{"width":1500,"height":1500,"url":"https:\/\/gymfactory.eu\/wp-content\/uploads\/2025\/03\/equipment-for-weight-training-black-fixed-weight-barbell-.webp","type":"image\/webp"}],"twitter_card":"summary_large_image","twitter_misc":{"Est. reading time":"1 minut\u0117"},"schema":{"@context":"https:\/\/schema.org","@graph":[{"@type":"WebPage","@id":"https:\/\/gymfactory.eu\/lt\/produktas\/x2-5-fiksuoto-svorio-stangos\/","url":"https:\/\/gymfactory.eu\/lt\/produktas\/x2-5-fiksuoto-svorio-stangos\/","name":"X2-5 fiksuoto svorio \u0161tangos - j\u0117gos pratimams","isPartOf":{"@id":"https:\/\/gymfactory.eu\/lt\/#website"},"primaryImageOfPage":{"@id":"https:\/\/gymfactory.eu\/lt\/produktas\/x2-5-fiksuoto-svorio-stangos\/#primaryimage"},"image":{"@id":"https:\/\/gymfactory.eu\/lt\/produktas\/x2-5-fiksuoto-svorio-stangos\/#primaryimage"},"thumbnailUrl":"https:\/\/gymfactory.eu\/wp-content\/uploads\/2025\/03\/equipment-for-weight-training-black-fixed-weight-barbell-.webp","datePublished":"2025-03-06T07:26:34+00:00","dateModified":"2025-09-05T11:38:51+00:00","description":"Komercin\u0117ms sporto sal\u0117ms ir nam\u0173 sporto sal\u0117ms idealiai tinkanti X2-5 fiksuoto svorio \u0161tanga yra patvari treniruokli\u0173 \u012franga, sukurta taip, kad pagerint\u0173 kiekvien\u0105 treniruot\u0119.","breadcrumb":{"@id":"https:\/\/gymfactory.eu\/lt\/produktas\/x2-5-fiksuoto-svorio-stangos\/#breadcrumb"},"inLanguage":"lt-LT","potentialAction":[{"@type":"ReadAction","target":["https:\/\/gymfactory.eu\/lt\/produktas\/x2-5-fiksuoto-svorio-stangos\/"]}]},{"@type":"ImageObject","inLanguage":"lt-LT","@id":"https:\/\/gymfactory.eu\/lt\/produktas\/x2-5-fiksuoto-svorio-stangos\/#primaryimage","url":"https:\/\/gymfactory.eu\/wp-content\/uploads\/2025\/03\/equipment-for-weight-training-black-fixed-weight-barbell-.webp","contentUrl":"https:\/\/gymfactory.eu\/wp-content\/uploads\/2025\/03\/equipment-for-weight-training-black-fixed-weight-barbell-.webp","width":1500,"height":1500,"caption":"A close-up view of a black fixed-weight barbell with a steel handle and rubber-coated weight plates. This durable piece of equipment is designed for strength-training exercises and is suitable for both commercial gyms and home fitness workouts."},{"@type":"BreadcrumbList","@id":"https:\/\/gymfactory.eu\/lt\/produktas\/x2-5-fiksuoto-svorio-stangos\/#breadcrumb","itemListElement":[{"@type":"ListItem","position":1,"name":"Pagrindinis","item":"https:\/\/gymfactory.eu\/lt\/"},{"@type":"ListItem","position":2,"name":"Katalogas","item":"https:\/\/gymfactory.eu\/lt\/katalogas\/"},{"@type":"ListItem","position":3,"name":"X2-5 Fiksuoto svorio \u0161tanga"}]},{"@type":"WebSite","@id":"https:\/\/gymfactory.eu\/lt\/#website","url":"https:\/\/gymfactory.eu\/lt\/","name":"Gym Factory","description":"","publisher":{"@id":"https:\/\/gymfactory.eu\/lt\/#organization"},"potentialAction":[{"@type":"SearchAction","target":{"@type":"EntryPoint","urlTemplate":"https:\/\/gymfactory.eu\/lt\/?s={search_term_string}"},"query-input":{"@type":"PropertyValueSpecification","valueRequired":true,"valueName":"search_term_string"}}],"inLanguage":"lt-LT"},{"@type":"Organization","@id":"https:\/\/gymfactory.eu\/lt\/#organization","name":"Sporto sal\u0117s gamykla","url":"https:\/\/gymfactory.eu\/lt\/","logo":{"@type":"ImageObject","inLanguage":"lt-LT","@id":"https:\/\/gymfactory.eu\/lt\/#\/schema\/logo\/image\/","url":"https:\/\/gymfactory.eu\/wp-content\/uploads\/2024\/11\/Component-1.svg","contentUrl":"https:\/\/gymfactory.eu\/wp-content\/uploads\/2024\/11\/Component-1.svg","width":54,"height":44,"caption":"Sporto sal\u0117s gamykla"},"image":{"@id":"https:\/\/gymfactory.eu\/lt\/#\/schema\/logo\/image\/"}}]}},"_links":{"self":[{"href":"https:\/\/gymfactory.eu\/lt\/wp-json\/wp\/v2\/product\/9611","targetHints":{"allow":["GET"]}}],"collection":[{"href":"https:\/\/gymfactory.eu\/lt\/wp-json\/wp\/v2\/product"}],"about":[{"href":"https:\/\/gymfactory.eu\/lt\/wp-json\/wp\/v2\/types\/product"}],"wp:featuredmedia":[{"embeddable":true,"href":"https:\/\/gymfactory.eu\/lt\/wp-json\/wp\/v2\/media\/28138"}],"wp:attachment":[{"href":"https:\/\/gymfactory.eu\/lt\/wp-json\/wp\/v2\/media?parent=9611"}],"wp:term":[{"taxonomy":"product_brand","embeddable":true,"href":"https:\/\/gymfactory.eu\/lt\/wp-json\/wp\/v2\/product_brand?post=9611"},{"taxonomy":"product_cat","embeddable":true,"href":"https:\/\/gymfactory.eu\/lt\/wp-json\/wp\/v2\/product_cat?post=9611"},{"taxonomy":"product_tag","embeddable":true,"href":"https:\/\/gymfactory.eu\/lt\/wp-json\/wp\/v2\/product_tag?post=9611"}],"curies":[{"name":"wp","href":"https:\/\/api.w.org\/{rel}","templated":true}]}}