{"id":9609,"date":"2025-04-08T09:27:40","date_gmt":"2025-04-08T06:27:40","guid":{"rendered":"https:\/\/gymfactory.eu\/product\/ma6xx-krutines-spaudimo-masina\/"},"modified":"2025-09-10T11:13:56","modified_gmt":"2025-09-10T08:13:56","slug":"ma6xx-krutines-spaudimo-masina","status":"publish","type":"product","link":"https:\/\/gymfactory.eu\/lt\/produktas\/ma6xx-krutines-spaudimo-masina\/","title":{"rendered":"mA6XX Mini plastikinis kr\u016btin\u0117s spaudimo treniruoklis"},"content":{"rendered":"<p>mA6XX mini plastikinis kr\u016btin\u0117s spaudimo treniruoklis \u2013 kompakti\u0161kas modelis, sukurtas mini sporto sali\u0173 rinkiniams, ekspozicijoms ar temin\u0117ms kolekcijoms. Raudonas r\u0117mas, \u012fstri\u017eos spaudimo rankos ir juoda s\u0117dyn\u0117 atspindi pilno dyd\u017eio treniruoklio pagrindin\u0119 konstrukcij\u0105.<\/p>\n<p>\u0160is aksesuaras puikiai tinka kolekcininkams, fitneso entuziastams arba kaip nedidel\u0117 dovana. Tinka specialiai pritaikytoms dioramoms ar stalo ekspozicijoms, skirtoms sporto ir treniruo\u010di\u0173 temoms.<\/p>\n\n    <div class=\"xs_social_share_widget xs_share_url after_content \t\tmain_content  wslu-style-1 wslu-share-box-shaped wslu-fill-colored wslu-none wslu-share-horizontal wslu-theme-font-no wslu-main_content\">\n\n\t\t\n        <ul>\n\t\t\t        <\/ul>\n    <\/div> \n","protected":false},"excerpt":{"rendered":"<p>mA6XX mini plastikinis kr\u016btin\u0117s spaudimo treniruoklis \u2013 kompakti\u0161kas modelis, sukurtas mini sporto sali\u0173 rinkiniams, ekspozicijoms ar temin\u0117ms kolekcijoms. Raudonas r\u0117mas, \u012fstri\u017eos spaudimo rankos ir juoda s\u0117dyn\u0117 atspindi pilno dyd\u017eio treniruoklio pagrindin\u0119 konstrukcij\u0105. \u0160is aksesuaras puikiai tinka kolekcininkams, fitneso entuziastams arba kaip nedidel\u0117 dovana. Tinka specialiai pritaikytoms dioramoms ar stalo ekspozicijoms, skirtoms sporto ir treniruo\u010di\u0173 temoms.<\/p>\n","protected":false},"featured_media":8740,"template":"","meta":{"_acf_changed":false},"product_brand":[56],"product_cat":[471],"product_tag":[393],"class_list":{"0":"post-9609","1":"product","2":"type-product","3":"status-publish","4":"has-post-thumbnail","6":"product_brand-gym-factory","7":"product_cat-trofejai","8":"product_tag-spalva-nera-spalvu","10":"first","11":"instock","12":"taxable","13":"shipping-taxable","14":"purchasable","15":"product-type-simple"},"acf":[],"yoast_head":"<!-- This site is optimized with the Yoast SEO plugin v25.2 - https:\/\/yoast.com\/wordpress\/plugins\/seo\/ -->\n<title>MA6XX kr\u016btin\u0117s spaudimo ma\u0161ina - Mini sporto sal\u0117s ma\u0161ina<\/title>\n<meta name=\"description\" content=\"Atnaujinkite savo mini sporto sal\u0119 su MA6XX kr\u016btin\u0117s spaudimo treniruokliu. Galingas, detalus treniruoklis ir priedas, idealiai tinkantis kolekcionieriams ir fitneso tematikos treniruokliams.\" \/>\n<meta name=\"robots\" content=\"index, follow, max-snippet:-1, max-image-preview:large, max-video-preview:-1\" \/>\n<link rel=\"canonical\" href=\"https:\/\/gymfactory.eu\/lt\/produktas\/ma6xx-krutines-spaudimo-masina\/\" \/>\n<meta property=\"og:locale\" content=\"lt_LT\" \/>\n<meta property=\"og:type\" content=\"article\" \/>\n<meta property=\"og:title\" content=\"MA6XX kr\u016btin\u0117s spaudimo ma\u0161ina - Mini sporto sal\u0117s ma\u0161ina\" \/>\n<meta property=\"og:description\" content=\"Atnaujinkite savo mini sporto sal\u0119 su MA6XX kr\u016btin\u0117s spaudimo treniruokliu. Galingas, detalus treniruoklis ir priedas, idealiai tinkantis kolekcionieriams ir fitneso tematikos treniruokliams.\" \/>\n<meta property=\"og:url\" content=\"https:\/\/gymfactory.eu\/lt\/produktas\/ma6xx-krutines-spaudimo-masina\/\" \/>\n<meta property=\"og:site_name\" content=\"Gym Factory\" \/>\n<meta property=\"article:modified_time\" content=\"2025-09-10T08:13:56+00:00\" \/>\n<meta property=\"og:image\" content=\"https:\/\/gymfactory.eu\/wp-content\/uploads\/2025\/04\/mini-gym-gym-machine-chest-press-model-front-view.webp\" \/>\n\t<meta property=\"og:image:width\" content=\"1500\" \/>\n\t<meta property=\"og:image:height\" content=\"1500\" \/>\n\t<meta property=\"og:image:type\" content=\"image\/webp\" \/>\n<meta name=\"twitter:card\" content=\"summary_large_image\" \/>\n<meta name=\"twitter:label1\" content=\"Est. reading time\" \/>\n\t<meta name=\"twitter:data1\" content=\"1 minut\u0117\" \/>\n<script type=\"application\/ld+json\" class=\"yoast-schema-graph\">{\"@context\":\"https:\/\/schema.org\",\"@graph\":[{\"@type\":\"WebPage\",\"@id\":\"https:\/\/gymfactory.eu\/lt\/produktas\/ma6xx-krutines-spaudimo-masina\/\",\"url\":\"https:\/\/gymfactory.eu\/lt\/produktas\/ma6xx-krutines-spaudimo-masina\/\",\"name\":\"MA6XX kr\u016btin\u0117s spaudimo ma\u0161ina - Mini sporto sal\u0117s ma\u0161ina\",\"isPartOf\":{\"@id\":\"https:\/\/gymfactory.eu\/lt\/#website\"},\"primaryImageOfPage\":{\"@id\":\"https:\/\/gymfactory.eu\/lt\/produktas\/ma6xx-krutines-spaudimo-masina\/#primaryimage\"},\"image\":{\"@id\":\"https:\/\/gymfactory.eu\/lt\/produktas\/ma6xx-krutines-spaudimo-masina\/#primaryimage\"},\"thumbnailUrl\":\"https:\/\/gymfactory.eu\/wp-content\/uploads\/2025\/04\/mini-gym-gym-machine-chest-press-model-front-view.webp\",\"datePublished\":\"2025-04-08T06:27:40+00:00\",\"dateModified\":\"2025-09-10T08:13:56+00:00\",\"description\":\"Atnaujinkite savo mini sporto sal\u0119 su MA6XX kr\u016btin\u0117s spaudimo treniruokliu. Galingas, detalus treniruoklis ir priedas, idealiai tinkantis kolekcionieriams ir fitneso tematikos treniruokliams.\",\"breadcrumb\":{\"@id\":\"https:\/\/gymfactory.eu\/lt\/produktas\/ma6xx-krutines-spaudimo-masina\/#breadcrumb\"},\"inLanguage\":\"lt-LT\",\"potentialAction\":[{\"@type\":\"ReadAction\",\"target\":[\"https:\/\/gymfactory.eu\/lt\/produktas\/ma6xx-krutines-spaudimo-masina\/\"]}]},{\"@type\":\"ImageObject\",\"inLanguage\":\"lt-LT\",\"@id\":\"https:\/\/gymfactory.eu\/lt\/produktas\/ma6xx-krutines-spaudimo-masina\/#primaryimage\",\"url\":\"https:\/\/gymfactory.eu\/wp-content\/uploads\/2025\/04\/mini-gym-gym-machine-chest-press-model-front-view.webp\",\"contentUrl\":\"https:\/\/gymfactory.eu\/wp-content\/uploads\/2025\/04\/mini-gym-gym-machine-chest-press-model-front-view.webp\",\"width\":1500,\"height\":1500,\"caption\":\"Ry\u0161kiai raudonos spalvos mini treniruoklio kr\u016btin\u0117s spaudimo ma\u0161ina su vertikaliomis spaudimo rankenomis ir juoda pamink\u0161tinta s\u0117dyne - i\u0161sami treniruoklio replika, skirta sporto sal\u0117s reikmen\u0173 parodoms.\"},{\"@type\":\"BreadcrumbList\",\"@id\":\"https:\/\/gymfactory.eu\/lt\/produktas\/ma6xx-krutines-spaudimo-masina\/#breadcrumb\",\"itemListElement\":[{\"@type\":\"ListItem\",\"position\":1,\"name\":\"Pagrindinis\",\"item\":\"https:\/\/gymfactory.eu\/lt\/\"},{\"@type\":\"ListItem\",\"position\":2,\"name\":\"Katalogas\",\"item\":\"https:\/\/gymfactory.eu\/lt\/katalogas\/\"},{\"@type\":\"ListItem\",\"position\":3,\"name\":\"mA6XX Mini plastikinis kr\u016btin\u0117s spaudimo treniruoklis\"}]},{\"@type\":\"WebSite\",\"@id\":\"https:\/\/gymfactory.eu\/lt\/#website\",\"url\":\"https:\/\/gymfactory.eu\/lt\/\",\"name\":\"Gym Factory\",\"description\":\"\",\"publisher\":{\"@id\":\"https:\/\/gymfactory.eu\/lt\/#organization\"},\"potentialAction\":[{\"@type\":\"SearchAction\",\"target\":{\"@type\":\"EntryPoint\",\"urlTemplate\":\"https:\/\/gymfactory.eu\/lt\/?s={search_term_string}\"},\"query-input\":{\"@type\":\"PropertyValueSpecification\",\"valueRequired\":true,\"valueName\":\"search_term_string\"}}],\"inLanguage\":\"lt-LT\"},{\"@type\":\"Organization\",\"@id\":\"https:\/\/gymfactory.eu\/lt\/#organization\",\"name\":\"Sporto sal\u0117s gamykla\",\"url\":\"https:\/\/gymfactory.eu\/lt\/\",\"logo\":{\"@type\":\"ImageObject\",\"inLanguage\":\"lt-LT\",\"@id\":\"https:\/\/gymfactory.eu\/lt\/#\/schema\/logo\/image\/\",\"url\":\"https:\/\/gymfactory.eu\/wp-content\/uploads\/2024\/11\/Component-1.svg\",\"contentUrl\":\"https:\/\/gymfactory.eu\/wp-content\/uploads\/2024\/11\/Component-1.svg\",\"width\":54,\"height\":44,\"caption\":\"Sporto sal\u0117s gamykla\"},\"image\":{\"@id\":\"https:\/\/gymfactory.eu\/lt\/#\/schema\/logo\/image\/\"}}]}<\/script>\n<!-- \/ Yoast SEO plugin. -->","yoast_head_json":{"title":"MA6XX kr\u016btin\u0117s spaudimo ma\u0161ina - Mini sporto sal\u0117s ma\u0161ina","description":"Atnaujinkite savo mini sporto sal\u0119 su MA6XX kr\u016btin\u0117s spaudimo treniruokliu. Galingas, detalus treniruoklis ir priedas, idealiai tinkantis kolekcionieriams ir fitneso tematikos treniruokliams.","robots":{"index":"index","follow":"follow","max-snippet":"max-snippet:-1","max-image-preview":"max-image-preview:large","max-video-preview":"max-video-preview:-1"},"canonical":"https:\/\/gymfactory.eu\/lt\/produktas\/ma6xx-krutines-spaudimo-masina\/","og_locale":"lt_LT","og_type":"article","og_title":"MA6XX kr\u016btin\u0117s spaudimo ma\u0161ina - Mini sporto sal\u0117s ma\u0161ina","og_description":"Atnaujinkite savo mini sporto sal\u0119 su MA6XX kr\u016btin\u0117s spaudimo treniruokliu. Galingas, detalus treniruoklis ir priedas, idealiai tinkantis kolekcionieriams ir fitneso tematikos treniruokliams.","og_url":"https:\/\/gymfactory.eu\/lt\/produktas\/ma6xx-krutines-spaudimo-masina\/","og_site_name":"Gym Factory","article_modified_time":"2025-09-10T08:13:56+00:00","og_image":[{"width":1500,"height":1500,"url":"https:\/\/gymfactory.eu\/wp-content\/uploads\/2025\/04\/mini-gym-gym-machine-chest-press-model-front-view.webp","type":"image\/webp"}],"twitter_card":"summary_large_image","twitter_misc":{"Est. reading time":"1 minut\u0117"},"schema":{"@context":"https:\/\/schema.org","@graph":[{"@type":"WebPage","@id":"https:\/\/gymfactory.eu\/lt\/produktas\/ma6xx-krutines-spaudimo-masina\/","url":"https:\/\/gymfactory.eu\/lt\/produktas\/ma6xx-krutines-spaudimo-masina\/","name":"MA6XX kr\u016btin\u0117s spaudimo ma\u0161ina - Mini sporto sal\u0117s ma\u0161ina","isPartOf":{"@id":"https:\/\/gymfactory.eu\/lt\/#website"},"primaryImageOfPage":{"@id":"https:\/\/gymfactory.eu\/lt\/produktas\/ma6xx-krutines-spaudimo-masina\/#primaryimage"},"image":{"@id":"https:\/\/gymfactory.eu\/lt\/produktas\/ma6xx-krutines-spaudimo-masina\/#primaryimage"},"thumbnailUrl":"https:\/\/gymfactory.eu\/wp-content\/uploads\/2025\/04\/mini-gym-gym-machine-chest-press-model-front-view.webp","datePublished":"2025-04-08T06:27:40+00:00","dateModified":"2025-09-10T08:13:56+00:00","description":"Atnaujinkite savo mini sporto sal\u0119 su MA6XX kr\u016btin\u0117s spaudimo treniruokliu. Galingas, detalus treniruoklis ir priedas, idealiai tinkantis kolekcionieriams ir fitneso tematikos treniruokliams.","breadcrumb":{"@id":"https:\/\/gymfactory.eu\/lt\/produktas\/ma6xx-krutines-spaudimo-masina\/#breadcrumb"},"inLanguage":"lt-LT","potentialAction":[{"@type":"ReadAction","target":["https:\/\/gymfactory.eu\/lt\/produktas\/ma6xx-krutines-spaudimo-masina\/"]}]},{"@type":"ImageObject","inLanguage":"lt-LT","@id":"https:\/\/gymfactory.eu\/lt\/produktas\/ma6xx-krutines-spaudimo-masina\/#primaryimage","url":"https:\/\/gymfactory.eu\/wp-content\/uploads\/2025\/04\/mini-gym-gym-machine-chest-press-model-front-view.webp","contentUrl":"https:\/\/gymfactory.eu\/wp-content\/uploads\/2025\/04\/mini-gym-gym-machine-chest-press-model-front-view.webp","width":1500,"height":1500,"caption":"Ry\u0161kiai raudonos spalvos mini treniruoklio kr\u016btin\u0117s spaudimo ma\u0161ina su vertikaliomis spaudimo rankenomis ir juoda pamink\u0161tinta s\u0117dyne - i\u0161sami treniruoklio replika, skirta sporto sal\u0117s reikmen\u0173 parodoms."},{"@type":"BreadcrumbList","@id":"https:\/\/gymfactory.eu\/lt\/produktas\/ma6xx-krutines-spaudimo-masina\/#breadcrumb","itemListElement":[{"@type":"ListItem","position":1,"name":"Pagrindinis","item":"https:\/\/gymfactory.eu\/lt\/"},{"@type":"ListItem","position":2,"name":"Katalogas","item":"https:\/\/gymfactory.eu\/lt\/katalogas\/"},{"@type":"ListItem","position":3,"name":"mA6XX Mini plastikinis kr\u016btin\u0117s spaudimo treniruoklis"}]},{"@type":"WebSite","@id":"https:\/\/gymfactory.eu\/lt\/#website","url":"https:\/\/gymfactory.eu\/lt\/","name":"Gym Factory","description":"","publisher":{"@id":"https:\/\/gymfactory.eu\/lt\/#organization"},"potentialAction":[{"@type":"SearchAction","target":{"@type":"EntryPoint","urlTemplate":"https:\/\/gymfactory.eu\/lt\/?s={search_term_string}"},"query-input":{"@type":"PropertyValueSpecification","valueRequired":true,"valueName":"search_term_string"}}],"inLanguage":"lt-LT"},{"@type":"Organization","@id":"https:\/\/gymfactory.eu\/lt\/#organization","name":"Sporto sal\u0117s gamykla","url":"https:\/\/gymfactory.eu\/lt\/","logo":{"@type":"ImageObject","inLanguage":"lt-LT","@id":"https:\/\/gymfactory.eu\/lt\/#\/schema\/logo\/image\/","url":"https:\/\/gymfactory.eu\/wp-content\/uploads\/2024\/11\/Component-1.svg","contentUrl":"https:\/\/gymfactory.eu\/wp-content\/uploads\/2024\/11\/Component-1.svg","width":54,"height":44,"caption":"Sporto sal\u0117s gamykla"},"image":{"@id":"https:\/\/gymfactory.eu\/lt\/#\/schema\/logo\/image\/"}}]}},"_links":{"self":[{"href":"https:\/\/gymfactory.eu\/lt\/wp-json\/wp\/v2\/product\/9609","targetHints":{"allow":["GET"]}}],"collection":[{"href":"https:\/\/gymfactory.eu\/lt\/wp-json\/wp\/v2\/product"}],"about":[{"href":"https:\/\/gymfactory.eu\/lt\/wp-json\/wp\/v2\/types\/product"}],"wp:featuredmedia":[{"embeddable":true,"href":"https:\/\/gymfactory.eu\/lt\/wp-json\/wp\/v2\/media\/8740"}],"wp:attachment":[{"href":"https:\/\/gymfactory.eu\/lt\/wp-json\/wp\/v2\/media?parent=9609"}],"wp:term":[{"taxonomy":"product_brand","embeddable":true,"href":"https:\/\/gymfactory.eu\/lt\/wp-json\/wp\/v2\/product_brand?post=9609"},{"taxonomy":"product_cat","embeddable":true,"href":"https:\/\/gymfactory.eu\/lt\/wp-json\/wp\/v2\/product_cat?post=9609"},{"taxonomy":"product_tag","embeddable":true,"href":"https:\/\/gymfactory.eu\/lt\/wp-json\/wp\/v2\/product_tag?post=9609"}],"curies":[{"name":"wp","href":"https:\/\/api.w.org\/{rel}","templated":true}]}}