{"id":9608,"date":"2025-03-05T14:21:36","date_gmt":"2025-03-05T12:21:36","guid":{"rendered":"https:\/\/gymfactory.eu\/product\/x2-1-hanteliu-rinkinys-su-stovu\/"},"modified":"2025-09-05T14:18:05","modified_gmt":"2025-09-05T11:18:05","slug":"x2-1-hanteliu-rinkinys-su-stovu","status":"publish","type":"product","link":"https:\/\/gymfactory.eu\/lt\/produktas\/x2-1-hanteliu-rinkinys-su-stovu\/","title":{"rendered":"X2-1 Hanteli\u0173 rinkinys su stovu"},"content":{"rendered":"<p>X2-1 hanteli\u0173 rinkinys su stovu \u2013 pilnas sprendimas j\u0117gos treniruot\u0117ms namuose ar sporto klube. Gumuoti hanteliai su ner\u016bdijan\u010dio plieno rankenomis u\u017etikrina ilgaam\u017ei\u0161kum\u0105 ir patog\u0173 su\u0117mim\u0105 treniruo\u010di\u0173 metu.<\/p>\n<p><strong>Rinkinio sud\u0117tis (hanteliai poromis):<\/strong><\/p>\n<ul>\n<li>2 \u00d7 1\u202fkg<\/li>\n<li>2 \u00d7 2\u202fkg<\/li>\n<li>2 \u00d7 3\u202fkg<\/li>\n<li>2 \u00d7 4\u202fkg<\/li>\n<li>2 \u00d7 5\u202fkg<\/li>\n<li>2 \u00d7 6\u202fkg<\/li>\n<li>2 \u00d7 7\u202fkg<\/li>\n<li>2 \u00d7 8\u202fkg<\/li>\n<li>2 \u00d7 9\u202fkg<\/li>\n<li>2 \u00d7 10\u202fkg<\/li>\n<\/ul>\n<p>Pridedamas kompakti\u0161kas, \u201eeglut\u0117s\u201c formos stovas padeda taupyti viet\u0105 ir palaikyti tvark\u0105 \u2013 visi hanteliai laikomi ai\u0161kiai ir patogiai pasiekiami. Rinkinys puikiai tinka \u012fvairioms j\u0117gos treniruot\u0117ms tiek ma\u017eose nam\u0173 erdv\u0117se, tiek intensyviai naudojamose sal\u0117se.<\/p>\n\n    <div class=\"xs_social_share_widget xs_share_url after_content \t\tmain_content  wslu-style-1 wslu-share-box-shaped wslu-fill-colored wslu-none wslu-share-horizontal wslu-theme-font-no wslu-main_content\">\n\n\t\t\n        <ul>\n\t\t\t        <\/ul>\n    <\/div> \n","protected":false},"excerpt":{"rendered":"<p>X2-1 hanteli\u0173 rinkinys su stovu \u2013 pilnas sprendimas j\u0117gos treniruot\u0117ms namuose ar sporto klube. Gumuoti hanteliai su ner\u016bdijan\u010dio plieno rankenomis u\u017etikrina ilgaam\u017ei\u0161kum\u0105 ir patog\u0173 su\u0117mim\u0105 treniruo\u010di\u0173 metu. Rinkinio sud\u0117tis (hanteliai poromis): 2 \u00d7 1\u202fkg 2 \u00d7 2\u202fkg 2 \u00d7 3\u202fkg 2 \u00d7 4\u202fkg 2 \u00d7 5\u202fkg 2 \u00d7 6\u202fkg 2 \u00d7 7\u202fkg 2 \u00d7 8\u202fkg [&hellip;]<\/p>\n","protected":false},"featured_media":8205,"template":"","meta":{"_acf_changed":false},"product_brand":[56],"product_cat":[405],"product_tag":[393],"class_list":{"0":"post-9608","1":"product","2":"type-product","3":"status-publish","4":"has-post-thumbnail","6":"product_brand-gym-factory","7":"product_cat-svarmenys-ir-stangos","8":"product_tag-spalva-nera-spalvu","10":"first","11":"onbackorder","12":"taxable","13":"shipping-taxable","14":"purchasable","15":"product-type-simple"},"acf":[],"yoast_head":"<!-- This site is optimized with the Yoast SEO plugin v25.2 - https:\/\/yoast.com\/wordpress\/plugins\/seo\/ -->\n<title>X2-1 hanteli\u0173 rinkinys su stovu j\u0117gos pratimams<\/title>\n<meta name=\"description\" content=\"&quot;X2-1&quot; hanteli\u0173 rinkinys su stovu yra skirtas komercin\u0117ms sporto sal\u0117ms ir yra puikus sprendimas fitneso ir j\u0117gos treniruot\u0117ms.\" \/>\n<meta name=\"robots\" content=\"index, follow, max-snippet:-1, max-image-preview:large, max-video-preview:-1\" \/>\n<link rel=\"canonical\" href=\"https:\/\/gymfactory.eu\/lt\/produktas\/x2-1-hanteliu-rinkinys-su-stovu\/\" \/>\n<meta property=\"og:locale\" content=\"lt_LT\" \/>\n<meta property=\"og:type\" content=\"article\" \/>\n<meta property=\"og:title\" content=\"X2-1 hanteli\u0173 rinkinys su stovu j\u0117gos pratimams\" \/>\n<meta property=\"og:description\" content=\"&quot;X2-1&quot; hanteli\u0173 rinkinys su stovu yra skirtas komercin\u0117ms sporto sal\u0117ms ir yra puikus sprendimas fitneso ir j\u0117gos treniruot\u0117ms.\" \/>\n<meta property=\"og:url\" content=\"https:\/\/gymfactory.eu\/lt\/produktas\/x2-1-hanteliu-rinkinys-su-stovu\/\" \/>\n<meta property=\"og:site_name\" content=\"Gym Factory\" \/>\n<meta property=\"article:modified_time\" content=\"2025-09-05T11:18:05+00:00\" \/>\n<meta property=\"og:image\" content=\"https:\/\/gymfactory.eu\/wp-content\/uploads\/2025\/03\/dumbbell-set-rack-full.webp\" \/>\n\t<meta property=\"og:image:width\" content=\"1500\" \/>\n\t<meta property=\"og:image:height\" content=\"1500\" \/>\n\t<meta property=\"og:image:type\" content=\"image\/webp\" \/>\n<meta name=\"twitter:card\" content=\"summary_large_image\" \/>\n<meta name=\"twitter:label1\" content=\"Est. reading time\" \/>\n\t<meta name=\"twitter:data1\" content=\"1 minut\u0117\" \/>\n<script type=\"application\/ld+json\" class=\"yoast-schema-graph\">{\"@context\":\"https:\/\/schema.org\",\"@graph\":[{\"@type\":\"WebPage\",\"@id\":\"https:\/\/gymfactory.eu\/lt\/produktas\/x2-1-hanteliu-rinkinys-su-stovu\/\",\"url\":\"https:\/\/gymfactory.eu\/lt\/produktas\/x2-1-hanteliu-rinkinys-su-stovu\/\",\"name\":\"X2-1 hanteli\u0173 rinkinys su stovu j\u0117gos pratimams\",\"isPartOf\":{\"@id\":\"https:\/\/gymfactory.eu\/lt\/#website\"},\"primaryImageOfPage\":{\"@id\":\"https:\/\/gymfactory.eu\/lt\/produktas\/x2-1-hanteliu-rinkinys-su-stovu\/#primaryimage\"},\"image\":{\"@id\":\"https:\/\/gymfactory.eu\/lt\/produktas\/x2-1-hanteliu-rinkinys-su-stovu\/#primaryimage\"},\"thumbnailUrl\":\"https:\/\/gymfactory.eu\/wp-content\/uploads\/2025\/03\/dumbbell-set-rack-full.webp\",\"datePublished\":\"2025-03-05T12:21:36+00:00\",\"dateModified\":\"2025-09-05T11:18:05+00:00\",\"description\":\"\\\"X2-1\\\" hanteli\u0173 rinkinys su stovu yra skirtas komercin\u0117ms sporto sal\u0117ms ir yra puikus sprendimas fitneso ir j\u0117gos treniruot\u0117ms.\",\"breadcrumb\":{\"@id\":\"https:\/\/gymfactory.eu\/lt\/produktas\/x2-1-hanteliu-rinkinys-su-stovu\/#breadcrumb\"},\"inLanguage\":\"lt-LT\",\"potentialAction\":[{\"@type\":\"ReadAction\",\"target\":[\"https:\/\/gymfactory.eu\/lt\/produktas\/x2-1-hanteliu-rinkinys-su-stovu\/\"]}]},{\"@type\":\"ImageObject\",\"inLanguage\":\"lt-LT\",\"@id\":\"https:\/\/gymfactory.eu\/lt\/produktas\/x2-1-hanteliu-rinkinys-su-stovu\/#primaryimage\",\"url\":\"https:\/\/gymfactory.eu\/wp-content\/uploads\/2025\/03\/dumbbell-set-rack-full.webp\",\"contentUrl\":\"https:\/\/gymfactory.eu\/wp-content\/uploads\/2025\/03\/dumbbell-set-rack-full.webp\",\"width\":1500,\"height\":1500,\"caption\":\"Visas juodo \u0161e\u0161iakampio hanteli\u0173 rinkinio vaizdas su vertikaliu laikymo stovu, kuris si\u016blo organizuot\u0105 ir kompakti\u0161k\u0105 sprendim\u0105 komercin\u0117ms sporto sal\u0117ms ir nam\u0173 fitneso entuziastams.\"},{\"@type\":\"BreadcrumbList\",\"@id\":\"https:\/\/gymfactory.eu\/lt\/produktas\/x2-1-hanteliu-rinkinys-su-stovu\/#breadcrumb\",\"itemListElement\":[{\"@type\":\"ListItem\",\"position\":1,\"name\":\"Pagrindinis\",\"item\":\"https:\/\/gymfactory.eu\/lt\/\"},{\"@type\":\"ListItem\",\"position\":2,\"name\":\"Katalogas\",\"item\":\"https:\/\/gymfactory.eu\/lt\/katalogas\/\"},{\"@type\":\"ListItem\",\"position\":3,\"name\":\"X2-1 Hanteli\u0173 rinkinys su stovu\"}]},{\"@type\":\"WebSite\",\"@id\":\"https:\/\/gymfactory.eu\/lt\/#website\",\"url\":\"https:\/\/gymfactory.eu\/lt\/\",\"name\":\"Gym Factory\",\"description\":\"\",\"publisher\":{\"@id\":\"https:\/\/gymfactory.eu\/lt\/#organization\"},\"potentialAction\":[{\"@type\":\"SearchAction\",\"target\":{\"@type\":\"EntryPoint\",\"urlTemplate\":\"https:\/\/gymfactory.eu\/lt\/?s={search_term_string}\"},\"query-input\":{\"@type\":\"PropertyValueSpecification\",\"valueRequired\":true,\"valueName\":\"search_term_string\"}}],\"inLanguage\":\"lt-LT\"},{\"@type\":\"Organization\",\"@id\":\"https:\/\/gymfactory.eu\/lt\/#organization\",\"name\":\"Sporto sal\u0117s gamykla\",\"url\":\"https:\/\/gymfactory.eu\/lt\/\",\"logo\":{\"@type\":\"ImageObject\",\"inLanguage\":\"lt-LT\",\"@id\":\"https:\/\/gymfactory.eu\/lt\/#\/schema\/logo\/image\/\",\"url\":\"https:\/\/gymfactory.eu\/wp-content\/uploads\/2024\/11\/Component-1.svg\",\"contentUrl\":\"https:\/\/gymfactory.eu\/wp-content\/uploads\/2024\/11\/Component-1.svg\",\"width\":54,\"height\":44,\"caption\":\"Sporto sal\u0117s gamykla\"},\"image\":{\"@id\":\"https:\/\/gymfactory.eu\/lt\/#\/schema\/logo\/image\/\"}}]}<\/script>\n<!-- \/ Yoast SEO plugin. -->","yoast_head_json":{"title":"X2-1 hanteli\u0173 rinkinys su stovu j\u0117gos pratimams","description":"\"X2-1\" hanteli\u0173 rinkinys su stovu yra skirtas komercin\u0117ms sporto sal\u0117ms ir yra puikus sprendimas fitneso ir j\u0117gos treniruot\u0117ms.","robots":{"index":"index","follow":"follow","max-snippet":"max-snippet:-1","max-image-preview":"max-image-preview:large","max-video-preview":"max-video-preview:-1"},"canonical":"https:\/\/gymfactory.eu\/lt\/produktas\/x2-1-hanteliu-rinkinys-su-stovu\/","og_locale":"lt_LT","og_type":"article","og_title":"X2-1 hanteli\u0173 rinkinys su stovu j\u0117gos pratimams","og_description":"\"X2-1\" hanteli\u0173 rinkinys su stovu yra skirtas komercin\u0117ms sporto sal\u0117ms ir yra puikus sprendimas fitneso ir j\u0117gos treniruot\u0117ms.","og_url":"https:\/\/gymfactory.eu\/lt\/produktas\/x2-1-hanteliu-rinkinys-su-stovu\/","og_site_name":"Gym Factory","article_modified_time":"2025-09-05T11:18:05+00:00","og_image":[{"width":1500,"height":1500,"url":"https:\/\/gymfactory.eu\/wp-content\/uploads\/2025\/03\/dumbbell-set-rack-full.webp","type":"image\/webp"}],"twitter_card":"summary_large_image","twitter_misc":{"Est. reading time":"1 minut\u0117"},"schema":{"@context":"https:\/\/schema.org","@graph":[{"@type":"WebPage","@id":"https:\/\/gymfactory.eu\/lt\/produktas\/x2-1-hanteliu-rinkinys-su-stovu\/","url":"https:\/\/gymfactory.eu\/lt\/produktas\/x2-1-hanteliu-rinkinys-su-stovu\/","name":"X2-1 hanteli\u0173 rinkinys su stovu j\u0117gos pratimams","isPartOf":{"@id":"https:\/\/gymfactory.eu\/lt\/#website"},"primaryImageOfPage":{"@id":"https:\/\/gymfactory.eu\/lt\/produktas\/x2-1-hanteliu-rinkinys-su-stovu\/#primaryimage"},"image":{"@id":"https:\/\/gymfactory.eu\/lt\/produktas\/x2-1-hanteliu-rinkinys-su-stovu\/#primaryimage"},"thumbnailUrl":"https:\/\/gymfactory.eu\/wp-content\/uploads\/2025\/03\/dumbbell-set-rack-full.webp","datePublished":"2025-03-05T12:21:36+00:00","dateModified":"2025-09-05T11:18:05+00:00","description":"\"X2-1\" hanteli\u0173 rinkinys su stovu yra skirtas komercin\u0117ms sporto sal\u0117ms ir yra puikus sprendimas fitneso ir j\u0117gos treniruot\u0117ms.","breadcrumb":{"@id":"https:\/\/gymfactory.eu\/lt\/produktas\/x2-1-hanteliu-rinkinys-su-stovu\/#breadcrumb"},"inLanguage":"lt-LT","potentialAction":[{"@type":"ReadAction","target":["https:\/\/gymfactory.eu\/lt\/produktas\/x2-1-hanteliu-rinkinys-su-stovu\/"]}]},{"@type":"ImageObject","inLanguage":"lt-LT","@id":"https:\/\/gymfactory.eu\/lt\/produktas\/x2-1-hanteliu-rinkinys-su-stovu\/#primaryimage","url":"https:\/\/gymfactory.eu\/wp-content\/uploads\/2025\/03\/dumbbell-set-rack-full.webp","contentUrl":"https:\/\/gymfactory.eu\/wp-content\/uploads\/2025\/03\/dumbbell-set-rack-full.webp","width":1500,"height":1500,"caption":"Visas juodo \u0161e\u0161iakampio hanteli\u0173 rinkinio vaizdas su vertikaliu laikymo stovu, kuris si\u016blo organizuot\u0105 ir kompakti\u0161k\u0105 sprendim\u0105 komercin\u0117ms sporto sal\u0117ms ir nam\u0173 fitneso entuziastams."},{"@type":"BreadcrumbList","@id":"https:\/\/gymfactory.eu\/lt\/produktas\/x2-1-hanteliu-rinkinys-su-stovu\/#breadcrumb","itemListElement":[{"@type":"ListItem","position":1,"name":"Pagrindinis","item":"https:\/\/gymfactory.eu\/lt\/"},{"@type":"ListItem","position":2,"name":"Katalogas","item":"https:\/\/gymfactory.eu\/lt\/katalogas\/"},{"@type":"ListItem","position":3,"name":"X2-1 Hanteli\u0173 rinkinys su stovu"}]},{"@type":"WebSite","@id":"https:\/\/gymfactory.eu\/lt\/#website","url":"https:\/\/gymfactory.eu\/lt\/","name":"Gym Factory","description":"","publisher":{"@id":"https:\/\/gymfactory.eu\/lt\/#organization"},"potentialAction":[{"@type":"SearchAction","target":{"@type":"EntryPoint","urlTemplate":"https:\/\/gymfactory.eu\/lt\/?s={search_term_string}"},"query-input":{"@type":"PropertyValueSpecification","valueRequired":true,"valueName":"search_term_string"}}],"inLanguage":"lt-LT"},{"@type":"Organization","@id":"https:\/\/gymfactory.eu\/lt\/#organization","name":"Sporto sal\u0117s gamykla","url":"https:\/\/gymfactory.eu\/lt\/","logo":{"@type":"ImageObject","inLanguage":"lt-LT","@id":"https:\/\/gymfactory.eu\/lt\/#\/schema\/logo\/image\/","url":"https:\/\/gymfactory.eu\/wp-content\/uploads\/2024\/11\/Component-1.svg","contentUrl":"https:\/\/gymfactory.eu\/wp-content\/uploads\/2024\/11\/Component-1.svg","width":54,"height":44,"caption":"Sporto sal\u0117s gamykla"},"image":{"@id":"https:\/\/gymfactory.eu\/lt\/#\/schema\/logo\/image\/"}}]}},"_links":{"self":[{"href":"https:\/\/gymfactory.eu\/lt\/wp-json\/wp\/v2\/product\/9608","targetHints":{"allow":["GET"]}}],"collection":[{"href":"https:\/\/gymfactory.eu\/lt\/wp-json\/wp\/v2\/product"}],"about":[{"href":"https:\/\/gymfactory.eu\/lt\/wp-json\/wp\/v2\/types\/product"}],"wp:featuredmedia":[{"embeddable":true,"href":"https:\/\/gymfactory.eu\/lt\/wp-json\/wp\/v2\/media\/8205"}],"wp:attachment":[{"href":"https:\/\/gymfactory.eu\/lt\/wp-json\/wp\/v2\/media?parent=9608"}],"wp:term":[{"taxonomy":"product_brand","embeddable":true,"href":"https:\/\/gymfactory.eu\/lt\/wp-json\/wp\/v2\/product_brand?post=9608"},{"taxonomy":"product_cat","embeddable":true,"href":"https:\/\/gymfactory.eu\/lt\/wp-json\/wp\/v2\/product_cat?post=9608"},{"taxonomy":"product_tag","embeddable":true,"href":"https:\/\/gymfactory.eu\/lt\/wp-json\/wp\/v2\/product_tag?post=9608"}],"curies":[{"name":"wp","href":"https:\/\/api.w.org\/{rel}","templated":true}]}}