{"id":9606,"date":"2025-04-07T18:57:37","date_gmt":"2025-04-07T15:57:37","guid":{"rendered":"https:\/\/gymfactory.eu\/product\/ma1-suoliuko-spaudimo-stovas\/"},"modified":"2025-09-10T11:12:28","modified_gmt":"2025-09-10T08:12:28","slug":"ma1-suoliuko-spaudimo-stovas","status":"publish","type":"product","link":"https:\/\/gymfactory.eu\/lt\/produktas\/ma1-suoliuko-spaudimo-stovas\/","title":{"rendered":"mA1 Mini plastikinis spaudimo suoliukas"},"content":{"rendered":"<p>mA1 mini plastikinis spaudimo suoliukas \u2013 kompakti\u0161kas treniruoklio modelis kolekcininkams, fitneso entuziastams ir miniati\u016br\u0173 m\u0117g\u0117jams. Raudonos spalvos r\u0117mas, juodas suoliukas ir tikrovi\u0161ka stov\u0117jimo sistema perteikia autenti\u0161kum\u0105.<\/p>\n<p>\u0160is aksesuaras puikiai tinka bet kokiam mini sporto sal\u0117s modeliui ar ekspozicijai. Taip pat \u2013 kaip ma\u017eyt\u0117 temin\u0117 dovana fitneso ar sporto \u012frangos dizaino gerb\u0117jams.<\/p>\n\n    <div class=\"xs_social_share_widget xs_share_url after_content \t\tmain_content  wslu-style-1 wslu-share-box-shaped wslu-fill-colored wslu-none wslu-share-horizontal wslu-theme-font-no wslu-main_content\">\n\n\t\t\n        <ul>\n\t\t\t        <\/ul>\n    <\/div> \n","protected":false},"excerpt":{"rendered":"<p>mA1 mini plastikinis spaudimo suoliukas \u2013 kompakti\u0161kas treniruoklio modelis kolekcininkams, fitneso entuziastams ir miniati\u016br\u0173 m\u0117g\u0117jams. Raudonos spalvos r\u0117mas, juodas suoliukas ir tikrovi\u0161ka stov\u0117jimo sistema perteikia autenti\u0161kum\u0105. \u0160is aksesuaras puikiai tinka bet kokiam mini sporto sal\u0117s modeliui ar ekspozicijai. Taip pat \u2013 kaip ma\u017eyt\u0117 temin\u0117 dovana fitneso ar sporto \u012frangos dizaino gerb\u0117jams.<\/p>\n","protected":false},"featured_media":8737,"template":"","meta":{"_acf_changed":false},"product_brand":[56],"product_cat":[471],"product_tag":[393],"class_list":{"0":"post-9606","1":"product","2":"type-product","3":"status-publish","4":"has-post-thumbnail","6":"product_brand-gym-factory","7":"product_cat-trofejai","8":"product_tag-spalva-nera-spalvu","10":"first","11":"instock","12":"taxable","13":"shipping-taxable","14":"purchasable","15":"product-type-simple"},"acf":[],"yoast_head":"<!-- This site is optimized with the Yoast SEO plugin v25.2 - https:\/\/yoast.com\/wordpress\/plugins\/seo\/ -->\n<title>MA1 Bench Press Rack - Mini treniruokli\u0173 sal\u0117s ma\u0161inos ir priedai<\/title>\n<meta name=\"description\" content=\"Pagerinkite savo mini sporto sal\u0119 su MA1 suolelio spaudimo stoveliu. Kompakti\u0161kas, tikrovi\u0161kas treniruoklis ir priedas, puikiai tinkantis kolekcionieriams ir k\u016brybingoms fitneso ekspozicijoms.\" \/>\n<meta name=\"robots\" content=\"index, follow, max-snippet:-1, max-image-preview:large, max-video-preview:-1\" \/>\n<link rel=\"canonical\" href=\"https:\/\/gymfactory.eu\/lt\/produktas\/ma1-suoliuko-spaudimo-stovas\/\" \/>\n<meta property=\"og:locale\" content=\"lt_LT\" \/>\n<meta property=\"og:type\" content=\"article\" \/>\n<meta property=\"og:title\" content=\"MA1 Bench Press Rack - Mini treniruokli\u0173 sal\u0117s ma\u0161inos ir priedai\" \/>\n<meta property=\"og:description\" content=\"Pagerinkite savo mini sporto sal\u0119 su MA1 suolelio spaudimo stoveliu. Kompakti\u0161kas, tikrovi\u0161kas treniruoklis ir priedas, puikiai tinkantis kolekcionieriams ir k\u016brybingoms fitneso ekspozicijoms.\" \/>\n<meta property=\"og:url\" content=\"https:\/\/gymfactory.eu\/lt\/produktas\/ma1-suoliuko-spaudimo-stovas\/\" \/>\n<meta property=\"og:site_name\" content=\"Gym Factory\" \/>\n<meta property=\"article:modified_time\" content=\"2025-09-10T08:12:28+00:00\" \/>\n<meta property=\"og:image\" content=\"https:\/\/gymfactory.eu\/wp-content\/uploads\/2025\/04\/mini-gym-gym-machine-flat-bench-press-rack.webp\" \/>\n\t<meta property=\"og:image:width\" content=\"1500\" \/>\n\t<meta property=\"og:image:height\" content=\"1500\" \/>\n\t<meta property=\"og:image:type\" content=\"image\/webp\" \/>\n<meta name=\"twitter:card\" content=\"summary_large_image\" \/>\n<meta name=\"twitter:label1\" content=\"Est. reading time\" \/>\n\t<meta name=\"twitter:data1\" content=\"1 minut\u0117\" \/>\n<script type=\"application\/ld+json\" class=\"yoast-schema-graph\">{\"@context\":\"https:\/\/schema.org\",\"@graph\":[{\"@type\":\"WebPage\",\"@id\":\"https:\/\/gymfactory.eu\/lt\/produktas\/ma1-suoliuko-spaudimo-stovas\/\",\"url\":\"https:\/\/gymfactory.eu\/lt\/produktas\/ma1-suoliuko-spaudimo-stovas\/\",\"name\":\"MA1 Bench Press Rack - Mini treniruokli\u0173 sal\u0117s ma\u0161inos ir priedai\",\"isPartOf\":{\"@id\":\"https:\/\/gymfactory.eu\/lt\/#website\"},\"primaryImageOfPage\":{\"@id\":\"https:\/\/gymfactory.eu\/lt\/produktas\/ma1-suoliuko-spaudimo-stovas\/#primaryimage\"},\"image\":{\"@id\":\"https:\/\/gymfactory.eu\/lt\/produktas\/ma1-suoliuko-spaudimo-stovas\/#primaryimage\"},\"thumbnailUrl\":\"https:\/\/gymfactory.eu\/wp-content\/uploads\/2025\/04\/mini-gym-gym-machine-flat-bench-press-rack.webp\",\"datePublished\":\"2025-04-07T15:57:37+00:00\",\"dateModified\":\"2025-09-10T08:12:28+00:00\",\"description\":\"Pagerinkite savo mini sporto sal\u0119 su MA1 suolelio spaudimo stoveliu. Kompakti\u0161kas, tikrovi\u0161kas treniruoklis ir priedas, puikiai tinkantis kolekcionieriams ir k\u016brybingoms fitneso ekspozicijoms.\",\"breadcrumb\":{\"@id\":\"https:\/\/gymfactory.eu\/lt\/produktas\/ma1-suoliuko-spaudimo-stovas\/#breadcrumb\"},\"inLanguage\":\"lt-LT\",\"potentialAction\":[{\"@type\":\"ReadAction\",\"target\":[\"https:\/\/gymfactory.eu\/lt\/produktas\/ma1-suoliuko-spaudimo-stovas\/\"]}]},{\"@type\":\"ImageObject\",\"inLanguage\":\"lt-LT\",\"@id\":\"https:\/\/gymfactory.eu\/lt\/produktas\/ma1-suoliuko-spaudimo-stovas\/#primaryimage\",\"url\":\"https:\/\/gymfactory.eu\/wp-content\/uploads\/2025\/04\/mini-gym-gym-machine-flat-bench-press-rack.webp\",\"contentUrl\":\"https:\/\/gymfactory.eu\/wp-content\/uploads\/2025\/04\/mini-gym-gym-machine-flat-bench-press-rack.webp\",\"width\":1500,\"height\":1500,\"caption\":\"Mini treniruokli\u0173 stovas su plok\u0161\u010diu suolu ir raudonu r\u0117mu, idealiai tinkantis treniruokli\u0173 kolekcionieriams ir sporto reikmen\u0173 entuziastams.\"},{\"@type\":\"BreadcrumbList\",\"@id\":\"https:\/\/gymfactory.eu\/lt\/produktas\/ma1-suoliuko-spaudimo-stovas\/#breadcrumb\",\"itemListElement\":[{\"@type\":\"ListItem\",\"position\":1,\"name\":\"Pagrindinis\",\"item\":\"https:\/\/gymfactory.eu\/lt\/\"},{\"@type\":\"ListItem\",\"position\":2,\"name\":\"Katalogas\",\"item\":\"https:\/\/gymfactory.eu\/lt\/katalogas\/\"},{\"@type\":\"ListItem\",\"position\":3,\"name\":\"mA1 Mini plastikinis spaudimo suoliukas\"}]},{\"@type\":\"WebSite\",\"@id\":\"https:\/\/gymfactory.eu\/lt\/#website\",\"url\":\"https:\/\/gymfactory.eu\/lt\/\",\"name\":\"Gym Factory\",\"description\":\"\",\"publisher\":{\"@id\":\"https:\/\/gymfactory.eu\/lt\/#organization\"},\"potentialAction\":[{\"@type\":\"SearchAction\",\"target\":{\"@type\":\"EntryPoint\",\"urlTemplate\":\"https:\/\/gymfactory.eu\/lt\/?s={search_term_string}\"},\"query-input\":{\"@type\":\"PropertyValueSpecification\",\"valueRequired\":true,\"valueName\":\"search_term_string\"}}],\"inLanguage\":\"lt-LT\"},{\"@type\":\"Organization\",\"@id\":\"https:\/\/gymfactory.eu\/lt\/#organization\",\"name\":\"Sporto sal\u0117s gamykla\",\"url\":\"https:\/\/gymfactory.eu\/lt\/\",\"logo\":{\"@type\":\"ImageObject\",\"inLanguage\":\"lt-LT\",\"@id\":\"https:\/\/gymfactory.eu\/lt\/#\/schema\/logo\/image\/\",\"url\":\"https:\/\/gymfactory.eu\/wp-content\/uploads\/2024\/11\/Component-1.svg\",\"contentUrl\":\"https:\/\/gymfactory.eu\/wp-content\/uploads\/2024\/11\/Component-1.svg\",\"width\":54,\"height\":44,\"caption\":\"Sporto sal\u0117s gamykla\"},\"image\":{\"@id\":\"https:\/\/gymfactory.eu\/lt\/#\/schema\/logo\/image\/\"}}]}<\/script>\n<!-- \/ Yoast SEO plugin. -->","yoast_head_json":{"title":"MA1 Bench Press Rack - Mini treniruokli\u0173 sal\u0117s ma\u0161inos ir priedai","description":"Pagerinkite savo mini sporto sal\u0119 su MA1 suolelio spaudimo stoveliu. Kompakti\u0161kas, tikrovi\u0161kas treniruoklis ir priedas, puikiai tinkantis kolekcionieriams ir k\u016brybingoms fitneso ekspozicijoms.","robots":{"index":"index","follow":"follow","max-snippet":"max-snippet:-1","max-image-preview":"max-image-preview:large","max-video-preview":"max-video-preview:-1"},"canonical":"https:\/\/gymfactory.eu\/lt\/produktas\/ma1-suoliuko-spaudimo-stovas\/","og_locale":"lt_LT","og_type":"article","og_title":"MA1 Bench Press Rack - Mini treniruokli\u0173 sal\u0117s ma\u0161inos ir priedai","og_description":"Pagerinkite savo mini sporto sal\u0119 su MA1 suolelio spaudimo stoveliu. Kompakti\u0161kas, tikrovi\u0161kas treniruoklis ir priedas, puikiai tinkantis kolekcionieriams ir k\u016brybingoms fitneso ekspozicijoms.","og_url":"https:\/\/gymfactory.eu\/lt\/produktas\/ma1-suoliuko-spaudimo-stovas\/","og_site_name":"Gym Factory","article_modified_time":"2025-09-10T08:12:28+00:00","og_image":[{"width":1500,"height":1500,"url":"https:\/\/gymfactory.eu\/wp-content\/uploads\/2025\/04\/mini-gym-gym-machine-flat-bench-press-rack.webp","type":"image\/webp"}],"twitter_card":"summary_large_image","twitter_misc":{"Est. reading time":"1 minut\u0117"},"schema":{"@context":"https:\/\/schema.org","@graph":[{"@type":"WebPage","@id":"https:\/\/gymfactory.eu\/lt\/produktas\/ma1-suoliuko-spaudimo-stovas\/","url":"https:\/\/gymfactory.eu\/lt\/produktas\/ma1-suoliuko-spaudimo-stovas\/","name":"MA1 Bench Press Rack - Mini treniruokli\u0173 sal\u0117s ma\u0161inos ir priedai","isPartOf":{"@id":"https:\/\/gymfactory.eu\/lt\/#website"},"primaryImageOfPage":{"@id":"https:\/\/gymfactory.eu\/lt\/produktas\/ma1-suoliuko-spaudimo-stovas\/#primaryimage"},"image":{"@id":"https:\/\/gymfactory.eu\/lt\/produktas\/ma1-suoliuko-spaudimo-stovas\/#primaryimage"},"thumbnailUrl":"https:\/\/gymfactory.eu\/wp-content\/uploads\/2025\/04\/mini-gym-gym-machine-flat-bench-press-rack.webp","datePublished":"2025-04-07T15:57:37+00:00","dateModified":"2025-09-10T08:12:28+00:00","description":"Pagerinkite savo mini sporto sal\u0119 su MA1 suolelio spaudimo stoveliu. Kompakti\u0161kas, tikrovi\u0161kas treniruoklis ir priedas, puikiai tinkantis kolekcionieriams ir k\u016brybingoms fitneso ekspozicijoms.","breadcrumb":{"@id":"https:\/\/gymfactory.eu\/lt\/produktas\/ma1-suoliuko-spaudimo-stovas\/#breadcrumb"},"inLanguage":"lt-LT","potentialAction":[{"@type":"ReadAction","target":["https:\/\/gymfactory.eu\/lt\/produktas\/ma1-suoliuko-spaudimo-stovas\/"]}]},{"@type":"ImageObject","inLanguage":"lt-LT","@id":"https:\/\/gymfactory.eu\/lt\/produktas\/ma1-suoliuko-spaudimo-stovas\/#primaryimage","url":"https:\/\/gymfactory.eu\/wp-content\/uploads\/2025\/04\/mini-gym-gym-machine-flat-bench-press-rack.webp","contentUrl":"https:\/\/gymfactory.eu\/wp-content\/uploads\/2025\/04\/mini-gym-gym-machine-flat-bench-press-rack.webp","width":1500,"height":1500,"caption":"Mini treniruokli\u0173 stovas su plok\u0161\u010diu suolu ir raudonu r\u0117mu, idealiai tinkantis treniruokli\u0173 kolekcionieriams ir sporto reikmen\u0173 entuziastams."},{"@type":"BreadcrumbList","@id":"https:\/\/gymfactory.eu\/lt\/produktas\/ma1-suoliuko-spaudimo-stovas\/#breadcrumb","itemListElement":[{"@type":"ListItem","position":1,"name":"Pagrindinis","item":"https:\/\/gymfactory.eu\/lt\/"},{"@type":"ListItem","position":2,"name":"Katalogas","item":"https:\/\/gymfactory.eu\/lt\/katalogas\/"},{"@type":"ListItem","position":3,"name":"mA1 Mini plastikinis spaudimo suoliukas"}]},{"@type":"WebSite","@id":"https:\/\/gymfactory.eu\/lt\/#website","url":"https:\/\/gymfactory.eu\/lt\/","name":"Gym Factory","description":"","publisher":{"@id":"https:\/\/gymfactory.eu\/lt\/#organization"},"potentialAction":[{"@type":"SearchAction","target":{"@type":"EntryPoint","urlTemplate":"https:\/\/gymfactory.eu\/lt\/?s={search_term_string}"},"query-input":{"@type":"PropertyValueSpecification","valueRequired":true,"valueName":"search_term_string"}}],"inLanguage":"lt-LT"},{"@type":"Organization","@id":"https:\/\/gymfactory.eu\/lt\/#organization","name":"Sporto sal\u0117s gamykla","url":"https:\/\/gymfactory.eu\/lt\/","logo":{"@type":"ImageObject","inLanguage":"lt-LT","@id":"https:\/\/gymfactory.eu\/lt\/#\/schema\/logo\/image\/","url":"https:\/\/gymfactory.eu\/wp-content\/uploads\/2024\/11\/Component-1.svg","contentUrl":"https:\/\/gymfactory.eu\/wp-content\/uploads\/2024\/11\/Component-1.svg","width":54,"height":44,"caption":"Sporto sal\u0117s gamykla"},"image":{"@id":"https:\/\/gymfactory.eu\/lt\/#\/schema\/logo\/image\/"}}]}},"_links":{"self":[{"href":"https:\/\/gymfactory.eu\/lt\/wp-json\/wp\/v2\/product\/9606","targetHints":{"allow":["GET"]}}],"collection":[{"href":"https:\/\/gymfactory.eu\/lt\/wp-json\/wp\/v2\/product"}],"about":[{"href":"https:\/\/gymfactory.eu\/lt\/wp-json\/wp\/v2\/types\/product"}],"wp:featuredmedia":[{"embeddable":true,"href":"https:\/\/gymfactory.eu\/lt\/wp-json\/wp\/v2\/media\/8737"}],"wp:attachment":[{"href":"https:\/\/gymfactory.eu\/lt\/wp-json\/wp\/v2\/media?parent=9606"}],"wp:term":[{"taxonomy":"product_brand","embeddable":true,"href":"https:\/\/gymfactory.eu\/lt\/wp-json\/wp\/v2\/product_brand?post=9606"},{"taxonomy":"product_cat","embeddable":true,"href":"https:\/\/gymfactory.eu\/lt\/wp-json\/wp\/v2\/product_cat?post=9606"},{"taxonomy":"product_tag","embeddable":true,"href":"https:\/\/gymfactory.eu\/lt\/wp-json\/wp\/v2\/product_tag?post=9606"}],"curies":[{"name":"wp","href":"https:\/\/api.w.org\/{rel}","templated":true}]}}