{"id":9605,"date":"2025-04-08T14:58:56","date_gmt":"2025-04-08T11:58:56","guid":{"rendered":"https:\/\/gymfactory.eu\/product\/tg-1-pasipriesinimo-juostos-treniruotems\/"},"modified":"2026-01-23T14:54:01","modified_gmt":"2026-01-23T12:54:01","slug":"tg-1-pasipriesinimo-juostos-treniruotems","status":"publish","type":"product","link":"https:\/\/gymfactory.eu\/lt\/produktas\/tg-1-pasipriesinimo-juostos-treniruotems\/","title":{"rendered":"TG1 Pasiprie\u0161inimo gum\u0173 rinkinys"},"content":{"rendered":"<p>TG\u20131 \u2013 tai keturi\u0173 skirtingo pasiprie\u0161inimo gum\u0173 rinkinys, skirtas j\u0117gos, stabilumo ir mobilumo lavinimui. Komplekt\u0105 sudaro spalvomis pa\u017eym\u0117tos juostos: lengvo, vidutinio, didelio ir itin didelio pasiprie\u0161inimo lygio.<\/p>\n<p>Tinka ap\u0161ilimui, k\u016bno svorio treniruot\u0117ms, reabilitacijai ir raumen\u0173 stiprinimui. Gumos kompakti\u0161kos, lengvai transportuojamos ir u\u017eima ma\u017eai vietos \u2013 puikiai pritaikomos tiek nam\u0173 treniruot\u0117ms, tiek sporto sal\u0117je ar keliaujant.<\/p>\n<p>Pagamintos i\u0161 patvarios, odai malonios med\u017eiagos. Universalus \u012frankis \u012fvairaus pasirengimo naudotojams.<\/p>\n\n    <div class=\"xs_social_share_widget xs_share_url after_content \t\tmain_content  wslu-style-1 wslu-share-box-shaped wslu-fill-colored wslu-none wslu-share-horizontal wslu-theme-font-no wslu-main_content\">\n\n\t\t\n        <ul>\n\t\t\t        <\/ul>\n    <\/div> \n","protected":false},"excerpt":{"rendered":"<p>TG\u20131 \u2013 tai keturi\u0173 skirtingo pasiprie\u0161inimo gum\u0173 rinkinys, skirtas j\u0117gos, stabilumo ir mobilumo lavinimui. Komplekt\u0105 sudaro spalvomis pa\u017eym\u0117tos juostos: lengvo, vidutinio, didelio ir itin didelio pasiprie\u0161inimo lygio. Tinka ap\u0161ilimui, k\u016bno svorio treniruot\u0117ms, reabilitacijai ir raumen\u0173 stiprinimui. Gumos kompakti\u0161kos, lengvai transportuojamos ir u\u017eima ma\u017eai vietos \u2013 puikiai pritaikomos tiek nam\u0173 treniruot\u0117ms, tiek sporto sal\u0117je ar keliaujant. [&hellip;]<\/p>\n","protected":false},"featured_media":9092,"template":"","meta":{"_acf_changed":false},"product_brand":[817],"product_cat":[418],"product_tag":[393],"class_list":{"0":"post-9605","1":"product","2":"type-product","3":"status-publish","4":"has-post-thumbnail","6":"product_brand-gym-factory-lt","7":"product_cat-treniruokliu-priedai","8":"product_tag-spalva-nera-spalvu","10":"first","11":"onbackorder","12":"taxable","13":"shipping-taxable","14":"purchasable","15":"product-type-simple"},"acf":[],"yoast_head":"<!-- This site is optimized with the Yoast SEO plugin v25.2 - https:\/\/yoast.com\/wordpress\/plugins\/seo\/ -->\n<title>TG-1 pasiprie\u0161inimo juostos treniruot\u0117ms - viso k\u016bno treniruokli\u0173 sal\u0117s \u012franga<\/title>\n<meta name=\"description\" content=\"&quot;TG-1 Resistance Bands For Training&quot; - tai treniruokli\u0173 sal\u0117s \u012franga, skirta j\u0117gos pratimams, k\u016bno svorio treniruot\u0117ms ir lanks\u010dioms pasiprie\u0161inimo treniruot\u0117ms.\" \/>\n<meta name=\"robots\" content=\"index, follow, max-snippet:-1, max-image-preview:large, max-video-preview:-1\" \/>\n<link rel=\"canonical\" href=\"https:\/\/gymfactory.eu\/lt\/produktas\/tg-1-pasipriesinimo-juostos-treniruotems\/\" \/>\n<meta property=\"og:locale\" content=\"lt_LT\" \/>\n<meta property=\"og:type\" content=\"article\" \/>\n<meta property=\"og:title\" content=\"TG-1 pasiprie\u0161inimo juostos treniruot\u0117ms - viso k\u016bno treniruokli\u0173 sal\u0117s \u012franga\" \/>\n<meta property=\"og:description\" content=\"&quot;TG-1 Resistance Bands For Training&quot; - tai treniruokli\u0173 sal\u0117s \u012franga, skirta j\u0117gos pratimams, k\u016bno svorio treniruot\u0117ms ir lanks\u010dioms pasiprie\u0161inimo treniruot\u0117ms.\" \/>\n<meta property=\"og:url\" content=\"https:\/\/gymfactory.eu\/lt\/produktas\/tg-1-pasipriesinimo-juostos-treniruotems\/\" \/>\n<meta property=\"og:site_name\" content=\"Gym Factory\" \/>\n<meta property=\"article:modified_time\" content=\"2026-01-23T12:54:01+00:00\" \/>\n<meta property=\"og:image\" content=\"https:\/\/gymfactory.eu\/wp-content\/uploads\/2025\/04\/TG1-Resistance-Bands-For-Training-1.webp\" \/>\n\t<meta property=\"og:image:width\" content=\"1500\" \/>\n\t<meta property=\"og:image:height\" content=\"1500\" \/>\n\t<meta property=\"og:image:type\" content=\"image\/webp\" \/>\n<meta name=\"twitter:card\" content=\"summary_large_image\" \/>\n<meta name=\"twitter:label1\" content=\"Est. reading time\" \/>\n\t<meta name=\"twitter:data1\" content=\"1 minut\u0117\" \/>\n<script type=\"application\/ld+json\" class=\"yoast-schema-graph\">{\"@context\":\"https:\/\/schema.org\",\"@graph\":[{\"@type\":\"WebPage\",\"@id\":\"https:\/\/gymfactory.eu\/lt\/produktas\/tg-1-pasipriesinimo-juostos-treniruotems\/\",\"url\":\"https:\/\/gymfactory.eu\/lt\/produktas\/tg-1-pasipriesinimo-juostos-treniruotems\/\",\"name\":\"TG-1 pasiprie\u0161inimo juostos treniruot\u0117ms - viso k\u016bno treniruokli\u0173 sal\u0117s \u012franga\",\"isPartOf\":{\"@id\":\"https:\/\/gymfactory.eu\/lt\/#website\"},\"primaryImageOfPage\":{\"@id\":\"https:\/\/gymfactory.eu\/lt\/produktas\/tg-1-pasipriesinimo-juostos-treniruotems\/#primaryimage\"},\"image\":{\"@id\":\"https:\/\/gymfactory.eu\/lt\/produktas\/tg-1-pasipriesinimo-juostos-treniruotems\/#primaryimage\"},\"thumbnailUrl\":\"https:\/\/gymfactory.eu\/wp-content\/uploads\/2025\/04\/TG1-Resistance-Bands-For-Training-1.webp\",\"datePublished\":\"2025-04-08T11:58:56+00:00\",\"dateModified\":\"2026-01-23T12:54:01+00:00\",\"description\":\"\\\"TG-1 Resistance Bands For Training\\\" - tai treniruokli\u0173 sal\u0117s \u012franga, skirta j\u0117gos pratimams, k\u016bno svorio treniruot\u0117ms ir lanks\u010dioms pasiprie\u0161inimo treniruot\u0117ms.\",\"breadcrumb\":{\"@id\":\"https:\/\/gymfactory.eu\/lt\/produktas\/tg-1-pasipriesinimo-juostos-treniruotems\/#breadcrumb\"},\"inLanguage\":\"lt-LT\",\"potentialAction\":[{\"@type\":\"ReadAction\",\"target\":[\"https:\/\/gymfactory.eu\/lt\/produktas\/tg-1-pasipriesinimo-juostos-treniruotems\/\"]}]},{\"@type\":\"ImageObject\",\"inLanguage\":\"lt-LT\",\"@id\":\"https:\/\/gymfactory.eu\/lt\/produktas\/tg-1-pasipriesinimo-juostos-treniruotems\/#primaryimage\",\"url\":\"https:\/\/gymfactory.eu\/wp-content\/uploads\/2025\/04\/TG1-Resistance-Bands-For-Training-1.webp\",\"contentUrl\":\"https:\/\/gymfactory.eu\/wp-content\/uploads\/2025\/04\/TG1-Resistance-Bands-For-Training-1.webp\",\"width\":1500,\"height\":1500,\"caption\":\"Keturi\u0173 spalvomis pa\u017eym\u0117t\u0173 TG-1 pasiprie\u0161inimo juost\u0173 rinkinys, pa\u017eym\u0117t\u0173 nuo lengv\u0173 iki labai sunki\u0173, idealiai tinka k\u016bno svorio treniruot\u0117ms, treniruokliams sporto sal\u0117je ir j\u0117gos treniruot\u0117ms.\"},{\"@type\":\"BreadcrumbList\",\"@id\":\"https:\/\/gymfactory.eu\/lt\/produktas\/tg-1-pasipriesinimo-juostos-treniruotems\/#breadcrumb\",\"itemListElement\":[{\"@type\":\"ListItem\",\"position\":1,\"name\":\"Pagrindinis\",\"item\":\"https:\/\/gymfactory.eu\/lt\/\"},{\"@type\":\"ListItem\",\"position\":2,\"name\":\"Katalogas\",\"item\":\"https:\/\/gymfactory.eu\/lt\/katalogas\/\"},{\"@type\":\"ListItem\",\"position\":3,\"name\":\"TG1 Pasiprie\u0161inimo gum\u0173 rinkinys\"}]},{\"@type\":\"WebSite\",\"@id\":\"https:\/\/gymfactory.eu\/lt\/#website\",\"url\":\"https:\/\/gymfactory.eu\/lt\/\",\"name\":\"Gym Factory\",\"description\":\"\",\"publisher\":{\"@id\":\"https:\/\/gymfactory.eu\/lt\/#organization\"},\"potentialAction\":[{\"@type\":\"SearchAction\",\"target\":{\"@type\":\"EntryPoint\",\"urlTemplate\":\"https:\/\/gymfactory.eu\/lt\/?s={search_term_string}\"},\"query-input\":{\"@type\":\"PropertyValueSpecification\",\"valueRequired\":true,\"valueName\":\"search_term_string\"}}],\"inLanguage\":\"lt-LT\"},{\"@type\":\"Organization\",\"@id\":\"https:\/\/gymfactory.eu\/lt\/#organization\",\"name\":\"Sporto sal\u0117s gamykla\",\"url\":\"https:\/\/gymfactory.eu\/lt\/\",\"logo\":{\"@type\":\"ImageObject\",\"inLanguage\":\"lt-LT\",\"@id\":\"https:\/\/gymfactory.eu\/lt\/#\/schema\/logo\/image\/\",\"url\":\"https:\/\/gymfactory.eu\/wp-content\/uploads\/2024\/11\/Component-1.svg\",\"contentUrl\":\"https:\/\/gymfactory.eu\/wp-content\/uploads\/2024\/11\/Component-1.svg\",\"width\":54,\"height\":44,\"caption\":\"Sporto sal\u0117s gamykla\"},\"image\":{\"@id\":\"https:\/\/gymfactory.eu\/lt\/#\/schema\/logo\/image\/\"}}]}<\/script>\n<!-- \/ Yoast SEO plugin. -->","yoast_head_json":{"title":"TG-1 pasiprie\u0161inimo juostos treniruot\u0117ms - viso k\u016bno treniruokli\u0173 sal\u0117s \u012franga","description":"\"TG-1 Resistance Bands For Training\" - tai treniruokli\u0173 sal\u0117s \u012franga, skirta j\u0117gos pratimams, k\u016bno svorio treniruot\u0117ms ir lanks\u010dioms pasiprie\u0161inimo treniruot\u0117ms.","robots":{"index":"index","follow":"follow","max-snippet":"max-snippet:-1","max-image-preview":"max-image-preview:large","max-video-preview":"max-video-preview:-1"},"canonical":"https:\/\/gymfactory.eu\/lt\/produktas\/tg-1-pasipriesinimo-juostos-treniruotems\/","og_locale":"lt_LT","og_type":"article","og_title":"TG-1 pasiprie\u0161inimo juostos treniruot\u0117ms - viso k\u016bno treniruokli\u0173 sal\u0117s \u012franga","og_description":"\"TG-1 Resistance Bands For Training\" - tai treniruokli\u0173 sal\u0117s \u012franga, skirta j\u0117gos pratimams, k\u016bno svorio treniruot\u0117ms ir lanks\u010dioms pasiprie\u0161inimo treniruot\u0117ms.","og_url":"https:\/\/gymfactory.eu\/lt\/produktas\/tg-1-pasipriesinimo-juostos-treniruotems\/","og_site_name":"Gym Factory","article_modified_time":"2026-01-23T12:54:01+00:00","og_image":[{"width":1500,"height":1500,"url":"https:\/\/gymfactory.eu\/wp-content\/uploads\/2025\/04\/TG1-Resistance-Bands-For-Training-1.webp","type":"image\/webp"}],"twitter_card":"summary_large_image","twitter_misc":{"Est. reading time":"1 minut\u0117"},"schema":{"@context":"https:\/\/schema.org","@graph":[{"@type":"WebPage","@id":"https:\/\/gymfactory.eu\/lt\/produktas\/tg-1-pasipriesinimo-juostos-treniruotems\/","url":"https:\/\/gymfactory.eu\/lt\/produktas\/tg-1-pasipriesinimo-juostos-treniruotems\/","name":"TG-1 pasiprie\u0161inimo juostos treniruot\u0117ms - viso k\u016bno treniruokli\u0173 sal\u0117s \u012franga","isPartOf":{"@id":"https:\/\/gymfactory.eu\/lt\/#website"},"primaryImageOfPage":{"@id":"https:\/\/gymfactory.eu\/lt\/produktas\/tg-1-pasipriesinimo-juostos-treniruotems\/#primaryimage"},"image":{"@id":"https:\/\/gymfactory.eu\/lt\/produktas\/tg-1-pasipriesinimo-juostos-treniruotems\/#primaryimage"},"thumbnailUrl":"https:\/\/gymfactory.eu\/wp-content\/uploads\/2025\/04\/TG1-Resistance-Bands-For-Training-1.webp","datePublished":"2025-04-08T11:58:56+00:00","dateModified":"2026-01-23T12:54:01+00:00","description":"\"TG-1 Resistance Bands For Training\" - tai treniruokli\u0173 sal\u0117s \u012franga, skirta j\u0117gos pratimams, k\u016bno svorio treniruot\u0117ms ir lanks\u010dioms pasiprie\u0161inimo treniruot\u0117ms.","breadcrumb":{"@id":"https:\/\/gymfactory.eu\/lt\/produktas\/tg-1-pasipriesinimo-juostos-treniruotems\/#breadcrumb"},"inLanguage":"lt-LT","potentialAction":[{"@type":"ReadAction","target":["https:\/\/gymfactory.eu\/lt\/produktas\/tg-1-pasipriesinimo-juostos-treniruotems\/"]}]},{"@type":"ImageObject","inLanguage":"lt-LT","@id":"https:\/\/gymfactory.eu\/lt\/produktas\/tg-1-pasipriesinimo-juostos-treniruotems\/#primaryimage","url":"https:\/\/gymfactory.eu\/wp-content\/uploads\/2025\/04\/TG1-Resistance-Bands-For-Training-1.webp","contentUrl":"https:\/\/gymfactory.eu\/wp-content\/uploads\/2025\/04\/TG1-Resistance-Bands-For-Training-1.webp","width":1500,"height":1500,"caption":"Keturi\u0173 spalvomis pa\u017eym\u0117t\u0173 TG-1 pasiprie\u0161inimo juost\u0173 rinkinys, pa\u017eym\u0117t\u0173 nuo lengv\u0173 iki labai sunki\u0173, idealiai tinka k\u016bno svorio treniruot\u0117ms, treniruokliams sporto sal\u0117je ir j\u0117gos treniruot\u0117ms."},{"@type":"BreadcrumbList","@id":"https:\/\/gymfactory.eu\/lt\/produktas\/tg-1-pasipriesinimo-juostos-treniruotems\/#breadcrumb","itemListElement":[{"@type":"ListItem","position":1,"name":"Pagrindinis","item":"https:\/\/gymfactory.eu\/lt\/"},{"@type":"ListItem","position":2,"name":"Katalogas","item":"https:\/\/gymfactory.eu\/lt\/katalogas\/"},{"@type":"ListItem","position":3,"name":"TG1 Pasiprie\u0161inimo gum\u0173 rinkinys"}]},{"@type":"WebSite","@id":"https:\/\/gymfactory.eu\/lt\/#website","url":"https:\/\/gymfactory.eu\/lt\/","name":"Gym Factory","description":"","publisher":{"@id":"https:\/\/gymfactory.eu\/lt\/#organization"},"potentialAction":[{"@type":"SearchAction","target":{"@type":"EntryPoint","urlTemplate":"https:\/\/gymfactory.eu\/lt\/?s={search_term_string}"},"query-input":{"@type":"PropertyValueSpecification","valueRequired":true,"valueName":"search_term_string"}}],"inLanguage":"lt-LT"},{"@type":"Organization","@id":"https:\/\/gymfactory.eu\/lt\/#organization","name":"Sporto sal\u0117s gamykla","url":"https:\/\/gymfactory.eu\/lt\/","logo":{"@type":"ImageObject","inLanguage":"lt-LT","@id":"https:\/\/gymfactory.eu\/lt\/#\/schema\/logo\/image\/","url":"https:\/\/gymfactory.eu\/wp-content\/uploads\/2024\/11\/Component-1.svg","contentUrl":"https:\/\/gymfactory.eu\/wp-content\/uploads\/2024\/11\/Component-1.svg","width":54,"height":44,"caption":"Sporto sal\u0117s gamykla"},"image":{"@id":"https:\/\/gymfactory.eu\/lt\/#\/schema\/logo\/image\/"}}]}},"_links":{"self":[{"href":"https:\/\/gymfactory.eu\/lt\/wp-json\/wp\/v2\/product\/9605","targetHints":{"allow":["GET"]}}],"collection":[{"href":"https:\/\/gymfactory.eu\/lt\/wp-json\/wp\/v2\/product"}],"about":[{"href":"https:\/\/gymfactory.eu\/lt\/wp-json\/wp\/v2\/types\/product"}],"wp:featuredmedia":[{"embeddable":true,"href":"https:\/\/gymfactory.eu\/lt\/wp-json\/wp\/v2\/media\/9092"}],"wp:attachment":[{"href":"https:\/\/gymfactory.eu\/lt\/wp-json\/wp\/v2\/media?parent=9605"}],"wp:term":[{"taxonomy":"product_brand","embeddable":true,"href":"https:\/\/gymfactory.eu\/lt\/wp-json\/wp\/v2\/product_brand?post=9605"},{"taxonomy":"product_cat","embeddable":true,"href":"https:\/\/gymfactory.eu\/lt\/wp-json\/wp\/v2\/product_cat?post=9605"},{"taxonomy":"product_tag","embeddable":true,"href":"https:\/\/gymfactory.eu\/lt\/wp-json\/wp\/v2\/product_tag?post=9605"}],"curies":[{"name":"wp","href":"https:\/\/api.w.org\/{rel}","templated":true}]}}